{"id":8220,"date":"2024-05-03T06:30:33","date_gmt":"2024-05-03T06:30:33","guid":{"rendered":"https:\/\/elfsight.com\/fr\/?page_id=8220"},"modified":"2025-07-09T16:53:02","modified_gmt":"2025-07-09T16:53:02","slug":"godaddy","status":"publish","type":"page","link":"https:\/\/elfsight.com\/fr\/booking-reviews-widget\/godaddy\/","title":{"rendered":"Booking Reviews &#8211; GoDaddy"},"content":{"rendered":"<div class=\"application-platform-content-item-description application-platform-content-item\" id=\"description\" data-nav-section=\"description\"> <h2>Int\u00e9grer les avis de r\u00e9servation sur GoDaddy avec le widget Elfsight<\/h2> <p>Elfsight Booking Reviews est un plugin simple pour GoDaddy qui vous permet de ins\u00e9rez sur votre site des avis sur votre entreprise publi\u00e9s sur Booking. Avec ce plugin, vous pourrez utiliser des filtres pour trier les avis ind\u00e9sirables, d\u00e9montrer vos notes en \u00e9toiles et en chiffres de Booking, afficher les d\u00e9tails sur les auteurs et int\u00e9grer un bouton qui aidera les visiteurs \u00e0 r\u00e9diger un nouvel avis sur Booking. Le plugin Elfsight Booking Reviews vous aidera \u00e0 afficher votre preuve sociale parfaite sur votre site Web et \u00e0 augmenter vos ventes. <\/p> <p><b>Affichez les meilleurs t\u00e9moignages clients de Booking sur votre site !<\/b><\/p> <\/div> <div class=\"application-platform-content-item-features application-platform-content-item\" id=\"features\" data-nav-section=\"features\"> <h2>Ce ne sont que quelques-uns des fonctionnalit\u00e9s pr\u00e9cieuses du plugin\u00a0: <\/h2> <ul> <li>4\u00a0dispositions disponibles\u00a0: Liste, Grille, Ma\u00e7onnerie et Slider\u00a0; <\/li> <li>Le bouton de demande de r\u00e9vision am\u00e8ne les gens \u00e0 la page de r\u00e9servation\u00a0; <\/li> <li>6 \u00e9l\u00e9ments r\u00e9glables de l&rsquo;interface\u00a0: le nom de l&rsquo;auteur et sa photo, le texte de la recommandation, la date de d\u00e9part, l&rsquo;ic\u00f4ne de r\u00e9servation et le nombre d&rsquo;\u00e9toiles\u00a0; <\/li> <\/ul><p><a href=\"#demo\">Vous pouvez d\u00e9couvrir si le plugin est fait pour vous \u00e0 l&rsquo;aide de la d\u00e9mo<\/a><\/p> <\/div> <div class=\"application-platform-content-item-installation application-platform-content-item\" id=\"installation\" data-nav-section=\"installation\"> <h2>Comment int\u00e9grer les avis de r\u00e9servation \u00e0 mon site GoDaddy\u00a0? <\/h2> <p>Suivez simplement les \u00e9tapes d\u00e9crites ci-dessous pour ins\u00e9rer le plugin. <\/p> <ol><li><b>Utilisez notre d\u00e9mo gratuite et commencez \u00e0 cr\u00e9er votre instrument unique. <\/b><br> Sp\u00e9cifiez la conception pr\u00e9f\u00e9rable et les caract\u00e9ristiques fonctionnelles du plugin et enregistrez les modifications. <\/li> <li><b>Acqu\u00e9rir le code individuel qui est affich\u00e9 dans le formulaire sp\u00e9cial sur les applications Elfsight. <\/b><br> Une fois la g\u00e9n\u00e9ration de votre outil termin\u00e9e, copiez le code personnel dans la case qui appara\u00eet et conservez-le pour une utilisation ult\u00e9rieure. <\/li> <li><b>Lancez l&rsquo;application de l&rsquo;outil sur la page Web de GoDaddy. <\/b><br> Collez le code que vous avez enregistr\u00e9 r\u00e9cemment dans votre site Web et appliquez les modifications. <\/li> <li><b>Vous avez termin\u00e9\u00a0! L&rsquo;int\u00e9gration est r\u00e9alis\u00e9e avec succ\u00e8s. <\/b><br> Acc\u00e9dez \u00e0 votre page Web pour voir comment fonctionne le plugin. <\/li><\/ol> <p>Si vous avez des questions ou rencontrez des obstacles, n&rsquo;h\u00e9sitez pas \u00e0 faire appel \u00e0 notre service client. Nos consultants sont d\u00e9sireux de r\u00e9soudre toutes les questions que vous pourriez avoir avec le produit. <\/p> <div class=\"faq\" data-component=\"FAQ\"> <div class=\"faq-item\">\r\n\t\t\t\t\t<div class=\"faq-item-question\">\r\n\t\t\t\t\t\t<h3 class=\"faq-item-question-text\">Comment ajouter Amazon Reviews \u00e0 mon site Web GoDaddy sans comp\u00e9tences en codage ?<\/h3>\r\n\r\n\t\t\t\t\t\t<div class=\"faq-item-question-icon\"><\/div>\r\n\t\t\t\t\t<\/div>\r\n\r\n\t\t\t\t\t<div class=\"faq-item-answer\">\r\n\t\t\t\t\t\t<div class=\"faq-item-answer-text\"> <p>Elfsight fournit une solution SaaS qui vous permet de cr\u00e9er vous-m\u00eame un widget Amazon Reviews, voyez \u00e0 quel point le processus est simple. est\u00a0: travaillez directement dans l&rsquo;\u00e9diteur en ligne pour cr\u00e9er un widget Amazon Reviews que vous aimeriez voir sur votre site Web GoDaddy. Choisissez l&rsquo;un des mod\u00e8les pr\u00e9d\u00e9finis et ajustez les param\u00e8tres Amazon Reviews, ajoutez votre contenu, modifiez la mise en page et les couleurs sans comp\u00e9tences en codage. Enregistrez les avis Amazon et copiez son code d&rsquo;installation, que vous pouvez facilement coller sur votre site Web GoDaddy sans acheter de version payante. Gr\u00e2ce \u00e0 notre \u00e9diteur intuitif, tout internaute peut cr\u00e9er un widget Amazon Reviews en ligne et l&rsquo;int\u00e9grer facilement \u00e0 son site Web GoDaddy. Il n&rsquo;est pas n\u00e9cessaire de payer ou de saisir les informations d&rsquo;identification de votre carte pour acc\u00e9der au service. Si vous rencontrez des probl\u00e8mes \u00e0 n&rsquo;importe quelle \u00e9tape, n&rsquo;h\u00e9sitez pas \u00e0 contacter notre \u00e9quipe d&rsquo;assistance technique.<\/p> <\/div>\r\n\t\t\t\t\t<\/div>\r\n\t\t\t\t<\/div> <\/div> <\/div>","protected":false},"excerpt":{"rendered":"","protected":false},"author":9,"featured_media":0,"parent":2067,"menu_order":0,"comment_status":"closed","ping_status":"closed","template":"templates\/template-application-platform.php","meta":{"publish_to_discourse":"","publish_post_category":"","wpdc_auto_publish_overridden":"","wpdc_topic_tags":"","wpdc_pin_topic":"","wpdc_pin_until":"","discourse_post_id":"","discourse_permalink":"","wpdc_publishing_response":"","wpdc_publishing_error":"","footnotes":""},"class_list":["post-8220","page","type-page","status-publish","hentry"],"yoast_head":"<!-- This site is optimized with the Yoast SEO plugin v25.3.1 - https:\/\/yoast.com\/wordpress\/plugins\/seo\/ -->\n<title>Plugin Booking Reviews - Ajoutez le plugin Reviews au site Web GoDaddy\u00a0!<\/title>\n<meta name=\"description\" content=\"Offrez \u00e0 votre public un moyen simple de laisser un avis sur votre entreprise \u00e0 l\u2019aide d\u2019un simple plugin Booking Reviews pour le site Web GoDaddy !\" \/>\n<meta name=\"robots\" content=\"index, follow, max-snippet:-1, max-image-preview:large, max-video-preview:-1\" \/>\n<link rel=\"canonical\" href=\"https:\/\/elfsight.com\/fr\/booking-reviews-widget\/godaddy\/\" \/>\n<meta property=\"og:locale\" content=\"fr_FR\" \/>\n<meta property=\"og:type\" content=\"article\" \/>\n<meta property=\"og:title\" content=\"Plugin Booking Reviews - Ajoutez le plugin Reviews au site Web GoDaddy\u00a0!\" \/>\n<meta property=\"og:description\" content=\"Offrez \u00e0 votre public un moyen simple de laisser un avis sur votre entreprise \u00e0 l\u2019aide d\u2019un simple plugin Booking Reviews pour le site Web GoDaddy !\" \/>\n<meta property=\"og:url\" content=\"https:\/\/elfsight.com\/fr\/booking-reviews-widget\/godaddy\/\" \/>\n<meta property=\"og:site_name\" content=\"Elfsight FR\" \/>\n<meta property=\"article:modified_time\" content=\"2025-07-09T16:53:02+00:00\" \/>\n<meta name=\"twitter:card\" content=\"summary_large_image\" \/>\n<meta name=\"twitter:label1\" content=\"Dur\u00e9e de lecture estim\u00e9e\" \/>\n\t<meta name=\"twitter:data1\" content=\"3 minutes\" \/>\n<!-- \/ Yoast SEO plugin. -->","yoast_head_json":{"title":"Plugin Booking Reviews - Ajoutez le plugin Reviews au site Web GoDaddy\u00a0!","description":"Offrez \u00e0 votre public un moyen simple de laisser un avis sur votre entreprise \u00e0 l\u2019aide d\u2019un simple plugin Booking Reviews pour le site Web GoDaddy !","robots":{"index":"index","follow":"follow","max-snippet":"max-snippet:-1","max-image-preview":"max-image-preview:large","max-video-preview":"max-video-preview:-1"},"canonical":"https:\/\/elfsight.com\/fr\/booking-reviews-widget\/godaddy\/","og_locale":"fr_FR","og_type":"article","og_title":"Plugin Booking Reviews - Ajoutez le plugin Reviews au site Web GoDaddy\u00a0!","og_description":"Offrez \u00e0 votre public un moyen simple de laisser un avis sur votre entreprise \u00e0 l\u2019aide d\u2019un simple plugin Booking Reviews pour le site Web GoDaddy !","og_url":"https:\/\/elfsight.com\/fr\/booking-reviews-widget\/godaddy\/","og_site_name":"Elfsight FR","article_modified_time":"2025-07-09T16:53:02+00:00","twitter_card":"summary_large_image","twitter_misc":{"Dur\u00e9e de lecture estim\u00e9e":"3 minutes"},"schema":{"@context":"https:\/\/schema.org","@graph":[{"@type":"WebPage","@id":"https:\/\/elfsight.com\/fr\/booking-reviews-widget\/godaddy\/","url":"https:\/\/elfsight.com\/fr\/booking-reviews-widget\/godaddy\/","name":"Plugin Booking Reviews - Ajoutez le plugin Reviews au site Web GoDaddy\u00a0!","isPartOf":{"@id":"https:\/\/elfsight.com\/fr\/#website"},"datePublished":"2024-05-03T06:30:33+00:00","dateModified":"2025-07-09T16:53:02+00:00","description":"Offrez \u00e0 votre public un moyen simple de laisser un avis sur votre entreprise \u00e0 l\u2019aide d\u2019un simple plugin Booking Reviews pour le site Web GoDaddy !","breadcrumb":{"@id":"https:\/\/elfsight.com\/fr\/booking-reviews-widget\/godaddy\/#breadcrumb"},"inLanguage":"fr-FR","potentialAction":[{"@type":"ReadAction","target":["https:\/\/elfsight.com\/fr\/booking-reviews-widget\/godaddy\/"]}]},{"@type":"BreadcrumbList","@id":"https:\/\/elfsight.com\/fr\/booking-reviews-widget\/godaddy\/#breadcrumb","itemListElement":[{"@type":"ListItem","position":1,"name":"Home","item":"https:\/\/elfsight.com\/fr\/"},{"@type":"ListItem","position":2,"name":"Booking Reviews","item":"https:\/\/elfsight.com\/fr\/booking-reviews-widget\/"},{"@type":"ListItem","position":3,"name":"Booking Reviews &#8211; GoDaddy"}]},{"@type":"WebSite","@id":"https:\/\/elfsight.com\/fr\/#website","url":"https:\/\/elfsight.com\/fr\/","name":"Elfsight FR","description":"","potentialAction":[{"@type":"SearchAction","target":{"@type":"EntryPoint","urlTemplate":"https:\/\/elfsight.com\/fr\/?s={search_term_string}"},"query-input":{"@type":"PropertyValueSpecification","valueRequired":true,"valueName":"search_term_string"}}],"inLanguage":"fr-FR"}]}},"meta_box":{"industry":"","seo_heading":"","heading":"","description":"","cta_heading":"","cta_description":"","application":"2063","h1":"Plugin d'avis GoDaddy Booking.com","h1_caption":"Affichez les avis de booking.com pour attirer plus de clients en montrant sans effort les exp\u00e9riences positives des anciens visiteurs sur votre site Web GoDaddy.","application_category":[],"applications_title":"","applications_request_title":"","applications_request_button_text":"","hero_text":"","hero_video":"","hero_video_schema_markup":"","selling_points_title":"","selling_points_caption":"","selling_points":[],"selling_points_cta_text":"","features_title":"","features":"","ed_cta_examples_text":"","ed_cta_examples_hidden":"","ed_cta_demo_text":"","ed_cta_demo_hidden":"","why_caption":"","why_editor_title":"","why_editor_text":"","why_team_title":"","why_team_text":"","why_service_title":"","why_service_text":"","template_catalog_visible":"","template_catalog_title":"","template_catalog_text":"","template_catalog_categories_visible":"","demo_title":"Cr\u00e9ez votre plugin Booking Reviews","demo_caption":"Configurez vos avis de r\u00e9servation et ajoutez-les gratuitement \u00e0 votre site Web GoDaddy\u00a0!","default_faq_hidden":"","app_template_category":[],"platform":"370","template_public_id":"","codecanyon_url":"","codecanyon_item_id":"","codecanyon_price":"","pricing_caption":"","pricing_elfsight_apps_hide_column":"","pricing_elfsight_apps_url":"","pricing_codecanyon_price_caption":"","integration_category":[],"integration_request_title":"","integration_request_cta":"","integration_platform":"","integrations":[],"platform_category":[],"video_schema_markup":"","price":"\u00e0 partir de 0$ \/ mois","trial":"","benefits":[{"text":"Aide \u00e0 l'installation gratuite"},{"text":"Soutien exceptionnel"},{"text":"Garantie de remboursement de 14 jours"},{"text":"D\u00e9veloppement continu"}],"button_url":"#demo","button_target_blank":"","button_nofollow":"","attributes":[{"name":"Installations","content":"10,000 - 100,000"},{"name":"Sensible","content":"Oui"},{"name":"Navigateurs compatibles","content":"IE11, Firefox, Safari, Opera, Chrome, Edge"}],"tags":[],"tags_disable_links":"","hide_more_platforms":"","video_object":"","demo_hide_cta":"","demo_hide_cloud_options":"","pricing_title":"","pricing":[{"pricing_icon":"platform","pricing_title":"Elfsight Apps","pricing_title_caption":"Logiciel multiplateforme adapt\u00e9 \u00e0 n'importe quel site Web","pricing_price":"from $0 \/ month","pricing_price_caption":"commencez avec un forfait gratuit","pricing_benefits":[{"text":"Sites Web illimit\u00e9s"},{"text":"Assistance professionnelle, ponctuelle et bien document\u00e9e"},{"text":"Aide \u00e0 l'installation gratuite"},{"text":"100% personnalisable"}],"pricing_button_text":"Ajouter au site Web","pricing_button_url":"#demo"}],"related_apps_title":"","related_apps_hidden":"","author":"","image":[],"title":"","job":"","social_networks":[]},"_links":{"self":[{"href":"https:\/\/elfsight.com\/fr\/wp-json\/wp\/v2\/pages\/8220","targetHints":{"allow":["GET"]}}],"collection":[{"href":"https:\/\/elfsight.com\/fr\/wp-json\/wp\/v2\/pages"}],"about":[{"href":"https:\/\/elfsight.com\/fr\/wp-json\/wp\/v2\/types\/page"}],"author":[{"embeddable":true,"href":"https:\/\/elfsight.com\/fr\/wp-json\/wp\/v2\/users\/9"}],"replies":[{"embeddable":true,"href":"https:\/\/elfsight.com\/fr\/wp-json\/wp\/v2\/comments?post=8220"}],"version-history":[{"count":1,"href":"https:\/\/elfsight.com\/fr\/wp-json\/wp\/v2\/pages\/8220\/revisions"}],"predecessor-version":[{"id":8224,"href":"https:\/\/elfsight.com\/fr\/wp-json\/wp\/v2\/pages\/8220\/revisions\/8224"}],"up":[{"embeddable":true,"href":"https:\/\/elfsight.com\/fr\/wp-json\/wp\/v2\/pages\/2067"}],"wp:attachment":[{"href":"https:\/\/elfsight.com\/fr\/wp-json\/wp\/v2\/media?parent=8220"}],"curies":[{"name":"wp","href":"https:\/\/api.w.org\/{rel}","templated":true}]}}