{"id":8219,"date":"2024-05-03T06:30:32","date_gmt":"2024-05-03T06:30:32","guid":{"rendered":"https:\/\/elfsight.com\/fr\/?page_id=8219"},"modified":"2025-07-09T16:54:28","modified_gmt":"2025-07-09T16:54:28","slug":"prestashop","status":"publish","type":"page","link":"https:\/\/elfsight.com\/fr\/booking-reviews-widget\/prestashop\/","title":{"rendered":"Booking Reviews &#8211; PrestaShop"},"content":{"rendered":"<div class=\"application-platform-content-item-description application-platform-content-item\" id=\"description\" data-nav-section=\"description\"> <h2>Description<\/h2> <p>Elfsight Booking Reviews est un outil pratique vous offrant la possibilit\u00e9 de d\u00e9montrer les t\u00e9moignages sur votre marchandise directement sur votre site Web de tous les sites d\u2019\u00e9valuation populaires. Gr\u00e2ce \u00e0 notre module compl\u00e9mentaire, vous pourrez appliquer des filtres pour masquer les commentaires ind\u00e9sirables, afficher votre note par \u00e9toiles et votre note num\u00e9rique directement depuis votre compte sur n&rsquo;importe quelle page Web d&rsquo;avis professionnels, ajouter des donn\u00e9es sur les cr\u00e9ateurs des avis et joindre un appel \u00e0 l&rsquo;action. cela incitera les visiteurs \u00e0 \u00e9crire leurs pens\u00e9es. L&rsquo;outil Booking Reviews vous aidera \u00e0 afficher votre preuve sociale exceptionnelle sur la page Web et \u00e0 commencer \u00e0 obtenir davantage de nouveaux achats. <\/p><p><b>Commencez \u00e0 appliquer les avis de r\u00e9servation pour atteindre les sommets de votre activit\u00e9 avec moins d&rsquo;effort\u00a0! <\/b><\/p> <\/div> <div class=\"application-platform-content-item-features application-platform-content-item\" id=\"features\" data-nav-section=\"features\"> <h2>Les fonctionnalit\u00e9s essentielles du widget incluent<\/h2> <ul><li>Ajouter des avis clients \u00e0 partir du compte de r\u00e9servation<\/li><li>3 types de filtres\u00a0: exclure par, quantit\u00e9 d&rsquo;avis et par type<\/li><li>Quatre types de mise en page\u00a0: Slider, Grille, Ma\u00e7onnerie et Liste<\/li><li>Types de navigation fl\u00e9ch\u00e9s et gliss\u00e9s dans la disposition Slider<\/li><li>D\u00e9finir la vitesse de lecture automatique et la vitesse de glissement<\/li><li>S\u00e9lectionner le type de pagination dans la disposition du curseur<\/li><li>Bouton d&rsquo;appel \u00e0 l&rsquo;action pour obtenir les avis des nouveaux utilisateurs sur la page de r\u00e9servation<\/li> <li>3 mod\u00e8les d&rsquo;avis\u00a0: Classique, Spotlight, Bulle<\/li><li>6 \u00e9l\u00e9ments flexibles des avis\u00a0: date et recommandation, nombre d&rsquo;\u00e9toiles, nom de l&rsquo;auteur, photo et ic\u00f4ne de r\u00e9servation<\/li><li>Une option pour modifier la taille de la police du texte de r\u00e9vision<\/li><\/ul><p><a href=\"#demo\">Essayez simplement cette d\u00e9mo pour voir comment cela fonctionne<\/a><\/p> <\/div> <div class=\"application-platform-content-item-installation application-platform-content-item\" id=\"installation\" data-nav-section=\"installation\"> <h2>Comment puis-je ajouter des avis de r\u00e9servation sur mon site PrestaShop ? <\/h2> <p>Suivez simplement les instructions ci-dessous pour commencer \u00e0 utiliser l&rsquo;addon. <\/p> <ol><li><b>Utilisez notre \u00e9diteur gratuit et commencez \u00e0 cr\u00e9er votre module compl\u00e9mentaire personnalis\u00e9. <\/b><br> Choisissez l&rsquo;apparence et les caract\u00e9ristiques fonctionnelles appropri\u00e9es du widget et appliquez les corrections. <\/li> <li><b>Recevez votre code individuel affich\u00e9 dans le formulaire sp\u00e9cial sur Elfsight Apps. <\/b><br> Une fois la g\u00e9n\u00e9ration de votre widget termin\u00e9e, copiez le code individuel de la bo\u00eete qui appara\u00eet et conservez-le pour une utilisation ult\u00e9rieure. <\/li> <li><b>Commencez \u00e0 utiliser l&rsquo;outil sur votre site PrestaShop. <\/b><br> Impl\u00e9mentez le code que vous avez copi\u00e9 r\u00e9cemment dans votre page Web et enregistrez les modifications. <\/li> <li><b>Vous avez termin\u00e9\u00a0! L&rsquo;int\u00e9gration est effectu\u00e9e avec succ\u00e8s. <\/b><br> Visitez votre page pour voir en action le travail du widget. <\/li><\/ol> <p>En cas d&rsquo;obstacles, n&rsquo;h\u00e9sitez pas \u00e0 contacter notre service client. Nos consultants ont h\u00e2te de r\u00e9soudre tous les probl\u00e8mes que vous pourriez rencontrer avec l&rsquo;outil. <\/p> <div class=\"faq\" data-component=\"FAQ\"> <div class=\"faq-item\">\r\n\t\t\t\t\t<div class=\"faq-item-question\">\r\n\t\t\t\t\t\t<h3 class=\"faq-item-question-text\">Comment ajouter Amazon Reviews \u00e0 mon site PrestaShop sans comp\u00e9tences en codage ?<\/h3>\r\n\r\n\t\t\t\t\t\t<div class=\"faq-item-question-icon\"><\/div>\r\n\t\t\t\t\t<\/div>\r\n\r\n\t\t\t\t\t<div class=\"faq-item-answer\">\r\n\t\t\t\t\t\t<div class=\"faq-item-answer-text\"> <p>Elfsight fournit une solution SaaS qui vous permet de cr\u00e9er vous-m\u00eame un widget Amazon Reviews, voyez \u00e0 quel point le processus est simple est\u00a0: travaillez directement dans l&rsquo;\u00e9diteur en ligne pour cr\u00e9er un widget Amazon Reviews que vous aimeriez voir sur votre site Web PrestaShop. Choisissez l&rsquo;un des mod\u00e8les pr\u00e9d\u00e9finis et ajustez les param\u00e8tres Amazon Reviews, ajoutez votre contenu, modifiez la mise en page et les couleurs sans comp\u00e9tences en codage. Enregistrez les avis Amazon et copiez son code d&rsquo;installation, que vous pouvez facilement inclure dans votre site Web PrestaShop sans acheter de forfait payant. Gr\u00e2ce \u00e0 notre \u00e9diteur intuitif, tout internaute peut cr\u00e9er un widget Amazon Reviews en ligne et l&rsquo;int\u00e9grer facilement \u00e0 son site PrestaShop. Il n&rsquo;est pas n\u00e9cessaire de payer ou de saisir les informations d&rsquo;identification de votre carte pour acc\u00e9der au service. Si vous rencontrez des probl\u00e8mes \u00e0 n&rsquo;importe quelle \u00e9tape, n&rsquo;h\u00e9sitez pas \u00e0 contacter notre \u00e9quipe d&rsquo;assistance technique.<\/p> <\/div>\r\n\t\t\t\t\t<\/div>\r\n\t\t\t\t<\/div> <\/div> <\/div>","protected":false},"excerpt":{"rendered":"","protected":false},"author":9,"featured_media":0,"parent":2067,"menu_order":0,"comment_status":"closed","ping_status":"closed","template":"templates\/template-application-platform.php","meta":{"publish_to_discourse":"","publish_post_category":"","wpdc_auto_publish_overridden":"","wpdc_topic_tags":"","wpdc_pin_topic":"","wpdc_pin_until":"","discourse_post_id":"","discourse_permalink":"","wpdc_publishing_response":"","wpdc_publishing_error":"","footnotes":""},"class_list":["post-8219","page","type-page","status-publish","hentry"],"yoast_head":"<!-- This site is optimized with the Yoast SEO plugin v25.3.1 - https:\/\/yoast.com\/wordpress\/plugins\/seo\/ -->\n<title>Int\u00e9grer les avis de r\u00e9servation sur le site PrestaShop (rapide et facile)<\/title>\n<meta name=\"description\" content=\"Avec Elfsight, fa\u00e7onnez vos avis de r\u00e9servation et ajoutez-les facilement sur votre site PrestaShop. Nous avons un support client gratuit et plus de bonus.\" \/>\n<meta name=\"robots\" content=\"index, follow, max-snippet:-1, max-image-preview:large, max-video-preview:-1\" \/>\n<link rel=\"canonical\" href=\"https:\/\/elfsight.com\/fr\/booking-reviews-widget\/prestashop\/\" \/>\n<meta property=\"og:locale\" content=\"fr_FR\" \/>\n<meta property=\"og:type\" content=\"article\" \/>\n<meta property=\"og:title\" content=\"Int\u00e9grer les avis de r\u00e9servation sur le site PrestaShop (rapide et facile)\" \/>\n<meta property=\"og:description\" content=\"Avec Elfsight, fa\u00e7onnez vos avis de r\u00e9servation et ajoutez-les facilement sur votre site PrestaShop. Nous avons un support client gratuit et plus de bonus.\" \/>\n<meta property=\"og:url\" content=\"https:\/\/elfsight.com\/fr\/booking-reviews-widget\/prestashop\/\" \/>\n<meta property=\"og:site_name\" content=\"Elfsight FR\" \/>\n<meta property=\"article:modified_time\" content=\"2025-07-09T16:54:28+00:00\" \/>\n<meta name=\"twitter:card\" content=\"summary_large_image\" \/>\n<meta name=\"twitter:label1\" content=\"Dur\u00e9e de lecture estim\u00e9e\" \/>\n\t<meta name=\"twitter:data1\" content=\"3 minutes\" \/>\n<!-- \/ Yoast SEO plugin. -->","yoast_head_json":{"title":"Int\u00e9grer les avis de r\u00e9servation sur le site PrestaShop (rapide et facile)","description":"Avec Elfsight, fa\u00e7onnez vos avis de r\u00e9servation et ajoutez-les facilement sur votre site PrestaShop. Nous avons un support client gratuit et plus de bonus.","robots":{"index":"index","follow":"follow","max-snippet":"max-snippet:-1","max-image-preview":"max-image-preview:large","max-video-preview":"max-video-preview:-1"},"canonical":"https:\/\/elfsight.com\/fr\/booking-reviews-widget\/prestashop\/","og_locale":"fr_FR","og_type":"article","og_title":"Int\u00e9grer les avis de r\u00e9servation sur le site PrestaShop (rapide et facile)","og_description":"Avec Elfsight, fa\u00e7onnez vos avis de r\u00e9servation et ajoutez-les facilement sur votre site PrestaShop. Nous avons un support client gratuit et plus de bonus.","og_url":"https:\/\/elfsight.com\/fr\/booking-reviews-widget\/prestashop\/","og_site_name":"Elfsight FR","article_modified_time":"2025-07-09T16:54:28+00:00","twitter_card":"summary_large_image","twitter_misc":{"Dur\u00e9e de lecture estim\u00e9e":"3 minutes"},"schema":{"@context":"https:\/\/schema.org","@graph":[{"@type":"WebPage","@id":"https:\/\/elfsight.com\/fr\/booking-reviews-widget\/prestashop\/","url":"https:\/\/elfsight.com\/fr\/booking-reviews-widget\/prestashop\/","name":"Int\u00e9grer les avis de r\u00e9servation sur le site PrestaShop (rapide et facile)","isPartOf":{"@id":"https:\/\/elfsight.com\/fr\/#website"},"datePublished":"2024-05-03T06:30:32+00:00","dateModified":"2025-07-09T16:54:28+00:00","description":"Avec Elfsight, fa\u00e7onnez vos avis de r\u00e9servation et ajoutez-les facilement sur votre site PrestaShop. Nous avons un support client gratuit et plus de bonus.","breadcrumb":{"@id":"https:\/\/elfsight.com\/fr\/booking-reviews-widget\/prestashop\/#breadcrumb"},"inLanguage":"fr-FR","potentialAction":[{"@type":"ReadAction","target":["https:\/\/elfsight.com\/fr\/booking-reviews-widget\/prestashop\/"]}]},{"@type":"BreadcrumbList","@id":"https:\/\/elfsight.com\/fr\/booking-reviews-widget\/prestashop\/#breadcrumb","itemListElement":[{"@type":"ListItem","position":1,"name":"Home","item":"https:\/\/elfsight.com\/fr\/"},{"@type":"ListItem","position":2,"name":"Booking Reviews","item":"https:\/\/elfsight.com\/fr\/booking-reviews-widget\/"},{"@type":"ListItem","position":3,"name":"Booking Reviews &#8211; PrestaShop"}]},{"@type":"WebSite","@id":"https:\/\/elfsight.com\/fr\/#website","url":"https:\/\/elfsight.com\/fr\/","name":"Elfsight FR","description":"","potentialAction":[{"@type":"SearchAction","target":{"@type":"EntryPoint","urlTemplate":"https:\/\/elfsight.com\/fr\/?s={search_term_string}"},"query-input":{"@type":"PropertyValueSpecification","valueRequired":true,"valueName":"search_term_string"}}],"inLanguage":"fr-FR"}]}},"meta_box":{"industry":"","seo_heading":"","heading":"","description":"","cta_heading":"","cta_description":"","application":"2063","h1":"Avis sur PrestaShop Booking.com","h1_caption":"Affichez les avis de booking.com pour attirer plus de clients en montrant sans effort les exp\u00e9riences positives des anciens visiteurs sur votre site Web Prestashop.","application_category":[],"applications_title":"","applications_request_title":"","applications_request_button_text":"","hero_text":"","hero_video":"","hero_video_schema_markup":"","selling_points_title":"","selling_points_caption":"","selling_points":[],"selling_points_cta_text":"","features_title":"","features":"","ed_cta_examples_text":"","ed_cta_examples_hidden":"","ed_cta_demo_text":"","ed_cta_demo_hidden":"","why_caption":"","why_editor_title":"","why_editor_text":"","why_team_title":"","why_team_text":"","why_service_title":"","why_service_text":"","template_catalog_visible":"","template_catalog_title":"","template_catalog_text":"","template_catalog_categories_visible":"","demo_title":"Cr\u00e9ez votre module compl\u00e9mentaire Avis de r\u00e9servation","demo_caption":"Configurez vos Avis de R\u00e9servation et ajoutez-les gratuitement \u00e0 votre site PrestaShop !","default_faq_hidden":"","app_template_category":[],"platform":"3190","template_public_id":"","codecanyon_url":"","codecanyon_item_id":"","codecanyon_price":"","pricing_caption":"","pricing_elfsight_apps_hide_column":"","pricing_elfsight_apps_url":"","pricing_codecanyon_price_caption":"","integration_category":[],"integration_request_title":"","integration_request_cta":"","integration_platform":"","integrations":[],"platform_category":[],"video_schema_markup":"","price":"\u00e0 partir de 0$ \/ mois","trial":"","benefits":[{"text":"Service d'installation gratuit"},{"text":"Assistance premium"},{"text":"Garantie de remboursement de 14 jours"},{"text":"Mise \u00e0 jour constante"}],"button_url":"#demo","button_target_blank":"","button_nofollow":"","attributes":[{"name":"Installations","content":"10,000 - 100,000"},{"name":"Sensible","content":"Oui"},{"name":"Navigateurs compatibles","content":"Firefox, Safari, Opera, Chrome, Edge"}],"tags":[],"tags_disable_links":"","hide_more_platforms":"","video_object":"","demo_hide_cta":"","demo_hide_cloud_options":"","pricing_title":"","pricing":[{"pricing_icon":"platform","pricing_title":"Elfsight Apps","pricing_title_caption":"Solution multiplateforme","pricing_price":"from $0 \/ month","pricing_price_caption":"commencez avec un forfait gratuit","pricing_benefits":[{"text":"Sites Web illimit\u00e9s"},{"text":"Assistance professionnelle et ponctuelle"},{"text":"Aide \u00e0 l'installation gratuite"},{"text":"100% personnalisable"}],"pricing_button_text":"Ajouter au site Web","pricing_button_url":"#demo"}],"related_apps_title":"","related_apps_hidden":"","author":"","image":[],"title":"","job":"","social_networks":[]},"_links":{"self":[{"href":"https:\/\/elfsight.com\/fr\/wp-json\/wp\/v2\/pages\/8219","targetHints":{"allow":["GET"]}}],"collection":[{"href":"https:\/\/elfsight.com\/fr\/wp-json\/wp\/v2\/pages"}],"about":[{"href":"https:\/\/elfsight.com\/fr\/wp-json\/wp\/v2\/types\/page"}],"author":[{"embeddable":true,"href":"https:\/\/elfsight.com\/fr\/wp-json\/wp\/v2\/users\/9"}],"replies":[{"embeddable":true,"href":"https:\/\/elfsight.com\/fr\/wp-json\/wp\/v2\/comments?post=8219"}],"version-history":[{"count":1,"href":"https:\/\/elfsight.com\/fr\/wp-json\/wp\/v2\/pages\/8219\/revisions"}],"predecessor-version":[{"id":8223,"href":"https:\/\/elfsight.com\/fr\/wp-json\/wp\/v2\/pages\/8219\/revisions\/8223"}],"up":[{"embeddable":true,"href":"https:\/\/elfsight.com\/fr\/wp-json\/wp\/v2\/pages\/2067"}],"wp:attachment":[{"href":"https:\/\/elfsight.com\/fr\/wp-json\/wp\/v2\/media?parent=8219"}],"curies":[{"name":"wp","href":"https:\/\/api.w.org\/{rel}","templated":true}]}}