{"id":8218,"date":"2024-05-03T06:30:31","date_gmt":"2024-05-03T06:30:31","guid":{"rendered":"https:\/\/elfsight.com\/fr\/?page_id=8218"},"modified":"2025-07-09T16:53:42","modified_gmt":"2025-07-09T16:53:42","slug":"jimdo","status":"publish","type":"page","link":"https:\/\/elfsight.com\/fr\/booking-reviews-widget\/jimdo\/","title":{"rendered":"Booking Reviews &#8211; Jimdo"},"content":{"rendered":"<div class=\"application-platform-content-item-description application-platform-content-item\" id=\"description\" data-nav-section=\"description\"> <h2>Description<\/h2> <p>Elfsight Booking Reviews est un widget pratique vous donnant la possibilit\u00e9 de d\u00e9montrer les avis sur votre marchandise directement sur votre site de tous les sites d&rsquo;avis bien connus. En utilisant notre widget, vous parviendrez \u00e0 appliquer des filtres pour masquer les commentaires ind\u00e9sirables, \u00e0 exposer votre note par \u00e9toiles et votre note quantitative directement depuis votre compte sur n&rsquo;importe quel site Web d&rsquo;avis, \u00e0 ajouter des donn\u00e9es sur les cr\u00e9ateurs des avis et \u00e0 ajouter un bouton CTA qui provoquera les visiteurs d&rsquo;\u00e9crire leurs pens\u00e9es. Notre application Booking Reviews vous poussera \u00e0 d\u00e9montrer votre remarquable preuve sociale directement sur le site Web et \u00e0 commencer \u00e0 obtenir davantage de nouveaux achats. <\/p><p><b>Ins\u00e9rez des avis de r\u00e9servation pour atteindre vos objectifs commerciaux\u00a0! <\/b><\/p> <\/div> <div class=\"application-platform-content-item-features application-platform-content-item\" id=\"features\" data-nav-section=\"features\"> <h2>Le widget poss\u00e8de des fonctionnalit\u00e9s utiles et rapides, en voici quelques-unes\u00a0: <\/h2> <ul><li>Int\u00e9grer les avis des clients \u00e0 partir du compte de r\u00e9servation<\/li><li>Trois types de filtres\u00a0: par type, exclusion par et quantit\u00e9 d&rsquo;avis<\/li><li>Quatre types de mise en page\u00a0: Liste, Ma\u00e7onnerie, Slider et Grille<\/li><li> les types de navigation par fl\u00e8ches et glissements dans la disposition Slider<\/li><li>D\u00e9finir la vitesse de diapositive et la vitesse de lecture automatique<\/li><li>S\u00e9lectionner le type de pagination dans la disposition Slider<\/li><li>Bouton d&rsquo;appel \u00e0 l&rsquo;action pour obtenir de nouveaux avis des utilisateurs sur la page de r\u00e9servation<\/li><li>3 mod\u00e8les d&rsquo;avis\u00a0: Spotlight, Bubble, Classic<\/li><li>Six \u00e9l\u00e9ments flexibles des avis\u00a0: ic\u00f4ne de r\u00e9servation et nom de l&rsquo;auteur, date, nombre d&rsquo;\u00e9toiles, photo et recommandation <\/li><li>Une option pour modifier la taille de la police du texte de r\u00e9vision<\/li><\/ul><p><a href=\"#demo\">Vous pouvez tester toutes les capacit\u00e9s du widget dans la d\u00e9mo juste ici<\/a><\/p> <\/div> <div class=\"application-platform-content-item-installation application-platform-content-item\" id=\"installation\" data-nav-section=\"installation\"> <h2>Comment ajouter des avis de r\u00e9servation sur mon site Jimdo ? <\/h2> <p>Remplissez simplement les instructions ci-dessous pour ins\u00e9rer l&rsquo;outil. <\/p> <ol><li><b>Lancez notre configurateur gratuit et commencez \u00e0 fa\u00e7onner votre widget personnalis\u00e9. <\/b><br> D\u00e9terminez l&rsquo;apparence et les fonctionnalit\u00e9s personnalis\u00e9es du widget et enregistrez les modifications. <\/li> <li><b>Acqu\u00e9rez votre code personnel qui appara\u00eet dans le formulaire sp\u00e9cial sur Elfsight Apps. <\/b><br> Une fois la configuration de votre widget termin\u00e9e, copiez le code personnel dans la case qui appara\u00eet et enregistrez-le pour une utilisation ult\u00e9rieure. <\/li> <li><b>Commencez \u00e0 utiliser le widget sur votre site Jimdo. <\/b><br> Ins\u00e9rez le code copi\u00e9 pr\u00e9c\u00e9demment dans votre page d&rsquo;accueil et appliquez les ajustements. <\/li> <li><b>Vous avez termin\u00e9\u00a0! La configuration est effectu\u00e9e avec succ\u00e8s. <\/b><br> Rendez-vous sur votre page pour voir le fonctionnement du widget. <\/li><\/ol> <p>Si vous rencontrez des probl\u00e8mes, n&rsquo;h\u00e9sitez pas \u00e0 vous adresser \u00e0 notre service client. Nos collaborateurs ont h\u00e2te de vous aider avec toutes les questions que vous pourriez avoir avec l&rsquo;outil. <\/p><div class=\"faq\" data-component=\"FAQ\"> <div class=\"faq-item\">\r\n\t\t\t\t\t<div class=\"faq-item-question\">\r\n\t\t\t\t\t\t<h3 class=\"faq-item-question-text\">Comment ajouter Amazon Reviews \u00e0 mon site Jimdo sans comp\u00e9tences en codage ?<\/h3>\r\n\r\n\t\t\t\t\t\t<div class=\"faq-item-question-icon\"><\/div>\r\n\t\t\t\t\t<\/div>\r\n\r\n\t\t\t\t\t<div class=\"faq-item-answer\">\r\n\t\t\t\t\t\t<div class=\"faq-item-answer-text\"> <p>Elfsight fournit une solution SaaS qui vous permet de cr\u00e9er vous-m\u00eame un widget Amazon Reviews, voyez \u00e0 quel point le processus est simple est\u00a0: travaillez directement dans l&rsquo;\u00e9diteur en ligne pour cr\u00e9er un widget Amazon Reviews que vous aimeriez voir sur votre site Web Jimdo. Choisissez l&rsquo;un des mod\u00e8les pr\u00e9d\u00e9finis et ajustez les param\u00e8tres Amazon Reviews, ajoutez votre contenu, modifiez la mise en page et la palette de couleurs sans comp\u00e9tences en codage. Enregistrez les avis Amazon et copiez son code d&rsquo;installation, que vous pouvez simplement int\u00e9grer dans votre site Web Jimdo sans acheter de version payante. Gr\u00e2ce \u00e0 notre \u00e9diteur intuitif, tout internaute peut cr\u00e9er un widget Amazon Reviews en ligne et l&rsquo;int\u00e9grer facilement \u00e0 son site Web Jimdo. Il n&rsquo;est pas n\u00e9cessaire de payer ou de saisir les informations d&rsquo;identification de votre carte pour acc\u00e9der au service. Si vous rencontrez des probl\u00e8mes \u00e0 n&rsquo;importe quelle \u00e9tape, n&rsquo;h\u00e9sitez pas \u00e0 contacter notre \u00e9quipe d&rsquo;assistance technique.<\/p> <\/div>\r\n\t\t\t\t\t<\/div>\r\n\t\t\t\t<\/div> <\/div> <\/div>","protected":false},"excerpt":{"rendered":"","protected":false},"author":9,"featured_media":0,"parent":2067,"menu_order":0,"comment_status":"closed","ping_status":"closed","template":"templates\/template-application-platform.php","meta":{"publish_to_discourse":"","publish_post_category":"","wpdc_auto_publish_overridden":"","wpdc_topic_tags":"","wpdc_pin_topic":"","wpdc_pin_until":"","discourse_post_id":"","discourse_permalink":"","wpdc_publishing_response":"","wpdc_publishing_error":"","footnotes":""},"class_list":["post-8218","page","type-page","status-publish","hentry"],"yoast_head":"<!-- This site is optimized with the Yoast SEO plugin v25.3.1 - https:\/\/yoast.com\/wordpress\/plugins\/seo\/ -->\n<title>Int\u00e9grez les avis de r\u00e9servation sur le site Jimdo (rapide et facile)<\/title>\n<meta name=\"description\" content=\"Avec Elfsight, fa\u00e7onnez vos avis de r\u00e9servation et ajoutez-les facilement \u00e0 votre site Jimdo. Nous avons un support client gratuit et plus de bonus.\" \/>\n<meta name=\"robots\" content=\"index, follow, max-snippet:-1, max-image-preview:large, max-video-preview:-1\" \/>\n<link rel=\"canonical\" href=\"https:\/\/elfsight.com\/fr\/booking-reviews-widget\/jimdo\/\" \/>\n<meta property=\"og:locale\" content=\"fr_FR\" \/>\n<meta property=\"og:type\" content=\"article\" \/>\n<meta property=\"og:title\" content=\"Int\u00e9grez les avis de r\u00e9servation sur le site Jimdo (rapide et facile)\" \/>\n<meta property=\"og:description\" content=\"Avec Elfsight, fa\u00e7onnez vos avis de r\u00e9servation et ajoutez-les facilement \u00e0 votre site Jimdo. Nous avons un support client gratuit et plus de bonus.\" \/>\n<meta property=\"og:url\" content=\"https:\/\/elfsight.com\/fr\/booking-reviews-widget\/jimdo\/\" \/>\n<meta property=\"og:site_name\" content=\"Elfsight FR\" \/>\n<meta property=\"article:modified_time\" content=\"2025-07-09T16:53:42+00:00\" \/>\n<meta name=\"twitter:card\" content=\"summary_large_image\" \/>\n<meta name=\"twitter:label1\" content=\"Dur\u00e9e de lecture estim\u00e9e\" \/>\n\t<meta name=\"twitter:data1\" content=\"3 minutes\" \/>\n<!-- \/ Yoast SEO plugin. -->","yoast_head_json":{"title":"Int\u00e9grez les avis de r\u00e9servation sur le site Jimdo (rapide et facile)","description":"Avec Elfsight, fa\u00e7onnez vos avis de r\u00e9servation et ajoutez-les facilement \u00e0 votre site Jimdo. Nous avons un support client gratuit et plus de bonus.","robots":{"index":"index","follow":"follow","max-snippet":"max-snippet:-1","max-image-preview":"max-image-preview:large","max-video-preview":"max-video-preview:-1"},"canonical":"https:\/\/elfsight.com\/fr\/booking-reviews-widget\/jimdo\/","og_locale":"fr_FR","og_type":"article","og_title":"Int\u00e9grez les avis de r\u00e9servation sur le site Jimdo (rapide et facile)","og_description":"Avec Elfsight, fa\u00e7onnez vos avis de r\u00e9servation et ajoutez-les facilement \u00e0 votre site Jimdo. Nous avons un support client gratuit et plus de bonus.","og_url":"https:\/\/elfsight.com\/fr\/booking-reviews-widget\/jimdo\/","og_site_name":"Elfsight FR","article_modified_time":"2025-07-09T16:53:42+00:00","twitter_card":"summary_large_image","twitter_misc":{"Dur\u00e9e de lecture estim\u00e9e":"3 minutes"},"schema":{"@context":"https:\/\/schema.org","@graph":[{"@type":"WebPage","@id":"https:\/\/elfsight.com\/fr\/booking-reviews-widget\/jimdo\/","url":"https:\/\/elfsight.com\/fr\/booking-reviews-widget\/jimdo\/","name":"Int\u00e9grez les avis de r\u00e9servation sur le site Jimdo (rapide et facile)","isPartOf":{"@id":"https:\/\/elfsight.com\/fr\/#website"},"datePublished":"2024-05-03T06:30:31+00:00","dateModified":"2025-07-09T16:53:42+00:00","description":"Avec Elfsight, fa\u00e7onnez vos avis de r\u00e9servation et ajoutez-les facilement \u00e0 votre site Jimdo. Nous avons un support client gratuit et plus de bonus.","breadcrumb":{"@id":"https:\/\/elfsight.com\/fr\/booking-reviews-widget\/jimdo\/#breadcrumb"},"inLanguage":"fr-FR","potentialAction":[{"@type":"ReadAction","target":["https:\/\/elfsight.com\/fr\/booking-reviews-widget\/jimdo\/"]}]},{"@type":"BreadcrumbList","@id":"https:\/\/elfsight.com\/fr\/booking-reviews-widget\/jimdo\/#breadcrumb","itemListElement":[{"@type":"ListItem","position":1,"name":"Home","item":"https:\/\/elfsight.com\/fr\/"},{"@type":"ListItem","position":2,"name":"Booking Reviews","item":"https:\/\/elfsight.com\/fr\/booking-reviews-widget\/"},{"@type":"ListItem","position":3,"name":"Booking Reviews &#8211; Jimdo"}]},{"@type":"WebSite","@id":"https:\/\/elfsight.com\/fr\/#website","url":"https:\/\/elfsight.com\/fr\/","name":"Elfsight FR","description":"","potentialAction":[{"@type":"SearchAction","target":{"@type":"EntryPoint","urlTemplate":"https:\/\/elfsight.com\/fr\/?s={search_term_string}"},"query-input":{"@type":"PropertyValueSpecification","valueRequired":true,"valueName":"search_term_string"}}],"inLanguage":"fr-FR"}]}},"meta_box":{"industry":"","seo_heading":"","heading":"","description":"","cta_heading":"","cta_description":"","application":"2063","h1":"Jimdo Booking.com Widget des avis","h1_caption":"Affichez les avis de booking.com pour attirer plus de clients en montrant sans effort les exp\u00e9riences positives des anciens visiteurs sur votre site Web Jimdo.","application_category":[],"applications_title":"","applications_request_title":"","applications_request_button_text":"","hero_text":"","hero_video":"","hero_video_schema_markup":"","selling_points_title":"","selling_points_caption":"","selling_points":[],"selling_points_cta_text":"","features_title":"","features":"","ed_cta_examples_text":"","ed_cta_examples_hidden":"","ed_cta_demo_text":"","ed_cta_demo_hidden":"","why_caption":"","why_editor_title":"","why_editor_text":"","why_team_title":"","why_team_text":"","why_service_title":"","why_service_text":"","template_catalog_visible":"","template_catalog_title":"","template_catalog_text":"","template_catalog_categories_visible":"","demo_title":"Cr\u00e9ez votre widget Avis de r\u00e9servation","demo_caption":"Configurez vos Avis de R\u00e9servation et ajoutez-les gratuitement \u00e0 votre site Jimdo !","default_faq_hidden":"","app_template_category":[],"platform":"372","template_public_id":"","codecanyon_url":"","codecanyon_item_id":"","codecanyon_price":"","pricing_caption":"","pricing_elfsight_apps_hide_column":"","pricing_elfsight_apps_url":"","pricing_codecanyon_price_caption":"","integration_category":[],"integration_request_title":"","integration_request_cta":"","integration_platform":"","integrations":[],"platform_category":[],"video_schema_markup":"","price":"\u00e0 partir de 0$ \/ mois","trial":"","benefits":[{"text":"Service d'installation gratuit"},{"text":"Service client comp\u00e9tent"},{"text":"Garantie de remboursement de 14 jours"},{"text":"D\u00e9veloppement continu"}],"button_url":"#demo","button_target_blank":"","button_nofollow":"","attributes":[{"name":"Installations","content":"10,000 - 100,000"},{"name":"Sensible","content":"Oui"},{"name":"Navigateurs compatibles","content":"Firefox, Safari, Opera, Chrome, Edge"}],"tags":[],"tags_disable_links":"","hide_more_platforms":"","video_object":"","demo_hide_cta":"","demo_hide_cloud_options":"","pricing_title":"","pricing":[{"pricing_icon":"platform","pricing_title":"Elfsight Apps","pricing_title_caption":"Solution multiplateforme","pricing_price":"from $0 \/ month","pricing_price_caption":"commencez avec un forfait gratuit","pricing_benefits":[{"text":"Sites Web illimit\u00e9s"},{"text":"Assistance premium et ponctuelle"},{"text":"Assistance \u00e0 l'installation gratuite"},{"text":"Conception flexible"}],"pricing_button_text":"Ajouter au site Web","pricing_button_url":"#demo"}],"related_apps_title":"","related_apps_hidden":"","author":"","image":[],"title":"","job":"","social_networks":[]},"_links":{"self":[{"href":"https:\/\/elfsight.com\/fr\/wp-json\/wp\/v2\/pages\/8218","targetHints":{"allow":["GET"]}}],"collection":[{"href":"https:\/\/elfsight.com\/fr\/wp-json\/wp\/v2\/pages"}],"about":[{"href":"https:\/\/elfsight.com\/fr\/wp-json\/wp\/v2\/types\/page"}],"author":[{"embeddable":true,"href":"https:\/\/elfsight.com\/fr\/wp-json\/wp\/v2\/users\/9"}],"replies":[{"embeddable":true,"href":"https:\/\/elfsight.com\/fr\/wp-json\/wp\/v2\/comments?post=8218"}],"version-history":[{"count":1,"href":"https:\/\/elfsight.com\/fr\/wp-json\/wp\/v2\/pages\/8218\/revisions"}],"predecessor-version":[{"id":8222,"href":"https:\/\/elfsight.com\/fr\/wp-json\/wp\/v2\/pages\/8218\/revisions\/8222"}],"up":[{"embeddable":true,"href":"https:\/\/elfsight.com\/fr\/wp-json\/wp\/v2\/pages\/2067"}],"wp:attachment":[{"href":"https:\/\/elfsight.com\/fr\/wp-json\/wp\/v2\/media?parent=8218"}],"curies":[{"name":"wp","href":"https:\/\/api.w.org\/{rel}","templated":true}]}}