{"id":8154,"date":"2024-05-03T06:29:59","date_gmt":"2024-05-03T06:29:59","guid":{"rendered":"https:\/\/elfsight.com\/fr\/?page_id=8154"},"modified":"2025-07-09T10:10:22","modified_gmt":"2025-07-09T10:10:22","slug":"elementor","status":"publish","type":"page","link":"https:\/\/elfsight.com\/fr\/banner-widget\/elementor\/","title":{"rendered":"Banner &#8211; Elementor"},"content":{"rendered":"<div class=\"application-platform-content-item-description application-platform-content-item\" id=\"description\" data-nav-section=\"description\"> <h2>Int\u00e9grer une banni\u00e8re sur Elementor avec le widget Elfsight<\/h2> <p>Le widget Elfsight Banner pour Elementor est une fonctionnalit\u00e9 extr\u00eamement personnalisable. Actuellement, vous avez la possibilit\u00e9 de cr\u00e9er une banni\u00e8re promotionnelle pour n\u2019importe quel but. Il vous suffit de choisir une image de fond, le type de fond, de d\u00e9finir sa position, d&rsquo;ajouter le titre et le texte. N&rsquo;oubliez pas de joindre un bouton CTA &#8211; un \u00e9l\u00e9ment crucial de toute banni\u00e8re promotionnelle. Et bien s\u00fbr, vous \u00eates libre d\u2019adapter la conception globale du widget comme il vous convient. <\/p> <p><b>Avec la banni\u00e8re attrayante sur votre site Web, renforcez vos produits et services et incitez davantage de visiteurs \u00e0 effectuer un achat<\/b><\/p> <\/div> <div class=\"application-platform-content-item-features  application-platform-content-item\" id=\"features \" data-nav-section=\"features \"> <h2>Nous proposons des fonctionnalit\u00e9s puissantes et simples, d\u00e9couvrez-en quelques-unes\u00a0: <\/h2> <ul><li>T\u00e9l\u00e9chargez des images et des vid\u00e9os. <\/li><li>Ajoutez des liens, un e-mail ou un t\u00e9l\u00e9phone. <\/li><li>Ajoutez un titre et un texte de l\u00e9gende. <\/li><li>Cr\u00e9ez un bouton CTA. <\/li><li>Laissez le bouton \u00eatre rempli ou entour\u00e9. <\/li><\/ul><p><a href=\"#demo\">Examinez toutes les fonctionnalit\u00e9s de personnalisation dans une d\u00e9mo 100\u00a0% fonctionnelle<\/a><\/p> <\/div> <div class=\"application-platform-content-item-installation application-platform-content-item\" id=\"installation\" data-nav-section=\"installation\"> <h2>Comment int\u00e9grer Banner dans mon site Web Elementor\u00a0? <\/h2> <p>Suivez simplement quelques \u00e9tapes pr\u00e9sent\u00e9es ci-dessous pour int\u00e9grer le widget. <\/p> <ol><li><b>Ouvrez notre configurateur gratuit et commencez \u00e0 cr\u00e9er votre widget unique. <\/b><br> D\u00e9terminez la disposition et les options appropri\u00e9es de l&rsquo;outil et appliquez les modifications. <\/li> <li><b>Recevez le code personnel affich\u00e9 dans le formulaire sp\u00e9cial sur Elfsight Apps. <\/b><br> Une fois la cr\u00e9ation de votre widget termin\u00e9e, copiez le code exclusif dans la zone qui appara\u00eet et enregistrez-le pour d&rsquo;autres besoins. <\/li> <li><b>Commencez \u00e0 utiliser le widget sur votre site Web Elementor. <\/b><br> Saisissez le code que vous avez enregistr\u00e9 r\u00e9cemment sur votre site Web et appliquez les modifications. <\/li> <li><b>Fait\u00a0! L&rsquo;int\u00e9gration s&rsquo;est termin\u00e9e avec succ\u00e8s. <\/b><br> Acc\u00e9dez \u00e0 votre page pour voir les performances du plugin. <\/li><\/ol> <p>\u00c0 condition de r\u00e9pondre \u00e0 des demandes de renseignements ou de faire face \u00e0 des obstacles, n&rsquo;h\u00e9sitez pas \u00e0 demander l&rsquo;aide de notre personnel d&rsquo;assistance. Nos collaborateurs seront ravis de r\u00e9soudre tous les probl\u00e8mes que vous pourriez rencontrer avec le produit. <\/p> <div class=\"faq\" data-component=\"FAQ\"> <div class=\"faq-item\">\r\n\t\t\t\t\t<div class=\"faq-item-question\">\r\n\t\t\t\t\t\t<h3 class=\"faq-item-question-text\">Comment puis-je ajouter une banni\u00e8re \u00e0 mon site Web Elementor sans comp\u00e9tences en codage ?<\/h3>\r\n\r\n\t\t\t\t\t\t<div class=\"faq-item-question-icon\"><\/div>\r\n\t\t\t\t\t<\/div>\r\n\r\n\t\t\t\t\t<div class=\"faq-item-answer\">\r\n\t\t\t\t\t\t<div class=\"faq-item-answer-text\"> <p>Elfsight fournit une solution SaaS qui vous permet de cr\u00e9er vous-m\u00eame un widget de banni\u00e8re, voyez \u00e0 quel point le processus est simple : Travaillez directement dans l&rsquo;\u00e9diteur en ligne pour cr\u00e9er un widget de banni\u00e8re que vous aimeriez voir sur votre site Web Elementor. Choisissez l&rsquo;un des mod\u00e8les pr\u00e9d\u00e9finis et ajustez les param\u00e8tres de la banni\u00e8re, ajoutez votre contenu, modifiez la mise en page et la palette de couleurs sans comp\u00e9tences en codage. Enregistrez la banni\u00e8re et copiez son code d&rsquo;installation, que vous pouvez coller sans effort sur votre site Web Elementor sans avoir besoin d&rsquo;acheter une version payante. Avec notre \u00e9diteur intuitif, tout internaute peut cr\u00e9er un widget de banni\u00e8re en ligne et l&rsquo;int\u00e9grer facilement \u00e0 son site Web Elementor. Il n&rsquo;est pas n\u00e9cessaire de payer ou de saisir les informations d&rsquo;identification de votre carte pour acc\u00e9der au service. Si vous rencontrez des probl\u00e8mes \u00e0 n&rsquo;importe quelle \u00e9tape, n&rsquo;h\u00e9sitez pas \u00e0 contacter notre \u00e9quipe d&rsquo;assistance technique.<\/p> <\/div>\r\n\t\t\t\t\t<\/div>\r\n\t\t\t\t<\/div> <\/div> <\/div>","protected":false},"excerpt":{"rendered":"","protected":false},"author":9,"featured_media":0,"parent":3637,"menu_order":0,"comment_status":"closed","ping_status":"closed","template":"templates\/template-application-platform.php","meta":{"publish_to_discourse":"","publish_post_category":"","wpdc_auto_publish_overridden":"","wpdc_topic_tags":"","wpdc_pin_topic":"","wpdc_pin_until":"","discourse_post_id":"","discourse_permalink":"","wpdc_publishing_response":"","wpdc_publishing_error":"","footnotes":""},"class_list":["post-8154","page","type-page","status-publish","hentry"],"yoast_head":"<!-- This site is optimized with the Yoast SEO plugin v25.3.1 - https:\/\/yoast.com\/wordpress\/plugins\/seo\/ -->\n<title>Ajoutez un widget de banni\u00e8re au site Web Elementor. Rapide et gratuit (2026)<\/title>\n<meta name=\"description\" content=\"Ins\u00e9rez un widget Elementor Banner facile \u00e0 g\u00e9rer sur votre site. Utilisez la d\u00e9mo pratique d&#039;Elfsight et cr\u00e9ez votre banni\u00e8re en quelques minutes seulement\" \/>\n<meta name=\"robots\" content=\"index, follow, max-snippet:-1, max-image-preview:large, max-video-preview:-1\" \/>\n<link rel=\"canonical\" href=\"https:\/\/elfsight.com\/fr\/banner-widget\/elementor\/\" \/>\n<meta property=\"og:locale\" content=\"fr_FR\" \/>\n<meta property=\"og:type\" content=\"article\" \/>\n<meta property=\"og:title\" content=\"Ajoutez un widget de banni\u00e8re au site Web Elementor. Rapide et gratuit (2026)\" \/>\n<meta property=\"og:description\" content=\"Ins\u00e9rez un widget Elementor Banner facile \u00e0 g\u00e9rer sur votre site. Utilisez la d\u00e9mo pratique d&#039;Elfsight et cr\u00e9ez votre banni\u00e8re en quelques minutes seulement\" \/>\n<meta property=\"og:url\" content=\"https:\/\/elfsight.com\/fr\/banner-widget\/elementor\/\" \/>\n<meta property=\"og:site_name\" content=\"Elfsight FR\" \/>\n<meta property=\"article:modified_time\" content=\"2025-07-09T10:10:22+00:00\" \/>\n<meta name=\"twitter:card\" content=\"summary_large_image\" \/>\n<meta name=\"twitter:label1\" content=\"Dur\u00e9e de lecture estim\u00e9e\" \/>\n\t<meta name=\"twitter:data1\" content=\"3 minutes\" \/>\n<!-- \/ Yoast SEO plugin. -->","yoast_head_json":{"title":"Ajoutez un widget de banni\u00e8re au site Web Elementor. Rapide et gratuit (2026)","description":"Ins\u00e9rez un widget Elementor Banner facile \u00e0 g\u00e9rer sur votre site. Utilisez la d\u00e9mo pratique d'Elfsight et cr\u00e9ez votre banni\u00e8re en quelques minutes seulement","robots":{"index":"index","follow":"follow","max-snippet":"max-snippet:-1","max-image-preview":"max-image-preview:large","max-video-preview":"max-video-preview:-1"},"canonical":"https:\/\/elfsight.com\/fr\/banner-widget\/elementor\/","og_locale":"fr_FR","og_type":"article","og_title":"Ajoutez un widget de banni\u00e8re au site Web Elementor. Rapide et gratuit (2026)","og_description":"Ins\u00e9rez un widget Elementor Banner facile \u00e0 g\u00e9rer sur votre site. Utilisez la d\u00e9mo pratique d'Elfsight et cr\u00e9ez votre banni\u00e8re en quelques minutes seulement","og_url":"https:\/\/elfsight.com\/fr\/banner-widget\/elementor\/","og_site_name":"Elfsight FR","article_modified_time":"2025-07-09T10:10:22+00:00","twitter_card":"summary_large_image","twitter_misc":{"Dur\u00e9e de lecture estim\u00e9e":"3 minutes"},"schema":{"@context":"https:\/\/schema.org","@graph":[{"@type":"WebPage","@id":"https:\/\/elfsight.com\/fr\/banner-widget\/elementor\/","url":"https:\/\/elfsight.com\/fr\/banner-widget\/elementor\/","name":"Ajoutez un widget de banni\u00e8re au site Web Elementor. Rapide et gratuit (2026)","isPartOf":{"@id":"https:\/\/elfsight.com\/fr\/#website"},"datePublished":"2024-05-03T06:29:59+00:00","dateModified":"2025-07-09T10:10:22+00:00","description":"Ins\u00e9rez un widget Elementor Banner facile \u00e0 g\u00e9rer sur votre site. Utilisez la d\u00e9mo pratique d'Elfsight et cr\u00e9ez votre banni\u00e8re en quelques minutes seulement","breadcrumb":{"@id":"https:\/\/elfsight.com\/fr\/banner-widget\/elementor\/#breadcrumb"},"inLanguage":"fr-FR","potentialAction":[{"@type":"ReadAction","target":["https:\/\/elfsight.com\/fr\/banner-widget\/elementor\/"]}]},{"@type":"BreadcrumbList","@id":"https:\/\/elfsight.com\/fr\/banner-widget\/elementor\/#breadcrumb","itemListElement":[{"@type":"ListItem","position":1,"name":"Home","item":"https:\/\/elfsight.com\/fr\/"},{"@type":"ListItem","position":2,"name":"Banner","item":"https:\/\/elfsight.com\/fr\/banner-widget\/"},{"@type":"ListItem","position":3,"name":"Banner &#8211; Elementor"}]},{"@type":"WebSite","@id":"https:\/\/elfsight.com\/fr\/#website","url":"https:\/\/elfsight.com\/fr\/","name":"Elfsight FR","description":"","potentialAction":[{"@type":"SearchAction","target":{"@type":"EntryPoint","urlTemplate":"https:\/\/elfsight.com\/fr\/?s={search_term_string}"},"query-input":{"@type":"PropertyValueSpecification","valueRequired":true,"valueName":"search_term_string"}}],"inLanguage":"fr-FR"}]}},"meta_box":{"industry":"","seo_heading":"","heading":"","description":"","cta_heading":"","cta_description":"","application":"3636","h1":"Widget de banni\u00e8re Elementor","h1_caption":"Affichez des banni\u00e8res personnalisables sur votre site Web pour promouvoir des offres, annoncer des \u00e9v\u00e9nements ou attirer l'attention sur le contenu cl\u00e9 de votre site Web Elementor sans effort.","application_category":[],"applications_title":"","applications_request_title":"","applications_request_button_text":"","hero_text":"","hero_video":"","hero_video_schema_markup":"","selling_points_title":"","selling_points_caption":"","selling_points":[],"selling_points_cta_text":"","features_title":"","features":"","ed_cta_examples_text":"","ed_cta_examples_hidden":"","ed_cta_demo_text":"","ed_cta_demo_hidden":"","why_caption":"","why_editor_title":"","why_editor_text":"","why_team_title":"","why_team_text":"","why_service_title":"","why_service_text":"","template_catalog_visible":"","template_catalog_title":"","template_catalog_text":"","template_catalog_categories_visible":"","demo_title":"Cr\u00e9ez votre widget Banni\u00e8re","demo_caption":"Configurez votre banni\u00e8re et ajoutez-la gratuitement \u00e0 votre site Web Elementor\u00a0!","default_faq_hidden":"","app_template_category":[],"platform":"385","template_public_id":"","codecanyon_url":"","codecanyon_item_id":"","codecanyon_price":"","pricing_caption":"","pricing_elfsight_apps_hide_column":"","pricing_elfsight_apps_url":"","pricing_codecanyon_price_caption":"","integration_category":[],"integration_request_title":"","integration_request_cta":"","integration_platform":"","integrations":[],"platform_category":[],"video_schema_markup":"","price":"\u00e0 partir de 0$ \/ mois","trial":"","benefits":[{"text":"Assistance \u00e0 l'installation gratuite"},{"text":"Soutien exceptionnel"},{"text":"Garantie de remboursement de 14 jours"},{"text":"Mises \u00e0 jour gratuites et continues"}],"button_url":"#demo","button_target_blank":"","button_nofollow":"","attributes":[{"name":"Installations","content":"10,000 - 100,000"},{"name":"Sensible","content":"Oui"},{"name":"Navigateurs compatibles","content":"Firefox, Safari, Opera, Chrome, Edge"}],"tags":[],"tags_disable_links":"","hide_more_platforms":"","video_object":"","demo_hide_cta":"","demo_hide_cloud_options":"","pricing_title":"","pricing":[{"pricing_icon":"platform","pricing_title":"Elfsight Apps","pricing_title_caption":"Solution num\u00e9rique multiplateforme","pricing_price":"from $0 \/ month","pricing_price_caption":"commencez avec un forfait gratuit","pricing_benefits":[{"text":"Domaines illimit\u00e9s"},{"text":"Support client 24h\/24 et 7j\/7 et bien document\u00e9"},{"text":"Service d'installation gratuit"},{"text":"Enti\u00e8rement personnalisable"}],"pricing_button_text":"Ajouter au site Web","pricing_button_url":"#demo"}],"related_apps_title":"","related_apps_hidden":"","author":"","image":[],"title":"","job":"","social_networks":[]},"_links":{"self":[{"href":"https:\/\/elfsight.com\/fr\/wp-json\/wp\/v2\/pages\/8154","targetHints":{"allow":["GET"]}}],"collection":[{"href":"https:\/\/elfsight.com\/fr\/wp-json\/wp\/v2\/pages"}],"about":[{"href":"https:\/\/elfsight.com\/fr\/wp-json\/wp\/v2\/types\/page"}],"author":[{"embeddable":true,"href":"https:\/\/elfsight.com\/fr\/wp-json\/wp\/v2\/users\/9"}],"replies":[{"embeddable":true,"href":"https:\/\/elfsight.com\/fr\/wp-json\/wp\/v2\/comments?post=8154"}],"version-history":[{"count":1,"href":"https:\/\/elfsight.com\/fr\/wp-json\/wp\/v2\/pages\/8154\/revisions"}],"predecessor-version":[{"id":8158,"href":"https:\/\/elfsight.com\/fr\/wp-json\/wp\/v2\/pages\/8154\/revisions\/8158"}],"up":[{"embeddable":true,"href":"https:\/\/elfsight.com\/fr\/wp-json\/wp\/v2\/pages\/3637"}],"wp:attachment":[{"href":"https:\/\/elfsight.com\/fr\/wp-json\/wp\/v2\/media?parent=8154"}],"curies":[{"name":"wp","href":"https:\/\/api.w.org\/{rel}","templated":true}]}}