{"id":8148,"date":"2024-05-03T06:29:57","date_gmt":"2024-05-03T06:29:57","guid":{"rendered":"https:\/\/elfsight.com\/fr\/?page_id=8148"},"modified":"2025-07-09T10:11:25","modified_gmt":"2025-07-09T10:11:25","slug":"jquery","status":"publish","type":"page","link":"https:\/\/elfsight.com\/fr\/banner-widget\/jquery\/","title":{"rendered":"Banner &#8211; jQuery"},"content":{"rendered":"<div class=\"application-platform-content-item-description application-platform-content-item\" id=\"description\" data-nav-section=\"description\"> <h2>Description<\/h2> <p>Le plugin Elfsight Banner pour jQuery est une fonctionnalit\u00e9 extr\u00eamement r\u00e9glable. Vous avez d\u00e9sormais la possibilit\u00e9 de cr\u00e9er une banni\u00e8re promotionnelle pour n\u2019importe quel usage. Il ne vous reste plus qu&rsquo;\u00e0 s\u00e9lectionner une image d&rsquo;arri\u00e8re-plan, le type d&rsquo;arri\u00e8re-plan, d\u00e9terminer sa position, ajouter le titre et le texte. N&rsquo;oubliez pas d&rsquo;attacher un bouton CTA &#8211; un \u00e9l\u00e9ment essentiel de toute banni\u00e8re. Et bien s\u00fbr, vous pouvez ajuster les couleurs du widget selon vos besoins. <\/p> <p><b>Avec la banni\u00e8re attrayante sur les pages de votre site Web, am\u00e9liorez vos produits et services et incitez davantage d&rsquo;utilisateurs du site Web \u00e0 effectuer un achat<\/b><\/p> <\/div> <div class=\"application-platform-content-item- Features application-platform-content-item\" id=\" Features\" data-nav-section=\" Features\"> <h2>Vous trouverez ci-dessous les fonctionnalit\u00e9s de base du plugin\u00a0: <\/h2> <ul><li>T\u00e9l\u00e9chargez des images et des vid\u00e9os adapt\u00e9es. <\/li><li>Ajoutez un lien, votre email ou votre t\u00e9l\u00e9phone <\/li><li>Ajoutez un titre et un texte. <\/li><li>Cr\u00e9ez un bouton CTA. <\/li><li>Laissez le bouton \u00eatre rempli ou soulign\u00e9. <\/li><\/ul><p><a href=\"#demo\">Essayez simplement cette d\u00e9mo pour voir ce que vaut le plugin<\/a><\/p> <\/div> <div class=\"application-platform-content-item-installation application-platform-content-item\" id=\"installation\" data-nav-section=\"installation\"> <h2>Comment ajouter une banni\u00e8re \u00e0 mon site pour jQuery\u00a0? <\/h2> <p>Suivez simplement les \u00e9tapes d\u00e9crites ci-dessous pour int\u00e9grer le plugin. <\/p> <ol><li><b>Ex\u00e9cutez notre \u00e9diteur gratuit et commencez \u00e0 fa\u00e7onner votre plugin personnalis\u00e9. <\/b><br> Recherchez l&rsquo;interface et les sp\u00e9cifications pr\u00e9f\u00e9rables du plugin et appliquez les modifications. <\/li> <li><b>Faites appara\u00eetre votre code personnel dans la bo\u00eete sur les applications Elfsight. <\/b><br> Juste une fois la configuration de votre outil termin\u00e9e, copiez le code exclusif dans la fen\u00eatre apparue et conservez-le pour des occasions ult\u00e9rieures. <\/li> <li><b>Entrez sur l&rsquo;utilisation du widget sur le site Web jQuery. <\/b><br> Collez le code que vous avez enregistr\u00e9 auparavant dans votre site Web et appliquez les modifications. <\/li> <li><b>L&rsquo;installation est termin\u00e9e avec succ\u00e8s. <\/b><br> Visitez votre site Web pour examiner le fonctionnement de l&rsquo;outil. <\/li><\/ol> <p>Si vous rencontrez des complications, n&rsquo;h\u00e9sitez pas \u00e0 faire appel \u00e0 notre \u00e9quipe de service client. Nos sp\u00e9cialistes se feront un plaisir de vous aider avec tous les probl\u00e8mes que vous pourriez rencontrer avec le widget. <\/p> <div class=\"faq\" data-component=\"FAQ\"> <div class=\"faq-item\">\r\n\t\t\t\t\t<div class=\"faq-item-question\">\r\n\t\t\t\t\t\t<h3 class=\"faq-item-question-text\">Comment puis-je ajouter une banni\u00e8re \u00e0 mon site Web jQuery sans comp\u00e9tences en codage ?<\/h3>\r\n\r\n\t\t\t\t\t\t<div class=\"faq-item-question-icon\"><\/div>\r\n\t\t\t\t\t<\/div>\r\n\r\n\t\t\t\t\t<div class=\"faq-item-answer\">\r\n\t\t\t\t\t\t<div class=\"faq-item-answer-text\"> <p>Elfsight fournit une solution SaaS qui vous permet de cr\u00e9er vous-m\u00eame un widget de banni\u00e8re, voyez \u00e0 quel point le processus est simple : Travaillez directement dans l&rsquo;\u00e9diteur en ligne pour cr\u00e9er un widget de banni\u00e8re que vous aimeriez voir sur votre site Web jQuery. Choisissez l&rsquo;un des mod\u00e8les pr\u00e9d\u00e9finis et ajustez les param\u00e8tres de la banni\u00e8re, ajoutez votre contenu, modifiez la mise en page et la palette de couleurs sans comp\u00e9tences en codage. Enregistrez la banni\u00e8re et copiez son code d&rsquo;installation, que vous pouvez simplement inclure dans votre site Web jQuery sans acheter de version payante. Avec notre \u00e9diteur intuitif, tout internaute peut cr\u00e9er un widget de banni\u00e8re en ligne et l&rsquo;int\u00e9grer facilement \u00e0 son site Web jQuery. Il n&rsquo;est pas n\u00e9cessaire de payer ou de saisir les informations d&rsquo;identification de votre carte pour acc\u00e9der au service. Si vous rencontrez des probl\u00e8mes \u00e0 n&rsquo;importe quelle \u00e9tape, n&rsquo;h\u00e9sitez pas \u00e0 contacter notre \u00e9quipe d&rsquo;assistance technique.<\/p> <\/div>\r\n\t\t\t\t\t<\/div>\r\n\t\t\t\t<\/div> <\/div> <\/div>","protected":false},"excerpt":{"rendered":"","protected":false},"author":9,"featured_media":0,"parent":3637,"menu_order":0,"comment_status":"closed","ping_status":"closed","template":"templates\/template-application-platform.php","meta":{"publish_to_discourse":"","publish_post_category":"","wpdc_auto_publish_overridden":"","wpdc_topic_tags":"","wpdc_pin_topic":"","wpdc_pin_until":"","discourse_post_id":"","discourse_permalink":"","wpdc_publishing_response":"","wpdc_publishing_error":"","footnotes":""},"class_list":["post-8148","page","type-page","status-publish","hentry"],"yoast_head":"<!-- This site is optimized with the Yoast SEO plugin v25.3.1 - https:\/\/yoast.com\/wordpress\/plugins\/seo\/ -->\n<title>Ajoutez le plugin Banner au site Web Jquery. Rapide et gratuit (2025)<\/title>\n<meta name=\"description\" content=\"Ajoutez un plugin convivial pour jQuery Banner sur votre site Web. Essayez la d\u00e9mo pratique d&#039;Elfsight et cr\u00e9ez votre superbe banni\u00e8re en seulement trois clics\" \/>\n<meta name=\"robots\" content=\"index, follow, max-snippet:-1, max-image-preview:large, max-video-preview:-1\" \/>\n<link rel=\"canonical\" href=\"https:\/\/elfsight.com\/fr\/banner-widget\/jquery\/\" \/>\n<meta property=\"og:locale\" content=\"fr_FR\" \/>\n<meta property=\"og:type\" content=\"article\" \/>\n<meta property=\"og:title\" content=\"Ajoutez le plugin Banner au site Web Jquery. Rapide et gratuit (2025)\" \/>\n<meta property=\"og:description\" content=\"Ajoutez un plugin convivial pour jQuery Banner sur votre site Web. Essayez la d\u00e9mo pratique d&#039;Elfsight et cr\u00e9ez votre superbe banni\u00e8re en seulement trois clics\" \/>\n<meta property=\"og:url\" content=\"https:\/\/elfsight.com\/fr\/banner-widget\/jquery\/\" \/>\n<meta property=\"og:site_name\" content=\"Elfsight FR\" \/>\n<meta property=\"article:modified_time\" content=\"2025-07-09T10:11:25+00:00\" \/>\n<meta name=\"twitter:card\" content=\"summary_large_image\" \/>\n<meta name=\"twitter:label1\" content=\"Dur\u00e9e de lecture estim\u00e9e\" \/>\n\t<meta name=\"twitter:data1\" content=\"3 minutes\" \/>\n<!-- \/ Yoast SEO plugin. -->","yoast_head_json":{"title":"Ajoutez le plugin Banner au site Web Jquery. Rapide et gratuit (2025)","description":"Ajoutez un plugin convivial pour jQuery Banner sur votre site Web. Essayez la d\u00e9mo pratique d'Elfsight et cr\u00e9ez votre superbe banni\u00e8re en seulement trois clics","robots":{"index":"index","follow":"follow","max-snippet":"max-snippet:-1","max-image-preview":"max-image-preview:large","max-video-preview":"max-video-preview:-1"},"canonical":"https:\/\/elfsight.com\/fr\/banner-widget\/jquery\/","og_locale":"fr_FR","og_type":"article","og_title":"Ajoutez le plugin Banner au site Web Jquery. Rapide et gratuit (2025)","og_description":"Ajoutez un plugin convivial pour jQuery Banner sur votre site Web. Essayez la d\u00e9mo pratique d'Elfsight et cr\u00e9ez votre superbe banni\u00e8re en seulement trois clics","og_url":"https:\/\/elfsight.com\/fr\/banner-widget\/jquery\/","og_site_name":"Elfsight FR","article_modified_time":"2025-07-09T10:11:25+00:00","twitter_card":"summary_large_image","twitter_misc":{"Dur\u00e9e de lecture estim\u00e9e":"3 minutes"},"schema":{"@context":"https:\/\/schema.org","@graph":[{"@type":"WebPage","@id":"https:\/\/elfsight.com\/fr\/banner-widget\/jquery\/","url":"https:\/\/elfsight.com\/fr\/banner-widget\/jquery\/","name":"Ajoutez le plugin Banner au site Web Jquery. Rapide et gratuit (2025)","isPartOf":{"@id":"https:\/\/elfsight.com\/fr\/#website"},"datePublished":"2024-05-03T06:29:57+00:00","dateModified":"2025-07-09T10:11:25+00:00","description":"Ajoutez un plugin convivial pour jQuery Banner sur votre site Web. Essayez la d\u00e9mo pratique d'Elfsight et cr\u00e9ez votre superbe banni\u00e8re en seulement trois clics","breadcrumb":{"@id":"https:\/\/elfsight.com\/fr\/banner-widget\/jquery\/#breadcrumb"},"inLanguage":"fr-FR","potentialAction":[{"@type":"ReadAction","target":["https:\/\/elfsight.com\/fr\/banner-widget\/jquery\/"]}]},{"@type":"BreadcrumbList","@id":"https:\/\/elfsight.com\/fr\/banner-widget\/jquery\/#breadcrumb","itemListElement":[{"@type":"ListItem","position":1,"name":"Home","item":"https:\/\/elfsight.com\/fr\/"},{"@type":"ListItem","position":2,"name":"Banner","item":"https:\/\/elfsight.com\/fr\/banner-widget\/"},{"@type":"ListItem","position":3,"name":"Banner &#8211; jQuery"}]},{"@type":"WebSite","@id":"https:\/\/elfsight.com\/fr\/#website","url":"https:\/\/elfsight.com\/fr\/","name":"Elfsight FR","description":"","potentialAction":[{"@type":"SearchAction","target":{"@type":"EntryPoint","urlTemplate":"https:\/\/elfsight.com\/fr\/?s={search_term_string}"},"query-input":{"@type":"PropertyValueSpecification","valueRequired":true,"valueName":"search_term_string"}}],"inLanguage":"fr-FR"}]}},"meta_box":{"industry":"","seo_heading":"","heading":"","description":"","cta_heading":"","cta_description":"","application":"3636","h1":"Plugin de banni\u00e8re jQuery","h1_caption":"Affichez des banni\u00e8res personnalisables sur votre site Web pour promouvoir des offres, annoncer des \u00e9v\u00e9nements ou attirer l'attention sur le contenu cl\u00e9 de votre site Web jQuery sans effort.","application_category":[],"applications_title":"","applications_request_title":"","applications_request_button_text":"","hero_text":"","hero_video":"","hero_video_schema_markup":"","selling_points_title":"","selling_points_caption":"","selling_points":[],"selling_points_cta_text":"","features_title":"","features":"","ed_cta_examples_text":"","ed_cta_examples_hidden":"","ed_cta_demo_text":"","ed_cta_demo_hidden":"","why_caption":"","why_editor_title":"","why_editor_text":"","why_team_title":"","why_team_text":"","why_service_title":"","why_service_text":"","template_catalog_visible":"","template_catalog_title":"","template_catalog_text":"","template_catalog_categories_visible":"","demo_title":"Cr\u00e9ez votre plugin de banni\u00e8re","demo_caption":"Configurez votre banni\u00e8re et ajoutez-la gratuitement \u00e0 votre site Web jQuery\u00a0!","default_faq_hidden":"","app_template_category":[],"platform":"355","template_public_id":"","codecanyon_url":"","codecanyon_item_id":"","codecanyon_price":"","pricing_caption":"","pricing_elfsight_apps_hide_column":"","pricing_elfsight_apps_url":"","pricing_codecanyon_price_caption":"","integration_category":[],"integration_request_title":"","integration_request_cta":"","integration_platform":"","integrations":[],"platform_category":[],"video_schema_markup":"","price":"\u00e0 partir de 0$ \/ mois","trial":"","benefits":[{"text":"Assistance \u00e0 l'installation gratuite"},{"text":"Soutien exceptionnel"},{"text":"Garantie de remboursement de 14 jours"},{"text":"Mise \u00e0 jour constante"}],"button_url":"#demo","button_target_blank":"","button_nofollow":"","attributes":[{"name":"Installations","content":"10,000 - 100,000"},{"name":"Sensible","content":"Oui"},{"name":"Navigateurs compatibles","content":"Firefox, Safari, Opera, Chrome, Edge"}],"tags":[],"tags_disable_links":"","hide_more_platforms":"","video_object":"","demo_hide_cta":"","demo_hide_cloud_options":"","pricing_title":"","pricing":[{"pricing_icon":"platform","pricing_title":"Elfsight Apps","pricing_title_caption":"Logiciel multiplateforme qui fonctionne sur n'importe quel site Web","pricing_price":"from $0 \/ month","pricing_price_caption":"commencez avec un forfait gratuit","pricing_benefits":[{"text":"Domaines illimit\u00e9s"},{"text":"Support professionnel de l\u2019entreprise et bien document\u00e9"},{"text":"Assistance \u00e0 l'installation gratuite"},{"text":"Enti\u00e8rement personnalisable"}],"pricing_button_text":"Ajouter au site Web","pricing_button_url":"#demo"}],"related_apps_title":"","related_apps_hidden":"","author":"","image":[],"title":"","job":"","social_networks":[]},"_links":{"self":[{"href":"https:\/\/elfsight.com\/fr\/wp-json\/wp\/v2\/pages\/8148","targetHints":{"allow":["GET"]}}],"collection":[{"href":"https:\/\/elfsight.com\/fr\/wp-json\/wp\/v2\/pages"}],"about":[{"href":"https:\/\/elfsight.com\/fr\/wp-json\/wp\/v2\/types\/page"}],"author":[{"embeddable":true,"href":"https:\/\/elfsight.com\/fr\/wp-json\/wp\/v2\/users\/9"}],"replies":[{"embeddable":true,"href":"https:\/\/elfsight.com\/fr\/wp-json\/wp\/v2\/comments?post=8148"}],"version-history":[{"count":1,"href":"https:\/\/elfsight.com\/fr\/wp-json\/wp\/v2\/pages\/8148\/revisions"}],"predecessor-version":[{"id":8152,"href":"https:\/\/elfsight.com\/fr\/wp-json\/wp\/v2\/pages\/8148\/revisions\/8152"}],"up":[{"embeddable":true,"href":"https:\/\/elfsight.com\/fr\/wp-json\/wp\/v2\/pages\/3637"}],"wp:attachment":[{"href":"https:\/\/elfsight.com\/fr\/wp-json\/wp\/v2\/media?parent=8148"}],"curies":[{"name":"wp","href":"https:\/\/api.w.org\/{rel}","templated":true}]}}