{"id":8140,"date":"2024-05-03T06:29:53","date_gmt":"2024-05-03T06:29:53","guid":{"rendered":"https:\/\/elfsight.com\/fr\/?page_id=8140"},"modified":"2026-01-29T10:04:16","modified_gmt":"2026-01-29T10:04:16","slug":"html","status":"publish","type":"page","link":"https:\/\/elfsight.com\/fr\/banner-widget\/html\/","title":{"rendered":"Banner &#8211; HTML"},"content":{"rendered":"<div class=\"application-platform-content-item-description application-platform-content-item\" id=\"description\" data-nav-section=\"description\"> <h2>Description<\/h2> <p>Le widget Elfsight Banner pour HTML est une fonctionnalit\u00e9 extr\u00eamement personnalisable. Actuellement, vous avez la possibilit\u00e9 de cr\u00e9er une banni\u00e8re promotionnelle pour n\u2019importe quel usage. Il vous suffit de s\u00e9lectionner une image de fond, le type de fond, de d\u00e9terminer sa position, d&rsquo;ajouter le titre et le texte. N&rsquo;oubliez pas d&rsquo;attacher un bouton CTA &#8211; un \u00e9l\u00e9ment essentiel de toute banni\u00e8re. Et bien s\u00fbr, vous \u00eates libre de modifier les couleurs du widget selon vos besoins. <\/p> <p><b>Avec la banni\u00e8re attrayante sur les pages de votre site Web, renforcez vos produits et services, incitant davantage de visiteurs du site Web \u00e0 effectuer un achat<\/b><\/p> <\/div> <div class=\"application-platform-content-item- fonctionnalit\u00e9s application-platform-content-item\" id=\" fonctionnalit\u00e9s\" data-nav-section=\" fonctionnalit\u00e9s\"> <h2>Nous proposons des fonctionnalit\u00e9s pratiques et simples, v\u00e9rifiez-en quelques-unes\u00a0: <\/h2> <ul><li>T\u00e9l\u00e9chargez des photos et des vid\u00e9os adapt\u00e9es. <\/li><li>Joignez des liens, votre e-mail ou votre num\u00e9ro de t\u00e9l\u00e9phone<\/li><li>Joignez un titre et un texte. <\/li><li>Formez votre bouton CTA. <\/li><li>Autoriser le remplissage ou le contour du bouton. <\/li><\/ul><p><a href=\"#demo\">Explorez tous les param\u00e8tres dans une d\u00e9mo 100% fonctionnelle<\/a><\/p> <\/div> <div class=\"application-platform-content-item-installation application-platform-content-item\" id=\"installation\" data-nav-section=\"installation\"> <h2>Comment ajouter une banni\u00e8re sur mon site HTML ? <\/h2><div class=\"video-container\">\n<iframe width=\"720\" height=\"405\" src=\"https:\/\/www.youtube.com\/embed\/Lx-pd_sWv04?si=1KqkN7ZxLJsHF7wv\" frameborder=\"0\" allowfullscreen=\"\"><\/iframe>\n<\/div> <p>Appliquez simplement les instructions ci-dessous pour commencer \u00e0 utiliser le widget. <\/p> <ol><li><b>R\u00e9alisez notre d\u00e9mo gratuite et commencez \u00e0 cr\u00e9er votre propre plugin. <\/b><br> Choisissez l&rsquo;apparence et les fonctionnalit\u00e9s pr\u00e9f\u00e9r\u00e9es de l&rsquo;outil et enregistrez les modifications. <\/li> <li><b>Obtenez votre code individuel r\u00e9v\u00e9l\u00e9 dans la fen\u00eatre des applications Elfsight. <\/b><br> Juste apr\u00e8s la personnalisation de votre plugin, copiez le code exclusif de la fen\u00eatre contextuelle qui appara\u00eet et enregistrez-le pour vos besoins futurs. <\/li> <li><b>Initiez l&rsquo;utilisation du widget sur votre site HTML. <\/b><br> Ins\u00e9rez le code que vous avez copi\u00e9 auparavant dans votre site Web et enregistrez les modifications. <\/li> <li><b>L&rsquo;installation est enti\u00e8rement termin\u00e9e. <\/b><br> Rendez-vous sur votre site pour observer le fonctionnement du widget. <\/li><\/ol> <p>En cas de questions ou de difficult\u00e9s, n&rsquo;h\u00e9sitez pas \u00e0 demander de l&rsquo;aide \u00e0 notre \u00e9quipe d&rsquo;assistance. Nos collaborateurs ont h\u00e2te de r\u00e9soudre toutes les difficult\u00e9s que vous pourriez rencontrer avec l&rsquo;outil. <\/p> <div class=\"faq\" data-component=\"FAQ\"> <div class=\"faq-item\">\r\n\t\t\t\t\t<div class=\"faq-item-question\">\r\n\t\t\t\t\t\t<h3 class=\"faq-item-question-text\">Comment puis-je ajouter une banni\u00e8re \u00e0 mon site Web HTML sans comp\u00e9tences en codage ?<\/h3>\r\n\r\n\t\t\t\t\t\t<div class=\"faq-item-question-icon\"><\/div>\r\n\t\t\t\t\t<\/div>\r\n\r\n\t\t\t\t\t<div class=\"faq-item-answer\">\r\n\t\t\t\t\t\t<div class=\"faq-item-answer-text\"> <p>Elfsight fournit une solution SaaS qui vous permet de cr\u00e9er vous-m\u00eame un widget de banni\u00e8re, voyez \u00e0 quel point le processus est simple : Travaillez directement dans l&rsquo;\u00e9diteur en ligne pour cr\u00e9er un widget de banni\u00e8re que vous aimeriez voir sur votre site Web HTML. Choisissez l&rsquo;un des mod\u00e8les pr\u00e9d\u00e9finis et ajustez les param\u00e8tres de la banni\u00e8re, ajoutez votre contenu, modifiez la mise en page et la palette de couleurs sans comp\u00e9tences en codage. Enregistrez la banni\u00e8re et copiez son code d&rsquo;installation, que vous pourrez facilement coller dans votre site Web HTML sans avoir besoin d&rsquo;acheter un forfait payant. Gr\u00e2ce \u00e0 notre \u00e9diteur intuitif, tout internaute peut cr\u00e9er un widget de banni\u00e8re en ligne et l&rsquo;int\u00e9grer facilement \u00e0 son site Web HTML. Il n&rsquo;est pas n\u00e9cessaire de payer ou de saisir les informations d&rsquo;identification de votre carte pour acc\u00e9der au service. Si vous rencontrez des probl\u00e8mes \u00e0 n&rsquo;importe quelle \u00e9tape, n&rsquo;h\u00e9sitez pas \u00e0 contacter notre \u00e9quipe d&rsquo;assistance technique.<\/p> <\/div>\r\n\t\t\t\t\t<\/div>\r\n\t\t\t\t<\/div> <\/div> <\/div>","protected":false},"excerpt":{"rendered":"","protected":false},"author":9,"featured_media":0,"parent":3637,"menu_order":0,"comment_status":"closed","ping_status":"closed","template":"templates\/template-application-platform.php","meta":{"publish_to_discourse":"","publish_post_category":"","wpdc_auto_publish_overridden":"","wpdc_topic_tags":"","wpdc_pin_topic":"","wpdc_pin_until":"","discourse_post_id":"","discourse_permalink":"","wpdc_publishing_response":"","wpdc_publishing_error":"","footnotes":""},"class_list":["post-8140","page","type-page","status-publish","hentry"],"yoast_head":"<!-- This site is optimized with the Yoast SEO plugin v25.3.1 - https:\/\/yoast.com\/wordpress\/plugins\/seo\/ -->\n<title>Int\u00e9grez le widget Banni\u00e8re au site Web HTML. Rapide et gratuit ( 2025 )<\/title>\n<meta name=\"description\" content=\"Int\u00e9grez un widget de banni\u00e8re HTML convivial sur votre site Web. Utilisez la d\u00e9mo pratique d&#039;Elfsight et g\u00e9n\u00e9rez votre fascinante banni\u00e8re en seulement trois minutes\" \/>\n<meta name=\"robots\" content=\"index, follow, max-snippet:-1, max-image-preview:large, max-video-preview:-1\" \/>\n<link rel=\"canonical\" href=\"https:\/\/elfsight.com\/fr\/banner-widget\/html\/\" \/>\n<meta property=\"og:locale\" content=\"fr_FR\" \/>\n<meta property=\"og:type\" content=\"article\" \/>\n<meta property=\"og:title\" content=\"Int\u00e9grez le widget Banni\u00e8re au site Web HTML. Rapide et gratuit ( 2025 )\" \/>\n<meta property=\"og:description\" content=\"Int\u00e9grez un widget de banni\u00e8re HTML convivial sur votre site Web. Utilisez la d\u00e9mo pratique d&#039;Elfsight et g\u00e9n\u00e9rez votre fascinante banni\u00e8re en seulement trois minutes\" \/>\n<meta property=\"og:url\" content=\"https:\/\/elfsight.com\/fr\/banner-widget\/html\/\" \/>\n<meta property=\"og:site_name\" content=\"Elfsight FR\" \/>\n<meta property=\"article:modified_time\" content=\"2026-01-29T10:04:16+00:00\" \/>\n<meta name=\"twitter:card\" content=\"summary_large_image\" \/>\n<meta name=\"twitter:label1\" content=\"Dur\u00e9e de lecture estim\u00e9e\" \/>\n\t<meta name=\"twitter:data1\" content=\"3 minutes\" \/>\n<!-- \/ Yoast SEO plugin. -->","yoast_head_json":{"title":"Int\u00e9grez le widget Banni\u00e8re au site Web HTML. Rapide et gratuit ( 2025 )","description":"Int\u00e9grez un widget de banni\u00e8re HTML convivial sur votre site Web. Utilisez la d\u00e9mo pratique d'Elfsight et g\u00e9n\u00e9rez votre fascinante banni\u00e8re en seulement trois minutes","robots":{"index":"index","follow":"follow","max-snippet":"max-snippet:-1","max-image-preview":"max-image-preview:large","max-video-preview":"max-video-preview:-1"},"canonical":"https:\/\/elfsight.com\/fr\/banner-widget\/html\/","og_locale":"fr_FR","og_type":"article","og_title":"Int\u00e9grez le widget Banni\u00e8re au site Web HTML. Rapide et gratuit ( 2025 )","og_description":"Int\u00e9grez un widget de banni\u00e8re HTML convivial sur votre site Web. Utilisez la d\u00e9mo pratique d'Elfsight et g\u00e9n\u00e9rez votre fascinante banni\u00e8re en seulement trois minutes","og_url":"https:\/\/elfsight.com\/fr\/banner-widget\/html\/","og_site_name":"Elfsight FR","article_modified_time":"2026-01-29T10:04:16+00:00","twitter_card":"summary_large_image","twitter_misc":{"Dur\u00e9e de lecture estim\u00e9e":"3 minutes"},"schema":{"@context":"https:\/\/schema.org","@graph":[{"@type":"WebPage","@id":"https:\/\/elfsight.com\/fr\/banner-widget\/html\/","url":"https:\/\/elfsight.com\/fr\/banner-widget\/html\/","name":"Int\u00e9grez le widget Banni\u00e8re au site Web HTML. Rapide et gratuit ( 2025 )","isPartOf":{"@id":"https:\/\/elfsight.com\/fr\/#website"},"datePublished":"2024-05-03T06:29:53+00:00","dateModified":"2026-01-29T10:04:16+00:00","description":"Int\u00e9grez un widget de banni\u00e8re HTML convivial sur votre site Web. Utilisez la d\u00e9mo pratique d'Elfsight et g\u00e9n\u00e9rez votre fascinante banni\u00e8re en seulement trois minutes","breadcrumb":{"@id":"https:\/\/elfsight.com\/fr\/banner-widget\/html\/#breadcrumb"},"inLanguage":"fr-FR","potentialAction":[{"@type":"ReadAction","target":["https:\/\/elfsight.com\/fr\/banner-widget\/html\/"]}]},{"@type":"BreadcrumbList","@id":"https:\/\/elfsight.com\/fr\/banner-widget\/html\/#breadcrumb","itemListElement":[{"@type":"ListItem","position":1,"name":"Home","item":"https:\/\/elfsight.com\/fr\/"},{"@type":"ListItem","position":2,"name":"Banner","item":"https:\/\/elfsight.com\/fr\/banner-widget\/"},{"@type":"ListItem","position":3,"name":"Banner &#8211; HTML"}]},{"@type":"WebSite","@id":"https:\/\/elfsight.com\/fr\/#website","url":"https:\/\/elfsight.com\/fr\/","name":"Elfsight FR","description":"","potentialAction":[{"@type":"SearchAction","target":{"@type":"EntryPoint","urlTemplate":"https:\/\/elfsight.com\/fr\/?s={search_term_string}"},"query-input":{"@type":"PropertyValueSpecification","valueRequired":true,"valueName":"search_term_string"}}],"inLanguage":"fr-FR"}]}},"meta_box":{"industry":"","seo_heading":"","heading":"","description":"","cta_heading":"","cta_description":"","application":"3636","h1":"Widget de banni\u00e8re HTML","h1_caption":"Affichez des banni\u00e8res personnalisables sur votre site Web pour promouvoir des offres, annoncer des \u00e9v\u00e9nements ou attirer l'attention sur le contenu cl\u00e9 de votre site Web HTML sans effort.","application_category":[],"applications_title":"","applications_request_title":"","applications_request_button_text":"","hero_text":"","hero_video":"","hero_video_schema_markup":"","selling_points_title":"","selling_points_caption":"","selling_points":[],"selling_points_cta_text":"","features_title":"","features":"","ed_cta_examples_text":"","ed_cta_examples_hidden":"","ed_cta_demo_text":"","ed_cta_demo_hidden":"","why_caption":"","why_editor_title":"","why_editor_text":"","why_team_title":"","why_team_text":"","why_service_title":"","why_service_text":"","template_catalog_visible":"0","template_catalog_title":"","template_catalog_text":"","template_catalog_categories_visible":"","demo_title":"Cr\u00e9ez votre widget Banni\u00e8re","demo_caption":"Configurez votre banni\u00e8re et ajoutez-la \u00e0 votre site HTML gratuitement !","default_faq_hidden":"","app_template_category":[],"platform":"352","template_public_id":"","codecanyon_url":"","codecanyon_item_id":"","codecanyon_price":"","pricing_caption":"","pricing_elfsight_apps_hide_column":"","pricing_elfsight_apps_url":"","pricing_codecanyon_price_caption":"","integration_category":[],"integration_request_title":"","integration_request_cta":"","integration_platform":"","integrations":[],"platform_category":[],"video_schema_markup":"","price":"\u00e0 partir de 0$ \/ mois","trial":"","benefits":[{"text":"Aide \u00e0 l'installation gratuite"},{"text":"Assistance premium"},{"text":"Garantie de remboursement de 14 jours"},{"text":"Mise \u00e0 jour constante"}],"button_url":"#demo","button_target_blank":"0","button_nofollow":"0","attributes":[{"name":"Installations","content":"10,000 - 100,000"},{"name":"Sensible","content":"Oui"},{"name":"Navigateurs compatibles","content":"Firefox, Safari, Opera, Chrome, Edge"}],"tags":[],"tags_disable_links":"0","hide_more_platforms":"0","video_object":"","demo_hide_cta":"0","demo_hide_cloud_options":"0","pricing_title":"","pricing":[{"pricing_icon":"platform","pricing_title":"Elfsight Apps","pricing_title_caption":"Version multiplateforme qui fonctionne sur n'importe quel site","pricing_price":"from $0 \/ month","pricing_price_caption":"commencez avec un forfait gratuit","pricing_benefits":[{"text":"Domaines illimit\u00e9s"},{"text":"Support client d\u00e9di\u00e9 et bien document\u00e9"},{"text":"Aide \u00e0 l'installation gratuite"},{"text":"100% personnalisable"}],"pricing_button_text":"Ajouter au site Web","pricing_button_url":"#demo"}],"related_apps_title":"","related_apps_hidden":"0","author":"","image":[],"title":"","job":"","social_networks":[]},"_links":{"self":[{"href":"https:\/\/elfsight.com\/fr\/wp-json\/wp\/v2\/pages\/8140","targetHints":{"allow":["GET"]}}],"collection":[{"href":"https:\/\/elfsight.com\/fr\/wp-json\/wp\/v2\/pages"}],"about":[{"href":"https:\/\/elfsight.com\/fr\/wp-json\/wp\/v2\/types\/page"}],"author":[{"embeddable":true,"href":"https:\/\/elfsight.com\/fr\/wp-json\/wp\/v2\/users\/9"}],"replies":[{"embeddable":true,"href":"https:\/\/elfsight.com\/fr\/wp-json\/wp\/v2\/comments?post=8140"}],"version-history":[{"count":2,"href":"https:\/\/elfsight.com\/fr\/wp-json\/wp\/v2\/pages\/8140\/revisions"}],"predecessor-version":[{"id":16800,"href":"https:\/\/elfsight.com\/fr\/wp-json\/wp\/v2\/pages\/8140\/revisions\/16800"}],"up":[{"embeddable":true,"href":"https:\/\/elfsight.com\/fr\/wp-json\/wp\/v2\/pages\/3637"}],"wp:attachment":[{"href":"https:\/\/elfsight.com\/fr\/wp-json\/wp\/v2\/media?parent=8140"}],"curies":[{"name":"wp","href":"https:\/\/api.w.org\/{rel}","templated":true}]}}