{"id":8124,"date":"2024-05-03T06:29:45","date_gmt":"2024-05-03T06:29:45","guid":{"rendered":"https:\/\/elfsight.com\/fr\/?page_id=8124"},"modified":"2025-07-09T10:12:28","modified_gmt":"2025-07-09T10:12:28","slug":"wix","status":"publish","type":"page","link":"https:\/\/elfsight.com\/fr\/banner-widget\/wix\/","title":{"rendered":"Banner &#8211; Wix"},"content":{"rendered":"<div class=\"application-platform-content-item-description application-platform-content-item\" id=\"description\" data-nav-section=\"description\"> <h2>Description<\/h2> <p>L&rsquo;application Elfsight Banner pour Wix est une fonctionnalit\u00e9 extr\u00eamement personnalisable. Vous avez d\u00e9sormais la possibilit\u00e9 de cr\u00e9er une banni\u00e8re promotionnelle pour n\u2019importe quel usage. Il suffit de choisir une image de fond, le type de fond, de d\u00e9terminer sa position, d&rsquo;ajouter le titre et le texte. N&rsquo;oubliez pas d&rsquo;attacher un bouton CTA &#8211; un \u00e9l\u00e9ment central de toute banni\u00e8re promotionnelle. Et bien s\u00fbr, vous \u00eates libre d\u2019ajuster les couleurs du widget comme cela vous convient. <\/p> <p><b>En utilisant la banni\u00e8re attrayante sur les pages de votre site Web, am\u00e9liorez vos produits et services et incitez davantage de visiteurs \u00e0 effectuer un achat<\/b><\/p> <\/div> <div class=\"application-platform-content-item-features  application-platform-content-item\" id=\"features \" data-nav-section=\"features \"> <h2>Ce ne sont l\u00e0 que quelques-unes des puissantes fonctionnalit\u00e9s de l&rsquo;application\u00a0: <\/h2> <ul><li>T\u00e9l\u00e9chargez des photos et des vid\u00e9os adapt\u00e9es. <\/li><li>Ajoutez des liens, un e-mail ou un t\u00e9l\u00e9phone. <\/li><li>Joignez un titre et un texte. <\/li><li>Cr\u00e9ez un bouton CTA. <\/li><li>Autorisez le remplissage ou le contour de votre bouton. <\/li><\/ul><p><a href=\"#demo\">Essayez simplement cette d\u00e9mo pour avoir une id\u00e9e compl\u00e8te<\/a><\/p> <\/div> <div class=\"application-platform-content-item-installation application-platform-content-item\" id=\"installation\" data-nav-section=\"installation\"> <h2>Comment int\u00e9grer Banner \u00e0 mon site Wix\u00a0? <\/h2> <p>Suivez simplement les instructions ci-dessous pour ajouter l&rsquo;application. <\/p> <ol><li><b>R\u00e9alisez notre d\u00e9mo gratuite et commencez \u00e0 cr\u00e9er votre instrument personnalis\u00e9. <\/b><br> Sp\u00e9cifiez la disposition et les param\u00e8tres souhait\u00e9s du plugin et appliquez les corrections. <\/li> <li><b>Copiez le code personnel affich\u00e9 dans le formulaire sp\u00e9cial sur Elfsight Apps. <\/b><br> D\u00e8s que la configuration de votre application est termin\u00e9e, copiez le code personnel dans la case qui appara\u00eet et enregistrez-le pour une utilisation ult\u00e9rieure. <\/li> <li><b>Entrez sur l&rsquo;utilisation de l&rsquo;outil sur le site Web de Wix. <\/b><br> Impl\u00e9mentez le code que vous avez enregistr\u00e9 r\u00e9cemment sur votre site Web et appliquez les modifications. <\/li> <li><b>Fait\u00a0! L&rsquo;installation s&rsquo;est termin\u00e9e avec succ\u00e8s. <\/b><br> Acc\u00e9dez \u00e0 votre page Web pour v\u00e9rifier le fonctionnement de l&rsquo;application. <\/li><\/ol> <p>\u00c0 condition de r\u00e9pondre \u00e0 des demandes de renseignements ou de rencontrer des difficult\u00e9s, n&rsquo;h\u00e9sitez pas \u00e0 faire appel \u00e0 notre service client. Nos collaborateurs seront ravis de r\u00e9soudre tous les probl\u00e8mes que vous pourriez rencontrer avec l&rsquo;outil. <\/p> <div class=\"faq\" data-component=\"FAQ\"> <div class=\"faq-item\">\r\n\t\t\t\t\t<div class=\"faq-item-question\">\r\n\t\t\t\t\t\t<h3 class=\"faq-item-question-text\">Comment ajouter une banni\u00e8re \u00e0 mon site Wix sans comp\u00e9tences en codage ?<\/h3>\r\n\r\n\t\t\t\t\t\t<div class=\"faq-item-question-icon\"><\/div>\r\n\t\t\t\t\t<\/div>\r\n\r\n\t\t\t\t\t<div class=\"faq-item-answer\">\r\n\t\t\t\t\t\t<div class=\"faq-item-answer-text\"> <p>Elfsight fournit une solution SaaS qui vous permet de cr\u00e9er vous-m\u00eame un widget de banni\u00e8re. Voyez \u00e0 quel point le processus est simple\u00a0: Travaillez directement dans l&rsquo;\u00e9diteur en ligne pour cr\u00e9er un widget de banni\u00e8re que vous aimeriez voir sur votre site Web Wix. Choisissez l&rsquo;un des mod\u00e8les pr\u00e9d\u00e9finis et ajustez les param\u00e8tres de la banni\u00e8re, ajoutez votre contenu, modifiez la mise en page et la palette de couleurs sans aucune comp\u00e9tence en codage. Enregistrez la banni\u00e8re et copiez son code d&rsquo;installation, que vous pourrez facilement ajouter \u00e0 votre site Web Wix sans avoir besoin d&rsquo;acheter un forfait payant. Gr\u00e2ce \u00e0 notre \u00e9diteur intuitif, tout internaute peut cr\u00e9er un widget de banni\u00e8re en ligne et l&rsquo;int\u00e9grer facilement \u00e0 son site Web Wix. Il n&rsquo;est pas n\u00e9cessaire de payer ou de saisir les informations d&rsquo;identification de votre carte pour acc\u00e9der au service. Si vous rencontrez des probl\u00e8mes \u00e0 n&rsquo;importe quelle \u00e9tape, n&rsquo;h\u00e9sitez pas \u00e0 contacter notre \u00e9quipe d&rsquo;assistance technique.<\/p> <\/div>\r\n\t\t\t\t\t<\/div>\r\n\t\t\t\t<\/div> <\/div> <\/div>","protected":false},"excerpt":{"rendered":"","protected":false},"author":9,"featured_media":0,"parent":3637,"menu_order":0,"comment_status":"closed","ping_status":"closed","template":"templates\/template-application-platform.php","meta":{"publish_to_discourse":"","publish_post_category":"","wpdc_auto_publish_overridden":"","wpdc_topic_tags":"","wpdc_pin_topic":"","wpdc_pin_until":"","discourse_post_id":"","discourse_permalink":"","wpdc_publishing_response":"","wpdc_publishing_error":"","footnotes":""},"class_list":["post-8124","page","type-page","status-publish","hentry"],"yoast_head":"<!-- This site is optimized with the Yoast SEO plugin v25.3.1 - https:\/\/yoast.com\/wordpress\/plugins\/seo\/ -->\n<title>Int\u00e9grez l&#039;application Banner au site Web Wix. Rapide et gratuit (2025)<\/title>\n<meta name=\"description\" content=\"Ins\u00e9rez une application Wix Banner conviviale sur votre site. Utilisez la d\u00e9mo pratique d&#039;Elfsight et cr\u00e9ez votre magnifique banni\u00e8re en quelques minutes simples\" \/>\n<meta name=\"robots\" content=\"index, follow, max-snippet:-1, max-image-preview:large, max-video-preview:-1\" \/>\n<link rel=\"canonical\" href=\"https:\/\/elfsight.com\/fr\/banner-widget\/wix\/\" \/>\n<meta property=\"og:locale\" content=\"fr_FR\" \/>\n<meta property=\"og:type\" content=\"article\" \/>\n<meta property=\"og:title\" content=\"Int\u00e9grez l&#039;application Banner au site Web Wix. Rapide et gratuit (2025)\" \/>\n<meta property=\"og:description\" content=\"Ins\u00e9rez une application Wix Banner conviviale sur votre site. Utilisez la d\u00e9mo pratique d&#039;Elfsight et cr\u00e9ez votre magnifique banni\u00e8re en quelques minutes simples\" \/>\n<meta property=\"og:url\" content=\"https:\/\/elfsight.com\/fr\/banner-widget\/wix\/\" \/>\n<meta property=\"og:site_name\" content=\"Elfsight FR\" \/>\n<meta property=\"article:modified_time\" content=\"2025-07-09T10:12:28+00:00\" \/>\n<meta name=\"twitter:card\" content=\"summary_large_image\" \/>\n<meta name=\"twitter:label1\" content=\"Dur\u00e9e de lecture estim\u00e9e\" \/>\n\t<meta name=\"twitter:data1\" content=\"3 minutes\" \/>\n<!-- \/ Yoast SEO plugin. -->","yoast_head_json":{"title":"Int\u00e9grez l'application Banner au site Web Wix. Rapide et gratuit (2025)","description":"Ins\u00e9rez une application Wix Banner conviviale sur votre site. Utilisez la d\u00e9mo pratique d'Elfsight et cr\u00e9ez votre magnifique banni\u00e8re en quelques minutes simples","robots":{"index":"index","follow":"follow","max-snippet":"max-snippet:-1","max-image-preview":"max-image-preview:large","max-video-preview":"max-video-preview:-1"},"canonical":"https:\/\/elfsight.com\/fr\/banner-widget\/wix\/","og_locale":"fr_FR","og_type":"article","og_title":"Int\u00e9grez l'application Banner au site Web Wix. Rapide et gratuit (2025)","og_description":"Ins\u00e9rez une application Wix Banner conviviale sur votre site. Utilisez la d\u00e9mo pratique d'Elfsight et cr\u00e9ez votre magnifique banni\u00e8re en quelques minutes simples","og_url":"https:\/\/elfsight.com\/fr\/banner-widget\/wix\/","og_site_name":"Elfsight FR","article_modified_time":"2025-07-09T10:12:28+00:00","twitter_card":"summary_large_image","twitter_misc":{"Dur\u00e9e de lecture estim\u00e9e":"3 minutes"},"schema":{"@context":"https:\/\/schema.org","@graph":[{"@type":"WebPage","@id":"https:\/\/elfsight.com\/fr\/banner-widget\/wix\/","url":"https:\/\/elfsight.com\/fr\/banner-widget\/wix\/","name":"Int\u00e9grez l'application Banner au site Web Wix. Rapide et gratuit (2025)","isPartOf":{"@id":"https:\/\/elfsight.com\/fr\/#website"},"datePublished":"2024-05-03T06:29:45+00:00","dateModified":"2025-07-09T10:12:28+00:00","description":"Ins\u00e9rez une application Wix Banner conviviale sur votre site. Utilisez la d\u00e9mo pratique d'Elfsight et cr\u00e9ez votre magnifique banni\u00e8re en quelques minutes simples","breadcrumb":{"@id":"https:\/\/elfsight.com\/fr\/banner-widget\/wix\/#breadcrumb"},"inLanguage":"fr-FR","potentialAction":[{"@type":"ReadAction","target":["https:\/\/elfsight.com\/fr\/banner-widget\/wix\/"]}]},{"@type":"BreadcrumbList","@id":"https:\/\/elfsight.com\/fr\/banner-widget\/wix\/#breadcrumb","itemListElement":[{"@type":"ListItem","position":1,"name":"Home","item":"https:\/\/elfsight.com\/fr\/"},{"@type":"ListItem","position":2,"name":"Banner","item":"https:\/\/elfsight.com\/fr\/banner-widget\/"},{"@type":"ListItem","position":3,"name":"Banner &#8211; Wix"}]},{"@type":"WebSite","@id":"https:\/\/elfsight.com\/fr\/#website","url":"https:\/\/elfsight.com\/fr\/","name":"Elfsight FR","description":"","potentialAction":[{"@type":"SearchAction","target":{"@type":"EntryPoint","urlTemplate":"https:\/\/elfsight.com\/fr\/?s={search_term_string}"},"query-input":{"@type":"PropertyValueSpecification","valueRequired":true,"valueName":"search_term_string"}}],"inLanguage":"fr-FR"}]}},"meta_box":{"industry":"","seo_heading":"","heading":"","description":"","cta_heading":"","cta_description":"","application":"3636","h1":"Application Wix Banni\u00e8re","h1_caption":"Affichez des banni\u00e8res personnalisables sur votre site Web pour promouvoir des offres, annoncer des \u00e9v\u00e9nements ou attirer l'attention sur le contenu cl\u00e9 de votre site Web Wix sans effort.","application_category":[],"applications_title":"","applications_request_title":"","applications_request_button_text":"","hero_text":"","hero_video":"","hero_video_schema_markup":"","selling_points_title":"","selling_points_caption":"","selling_points":[],"selling_points_cta_text":"","features_title":"","features":"","ed_cta_examples_text":"","ed_cta_examples_hidden":"","ed_cta_demo_text":"","ed_cta_demo_hidden":"","why_caption":"","why_editor_title":"","why_editor_text":"","why_team_title":"","why_team_text":"","why_service_title":"","why_service_text":"","template_catalog_visible":"","template_catalog_title":"","template_catalog_text":"","template_catalog_categories_visible":"","demo_title":"Cr\u00e9ez votre application Banni\u00e8re","demo_caption":"Configurez votre banni\u00e8re et ajoutez-la \u00e0 votre site Wix gratuitement !","default_faq_hidden":"","app_template_category":[],"platform":"345","template_public_id":"","codecanyon_url":"","codecanyon_item_id":"","codecanyon_price":"","pricing_caption":"","pricing_elfsight_apps_hide_column":"","pricing_elfsight_apps_url":"","pricing_codecanyon_price_caption":"","integration_category":[],"integration_request_title":"","integration_request_cta":"","integration_platform":"","integrations":[],"platform_category":[],"video_schema_markup":"","price":"\u00e0 partir de 0$ \/ mois","trial":"","benefits":[{"text":"Service d'installation gratuit"},{"text":"Assistance premium"},{"text":"Garantie de remboursement de 14 jours"},{"text":"Am\u00e9liorations gratuites et continues"}],"button_url":"#demo","button_target_blank":"","button_nofollow":"","attributes":[{"name":"Installations","content":"10,000 - 100,000"},{"name":"Sensible","content":"Oui"},{"name":"Navigateurs compatibles","content":"Firefox, Safari, Opera, Chrome, Edge"}],"tags":[],"tags_disable_links":"","hide_more_platforms":"","video_object":"","demo_hide_cta":"","demo_hide_cloud_options":"","pricing_title":"","pricing":[{"pricing_icon":"platform","pricing_title":"Elfsight Apps","pricing_title_caption":"Version ind\u00e9pendante de la plate-forme qui convient \u00e0 n'importe quel site Web","pricing_price":"from $0 \/ month","pricing_price_caption":"commencez avec un forfait gratuit","pricing_benefits":[{"text":"Domaines illimit\u00e9s"},{"text":"Accompagnement professionnel"},{"text":"Service d'installation gratuit"},{"text":"100% personnalisable"}],"pricing_button_text":"Ajouter au site Web","pricing_button_url":"#demo"}],"related_apps_title":"","related_apps_hidden":"","author":"","image":[],"title":"","job":"","social_networks":[]},"_links":{"self":[{"href":"https:\/\/elfsight.com\/fr\/wp-json\/wp\/v2\/pages\/8124","targetHints":{"allow":["GET"]}}],"collection":[{"href":"https:\/\/elfsight.com\/fr\/wp-json\/wp\/v2\/pages"}],"about":[{"href":"https:\/\/elfsight.com\/fr\/wp-json\/wp\/v2\/types\/page"}],"author":[{"embeddable":true,"href":"https:\/\/elfsight.com\/fr\/wp-json\/wp\/v2\/users\/9"}],"replies":[{"embeddable":true,"href":"https:\/\/elfsight.com\/fr\/wp-json\/wp\/v2\/comments?post=8124"}],"version-history":[{"count":1,"href":"https:\/\/elfsight.com\/fr\/wp-json\/wp\/v2\/pages\/8124\/revisions"}],"predecessor-version":[{"id":8128,"href":"https:\/\/elfsight.com\/fr\/wp-json\/wp\/v2\/pages\/8124\/revisions\/8128"}],"up":[{"embeddable":true,"href":"https:\/\/elfsight.com\/fr\/wp-json\/wp\/v2\/pages\/3637"}],"wp:attachment":[{"href":"https:\/\/elfsight.com\/fr\/wp-json\/wp\/v2\/media?parent=8124"}],"curies":[{"name":"wp","href":"https:\/\/api.w.org\/{rel}","templated":true}]}}