{"id":8114,"date":"2024-05-03T06:29:39","date_gmt":"2024-05-03T06:29:39","guid":{"rendered":"https:\/\/elfsight.com\/fr\/?page_id=8114"},"modified":"2025-07-09T10:11:16","modified_gmt":"2025-07-09T10:11:16","slug":"jimdo","status":"publish","type":"page","link":"https:\/\/elfsight.com\/fr\/banner-widget\/jimdo\/","title":{"rendered":"Banner &#8211; Jimdo"},"content":{"rendered":"<div class=\"application-platform-content-item-description application-platform-content-item\" id=\"description\" data-nav-section=\"description\"> <h2>Description<\/h2> <p>Le widget Elfsight Banner est un widget hautement personnalisable pour Jimdo. Vous avez actuellement la possibilit\u00e9 de cr\u00e9er une banni\u00e8re promotionnelle pour n\u2019importe quel objectif. Tout ce dont vous avez besoin est de choisir une image d&rsquo;arri\u00e8re-plan, le type d&rsquo;arri\u00e8re-plan, de d\u00e9cider de sa position, de joindre le titre et le texte. N&rsquo;oubliez pas d&rsquo;ajouter un bouton CTA &#8211; un \u00e9l\u00e9ment essentiel de toute banni\u00e8re promotionnelle. Et bien s\u00fbr, vous \u00eates libre de modifier la conception globale du widget comme il vous convient. <\/p> <p><b>Gr\u00e2ce \u00e0 notre banni\u00e8re attrayante sur votre site Web, soutenez vos offres et services, incitant davantage d&rsquo;utilisateurs du site Web \u00e0 effectuer un achat<\/b><\/p> <p><b>Faites de votre site Web plus efficace pour les t\u00e2ches professionnelles avec l&rsquo;aide de Jimdo<\/b><\/p> <\/div> <div class=\"application-platform-content-item-features application-platform-content-item\" id=\"features\" data-nav-section=\"features\"> <h2>Voici seulement quelques-unes des diff\u00e9rentes fonctionnalit\u00e9s du widget\u00a0: <\/h2> <ul><li>T\u00e9l\u00e9chargez des photos et des vid\u00e9os. <\/li><li>Ajoutez un lien, votre e-mail ou votre t\u00e9l\u00e9phone <\/li><li>Ajoutez un titre et un texte de l\u00e9gende. <\/li><li>Cr\u00e9ez votre bouton CTA. <\/li><li>Laissez votre bouton \u00eatre rempli ou soulign\u00e9. <\/li><\/ul><p><a href=\"#demo\">Essayez simplement cette d\u00e9mo pour voir ce que vaut le widget<\/a><\/p> <\/div> <div class=\"application-platform-content-item-installation application-platform-content-item\" id=\"installation\" data-nav-section=\"installation\"> <h2>Comment int\u00e9grer une banni\u00e8re sur mon site Jimdo ? <\/h2> <p>Suivez simplement les instructions ci-dessous pour ins\u00e9rer le widget. <\/p> <ol><li><b>Utilisez notre d\u00e9mo gratuite et commencez \u00e0 fa\u00e7onner votre widget personnalis\u00e9. <\/b><br> Sp\u00e9cifiez la conception et les sp\u00e9cifications souhaitables du widget et enregistrez les corrections. <\/li> <li><b>Obtenez le code individuel expos\u00e9 dans la fen\u00eatre des applications Elfsight. <\/b><br> Juste une fois la configuration de votre widget termin\u00e9e, copiez le code personnel de la fen\u00eatre contextuelle apparue et conservez-le pour une utilisation future. <\/li> <li><b>Commencez \u00e0 utiliser l&rsquo;outil sur la page Web Jimdo. <\/b><br> Placez le code copi\u00e9 auparavant dans votre page d&rsquo;accueil et appliquez les modifications. <\/li> <li><b>L&rsquo;installation est enti\u00e8rement termin\u00e9e. <\/b><br> Visitez votre site pour voir en action comment fonctionne le widget. <\/li><\/ol> <p>Si vous rencontrez des difficult\u00e9s, n&rsquo;h\u00e9sitez pas \u00e0 vous adresser \u00e0 notre \u00e9quipe d&rsquo;assistance. Nos consultants se feront un plaisir de r\u00e9soudre toutes les questions que vous pourriez avoir avec le widget. <\/p> <div class=\"faq\" data-component=\"FAQ\"> <div class=\"faq-item\">\r\n\t\t\t\t\t<div class=\"faq-item-question\">\r\n\t\t\t\t\t\t<h3 class=\"faq-item-question-text\">Comment puis-je ajouter une banni\u00e8re \u00e0 mon site Jimdo sans comp\u00e9tences en codage ?<\/h3>\r\n\r\n\t\t\t\t\t\t<div class=\"faq-item-question-icon\"><\/div>\r\n\t\t\t\t\t<\/div>\r\n\r\n\t\t\t\t\t<div class=\"faq-item-answer\">\r\n\t\t\t\t\t\t<div class=\"faq-item-answer-text\"> <p>Elfsight fournit une solution SaaS qui vous permet de cr\u00e9er vous-m\u00eame un widget de banni\u00e8re, voyez \u00e0 quel point le processus est simple : Travaillez directement dans l&rsquo;\u00e9diteur en ligne pour cr\u00e9er un widget de banni\u00e8re que vous aimeriez voir sur votre site Jimdo. Choisissez l&rsquo;un des mod\u00e8les pr\u00e9d\u00e9finis et ajustez les param\u00e8tres de la banni\u00e8re, ajoutez votre contenu, modifiez la mise en page et les couleurs sans aucune comp\u00e9tence en codage. Enregistrez la banni\u00e8re et copiez son code d&rsquo;installation, que vous pourrez coller dans votre site Jimdo sans acheter de version payante. Gr\u00e2ce \u00e0 notre \u00e9diteur intuitif, tout internaute peut cr\u00e9er un widget de banni\u00e8re en ligne et l&rsquo;int\u00e9grer facilement \u00e0 son site Jimdo. Il n&rsquo;est pas n\u00e9cessaire de payer ou de saisir les informations d&rsquo;identification de votre carte pour acc\u00e9der au service. Si vous rencontrez des probl\u00e8mes \u00e0 n&rsquo;importe quelle \u00e9tape, n&rsquo;h\u00e9sitez pas \u00e0 contacter notre \u00e9quipe d&rsquo;assistance technique.<\/p> <\/div>\r\n\t\t\t\t\t<\/div>\r\n\t\t\t\t<\/div> <\/div> <\/div>","protected":false},"excerpt":{"rendered":"","protected":false},"author":9,"featured_media":0,"parent":3637,"menu_order":0,"comment_status":"closed","ping_status":"closed","template":"templates\/template-application-platform.php","meta":{"publish_to_discourse":"","publish_post_category":"","wpdc_auto_publish_overridden":"","wpdc_topic_tags":"","wpdc_pin_topic":"","wpdc_pin_until":"","discourse_post_id":"","discourse_permalink":"","wpdc_publishing_response":"","wpdc_publishing_error":"","footnotes":""},"class_list":["post-8114","page","type-page","status-publish","hentry"],"yoast_head":"<!-- This site is optimized with the Yoast SEO plugin v25.3.1 - https:\/\/yoast.com\/wordpress\/plugins\/seo\/ -->\n<title>Int\u00e9grez le widget de banni\u00e8re au site Web Jimdo. Rapide et gratuit (2025)<\/title>\n<meta name=\"description\" content=\"Ajoutez un widget Jimdo Banner facile \u00e0 g\u00e9rer sur le site. Essayez la d\u00e9mo pratique d&#039;Elfsight et cr\u00e9ez votre superbe banni\u00e8re en trois minutes.\" \/>\n<meta name=\"robots\" content=\"index, follow, max-snippet:-1, max-image-preview:large, max-video-preview:-1\" \/>\n<link rel=\"canonical\" href=\"https:\/\/elfsight.com\/fr\/banner-widget\/jimdo\/\" \/>\n<meta property=\"og:locale\" content=\"fr_FR\" \/>\n<meta property=\"og:type\" content=\"article\" \/>\n<meta property=\"og:title\" content=\"Int\u00e9grez le widget de banni\u00e8re au site Web Jimdo. Rapide et gratuit (2025)\" \/>\n<meta property=\"og:description\" content=\"Ajoutez un widget Jimdo Banner facile \u00e0 g\u00e9rer sur le site. Essayez la d\u00e9mo pratique d&#039;Elfsight et cr\u00e9ez votre superbe banni\u00e8re en trois minutes.\" \/>\n<meta property=\"og:url\" content=\"https:\/\/elfsight.com\/fr\/banner-widget\/jimdo\/\" \/>\n<meta property=\"og:site_name\" content=\"Elfsight FR\" \/>\n<meta property=\"article:modified_time\" content=\"2025-07-09T10:11:16+00:00\" \/>\n<meta name=\"twitter:card\" content=\"summary_large_image\" \/>\n<meta name=\"twitter:label1\" content=\"Dur\u00e9e de lecture estim\u00e9e\" \/>\n\t<meta name=\"twitter:data1\" content=\"3 minutes\" \/>\n<!-- \/ Yoast SEO plugin. -->","yoast_head_json":{"title":"Int\u00e9grez le widget de banni\u00e8re au site Web Jimdo. Rapide et gratuit (2025)","description":"Ajoutez un widget Jimdo Banner facile \u00e0 g\u00e9rer sur le site. Essayez la d\u00e9mo pratique d'Elfsight et cr\u00e9ez votre superbe banni\u00e8re en trois minutes.","robots":{"index":"index","follow":"follow","max-snippet":"max-snippet:-1","max-image-preview":"max-image-preview:large","max-video-preview":"max-video-preview:-1"},"canonical":"https:\/\/elfsight.com\/fr\/banner-widget\/jimdo\/","og_locale":"fr_FR","og_type":"article","og_title":"Int\u00e9grez le widget de banni\u00e8re au site Web Jimdo. Rapide et gratuit (2025)","og_description":"Ajoutez un widget Jimdo Banner facile \u00e0 g\u00e9rer sur le site. Essayez la d\u00e9mo pratique d'Elfsight et cr\u00e9ez votre superbe banni\u00e8re en trois minutes.","og_url":"https:\/\/elfsight.com\/fr\/banner-widget\/jimdo\/","og_site_name":"Elfsight FR","article_modified_time":"2025-07-09T10:11:16+00:00","twitter_card":"summary_large_image","twitter_misc":{"Dur\u00e9e de lecture estim\u00e9e":"3 minutes"},"schema":{"@context":"https:\/\/schema.org","@graph":[{"@type":"WebPage","@id":"https:\/\/elfsight.com\/fr\/banner-widget\/jimdo\/","url":"https:\/\/elfsight.com\/fr\/banner-widget\/jimdo\/","name":"Int\u00e9grez le widget de banni\u00e8re au site Web Jimdo. Rapide et gratuit (2025)","isPartOf":{"@id":"https:\/\/elfsight.com\/fr\/#website"},"datePublished":"2024-05-03T06:29:39+00:00","dateModified":"2025-07-09T10:11:16+00:00","description":"Ajoutez un widget Jimdo Banner facile \u00e0 g\u00e9rer sur le site. Essayez la d\u00e9mo pratique d'Elfsight et cr\u00e9ez votre superbe banni\u00e8re en trois minutes.","breadcrumb":{"@id":"https:\/\/elfsight.com\/fr\/banner-widget\/jimdo\/#breadcrumb"},"inLanguage":"fr-FR","potentialAction":[{"@type":"ReadAction","target":["https:\/\/elfsight.com\/fr\/banner-widget\/jimdo\/"]}]},{"@type":"BreadcrumbList","@id":"https:\/\/elfsight.com\/fr\/banner-widget\/jimdo\/#breadcrumb","itemListElement":[{"@type":"ListItem","position":1,"name":"Home","item":"https:\/\/elfsight.com\/fr\/"},{"@type":"ListItem","position":2,"name":"Banner","item":"https:\/\/elfsight.com\/fr\/banner-widget\/"},{"@type":"ListItem","position":3,"name":"Banner &#8211; Jimdo"}]},{"@type":"WebSite","@id":"https:\/\/elfsight.com\/fr\/#website","url":"https:\/\/elfsight.com\/fr\/","name":"Elfsight FR","description":"","potentialAction":[{"@type":"SearchAction","target":{"@type":"EntryPoint","urlTemplate":"https:\/\/elfsight.com\/fr\/?s={search_term_string}"},"query-input":{"@type":"PropertyValueSpecification","valueRequired":true,"valueName":"search_term_string"}}],"inLanguage":"fr-FR"}]}},"meta_box":{"industry":"","seo_heading":"","heading":"","description":"","cta_heading":"","cta_description":"","application":"3636","h1":"Widget de banni\u00e8re Jimdo","h1_caption":"Affichez des banni\u00e8res personnalisables sur votre site Web pour promouvoir des offres, annoncer des \u00e9v\u00e9nements ou attirer l'attention sur le contenu cl\u00e9 de votre site Web Jimdo sans effort.","application_category":[],"applications_title":"","applications_request_title":"","applications_request_button_text":"","hero_text":"","hero_video":"","hero_video_schema_markup":"","selling_points_title":"","selling_points_caption":"","selling_points":[],"selling_points_cta_text":"","features_title":"","features":"","ed_cta_examples_text":"","ed_cta_examples_hidden":"","ed_cta_demo_text":"","ed_cta_demo_hidden":"","why_caption":"","why_editor_title":"","why_editor_text":"","why_team_title":"","why_team_text":"","why_service_title":"","why_service_text":"","template_catalog_visible":"","template_catalog_title":"","template_catalog_text":"","template_catalog_categories_visible":"","demo_title":"Cr\u00e9ez votre widget Banni\u00e8re","demo_caption":"Configurez votre banni\u00e8re et ajoutez-la gratuitement \u00e0 votre site Jimdo !","default_faq_hidden":"","app_template_category":[],"platform":"372","template_public_id":"","codecanyon_url":"","codecanyon_item_id":"","codecanyon_price":"","pricing_caption":"","pricing_elfsight_apps_hide_column":"","pricing_elfsight_apps_url":"","pricing_codecanyon_price_caption":"","integration_category":[],"integration_request_title":"","integration_request_cta":"","integration_platform":"","integrations":[],"platform_category":[],"video_schema_markup":"","price":"\u00e0 partir de 0$ \/ mois","trial":"","benefits":[{"text":"Assistance \u00e0 l'installation gratuite"},{"text":"Service client exceptionnel"},{"text":"Garantie de remboursement de 14 jours"},{"text":"Am\u00e9liorations gratuites et continues"}],"button_url":"#demo","button_target_blank":"","button_nofollow":"","attributes":[{"name":"Installations","content":"10,000 - 100,000"},{"name":"Sensible","content":"Oui"},{"name":"Navigateurs compatibles","content":"Firefox, Safari, Opera, Chrome, Edge"}],"tags":[],"tags_disable_links":"","hide_more_platforms":"","video_object":"","demo_hide_cta":"","demo_hide_cloud_options":"","pricing_title":"","pricing":[{"pricing_icon":"platform","pricing_title":"Elfsight Apps","pricing_title_caption":"Solution ind\u00e9pendante de la plate-forme qui s'adapte \u00e0 n'importe quel site","pricing_price":"from $0 \/ month","pricing_price_caption":"commencez avec un forfait gratuit","pricing_benefits":[{"text":"Sites Web illimit\u00e9s"},{"text":"Assistance client gratuite"},{"text":"Aide \u00e0 l'installation gratuite"},{"text":"100% personnalisable"}],"pricing_button_text":"Ajouter au site Web","pricing_button_url":"#demo"}],"related_apps_title":"","related_apps_hidden":"","author":"","image":[],"title":"","job":"","social_networks":[]},"_links":{"self":[{"href":"https:\/\/elfsight.com\/fr\/wp-json\/wp\/v2\/pages\/8114","targetHints":{"allow":["GET"]}}],"collection":[{"href":"https:\/\/elfsight.com\/fr\/wp-json\/wp\/v2\/pages"}],"about":[{"href":"https:\/\/elfsight.com\/fr\/wp-json\/wp\/v2\/types\/page"}],"author":[{"embeddable":true,"href":"https:\/\/elfsight.com\/fr\/wp-json\/wp\/v2\/users\/9"}],"replies":[{"embeddable":true,"href":"https:\/\/elfsight.com\/fr\/wp-json\/wp\/v2\/comments?post=8114"}],"version-history":[{"count":1,"href":"https:\/\/elfsight.com\/fr\/wp-json\/wp\/v2\/pages\/8114\/revisions"}],"predecessor-version":[{"id":8118,"href":"https:\/\/elfsight.com\/fr\/wp-json\/wp\/v2\/pages\/8114\/revisions\/8118"}],"up":[{"embeddable":true,"href":"https:\/\/elfsight.com\/fr\/wp-json\/wp\/v2\/pages\/3637"}],"wp:attachment":[{"href":"https:\/\/elfsight.com\/fr\/wp-json\/wp\/v2\/media?parent=8114"}],"curies":[{"name":"wp","href":"https:\/\/api.w.org\/{rel}","templated":true}]}}