{"id":8108,"date":"2024-05-03T06:29:37","date_gmt":"2024-05-03T06:29:37","guid":{"rendered":"https:\/\/elfsight.com\/fr\/?page_id=8108"},"modified":"2025-07-09T10:05:08","modified_gmt":"2025-07-09T10:05:08","slug":"bigcommerce","status":"publish","type":"page","link":"https:\/\/elfsight.com\/fr\/background-music-widget\/bigcommerce\/","title":{"rendered":"Background Music &#8211; BigCommerce"},"content":{"rendered":"<div class=\"application-platform-content-item-description application-platform-content-item\" id=\"description\" data-nav-section=\"description\"> <h2>Description<\/h2> <p>Elfsight Background Music est un widget simple pour les sites Web BigCommerce vous offrant la possibilit\u00e9 de diffuser des pistes audio directement sur le pages de votre site. Le plugin est extr\u00eamement r\u00e9glable\u00a0: vous pouvez modifier sa position, le placer n&rsquo;importe o\u00f9 sur la page, modifier sa taille, recolorer l&rsquo;arri\u00e8re-plan et d&rsquo;autres \u00e9l\u00e9ments pour le combiner avec le design de votre site Web, appliquer une palette de couleurs sombres, afficher les couvertures et d\u00e9montrer ou masquer. 4 autres d\u00e9tails sur le joueur, par exemple la barre de progression, le titre et bien d&rsquo;autres. T\u00e9l\u00e9chargez autant de titres que vous le souhaitez pour divertir vos utilisateurs, activez l&rsquo;option de lecture automatique et n&rsquo;h\u00e9sitez pas\u00a0: votre public ne quittera pas votre site Web pr\u00e9cipitamment\u00a0!<\/p> <p><b>Rendez votre site Web plus efficace pour les objectifs de commerce \u00e9lectronique \u00e0 l&rsquo;aide du lecteur de musique de fond<\/b><\/p> <\/div> <div class=\"application-platform-content-item-features application-platform-content-item\" id=\"features\" data-nav-section=\"features\"> <h2>L&rsquo;offre de fonctionnalit\u00e9s de widget la plus pr\u00e9cieuse<\/h2> <ul><li>Illimit\u00e9 variations de couleurs<\/li><li>Th\u00e8me de couleur sombre\/clair<\/li><li>Conception adaptative<\/li><li>Deux mises en page disponibles<\/li><li>Possibilit\u00e9 d&rsquo;ajouter une image d&rsquo;arri\u00e8re-plan<\/li> <\/ul><p><a href=\"#demo\">Vous pouvez d\u00e9couvrir toutes les fonctionnalit\u00e9s du widget dans la d\u00e9mo ci-dessous<\/a><\/p> <\/div> <div class=\"application-platform-content-item-installation application-platform-content-item\" id=\"installation\" data-nav-section=\"installation\"> <h2>Comment int\u00e9grer la musique de fond Elfsight dans mon site Web BigCommerce\u00a0? <\/h2> <div class=\"video-container\"><iframe width=\"720\" height=\"405\" src=\"https:\/\/www.youtube.com\/embed\/q5N8JmH1UGw\" frameborder=\"0\" allowfullscreen><\/iframe><\/div><p>Appliquez simplement les instructions ci-dessous pour int\u00e9grer le widget. <\/p> <ol><li><b>Utilisez notre d\u00e9mo gratuite et commencez \u00e0 fa\u00e7onner votre widget sur mesure. <\/b><br> Trouvez le design et les caract\u00e9ristiques appropri\u00e9s du widget et enregistrez toutes les corrections. <\/li> <li><b>Obtenez le code individuel r\u00e9v\u00e9l\u00e9 dans la fen\u00eatre des applications Elfsight. <\/b><br> Lorsque la configuration de votre widget est termin\u00e9e, copiez le code individuel de la fen\u00eatre apparue et enregistrez-le pour une utilisation ult\u00e9rieure. <\/li> <li><b>Commencez \u00e0 utiliser le widget sur votre site Web BigCommerce. <\/b><br> Placez le code que vous avez enregistr\u00e9 auparavant dans votre page et enregistrez les am\u00e9liorations. <\/li> <li><b>La configuration est enti\u00e8rement termin\u00e9e. <\/b><br> Ouvrez votre site pour inspecter le fonctionnement du widget. <\/li><\/ol><p>Si vous avez des questions ou rencontrez des obstacles, veuillez vous adresser \u00e0 notre \u00e9quipe d&rsquo;assistance. Nos sp\u00e9cialistes sont impatients de vous aider avec toutes les difficult\u00e9s que vous pourriez rencontrer avec le produit. <\/p> <\/div>","protected":false},"excerpt":{"rendered":"","protected":false},"author":9,"featured_media":0,"parent":2661,"menu_order":0,"comment_status":"closed","ping_status":"closed","template":"templates\/template-application-platform.php","meta":{"publish_to_discourse":"","publish_post_category":"","wpdc_auto_publish_overridden":"","wpdc_topic_tags":"","wpdc_pin_topic":"","wpdc_pin_until":"","discourse_post_id":"","discourse_permalink":"","wpdc_publishing_response":"","wpdc_publishing_error":"","footnotes":""},"class_list":["post-8108","page","type-page","status-publish","hentry"],"yoast_head":"<!-- This site is optimized with the Yoast SEO plugin v25.3.1 - https:\/\/yoast.com\/wordpress\/plugins\/seo\/ -->\n<title>Lecteur de musique de fond pour le site Web BigCommerce (gratuit et sans codage)<\/title>\n<meta name=\"description\" content=\"Int\u00e9grez un widget audio d&#039;arri\u00e8re-plan adaptatif dans votre site BigCommerce. Utilisez la d\u00e9mo g\u00e9rable et cr\u00e9ez votre widget personnalis\u00e9 en seulement 2 minutes.\" \/>\n<meta name=\"robots\" content=\"index, follow, max-snippet:-1, max-image-preview:large, max-video-preview:-1\" \/>\n<link rel=\"canonical\" href=\"https:\/\/elfsight.com\/fr\/background-music-widget\/bigcommerce\/\" \/>\n<meta property=\"og:locale\" content=\"fr_FR\" \/>\n<meta property=\"og:type\" content=\"article\" \/>\n<meta property=\"og:title\" content=\"Lecteur de musique de fond pour le site Web BigCommerce (gratuit et sans codage)\" \/>\n<meta property=\"og:description\" content=\"Int\u00e9grez un widget audio d&#039;arri\u00e8re-plan adaptatif dans votre site BigCommerce. Utilisez la d\u00e9mo g\u00e9rable et cr\u00e9ez votre widget personnalis\u00e9 en seulement 2 minutes.\" \/>\n<meta property=\"og:url\" content=\"https:\/\/elfsight.com\/fr\/background-music-widget\/bigcommerce\/\" \/>\n<meta property=\"og:site_name\" content=\"Elfsight FR\" \/>\n<meta property=\"article:modified_time\" content=\"2025-07-09T10:05:08+00:00\" \/>\n<meta name=\"twitter:card\" content=\"summary_large_image\" \/>\n<meta name=\"twitter:label1\" content=\"Dur\u00e9e de lecture estim\u00e9e\" \/>\n\t<meta name=\"twitter:data1\" content=\"2 minutes\" \/>\n<!-- \/ Yoast SEO plugin. -->","yoast_head_json":{"title":"Lecteur de musique de fond pour le site Web BigCommerce (gratuit et sans codage)","description":"Int\u00e9grez un widget audio d'arri\u00e8re-plan adaptatif dans votre site BigCommerce. Utilisez la d\u00e9mo g\u00e9rable et cr\u00e9ez votre widget personnalis\u00e9 en seulement 2 minutes.","robots":{"index":"index","follow":"follow","max-snippet":"max-snippet:-1","max-image-preview":"max-image-preview:large","max-video-preview":"max-video-preview:-1"},"canonical":"https:\/\/elfsight.com\/fr\/background-music-widget\/bigcommerce\/","og_locale":"fr_FR","og_type":"article","og_title":"Lecteur de musique de fond pour le site Web BigCommerce (gratuit et sans codage)","og_description":"Int\u00e9grez un widget audio d'arri\u00e8re-plan adaptatif dans votre site BigCommerce. Utilisez la d\u00e9mo g\u00e9rable et cr\u00e9ez votre widget personnalis\u00e9 en seulement 2 minutes.","og_url":"https:\/\/elfsight.com\/fr\/background-music-widget\/bigcommerce\/","og_site_name":"Elfsight FR","article_modified_time":"2025-07-09T10:05:08+00:00","twitter_card":"summary_large_image","twitter_misc":{"Dur\u00e9e de lecture estim\u00e9e":"2 minutes"},"schema":{"@context":"https:\/\/schema.org","@graph":[{"@type":"WebPage","@id":"https:\/\/elfsight.com\/fr\/background-music-widget\/bigcommerce\/","url":"https:\/\/elfsight.com\/fr\/background-music-widget\/bigcommerce\/","name":"Lecteur de musique de fond pour le site Web BigCommerce (gratuit et sans codage)","isPartOf":{"@id":"https:\/\/elfsight.com\/fr\/#website"},"datePublished":"2024-05-03T06:29:37+00:00","dateModified":"2025-07-09T10:05:08+00:00","description":"Int\u00e9grez un widget audio d'arri\u00e8re-plan adaptatif dans votre site BigCommerce. Utilisez la d\u00e9mo g\u00e9rable et cr\u00e9ez votre widget personnalis\u00e9 en seulement 2 minutes.","breadcrumb":{"@id":"https:\/\/elfsight.com\/fr\/background-music-widget\/bigcommerce\/#breadcrumb"},"inLanguage":"fr-FR","potentialAction":[{"@type":"ReadAction","target":["https:\/\/elfsight.com\/fr\/background-music-widget\/bigcommerce\/"]}]},{"@type":"BreadcrumbList","@id":"https:\/\/elfsight.com\/fr\/background-music-widget\/bigcommerce\/#breadcrumb","itemListElement":[{"@type":"ListItem","position":1,"name":"Home","item":"https:\/\/elfsight.com\/fr\/"},{"@type":"ListItem","position":2,"name":"Background Music","item":"https:\/\/elfsight.com\/fr\/background-music-widget\/"},{"@type":"ListItem","position":3,"name":"Background Music &#8211; BigCommerce"}]},{"@type":"WebSite","@id":"https:\/\/elfsight.com\/fr\/#website","url":"https:\/\/elfsight.com\/fr\/","name":"Elfsight FR","description":"","potentialAction":[{"@type":"SearchAction","target":{"@type":"EntryPoint","urlTemplate":"https:\/\/elfsight.com\/fr\/?s={search_term_string}"},"query-input":{"@type":"PropertyValueSpecification","valueRequired":true,"valueName":"search_term_string"}}],"inLanguage":"fr-FR"}]}},"meta_box":{"industry":"","seo_heading":"","heading":"","description":"","cta_heading":"","cta_description":"","application":"2660","h1":"Application Musique de fond BigCommerce","h1_caption":"Ajoutez une musique de fond \u00e0 votre site Web, cr\u00e9ant ainsi une exp\u00e9rience immersive pour vos visiteurs sur votre site Web BigCommerce sans effort.","application_category":[],"applications_title":"","applications_request_title":"","applications_request_button_text":"","hero_text":"","hero_video":"","hero_video_schema_markup":"","selling_points_title":"","selling_points_caption":"","selling_points":[],"selling_points_cta_text":"","features_title":"","features":"","ed_cta_examples_text":"","ed_cta_examples_hidden":"","ed_cta_demo_text":"","ed_cta_demo_hidden":"","why_caption":"","why_editor_title":"","why_editor_text":"","why_team_title":"","why_team_text":"","why_service_title":"","why_service_text":"","template_catalog_visible":"","template_catalog_title":"","template_catalog_text":"","template_catalog_categories_visible":"","demo_title":"Cr\u00e9ez votre application Musique de fond","demo_caption":"Configurez votre musique de fond et ajoutez-la gratuitement \u00e0 votre site Web BigCommerce\u00a0!","default_faq_hidden":"","app_template_category":[],"platform":"347","template_public_id":"","codecanyon_url":"","codecanyon_item_id":"","codecanyon_price":"","pricing_caption":"","pricing_elfsight_apps_hide_column":"","pricing_elfsight_apps_url":"","pricing_codecanyon_price_caption":"","integration_category":[],"integration_request_title":"","integration_request_cta":"","integration_platform":"","integrations":[],"platform_category":[],"video_schema_markup":"","price":"\u00e0 partir de 0$ \/ mois","trial":"","benefits":[{"text":"Aide \u00e0 l'installation gratuite"},{"text":"Service client professionnel"},{"text":"Garantie de remboursement de 14 jours"},{"text":"Am\u00e9liorations gratuites \u00e0 vie"}],"button_url":"#demo","button_target_blank":"","button_nofollow":"","attributes":[{"name":"Installations","content":"10,000 - 100,000"},{"name":"Sensible","content":"Oui"},{"name":"Navigateurs compatibles","content":"Firefox, Safari, Opera, Chrome, Edge"}],"tags":[],"tags_disable_links":"","hide_more_platforms":"","video_object":"","demo_hide_cta":"","demo_hide_cloud_options":"","pricing_title":"","pricing":[{"pricing_icon":"platform","pricing_title":"Elfsight Apps","pricing_title_caption":"Solution num\u00e9rique ind\u00e9pendante de la plateforme qui fonctionne sur n'importe quel site Web","pricing_price":"from $0 \/ month","pricing_price_caption":"commencez avec un forfait gratuit","pricing_benefits":[{"text":"Sites Web illimit\u00e9s"},{"text":"Support client gratuit et bien document\u00e9"},{"text":"Aide \u00e0 l'installation gratuite"},{"text":"Enti\u00e8rement personnalisable"}],"pricing_button_text":"Ajouter au site Web","pricing_button_url":"#demo"}],"related_apps_title":"","related_apps_hidden":"","author":"","image":[],"title":"","job":"","social_networks":[]},"_links":{"self":[{"href":"https:\/\/elfsight.com\/fr\/wp-json\/wp\/v2\/pages\/8108","targetHints":{"allow":["GET"]}}],"collection":[{"href":"https:\/\/elfsight.com\/fr\/wp-json\/wp\/v2\/pages"}],"about":[{"href":"https:\/\/elfsight.com\/fr\/wp-json\/wp\/v2\/types\/page"}],"author":[{"embeddable":true,"href":"https:\/\/elfsight.com\/fr\/wp-json\/wp\/v2\/users\/9"}],"replies":[{"embeddable":true,"href":"https:\/\/elfsight.com\/fr\/wp-json\/wp\/v2\/comments?post=8108"}],"version-history":[{"count":2,"href":"https:\/\/elfsight.com\/fr\/wp-json\/wp\/v2\/pages\/8108\/revisions"}],"predecessor-version":[{"id":15123,"href":"https:\/\/elfsight.com\/fr\/wp-json\/wp\/v2\/pages\/8108\/revisions\/15123"}],"up":[{"embeddable":true,"href":"https:\/\/elfsight.com\/fr\/wp-json\/wp\/v2\/pages\/2661"}],"wp:attachment":[{"href":"https:\/\/elfsight.com\/fr\/wp-json\/wp\/v2\/media?parent=8108"}],"curies":[{"name":"wp","href":"https:\/\/api.w.org\/{rel}","templated":true}]}}