{"id":8107,"date":"2024-05-03T06:29:36","date_gmt":"2024-05-03T06:29:36","guid":{"rendered":"https:\/\/elfsight.com\/fr\/?page_id=8107"},"modified":"2024-12-19T10:23:01","modified_gmt":"2024-12-19T10:23:01","slug":"blogger","status":"publish","type":"page","link":"https:\/\/elfsight.com\/fr\/background-music-widget\/blogger\/","title":{"rendered":"Background Music &#8211; Blogger"},"content":{"rendered":"\n<div class=\"application-platform-content-item-description application-platform-content-item\" id=\"description\" data-nav-section=\"description\"> <h2>Description<\/h2> <p>Elfsight Background Music est un widget simple pour les sites Web Blogger vous offrant la possibilit\u00e9 de diffuser des pistes audio directement sur le pages de votre site. Le plugin est totalement personnalisable\u00a0: vous \u00eates libre de modifier son emplacement, de l&rsquo;ins\u00e9rer n&rsquo;importe o\u00f9 sur la page, de modifier sa taille, de recolorer l&rsquo;arri\u00e8re-plan et tous les autres \u00e9l\u00e9ments pour le combiner avec le design de votre site, d&rsquo;utiliser un jeu de couleurs sombres, de d\u00e9montrer des images et d&rsquo;afficher ou masquez 4 autres d\u00e9tails du joueur, par exemple la barre de progression, le titre et bien d&rsquo;autres. Incluez autant de pistes que n\u00e9cessaire pour engager vos utilisateurs, activez l&rsquo;option de lecture automatique et soyez-en s\u00fbr : vos utilisateurs ne quitteront pas votre page Web pr\u00e9cipitamment ! <\/p> <p><b>Avec Elfsight Background Music, suivez le d\u00e9veloppement actif de votre activit\u00e9 et augmentez vos ventes <\/b><\/p> <\/div> <div class=\"application-platform-content-item-features application-platform-content-item\" id=\"features\" data-nav-section=\"features\"> <h2>Les fonctionnalit\u00e9s les plus utiles des widgets inclure<\/h2> <ul><li>Diverses variations de couleurs<\/li><li>Jeu de couleurs fonc\u00e9es\/claires<\/li><li>Conception flexible<\/li><li>2 mises en page disponibles<\/li><li>Une option pour ajouter une image d&rsquo;arri\u00e8re-plan<\/li><\/ul><p><a href=\"#demo\">Vous pouvez ressentir les offres du widget \u00e0 l&rsquo;aide de la d\u00e9mo<\/a><\/p> <\/div> <div class=\"application-platform-content-item-installation application-platform-content-item\" id=\"installation\" data-nav-section=\"installation\"> <h2>Comment ajouter une musique de fond au site Web Blogger\u00a0?<\/h2> <div class=\"video-container\"><iframe width=\"720\" height=\"405\" src=\"https:\/\/www.youtube.com\/embed\/46K2-X1_770\" frameborder=\"0\" allowfullscreen><\/iframe><\/div><p>Suivez simplement quelques \u00e9tapes pr\u00e9sent\u00e9es ci-dessous pour int\u00e9grer le widget. <\/p> <ol><li><b>Utilisez notre d\u00e9mo gratuite et commencez \u00e0 cr\u00e9er votre propre plugin. <\/b><br> Choisissez l&rsquo;interface et les caract\u00e9ristiques appropri\u00e9es de l&rsquo;outil et enregistrez les modifications. <\/li> <li><b>Recevez le code individuel affich\u00e9 dans la case sur les applications Elfsight<\/b><br> Une fois la configuration de votre widget termin\u00e9e, copiez le code individuel dans la case qui appara\u00eet et enregistrez-le pour utilisation ult\u00e9rieure. <\/li> <li><b>Commencez l&rsquo;application de l&rsquo;outil sur votre page Web Blogger<\/b><br> Collez le code enregistr\u00e9 r\u00e9cemment dans votre page Web et enregistrez les modifications. <\/li> <li><b>Vous avez termin\u00e9\u00a0! La configuration est enti\u00e8rement termin\u00e9e.<\/b><br> Acc\u00e9dez \u00e0 votre site Web pour voir comment fonctionne l&rsquo;outil. <\/li><\/ol> <p>Si vous rencontrez des questions ou rencontrez des obstacles, n&rsquo;h\u00e9sitez pas \u00e0 contacter notre service client. Nos consultants ont h\u00e2te de r\u00e9soudre toutes les questions que vous pourriez vous poser sur l&rsquo;outil. <\/p> <\/div>\n\n\n\n<p><\/p>\n","protected":false},"excerpt":{"rendered":"","protected":false},"author":9,"featured_media":0,"parent":2661,"menu_order":0,"comment_status":"closed","ping_status":"closed","template":"templates\/template-application-platform.php","meta":{"publish_to_discourse":"","publish_post_category":"","wpdc_auto_publish_overridden":"","wpdc_topic_tags":"","wpdc_pin_topic":"","wpdc_pin_until":"","discourse_post_id":"","discourse_permalink":"","wpdc_publishing_response":"","wpdc_publishing_error":"","footnotes":""},"class_list":["post-8107","page","type-page","status-publish","hentry"],"yoast_head":"<!-- This site is optimized with the Yoast SEO plugin v25.3.1 - https:\/\/yoast.com\/wordpress\/plugins\/seo\/ -->\n<title>Lecteur de musique de fond pour le site Web Blogger (gratuit et sans codage)<\/title>\n<meta name=\"description\" content=\"Int\u00e9grez un lecteur audio d&#039;arri\u00e8re-plan adaptatif sur votre page. Ajoutez une musique de fond en lecture automatique sur Blogger. Cr\u00e9ez votre widget unique en quelques minutes seulement\u00a0!\" \/>\n<meta name=\"robots\" content=\"index, follow, max-snippet:-1, max-image-preview:large, max-video-preview:-1\" \/>\n<link rel=\"canonical\" href=\"https:\/\/elfsight.com\/fr\/background-music-widget\/blogger\/\" \/>\n<meta property=\"og:locale\" content=\"fr_FR\" \/>\n<meta property=\"og:type\" content=\"article\" \/>\n<meta property=\"og:title\" content=\"Lecteur de musique de fond pour le site Web Blogger (gratuit et sans codage)\" \/>\n<meta property=\"og:description\" content=\"Int\u00e9grez un lecteur audio d&#039;arri\u00e8re-plan adaptatif sur votre page. Ajoutez une musique de fond en lecture automatique sur Blogger. Cr\u00e9ez votre widget unique en quelques minutes seulement\u00a0!\" \/>\n<meta property=\"og:url\" content=\"https:\/\/elfsight.com\/fr\/background-music-widget\/blogger\/\" \/>\n<meta property=\"og:site_name\" content=\"Elfsight FR\" \/>\n<meta property=\"article:modified_time\" content=\"2024-12-19T10:23:01+00:00\" \/>\n<meta name=\"twitter:card\" content=\"summary_large_image\" \/>\n<meta name=\"twitter:label1\" content=\"Dur\u00e9e de lecture estim\u00e9e\" \/>\n\t<meta name=\"twitter:data1\" content=\"2 minutes\" \/>\n<!-- \/ Yoast SEO plugin. -->","yoast_head_json":{"title":"Lecteur de musique de fond pour le site Web Blogger (gratuit et sans codage)","description":"Int\u00e9grez un lecteur audio d'arri\u00e8re-plan adaptatif sur votre page. Ajoutez une musique de fond en lecture automatique sur Blogger. Cr\u00e9ez votre widget unique en quelques minutes seulement\u00a0!","robots":{"index":"index","follow":"follow","max-snippet":"max-snippet:-1","max-image-preview":"max-image-preview:large","max-video-preview":"max-video-preview:-1"},"canonical":"https:\/\/elfsight.com\/fr\/background-music-widget\/blogger\/","og_locale":"fr_FR","og_type":"article","og_title":"Lecteur de musique de fond pour le site Web Blogger (gratuit et sans codage)","og_description":"Int\u00e9grez un lecteur audio d'arri\u00e8re-plan adaptatif sur votre page. Ajoutez une musique de fond en lecture automatique sur Blogger. Cr\u00e9ez votre widget unique en quelques minutes seulement\u00a0!","og_url":"https:\/\/elfsight.com\/fr\/background-music-widget\/blogger\/","og_site_name":"Elfsight FR","article_modified_time":"2024-12-19T10:23:01+00:00","twitter_card":"summary_large_image","twitter_misc":{"Dur\u00e9e de lecture estim\u00e9e":"2 minutes"},"schema":{"@context":"https:\/\/schema.org","@graph":[{"@type":"WebPage","@id":"https:\/\/elfsight.com\/fr\/background-music-widget\/blogger\/","url":"https:\/\/elfsight.com\/fr\/background-music-widget\/blogger\/","name":"Lecteur de musique de fond pour le site Web Blogger (gratuit et sans codage)","isPartOf":{"@id":"https:\/\/elfsight.com\/fr\/#website"},"datePublished":"2024-05-03T06:29:36+00:00","dateModified":"2024-12-19T10:23:01+00:00","description":"Int\u00e9grez un lecteur audio d'arri\u00e8re-plan adaptatif sur votre page. Ajoutez une musique de fond en lecture automatique sur Blogger. Cr\u00e9ez votre widget unique en quelques minutes seulement\u00a0!","breadcrumb":{"@id":"https:\/\/elfsight.com\/fr\/background-music-widget\/blogger\/#breadcrumb"},"inLanguage":"fr-FR","potentialAction":[{"@type":"ReadAction","target":["https:\/\/elfsight.com\/fr\/background-music-widget\/blogger\/"]}]},{"@type":"BreadcrumbList","@id":"https:\/\/elfsight.com\/fr\/background-music-widget\/blogger\/#breadcrumb","itemListElement":[{"@type":"ListItem","position":1,"name":"Home","item":"https:\/\/elfsight.com\/fr\/"},{"@type":"ListItem","position":2,"name":"Background Music","item":"https:\/\/elfsight.com\/fr\/background-music-widget\/"},{"@type":"ListItem","position":3,"name":"Background Music &#8211; Blogger"}]},{"@type":"WebSite","@id":"https:\/\/elfsight.com\/fr\/#website","url":"https:\/\/elfsight.com\/fr\/","name":"Elfsight FR","description":"","potentialAction":[{"@type":"SearchAction","target":{"@type":"EntryPoint","urlTemplate":"https:\/\/elfsight.com\/fr\/?s={search_term_string}"},"query-input":{"@type":"PropertyValueSpecification","valueRequired":true,"valueName":"search_term_string"}}],"inLanguage":"fr-FR"}]}},"meta_box":{"industry":"","seo_heading":"","heading":"","description":"","cta_heading":"","cta_description":"","application":"2660","h1":"Widget Musique de fond Blogger","h1_caption":"Ajoutez une musique de fond \u00e0 votre site Web, cr\u00e9ant ainsi une exp\u00e9rience immersive pour vos visiteurs sur votre site Web Blogger sans effort.","application_category":[],"applications_title":"","applications_request_title":"","applications_request_button_text":"","hero_text":"","hero_video":"","hero_video_schema_markup":"","selling_points_title":"","selling_points_caption":"","selling_points":[],"selling_points_cta_text":"","features_title":"","features":"","ed_cta_examples_text":"","ed_cta_examples_hidden":"","ed_cta_demo_text":"","ed_cta_demo_hidden":"","why_caption":"","why_editor_title":"","why_editor_text":"","why_team_title":"","why_team_text":"","why_service_title":"","why_service_text":"","template_catalog_visible":"0","template_catalog_title":"","template_catalog_text":"","template_catalog_categories_visible":"","demo_title":"Cr\u00e9ez votre widget Musique de fond","demo_caption":"Configurez votre musique de fond et ajoutez-la gratuitement \u00e0 votre site Web Blogger\u00a0!","default_faq_hidden":"","app_template_category":[],"platform":"348","template_public_id":"","codecanyon_url":"","codecanyon_item_id":"","codecanyon_price":"","pricing_caption":"","pricing_elfsight_apps_hide_column":"","pricing_elfsight_apps_url":"","pricing_codecanyon_price_caption":"","integration_category":[],"integration_request_title":"","integration_request_cta":"","integration_platform":"","integrations":[],"platform_category":[],"video_schema_markup":"","price":"\u00e0 partir de 0$ \/ mois","trial":"","benefits":[{"text":"Aide \u00e0 l'installation gratuite"},{"text":"Soutien exceptionnel"},{"text":"Garantie de remboursement de 14 jours"},{"text":"Am\u00e9liorations gratuites \u00e0 vie"}],"button_url":"#demo","button_target_blank":"0","button_nofollow":"0","attributes":[{"name":"Installations","content":"10,000 - 100,000"},{"name":"Sensible","content":"Oui"},{"name":"Navigateurs compatibles","content":"Firefox, Safari, Opera, Chrome, Edge"}],"tags":[],"tags_disable_links":"0","hide_more_platforms":"","video_object":"","demo_hide_cta":"0","demo_hide_cloud_options":"0","pricing_title":"","pricing":[{"pricing_icon":"platform","pricing_title":"Elfsight Apps","pricing_title_caption":"Version multiplateforme qui convient \u00e0 n'importe quel site","pricing_price":"from $0 \/ month","pricing_price_caption":"commencez avec un forfait gratuit","pricing_benefits":[{"text":"Sites Web illimit\u00e9s"},{"text":"Assistance 24h\/24 et 7j\/7, ponctuelle et bien document\u00e9e"},{"text":"Assistance \u00e0 l'installation gratuite"},{"text":"Conception flexible"}],"pricing_button_text":"Ajouter au site Web","pricing_button_url":"#demo"}],"related_apps_title":"","related_apps_hidden":"0","author":"","image":[],"title":"","job":"","social_networks":[]},"_links":{"self":[{"href":"https:\/\/elfsight.com\/fr\/wp-json\/wp\/v2\/pages\/8107","targetHints":{"allow":["GET"]}}],"collection":[{"href":"https:\/\/elfsight.com\/fr\/wp-json\/wp\/v2\/pages"}],"about":[{"href":"https:\/\/elfsight.com\/fr\/wp-json\/wp\/v2\/types\/page"}],"author":[{"embeddable":true,"href":"https:\/\/elfsight.com\/fr\/wp-json\/wp\/v2\/users\/9"}],"replies":[{"embeddable":true,"href":"https:\/\/elfsight.com\/fr\/wp-json\/wp\/v2\/comments?post=8107"}],"version-history":[{"count":3,"href":"https:\/\/elfsight.com\/fr\/wp-json\/wp\/v2\/pages\/8107\/revisions"}],"predecessor-version":[{"id":15902,"href":"https:\/\/elfsight.com\/fr\/wp-json\/wp\/v2\/pages\/8107\/revisions\/15902"}],"up":[{"embeddable":true,"href":"https:\/\/elfsight.com\/fr\/wp-json\/wp\/v2\/pages\/2661"}],"wp:attachment":[{"href":"https:\/\/elfsight.com\/fr\/wp-json\/wp\/v2\/media?parent=8107"}],"curies":[{"name":"wp","href":"https:\/\/api.w.org\/{rel}","templated":true}]}}