{"id":8106,"date":"2024-05-03T06:29:35","date_gmt":"2024-05-03T06:29:35","guid":{"rendered":"https:\/\/elfsight.com\/fr\/?page_id=8106"},"modified":"2025-07-09T10:05:17","modified_gmt":"2025-07-09T10:05:17","slug":"drupal","status":"publish","type":"page","link":"https:\/\/elfsight.com\/fr\/background-music-widget\/drupal\/","title":{"rendered":"Background Music &#8211; Drupal"},"content":{"rendered":"<div class=\"application-platform-content-item-description application-platform-content-item\" id=\"description\" data-nav-section=\"description\"> <h2>Description<\/h2> <p>Elfsight Background Music est un simple widget pour Drupal vous permettant de diffuser des pistes audio directement sur les pages de votre site web. Le plugin est extr\u00eamement modifiable\u00a0: vous \u00eates libre de changer sa position, de l&rsquo;int\u00e9grer n&rsquo;importe o\u00f9 sur la page, de modifier sa taille, de modifier l&rsquo;arri\u00e8re-plan et d&rsquo;autres parties pour le m\u00e9langer avec le style de votre site Web, d&rsquo;appliquer une palette de couleurs sombres, d&rsquo;afficher des images et afficher ou masquer 4 autres composants du joueur, par exemple la barre de progression, le titre et bien d&rsquo;autres. T\u00e9l\u00e9chargez autant de titres que vous le souhaitez pour ravir vos visiteurs, activez la lecture automatique et n&rsquo;h\u00e9sitez pas\u00a0: votre public ne quittera pas votre site Web en toute h\u00e2te\u00a0!<\/p> <p><b>Profitez du meilleur d&rsquo;Elfsight Background De la musique pour atteindre vos objectifs commerciaux plus simplement\u00a0! <\/b><\/p> <\/div> <div class=\"application-platform-content-item-features application-platform-content-item\" id=\"features\" data-nav-section=\"features\"> <h2>Consultez la liste des plus grandes fonctionnalit\u00e9s\u00a0: <\/h2> <ul><li>De nombreuses variations de couleurs<\/li><li>Th\u00e8me de couleur sombre\/clair<\/li><li>Conception flexible<\/li><li>Deux mises en page disponibles<\/li><li>Une option pour utiliser l&rsquo;image d&rsquo;arri\u00e8re-plan<\/li><\/ul><p><a href=\"#demo\">Vous pouvez v\u00e9rifier si le widget est fait pour vous en essayant la d\u00e9mo<\/a><\/p> <\/div> <div class=\"application-platform-content-item-installation application-platform-content-item\" id=\"installation\" data-nav-section=\"installation\"> <h2>Comment int\u00e9grer la musique de fond Elfsight sur mon site Drupal ? <\/h2> <div class=\"video-container\"><iframe width=\"720\" height=\"405\" src=\"https:\/\/www.youtube.com\/embed\/F_9QziIdONc\" frameborder=\"0\" allowfullscreen><\/iframe><\/div><p>Suivez simplement les \u00e9tapes ci-dessous pour ajouter le plugin. <\/p> <ol><li><b>Utilisez notre d\u00e9mo gratuite et commencez \u00e0 cr\u00e9er votre module personnalis\u00e9. <\/b><br> Choisissez la conception et les options appropri\u00e9es du module et appliquez toutes les modifications. <\/li> <li><b>Obtenez le code individuel pr\u00e9sent\u00e9 dans la case sur les applications Elfsight. <\/b><br> Juste une fois la configuration de votre module personnel termin\u00e9e, copiez votre code dans la fen\u00eatre qui appara\u00eet et conservez-le pour une utilisation future. <\/li> <li><b>Initiez l&rsquo;application du module sur votre site Drupal. <\/b><br> Int\u00e9grez le code que vous avez enregistr\u00e9 auparavant dans votre site et enregistrez les ajustements. <\/li> <li><b>Fait\u00a0! L&rsquo;int\u00e9gration est enti\u00e8rement r\u00e9alis\u00e9e. <\/b><br> Acc\u00e9dez \u00e0 votre site Web pour v\u00e9rifier les performances du module. <\/li><\/ol><p>Si vous rencontrez des questions ou rencontrez des difficult\u00e9s, n&rsquo;h\u00e9sitez pas \u00e0 contacter notre service client. Nos consultants se feront un plaisir de vous aider avec toutes les questions que vous pourriez avoir sur l&rsquo;outil. <\/p> <\/div><p><\/p>","protected":false},"excerpt":{"rendered":"","protected":false},"author":9,"featured_media":0,"parent":2661,"menu_order":0,"comment_status":"closed","ping_status":"closed","template":"templates\/template-application-platform.php","meta":{"publish_to_discourse":"","publish_post_category":"","wpdc_auto_publish_overridden":"","wpdc_topic_tags":"","wpdc_pin_topic":"","wpdc_pin_until":"","discourse_post_id":"","discourse_permalink":"","wpdc_publishing_response":"","wpdc_publishing_error":"","footnotes":""},"class_list":["post-8106","page","type-page","status-publish","hentry"],"yoast_head":"<!-- This site is optimized with the Yoast SEO plugin v25.3.1 - https:\/\/yoast.com\/wordpress\/plugins\/seo\/ -->\n<title>Widget de musique de fond sur le site Drupal (gratuit et rapide)<\/title>\n<meta name=\"description\" content=\"Int\u00e9grez un lecteur audio d&#039;arri\u00e8re-plan r\u00e9actif dans votre page Web Drupal. Ex\u00e9cutez la d\u00e9mo utile et fa\u00e7onnez votre widget personnalis\u00e9 en seulement 2 minutes.\" \/>\n<meta name=\"robots\" content=\"index, follow, max-snippet:-1, max-image-preview:large, max-video-preview:-1\" \/>\n<link rel=\"canonical\" href=\"https:\/\/elfsight.com\/fr\/background-music-widget\/drupal\/\" \/>\n<meta property=\"og:locale\" content=\"fr_FR\" \/>\n<meta property=\"og:type\" content=\"article\" \/>\n<meta property=\"og:title\" content=\"Widget de musique de fond sur le site Drupal (gratuit et rapide)\" \/>\n<meta property=\"og:description\" content=\"Int\u00e9grez un lecteur audio d&#039;arri\u00e8re-plan r\u00e9actif dans votre page Web Drupal. Ex\u00e9cutez la d\u00e9mo utile et fa\u00e7onnez votre widget personnalis\u00e9 en seulement 2 minutes.\" \/>\n<meta property=\"og:url\" content=\"https:\/\/elfsight.com\/fr\/background-music-widget\/drupal\/\" \/>\n<meta property=\"og:site_name\" content=\"Elfsight FR\" \/>\n<meta property=\"article:modified_time\" content=\"2025-07-09T10:05:17+00:00\" \/>\n<meta name=\"twitter:card\" content=\"summary_large_image\" \/>\n<meta name=\"twitter:label1\" content=\"Dur\u00e9e de lecture estim\u00e9e\" \/>\n\t<meta name=\"twitter:data1\" content=\"2 minutes\" \/>\n<!-- \/ Yoast SEO plugin. -->","yoast_head_json":{"title":"Widget de musique de fond sur le site Drupal (gratuit et rapide)","description":"Int\u00e9grez un lecteur audio d'arri\u00e8re-plan r\u00e9actif dans votre page Web Drupal. Ex\u00e9cutez la d\u00e9mo utile et fa\u00e7onnez votre widget personnalis\u00e9 en seulement 2 minutes.","robots":{"index":"index","follow":"follow","max-snippet":"max-snippet:-1","max-image-preview":"max-image-preview:large","max-video-preview":"max-video-preview:-1"},"canonical":"https:\/\/elfsight.com\/fr\/background-music-widget\/drupal\/","og_locale":"fr_FR","og_type":"article","og_title":"Widget de musique de fond sur le site Drupal (gratuit et rapide)","og_description":"Int\u00e9grez un lecteur audio d'arri\u00e8re-plan r\u00e9actif dans votre page Web Drupal. Ex\u00e9cutez la d\u00e9mo utile et fa\u00e7onnez votre widget personnalis\u00e9 en seulement 2 minutes.","og_url":"https:\/\/elfsight.com\/fr\/background-music-widget\/drupal\/","og_site_name":"Elfsight FR","article_modified_time":"2025-07-09T10:05:17+00:00","twitter_card":"summary_large_image","twitter_misc":{"Dur\u00e9e de lecture estim\u00e9e":"2 minutes"},"schema":{"@context":"https:\/\/schema.org","@graph":[{"@type":"WebPage","@id":"https:\/\/elfsight.com\/fr\/background-music-widget\/drupal\/","url":"https:\/\/elfsight.com\/fr\/background-music-widget\/drupal\/","name":"Widget de musique de fond sur le site Drupal (gratuit et rapide)","isPartOf":{"@id":"https:\/\/elfsight.com\/fr\/#website"},"datePublished":"2024-05-03T06:29:35+00:00","dateModified":"2025-07-09T10:05:17+00:00","description":"Int\u00e9grez un lecteur audio d'arri\u00e8re-plan r\u00e9actif dans votre page Web Drupal. Ex\u00e9cutez la d\u00e9mo utile et fa\u00e7onnez votre widget personnalis\u00e9 en seulement 2 minutes.","breadcrumb":{"@id":"https:\/\/elfsight.com\/fr\/background-music-widget\/drupal\/#breadcrumb"},"inLanguage":"fr-FR","potentialAction":[{"@type":"ReadAction","target":["https:\/\/elfsight.com\/fr\/background-music-widget\/drupal\/"]}]},{"@type":"BreadcrumbList","@id":"https:\/\/elfsight.com\/fr\/background-music-widget\/drupal\/#breadcrumb","itemListElement":[{"@type":"ListItem","position":1,"name":"Home","item":"https:\/\/elfsight.com\/fr\/"},{"@type":"ListItem","position":2,"name":"Background Music","item":"https:\/\/elfsight.com\/fr\/background-music-widget\/"},{"@type":"ListItem","position":3,"name":"Background Music &#8211; Drupal"}]},{"@type":"WebSite","@id":"https:\/\/elfsight.com\/fr\/#website","url":"https:\/\/elfsight.com\/fr\/","name":"Elfsight FR","description":"","potentialAction":[{"@type":"SearchAction","target":{"@type":"EntryPoint","urlTemplate":"https:\/\/elfsight.com\/fr\/?s={search_term_string}"},"query-input":{"@type":"PropertyValueSpecification","valueRequired":true,"valueName":"search_term_string"}}],"inLanguage":"fr-FR"}]}},"meta_box":{"industry":"","seo_heading":"","heading":"","description":"","cta_heading":"","cta_description":"","application":"2660","h1":"Module Musique de fond Drupal","h1_caption":"Ajoutez une musique de fond \u00e0 votre site Web, cr\u00e9ant ainsi une exp\u00e9rience immersive pour vos visiteurs sur votre site Web Drupal sans effort.","application_category":[],"applications_title":"","applications_request_title":"","applications_request_button_text":"","hero_text":"","hero_video":"","hero_video_schema_markup":"","selling_points_title":"","selling_points_caption":"","selling_points":[],"selling_points_cta_text":"","features_title":"","features":"","ed_cta_examples_text":"","ed_cta_examples_hidden":"","ed_cta_demo_text":"","ed_cta_demo_hidden":"","why_caption":"","why_editor_title":"","why_editor_text":"","why_team_title":"","why_team_text":"","why_service_title":"","why_service_text":"","template_catalog_visible":"","template_catalog_title":"","template_catalog_text":"","template_catalog_categories_visible":"","demo_title":"Cr\u00e9ez votre module Musique de fond","demo_caption":"Configurez votre musique de fond et ajoutez-la gratuitement \u00e0 votre site Drupal\u00a0!","default_faq_hidden":"","app_template_category":[],"platform":"351","template_public_id":"","codecanyon_url":"","codecanyon_item_id":"","codecanyon_price":"","pricing_caption":"","pricing_elfsight_apps_hide_column":"","pricing_elfsight_apps_url":"","pricing_codecanyon_price_caption":"","integration_category":[],"integration_request_title":"","integration_request_cta":"","integration_platform":"","integrations":[],"platform_category":[],"video_schema_markup":"","price":"\u00e0 partir de 0$ \/ mois","trial":"","benefits":[{"text":"Aide \u00e0 l'installation gratuite"},{"text":"Assistance premium"},{"text":"Garantie de remboursement de 14 jours"},{"text":"Mise \u00e0 jour constante"}],"button_url":"#demo","button_target_blank":"","button_nofollow":"","attributes":[{"name":"Installations","content":"10,000 - 100,000"},{"name":"Sensible","content":"Oui"},{"name":"Navigateurs compatibles","content":"Firefox, Safari, Opera, Chrome, Edge"}],"tags":[],"tags_disable_links":"","hide_more_platforms":"","video_object":"","demo_hide_cta":"","demo_hide_cloud_options":"","pricing_title":"","pricing":[{"pricing_icon":"platform","pricing_title":"Elfsight Apps","pricing_title_caption":"Version ind\u00e9pendante de la plateforme","pricing_price":"from $0 \/ month","pricing_price_caption":"commencez avec un forfait gratuit","pricing_benefits":[{"text":"Domaines illimit\u00e9s"},{"text":"Support d'entreprise gratuit et bien document\u00e9"},{"text":"Assistance \u00e0 l'installation gratuite"},{"text":"Offre sp\u00e9ciale pour plusieurs applications"}],"pricing_button_text":"Ajouter au site Web","pricing_button_url":"#demo"}],"related_apps_title":"","related_apps_hidden":"","author":"","image":[],"title":"","job":"","social_networks":[]},"_links":{"self":[{"href":"https:\/\/elfsight.com\/fr\/wp-json\/wp\/v2\/pages\/8106","targetHints":{"allow":["GET"]}}],"collection":[{"href":"https:\/\/elfsight.com\/fr\/wp-json\/wp\/v2\/pages"}],"about":[{"href":"https:\/\/elfsight.com\/fr\/wp-json\/wp\/v2\/types\/page"}],"author":[{"embeddable":true,"href":"https:\/\/elfsight.com\/fr\/wp-json\/wp\/v2\/users\/9"}],"replies":[{"embeddable":true,"href":"https:\/\/elfsight.com\/fr\/wp-json\/wp\/v2\/comments?post=8106"}],"version-history":[{"count":2,"href":"https:\/\/elfsight.com\/fr\/wp-json\/wp\/v2\/pages\/8106\/revisions"}],"predecessor-version":[{"id":15121,"href":"https:\/\/elfsight.com\/fr\/wp-json\/wp\/v2\/pages\/8106\/revisions\/15121"}],"up":[{"embeddable":true,"href":"https:\/\/elfsight.com\/fr\/wp-json\/wp\/v2\/pages\/2661"}],"wp:attachment":[{"href":"https:\/\/elfsight.com\/fr\/wp-json\/wp\/v2\/media?parent=8106"}],"curies":[{"name":"wp","href":"https:\/\/api.w.org\/{rel}","templated":true}]}}