{"id":8101,"date":"2024-05-03T06:29:34","date_gmt":"2024-05-03T06:29:34","guid":{"rendered":"https:\/\/elfsight.com\/fr\/?page_id=8101"},"modified":"2025-07-09T10:07:14","modified_gmt":"2025-07-09T10:07:14","slug":"facebook","status":"publish","type":"page","link":"https:\/\/elfsight.com\/fr\/background-music-widget\/facebook\/","title":{"rendered":"Background Music &#8211; Facebook"},"content":{"rendered":"<div class=\"application-platform-content-item-description application-platform-content-item\" id=\"description\" data-nav-section=\"description\"> <h2>Description<\/h2> <p>Elfsight Background Music est un simple plugin pour Facebook vous donnant la possibilit\u00e9 de diffuser des pistes audio directement sur votre page d&rsquo;accueil. . L&rsquo;outil est hautement modifiable\u00a0: vous \u00eates libre de changer sa position, de l&rsquo;installer n&rsquo;importe o\u00f9 sur la page, de redimensionner sa taille, de repeindre l&rsquo;arri\u00e8re-plan et tous les autres \u00e9l\u00e9ments pour le combiner avec le design de votre site, d&rsquo;utiliser un th\u00e8me sombre, d&rsquo;afficher des images et d&rsquo;afficher ou masquez quatre parties de joueur suppl\u00e9mentaires, par exemple la barre de progression, le titre et bien d&rsquo;autres. T\u00e9l\u00e9chargez autant de morceaux que vous le souhaitez pour divertir vos visiteurs, activez la lecture automatique et n&rsquo;ayez aucun doute\u00a0: vos utilisateurs ne quitteront pas votre page Web imm\u00e9diatement\u00a0!<\/p> <p><b>Avec Elfsight Background Music, d\u00e9marrez de solides affaires. d\u00e9veloppement et booster les ventes <\/b><\/p> <\/div> <div class=\"application-platform-content-item-features application-platform-content-item\" id=\"features\" data-nav-section=\"features\"> <h2>Etudiez la liste des fonctionnalit\u00e9s les plus utiles\u00a0: <\/h2> <ul><li>De nombreuses modifications de couleurs<\/li><li>Th\u00e8me de couleurs sombres\/claires<\/li><li>Conception r\u00e9active<\/li><li>Deux mises en page disponibles<\/li><li>Une possibilit\u00e9 d&rsquo;ajouter une image d&rsquo;arri\u00e8re-plan<\/li><\/ul><p><a href=\"#demo\">Essayez simplement cette d\u00e9mo pour voir ce que vaut le widget<\/a><\/p> <\/div> <div class=\"application-platform-content-item-installation application-platform-content-item\" id=\"installation\" data-nav-section=\"installation\"> <h2>Comment peut-on J&rsquo;ajoute la musique de fond Elfsight \u00e0 mon site Facebook\u00a0? <\/h2> <p>Appliquez simplement les instructions ci-dessous pour int\u00e9grer le plugin. <\/p> <ol><li><b>Utilisez notre \u00e9diteur gratuit et commencez \u00e0 cr\u00e9er votre plugin personnalis\u00e9. <\/b><br> D\u00e9terminez l&rsquo;apparence et les aspects pr\u00e9f\u00e9rables du plugin et appliquez les corrections. <\/li> <li><b>Faites appara\u00eetre votre code unique dans la bo\u00eete sur les applications Elfsight<\/b><br> D\u00e8s que la personnalisation de votre outil personnel est termin\u00e9e, copiez le code exclusif de la fen\u00eatre apparue et conservez-le pour une utilisation future. <\/li> <li><b>Commencez \u00e0 utiliser le widget sur votre page Web Facebook<\/b><br> Impl\u00e9mentez le code copi\u00e9 r\u00e9cemment dans votre page et appliquez les modifications. <\/li> <li><b>Fait\u00a0! L&rsquo;int\u00e9gration est enti\u00e8rement r\u00e9alis\u00e9e.<\/b><br> Rendez-vous sur votre site pour voir en action le fonctionnement du widget. <\/li><\/ol> <p>Si vous avez des questions ou rencontrez des difficult\u00e9s, veuillez vous adresser \u00e0 notre \u00e9quipe d&rsquo;assistance. Nos consultants sont d\u00e9sireux de r\u00e9soudre tous les probl\u00e8mes que vous pourriez rencontrer sur l&rsquo;outil. <\/p> <\/div>","protected":false},"excerpt":{"rendered":"","protected":false},"author":9,"featured_media":0,"parent":2661,"menu_order":0,"comment_status":"closed","ping_status":"closed","template":"templates\/template-application-platform.php","meta":{"publish_to_discourse":"","publish_post_category":"","wpdc_auto_publish_overridden":"","wpdc_topic_tags":"","wpdc_pin_topic":"","wpdc_pin_until":"","discourse_post_id":"","discourse_permalink":"","wpdc_publishing_response":"","wpdc_publishing_error":"","footnotes":""},"class_list":["post-8101","page","type-page","status-publish","hentry"],"yoast_head":"<!-- This site is optimized with the Yoast SEO plugin v25.3.1 - https:\/\/yoast.com\/wordpress\/plugins\/seo\/ -->\n<title>Lecteur de musique de fond pour page Facebook (gratuit et sans codage)<\/title>\n<meta name=\"description\" content=\"Int\u00e9grez un widget Background Audio impressionnable sur votre page Facebook. Appliquez la d\u00e9mo g\u00e9rable d&#039;Elfsight et fa\u00e7onnez votre propre outil en seulement 2 minutes.\" \/>\n<meta name=\"robots\" content=\"index, follow, max-snippet:-1, max-image-preview:large, max-video-preview:-1\" \/>\n<link rel=\"canonical\" href=\"https:\/\/elfsight.com\/fr\/background-music-widget\/facebook\/\" \/>\n<meta property=\"og:locale\" content=\"fr_FR\" \/>\n<meta property=\"og:type\" content=\"article\" \/>\n<meta property=\"og:title\" content=\"Lecteur de musique de fond pour page Facebook (gratuit et sans codage)\" \/>\n<meta property=\"og:description\" content=\"Int\u00e9grez un widget Background Audio impressionnable sur votre page Facebook. Appliquez la d\u00e9mo g\u00e9rable d&#039;Elfsight et fa\u00e7onnez votre propre outil en seulement 2 minutes.\" \/>\n<meta property=\"og:url\" content=\"https:\/\/elfsight.com\/fr\/background-music-widget\/facebook\/\" \/>\n<meta property=\"og:site_name\" content=\"Elfsight FR\" \/>\n<meta property=\"article:modified_time\" content=\"2025-07-09T10:07:14+00:00\" \/>\n<meta name=\"twitter:card\" content=\"summary_large_image\" \/>\n<meta name=\"twitter:label1\" content=\"Dur\u00e9e de lecture estim\u00e9e\" \/>\n\t<meta name=\"twitter:data1\" content=\"2 minutes\" \/>\n<!-- \/ Yoast SEO plugin. -->","yoast_head_json":{"title":"Lecteur de musique de fond pour page Facebook (gratuit et sans codage)","description":"Int\u00e9grez un widget Background Audio impressionnable sur votre page Facebook. Appliquez la d\u00e9mo g\u00e9rable d'Elfsight et fa\u00e7onnez votre propre outil en seulement 2 minutes.","robots":{"index":"index","follow":"follow","max-snippet":"max-snippet:-1","max-image-preview":"max-image-preview:large","max-video-preview":"max-video-preview:-1"},"canonical":"https:\/\/elfsight.com\/fr\/background-music-widget\/facebook\/","og_locale":"fr_FR","og_type":"article","og_title":"Lecteur de musique de fond pour page Facebook (gratuit et sans codage)","og_description":"Int\u00e9grez un widget Background Audio impressionnable sur votre page Facebook. Appliquez la d\u00e9mo g\u00e9rable d'Elfsight et fa\u00e7onnez votre propre outil en seulement 2 minutes.","og_url":"https:\/\/elfsight.com\/fr\/background-music-widget\/facebook\/","og_site_name":"Elfsight FR","article_modified_time":"2025-07-09T10:07:14+00:00","twitter_card":"summary_large_image","twitter_misc":{"Dur\u00e9e de lecture estim\u00e9e":"2 minutes"},"schema":{"@context":"https:\/\/schema.org","@graph":[{"@type":"WebPage","@id":"https:\/\/elfsight.com\/fr\/background-music-widget\/facebook\/","url":"https:\/\/elfsight.com\/fr\/background-music-widget\/facebook\/","name":"Lecteur de musique de fond pour page Facebook (gratuit et sans codage)","isPartOf":{"@id":"https:\/\/elfsight.com\/fr\/#website"},"datePublished":"2024-05-03T06:29:34+00:00","dateModified":"2025-07-09T10:07:14+00:00","description":"Int\u00e9grez un widget Background Audio impressionnable sur votre page Facebook. Appliquez la d\u00e9mo g\u00e9rable d'Elfsight et fa\u00e7onnez votre propre outil en seulement 2 minutes.","breadcrumb":{"@id":"https:\/\/elfsight.com\/fr\/background-music-widget\/facebook\/#breadcrumb"},"inLanguage":"fr-FR","potentialAction":[{"@type":"ReadAction","target":["https:\/\/elfsight.com\/fr\/background-music-widget\/facebook\/"]}]},{"@type":"BreadcrumbList","@id":"https:\/\/elfsight.com\/fr\/background-music-widget\/facebook\/#breadcrumb","itemListElement":[{"@type":"ListItem","position":1,"name":"Home","item":"https:\/\/elfsight.com\/fr\/"},{"@type":"ListItem","position":2,"name":"Background Music","item":"https:\/\/elfsight.com\/fr\/background-music-widget\/"},{"@type":"ListItem","position":3,"name":"Background Music &#8211; Facebook"}]},{"@type":"WebSite","@id":"https:\/\/elfsight.com\/fr\/#website","url":"https:\/\/elfsight.com\/fr\/","name":"Elfsight FR","description":"","potentialAction":[{"@type":"SearchAction","target":{"@type":"EntryPoint","urlTemplate":"https:\/\/elfsight.com\/fr\/?s={search_term_string}"},"query-input":{"@type":"PropertyValueSpecification","valueRequired":true,"valueName":"search_term_string"}}],"inLanguage":"fr-FR"}]}},"meta_box":{"industry":"","seo_heading":"","heading":"","description":"","cta_heading":"","cta_description":"","application":"2660","h1":"Widget de musique de fond Facebook","h1_caption":"Ins\u00e9rez une option s\u00e9duisante dans votre page Web et attirez rapidement des clients plus reconnaissants","application_category":[],"applications_title":"","applications_request_title":"","applications_request_button_text":"","hero_text":"","hero_video":"","hero_video_schema_markup":"","selling_points_title":"","selling_points_caption":"","selling_points":[],"selling_points_cta_text":"","features_title":"","features":"","ed_cta_examples_text":"","ed_cta_examples_hidden":"","ed_cta_demo_text":"","ed_cta_demo_hidden":"","why_caption":"","why_editor_title":"","why_editor_text":"","why_team_title":"","why_team_text":"","why_service_title":"","why_service_text":"","template_catalog_visible":"","template_catalog_title":"","template_catalog_text":"","template_catalog_categories_visible":"","demo_title":"Personnalisez l'instrument et ajoutez-le sur votre site Web \u00e0 l'aide de la d\u00e9mo active","demo_caption":"D\u00e9p\u00eachez-vous de cr\u00e9er une musique de fond Facebook Elfsight personnalis\u00e9e qui sera parfaitement en accord avec votre page\u00a0!","default_faq_hidden":"","app_template_category":[],"platform":"394","template_public_id":"","codecanyon_url":"","codecanyon_item_id":"","codecanyon_price":"","pricing_caption":"","pricing_elfsight_apps_hide_column":"","pricing_elfsight_apps_url":"","pricing_codecanyon_price_caption":"","integration_category":[],"integration_request_title":"","integration_request_cta":"","integration_platform":"","integrations":[],"platform_category":[],"video_schema_markup":"","price":"\u00e0 partir de 0$ \/ mois","trial":"","benefits":[{"text":"Service d'installation gratuit"},{"text":"Support client exp\u00e9riment\u00e9"},{"text":"Garantie de remboursement de 14 jours"},{"text":"Mises \u00e0 jour continues"}],"button_url":"#demo","button_target_blank":"","button_nofollow":"","attributes":[{"name":"Installations","content":"10,000 - 100,000"},{"name":"Sensible","content":"Oui"},{"name":"Navigateurs compatibles","content":"Edge, Opera, Safari, Firefox, Chrome"}],"tags":[],"tags_disable_links":"","hide_more_platforms":"","video_object":"","demo_hide_cta":"","demo_hide_cloud_options":"","pricing_title":"","pricing":[{"pricing_icon":"platform","pricing_title":"Elfsight Apps","pricing_title_caption":"Logiciel ind\u00e9pendant de la plate-forme qui fonctionne sur n'importe quel site Web","pricing_price":"from $0 \/ month","pricing_price_caption":"commencez avec un forfait gratuit","pricing_benefits":[{"text":"Sites Web illimit\u00e9s"},{"text":"Assistance professionnelle et ponctuelle"},{"text":"Aide \u00e0 l'installation gratuite"},{"text":"Enti\u00e8rement personnalisable"}],"pricing_button_text":"Ajouter au site Web","pricing_button_url":"#demo"}],"related_apps_title":"","related_apps_hidden":"","author":"","image":[],"title":"","job":"","social_networks":[]},"_links":{"self":[{"href":"https:\/\/elfsight.com\/fr\/wp-json\/wp\/v2\/pages\/8101","targetHints":{"allow":["GET"]}}],"collection":[{"href":"https:\/\/elfsight.com\/fr\/wp-json\/wp\/v2\/pages"}],"about":[{"href":"https:\/\/elfsight.com\/fr\/wp-json\/wp\/v2\/types\/page"}],"author":[{"embeddable":true,"href":"https:\/\/elfsight.com\/fr\/wp-json\/wp\/v2\/users\/9"}],"replies":[{"embeddable":true,"href":"https:\/\/elfsight.com\/fr\/wp-json\/wp\/v2\/comments?post=8101"}],"version-history":[{"count":1,"href":"https:\/\/elfsight.com\/fr\/wp-json\/wp\/v2\/pages\/8101\/revisions"}],"predecessor-version":[{"id":8105,"href":"https:\/\/elfsight.com\/fr\/wp-json\/wp\/v2\/pages\/8101\/revisions\/8105"}],"up":[{"embeddable":true,"href":"https:\/\/elfsight.com\/fr\/wp-json\/wp\/v2\/pages\/2661"}],"wp:attachment":[{"href":"https:\/\/elfsight.com\/fr\/wp-json\/wp\/v2\/media?parent=8101"}],"curies":[{"name":"wp","href":"https:\/\/api.w.org\/{rel}","templated":true}]}}