{"id":8100,"date":"2024-05-03T06:29:33","date_gmt":"2024-05-03T06:29:33","guid":{"rendered":"https:\/\/elfsight.com\/fr\/?page_id=8100"},"modified":"2025-07-09T10:07:09","modified_gmt":"2025-07-09T10:07:09","slug":"elementor","status":"publish","type":"page","link":"https:\/\/elfsight.com\/fr\/background-music-widget\/elementor\/","title":{"rendered":"Background Music &#8211; Elementor"},"content":{"rendered":"<div class=\"application-platform-content-item-description application-platform-content-item\" id=\"description\" data-nav-section=\"description\"> <h2>Int\u00e9grer de la musique de fond sur Elementor avec le widget Elfsight<\/h2> <p>Elfsight Background Audio est un outil simple pour Elementor vous permettant de lire des morceaux de musique directement sur les pages de votre site Internet. L&rsquo;outil est extr\u00eamement modifiable\u00a0: vous pouvez modifier son emplacement, le placer n&rsquo;importe o\u00f9 sur la page, redimensionner sa taille, modifier l&rsquo;arri\u00e8re-plan et d&rsquo;autres \u00e9l\u00e9ments pour le m\u00e9langer \u00e0 la mise en page de votre site Web, utiliser un th\u00e8me sombre, r\u00e9v\u00e9ler des couvertures et afficher ou masquer quatre \u00e9l\u00e9ments suppl\u00e9mentaires. les d\u00e9tails du joueur comme la barre de progression, le titre et bien d\u2019autres. Ajoutez autant de pistes que vous le souhaitez pour engager vos utilisateurs, activez la lecture automatique et n&rsquo;ayez aucun doute\u00a0: vos visiteurs ne quitteront pas votre site Web imm\u00e9diatement\u00a0!<\/p> <p><b>Rendez votre site plus efficace pour les cibles de commerce \u00e9lectronique avec Lecteur de musique de fond \u00e0 lecture automatique<\/b><\/p> <\/div> <div class=\"application-platform-content-item-features application-platform-content-item\" id=\"features\" data-nav-section=\"features\"> <h2>Nous proposons des fonctionnalit\u00e9s pratiques et rapides, consultez-en quelques-unes\u00a0: <\/h2> <ul><li>Illimit\u00e9 modifications de couleur<\/li><li>Th\u00e8me de couleur sombre\/clair<\/li><li>Conception mall\u00e9able<\/li><li>Deux mises en page applicables<\/li><li>Possibilit\u00e9 d&rsquo;utiliser l&rsquo;image d&rsquo;arri\u00e8re-plan<\/li> <\/ul><p><a href=\"#demo\">Vous pouvez d\u00e9couvrir toutes les fonctionnalit\u00e9s du widget dans la d\u00e9mo d\u00e8s maintenant<\/a><\/p> <\/div> <div class=\"application-platform-content-item-installation application-platform-content-item\" id=\"installation\" data-nav-section=\"installation\"> <h2>Comment ajouter une musique de fond sur mon site Elementor\u00a0? <\/h2><div class=\"video-container\"><iframe width=\"720\" height=\"405\" src=\"https:\/\/www.youtube.com\/embed\/SIfrx0cvyiE\" frameborder=\"0\" allowfullscreen=\"\"><\/iframe><\/div> <p>Remplissez simplement les instructions ci-dessous pour int\u00e9grer le plugin. <\/p> <ol><li><b>En utilisant notre configurateur gratuit, commencez \u00e0 cr\u00e9er votre plugin sur mesure. <\/b><br> Recherchez la conception et les fonctionnalit\u00e9s pr\u00e9f\u00e9r\u00e9es de l&rsquo;outil et enregistrez les corrections. <\/li> <li><b>Copiez votre code unique expos\u00e9 dans la veuve sur Elfsight Apps<\/b><br> D\u00e8s que la g\u00e9n\u00e9ration de votre outil est termin\u00e9e, copiez le code exclusif dans la case apparue et conservez-le pour une utilisation ult\u00e9rieure. <\/li> <li><b>Lancez l&rsquo;application du widget sur le site Elementor<\/b><br> Impl\u00e9mentez le code que vous avez enregistr\u00e9 auparavant dans votre page Web et enregistrez les am\u00e9liorations. <\/li> <li><b>La configuration est enti\u00e8rement effectu\u00e9e<\/b><br> Acc\u00e9dez \u00e0 votre page Web pour voir comment fonctionne l&rsquo;outil. <\/li><\/ol> <p>Si vous avez des demandes de renseignements ou rencontrez des probl\u00e8mes, n&rsquo;h\u00e9sitez pas \u00e0 contacter notre service client. Nos sp\u00e9cialistes ont h\u00e2te de r\u00e9soudre tous les probl\u00e8mes que vous pourriez rencontrer sur le plugin. <\/p> <div class=\"faq\" data-component=\"FAQ\"><div class=\"faq-item\">\r\n\t\t\t\t\t<div class=\"faq-item-question\">\r\n\t\t\t\t\t\t<h3 class=\"faq-item-question-text\">Comment puis-je int\u00e9grer une galerie vid\u00e9o YouTube dans mon site Web Squarespace sans comp\u00e9tences en codage ?<\/h3>\r\n\r\n\t\t\t\t\t\t<div class=\"faq-item-question-icon\"><\/div>\r\n\t\t\t\t\t<\/div>\r\n\r\n\t\t\t\t\t<div class=\"faq-item-answer\">\r\n\t\t\t\t\t\t<div class=\"faq-item-answer-text\"><p>Elfsight fournit une solution bas\u00e9e sur le cloud qui permet aux utilisateurs de cr\u00e9er une galerie vid\u00e9o YouTube de mani\u00e8re ind\u00e9pendante. , observez \u00e0 quel point la proc\u00e9dure est simple\u00a0:<\/p><ul><li>Entrez dans l&rsquo;\u00e9diteur en ligne pour cr\u00e9er une section Galerie de vid\u00e9os YouTube que vous souhaitez int\u00e9grer \u00e0 votre site Squarespace.<\/li><li>S\u00e9lectionnez l&rsquo;un de nos mod\u00e8les pr\u00e9d\u00e9finis et personnalisez les param\u00e8tres de la galerie vid\u00e9o YouTube, ajustez le design et la palette de couleurs, ins\u00e9rez votre contenu sans avoir besoin de coder.<\/li><li>Conservez les configurations que vous avez configur\u00e9es pour la galerie vid\u00e9o YouTube et acqu\u00e9rez le code pour int\u00e9grer le widget, qui peut \u00eatre facilement ins\u00e9r\u00e9 dans votre site Squarespace sans aucun frais.<\/li><\/ul><p>En op\u00e9rant dans l&rsquo;\u00e9diteur convivial, tout utilisateur en ligne peut g\u00e9n\u00e9rer une section Galerie de vid\u00e9os YouTube et int\u00e9grez-le \u00e0 leur site Web Squarespace. Aucun paiement ni la r\u00e9v\u00e9lation des d\u00e9tails de votre carte n&rsquo;est requis pour acc\u00e9der \u00e0 l&rsquo;\u00e9diteur Elfsight. Si vous rencontrez des difficult\u00e9s \u00e0 un moment donn\u00e9, n&rsquo;h\u00e9sitez pas \u00e0 contacter notre service client.<\/p><\/div>\r\n\t\t\t\t\t<\/div>\r\n\t\t\t\t<\/div><\/div><\/div>","protected":false},"excerpt":{"rendered":"","protected":false},"author":9,"featured_media":0,"parent":2661,"menu_order":0,"comment_status":"closed","ping_status":"closed","template":"templates\/template-application-platform.php","meta":{"publish_to_discourse":"","publish_post_category":"","wpdc_auto_publish_overridden":"","wpdc_topic_tags":"","wpdc_pin_topic":"","wpdc_pin_until":"","discourse_post_id":"","discourse_permalink":"","wpdc_publishing_response":"","wpdc_publishing_error":"","footnotes":""},"class_list":["post-8100","page","type-page","status-publish","hentry"],"yoast_head":"<!-- This site is optimized with the Yoast SEO plugin v25.3.1 - https:\/\/yoast.com\/wordpress\/plugins\/seo\/ -->\n<title>Lecteur de musique de fond pour le site Web Elementor (gratuit et sans codage)<\/title>\n<meta name=\"description\" content=\"Impl\u00e9mentez un lecteur de musique de fond sur votre page Elementor. Ex\u00e9cutez la d\u00e9mo Elfsight et cr\u00e9ez votre widget audio personnalis\u00e9 en quelques minutes seulement.\" \/>\n<meta name=\"robots\" content=\"index, follow, max-snippet:-1, max-image-preview:large, max-video-preview:-1\" \/>\n<link rel=\"canonical\" href=\"https:\/\/elfsight.com\/fr\/background-music-widget\/elementor\/\" \/>\n<meta property=\"og:locale\" content=\"fr_FR\" \/>\n<meta property=\"og:type\" content=\"article\" \/>\n<meta property=\"og:title\" content=\"Lecteur de musique de fond pour le site Web Elementor (gratuit et sans codage)\" \/>\n<meta property=\"og:description\" content=\"Impl\u00e9mentez un lecteur de musique de fond sur votre page Elementor. Ex\u00e9cutez la d\u00e9mo Elfsight et cr\u00e9ez votre widget audio personnalis\u00e9 en quelques minutes seulement.\" \/>\n<meta property=\"og:url\" content=\"https:\/\/elfsight.com\/fr\/background-music-widget\/elementor\/\" \/>\n<meta property=\"og:site_name\" content=\"Elfsight FR\" \/>\n<meta property=\"article:modified_time\" content=\"2025-07-09T10:07:09+00:00\" \/>\n<meta name=\"twitter:card\" content=\"summary_large_image\" \/>\n<meta name=\"twitter:label1\" content=\"Dur\u00e9e de lecture estim\u00e9e\" \/>\n\t<meta name=\"twitter:data1\" content=\"3 minutes\" \/>\n<!-- \/ Yoast SEO plugin. -->","yoast_head_json":{"title":"Lecteur de musique de fond pour le site Web Elementor (gratuit et sans codage)","description":"Impl\u00e9mentez un lecteur de musique de fond sur votre page Elementor. Ex\u00e9cutez la d\u00e9mo Elfsight et cr\u00e9ez votre widget audio personnalis\u00e9 en quelques minutes seulement.","robots":{"index":"index","follow":"follow","max-snippet":"max-snippet:-1","max-image-preview":"max-image-preview:large","max-video-preview":"max-video-preview:-1"},"canonical":"https:\/\/elfsight.com\/fr\/background-music-widget\/elementor\/","og_locale":"fr_FR","og_type":"article","og_title":"Lecteur de musique de fond pour le site Web Elementor (gratuit et sans codage)","og_description":"Impl\u00e9mentez un lecteur de musique de fond sur votre page Elementor. Ex\u00e9cutez la d\u00e9mo Elfsight et cr\u00e9ez votre widget audio personnalis\u00e9 en quelques minutes seulement.","og_url":"https:\/\/elfsight.com\/fr\/background-music-widget\/elementor\/","og_site_name":"Elfsight FR","article_modified_time":"2025-07-09T10:07:09+00:00","twitter_card":"summary_large_image","twitter_misc":{"Dur\u00e9e de lecture estim\u00e9e":"3 minutes"},"schema":{"@context":"https:\/\/schema.org","@graph":[{"@type":"WebPage","@id":"https:\/\/elfsight.com\/fr\/background-music-widget\/elementor\/","url":"https:\/\/elfsight.com\/fr\/background-music-widget\/elementor\/","name":"Lecteur de musique de fond pour le site Web Elementor (gratuit et sans codage)","isPartOf":{"@id":"https:\/\/elfsight.com\/fr\/#website"},"datePublished":"2024-05-03T06:29:33+00:00","dateModified":"2025-07-09T10:07:09+00:00","description":"Impl\u00e9mentez un lecteur de musique de fond sur votre page Elementor. Ex\u00e9cutez la d\u00e9mo Elfsight et cr\u00e9ez votre widget audio personnalis\u00e9 en quelques minutes seulement.","breadcrumb":{"@id":"https:\/\/elfsight.com\/fr\/background-music-widget\/elementor\/#breadcrumb"},"inLanguage":"fr-FR","potentialAction":[{"@type":"ReadAction","target":["https:\/\/elfsight.com\/fr\/background-music-widget\/elementor\/"]}]},{"@type":"BreadcrumbList","@id":"https:\/\/elfsight.com\/fr\/background-music-widget\/elementor\/#breadcrumb","itemListElement":[{"@type":"ListItem","position":1,"name":"Home","item":"https:\/\/elfsight.com\/fr\/"},{"@type":"ListItem","position":2,"name":"Background Music","item":"https:\/\/elfsight.com\/fr\/background-music-widget\/"},{"@type":"ListItem","position":3,"name":"Background Music &#8211; Elementor"}]},{"@type":"WebSite","@id":"https:\/\/elfsight.com\/fr\/#website","url":"https:\/\/elfsight.com\/fr\/","name":"Elfsight FR","description":"","potentialAction":[{"@type":"SearchAction","target":{"@type":"EntryPoint","urlTemplate":"https:\/\/elfsight.com\/fr\/?s={search_term_string}"},"query-input":{"@type":"PropertyValueSpecification","valueRequired":true,"valueName":"search_term_string"}}],"inLanguage":"fr-FR"}]}},"meta_box":{"industry":"","seo_heading":"","heading":"","description":"","cta_heading":"","cta_description":"","application":"2660","h1":"Widget de musique de fond Elementor","h1_caption":"Ajoutez une musique de fond \u00e0 votre site Web, cr\u00e9ant ainsi une exp\u00e9rience immersive pour vos visiteurs sur votre site Web Elementor sans effort.","application_category":[],"applications_title":"","applications_request_title":"","applications_request_button_text":"","hero_text":"","hero_video":"","hero_video_schema_markup":"","selling_points_title":"","selling_points_caption":"","selling_points":[],"selling_points_cta_text":"","features_title":"","features":"","ed_cta_examples_text":"","ed_cta_examples_hidden":"","ed_cta_demo_text":"","ed_cta_demo_hidden":"","why_caption":"","why_editor_title":"","why_editor_text":"","why_team_title":"","why_team_text":"","why_service_title":"","why_service_text":"","template_catalog_visible":"","template_catalog_title":"","template_catalog_text":"","template_catalog_categories_visible":"","demo_title":"Cr\u00e9ez votre widget Musique de fond","demo_caption":"Configurez votre musique de fond et ajoutez-la gratuitement \u00e0 votre site Web Elementor\u00a0!","default_faq_hidden":"","app_template_category":[],"platform":"385","template_public_id":"","codecanyon_url":"","codecanyon_item_id":"","codecanyon_price":"","pricing_caption":"","pricing_elfsight_apps_hide_column":"","pricing_elfsight_apps_url":"","pricing_codecanyon_price_caption":"","integration_category":[],"integration_request_title":"","integration_request_cta":"","integration_platform":"","integrations":[],"platform_category":[],"video_schema_markup":"","price":"\u00e0 partir de 0$ \/ mois","trial":"","benefits":[{"text":"Aide \u00e0 l'installation gratuite"},{"text":"Support client exp\u00e9riment\u00e9"},{"text":"Garantie de remboursement de 14 jours"},{"text":"Mise \u00e0 jour constante"}],"button_url":"#demo","button_target_blank":"","button_nofollow":"","attributes":[{"name":"Installations","content":"10,000 - 100,000"},{"name":"Sensible","content":"Oui"},{"name":"Navigateurs compatibles","content":"Firefox, Safari, Opera, Chrome, Edge"}],"tags":[],"tags_disable_links":"","hide_more_platforms":"","video_object":"","demo_hide_cta":"","demo_hide_cloud_options":"","pricing_title":"","pricing":[{"pricing_icon":"platform","pricing_title":"Elfsight Apps","pricing_title_caption":"Logiciel ind\u00e9pendant de la plate-forme","pricing_price":"from $0 \/ month","pricing_price_caption":"commencez avec un forfait gratuit","pricing_benefits":[{"text":"Domaines illimit\u00e9s"},{"text":"Assistance entreprise 24h\/24 et 7j\/7"},{"text":"Aide \u00e0 l'installation gratuite"},{"text":"Tr\u00e8s bonne affaire pour plusieurs applications"}],"pricing_button_text":"Ajouter au site Web","pricing_button_url":"#demo"}],"related_apps_title":"","related_apps_hidden":"","author":"","image":[],"title":"","job":"","social_networks":[]},"_links":{"self":[{"href":"https:\/\/elfsight.com\/fr\/wp-json\/wp\/v2\/pages\/8100","targetHints":{"allow":["GET"]}}],"collection":[{"href":"https:\/\/elfsight.com\/fr\/wp-json\/wp\/v2\/pages"}],"about":[{"href":"https:\/\/elfsight.com\/fr\/wp-json\/wp\/v2\/types\/page"}],"author":[{"embeddable":true,"href":"https:\/\/elfsight.com\/fr\/wp-json\/wp\/v2\/users\/9"}],"replies":[{"embeddable":true,"href":"https:\/\/elfsight.com\/fr\/wp-json\/wp\/v2\/comments?post=8100"}],"version-history":[{"count":1,"href":"https:\/\/elfsight.com\/fr\/wp-json\/wp\/v2\/pages\/8100\/revisions"}],"predecessor-version":[{"id":8104,"href":"https:\/\/elfsight.com\/fr\/wp-json\/wp\/v2\/pages\/8100\/revisions\/8104"}],"up":[{"embeddable":true,"href":"https:\/\/elfsight.com\/fr\/wp-json\/wp\/v2\/pages\/2661"}],"wp:attachment":[{"href":"https:\/\/elfsight.com\/fr\/wp-json\/wp\/v2\/media?parent=8100"}],"curies":[{"name":"wp","href":"https:\/\/api.w.org\/{rel}","templated":true}]}}