{"id":8099,"date":"2024-05-03T06:29:32","date_gmt":"2024-05-03T06:29:32","guid":{"rendered":"https:\/\/elfsight.com\/fr\/?page_id=8099"},"modified":"2025-07-09T10:07:50","modified_gmt":"2025-07-09T10:07:50","slug":"joomla","status":"publish","type":"page","link":"https:\/\/elfsight.com\/fr\/background-music-widget\/joomla\/","title":{"rendered":"Background Music &#8211; Joomla"},"content":{"rendered":"<div class=\"application-platform-content-item-description application-platform-content-item\" id=\"description\" data-nav-section=\"description\"> <h2>Description<\/h2> <p>Elfsight Background Audio Player est un plugin simple pour les sites Joomla vous permettant de lire des morceaux de musique directement sur vos pages. . Le plugin est hautement personnalisable\u00a0: vous \u00eates libre de modifier sa position, de l&rsquo;int\u00e9grer n&rsquo;importe o\u00f9 sur la page, de modifier sa taille, de recolorer l&rsquo;arri\u00e8re-plan et toutes les autres parties pour le m\u00e9langer au style de votre site, d&rsquo;utiliser des couleurs sombres, de d\u00e9montrer des images et afficher ou masquer 4 parties de joueur suppl\u00e9mentaires comme la barre de progression, le titre et bien d&rsquo;autres. Incluez autant de pistes que vous le souhaitez pour divertir vos utilisateurs, activez la lecture automatique et n&rsquo;h\u00e9sitez pas\u00a0: vos visiteurs ne quitteront pas votre page Web imm\u00e9diatement\u00a0!<\/p> <p><b>Avec Elfsight Background Music pour Joomla, acc\u00e9l\u00e9rer la croissance de votre entreprise et augmenter vos ventes <\/b><\/p> <\/div> <div class=\"application-platform-content-item-features application-platform-content-item\" id=\"features\" data-nav-section=\"features\"> <h2>Voici quelques-unes des puissantes fonctionnalit\u00e9s du plug-in\u00a0:<\/h2> <ul><li> Modifications de couleurs illimit\u00e9es<\/li><li>Sch\u00e9ma de couleurs sombres\/claires<\/li><li>Conception mall\u00e9able<\/li><li>2 mises en page disponibles<\/li><li>Possibilit\u00e9 d&rsquo;ajouter une image d&rsquo;arri\u00e8re-plan<\/li> <\/ul><p><a href=\"#demo\">Essayez simplement cette d\u00e9mo pour avoir une id\u00e9e compl\u00e8te<\/a><\/p> <\/div> <div class=\"application-platform-content-item-installation application-platform-content-item\" id=\"installation\" data-nav-section=\"installation\"> <h2>Comment ajouter une musique de fond au site Web Joomla\u00a0?<\/h2> <div class=\"video-container\"><iframe width=\"720\" height=\"405\" src=\"https:\/\/www.youtube.com\/embed\/QrMK9EwwIaU\" frameborder=\"0\" allowfullscreen><\/iframe><\/div><p>Suivez simplement ces \u00e9tapes pr\u00e9sent\u00e9es ci-dessous pour int\u00e9grer le plugin. <\/p> <ol><li><b>R\u00e9alisez notre d\u00e9mo gratuite et commencez \u00e0 cr\u00e9er votre propre extension. <\/b><br> Choisissez la disposition et les fonctionnalit\u00e9s appropri\u00e9es de l&rsquo;extension et appliquez toutes les modifications. <\/li> <li><b>Acqu\u00e9rir le code individuel apparaissant dans la case sur Elfsight Apps. <\/b><br> D\u00e8s que la cr\u00e9ation de votre extension personnelle est termin\u00e9e, copiez votre code depuis la fen\u00eatre contextuelle apparue et enregistrez-le pour une utilisation ult\u00e9rieure. <\/li> <li><b>Commencez \u00e0 utiliser l&rsquo;extension sur votre site Web Joomla. <\/b><br> Impl\u00e9mentez le code enregistr\u00e9 pr\u00e9c\u00e9demment dans votre site et enregistrez les modifications. <\/li> <li><b>L&rsquo;installation est enti\u00e8rement termin\u00e9e. <\/b><br> Visitez votre page Web pour jeter un \u0153il aux performances de l&rsquo;extension. <\/li><\/ol><p>En cas de questions ou de difficult\u00e9s, n&rsquo;h\u00e9sitez pas \u00e0 contacter notre \u00e9quipe d&rsquo;assistance. Nos sp\u00e9cialistes seront ravis de vous aider avec toutes les difficult\u00e9s que vous pourriez rencontrer sur le plugin. <\/p> <\/div>","protected":false},"excerpt":{"rendered":"","protected":false},"author":9,"featured_media":0,"parent":2661,"menu_order":0,"comment_status":"closed","ping_status":"closed","template":"templates\/template-application-platform.php","meta":{"publish_to_discourse":"","publish_post_category":"","wpdc_auto_publish_overridden":"","wpdc_topic_tags":"","wpdc_pin_topic":"","wpdc_pin_until":"","discourse_post_id":"","discourse_permalink":"","wpdc_publishing_response":"","wpdc_publishing_error":"","footnotes":""},"class_list":["post-8099","page","type-page","status-publish","hentry"],"yoast_head":"<!-- This site is optimized with the Yoast SEO plugin v25.3.1 - https:\/\/yoast.com\/wordpress\/plugins\/seo\/ -->\n<title>Plugin Background Audio \u2014 Ajoutez de la musique de fond au site Web Joomla<\/title>\n<meta name=\"description\" content=\"Ajoutez un plugin de musique de fond impressionnable \u00e0 votre site Web Joomla. Ex\u00e9cutez notre d\u00e9mo pratique et fa\u00e7onnez votre lecteur audio unique en seulement 2 minutes.\" \/>\n<meta name=\"robots\" content=\"index, follow, max-snippet:-1, max-image-preview:large, max-video-preview:-1\" \/>\n<link rel=\"canonical\" href=\"https:\/\/elfsight.com\/fr\/background-music-widget\/joomla\/\" \/>\n<meta property=\"og:locale\" content=\"fr_FR\" \/>\n<meta property=\"og:type\" content=\"article\" \/>\n<meta property=\"og:title\" content=\"Plugin Background Audio \u2014 Ajoutez de la musique de fond au site Web Joomla\" \/>\n<meta property=\"og:description\" content=\"Ajoutez un plugin de musique de fond impressionnable \u00e0 votre site Web Joomla. Ex\u00e9cutez notre d\u00e9mo pratique et fa\u00e7onnez votre lecteur audio unique en seulement 2 minutes.\" \/>\n<meta property=\"og:url\" content=\"https:\/\/elfsight.com\/fr\/background-music-widget\/joomla\/\" \/>\n<meta property=\"og:site_name\" content=\"Elfsight FR\" \/>\n<meta property=\"article:modified_time\" content=\"2025-07-09T10:07:50+00:00\" \/>\n<meta name=\"twitter:card\" content=\"summary_large_image\" \/>\n<meta name=\"twitter:label1\" content=\"Dur\u00e9e de lecture estim\u00e9e\" \/>\n\t<meta name=\"twitter:data1\" content=\"2 minutes\" \/>\n<!-- \/ Yoast SEO plugin. -->","yoast_head_json":{"title":"Plugin Background Audio \u2014 Ajoutez de la musique de fond au site Web Joomla","description":"Ajoutez un plugin de musique de fond impressionnable \u00e0 votre site Web Joomla. Ex\u00e9cutez notre d\u00e9mo pratique et fa\u00e7onnez votre lecteur audio unique en seulement 2 minutes.","robots":{"index":"index","follow":"follow","max-snippet":"max-snippet:-1","max-image-preview":"max-image-preview:large","max-video-preview":"max-video-preview:-1"},"canonical":"https:\/\/elfsight.com\/fr\/background-music-widget\/joomla\/","og_locale":"fr_FR","og_type":"article","og_title":"Plugin Background Audio \u2014 Ajoutez de la musique de fond au site Web Joomla","og_description":"Ajoutez un plugin de musique de fond impressionnable \u00e0 votre site Web Joomla. Ex\u00e9cutez notre d\u00e9mo pratique et fa\u00e7onnez votre lecteur audio unique en seulement 2 minutes.","og_url":"https:\/\/elfsight.com\/fr\/background-music-widget\/joomla\/","og_site_name":"Elfsight FR","article_modified_time":"2025-07-09T10:07:50+00:00","twitter_card":"summary_large_image","twitter_misc":{"Dur\u00e9e de lecture estim\u00e9e":"2 minutes"},"schema":{"@context":"https:\/\/schema.org","@graph":[{"@type":"WebPage","@id":"https:\/\/elfsight.com\/fr\/background-music-widget\/joomla\/","url":"https:\/\/elfsight.com\/fr\/background-music-widget\/joomla\/","name":"Plugin Background Audio \u2014 Ajoutez de la musique de fond au site Web Joomla","isPartOf":{"@id":"https:\/\/elfsight.com\/fr\/#website"},"datePublished":"2024-05-03T06:29:32+00:00","dateModified":"2025-07-09T10:07:50+00:00","description":"Ajoutez un plugin de musique de fond impressionnable \u00e0 votre site Web Joomla. Ex\u00e9cutez notre d\u00e9mo pratique et fa\u00e7onnez votre lecteur audio unique en seulement 2 minutes.","breadcrumb":{"@id":"https:\/\/elfsight.com\/fr\/background-music-widget\/joomla\/#breadcrumb"},"inLanguage":"fr-FR","potentialAction":[{"@type":"ReadAction","target":["https:\/\/elfsight.com\/fr\/background-music-widget\/joomla\/"]}]},{"@type":"BreadcrumbList","@id":"https:\/\/elfsight.com\/fr\/background-music-widget\/joomla\/#breadcrumb","itemListElement":[{"@type":"ListItem","position":1,"name":"Home","item":"https:\/\/elfsight.com\/fr\/"},{"@type":"ListItem","position":2,"name":"Background Music","item":"https:\/\/elfsight.com\/fr\/background-music-widget\/"},{"@type":"ListItem","position":3,"name":"Background Music &#8211; Joomla"}]},{"@type":"WebSite","@id":"https:\/\/elfsight.com\/fr\/#website","url":"https:\/\/elfsight.com\/fr\/","name":"Elfsight FR","description":"","potentialAction":[{"@type":"SearchAction","target":{"@type":"EntryPoint","urlTemplate":"https:\/\/elfsight.com\/fr\/?s={search_term_string}"},"query-input":{"@type":"PropertyValueSpecification","valueRequired":true,"valueName":"search_term_string"}}],"inLanguage":"fr-FR"}]}},"meta_box":{"industry":"","seo_heading":"","heading":"","description":"","cta_heading":"","cta_description":"","application":"2660","h1":"Plugin de musique de fond Joomla","h1_caption":"Ajoutez une musique de fond \u00e0 votre site Web, cr\u00e9ant ainsi une exp\u00e9rience immersive pour vos visiteurs sur votre site Web Joomla sans effort.","application_category":[],"applications_title":"","applications_request_title":"","applications_request_button_text":"","hero_text":"","hero_video":"","hero_video_schema_markup":"","selling_points_title":"","selling_points_caption":"","selling_points":[],"selling_points_cta_text":"","features_title":"","features":"","ed_cta_examples_text":"","ed_cta_examples_hidden":"","ed_cta_demo_text":"","ed_cta_demo_hidden":"","why_caption":"","why_editor_title":"","why_editor_text":"","why_team_title":"","why_team_text":"","why_service_title":"","why_service_text":"","template_catalog_visible":"","template_catalog_title":"","template_catalog_text":"","template_catalog_categories_visible":"","demo_title":"Cr\u00e9ez votre plugin Musique de fond","demo_caption":"Configurez votre musique de fond et ajoutez-la gratuitement \u00e0 votre site Web Joomla\u00a0!","default_faq_hidden":"","app_template_category":[],"platform":"354","template_public_id":"","codecanyon_url":"","codecanyon_item_id":"","codecanyon_price":"","pricing_caption":"","pricing_elfsight_apps_hide_column":"","pricing_elfsight_apps_url":"","pricing_codecanyon_price_caption":"","integration_category":[],"integration_request_title":"","integration_request_cta":"","integration_platform":"","integrations":[],"platform_category":[],"video_schema_markup":"","price":"\u00e0 partir de 0$ \/ mois","trial":"","benefits":[{"text":"Aide \u00e0 l'installation gratuite"},{"text":"Soutien exceptionnel"},{"text":"Garantie de remboursement de 14 jours"},{"text":"Am\u00e9liorations futures"}],"button_url":"#demo","button_target_blank":"","button_nofollow":"","attributes":[{"name":"Installations","content":"10,000 - 100,000"},{"name":"Sensible","content":"Oui"},{"name":"Navigateurs compatibles","content":"Firefox, Safari, Opera, Chrome, Edge"}],"tags":[],"tags_disable_links":"","hide_more_platforms":"","video_object":"","demo_hide_cta":"","demo_hide_cloud_options":"","pricing_title":"","pricing":[{"pricing_icon":"platform","pricing_title":"Elfsight Apps","pricing_title_caption":"Solution multiplateforme qui fonctionne sur n'importe quel site Web","pricing_price":"from $0 \/ month","pricing_price_caption":"commencez avec un forfait gratuit","pricing_benefits":[{"text":"Sites Web illimit\u00e9s"},{"text":"Assistance professionnelle, ponctuelle et bien document\u00e9e"},{"text":"Assistance \u00e0 l'installation gratuite"},{"text":"Offre \u00e0 dur\u00e9e limit\u00e9e pour plusieurs applications"}],"pricing_button_text":"Ajouter au site Web","pricing_button_url":"#demo"}],"related_apps_title":"","related_apps_hidden":"","author":"","image":[],"title":"","job":"","social_networks":[]},"_links":{"self":[{"href":"https:\/\/elfsight.com\/fr\/wp-json\/wp\/v2\/pages\/8099","targetHints":{"allow":["GET"]}}],"collection":[{"href":"https:\/\/elfsight.com\/fr\/wp-json\/wp\/v2\/pages"}],"about":[{"href":"https:\/\/elfsight.com\/fr\/wp-json\/wp\/v2\/types\/page"}],"author":[{"embeddable":true,"href":"https:\/\/elfsight.com\/fr\/wp-json\/wp\/v2\/users\/9"}],"replies":[{"embeddable":true,"href":"https:\/\/elfsight.com\/fr\/wp-json\/wp\/v2\/comments?post=8099"}],"version-history":[{"count":2,"href":"https:\/\/elfsight.com\/fr\/wp-json\/wp\/v2\/pages\/8099\/revisions"}],"predecessor-version":[{"id":15120,"href":"https:\/\/elfsight.com\/fr\/wp-json\/wp\/v2\/pages\/8099\/revisions\/15120"}],"up":[{"embeddable":true,"href":"https:\/\/elfsight.com\/fr\/wp-json\/wp\/v2\/pages\/2661"}],"wp:attachment":[{"href":"https:\/\/elfsight.com\/fr\/wp-json\/wp\/v2\/media?parent=8099"}],"curies":[{"name":"wp","href":"https:\/\/api.w.org\/{rel}","templated":true}]}}