{"id":8098,"date":"2024-05-03T06:29:31","date_gmt":"2024-05-03T06:29:31","guid":{"rendered":"https:\/\/elfsight.com\/fr\/?page_id=8098"},"modified":"2025-07-09T10:08:02","modified_gmt":"2025-07-09T10:08:02","slug":"jquery","status":"publish","type":"page","link":"https:\/\/elfsight.com\/fr\/background-music-widget\/jquery\/","title":{"rendered":"Background Music &#8211; jQuery"},"content":{"rendered":"<div class=\"application-platform-content-item-description application-platform-content-item\" id=\"description\" data-nav-section=\"description\"> <h2>Description<\/h2> <p>Elfsight Background Audio est un widget simple pour jQuery vous donnant la possibilit\u00e9 de lire des morceaux de musique directement sur les pages. de votre site. L&rsquo;outil est extr\u00eamement personnalisable\u00a0: vous pouvez modifier sa position, le placer n&rsquo;importe o\u00f9 sur la page, redimensionner sa taille, recolorer l&rsquo;arri\u00e8re-plan et toutes les autres parties pour le combiner avec la mise en page de votre site, appliquer un th\u00e8me sombre, afficher des couvertures et montrer ou masquer 4 autres \u00e9l\u00e9ments. composants du lecteur, par exemple barre de progression, titre et autres. Incluez autant de morceaux que vous le souhaitez pour ravir votre public, activez la lecture automatique et n&rsquo;h\u00e9sitez pas, vos visiteurs ne quitteront pas votre site imm\u00e9diatement\u00a0!<\/p> <p><b>Avec le lecteur de musique de fond Elfsight, vivez une exp\u00e9rience solide. d\u00e9veloppement commercial et plus de ventes\u00a0!<\/b><\/p> <\/div> <div class=\"application-platform-content-item-features application-platform-content-item\" id=\"features\" data-nav-section=\"features\"> <h2>Ce ne sont l\u00e0 que quelques-unes des nombreuses fonctionnalit\u00e9s du widget\u00a0:<\/h2> <ul><li> Modifications de couleurs illimit\u00e9es<\/li><li>Sch\u00e9ma de couleurs sombres\/claires<\/li><li>Conception flexible<\/li><li>2 mises en page pr\u00eates \u00e0 l&#8217;emploi<\/li><li>Possibilit\u00e9 d&rsquo;utiliser l&rsquo;image d&rsquo;arri\u00e8re-plan<\/li><\/ul><p><a href=\"#demo\">Vous pouvez voir quand le widget propose en utilisant la d\u00e9mo<\/a><\/p> <\/div> <div class=\"application-platform-content-item-installation application-platform-content-item\" id=\"installation\" data-nav-section=\"installation\"> <h2>Comment ajouter une musique de fond \u00e0 mon site Web jQuery\u00a0? <\/h2> <p>Suivez simplement les instructions ci-dessous pour ajouter l&rsquo;outil. <\/p> <ol><li><b>Ouvrez notre \u00e9diteur gratuit et commencez \u00e0 fa\u00e7onner votre widget unique. <\/b><br> Choisissez le design et les caract\u00e9ristiques pr\u00e9f\u00e9rables du widget et enregistrez les modifications.<\/li> <li><b>Recevez le code unique qui appara\u00eet dans le formulaire sp\u00e9cial sur les applications Elfsight<\/b><br> Une fois la personnalisation de votre plugin personnel termin\u00e9e, copiez le code individuel dans la case qui appara\u00eet et conservez-le pour une occasion ult\u00e9rieure.<\/li> <li><b>Entrez dans l&rsquo;utilisation de l&rsquo;audio d&rsquo;arri\u00e8re-plan sur votre page Web jQuery<\/b><br> Impl\u00e9mentez le code copi\u00e9 auparavant dans votre site Web et appliquez les modifications.<\/li> <li><b>Termin\u00e9\u00a0! L&rsquo;int\u00e9gration est enti\u00e8rement r\u00e9alis\u00e9e.<\/b><br> Visitez votre site Web pour examiner le fonctionnement du widget.<\/li><\/ol> <p>Si vous rencontrez des demandes de renseignements ou rencontrez des difficult\u00e9s, n&rsquo;h\u00e9sitez pas \u00e0 contacter notre \u00e9quipe d&rsquo;assistance. Nos collaborateurs ont h\u00e2te de vous aider avec toutes les questions que vous pourriez avoir sur le plugin.<\/p> <\/div>","protected":false},"excerpt":{"rendered":"","protected":false},"author":9,"featured_media":0,"parent":2661,"menu_order":0,"comment_status":"closed","ping_status":"closed","template":"templates\/template-application-platform.php","meta":{"publish_to_discourse":"","publish_post_category":"","wpdc_auto_publish_overridden":"","wpdc_topic_tags":"","wpdc_pin_topic":"","wpdc_pin_until":"","discourse_post_id":"","discourse_permalink":"","wpdc_publishing_response":"","wpdc_publishing_error":"","footnotes":""},"class_list":["post-8098","page","type-page","status-publish","hentry"],"yoast_head":"<!-- This site is optimized with the Yoast SEO plugin v25.3.1 - https:\/\/yoast.com\/wordpress\/plugins\/seo\/ -->\n<title>Plugin de lecteur de musique de fond pour le site Web jQuery (simple et gratuit)<\/title>\n<meta name=\"description\" content=\"Ajoutez un plugin de musique de fond flexible \u00e0 votre site Web jQuery. Utilisez la d\u00e9mo g\u00e9rable et cr\u00e9ez votre lecteur audio en quelques minutes seulement.\" \/>\n<meta name=\"robots\" content=\"index, follow, max-snippet:-1, max-image-preview:large, max-video-preview:-1\" \/>\n<link rel=\"canonical\" href=\"https:\/\/elfsight.com\/fr\/background-music-widget\/jquery\/\" \/>\n<meta property=\"og:locale\" content=\"fr_FR\" \/>\n<meta property=\"og:type\" content=\"article\" \/>\n<meta property=\"og:title\" content=\"Plugin de lecteur de musique de fond pour le site Web jQuery (simple et gratuit)\" \/>\n<meta property=\"og:description\" content=\"Ajoutez un plugin de musique de fond flexible \u00e0 votre site Web jQuery. Utilisez la d\u00e9mo g\u00e9rable et cr\u00e9ez votre lecteur audio en quelques minutes seulement.\" \/>\n<meta property=\"og:url\" content=\"https:\/\/elfsight.com\/fr\/background-music-widget\/jquery\/\" \/>\n<meta property=\"og:site_name\" content=\"Elfsight FR\" \/>\n<meta property=\"article:modified_time\" content=\"2025-07-09T10:08:02+00:00\" \/>\n<meta name=\"twitter:card\" content=\"summary_large_image\" \/>\n<meta name=\"twitter:label1\" content=\"Dur\u00e9e de lecture estim\u00e9e\" \/>\n\t<meta name=\"twitter:data1\" content=\"2 minutes\" \/>\n<!-- \/ Yoast SEO plugin. -->","yoast_head_json":{"title":"Plugin de lecteur de musique de fond pour le site Web jQuery (simple et gratuit)","description":"Ajoutez un plugin de musique de fond flexible \u00e0 votre site Web jQuery. Utilisez la d\u00e9mo g\u00e9rable et cr\u00e9ez votre lecteur audio en quelques minutes seulement.","robots":{"index":"index","follow":"follow","max-snippet":"max-snippet:-1","max-image-preview":"max-image-preview:large","max-video-preview":"max-video-preview:-1"},"canonical":"https:\/\/elfsight.com\/fr\/background-music-widget\/jquery\/","og_locale":"fr_FR","og_type":"article","og_title":"Plugin de lecteur de musique de fond pour le site Web jQuery (simple et gratuit)","og_description":"Ajoutez un plugin de musique de fond flexible \u00e0 votre site Web jQuery. Utilisez la d\u00e9mo g\u00e9rable et cr\u00e9ez votre lecteur audio en quelques minutes seulement.","og_url":"https:\/\/elfsight.com\/fr\/background-music-widget\/jquery\/","og_site_name":"Elfsight FR","article_modified_time":"2025-07-09T10:08:02+00:00","twitter_card":"summary_large_image","twitter_misc":{"Dur\u00e9e de lecture estim\u00e9e":"2 minutes"},"schema":{"@context":"https:\/\/schema.org","@graph":[{"@type":"WebPage","@id":"https:\/\/elfsight.com\/fr\/background-music-widget\/jquery\/","url":"https:\/\/elfsight.com\/fr\/background-music-widget\/jquery\/","name":"Plugin de lecteur de musique de fond pour le site Web jQuery (simple et gratuit)","isPartOf":{"@id":"https:\/\/elfsight.com\/fr\/#website"},"datePublished":"2024-05-03T06:29:31+00:00","dateModified":"2025-07-09T10:08:02+00:00","description":"Ajoutez un plugin de musique de fond flexible \u00e0 votre site Web jQuery. Utilisez la d\u00e9mo g\u00e9rable et cr\u00e9ez votre lecteur audio en quelques minutes seulement.","breadcrumb":{"@id":"https:\/\/elfsight.com\/fr\/background-music-widget\/jquery\/#breadcrumb"},"inLanguage":"fr-FR","potentialAction":[{"@type":"ReadAction","target":["https:\/\/elfsight.com\/fr\/background-music-widget\/jquery\/"]}]},{"@type":"BreadcrumbList","@id":"https:\/\/elfsight.com\/fr\/background-music-widget\/jquery\/#breadcrumb","itemListElement":[{"@type":"ListItem","position":1,"name":"Home","item":"https:\/\/elfsight.com\/fr\/"},{"@type":"ListItem","position":2,"name":"Background Music","item":"https:\/\/elfsight.com\/fr\/background-music-widget\/"},{"@type":"ListItem","position":3,"name":"Background Music &#8211; jQuery"}]},{"@type":"WebSite","@id":"https:\/\/elfsight.com\/fr\/#website","url":"https:\/\/elfsight.com\/fr\/","name":"Elfsight FR","description":"","potentialAction":[{"@type":"SearchAction","target":{"@type":"EntryPoint","urlTemplate":"https:\/\/elfsight.com\/fr\/?s={search_term_string}"},"query-input":{"@type":"PropertyValueSpecification","valueRequired":true,"valueName":"search_term_string"}}],"inLanguage":"fr-FR"}]}},"meta_box":{"industry":"","seo_heading":"","heading":"","description":"","cta_heading":"","cta_description":"","application":"2660","h1":"Plugin de musique de fond jQuery","h1_caption":"Ajoutez une musique de fond \u00e0 votre site Web, cr\u00e9ant ainsi une exp\u00e9rience immersive pour vos visiteurs sur votre site Web jQuery sans effort.","application_category":[],"applications_title":"","applications_request_title":"","applications_request_button_text":"","hero_text":"","hero_video":"","hero_video_schema_markup":"","selling_points_title":"","selling_points_caption":"","selling_points":[],"selling_points_cta_text":"","features_title":"","features":"","ed_cta_examples_text":"","ed_cta_examples_hidden":"","ed_cta_demo_text":"","ed_cta_demo_hidden":"","why_caption":"","why_editor_title":"","why_editor_text":"","why_team_title":"","why_team_text":"","why_service_title":"","why_service_text":"","template_catalog_visible":"","template_catalog_title":"","template_catalog_text":"","template_catalog_categories_visible":"","demo_title":"Cr\u00e9ez votre plugin Musique de fond","demo_caption":"Configurez votre musique de fond et ajoutez-la gratuitement \u00e0 votre site Web jQuery\u00a0!","default_faq_hidden":"","app_template_category":[],"platform":"355","template_public_id":"","codecanyon_url":"","codecanyon_item_id":"","codecanyon_price":"","pricing_caption":"","pricing_elfsight_apps_hide_column":"","pricing_elfsight_apps_url":"","pricing_codecanyon_price_caption":"","integration_category":[],"integration_request_title":"","integration_request_cta":"","integration_platform":"","integrations":[],"platform_category":[],"video_schema_markup":"","price":"\u00e0 partir de 0$ \/ mois","trial":"","benefits":[{"text":"Aide \u00e0 l'installation gratuite"},{"text":"Support client exp\u00e9riment\u00e9"},{"text":"Garantie de remboursement de 14 jours"},{"text":"Mises \u00e0 jour gratuites r\u00e9guli\u00e8res"}],"button_url":"#demo","button_target_blank":"","button_nofollow":"","attributes":[{"name":"Installations","content":"10,000 - 100,000"},{"name":"Sensible","content":"Oui"},{"name":"Navigateurs compatibles","content":"Firefox, Safari, Opera, Chrome, Edge"}],"tags":[],"tags_disable_links":"","hide_more_platforms":"","video_object":"","demo_hide_cta":"","demo_hide_cloud_options":"","pricing_title":"","pricing":[{"pricing_icon":"platform","pricing_title":"Elfsight Apps","pricing_title_caption":"Solution multiplateforme adapt\u00e9e \u00e0 tous les sites","pricing_price":"from $0 \/ month","pricing_price_caption":"commencez avec un forfait gratuit","pricing_benefits":[{"text":"Sites Web illimit\u00e9s"},{"text":"Support premium et bien document\u00e9"},{"text":"Assistance \u00e0 l'installation gratuite"},{"text":"Conception flexible"}],"pricing_button_text":"Ajouter au site Web","pricing_button_url":"#demo"}],"related_apps_title":"","related_apps_hidden":"","author":"","image":[],"title":"","job":"","social_networks":[]},"_links":{"self":[{"href":"https:\/\/elfsight.com\/fr\/wp-json\/wp\/v2\/pages\/8098","targetHints":{"allow":["GET"]}}],"collection":[{"href":"https:\/\/elfsight.com\/fr\/wp-json\/wp\/v2\/pages"}],"about":[{"href":"https:\/\/elfsight.com\/fr\/wp-json\/wp\/v2\/types\/page"}],"author":[{"embeddable":true,"href":"https:\/\/elfsight.com\/fr\/wp-json\/wp\/v2\/users\/9"}],"replies":[{"embeddable":true,"href":"https:\/\/elfsight.com\/fr\/wp-json\/wp\/v2\/comments?post=8098"}],"version-history":[{"count":1,"href":"https:\/\/elfsight.com\/fr\/wp-json\/wp\/v2\/pages\/8098\/revisions"}],"predecessor-version":[{"id":8102,"href":"https:\/\/elfsight.com\/fr\/wp-json\/wp\/v2\/pages\/8098\/revisions\/8102"}],"up":[{"embeddable":true,"href":"https:\/\/elfsight.com\/fr\/wp-json\/wp\/v2\/pages\/2661"}],"wp:attachment":[{"href":"https:\/\/elfsight.com\/fr\/wp-json\/wp\/v2\/media?parent=8098"}],"curies":[{"name":"wp","href":"https:\/\/api.w.org\/{rel}","templated":true}]}}