{"id":8093,"date":"2024-05-03T06:29:30","date_gmt":"2024-05-03T06:29:30","guid":{"rendered":"https:\/\/elfsight.com\/fr\/?page_id=8093"},"modified":"2025-07-09T10:07:35","modified_gmt":"2025-07-09T10:07:35","slug":"iframe","status":"publish","type":"page","link":"https:\/\/elfsight.com\/fr\/background-music-widget\/iframe\/","title":{"rendered":"Background Music &#8211; iFrame"},"content":{"rendered":"<div class=\"application-platform-content-item-description application-platform-content-item\" id=\"description\" data-nav-section=\"description\"> <h2>Int\u00e9grer de la musique de fond sur iFrame avec le widget Elfsight<\/h2> <p>Le lecteur audio de fond est un outil simple vous permettant de lire des morceaux de musique directement sur vos pages Web \u00e0 l&rsquo;aide du code Elfsight iFrame. Le widget est totalement modifiable\u00a0: vous \u00eates libre de modifier sa position, de l&rsquo;ins\u00e9rer n&rsquo;importe o\u00f9 sur la page, de redimensionner sa taille, de retoucher l&rsquo;arri\u00e8re-plan et d&rsquo;autres \u00e9l\u00e9ments pour le m\u00e9langer au style de votre site, d&rsquo;utiliser un th\u00e8me sombre, d&rsquo;afficher des images et d&rsquo;afficher ou de masquer. 4 autres d\u00e9tails sur le joueur, par exemple la barre de progression, le titre et autres. Ajoutez autant de pistes que vous le souhaitez pour divertir votre public, activez la lecture automatique et n&rsquo;ayez aucun doute\u00a0: vos visiteurs ne quitteront pas votre page Web pr\u00e9cipitamment\u00a0!<\/p> <p><b>Int\u00e9grez le lecteur de musique de fond Elfsight \u00e0 atteignez vos objectifs commerciaux plus rapidement\u00a0!<\/b><\/p> <\/div> <div class=\"application-platform-content-item-features application-platform-content-item\" id=\"features\" data-nav-section=\"features\"> <h2>Affichez la liste des fonctionnalit\u00e9s les plus utiles\u00a0: <\/h2> <ul><li>Diff\u00e9rentes couleurs variations<\/li><li>Th\u00e8me de couleur sombre\/clair<\/li><li>Conception mall\u00e9able<\/li><li>Deux mises en page applicables<\/li><li>Une option pour utiliser l&rsquo;image d&rsquo;arri\u00e8re-plan<\/li><\/ul><p><a href=\"#demo\">Vous pouvez d\u00e9couvrir toutes les fonctionnalit\u00e9s du widget dans la d\u00e9mo ci-dessous<\/a><\/p> <\/div> <div class=\"application-platform-content-item-installation application-platform-content-item\" id=\"installation\" data-nav-section=\"installation\"> <h2>Comment ajouter du code Iframe avec une musique de fond au site Web\u00a0?<\/h2> <p>Appliquez simplement les instructions ci-dessous pour activer le widget. <\/p> <ol><li><b>G\u00e9rez notre configurateur gratuit et commencez \u00e0 cr\u00e9er votre propre widget. <\/b><br> Trouvez l&rsquo;apparence et les options souhaitables du plugin et appliquez les corrections. <\/li> <li><b>Acqu\u00e9rir le code individuel apparaissant dans le formulaire sp\u00e9cial sur les applications Elfsight<\/b><br> Une fois la cr\u00e9ation de votre outil personnel termin\u00e9e, copiez le code exclusif de la fen\u00eatre apparue et conservez-le. pour une occasion future. <\/li> <li><b>Entrez sur l&rsquo;utilisation de l&rsquo;audio de fond sur votre site Web iFrame<\/b><br> Ajoutez le code que vous avez copi\u00e9 r\u00e9cemment dans votre page Web et enregistrez les corrections. <\/li> <li><b>Fait\u00a0! La configuration est enti\u00e8rement termin\u00e9e.<\/b><br> Visitez votre page pour jeter un \u0153il au fonctionnement du plugin.<\/li><\/ol> <p>En supposant que vous ayez des questions ou que vous rencontriez des complications, ne soyez pas J&rsquo;ai peur de contacter notre service client. Nos collaborateurs seront ravis de vous aider avec toutes les questions que vous pourriez avoir sur le produit. <\/p> <div class=\"faq\" data-component=\"FAQ\"><div class=\"faq-item\">\r\n\t\t\t\t\t<div class=\"faq-item-question\">\r\n\t\t\t\t\t\t<h3 class=\"faq-item-question-text\">Comment puis-je int\u00e9grer un widget de musique de fond iFrame sur mon site Web iFrame sans comp\u00e9tences en codage ?<\/h3>\r\n\r\n\t\t\t\t\t\t<div class=\"faq-item-question-icon\"><\/div>\r\n\t\t\t\t\t<\/div>\r\n\r\n\t\t\t\t\t<div class=\"faq-item-answer\">\r\n\t\t\t\t\t\t<div class=\"faq-item-answer-text\"><p>Elfsight propose une solution bas\u00e9e sur le cloud qui permet aux utilisateurs d&rsquo;int\u00e9grer une musique de fond iFrame widget seul, voyez \u00e0 quel point le processus est simple\u00a0:<\/p><ul><li>Acc\u00e9dez \u00e0 l&rsquo;\u00e9diteur en ligne pour g\u00e9n\u00e9rer une section de widget iFrame Background Music que vous souhaitez int\u00e9grer \u00e0 votre site Squarespace.<\/li><li>Choisissez l&rsquo;un de nos mod\u00e8les pr\u00e9d\u00e9finis et personnalisez les param\u00e8tres du widget iFrame Background Music, modifiez la mise en page et la palette de couleurs, incluez votre contenu sans avoir besoin de codage.<\/li><li>Enregistrez les param\u00e8tres que vous avez configur\u00e9s pour le widget iFrame Background Music et obtenez le code du widget \u00e0 int\u00e9grer, qui peut \u00eatre ajout\u00e9 sans effort et gratuitement \u00e0 votre site Squarespace.<\/li><\/ul><p>En travaillant dans l&rsquo;\u00e9diteur convivial, tout internaute peut cr\u00e9ez une section de widget iFrame Background Music et int\u00e9grez-la \u00e0 leur site Web Squarespace. Il n&rsquo;y a aucune exigence de paiement ou de divulgation des informations de votre carte pour acc\u00e9der \u00e0 l&rsquo;\u00e9diteur Elfsight. Si vous rencontrez des difficult\u00e9s \u00e0 un moment donn\u00e9, n&rsquo;h\u00e9sitez pas \u00e0 contacter notre service client.<\/p><\/div>\r\n\t\t\t\t\t<\/div>\r\n\t\t\t\t<\/div><\/div><\/div>","protected":false},"excerpt":{"rendered":"","protected":false},"author":9,"featured_media":0,"parent":2661,"menu_order":0,"comment_status":"closed","ping_status":"closed","template":"templates\/template-application-platform.php","meta":{"publish_to_discourse":"","publish_post_category":"","wpdc_auto_publish_overridden":"","wpdc_topic_tags":"","wpdc_pin_topic":"","wpdc_pin_until":"","discourse_post_id":"","discourse_permalink":"","wpdc_publishing_response":"","wpdc_publishing_error":"","footnotes":""},"class_list":["post-8093","page","type-page","status-publish","hentry"],"yoast_head":"<!-- This site is optimized with the Yoast SEO plugin v25.3.1 - https:\/\/yoast.com\/wordpress\/plugins\/seo\/ -->\n<title>Code iFrame pour le lecteur de musique de fond du site Web (rapide et gratuit)<\/title>\n<meta name=\"description\" content=\"Ajoutez un lecteur de musique de fond flexible \u00e0 votre site Web iFrame. Utilisez la d\u00e9mo pratique d&#039;Elfsight et cr\u00e9ez votre widget audio personnalis\u00e9 en seulement 2 minutes.\" \/>\n<meta name=\"robots\" content=\"index, follow, max-snippet:-1, max-image-preview:large, max-video-preview:-1\" \/>\n<link rel=\"canonical\" href=\"https:\/\/elfsight.com\/fr\/background-music-widget\/iframe\/\" \/>\n<meta property=\"og:locale\" content=\"fr_FR\" \/>\n<meta property=\"og:type\" content=\"article\" \/>\n<meta property=\"og:title\" content=\"Code iFrame pour le lecteur de musique de fond du site Web (rapide et gratuit)\" \/>\n<meta property=\"og:description\" content=\"Ajoutez un lecteur de musique de fond flexible \u00e0 votre site Web iFrame. Utilisez la d\u00e9mo pratique d&#039;Elfsight et cr\u00e9ez votre widget audio personnalis\u00e9 en seulement 2 minutes.\" \/>\n<meta property=\"og:url\" content=\"https:\/\/elfsight.com\/fr\/background-music-widget\/iframe\/\" \/>\n<meta property=\"og:site_name\" content=\"Elfsight FR\" \/>\n<meta property=\"article:modified_time\" content=\"2025-07-09T10:07:35+00:00\" \/>\n<meta name=\"twitter:card\" content=\"summary_large_image\" \/>\n<meta name=\"twitter:label1\" content=\"Dur\u00e9e de lecture estim\u00e9e\" \/>\n\t<meta name=\"twitter:data1\" content=\"3 minutes\" \/>\n<!-- \/ Yoast SEO plugin. -->","yoast_head_json":{"title":"Code iFrame pour le lecteur de musique de fond du site Web (rapide et gratuit)","description":"Ajoutez un lecteur de musique de fond flexible \u00e0 votre site Web iFrame. Utilisez la d\u00e9mo pratique d'Elfsight et cr\u00e9ez votre widget audio personnalis\u00e9 en seulement 2 minutes.","robots":{"index":"index","follow":"follow","max-snippet":"max-snippet:-1","max-image-preview":"max-image-preview:large","max-video-preview":"max-video-preview:-1"},"canonical":"https:\/\/elfsight.com\/fr\/background-music-widget\/iframe\/","og_locale":"fr_FR","og_type":"article","og_title":"Code iFrame pour le lecteur de musique de fond du site Web (rapide et gratuit)","og_description":"Ajoutez un lecteur de musique de fond flexible \u00e0 votre site Web iFrame. Utilisez la d\u00e9mo pratique d'Elfsight et cr\u00e9ez votre widget audio personnalis\u00e9 en seulement 2 minutes.","og_url":"https:\/\/elfsight.com\/fr\/background-music-widget\/iframe\/","og_site_name":"Elfsight FR","article_modified_time":"2025-07-09T10:07:35+00:00","twitter_card":"summary_large_image","twitter_misc":{"Dur\u00e9e de lecture estim\u00e9e":"3 minutes"},"schema":{"@context":"https:\/\/schema.org","@graph":[{"@type":"WebPage","@id":"https:\/\/elfsight.com\/fr\/background-music-widget\/iframe\/","url":"https:\/\/elfsight.com\/fr\/background-music-widget\/iframe\/","name":"Code iFrame pour le lecteur de musique de fond du site Web (rapide et gratuit)","isPartOf":{"@id":"https:\/\/elfsight.com\/fr\/#website"},"datePublished":"2024-05-03T06:29:30+00:00","dateModified":"2025-07-09T10:07:35+00:00","description":"Ajoutez un lecteur de musique de fond flexible \u00e0 votre site Web iFrame. Utilisez la d\u00e9mo pratique d'Elfsight et cr\u00e9ez votre widget audio personnalis\u00e9 en seulement 2 minutes.","breadcrumb":{"@id":"https:\/\/elfsight.com\/fr\/background-music-widget\/iframe\/#breadcrumb"},"inLanguage":"fr-FR","potentialAction":[{"@type":"ReadAction","target":["https:\/\/elfsight.com\/fr\/background-music-widget\/iframe\/"]}]},{"@type":"BreadcrumbList","@id":"https:\/\/elfsight.com\/fr\/background-music-widget\/iframe\/#breadcrumb","itemListElement":[{"@type":"ListItem","position":1,"name":"Home","item":"https:\/\/elfsight.com\/fr\/"},{"@type":"ListItem","position":2,"name":"Background Music","item":"https:\/\/elfsight.com\/fr\/background-music-widget\/"},{"@type":"ListItem","position":3,"name":"Background Music &#8211; iFrame"}]},{"@type":"WebSite","@id":"https:\/\/elfsight.com\/fr\/#website","url":"https:\/\/elfsight.com\/fr\/","name":"Elfsight FR","description":"","potentialAction":[{"@type":"SearchAction","target":{"@type":"EntryPoint","urlTemplate":"https:\/\/elfsight.com\/fr\/?s={search_term_string}"},"query-input":{"@type":"PropertyValueSpecification","valueRequired":true,"valueName":"search_term_string"}}],"inLanguage":"fr-FR"}]}},"meta_box":{"industry":"","seo_heading":"","heading":"","description":"","cta_heading":"","cta_description":"","application":"2660","h1":"Code de musique de fond iFrame","h1_caption":"Ajoutez une musique de fond \u00e0 votre site Web, cr\u00e9ant ainsi une exp\u00e9rience immersive pour vos visiteurs sur votre site Web iFrame sans effort.","application_category":[],"applications_title":"","applications_request_title":"","applications_request_button_text":"","hero_text":"","hero_video":"","hero_video_schema_markup":"","selling_points_title":"","selling_points_caption":"","selling_points":[],"selling_points_cta_text":"","features_title":"","features":"","ed_cta_examples_text":"","ed_cta_examples_hidden":"","ed_cta_demo_text":"","ed_cta_demo_hidden":"","why_caption":"","why_editor_title":"","why_editor_text":"","why_team_title":"","why_team_text":"","why_service_title":"","why_service_text":"","template_catalog_visible":"","template_catalog_title":"","template_catalog_text":"","template_catalog_categories_visible":"","demo_title":"Cr\u00e9ez votre widget Musique de fond","demo_caption":"Configurez votre musique de fond et ajoutez-la gratuitement \u00e0 votre site Web iFrame\u00a0!","default_faq_hidden":"","app_template_category":[],"platform":"371","template_public_id":"","codecanyon_url":"","codecanyon_item_id":"","codecanyon_price":"","pricing_caption":"","pricing_elfsight_apps_hide_column":"","pricing_elfsight_apps_url":"","pricing_codecanyon_price_caption":"","integration_category":[],"integration_request_title":"","integration_request_cta":"","integration_platform":"","integrations":[],"platform_category":[],"video_schema_markup":"","price":"\u00e0 partir de 0$ \/ mois","trial":"","benefits":[{"text":"Assistance \u00e0 l'installation gratuite"},{"text":"Service client professionnel"},{"text":"Garantie de remboursement de 14 jours"},{"text":"Am\u00e9liorations continues"}],"button_url":"#demo","button_target_blank":"","button_nofollow":"","attributes":[{"name":"Installations","content":"10,000 - 100,000"},{"name":"Sensible","content":"Oui"},{"name":"Navigateurs compatibles","content":"Firefox, Safari, Edge, Opera, Chrome"}],"tags":[],"tags_disable_links":"","hide_more_platforms":"","video_object":"","demo_hide_cta":"","demo_hide_cloud_options":"","pricing_title":"","pricing":[{"pricing_icon":"platform","pricing_title":"Elfsight Apps","pricing_title_caption":"Version ind\u00e9pendante de la plate-forme qui convient \u00e0 n'importe quel site Web","pricing_price":"from $0 \/ month","pricing_price_caption":"commencez avec un forfait gratuit","pricing_benefits":[{"text":"Nombre illimit\u00e9 de sites Web"},{"text":"Un support d\u00e9di\u00e9"},{"text":"Aide \u00e0 l'installation gratuite"},{"text":"Tr\u00e8s bonne affaire pour plusieurs applications"}],"pricing_button_text":"Ajouter au site Web","pricing_button_url":"#demo"}],"related_apps_title":"","related_apps_hidden":"","author":"","image":[],"title":"","job":"","social_networks":[]},"_links":{"self":[{"href":"https:\/\/elfsight.com\/fr\/wp-json\/wp\/v2\/pages\/8093","targetHints":{"allow":["GET"]}}],"collection":[{"href":"https:\/\/elfsight.com\/fr\/wp-json\/wp\/v2\/pages"}],"about":[{"href":"https:\/\/elfsight.com\/fr\/wp-json\/wp\/v2\/types\/page"}],"author":[{"embeddable":true,"href":"https:\/\/elfsight.com\/fr\/wp-json\/wp\/v2\/users\/9"}],"replies":[{"embeddable":true,"href":"https:\/\/elfsight.com\/fr\/wp-json\/wp\/v2\/comments?post=8093"}],"version-history":[{"count":1,"href":"https:\/\/elfsight.com\/fr\/wp-json\/wp\/v2\/pages\/8093\/revisions"}],"predecessor-version":[{"id":8097,"href":"https:\/\/elfsight.com\/fr\/wp-json\/wp\/v2\/pages\/8093\/revisions\/8097"}],"up":[{"embeddable":true,"href":"https:\/\/elfsight.com\/fr\/wp-json\/wp\/v2\/pages\/2661"}],"wp:attachment":[{"href":"https:\/\/elfsight.com\/fr\/wp-json\/wp\/v2\/media?parent=8093"}],"curies":[{"name":"wp","href":"https:\/\/api.w.org\/{rel}","templated":true}]}}