{"id":8091,"date":"2024-05-03T06:29:28","date_gmt":"2024-05-03T06:29:28","guid":{"rendered":"https:\/\/elfsight.com\/fr\/?page_id=8091"},"modified":"2025-07-09T10:07:30","modified_gmt":"2025-07-09T10:07:30","slug":"html","status":"publish","type":"page","link":"https:\/\/elfsight.com\/fr\/background-music-widget\/html\/","title":{"rendered":"Background Music &#8211; HTML"},"content":{"rendered":"<div class=\"application-platform-content-item-description application-platform-content-item\" id=\"description\" data-nav-section=\"description\"> <h2>Description<\/h2> <p>Le lecteur Elfsight Background Audio est un simple widget vous permettant de lire des morceaux de musique sur les pages de votre site HTML. . Le plugin est extr\u00eamement personnalisable\u00a0: vous pouvez modifier sa position, le placer n&rsquo;importe o\u00f9 sur la page, changer sa taille, modifier l&rsquo;arri\u00e8re-plan et d&rsquo;autres parties pour le m\u00e9langer avec le style de votre site Web, appliquer une palette de couleurs sombres, r\u00e9v\u00e9ler des couvertures et afficher ou masquer quatre d&rsquo;autres parties du joueur, par exemple la barre de progression, le titre et bien d&rsquo;autres. Vous pouvez t\u00e9l\u00e9charger autant de pistes que n\u00e9cessaire pour ravir vos utilisateurs, activer l&rsquo;option de lecture automatique avec la musique de fond et \u00eatre s\u00fbr que votre public ne quittera pas votre page d&rsquo;accueil imm\u00e9diatement\u00a0!<\/p><p><b>Avec le lecteur de musique de fond Elfsight , constatez une croissance active de votre activit\u00e9 et des ventes plus \u00e9lev\u00e9es <\/b><\/p> <\/div> <div class=\"application-platform-content-item-features application-platform-content-item\" id=\"features\" data-nav-section=\"features\"> <h2>Les principales fonctionnalit\u00e9s du widget incluent<\/h2> <ul><li>De nombreuses variations de couleurs<\/li><li>Th\u00e8me de couleur sombre\/clair<\/li><li>Conception flexible<\/li><li>Deux mises en page pr\u00eates \u00e0 l&#8217;emploi<\/li><li>Une option pour ajouter une image d&rsquo;arri\u00e8re-plan<\/li><\/ul><p><a href=\"#demo\">Cochez simplement cette d\u00e9mo pour avoir une id\u00e9e compl\u00e8te<\/a><\/p> <\/div> <div class=\"application-platform-content-item-installation application-platform-content-item\" id=\"installation\" data-nav-section=\"installation\"> <h2>Comment ajouter Audio d&rsquo;arri\u00e8re-plan sur le site Web HTML\u00a0?<\/h2> <div class=\"video-container\"><iframe width=\"720\" height=\"405\" src=\"https:\/\/www.youtube.com\/embed\/g8qZXC_W18s\" frameborder=\"0\" allowfullscreen=\"\"><\/iframe><\/div><p>Suivez simplement les instructions ci-dessous pour commencer \u00e0 travailler avec le widget. <\/p> <ol><li><b>Ouvrez notre d\u00e9mo gratuite et commencez \u00e0 cr\u00e9er votre widget personnalis\u00e9.<\/b><br> Choisissez le design s\u00e9lectionn\u00e9 et les caract\u00e9ristiques fonctionnelles du plugin et appliquez les corrections. <\/li> <li><b>Acqu\u00e9rir votre code unique expos\u00e9 dans le formulaire sp\u00e9cial sur Elfsight Apps<\/b><br> Lorsque la g\u00e9n\u00e9ration de votre widget personnel est termin\u00e9e, copiez le code exclusif de la fen\u00eatre apparue et enregistrez-le pour d&rsquo;autres besoins. <\/li> <li><b>Commencez l&rsquo;application du Background Audio sur votre site HTML<\/b><br> Ajoutez le code copi\u00e9 pr\u00e9c\u00e9demment dans votre site Web et enregistrez les corrections. <\/li> <li><b>L&rsquo;installation est enti\u00e8rement termin\u00e9e<\/b><br> Rendez-vous sur votre site pour inspecter le fonctionnement de l&rsquo;outil.<\/li><\/ol> <p>\u00c0 condition de r\u00e9pondre \u00e0 des demandes de renseignements ou rencontrez des probl\u00e8mes, n&rsquo;h\u00e9sitez pas \u00e0 postuler pour notre \u00e9quipe de service client. Nos consultants ont h\u00e2te de r\u00e9soudre tous les probl\u00e8mes que vous pourriez rencontrer sur le plugin. <\/p> <\/div><div class=\"faq\" data-component=\"FAQ\"><div class=\"faq-item\">\r\n\t\t\t\t\t<div class=\"faq-item-question\">\r\n\t\t\t\t\t\t<h3 class=\"faq-item-question-text\">Comment puis-je int\u00e9grer une musique de fond \u00e0 mon site HTML ?<\/h3>\r\n\r\n\t\t\t\t\t\t<div class=\"faq-item-question-icon\"><\/div>\r\n\t\t\t\t\t<\/div>\r\n\r\n\t\t\t\t\t<div class=\"faq-item-answer\">\r\n\t\t\t\t\t\t<div class=\"faq-item-answer-text\"><p>La construction de l&rsquo;outil est effectu\u00e9e sur le site Elfsight et vous n&rsquo;avez pas besoin de coder. Acc\u00e9dez \u00e0 notre d\u00e9mo en direct pour personnaliser votre propre application, acqu\u00e9rir le code et l&rsquo;int\u00e9grer \u00e0 votre site Web. <\/p><\/div>\r\n\t\t\t\t\t<\/div>\r\n\t\t\t\t<\/div><div class=\"faq-item\">\r\n\t\t\t\t\t<div class=\"faq-item-question\">\r\n\t\t\t\t\t\t<h3 class=\"faq-item-question-text\">Les meilleurs exemples d'utilisation de l'int\u00e9gration d'un lecteur de musique<\/h3>\r\n\r\n\t\t\t\t\t\t<div class=\"faq-item-question-icon\"><\/div>\r\n\t\t\t\t\t<\/div>\r\n\r\n\t\t\t\t\t<div class=\"faq-item-answer\">\r\n\t\t\t\t\t\t<div class=\"faq-item-answer-text\"><p>Nous vous proposerons une multitude de possibilit\u00e9s de personnalisation\u00a0: des widgets pleine taille \u00e0 ajouter dans la zone de contenu, des widgets flottants pour les options de d\u00e9filement, des vignettes pour le pied de page, la section d&rsquo;en-t\u00eate et toutes sortes d&rsquo;options verticales pour les barres lat\u00e9rales et les menus du site Web. <\/p><\/div>\r\n\t\t\t\t\t<\/div>\r\n\t\t\t\t<\/div><div class=\"faq-item\">\r\n\t\t\t\t\t<div class=\"faq-item-question\">\r\n\t\t\t\t\t\t<h3 class=\"faq-item-question-text\">Existe-t-il une option pour cr\u00e9er un lecteur de No\u00ebl ou de volume avec l'aide de votre \u00e9diteur ?<\/h3>\r\n\r\n\t\t\t\t\t\t<div class=\"faq-item-question-icon\"><\/div>\r\n\t\t\t\t\t<\/div>\r\n\r\n\t\t\t\t\t<div class=\"faq-item-answer\">\r\n\t\t\t\t\t\t<div class=\"faq-item-answer-text\"><p>Vous \u00eates libre de cr\u00e9er les modifications de n&rsquo;importe quel widget. Il existe une multitude de mises en page applicables dans l&rsquo;\u00e9diteur, et toutes peuvent \u00eatre rapidement ajust\u00e9es selon vos besoins. <\/p><\/div>\r\n\t\t\t\t\t<\/div>\r\n\t\t\t\t<\/div><\/div>","protected":false},"excerpt":{"rendered":"","protected":false},"author":9,"featured_media":0,"parent":2661,"menu_order":0,"comment_status":"closed","ping_status":"closed","template":"templates\/template-application-platform.php","meta":{"publish_to_discourse":"","publish_post_category":"","wpdc_auto_publish_overridden":"","wpdc_topic_tags":"","wpdc_pin_topic":"","wpdc_pin_until":"","discourse_post_id":"","discourse_permalink":"","wpdc_publishing_response":"","wpdc_publishing_error":"","footnotes":""},"class_list":["post-8091","page","type-page","status-publish","hentry"],"yoast_head":"<!-- This site is optimized with the Yoast SEO plugin v25.3.1 - https:\/\/yoast.com\/wordpress\/plugins\/seo\/ -->\n<title>Lecteur de musique de fond pour site Web HTML (gratuit et sans codage)<\/title>\n<meta name=\"description\" content=\"Ajoutez de la musique de fond \u00e0 la page Web HTML. Utilisez la d\u00e9mo g\u00e9rable d&#039;Elfsight et cr\u00e9ez votre widget personnalis\u00e9 en seulement 2 minutes.\" \/>\n<meta name=\"robots\" content=\"index, follow, max-snippet:-1, max-image-preview:large, max-video-preview:-1\" \/>\n<link rel=\"canonical\" href=\"https:\/\/elfsight.com\/fr\/background-music-widget\/html\/\" \/>\n<meta property=\"og:locale\" content=\"fr_FR\" \/>\n<meta property=\"og:type\" content=\"article\" \/>\n<meta property=\"og:title\" content=\"Lecteur de musique de fond pour site Web HTML (gratuit et sans codage)\" \/>\n<meta property=\"og:description\" content=\"Ajoutez de la musique de fond \u00e0 la page Web HTML. Utilisez la d\u00e9mo g\u00e9rable d&#039;Elfsight et cr\u00e9ez votre widget personnalis\u00e9 en seulement 2 minutes.\" \/>\n<meta property=\"og:url\" content=\"https:\/\/elfsight.com\/fr\/background-music-widget\/html\/\" \/>\n<meta property=\"og:site_name\" content=\"Elfsight FR\" \/>\n<meta property=\"article:modified_time\" content=\"2025-07-09T10:07:30+00:00\" \/>\n<meta name=\"twitter:card\" content=\"summary_large_image\" \/>\n<meta name=\"twitter:label1\" content=\"Dur\u00e9e de lecture estim\u00e9e\" \/>\n\t<meta name=\"twitter:data1\" content=\"3 minutes\" \/>\n<!-- \/ Yoast SEO plugin. -->","yoast_head_json":{"title":"Lecteur de musique de fond pour site Web HTML (gratuit et sans codage)","description":"Ajoutez de la musique de fond \u00e0 la page Web HTML. Utilisez la d\u00e9mo g\u00e9rable d'Elfsight et cr\u00e9ez votre widget personnalis\u00e9 en seulement 2 minutes.","robots":{"index":"index","follow":"follow","max-snippet":"max-snippet:-1","max-image-preview":"max-image-preview:large","max-video-preview":"max-video-preview:-1"},"canonical":"https:\/\/elfsight.com\/fr\/background-music-widget\/html\/","og_locale":"fr_FR","og_type":"article","og_title":"Lecteur de musique de fond pour site Web HTML (gratuit et sans codage)","og_description":"Ajoutez de la musique de fond \u00e0 la page Web HTML. Utilisez la d\u00e9mo g\u00e9rable d'Elfsight et cr\u00e9ez votre widget personnalis\u00e9 en seulement 2 minutes.","og_url":"https:\/\/elfsight.com\/fr\/background-music-widget\/html\/","og_site_name":"Elfsight FR","article_modified_time":"2025-07-09T10:07:30+00:00","twitter_card":"summary_large_image","twitter_misc":{"Dur\u00e9e de lecture estim\u00e9e":"3 minutes"},"schema":{"@context":"https:\/\/schema.org","@graph":[{"@type":"WebPage","@id":"https:\/\/elfsight.com\/fr\/background-music-widget\/html\/","url":"https:\/\/elfsight.com\/fr\/background-music-widget\/html\/","name":"Lecteur de musique de fond pour site Web HTML (gratuit et sans codage)","isPartOf":{"@id":"https:\/\/elfsight.com\/fr\/#website"},"datePublished":"2024-05-03T06:29:28+00:00","dateModified":"2025-07-09T10:07:30+00:00","description":"Ajoutez de la musique de fond \u00e0 la page Web HTML. Utilisez la d\u00e9mo g\u00e9rable d'Elfsight et cr\u00e9ez votre widget personnalis\u00e9 en seulement 2 minutes.","breadcrumb":{"@id":"https:\/\/elfsight.com\/fr\/background-music-widget\/html\/#breadcrumb"},"inLanguage":"fr-FR","potentialAction":[{"@type":"ReadAction","target":["https:\/\/elfsight.com\/fr\/background-music-widget\/html\/"]}]},{"@type":"BreadcrumbList","@id":"https:\/\/elfsight.com\/fr\/background-music-widget\/html\/#breadcrumb","itemListElement":[{"@type":"ListItem","position":1,"name":"Home","item":"https:\/\/elfsight.com\/fr\/"},{"@type":"ListItem","position":2,"name":"Background Music","item":"https:\/\/elfsight.com\/fr\/background-music-widget\/"},{"@type":"ListItem","position":3,"name":"Background Music &#8211; HTML"}]},{"@type":"WebSite","@id":"https:\/\/elfsight.com\/fr\/#website","url":"https:\/\/elfsight.com\/fr\/","name":"Elfsight FR","description":"","potentialAction":[{"@type":"SearchAction","target":{"@type":"EntryPoint","urlTemplate":"https:\/\/elfsight.com\/fr\/?s={search_term_string}"},"query-input":{"@type":"PropertyValueSpecification","valueRequired":true,"valueName":"search_term_string"}}],"inLanguage":"fr-FR"}]}},"meta_box":{"industry":"","seo_heading":"","heading":"","description":"","cta_heading":"","cta_description":"","application":"2660","h1":"Widget de musique de fond HTML","h1_caption":"Ajoutez une musique de fond \u00e0 votre site Web, cr\u00e9ant ainsi une exp\u00e9rience immersive pour vos visiteurs dans votre site Web HTML sans effort.","application_category":[],"applications_title":"","applications_request_title":"","applications_request_button_text":"","hero_text":"","hero_video":"","hero_video_schema_markup":"","selling_points_title":"","selling_points_caption":"","selling_points":[],"selling_points_cta_text":"","features_title":"","features":"","ed_cta_examples_text":"","ed_cta_examples_hidden":"","ed_cta_demo_text":"","ed_cta_demo_hidden":"","why_caption":"","why_editor_title":"","why_editor_text":"","why_team_title":"","why_team_text":"","why_service_title":"","why_service_text":"","template_catalog_visible":"","template_catalog_title":"","template_catalog_text":"","template_catalog_categories_visible":"","demo_title":"Cr\u00e9ez votre widget Musique de fond","demo_caption":"Configurez votre musique de fond et ajoutez-la \u00e0 votre site Web HTML gratuitement\u00a0!","default_faq_hidden":"","app_template_category":[],"platform":"352","template_public_id":"","codecanyon_url":"","codecanyon_item_id":"","codecanyon_price":"","pricing_caption":"","pricing_elfsight_apps_hide_column":"","pricing_elfsight_apps_url":"","pricing_codecanyon_price_caption":"","integration_category":[],"integration_request_title":"","integration_request_cta":"","integration_platform":"","integrations":[],"platform_category":[],"video_schema_markup":"","price":"\u00e0 partir de 0$ \/ mois","trial":"","benefits":[{"text":"Aide \u00e0 l'installation gratuite"},{"text":"Assistance premium"},{"text":"Garantie de remboursement de 14 jours"},{"text":"Mises \u00e0 jour gratuites et continues"}],"button_url":"#demo","button_target_blank":"","button_nofollow":"","attributes":[{"name":"Installations","content":"10,000 - 100,000"},{"name":"Sensible","content":"Oui"},{"name":"Navigateurs compatibles","content":"Firefox, Safari, Opera, Chrome, Edge"}],"tags":[],"tags_disable_links":"","hide_more_platforms":"","video_object":"","demo_hide_cta":"","demo_hide_cloud_options":"","pricing_title":"","pricing":[{"pricing_icon":"platform","pricing_title":"Elfsight Apps","pricing_title_caption":"Solution num\u00e9rique multiplateforme","pricing_price":"from $0 \/ month","pricing_price_caption":"commencez avec un forfait gratuit","pricing_benefits":[{"text":"Domaines illimit\u00e9s"},{"text":"Assistance client 24h\/24 et 7j\/7"},{"text":"Service d'installation gratuit"},{"text":"Offre sp\u00e9ciale pour plusieurs applications"}],"pricing_button_text":"Ajouter au site Web","pricing_button_url":"#demo"}],"related_apps_title":"","related_apps_hidden":"","author":"","image":[],"title":"","job":"","social_networks":[]},"_links":{"self":[{"href":"https:\/\/elfsight.com\/fr\/wp-json\/wp\/v2\/pages\/8091","targetHints":{"allow":["GET"]}}],"collection":[{"href":"https:\/\/elfsight.com\/fr\/wp-json\/wp\/v2\/pages"}],"about":[{"href":"https:\/\/elfsight.com\/fr\/wp-json\/wp\/v2\/types\/page"}],"author":[{"embeddable":true,"href":"https:\/\/elfsight.com\/fr\/wp-json\/wp\/v2\/users\/9"}],"replies":[{"embeddable":true,"href":"https:\/\/elfsight.com\/fr\/wp-json\/wp\/v2\/comments?post=8091"}],"version-history":[{"count":1,"href":"https:\/\/elfsight.com\/fr\/wp-json\/wp\/v2\/pages\/8091\/revisions"}],"predecessor-version":[{"id":8095,"href":"https:\/\/elfsight.com\/fr\/wp-json\/wp\/v2\/pages\/8091\/revisions\/8095"}],"up":[{"embeddable":true,"href":"https:\/\/elfsight.com\/fr\/wp-json\/wp\/v2\/pages\/2661"}],"wp:attachment":[{"href":"https:\/\/elfsight.com\/fr\/wp-json\/wp\/v2\/media?parent=8091"}],"curies":[{"name":"wp","href":"https:\/\/api.w.org\/{rel}","templated":true}]}}