{"id":8085,"date":"2024-05-03T06:29:26","date_gmt":"2024-05-03T06:29:26","guid":{"rendered":"https:\/\/elfsight.com\/fr\/?page_id=8085"},"modified":"2025-07-09T10:08:31","modified_gmt":"2025-07-09T10:08:31","slug":"opencart","status":"publish","type":"page","link":"https:\/\/elfsight.com\/fr\/background-music-widget\/opencart\/","title":{"rendered":"Background Music &#8211; OpenCart"},"content":{"rendered":"<div class=\"application-platform-content-item-description application-platform-content-item\" id=\"description\" data-nav-section=\"description\"> <h2>Description<\/h2> <p>Elfsight Background Audio Player est une simple extension pour les sites Web OpenCart qui vous permet de lire des morceaux de musique directement sur votre page web. L&rsquo;outil est extr\u00eamement r\u00e9glable\u00a0: vous \u00eates libre de changer sa position, de le d\u00e9finir n&rsquo;importe o\u00f9 sur la page, de modifier sa taille, de repeindre l&rsquo;arri\u00e8re-plan et d&rsquo;autres \u00e9l\u00e9ments pour le m\u00e9langer avec le style de votre site, d&rsquo;appliquer une palette de couleurs sombres, d&rsquo;afficher les couvertures et d&rsquo;afficher ou de masquer. quatre autres parties du joueur comme la barre de progression, le titre et bien d&rsquo;autres. Ajoutez autant de pistes que vous le souhaitez pour engager vos visiteurs, activez l&rsquo;option de lecture automatique et n&rsquo;h\u00e9sitez pas\u00a0: votre public ne quittera pas votre site Web en toute h\u00e2te\u00a0!<\/p> <p><b>Avec le lecteur de musique de fond Elfsight , d\u00e9marrez une croissance active de votre entreprise et augmentez vos ventes <\/b><\/p> <\/div> <div class=\"application-platform-content-item-features application-platform-content-item\" id=\"features\" data-nav-section=\"features\"> <h2>D\u00e9couvrez ci-dessous les fonctionnalit\u00e9s fondamentales de l&rsquo;extension\u00a0:<\/h2> <ul><li>Divers variations de couleurs<\/li><li>Th\u00e8me de couleur sombre\/clair<\/li><li>Conception mall\u00e9able<\/li><li>2 mises en page disponibles<\/li><li>Une option pour utiliser l&rsquo;image d&rsquo;arri\u00e8re-plan<\/li> <\/ul><p><a href=\"#demo\">Essayez simplement cette d\u00e9mo pour avoir une id\u00e9e compl\u00e8te<\/a><\/p> <\/div> <div class=\"application-platform-content-item-installation application-platform-content-item\" id=\"installation\" data-nav-section=\"installation\"> <h2>Comment ajouter de la musique de fond \u00e0 mon site Web OpenCart ? <\/h2> <p>Suivez simplement les instructions ci-dessous pour commencer \u00e0 travailler avec l&rsquo;extension. <\/p> <ol><li><b>Utilisez notre \u00e9diteur gratuit et commencez \u00e0 cr\u00e9er votre extension personnalis\u00e9e. <\/b><br> Choisissez le design et les options s\u00e9lectionn\u00e9s pour l&rsquo;extension et appliquez toutes les modifications. <\/li> <li><b>Recevez votre code unique affich\u00e9 dans la bo\u00eete sur Elfsight Apps. <\/b><br> D\u00e8s que la cr\u00e9ation de votre extension est termin\u00e9e, copiez le code exclusif dans la fen\u00eatre contextuelle qui appara\u00eet et conservez-le pour vos besoins futurs. <\/li> <li><b>Commencez \u00e0 utiliser l&rsquo;extension sur le site Web OpenCart. <\/b><br> Ajoutez le code que vous avez copi\u00e9 r\u00e9cemment dans votre page Web et appliquez les modifications. <\/li> <li><b>Fait\u00a0! L&rsquo;int\u00e9gration est enti\u00e8rement r\u00e9alis\u00e9e. <\/b><br> Ouvrez votre site Web pour voir en action les performances de l&rsquo;extension. <\/li><\/ol><p>Si vous avez des questions ou rencontrez des obstacles, veuillez contacter notre \u00e9quipe d&rsquo;assistance. Nos consultants seront ravis de r\u00e9soudre tous les probl\u00e8mes que vous pourriez avoir sur le produit. <\/p> <\/div>","protected":false},"excerpt":{"rendered":"","protected":false},"author":9,"featured_media":0,"parent":2661,"menu_order":0,"comment_status":"closed","ping_status":"closed","template":"templates\/template-application-platform.php","meta":{"publish_to_discourse":"","publish_post_category":"","wpdc_auto_publish_overridden":"","wpdc_topic_tags":"","wpdc_pin_topic":"","wpdc_pin_until":"","discourse_post_id":"","discourse_permalink":"","wpdc_publishing_response":"","wpdc_publishing_error":"","footnotes":""},"class_list":["post-8085","page","type-page","status-publish","hentry"],"yoast_head":"<!-- This site is optimized with the Yoast SEO plugin v25.3.1 - https:\/\/yoast.com\/wordpress\/plugins\/seo\/ -->\n<title>Lecteur de musique de fond pour le site Web Elementor (gratuit et sans codage)<\/title>\n<meta name=\"description\" content=\"Ajoutez un widget de musique de fond impressionnable sur votre page OpenCart. Utilisez notre d\u00e9mo pratique et cr\u00e9ez votre widget personnalis\u00e9 en quelques minutes seulement.\" \/>\n<meta name=\"robots\" content=\"index, follow, max-snippet:-1, max-image-preview:large, max-video-preview:-1\" \/>\n<link rel=\"canonical\" href=\"https:\/\/elfsight.com\/fr\/background-music-widget\/opencart\/\" \/>\n<meta property=\"og:locale\" content=\"fr_FR\" \/>\n<meta property=\"og:type\" content=\"article\" \/>\n<meta property=\"og:title\" content=\"Lecteur de musique de fond pour le site Web Elementor (gratuit et sans codage)\" \/>\n<meta property=\"og:description\" content=\"Ajoutez un widget de musique de fond impressionnable sur votre page OpenCart. Utilisez notre d\u00e9mo pratique et cr\u00e9ez votre widget personnalis\u00e9 en quelques minutes seulement.\" \/>\n<meta property=\"og:url\" content=\"https:\/\/elfsight.com\/fr\/background-music-widget\/opencart\/\" \/>\n<meta property=\"og:site_name\" content=\"Elfsight FR\" \/>\n<meta property=\"article:modified_time\" content=\"2025-07-09T10:08:31+00:00\" \/>\n<meta name=\"twitter:card\" content=\"summary_large_image\" \/>\n<meta name=\"twitter:label1\" content=\"Dur\u00e9e de lecture estim\u00e9e\" \/>\n\t<meta name=\"twitter:data1\" content=\"2 minutes\" \/>\n<!-- \/ Yoast SEO plugin. -->","yoast_head_json":{"title":"Lecteur de musique de fond pour le site Web Elementor (gratuit et sans codage)","description":"Ajoutez un widget de musique de fond impressionnable sur votre page OpenCart. Utilisez notre d\u00e9mo pratique et cr\u00e9ez votre widget personnalis\u00e9 en quelques minutes seulement.","robots":{"index":"index","follow":"follow","max-snippet":"max-snippet:-1","max-image-preview":"max-image-preview:large","max-video-preview":"max-video-preview:-1"},"canonical":"https:\/\/elfsight.com\/fr\/background-music-widget\/opencart\/","og_locale":"fr_FR","og_type":"article","og_title":"Lecteur de musique de fond pour le site Web Elementor (gratuit et sans codage)","og_description":"Ajoutez un widget de musique de fond impressionnable sur votre page OpenCart. Utilisez notre d\u00e9mo pratique et cr\u00e9ez votre widget personnalis\u00e9 en quelques minutes seulement.","og_url":"https:\/\/elfsight.com\/fr\/background-music-widget\/opencart\/","og_site_name":"Elfsight FR","article_modified_time":"2025-07-09T10:08:31+00:00","twitter_card":"summary_large_image","twitter_misc":{"Dur\u00e9e de lecture estim\u00e9e":"2 minutes"},"schema":{"@context":"https:\/\/schema.org","@graph":[{"@type":"WebPage","@id":"https:\/\/elfsight.com\/fr\/background-music-widget\/opencart\/","url":"https:\/\/elfsight.com\/fr\/background-music-widget\/opencart\/","name":"Lecteur de musique de fond pour le site Web Elementor (gratuit et sans codage)","isPartOf":{"@id":"https:\/\/elfsight.com\/fr\/#website"},"datePublished":"2024-05-03T06:29:26+00:00","dateModified":"2025-07-09T10:08:31+00:00","description":"Ajoutez un widget de musique de fond impressionnable sur votre page OpenCart. Utilisez notre d\u00e9mo pratique et cr\u00e9ez votre widget personnalis\u00e9 en quelques minutes seulement.","breadcrumb":{"@id":"https:\/\/elfsight.com\/fr\/background-music-widget\/opencart\/#breadcrumb"},"inLanguage":"fr-FR","potentialAction":[{"@type":"ReadAction","target":["https:\/\/elfsight.com\/fr\/background-music-widget\/opencart\/"]}]},{"@type":"BreadcrumbList","@id":"https:\/\/elfsight.com\/fr\/background-music-widget\/opencart\/#breadcrumb","itemListElement":[{"@type":"ListItem","position":1,"name":"Home","item":"https:\/\/elfsight.com\/fr\/"},{"@type":"ListItem","position":2,"name":"Background Music","item":"https:\/\/elfsight.com\/fr\/background-music-widget\/"},{"@type":"ListItem","position":3,"name":"Background Music &#8211; OpenCart"}]},{"@type":"WebSite","@id":"https:\/\/elfsight.com\/fr\/#website","url":"https:\/\/elfsight.com\/fr\/","name":"Elfsight FR","description":"","potentialAction":[{"@type":"SearchAction","target":{"@type":"EntryPoint","urlTemplate":"https:\/\/elfsight.com\/fr\/?s={search_term_string}"},"query-input":{"@type":"PropertyValueSpecification","valueRequired":true,"valueName":"search_term_string"}}],"inLanguage":"fr-FR"}]}},"meta_box":{"industry":"","seo_heading":"","heading":"","description":"","cta_heading":"","cta_description":"","application":"2660","h1":"Extension de musique de fond OpenCart","h1_caption":"Ajoutez une musique de fond \u00e0 votre site Web, cr\u00e9ant ainsi une exp\u00e9rience immersive pour vos visiteurs sur votre site Web Opencart sans effort.","application_category":[],"applications_title":"","applications_request_title":"","applications_request_button_text":"","hero_text":"","hero_video":"","hero_video_schema_markup":"","selling_points_title":"","selling_points_caption":"","selling_points":[],"selling_points_cta_text":"","features_title":"","features":"","ed_cta_examples_text":"","ed_cta_examples_hidden":"","ed_cta_demo_text":"","ed_cta_demo_hidden":"","why_caption":"","why_editor_title":"","why_editor_text":"","why_team_title":"","why_team_text":"","why_service_title":"","why_service_text":"","template_catalog_visible":"","template_catalog_title":"","template_catalog_text":"","template_catalog_categories_visible":"","demo_title":"Cr\u00e9ez votre extension Musique de fond","demo_caption":"Configurez votre musique de fond et ajoutez-la gratuitement \u00e0 votre site Web OpenCart\u00a0!","default_faq_hidden":"","app_template_category":[],"platform":"359","template_public_id":"","codecanyon_url":"","codecanyon_item_id":"","codecanyon_price":"","pricing_caption":"","pricing_elfsight_apps_hide_column":"","pricing_elfsight_apps_url":"","pricing_codecanyon_price_caption":"","integration_category":[],"integration_request_title":"","integration_request_cta":"","integration_platform":"","integrations":[],"platform_category":[],"video_schema_markup":"","price":"5,99 $ \/ mois","trial":"","benefits":[{"text":"Assistance \u00e0 l'installation gratuite"},{"text":"Assistance premium"},{"text":"Garantie de remboursement de 14 jours"},{"text":"Am\u00e9liorations gratuites et continues"}],"button_url":"#demo","button_target_blank":"","button_nofollow":"","attributes":[{"name":"Installations","content":"10,000 - 100,000"},{"name":"Sensible","content":"Oui"},{"name":"Navigateurs compatibles","content":"Firefox, Chrome, Edge, Opera, Safari"}],"tags":[],"tags_disable_links":"","hide_more_platforms":"","video_object":"","demo_hide_cta":"","demo_hide_cloud_options":"","pricing_title":"","pricing":[{"pricing_icon":"platform","pricing_title":"Elfsight Apps","pricing_title_caption":"Version multiplateforme","pricing_price":"from $0 \/ month","pricing_price_caption":"commencez avec un forfait gratuit","pricing_benefits":[{"text":"Assistance premium et ponctuelle"},{"text":"Aide \u00e0 l'installation gratuite"},{"text":"Assistance premium et ponctuelle"},{"text":"100% personnalisable"}],"pricing_button_text":"Ajouter au site Web","pricing_button_url":"#demo"}],"related_apps_title":"","related_apps_hidden":"","author":"","image":[],"title":"","job":"","social_networks":[]},"_links":{"self":[{"href":"https:\/\/elfsight.com\/fr\/wp-json\/wp\/v2\/pages\/8085","targetHints":{"allow":["GET"]}}],"collection":[{"href":"https:\/\/elfsight.com\/fr\/wp-json\/wp\/v2\/pages"}],"about":[{"href":"https:\/\/elfsight.com\/fr\/wp-json\/wp\/v2\/types\/page"}],"author":[{"embeddable":true,"href":"https:\/\/elfsight.com\/fr\/wp-json\/wp\/v2\/users\/9"}],"replies":[{"embeddable":true,"href":"https:\/\/elfsight.com\/fr\/wp-json\/wp\/v2\/comments?post=8085"}],"version-history":[{"count":1,"href":"https:\/\/elfsight.com\/fr\/wp-json\/wp\/v2\/pages\/8085\/revisions"}],"predecessor-version":[{"id":8089,"href":"https:\/\/elfsight.com\/fr\/wp-json\/wp\/v2\/pages\/8085\/revisions\/8089"}],"up":[{"embeddable":true,"href":"https:\/\/elfsight.com\/fr\/wp-json\/wp\/v2\/pages\/2661"}],"wp:attachment":[{"href":"https:\/\/elfsight.com\/fr\/wp-json\/wp\/v2\/media?parent=8085"}],"curies":[{"name":"wp","href":"https:\/\/api.w.org\/{rel}","templated":true}]}}