{"id":8084,"date":"2024-05-03T06:29:25","date_gmt":"2024-05-03T06:29:25","guid":{"rendered":"https:\/\/elfsight.com\/fr\/?page_id=8084"},"modified":"2025-12-03T09:23:05","modified_gmt":"2025-12-03T09:23:05","slug":"shopify","status":"publish","type":"page","link":"https:\/\/elfsight.com\/fr\/background-music-widget\/shopify\/","title":{"rendered":"Background Music &#8211; Shopify"},"content":{"rendered":"<div class=\"application-platform-content-item-description application-platform-content-item\" id=\"description\" data-nav-section=\"description\"> <h2>Int\u00e9grer de la musique de fond sur Shopify avec le widget Elfsight<\/h2> <p>Le lecteur audio d&rsquo;arri\u00e8re-plan Elfsight est un outil simple pour les sites Web Shopify vous permettant pour diffuser des morceaux de musique directement sur votre site Web. Le widget est extr\u00eamement modifiable\u00a0: vous pouvez changer sa position, l&rsquo;int\u00e9grer n&rsquo;importe o\u00f9 sur la page, modifier sa taille, repeindre l&rsquo;arri\u00e8re-plan et toutes les autres parties pour le m\u00e9langer au style de votre site Web, appliquer un th\u00e8me sombre, d\u00e9montrer des couvertures et afficher ou masquer quatre autres \u00e9l\u00e9ments du joueur, par exemple barre de progression, titre et bien d&rsquo;autres. Ajoutez autant de titres que vous le souhaitez pour divertir votre public, activez l&rsquo;option de lecture automatique et n&rsquo;ayez aucun doute\u00a0: vos utilisateurs ne quitteront pas votre site Web pr\u00e9cipitamment\u00a0!<\/p><p><b>Rendez votre site plus performant pour Cibles de commerce \u00e9lectronique avec lecteur de musique de fond<\/b><\/p> <\/div> <div class=\"application-platform-content-item-features application-platform-content-item\" id=\"features\" data-nav-section=\"features\"> <h2>Voici les fonctionnalit\u00e9s de base du widget\u00a0: <\/h2> <ul><li>Illimit\u00e9 variations de couleurs<\/li><li>Sch\u00e9ma de couleurs sombres\/claires<\/li><li>Conception r\u00e9active<\/li><li>2 mises en page applicables<\/li><li>Possibilit\u00e9 d&rsquo;ajouter une image d&rsquo;arri\u00e8re-plan<\/li><\/ul><p><a href=\"#demo\">Essayez simplement cette d\u00e9mo pour avoir une id\u00e9e compl\u00e8te<\/a><\/p> <\/div> <div class=\"application-platform-content-item-installation application-platform-content-item\" id=\"installation\" data-nav-section=\"installation\"> <h2>Comment ajouter de la musique de fond \u00e0 mon site Web Shopify\u00a0?<\/h2><div class=\"video-container\">\n<iframe width=\"720\" height=\"405\" src=\"https:\/\/www.youtube.com\/embed\/MHZj9TywnRo?si=oyvYqIsxL0dLLBnd\" frameborder=\"0\" allowfullscreen=\"\"><\/iframe>\n<\/div><p>Suivez simplement les instructions ci-dessous pour int\u00e9grer le plugin. <\/p> <ol><li><b>Utilisez notre d\u00e9mo gratuite et commencez \u00e0 cr\u00e9er votre application personnalis\u00e9e. <\/b><br> Sp\u00e9cifiez l&rsquo;apparence et les param\u00e8tres souhait\u00e9s de l&rsquo;application et enregistrez toutes les corrections. <\/li> <li><b>Copiez votre code personnel r\u00e9v\u00e9l\u00e9 dans le formulaire sp\u00e9cial sur Elfsight Apps. <\/b><br> Une fois la cr\u00e9ation de votre application termin\u00e9e, copiez le code exclusif dans la zone qui appara\u00eet et conservez-le pour une utilisation future. <\/li> <li><b>Entrez sur l&rsquo;utilisation de l&rsquo;application sur votre site Web Shopify. <\/b><br> Collez le code que vous avez copi\u00e9 r\u00e9cemment dans votre page Web et appliquez les modifications. <\/li> <li><b>L&rsquo;installation s&rsquo;est termin\u00e9e avec succ\u00e8s. <\/b><br> Visitez votre page Web pour v\u00e9rifier le fonctionnement de l&rsquo;application. <\/li><\/ol><p>\u00c0 condition de faire face \u00e0 des questions ou de surmonter des obstacles, n&rsquo;h\u00e9sitez pas \u00e0 postuler pour notre personnel d&rsquo;assistance. Nos sp\u00e9cialistes seront ravis de r\u00e9soudre toutes les questions que vous pourriez avoir sur le plugin. <\/p> <div class=\"faq\" data-component=\"FAQ\"><div class=\"faq-item\">\r\n\t\t\t\t\t<div class=\"faq-item-question\">\r\n\t\t\t\t\t\t<h3 class=\"faq-item-question-text\">Comment puis-je int\u00e9grer l'application Musique de fond dans ma boutique Shopify sans comp\u00e9tences en codage ?<\/h3>\r\n\r\n\t\t\t\t\t\t<div class=\"faq-item-question-icon\"><\/div>\r\n\t\t\t\t\t<\/div>\r\n\r\n\t\t\t\t\t<div class=\"faq-item-answer\">\r\n\t\t\t\t\t\t<div class=\"faq-item-answer-text\"><p>Elfsight fournit une solution bas\u00e9e sur le cloud qui permet aux utilisateurs de cr\u00e9er eux-m\u00eames une application Musique de fond. . D\u00e9couvrez \u00e0 quel point le processus peut \u00eatre simple\u00a0:<\/p><ul><li>Acc\u00e9dez \u00e0 l&rsquo;\u00e9diteur en ligne pour g\u00e9n\u00e9rer une section Musique de fond que vous souhaitez int\u00e9grer dans votre boutique Shopify.<\/li><li>Choisissez l&rsquo;une des options suivantes\u00a0: nos mod\u00e8les pr\u00e9d\u00e9finis et personnalisez les param\u00e8tres de l&rsquo;application Musique de fond, en ajustant la mise en page et la palette de couleurs, et en incluant votre contenu sans avoir besoin de codage.<\/li><li>Enregistrez les param\u00e8tres que vous avez configur\u00e9s pour l&rsquo;application Musique de fond et obtenez le code pour int\u00e9grer l&rsquo;application, qui peut \u00eatre ajout\u00e9 de mani\u00e8re transparente et gratuite \u00e0 votre boutique Shopify.<\/li><\/ul><p>Gr\u00e2ce \u00e0 l&rsquo;\u00e9diteur convivial, n&rsquo;importe qui peut cr\u00e9er une section Musique de fond et l&rsquo;incorporer dans leur boutique Shopify sans obligation de paiement ni n\u00e9cessit\u00e9 de divulguer les informations de votre carte. Si vous rencontrez des difficult\u00e9s \u00e0 un moment donn\u00e9, n&rsquo;h\u00e9sitez pas \u00e0 contacter notre service client.<\/p><\/div>\r\n\t\t\t\t\t<\/div>\r\n\t\t\t\t<\/div><\/div><\/div>","protected":false},"excerpt":{"rendered":"","protected":false},"author":9,"featured_media":0,"parent":2661,"menu_order":0,"comment_status":"closed","ping_status":"closed","template":"templates\/template-application-platform.php","meta":{"publish_to_discourse":"","publish_post_category":"","wpdc_auto_publish_overridden":"","wpdc_topic_tags":"","wpdc_pin_topic":"","wpdc_pin_until":"","discourse_post_id":"","discourse_permalink":"","wpdc_publishing_response":"","wpdc_publishing_error":"","footnotes":""},"class_list":["post-8084","page","type-page","status-publish","hentry"],"yoast_head":"<!-- This site is optimized with the Yoast SEO plugin v25.3.1 - https:\/\/yoast.com\/wordpress\/plugins\/seo\/ -->\n<title>Audio de fond \u2013 Ajouter une musique de fond \u00e0 la boutique Shopify [ 2025 ]<\/title>\n<meta name=\"description\" content=\"Ajoutez un lecteur de musique de fond flexible \u00e0 votre boutique Shopify. Utilisez la d\u00e9mo pratique et cr\u00e9ez votre propre lecteur audio en quelques minutes seulement.\" \/>\n<meta name=\"robots\" content=\"index, follow, max-snippet:-1, max-image-preview:large, max-video-preview:-1\" \/>\n<link rel=\"canonical\" href=\"https:\/\/elfsight.com\/fr\/background-music-widget\/shopify\/\" \/>\n<meta property=\"og:locale\" content=\"fr_FR\" \/>\n<meta property=\"og:type\" content=\"article\" \/>\n<meta property=\"og:title\" content=\"Audio de fond \u2013 Ajouter une musique de fond \u00e0 la boutique Shopify [ 2025 ]\" \/>\n<meta property=\"og:description\" content=\"Ajoutez un lecteur de musique de fond flexible \u00e0 votre boutique Shopify. Utilisez la d\u00e9mo pratique et cr\u00e9ez votre propre lecteur audio en quelques minutes seulement.\" \/>\n<meta property=\"og:url\" content=\"https:\/\/elfsight.com\/fr\/background-music-widget\/shopify\/\" \/>\n<meta property=\"og:site_name\" content=\"Elfsight FR\" \/>\n<meta property=\"article:modified_time\" content=\"2025-12-03T09:23:05+00:00\" \/>\n<meta name=\"twitter:card\" content=\"summary_large_image\" \/>\n<meta name=\"twitter:label1\" content=\"Dur\u00e9e de lecture estim\u00e9e\" \/>\n\t<meta name=\"twitter:data1\" content=\"3 minutes\" \/>\n<!-- \/ Yoast SEO plugin. -->","yoast_head_json":{"title":"Audio de fond \u2013 Ajouter une musique de fond \u00e0 la boutique Shopify [ 2025 ]","description":"Ajoutez un lecteur de musique de fond flexible \u00e0 votre boutique Shopify. Utilisez la d\u00e9mo pratique et cr\u00e9ez votre propre lecteur audio en quelques minutes seulement.","robots":{"index":"index","follow":"follow","max-snippet":"max-snippet:-1","max-image-preview":"max-image-preview:large","max-video-preview":"max-video-preview:-1"},"canonical":"https:\/\/elfsight.com\/fr\/background-music-widget\/shopify\/","og_locale":"fr_FR","og_type":"article","og_title":"Audio de fond \u2013 Ajouter une musique de fond \u00e0 la boutique Shopify [ 2025 ]","og_description":"Ajoutez un lecteur de musique de fond flexible \u00e0 votre boutique Shopify. Utilisez la d\u00e9mo pratique et cr\u00e9ez votre propre lecteur audio en quelques minutes seulement.","og_url":"https:\/\/elfsight.com\/fr\/background-music-widget\/shopify\/","og_site_name":"Elfsight FR","article_modified_time":"2025-12-03T09:23:05+00:00","twitter_card":"summary_large_image","twitter_misc":{"Dur\u00e9e de lecture estim\u00e9e":"3 minutes"},"schema":{"@context":"https:\/\/schema.org","@graph":[{"@type":"WebPage","@id":"https:\/\/elfsight.com\/fr\/background-music-widget\/shopify\/","url":"https:\/\/elfsight.com\/fr\/background-music-widget\/shopify\/","name":"Audio de fond \u2013 Ajouter une musique de fond \u00e0 la boutique Shopify [ 2025 ]","isPartOf":{"@id":"https:\/\/elfsight.com\/fr\/#website"},"datePublished":"2024-05-03T06:29:25+00:00","dateModified":"2025-12-03T09:23:05+00:00","description":"Ajoutez un lecteur de musique de fond flexible \u00e0 votre boutique Shopify. Utilisez la d\u00e9mo pratique et cr\u00e9ez votre propre lecteur audio en quelques minutes seulement.","breadcrumb":{"@id":"https:\/\/elfsight.com\/fr\/background-music-widget\/shopify\/#breadcrumb"},"inLanguage":"fr-FR","potentialAction":[{"@type":"ReadAction","target":["https:\/\/elfsight.com\/fr\/background-music-widget\/shopify\/"]}]},{"@type":"BreadcrumbList","@id":"https:\/\/elfsight.com\/fr\/background-music-widget\/shopify\/#breadcrumb","itemListElement":[{"@type":"ListItem","position":1,"name":"Home","item":"https:\/\/elfsight.com\/fr\/"},{"@type":"ListItem","position":2,"name":"Background Music","item":"https:\/\/elfsight.com\/fr\/background-music-widget\/"},{"@type":"ListItem","position":3,"name":"Background Music &#8211; Shopify"}]},{"@type":"WebSite","@id":"https:\/\/elfsight.com\/fr\/#website","url":"https:\/\/elfsight.com\/fr\/","name":"Elfsight FR","description":"","potentialAction":[{"@type":"SearchAction","target":{"@type":"EntryPoint","urlTemplate":"https:\/\/elfsight.com\/fr\/?s={search_term_string}"},"query-input":{"@type":"PropertyValueSpecification","valueRequired":true,"valueName":"search_term_string"}}],"inLanguage":"fr-FR"}]}},"meta_box":{"industry":"","seo_heading":"","heading":"","description":"","cta_heading":"","cta_description":"","application":"2660","h1":"Application Shopify Musique de fond","h1_caption":"Ajoutez une musique de fond \u00e0 votre site Web, cr\u00e9ant ainsi une exp\u00e9rience immersive pour vos visiteurs sur votre site Web Shopify sans effort.","application_category":[],"applications_title":"","applications_request_title":"","applications_request_button_text":"","hero_text":"","hero_video":"","hero_video_schema_markup":"","selling_points_title":"","selling_points_caption":"","selling_points":[],"selling_points_cta_text":"","features_title":"","features":"","ed_cta_examples_text":"","ed_cta_examples_hidden":"","ed_cta_demo_text":"","ed_cta_demo_hidden":"","why_caption":"","why_editor_title":"","why_editor_text":"","why_team_title":"","why_team_text":"","why_service_title":"","why_service_text":"","template_catalog_visible":"0","template_catalog_title":"","template_catalog_text":"","template_catalog_categories_visible":"","demo_title":"Cr\u00e9ez votre application Musique de fond","demo_caption":"Configurez votre musique de fond et ajoutez-la \u00e0 votre site Web Shopify gratuitement\u00a0!","default_faq_hidden":"","app_template_category":[],"platform":"360","template_public_id":"","codecanyon_url":"","codecanyon_item_id":"","codecanyon_price":"","pricing_caption":"","pricing_elfsight_apps_hide_column":"","pricing_elfsight_apps_url":"","pricing_codecanyon_price_caption":"","integration_category":[],"integration_request_title":"","integration_request_cta":"","integration_platform":"","integrations":[],"platform_category":[],"video_schema_markup":"","price":"\u00e0 partir de 0$ \/ mois","trial":"","benefits":[{"text":"Service d'installation gratuit"},{"text":"Assistance premium"},{"text":"Garantie de remboursement de 14 jours"},{"text":"Mises \u00e0 jour gratuites et continues"}],"button_url":"#demo","button_target_blank":"0","button_nofollow":"0","attributes":[{"name":"Installations","content":"10,000 - 100,000"},{"name":"Sensible","content":"Oui"},{"name":"Navigateurs compatibles","content":"Firefox, Safari, Opera, Chrome, Edge"}],"tags":[],"tags_disable_links":"0","hide_more_platforms":"0","video_object":"","demo_hide_cta":"0","demo_hide_cloud_options":"0","pricing_title":"","pricing":[{"pricing_icon":"cloud","pricing_title":"Elfsight Apps","pricing_title_caption":"Version multiplateforme qui fonctionne sur n'importe quel site Web","pricing_price":"from $0 \/ month","pricing_price_caption":"commencez avec un forfait gratuit","pricing_benefits":[{"text":"Sites Web illimit\u00e9s"},{"text":"Assistance premium"},{"text":"Service d'installation gratuit"},{"text":"Offre sp\u00e9ciale pour plusieurs applications"}],"pricing_button_text":"Ajouter au site Web","pricing_button_url":"#demo"}],"related_apps_title":"","related_apps_hidden":"0","author":"","image":[],"title":"","job":"","social_networks":[]},"_links":{"self":[{"href":"https:\/\/elfsight.com\/fr\/wp-json\/wp\/v2\/pages\/8084","targetHints":{"allow":["GET"]}}],"collection":[{"href":"https:\/\/elfsight.com\/fr\/wp-json\/wp\/v2\/pages"}],"about":[{"href":"https:\/\/elfsight.com\/fr\/wp-json\/wp\/v2\/types\/page"}],"author":[{"embeddable":true,"href":"https:\/\/elfsight.com\/fr\/wp-json\/wp\/v2\/users\/9"}],"replies":[{"embeddable":true,"href":"https:\/\/elfsight.com\/fr\/wp-json\/wp\/v2\/comments?post=8084"}],"version-history":[{"count":3,"href":"https:\/\/elfsight.com\/fr\/wp-json\/wp\/v2\/pages\/8084\/revisions"}],"predecessor-version":[{"id":16759,"href":"https:\/\/elfsight.com\/fr\/wp-json\/wp\/v2\/pages\/8084\/revisions\/16759"}],"up":[{"embeddable":true,"href":"https:\/\/elfsight.com\/fr\/wp-json\/wp\/v2\/pages\/2661"}],"wp:attachment":[{"href":"https:\/\/elfsight.com\/fr\/wp-json\/wp\/v2\/media?parent=8084"}],"curies":[{"name":"wp","href":"https:\/\/api.w.org\/{rel}","templated":true}]}}