{"id":8083,"date":"2024-05-03T06:29:24","date_gmt":"2024-05-03T06:29:24","guid":{"rendered":"https:\/\/elfsight.com\/fr\/?page_id=8083"},"modified":"2024-12-19T10:27:21","modified_gmt":"2024-12-19T10:27:21","slug":"squarespace","status":"publish","type":"page","link":"https:\/\/elfsight.com\/fr\/background-music-widget\/squarespace\/","title":{"rendered":"Background Music &#8211; Squarespace"},"content":{"rendered":"\n<div class=\"application-platform-content-item-description application-platform-content-item\" id=\"description\" data-nav-section=\"description\"> <h2>Int\u00e9grer de la musique de fond sur Squarespace avec le widget Elfsight<\/h2> <p>Elfsight Background Audio est un plugin simple pour Squarespace vous permettant de lire des morceaux de musique directement sur les pages de votre site Web. Le widget est hautement modifiable\u00a0: vous \u00eates libre de modifier son emplacement, de le placer n&rsquo;importe o\u00f9 sur la page, de modifier sa taille, de repeindre l&rsquo;arri\u00e8re-plan et d&rsquo;autres parties pour le m\u00e9langer au style de votre site Web, d&rsquo;utiliser une palette de couleurs sombres, d&rsquo;afficher des images et d&rsquo;afficher ou masquez 4 autres parties du joueur, par exemple la barre de progression, le titre et autres. Ajoutez autant de pistes que n\u00e9cessaire pour engager vos utilisateurs, activez la lecture automatique et n&rsquo;ayez aucun doute\u00a0: vos utilisateurs ne quitteront pas votre site pr\u00e9cipitamment\u00a0!<\/p><p><b>Am\u00e9liorez le succ\u00e8s de votre site Web pour e -objectifs commerciaux \u00e0 l&rsquo;aide du lecteur de musique de fond<\/b><\/p> <\/div> <div class=\"application-platform-content-item-features application-platform-content-item\" id=\"features\" data-nav-section=\"features\"> <h2>Nous proposons des fonctionnalit\u00e9s utiles et simples, voyez quelques-unes d&rsquo;entre elles\u00a0: <\/h2> <ul><li>Modifications de couleurs illimit\u00e9es<\/li><li>Jeu de couleurs sombres\/claires<\/li><li>Conception flexible<\/li><li>Deux mises en page pr\u00eates \u00e0 l&#8217;emploi<\/li><li>Une opportunit\u00e9 pour utiliser l&rsquo;image d&rsquo;arri\u00e8re-plan<\/li><\/ul><p><a href=\"#demo\">Vous pouvez consulter toutes les fonctionnalit\u00e9s du widget dans la d\u00e9mo sur cette page<\/a><\/p> <\/div> <div class=\"application-platform-content-item-installation application-platform-content-item\" id=\"installation\" data-nav-section=\"installation\"> <h2>Comment ajouter une musique de fond au site Web Squarespace\u00a0?<\/h2> <div class=\"video-container\"><iframe width=\"720\" height=\"405\" src=\"https:\/\/www.youtube.com\/embed\/wYNlxOwqDkM\" frameborder=\"0\" allowfullscreen=\"\"><\/iframe><\/div><p>Suivez simplement les \u00e9tapes pr\u00e9sent\u00e9es ci-dessous pour activer le plugin. <\/p> <ol><li><b>Appliquez notre configurateur gratuit et commencez \u00e0 cr\u00e9er votre widget personnalis\u00e9. <\/b><br> Choisissez l&rsquo;apparence personnalis\u00e9e et les sp\u00e9cifications de l&rsquo;outil et appliquez les corrections.<\/li> <li><b>Obtenez votre code individuel apparaissant dans la fen\u00eatre sur les applications Elfsight<\/b><br> Comme d\u00e8s que la configuration de votre widget personnel est termin\u00e9e, copiez le code personnel dans la fen\u00eatre qui appara\u00eet et enregistrez-le pour une utilisation ult\u00e9rieure.<\/li> <li><b>Commencez \u00e0 utiliser l&rsquo;audio de fond sur votre site Web Squarespace<\/b> <br> Placez le code enregistr\u00e9 pr\u00e9c\u00e9demment dans votre page et enregistrez les ajustements.<\/li> <li><b>Vous avez termin\u00e9\u00a0! L&rsquo;int\u00e9gration est effectu\u00e9e avec succ\u00e8s.<\/b><br> Acc\u00e9dez \u00e0 votre page Web pour observer le fonctionnement du widget.<\/li><\/ol> <p>Si vous rencontrez des demandes de renseignements ou rencontrez des difficult\u00e9s, n&rsquo;h\u00e9sitez pas \u00e0 faire appel. \u00e0 notre personnel de soutien. Nos consultants seront ravis de r\u00e9soudre toutes les questions que vous pourriez avoir sur le produit. <\/p> <div class=\"faq\" data-component=\"FAQ\"><div class=\"faq-item\">\r\n\t\t\t\t\t<div class=\"faq-item-question\">\r\n\t\t\t\t\t\t<h3 class=\"faq-item-question-text\">Comment int\u00e9grer une musique de fond dans mon site Web Squarespace sans comp\u00e9tences en codage ?<\/h3>\r\n\r\n\t\t\t\t\t\t<div class=\"faq-item-question-icon\"><\/div>\r\n\t\t\t\t\t<\/div>\r\n\r\n\t\t\t\t\t<div class=\"faq-item-answer\">\r\n\t\t\t\t\t\t<div class=\"faq-item-answer-text\"><p>Elfsight fournit une solution SaaS qui vous permet de cr\u00e9er vous-m\u00eame une fonctionnalit\u00e9 de musique de fond\u00a0; voyez \u00e0 quel point le processus est simple\u00a0: travaillez directement dans l&rsquo;\u00e9diteur en ligne pour cr\u00e9er l&rsquo;\u00e9l\u00e9ment de musique de fond que vous d\u00e9sirez pour votre site Web Squarespace. Choisissez l&rsquo;un des mod\u00e8les pr\u00e9con\u00e7us et affinez les param\u00e8tres musicaux, int\u00e9grez votre contenu, ajustez la mise en page et les couleurs, le tout sans n\u00e9cessiter de comp\u00e9tences en codage. Enregistrez la fonctionnalit\u00e9 musicale et copiez son code d&rsquo;installation afin de pouvoir l&rsquo;ins\u00e9rer de mani\u00e8re transparente dans votre site Web Squarespace sans avoir besoin d&rsquo;acheter un forfait premium. Gr\u00e2ce \u00e0 notre \u00e9diteur convivial, tout internaute peut cr\u00e9er un \u00e9l\u00e9ment de musique de fond en ligne et l&rsquo;int\u00e9grer facilement dans son site Web Squarespace. Il n&rsquo;est pas n\u00e9cessaire d&rsquo;effectuer un paiement ou de fournir les informations de votre carte pour acc\u00e9der au service. Si vous rencontrez des difficult\u00e9s \u00e0 un moment donn\u00e9, n&rsquo;h\u00e9sitez pas \u00e0 contacter notre \u00e9quipe d&rsquo;assistance technique.<\/p><\/div>\r\n\t\t\t\t\t<\/div>\r\n\t\t\t\t<\/div><\/div><\/div>\n","protected":false},"excerpt":{"rendered":"","protected":false},"author":9,"featured_media":0,"parent":2661,"menu_order":0,"comment_status":"closed","ping_status":"closed","template":"templates\/template-application-platform.php","meta":{"publish_to_discourse":"","publish_post_category":"","wpdc_auto_publish_overridden":"","wpdc_topic_tags":"","wpdc_pin_topic":"","wpdc_pin_until":"","discourse_post_id":"","discourse_permalink":"","wpdc_publishing_response":"","wpdc_publishing_error":"","footnotes":""},"class_list":["post-8083","page","type-page","status-publish","hentry"],"yoast_head":"<!-- This site is optimized with the Yoast SEO plugin v25.3.1 - https:\/\/yoast.com\/wordpress\/plugins\/seo\/ -->\n<title>Audio de fond \u2013 Ajouter une musique de fond au site Web Squarespace<\/title>\n<meta name=\"description\" content=\"Ajoutez une musique de fond au site Web Squarespace. Ex\u00e9cutez la d\u00e9mo utile d&#039;Elfsight et cr\u00e9ez votre plugin audio personnalis\u00e9 en quelques minutes seulement.\" \/>\n<meta name=\"robots\" content=\"index, follow, max-snippet:-1, max-image-preview:large, max-video-preview:-1\" \/>\n<link rel=\"canonical\" href=\"https:\/\/elfsight.com\/fr\/background-music-widget\/squarespace\/\" \/>\n<meta property=\"og:locale\" content=\"fr_FR\" \/>\n<meta property=\"og:type\" content=\"article\" \/>\n<meta property=\"og:title\" content=\"Audio de fond \u2013 Ajouter une musique de fond au site Web Squarespace\" \/>\n<meta property=\"og:description\" content=\"Ajoutez une musique de fond au site Web Squarespace. Ex\u00e9cutez la d\u00e9mo utile d&#039;Elfsight et cr\u00e9ez votre plugin audio personnalis\u00e9 en quelques minutes seulement.\" \/>\n<meta property=\"og:url\" content=\"https:\/\/elfsight.com\/fr\/background-music-widget\/squarespace\/\" \/>\n<meta property=\"og:site_name\" content=\"Elfsight FR\" \/>\n<meta property=\"article:modified_time\" content=\"2024-12-19T10:27:21+00:00\" \/>\n<meta name=\"twitter:card\" content=\"summary_large_image\" \/>\n<meta name=\"twitter:label1\" content=\"Dur\u00e9e de lecture estim\u00e9e\" \/>\n\t<meta name=\"twitter:data1\" content=\"3 minutes\" \/>\n<!-- \/ Yoast SEO plugin. -->","yoast_head_json":{"title":"Audio de fond \u2013 Ajouter une musique de fond au site Web Squarespace","description":"Ajoutez une musique de fond au site Web Squarespace. Ex\u00e9cutez la d\u00e9mo utile d'Elfsight et cr\u00e9ez votre plugin audio personnalis\u00e9 en quelques minutes seulement.","robots":{"index":"index","follow":"follow","max-snippet":"max-snippet:-1","max-image-preview":"max-image-preview:large","max-video-preview":"max-video-preview:-1"},"canonical":"https:\/\/elfsight.com\/fr\/background-music-widget\/squarespace\/","og_locale":"fr_FR","og_type":"article","og_title":"Audio de fond \u2013 Ajouter une musique de fond au site Web Squarespace","og_description":"Ajoutez une musique de fond au site Web Squarespace. Ex\u00e9cutez la d\u00e9mo utile d'Elfsight et cr\u00e9ez votre plugin audio personnalis\u00e9 en quelques minutes seulement.","og_url":"https:\/\/elfsight.com\/fr\/background-music-widget\/squarespace\/","og_site_name":"Elfsight FR","article_modified_time":"2024-12-19T10:27:21+00:00","twitter_card":"summary_large_image","twitter_misc":{"Dur\u00e9e de lecture estim\u00e9e":"3 minutes"},"schema":{"@context":"https:\/\/schema.org","@graph":[{"@type":"WebPage","@id":"https:\/\/elfsight.com\/fr\/background-music-widget\/squarespace\/","url":"https:\/\/elfsight.com\/fr\/background-music-widget\/squarespace\/","name":"Audio de fond \u2013 Ajouter une musique de fond au site Web Squarespace","isPartOf":{"@id":"https:\/\/elfsight.com\/fr\/#website"},"datePublished":"2024-05-03T06:29:24+00:00","dateModified":"2024-12-19T10:27:21+00:00","description":"Ajoutez une musique de fond au site Web Squarespace. Ex\u00e9cutez la d\u00e9mo utile d'Elfsight et cr\u00e9ez votre plugin audio personnalis\u00e9 en quelques minutes seulement.","breadcrumb":{"@id":"https:\/\/elfsight.com\/fr\/background-music-widget\/squarespace\/#breadcrumb"},"inLanguage":"fr-FR","potentialAction":[{"@type":"ReadAction","target":["https:\/\/elfsight.com\/fr\/background-music-widget\/squarespace\/"]}]},{"@type":"BreadcrumbList","@id":"https:\/\/elfsight.com\/fr\/background-music-widget\/squarespace\/#breadcrumb","itemListElement":[{"@type":"ListItem","position":1,"name":"Home","item":"https:\/\/elfsight.com\/fr\/"},{"@type":"ListItem","position":2,"name":"Background Music","item":"https:\/\/elfsight.com\/fr\/background-music-widget\/"},{"@type":"ListItem","position":3,"name":"Background Music &#8211; Squarespace"}]},{"@type":"WebSite","@id":"https:\/\/elfsight.com\/fr\/#website","url":"https:\/\/elfsight.com\/fr\/","name":"Elfsight FR","description":"","potentialAction":[{"@type":"SearchAction","target":{"@type":"EntryPoint","urlTemplate":"https:\/\/elfsight.com\/fr\/?s={search_term_string}"},"query-input":{"@type":"PropertyValueSpecification","valueRequired":true,"valueName":"search_term_string"}}],"inLanguage":"fr-FR"}]}},"meta_box":{"industry":"","seo_heading":"","heading":"","description":"","cta_heading":"","cta_description":"","application":"2660","h1":"Plugin de musique de fond Squarespace","h1_caption":"Ajoutez une musique de fond \u00e0 votre site Web, cr\u00e9ant ainsi une exp\u00e9rience immersive pour vos visiteurs sur votre site Web Squarespace sans effort.","application_category":[],"applications_title":"","applications_request_title":"","applications_request_button_text":"","hero_text":"","hero_video":"","hero_video_schema_markup":"","selling_points_title":"","selling_points_caption":"","selling_points":[],"selling_points_cta_text":"","features_title":"","features":"","ed_cta_examples_text":"","ed_cta_examples_hidden":"","ed_cta_demo_text":"","ed_cta_demo_hidden":"","why_caption":"","why_editor_title":"","why_editor_text":"","why_team_title":"","why_team_text":"","why_service_title":"","why_service_text":"","template_catalog_visible":"0","template_catalog_title":"","template_catalog_text":"","template_catalog_categories_visible":"","demo_title":"Cr\u00e9ez votre plugin Musique de fond","demo_caption":"Configurez votre musique de fond et ajoutez-la gratuitement \u00e0 votre site Web Squarespace\u00a0!","default_faq_hidden":"","app_template_category":[],"platform":"361","template_public_id":"","codecanyon_url":"","codecanyon_item_id":"","codecanyon_price":"","pricing_caption":"","pricing_elfsight_apps_hide_column":"","pricing_elfsight_apps_url":"","pricing_codecanyon_price_caption":"","integration_category":[],"integration_request_title":"","integration_request_cta":"","integration_platform":"","integrations":[],"platform_category":[],"video_schema_markup":"","price":"\u00e0 partir de 0$ \/ mois","trial":"","benefits":[{"text":"Aide \u00e0 l'installation gratuite"},{"text":"Service client comp\u00e9tent"},{"text":"Garantie de remboursement de 14 jours"},{"text":"Mise \u00e0 jour constante"}],"button_url":"#demo","button_target_blank":"0","button_nofollow":"0","attributes":[{"name":"Installations","content":"10,000 - 100,000"},{"name":"Sensible","content":"Oui"},{"name":"Navigateurs compatibles","content":"Firefox, Safari, Opera, Chrome, Edge"}],"tags":[],"tags_disable_links":"0","hide_more_platforms":"","video_object":"","demo_hide_cta":"0","demo_hide_cloud_options":"0","pricing_title":"","pricing":[{"pricing_icon":"platform","pricing_title":"Elfsight Apps","pricing_title_caption":"Solution num\u00e9rique ind\u00e9pendante de la plateforme","pricing_price":"from $0 \/ month","pricing_price_caption":"commencez avec un forfait gratuit","pricing_benefits":[{"text":"Sites Web illimit\u00e9s"},{"text":"Support client 24h\/24 et 7j\/7 et bien document\u00e9"},{"text":"Assistance \u00e0 l'installation gratuite"},{"text":"Enti\u00e8rement personnalisable"}],"pricing_button_text":"Ajouter au site Web","pricing_button_url":"#demo"}],"related_apps_title":"","related_apps_hidden":"0","author":"","image":[],"title":"","job":"","social_networks":[]},"_links":{"self":[{"href":"https:\/\/elfsight.com\/fr\/wp-json\/wp\/v2\/pages\/8083","targetHints":{"allow":["GET"]}}],"collection":[{"href":"https:\/\/elfsight.com\/fr\/wp-json\/wp\/v2\/pages"}],"about":[{"href":"https:\/\/elfsight.com\/fr\/wp-json\/wp\/v2\/types\/page"}],"author":[{"embeddable":true,"href":"https:\/\/elfsight.com\/fr\/wp-json\/wp\/v2\/users\/9"}],"replies":[{"embeddable":true,"href":"https:\/\/elfsight.com\/fr\/wp-json\/wp\/v2\/comments?post=8083"}],"version-history":[{"count":2,"href":"https:\/\/elfsight.com\/fr\/wp-json\/wp\/v2\/pages\/8083\/revisions"}],"predecessor-version":[{"id":15903,"href":"https:\/\/elfsight.com\/fr\/wp-json\/wp\/v2\/pages\/8083\/revisions\/15903"}],"up":[{"embeddable":true,"href":"https:\/\/elfsight.com\/fr\/wp-json\/wp\/v2\/pages\/2661"}],"wp:attachment":[{"href":"https:\/\/elfsight.com\/fr\/wp-json\/wp\/v2\/media?parent=8083"}],"curies":[{"name":"wp","href":"https:\/\/api.w.org\/{rel}","templated":true}]}}