{"id":8076,"date":"2024-05-03T06:29:21","date_gmt":"2024-05-03T06:29:21","guid":{"rendered":"https:\/\/elfsight.com\/fr\/?page_id=8076"},"modified":"2025-07-09T10:09:18","modified_gmt":"2025-07-09T10:09:18","slug":"weebly","status":"publish","type":"page","link":"https:\/\/elfsight.com\/fr\/background-music-widget\/weebly\/","title":{"rendered":"Background Music &#8211; Weebly"},"content":{"rendered":"<div class=\"application-platform-content-item-description application-platform-content-item\" id=\"description\" data-nav-section=\"description\"> <h2>Description<\/h2> <p>Elfsight Background Player est un widget simple qui vous permet de lire des pistes audio en arri\u00e8re-plan directement sur les pages de votre site Web Weebly. L&rsquo;outil est totalement personnalisable\u00a0: vous pouvez modifier son emplacement, le placer n&rsquo;importe o\u00f9 sur la page, redimensionner sa taille, repeindre l&rsquo;arri\u00e8re-plan et toutes les autres parties pour le m\u00e9langer avec le design de votre site, utiliser un th\u00e8me sombre, afficher des images et afficher ou masquer. 4 \u00e9l\u00e9ments de joueur suppl\u00e9mentaires, par exemple barre de progression, titre et autres. T\u00e9l\u00e9chargez autant de titres que n\u00e9cessaire pour ravir votre public, activez la lecture automatique et n&rsquo;h\u00e9sitez pas\u00a0: vos utilisateurs ne quitteront pas votre site Web pr\u00e9cipitamment\u00a0!<\/p><p><b>Rendez votre site plus efficace pour t\u00e2ches professionnelles avec le lecteur de musique de fond<\/b><\/p> <\/div> <div class=\"application-platform-content-item-features application-platform-content-item\" id=\"features\" data-nav-section=\"features\"> <h2>L&rsquo;application poss\u00e8de des fonctionnalit\u00e9s utiles et rapides, consultez-en quelques-unes\u00a0: <\/h2> <ul><li>Diverses modifications de couleurs<\/li><li>Th\u00e8me de couleur sombre\/clair<\/li><li>Conception mall\u00e9able<\/li><li>Deux mises en page applicables<\/li><li>Une option pour ajouter une image d&rsquo;arri\u00e8re-plan<\/li><\/ul><p><a href=\"#demo\">Examinez tous les param\u00e8tres dans la d\u00e9mo compl\u00e8te<\/a><\/p> <\/div> <div class=\"application-platform-content-item-installation application-platform-content-item\" id=\"installation\" data-nav-section=\"installation\"> <h2>Comment ajouter une musique de fond au site Web Weebly\u00a0?<\/h2> <div class=\"video-container\"><iframe width=\"720\" height=\"405\" src=\"https:\/\/www.youtube.com\/embed\/xH-vwGwdHQw\" frameborder=\"0\" allowfullscreen><\/iframe><\/div><p>Suivez simplement les instructions ci-dessous pour commencer \u00e0 utiliser l&rsquo;application.<\/p> <ol><li><b>Ouvrez notre application gratuite. d\u00e9mo et commencez \u00e0 cr\u00e9er votre application sur mesure. <\/b><br> Sp\u00e9cifiez l&rsquo;apparence s\u00e9lectionn\u00e9e et les caract\u00e9ristiques fonctionnelles de l&rsquo;application et appliquez toutes les modifications. <\/li> <li><b>Obtenez votre code unique affich\u00e9 dans la case sur les applications Elfsight. <\/b><br> Une fois la cr\u00e9ation de votre application personnelle termin\u00e9e, copiez le code exclusif dans la fen\u00eatre qui appara\u00eet et conservez-le pour une utilisation ult\u00e9rieure. <\/li> <li><b>Initiez l&rsquo;utilisation de l&rsquo;application sur votre site Web Weebly. <\/b><br> Collez le code que vous avez enregistr\u00e9 r\u00e9cemment dans votre site Web et appliquez les am\u00e9liorations. <\/li> <li><b>Vous avez termin\u00e9\u00a0! L&rsquo;int\u00e9gration est pleinement r\u00e9alis\u00e9e. <\/b><br> Acc\u00e9dez \u00e0 votre page Web pour examiner le fonctionnement de l&rsquo;application. <\/li><\/ol><p>Si vous rencontrez des demandes de renseignements ou rencontrez des difficult\u00e9s, n&rsquo;h\u00e9sitez pas \u00e0 postuler pour faire appel \u00e0 notre service client. Nos consultants ont h\u00e2te de vous aider avec tous les probl\u00e8mes que vous pourriez rencontrer sur l&rsquo;application.<\/p> <\/div>","protected":false},"excerpt":{"rendered":"","protected":false},"author":9,"featured_media":0,"parent":2661,"menu_order":0,"comment_status":"closed","ping_status":"closed","template":"templates\/template-application-platform.php","meta":{"publish_to_discourse":"","publish_post_category":"","wpdc_auto_publish_overridden":"","wpdc_topic_tags":"","wpdc_pin_topic":"","wpdc_pin_until":"","discourse_post_id":"","discourse_permalink":"","wpdc_publishing_response":"","wpdc_publishing_error":"","footnotes":""},"class_list":["post-8076","page","type-page","status-publish","hentry"],"yoast_head":"<!-- This site is optimized with the Yoast SEO plugin v25.3.1 - https:\/\/yoast.com\/wordpress\/plugins\/seo\/ -->\n<title>Audio de fond \u2013 Ajouter une musique de fond au site Web Weebly [2025]<\/title>\n<meta name=\"description\" content=\"Ajoutez un lecteur de musique de fond sur votre site Web Weebly. Utilisez la d\u00e9mo pratique et g\u00e9n\u00e9rez votre propre widget audio en seulement 2 minutes.\" \/>\n<meta name=\"robots\" content=\"index, follow, max-snippet:-1, max-image-preview:large, max-video-preview:-1\" \/>\n<link rel=\"canonical\" href=\"https:\/\/elfsight.com\/fr\/background-music-widget\/weebly\/\" \/>\n<meta property=\"og:locale\" content=\"fr_FR\" \/>\n<meta property=\"og:type\" content=\"article\" \/>\n<meta property=\"og:title\" content=\"Audio de fond \u2013 Ajouter une musique de fond au site Web Weebly [2025]\" \/>\n<meta property=\"og:description\" content=\"Ajoutez un lecteur de musique de fond sur votre site Web Weebly. Utilisez la d\u00e9mo pratique et g\u00e9n\u00e9rez votre propre widget audio en seulement 2 minutes.\" \/>\n<meta property=\"og:url\" content=\"https:\/\/elfsight.com\/fr\/background-music-widget\/weebly\/\" \/>\n<meta property=\"og:site_name\" content=\"Elfsight FR\" \/>\n<meta property=\"article:modified_time\" content=\"2025-07-09T10:09:18+00:00\" \/>\n<meta name=\"twitter:card\" content=\"summary_large_image\" \/>\n<meta name=\"twitter:label1\" content=\"Dur\u00e9e de lecture estim\u00e9e\" \/>\n\t<meta name=\"twitter:data1\" content=\"2 minutes\" \/>\n<!-- \/ Yoast SEO plugin. -->","yoast_head_json":{"title":"Audio de fond \u2013 Ajouter une musique de fond au site Web Weebly [2025]","description":"Ajoutez un lecteur de musique de fond sur votre site Web Weebly. Utilisez la d\u00e9mo pratique et g\u00e9n\u00e9rez votre propre widget audio en seulement 2 minutes.","robots":{"index":"index","follow":"follow","max-snippet":"max-snippet:-1","max-image-preview":"max-image-preview:large","max-video-preview":"max-video-preview:-1"},"canonical":"https:\/\/elfsight.com\/fr\/background-music-widget\/weebly\/","og_locale":"fr_FR","og_type":"article","og_title":"Audio de fond \u2013 Ajouter une musique de fond au site Web Weebly [2025]","og_description":"Ajoutez un lecteur de musique de fond sur votre site Web Weebly. Utilisez la d\u00e9mo pratique et g\u00e9n\u00e9rez votre propre widget audio en seulement 2 minutes.","og_url":"https:\/\/elfsight.com\/fr\/background-music-widget\/weebly\/","og_site_name":"Elfsight FR","article_modified_time":"2025-07-09T10:09:18+00:00","twitter_card":"summary_large_image","twitter_misc":{"Dur\u00e9e de lecture estim\u00e9e":"2 minutes"},"schema":{"@context":"https:\/\/schema.org","@graph":[{"@type":"WebPage","@id":"https:\/\/elfsight.com\/fr\/background-music-widget\/weebly\/","url":"https:\/\/elfsight.com\/fr\/background-music-widget\/weebly\/","name":"Audio de fond \u2013 Ajouter une musique de fond au site Web Weebly [2025]","isPartOf":{"@id":"https:\/\/elfsight.com\/fr\/#website"},"datePublished":"2024-05-03T06:29:21+00:00","dateModified":"2025-07-09T10:09:18+00:00","description":"Ajoutez un lecteur de musique de fond sur votre site Web Weebly. Utilisez la d\u00e9mo pratique et g\u00e9n\u00e9rez votre propre widget audio en seulement 2 minutes.","breadcrumb":{"@id":"https:\/\/elfsight.com\/fr\/background-music-widget\/weebly\/#breadcrumb"},"inLanguage":"fr-FR","potentialAction":[{"@type":"ReadAction","target":["https:\/\/elfsight.com\/fr\/background-music-widget\/weebly\/"]}]},{"@type":"BreadcrumbList","@id":"https:\/\/elfsight.com\/fr\/background-music-widget\/weebly\/#breadcrumb","itemListElement":[{"@type":"ListItem","position":1,"name":"Home","item":"https:\/\/elfsight.com\/fr\/"},{"@type":"ListItem","position":2,"name":"Background Music","item":"https:\/\/elfsight.com\/fr\/background-music-widget\/"},{"@type":"ListItem","position":3,"name":"Background Music &#8211; Weebly"}]},{"@type":"WebSite","@id":"https:\/\/elfsight.com\/fr\/#website","url":"https:\/\/elfsight.com\/fr\/","name":"Elfsight FR","description":"","potentialAction":[{"@type":"SearchAction","target":{"@type":"EntryPoint","urlTemplate":"https:\/\/elfsight.com\/fr\/?s={search_term_string}"},"query-input":{"@type":"PropertyValueSpecification","valueRequired":true,"valueName":"search_term_string"}}],"inLanguage":"fr-FR"}]}},"meta_box":{"industry":"","seo_heading":"","heading":"","description":"","cta_heading":"","cta_description":"","application":"2660","h1":"Application Musique de fond Weebly","h1_caption":"Ajoutez une musique de fond \u00e0 votre site Web, cr\u00e9ant ainsi une exp\u00e9rience immersive pour vos visiteurs sur votre site Web Weebly sans effort.","application_category":[],"applications_title":"","applications_request_title":"","applications_request_button_text":"","hero_text":"","hero_video":"","hero_video_schema_markup":"","selling_points_title":"","selling_points_caption":"","selling_points":[],"selling_points_cta_text":"","features_title":"","features":"","ed_cta_examples_text":"","ed_cta_examples_hidden":"","ed_cta_demo_text":"","ed_cta_demo_hidden":"","why_caption":"","why_editor_title":"","why_editor_text":"","why_team_title":"","why_team_text":"","why_service_title":"","why_service_text":"","template_catalog_visible":"","template_catalog_title":"","template_catalog_text":"","template_catalog_categories_visible":"","demo_title":"Cr\u00e9ez votre application Musique de fond","demo_caption":"Configurez votre musique de fond et ajoutez-la gratuitement \u00e0 votre site Web Weebly\u00a0!","default_faq_hidden":"","app_template_category":[],"platform":"363","template_public_id":"","codecanyon_url":"","codecanyon_item_id":"","codecanyon_price":"","pricing_caption":"","pricing_elfsight_apps_hide_column":"","pricing_elfsight_apps_url":"","pricing_codecanyon_price_caption":"","integration_category":[],"integration_request_title":"","integration_request_cta":"","integration_platform":"","integrations":[],"platform_category":[],"video_schema_markup":"","price":"\u00e0 partir de 0$ \/ mois","trial":"","benefits":[{"text":"Service d'installation gratuit"},{"text":"Service client efficace"},{"text":"Garantie de remboursement de 14 jours"},{"text":"Mises \u00e0 jour r\u00e9guli\u00e8res"}],"button_url":"#demo","button_target_blank":"","button_nofollow":"","attributes":[{"name":"Installations","content":"10,000 - 100,000"},{"name":"Sensible","content":"Oui"},{"name":"Navigateurs compatibles","content":"Firefox, Safari, Opera, Chrome, Edge"}],"tags":[],"tags_disable_links":"","hide_more_platforms":"","video_object":"","demo_hide_cta":"","demo_hide_cloud_options":"","pricing_title":"","pricing":[{"pricing_icon":"platform","pricing_title":"Elfsight Apps","pricing_title_caption":"Solution num\u00e9rique ind\u00e9pendante de la plateforme","pricing_price":"from $0 \/ month","pricing_price_caption":"commencez avec un forfait gratuit","pricing_benefits":[{"text":"Domaines illimit\u00e9s"},{"text":"Accompagnement d\u00e9di\u00e9 de l'entreprise"},{"text":"Aide \u00e0 l'installation gratuite"},{"text":"100% personnalisable"}],"pricing_button_text":"Ajouter au site Web","pricing_button_url":"#demo"}],"related_apps_title":"","related_apps_hidden":"","author":"","image":[],"title":"","job":"","social_networks":[]},"_links":{"self":[{"href":"https:\/\/elfsight.com\/fr\/wp-json\/wp\/v2\/pages\/8076","targetHints":{"allow":["GET"]}}],"collection":[{"href":"https:\/\/elfsight.com\/fr\/wp-json\/wp\/v2\/pages"}],"about":[{"href":"https:\/\/elfsight.com\/fr\/wp-json\/wp\/v2\/types\/page"}],"author":[{"embeddable":true,"href":"https:\/\/elfsight.com\/fr\/wp-json\/wp\/v2\/users\/9"}],"replies":[{"embeddable":true,"href":"https:\/\/elfsight.com\/fr\/wp-json\/wp\/v2\/comments?post=8076"}],"version-history":[{"count":2,"href":"https:\/\/elfsight.com\/fr\/wp-json\/wp\/v2\/pages\/8076\/revisions"}],"predecessor-version":[{"id":15118,"href":"https:\/\/elfsight.com\/fr\/wp-json\/wp\/v2\/pages\/8076\/revisions\/15118"}],"up":[{"embeddable":true,"href":"https:\/\/elfsight.com\/fr\/wp-json\/wp\/v2\/pages\/2661"}],"wp:attachment":[{"href":"https:\/\/elfsight.com\/fr\/wp-json\/wp\/v2\/media?parent=8076"}],"curies":[{"name":"wp","href":"https:\/\/api.w.org\/{rel}","templated":true}]}}