{"id":8075,"date":"2024-05-03T06:29:20","date_gmt":"2024-05-03T06:29:20","guid":{"rendered":"https:\/\/elfsight.com\/fr\/?page_id=8075"},"modified":"2025-12-03T16:16:05","modified_gmt":"2025-12-03T16:16:05","slug":"wix","status":"publish","type":"page","link":"https:\/\/elfsight.com\/fr\/background-music-widget\/wix\/","title":{"rendered":"Background Music &#8211; Wix"},"content":{"rendered":"<div class=\"application-platform-content-item-description application-platform-content-item\" id=\"description\" data-nav-section=\"description\"> <h2>Description<\/h2> <p>Elfsight Background Audio est un widget simple pour les sites Web Wix qui vous permet de diffuser des morceaux de musique directement sur votre site Web. pages. L&rsquo;application est extr\u00eamement r\u00e9glable\u00a0: vous pouvez modifier sa position, la placer n&rsquo;importe o\u00f9 sur la page, redimensionner sa taille, recolorer l&rsquo;arri\u00e8re-plan et d&rsquo;autres parties pour le m\u00e9langer avec le design de votre site Web, utiliser une palette de couleurs sombres, r\u00e9v\u00e9ler des images et afficher ou masquer 4\u00a0\u00e9l\u00e9ments suppl\u00e9mentaires. \u00e9l\u00e9ments du joueur comme la barre de progression, le titre et bien d\u2019autres. Incluez autant de titres que vous le souhaitez pour engager votre public, activez la lecture automatique et n&rsquo;ayez aucun doute\u00a0: vos utilisateurs ne quitteront pas votre site imm\u00e9diatement\u00a0!<\/p> <p><b>Rendez votre site Web plus efficace pour le commerce \u00e9lectronique. vise avec le lecteur de musique de fond<\/b><\/p> <\/div> <div class=\"application-platform-content-item-features application-platform-content-item\" id=\"features\" data-nav-section=\"features\"> <h2>Voici quelques-unes des nombreuses fonctionnalit\u00e9s du widget\u00a0: <\/h2> <ul><li>Couleurs illimit\u00e9es modifications<\/li><li>Sch\u00e9ma de couleurs fonc\u00e9\/clair<\/li><li>Conception r\u00e9active<\/li><li>2 mises en page pr\u00eates \u00e0 l&#8217;emploi<\/li><li>Possibilit\u00e9 d&rsquo;ajouter une image de fond<\/li> <\/ul><p><a href=\"#demo\">Vous pouvez d\u00e9couvrir toutes les capacit\u00e9s du widget dans la d\u00e9mo ci-dessous<\/a><\/p> <\/div> <div class=\"application-platform-content-item-installation application-platform-content-item\" id=\"installation\" data-nav-section=\"installation\"> <h2>Comment ajouter une musique de fond au site Wix\u00a0?<\/h2> <div class=\"video-container\">\n<iframe width=\"720\" height=\"405\" src=\"https:\/\/www.youtube.com\/embed\/XI5jF-HHlEw?si=Bn97UYUsXJJKhzDX\" frameborder=\"0\" allowfullscreen><\/iframe>\n<\/div><p>Suivez simplement les \u00e9tapes ci-dessous pour ins\u00e9rer l&rsquo;outil. <\/p> <ol><li><b>Lancez notre d\u00e9mo gratuite et commencez \u00e0 fa\u00e7onner votre application personnalis\u00e9e.<\/b><br> D\u00e9terminez l&rsquo;interface et les caract\u00e9ristiques pr\u00e9f\u00e9r\u00e9es de l&rsquo;application et appliquez les corrections.<\/li> <li><b>Acqu\u00e9rir votre code unique qui s&rsquo;affiche dans la fen\u00eatre des applications Elfsight<\/b><br> D\u00e8s que la configuration de votre application personnelle est termin\u00e9e, copiez le code exclusif dans la fen\u00eatre qui appara\u00eet et enregistrez-le pour plus tard. occasion.<\/li> <li><b>Commencez \u00e0 utiliser l&rsquo;audio de fond sur Wix<\/b><br> Ajoutez le code que vous avez enregistr\u00e9 auparavant sur votre site Web et appliquez les corrections. <\/li> <li><b>Vous avez termin\u00e9\u00a0! L&rsquo;int\u00e9gration s&rsquo;est termin\u00e9e avec succ\u00e8s<\/b><br> Acc\u00e9dez \u00e0 votre page Web pour examiner les performances de l&rsquo;outil.<\/li><\/ol> <p>Si vous rencontrez des demandes de renseignements ou rencontrez des difficult\u00e9s, n&rsquo;h\u00e9sitez pas \u00e0 contacter notre \u00e9quipe de soutien. Nos consultants seront ravis de r\u00e9soudre toutes les difficult\u00e9s que vous pourriez rencontrer sur l&rsquo;outil. <\/p> <\/div>","protected":false},"excerpt":{"rendered":"","protected":false},"author":9,"featured_media":0,"parent":2661,"menu_order":0,"comment_status":"closed","ping_status":"closed","template":"templates\/template-application-platform.php","meta":{"publish_to_discourse":"","publish_post_category":"","wpdc_auto_publish_overridden":"","wpdc_topic_tags":"","wpdc_pin_topic":"","wpdc_pin_until":"","discourse_post_id":"","discourse_permalink":"","wpdc_publishing_response":"","wpdc_publishing_error":"","footnotes":""},"class_list":["post-8075","page","type-page","status-publish","hentry"],"yoast_head":"<!-- This site is optimized with the Yoast SEO plugin v25.3.1 - https:\/\/yoast.com\/wordpress\/plugins\/seo\/ -->\n<title>Audio de fond \u2014 Ajouter une musique de fond au site Web Wix [ 2025 ]<\/title>\n<meta name=\"description\" content=\"Ajoutez un lecteur de musique de fond \u00e0 votre site Web Wix. Utilisez notre d\u00e9mo pratique et cr\u00e9ez votre propre application Background Audio en seulement 2 minutes.\" \/>\n<meta name=\"robots\" content=\"index, follow, max-snippet:-1, max-image-preview:large, max-video-preview:-1\" \/>\n<link rel=\"canonical\" href=\"https:\/\/elfsight.com\/fr\/background-music-widget\/wix\/\" \/>\n<meta property=\"og:locale\" content=\"fr_FR\" \/>\n<meta property=\"og:type\" content=\"article\" \/>\n<meta property=\"og:title\" content=\"Audio de fond \u2014 Ajouter une musique de fond au site Web Wix [ 2025 ]\" \/>\n<meta property=\"og:description\" content=\"Ajoutez un lecteur de musique de fond \u00e0 votre site Web Wix. Utilisez notre d\u00e9mo pratique et cr\u00e9ez votre propre application Background Audio en seulement 2 minutes.\" \/>\n<meta property=\"og:url\" content=\"https:\/\/elfsight.com\/fr\/background-music-widget\/wix\/\" \/>\n<meta property=\"og:site_name\" content=\"Elfsight FR\" \/>\n<meta property=\"article:modified_time\" content=\"2025-12-03T16:16:05+00:00\" \/>\n<meta name=\"twitter:card\" content=\"summary_large_image\" \/>\n<meta name=\"twitter:label1\" content=\"Dur\u00e9e de lecture estim\u00e9e\" \/>\n\t<meta name=\"twitter:data1\" content=\"2 minutes\" \/>\n<!-- \/ Yoast SEO plugin. -->","yoast_head_json":{"title":"Audio de fond \u2014 Ajouter une musique de fond au site Web Wix [ 2025 ]","description":"Ajoutez un lecteur de musique de fond \u00e0 votre site Web Wix. Utilisez notre d\u00e9mo pratique et cr\u00e9ez votre propre application Background Audio en seulement 2 minutes.","robots":{"index":"index","follow":"follow","max-snippet":"max-snippet:-1","max-image-preview":"max-image-preview:large","max-video-preview":"max-video-preview:-1"},"canonical":"https:\/\/elfsight.com\/fr\/background-music-widget\/wix\/","og_locale":"fr_FR","og_type":"article","og_title":"Audio de fond \u2014 Ajouter une musique de fond au site Web Wix [ 2025 ]","og_description":"Ajoutez un lecteur de musique de fond \u00e0 votre site Web Wix. Utilisez notre d\u00e9mo pratique et cr\u00e9ez votre propre application Background Audio en seulement 2 minutes.","og_url":"https:\/\/elfsight.com\/fr\/background-music-widget\/wix\/","og_site_name":"Elfsight FR","article_modified_time":"2025-12-03T16:16:05+00:00","twitter_card":"summary_large_image","twitter_misc":{"Dur\u00e9e de lecture estim\u00e9e":"2 minutes"},"schema":{"@context":"https:\/\/schema.org","@graph":[{"@type":"WebPage","@id":"https:\/\/elfsight.com\/fr\/background-music-widget\/wix\/","url":"https:\/\/elfsight.com\/fr\/background-music-widget\/wix\/","name":"Audio de fond \u2014 Ajouter une musique de fond au site Web Wix [ 2025 ]","isPartOf":{"@id":"https:\/\/elfsight.com\/fr\/#website"},"datePublished":"2024-05-03T06:29:20+00:00","dateModified":"2025-12-03T16:16:05+00:00","description":"Ajoutez un lecteur de musique de fond \u00e0 votre site Web Wix. Utilisez notre d\u00e9mo pratique et cr\u00e9ez votre propre application Background Audio en seulement 2 minutes.","breadcrumb":{"@id":"https:\/\/elfsight.com\/fr\/background-music-widget\/wix\/#breadcrumb"},"inLanguage":"fr-FR","potentialAction":[{"@type":"ReadAction","target":["https:\/\/elfsight.com\/fr\/background-music-widget\/wix\/"]}]},{"@type":"BreadcrumbList","@id":"https:\/\/elfsight.com\/fr\/background-music-widget\/wix\/#breadcrumb","itemListElement":[{"@type":"ListItem","position":1,"name":"Home","item":"https:\/\/elfsight.com\/fr\/"},{"@type":"ListItem","position":2,"name":"Background Music","item":"https:\/\/elfsight.com\/fr\/background-music-widget\/"},{"@type":"ListItem","position":3,"name":"Background Music &#8211; Wix"}]},{"@type":"WebSite","@id":"https:\/\/elfsight.com\/fr\/#website","url":"https:\/\/elfsight.com\/fr\/","name":"Elfsight FR","description":"","potentialAction":[{"@type":"SearchAction","target":{"@type":"EntryPoint","urlTemplate":"https:\/\/elfsight.com\/fr\/?s={search_term_string}"},"query-input":{"@type":"PropertyValueSpecification","valueRequired":true,"valueName":"search_term_string"}}],"inLanguage":"fr-FR"}]}},"meta_box":{"industry":"","seo_heading":"","heading":"","description":"","cta_heading":"","cta_description":"","application":"2660","h1":"Application Wix Musique de fond","h1_caption":"Ajoutez une musique de fond \u00e0 votre site Web, cr\u00e9ant ainsi une exp\u00e9rience immersive pour vos visiteurs sur votre site Web Wix sans effort.","application_category":[],"applications_title":"","applications_request_title":"","applications_request_button_text":"","hero_text":"","hero_video":"","hero_video_schema_markup":"","selling_points_title":"","selling_points_caption":"","selling_points":[],"selling_points_cta_text":"","features_title":"","features":"","ed_cta_examples_text":"","ed_cta_examples_hidden":"","ed_cta_demo_text":"","ed_cta_demo_hidden":"","why_caption":"","why_editor_title":"","why_editor_text":"","why_team_title":"","why_team_text":"","why_service_title":"","why_service_text":"","template_catalog_visible":"0","template_catalog_title":"","template_catalog_text":"","template_catalog_categories_visible":"","demo_title":"Cr\u00e9ez votre application Musique de fond","demo_caption":"Configurez votre musique de fond et ajoutez-la \u00e0 votre site Web Wix gratuitement !","default_faq_hidden":"","app_template_category":[],"platform":"345","template_public_id":"","codecanyon_url":"","codecanyon_item_id":"","codecanyon_price":"","pricing_caption":"","pricing_elfsight_apps_hide_column":"","pricing_elfsight_apps_url":"","pricing_codecanyon_price_caption":"","integration_category":[],"integration_request_title":"","integration_request_cta":"","integration_platform":"","integrations":[],"platform_category":[],"video_schema_markup":"","price":"\u00e0 partir de 0$ \/ mois","trial":"","benefits":[{"text":"Aide \u00e0 l'installation gratuite"},{"text":"Assistance premium"},{"text":"Garantie de remboursement de 14 jours"},{"text":"Am\u00e9liorations \u00e0 vie"}],"button_url":"#demo","button_target_blank":"0","button_nofollow":"0","attributes":[{"name":"Installations","content":"10,000 - 100,000"},{"name":"Sensible","content":"Oui"},{"name":"Navigateurs compatibles","content":"Safari, Edge, Firefox, Opera, Chrome"}],"tags":[],"tags_disable_links":"0","hide_more_platforms":"0","video_object":"","demo_hide_cta":"0","demo_hide_cloud_options":"0","pricing_title":"","pricing":[{"pricing_icon":"platform","pricing_title":"Elfsight Apps","pricing_title_caption":"Solution multiplateforme qui fonctionne sur n'importe quel site","pricing_price":"from $0 \/ month","pricing_price_caption":"commencez avec un forfait gratuit","pricing_benefits":[{"text":"Nombre illimit\u00e9 de domaines"},{"text":"Assistance d\u00e9di\u00e9e et ponctuelle"},{"text":"Service d'installation gratuit"},{"text":"Offre sp\u00e9ciale pour plusieurs applications"}],"pricing_button_text":"Ajouter au site Web","pricing_button_url":"#demo"}],"related_apps_title":"","related_apps_hidden":"0","author":"","image":[],"title":"","job":"","social_networks":[]},"_links":{"self":[{"href":"https:\/\/elfsight.com\/fr\/wp-json\/wp\/v2\/pages\/8075","targetHints":{"allow":["GET"]}}],"collection":[{"href":"https:\/\/elfsight.com\/fr\/wp-json\/wp\/v2\/pages"}],"about":[{"href":"https:\/\/elfsight.com\/fr\/wp-json\/wp\/v2\/types\/page"}],"author":[{"embeddable":true,"href":"https:\/\/elfsight.com\/fr\/wp-json\/wp\/v2\/users\/9"}],"replies":[{"embeddable":true,"href":"https:\/\/elfsight.com\/fr\/wp-json\/wp\/v2\/comments?post=8075"}],"version-history":[{"count":3,"href":"https:\/\/elfsight.com\/fr\/wp-json\/wp\/v2\/pages\/8075\/revisions"}],"predecessor-version":[{"id":16760,"href":"https:\/\/elfsight.com\/fr\/wp-json\/wp\/v2\/pages\/8075\/revisions\/16760"}],"up":[{"embeddable":true,"href":"https:\/\/elfsight.com\/fr\/wp-json\/wp\/v2\/pages\/2661"}],"wp:attachment":[{"href":"https:\/\/elfsight.com\/fr\/wp-json\/wp\/v2\/media?parent=8075"}],"curies":[{"name":"wp","href":"https:\/\/api.w.org\/{rel}","templated":true}]}}