{"id":8067,"date":"2024-05-03T06:29:16","date_gmt":"2024-05-03T06:29:16","guid":{"rendered":"https:\/\/elfsight.com\/fr\/?page_id=8067"},"modified":"2025-07-09T10:07:24","modified_gmt":"2025-07-09T10:07:24","slug":"google-sites","status":"publish","type":"page","link":"https:\/\/elfsight.com\/fr\/background-music-widget\/google-sites\/","title":{"rendered":"Background Music &#8211; Google Sites"},"content":{"rendered":"<div class=\"application-platform-content-item-description application-platform-content-item\" id=\"description\" data-nav-section=\"description\"> <h2>Int\u00e9grer de la musique de fond sur Google Sites avec le widget Elfsight<\/h2> <p>Elfsight Background Audio est un outil simple pour Google Site vous permettant pour diffuser des pistes audio directement sur votre site Web. L&rsquo;outil est extr\u00eamement personnalisable\u00a0: vous pouvez modifier sa position, le placer n&rsquo;importe o\u00f9 sur la page, redimensionner sa taille, modifier l&rsquo;arri\u00e8re-plan et d&rsquo;autres parties pour le combiner avec le style de votre site, utiliser un th\u00e8me sombre, afficher des images et afficher ou masquer. quatre autres \u00e9l\u00e9ments du joueur, par exemple la barre de progression, le titre et bien d&rsquo;autres. Ajoutez autant de pistes que vous le souhaitez pour ravir vos visiteurs, activez l&rsquo;option de lecture automatique et n&rsquo;ayez aucun doute\u00a0: votre public ne quittera pas votre site imm\u00e9diatement\u00a0!<\/p><p><b>Avec Elfsight Background Audio &amp; Gadget musical, constatez une croissance solide de votre entreprise et davantage de ventes <\/b><\/p> <\/div> <div class=\"application-platform-content-item-features application-platform-content-item\" id=\"features\" data-nav-section=\"features\"> <h2>Le widget comprend des fonctionnalit\u00e9s puissantes et simples, d\u00e9couvrez-en quelques-unes\u00a0: <\/h2> <ul><li>Diverses modifications de couleurs<\/li><li>Th\u00e8me de couleur fonc\u00e9\/clair<\/li><li>Conception mall\u00e9able<\/li><li>2 mises en page disponibles<\/li><li>Une option pour ajouter une image d&rsquo;arri\u00e8re-plan<\/li><\/ul><p><a href=\"#demo\">Cochez simplement cette d\u00e9mo pour comprendre les fonctionnalit\u00e9s du widget<\/a><\/p> <\/div> <div class=\"application-platform-content-item-installation application-platform-content-item\" id=\"installation\" data-nav-section=\"installation\"> <h2>Comment int\u00e9grer une musique de fond sur mes sites Google\u00a0? <\/h2> <p>Suivez simplement quelques \u00e9tapes ci-dessous pour ins\u00e9rer le widget. <\/p> <ol><li><b>Utilisez notre d\u00e9mo gratuite et commencez \u00e0 cr\u00e9er votre plugin personnalis\u00e9. <\/b><br> D\u00e9terminez la conception et les sp\u00e9cifications s\u00e9lectionn\u00e9es de l&rsquo;outil et appliquez les modifications. <\/li> <li><b>Recevez votre code unique apparaissant dans la bo\u00eete sur les applications Elfsight<\/b><br> Juste apr\u00e8s la configuration de votre outil personnel, copiez le code individuel dans la fen\u00eatre qui appara\u00eet et enregistrez-le. pour une utilisation ult\u00e9rieure. <\/li> <li><b>Commencez \u00e0 utiliser l&rsquo;audio de fond sur le site Web de Google<\/b><br> Collez le code copi\u00e9 r\u00e9cemment dans votre page Web et appliquez les modifications. <\/li> <li><b>La configuration est termin\u00e9e avec succ\u00e8s<\/b><br> Acc\u00e9dez \u00e0 votre site Web pour voir comment fonctionne l&rsquo;outil. <\/li><\/ol> <div class=\"tip-yellow tip\"><b>En raison des particularit\u00e9s du fonctionnement de Google Sites, le widget peut \u00eatre diff\u00e9rent de la d\u00e9mo en ligne. Nous nous excusons pour tout inconv\u00e9nient caus\u00e9.<\/b><\/div><p>Si vous rencontrez des questions ou faites face \u00e0 des complications, n&rsquo;h\u00e9sitez pas \u00e0 contacter notre personnel d&rsquo;assistance. Nos sp\u00e9cialistes seront ravis de r\u00e9soudre toutes les questions que vous pourriez avoir sur le produit. <\/p><div class=\"faq\" data-component=\"FAQ\"><div class=\"faq-item\">\r\n\t\t\t\t\t<div class=\"faq-item-question\">\r\n\t\t\t\t\t\t<h3 class=\"faq-item-question-text\">Comment puis-je int\u00e9grer une galerie vid\u00e9o YouTube dans mon site Web Squarespace sans comp\u00e9tences en codage ?<\/h3>\r\n\r\n\t\t\t\t\t\t<div class=\"faq-item-question-icon\"><\/div>\r\n\t\t\t\t\t<\/div>\r\n\r\n\t\t\t\t\t<div class=\"faq-item-answer\">\r\n\t\t\t\t\t\t<div class=\"faq-item-answer-text\"><p>Elfsight propose une solution bas\u00e9e sur le cloud qui permet aux utilisateurs de concevoir une galerie vid\u00e9o YouTube de mani\u00e8re ind\u00e9pendante. . Observez \u00e0 quel point la proc\u00e9dure est simple\u00a0:<\/p><ul><li>Ouvrez l&rsquo;\u00e9diteur en ligne pour cr\u00e9er une section pour votre galerie de vid\u00e9os YouTube que vous souhaitez inclure dans votre site Squarespace.<\/li><li>S\u00e9lectionnez l&rsquo;une des nos mod\u00e8les pr\u00e9structur\u00e9s et ajustez les param\u00e8tres de la galerie vid\u00e9o YouTube, modifiez la mise en page et la palette de couleurs, int\u00e9grez votre contenu sans avoir besoin de codage.<\/li><li>Enregistrez les pr\u00e9f\u00e9rences que vous avez d\u00e9finies pour votre vid\u00e9o YouTube. Galerie et obtenez le code du widget \u00e0 ajouter, qui peut \u00eatre ins\u00e9r\u00e9 de mani\u00e8re transparente dans votre site Squarespace sans aucun frais.<\/li><\/ul><p>En op\u00e9rant dans l&rsquo;\u00e9diteur convivial, tout utilisateur Web peut \u00e9tablir un Section Galerie vid\u00e9o YouTube et ins\u00e9rez-la dans leur site Web Squarespace. Il n&rsquo;est pas n\u00e9cessaire de payer ou de r\u00e9v\u00e9ler les informations de votre carte pour acc\u00e9der \u00e0 l&rsquo;\u00e9diteur Elfsight. Si vous rencontrez des difficult\u00e9s \u00e0 n&rsquo;importe quelle phase, n&rsquo;h\u00e9sitez pas \u00e0 contacter notre service client.<\/p><\/div>\r\n\t\t\t\t\t<\/div>\r\n\t\t\t\t<\/div><\/div> <\/div><p><\/p><!-- \/wp:paragraphe -->","protected":false},"excerpt":{"rendered":"","protected":false},"author":9,"featured_media":0,"parent":2661,"menu_order":0,"comment_status":"closed","ping_status":"closed","template":"templates\/template-application-platform.php","meta":{"publish_to_discourse":"","publish_post_category":"","wpdc_auto_publish_overridden":"","wpdc_topic_tags":"","wpdc_pin_topic":"","wpdc_pin_until":"","discourse_post_id":"","discourse_permalink":"","wpdc_publishing_response":"","wpdc_publishing_error":"","footnotes":""},"class_list":["post-8067","page","type-page","status-publish","hentry"],"yoast_head":"<!-- This site is optimized with the Yoast SEO plugin v25.3.1 - https:\/\/yoast.com\/wordpress\/plugins\/seo\/ -->\n<title>Plugin de musique de fond et audio pour Google Sites (facile et rapide)<\/title>\n<meta name=\"description\" content=\"Ajoutez une musique de fond flexible \u00e0 votre page Web Google Sites. Utilisez la d\u00e9mo g\u00e9rable et cr\u00e9ez votre widget audio en quelques minutes seulement.\" \/>\n<meta name=\"robots\" content=\"index, follow, max-snippet:-1, max-image-preview:large, max-video-preview:-1\" \/>\n<link rel=\"canonical\" href=\"https:\/\/elfsight.com\/fr\/background-music-widget\/google-sites\/\" \/>\n<meta property=\"og:locale\" content=\"fr_FR\" \/>\n<meta property=\"og:type\" content=\"article\" \/>\n<meta property=\"og:title\" content=\"Plugin de musique de fond et audio pour Google Sites (facile et rapide)\" \/>\n<meta property=\"og:description\" content=\"Ajoutez une musique de fond flexible \u00e0 votre page Web Google Sites. Utilisez la d\u00e9mo g\u00e9rable et cr\u00e9ez votre widget audio en quelques minutes seulement.\" \/>\n<meta property=\"og:url\" content=\"https:\/\/elfsight.com\/fr\/background-music-widget\/google-sites\/\" \/>\n<meta property=\"og:site_name\" content=\"Elfsight FR\" \/>\n<meta property=\"article:modified_time\" content=\"2025-07-09T10:07:24+00:00\" \/>\n<meta name=\"twitter:card\" content=\"summary_large_image\" \/>\n<meta name=\"twitter:label1\" content=\"Dur\u00e9e de lecture estim\u00e9e\" \/>\n\t<meta name=\"twitter:data1\" content=\"3 minutes\" \/>\n<!-- \/ Yoast SEO plugin. -->","yoast_head_json":{"title":"Plugin de musique de fond et audio pour Google Sites (facile et rapide)","description":"Ajoutez une musique de fond flexible \u00e0 votre page Web Google Sites. Utilisez la d\u00e9mo g\u00e9rable et cr\u00e9ez votre widget audio en quelques minutes seulement.","robots":{"index":"index","follow":"follow","max-snippet":"max-snippet:-1","max-image-preview":"max-image-preview:large","max-video-preview":"max-video-preview:-1"},"canonical":"https:\/\/elfsight.com\/fr\/background-music-widget\/google-sites\/","og_locale":"fr_FR","og_type":"article","og_title":"Plugin de musique de fond et audio pour Google Sites (facile et rapide)","og_description":"Ajoutez une musique de fond flexible \u00e0 votre page Web Google Sites. Utilisez la d\u00e9mo g\u00e9rable et cr\u00e9ez votre widget audio en quelques minutes seulement.","og_url":"https:\/\/elfsight.com\/fr\/background-music-widget\/google-sites\/","og_site_name":"Elfsight FR","article_modified_time":"2025-07-09T10:07:24+00:00","twitter_card":"summary_large_image","twitter_misc":{"Dur\u00e9e de lecture estim\u00e9e":"3 minutes"},"schema":{"@context":"https:\/\/schema.org","@graph":[{"@type":"WebPage","@id":"https:\/\/elfsight.com\/fr\/background-music-widget\/google-sites\/","url":"https:\/\/elfsight.com\/fr\/background-music-widget\/google-sites\/","name":"Plugin de musique de fond et audio pour Google Sites (facile et rapide)","isPartOf":{"@id":"https:\/\/elfsight.com\/fr\/#website"},"datePublished":"2024-05-03T06:29:16+00:00","dateModified":"2025-07-09T10:07:24+00:00","description":"Ajoutez une musique de fond flexible \u00e0 votre page Web Google Sites. Utilisez la d\u00e9mo g\u00e9rable et cr\u00e9ez votre widget audio en quelques minutes seulement.","breadcrumb":{"@id":"https:\/\/elfsight.com\/fr\/background-music-widget\/google-sites\/#breadcrumb"},"inLanguage":"fr-FR","potentialAction":[{"@type":"ReadAction","target":["https:\/\/elfsight.com\/fr\/background-music-widget\/google-sites\/"]}]},{"@type":"BreadcrumbList","@id":"https:\/\/elfsight.com\/fr\/background-music-widget\/google-sites\/#breadcrumb","itemListElement":[{"@type":"ListItem","position":1,"name":"Home","item":"https:\/\/elfsight.com\/fr\/"},{"@type":"ListItem","position":2,"name":"Background Music","item":"https:\/\/elfsight.com\/fr\/background-music-widget\/"},{"@type":"ListItem","position":3,"name":"Background Music &#8211; Google Sites"}]},{"@type":"WebSite","@id":"https:\/\/elfsight.com\/fr\/#website","url":"https:\/\/elfsight.com\/fr\/","name":"Elfsight FR","description":"","potentialAction":[{"@type":"SearchAction","target":{"@type":"EntryPoint","urlTemplate":"https:\/\/elfsight.com\/fr\/?s={search_term_string}"},"query-input":{"@type":"PropertyValueSpecification","valueRequired":true,"valueName":"search_term_string"}}],"inLanguage":"fr-FR"}]}},"meta_box":{"industry":"","seo_heading":"","heading":"","description":"","cta_heading":"","cta_description":"","application":"2660","h1":"Plugin de musique de fond Google Sites","h1_caption":"Ajoutez une musique de fond \u00e0 votre site Web, cr\u00e9ant ainsi une exp\u00e9rience immersive pour vos visiteurs dans vos sites Google sans effort.","application_category":[],"applications_title":"","applications_request_title":"","applications_request_button_text":"","hero_text":"","hero_video":"","hero_video_schema_markup":"","selling_points_title":"","selling_points_caption":"","selling_points":[],"selling_points_cta_text":"","features_title":"","features":"","ed_cta_examples_text":"","ed_cta_examples_hidden":"","ed_cta_demo_text":"","ed_cta_demo_hidden":"","why_caption":"","why_editor_title":"","why_editor_text":"","why_team_title":"","why_team_text":"","why_service_title":"","why_service_text":"","template_catalog_visible":"","template_catalog_title":"","template_catalog_text":"","template_catalog_categories_visible":"","demo_title":"Cr\u00e9ez votre widget Musique de fond","demo_caption":"Configurez votre musique de fond et ajoutez-la gratuitement \u00e0 votre site Web Google Sites\u00a0!","default_faq_hidden":"","app_template_category":[],"platform":"423","template_public_id":"","codecanyon_url":"","codecanyon_item_id":"","codecanyon_price":"","pricing_caption":"","pricing_elfsight_apps_hide_column":"","pricing_elfsight_apps_url":"","pricing_codecanyon_price_caption":"","integration_category":[],"integration_request_title":"","integration_request_cta":"","integration_platform":"","integrations":[],"platform_category":[],"video_schema_markup":"","price":"\u00e0 partir de 0$ \/ mois","trial":"","benefits":[{"text":"Aide \u00e0 l'installation gratuite"},{"text":"Service client efficace"},{"text":"Garantie de remboursement de 14 jours"},{"text":"Mises \u00e0 jour continues"}],"button_url":"#demo","button_target_blank":"","button_nofollow":"","attributes":[{"name":"Installations","content":"10,000 - 100,000"},{"name":"Sensible","content":"Conception adaptative"},{"name":"Navigateurs compatibles","content":"Opera, Edge, Chrome, Firefox, Safari"}],"tags":[],"tags_disable_links":"","hide_more_platforms":"","video_object":"","demo_hide_cta":"","demo_hide_cloud_options":"","pricing_title":"","pricing":[{"pricing_icon":"platform","pricing_title":"Elfsight Apps","pricing_title_caption":"Logiciel ind\u00e9pendant de la plate-forme","pricing_price":"from $0 \/ month","pricing_price_caption":"commencez avec un forfait gratuit","pricing_benefits":[{"text":"Domaines illimit\u00e9s"},{"text":"Assistance rapide et ponctuelle"},{"text":"Service d'installation gratuit"},{"text":"Offre sp\u00e9ciale pour plusieurs applications"}],"pricing_button_text":"Ajouter au site Web","pricing_button_url":"#demo"}],"related_apps_title":"","related_apps_hidden":"","author":"","image":[],"title":"","job":"","social_networks":[]},"_links":{"self":[{"href":"https:\/\/elfsight.com\/fr\/wp-json\/wp\/v2\/pages\/8067","targetHints":{"allow":["GET"]}}],"collection":[{"href":"https:\/\/elfsight.com\/fr\/wp-json\/wp\/v2\/pages"}],"about":[{"href":"https:\/\/elfsight.com\/fr\/wp-json\/wp\/v2\/types\/page"}],"author":[{"embeddable":true,"href":"https:\/\/elfsight.com\/fr\/wp-json\/wp\/v2\/users\/9"}],"replies":[{"embeddable":true,"href":"https:\/\/elfsight.com\/fr\/wp-json\/wp\/v2\/comments?post=8067"}],"version-history":[{"count":1,"href":"https:\/\/elfsight.com\/fr\/wp-json\/wp\/v2\/pages\/8067\/revisions"}],"predecessor-version":[{"id":8071,"href":"https:\/\/elfsight.com\/fr\/wp-json\/wp\/v2\/pages\/8067\/revisions\/8071"}],"up":[{"embeddable":true,"href":"https:\/\/elfsight.com\/fr\/wp-json\/wp\/v2\/pages\/2661"}],"wp:attachment":[{"href":"https:\/\/elfsight.com\/fr\/wp-json\/wp\/v2\/media?parent=8067"}],"curies":[{"name":"wp","href":"https:\/\/api.w.org\/{rel}","templated":true}]}}