{"id":8066,"date":"2024-05-03T06:29:15","date_gmt":"2024-05-03T06:29:15","guid":{"rendered":"https:\/\/elfsight.com\/fr\/?page_id=8066"},"modified":"2025-07-09T10:07:19","modified_gmt":"2025-07-09T10:07:19","slug":"godaddy","status":"publish","type":"page","link":"https:\/\/elfsight.com\/fr\/background-music-widget\/godaddy\/","title":{"rendered":"Background Music &#8211; GoDaddy"},"content":{"rendered":"<div class=\"application-platform-content-item-description application-platform-content-item\" id=\"description\" data-nav-section=\"description\"> <h2>Int\u00e9grer une musique de fond sur GoDaddy avec le widget Elfsight<\/h2> <p>Elfsight Background Music est un plugin simple vous permettant de lire des pistes audio directement sur votre site. L&rsquo;outil est totalement r\u00e9glable\u00a0: vous pouvez modifier son emplacement, le placer n&rsquo;importe o\u00f9 sur la page, redimensionner sa taille, repeindre l&rsquo;arri\u00e8re-plan et d&rsquo;autres parties pour le m\u00e9langer avec la mise en page de votre site Web, utiliser une palette de couleurs sombres, r\u00e9v\u00e9ler les couvertures et afficher ou masquer. 4 parties de joueur suppl\u00e9mentaires comme la barre de progression, le titre et autres. Incluez autant de pistes que vous le souhaitez pour engager vos visiteurs, activez l&rsquo;option de lecture automatique et assurez-vous que votre public ne quittera pas votre page Web pr\u00e9cipitamment\u00a0! <\/p>. <p><b>Int\u00e9grez la musique de fond Elfsight pour atteindre vos objectifs commerciaux plus facilement\u00a0! <\/b><\/p> <\/div> <div class=\"application-platform-content-item-features application-platform-content-item\" id=\"features\" data-nav-section=\"features\"> <h2>Nous proposons des fonctionnalit\u00e9s utiles et simples, v\u00e9rifiez-en quelques-unes\u00a0: <\/h2> <ul><li>Variations de couleurs illimit\u00e9es<\/li><li>Th\u00e8me de couleur sombre\/clair<\/li><li>Conception flexible<\/li><li>2 mises en page applicables<\/li><li>Possibilit\u00e9 d&rsquo;utiliser l&rsquo;image d&rsquo;arri\u00e8re-plan<\/li><\/ul> <p><a href=\"#demo\">Essayez simplement cette d\u00e9mo pour voir comment elle fonctionne<\/a><\/p> <\/div> <div class=\"application-platform-content-item-installation application-platform-content-item\" id=\"installation\" data-nav-section=\"installation\"> <h2>Comment ajouter un arri\u00e8re-plan Elfsight La musique dans mon GoDaddy ? <\/h2> <p>Suivez simplement ces \u00e9tapes pr\u00e9sent\u00e9es ci-dessous pour activer le plugin. <\/p> <ol><li><b>Utilisez notre \u00e9diteur gratuit et commencez \u00e0 fa\u00e7onner votre instrument personnalis\u00e9. <\/b><br> Sp\u00e9cifiez l&rsquo;apparence et les fonctionnalit\u00e9s s\u00e9lectionn\u00e9es du plugin et appliquez les corrections. <\/li> <li><b>Recevez votre code individuel r\u00e9v\u00e9l\u00e9 dans la case sur Elfsight Apps<\/b><br> Lorsque la configuration de votre plugin est termin\u00e9e, copiez le code individuel dans la case qui appara\u00eet et conservez-le pour le futur. occasion. <\/li> <li><b>Commencez \u00e0 utiliser l&rsquo;outil sur votre site Web GoDaddy<\/b><br> Impl\u00e9mentez le code copi\u00e9 pr\u00e9c\u00e9demment dans votre page et enregistrez les ajustements. <\/li> <li><b>L&rsquo;installation est r\u00e9ussie<\/b><br> Visitez votre site pour voir comment fonctionne l&rsquo;outil. <\/li><\/ol> <p>Si vous avez des questions ou rencontrez des difficult\u00e9s, n&rsquo;h\u00e9sitez pas \u00e0 contacter notre service client. Nos sp\u00e9cialistes se feront un plaisir de r\u00e9soudre tous les probl\u00e8mes que vous pourriez rencontrer sur le plugin. <\/p> <div class=\"faq\" data-component=\"FAQ\"><div class=\"faq-item\">\r\n\t\t\t\t\t<div class=\"faq-item-question\">\r\n\t\t\t\t\t\t<h3 class=\"faq-item-question-text\">Comment puis-je int\u00e9grer le plugin GoDaddy Background Music dans mon site Web sans comp\u00e9tences en codage ?<\/h3>\r\n\r\n\t\t\t\t\t\t<div class=\"faq-item-question-icon\"><\/div>\r\n\t\t\t\t\t<\/div>\r\n\r\n\t\t\t\t\t<div class=\"faq-item-answer\">\r\n\t\t\t\t\t\t<div class=\"faq-item-answer-text\"><p>Elfsight fournit une solution bas\u00e9e sur le cloud qui permet aux utilisateurs de cr\u00e9er un plugin GoDaddy Background Music. par eux-m\u00eame. Observez \u00e0 quel point le processus peut \u00eatre simple\u00a0:<\/p><ul><li>Acc\u00e9dez \u00e0 l&rsquo;\u00e9diteur en ligne pour g\u00e9n\u00e9rer une section de plug-in GoDaddy Background Music que vous souhaitez int\u00e9grer \u00e0 votre site Web.<\/li><li>S\u00e9lectionnez l&rsquo;une des options suivantes\u00a0: nos mod\u00e8les pr\u00e9d\u00e9finis et personnalisez les param\u00e8tres du plugin GoDaddy Background Music, ajustez la mise en page et la palette de couleurs, incluez votre contenu sans avoir besoin de codage.<\/li><li>Conservez les param\u00e8tres que vous avez configur\u00e9s pour le plugin GoDaddy Background Music et obtenez le code \u00e0 int\u00e9grer, qui peut \u00eatre facilement int\u00e9gr\u00e9 gratuitement \u00e0 votre site Web.<\/li><\/ul><p>En travaillant dans l&rsquo;\u00e9diteur convivial, tout internaute peut cr\u00e9er une section de plug-in GoDaddy Background Music. et int\u00e9grez-le \u00e0 leur site Web. Il n&rsquo;y a aucune exigence de paiement ou de divulgation des informations de votre carte pour acc\u00e9der \u00e0 l&rsquo;\u00e9diteur Elfsight. Si vous rencontrez des difficult\u00e9s \u00e0 un moment donn\u00e9, n&rsquo;h\u00e9sitez pas \u00e0 contacter notre service client.<\/p><\/div>\r\n\t\t\t\t\t<\/div>\r\n\t\t\t\t<\/div><\/div><\/div>","protected":false},"excerpt":{"rendered":"","protected":false},"author":9,"featured_media":0,"parent":2661,"menu_order":0,"comment_status":"closed","ping_status":"closed","template":"templates\/template-application-platform.php","meta":{"publish_to_discourse":"","publish_post_category":"","wpdc_auto_publish_overridden":"","wpdc_topic_tags":"","wpdc_pin_topic":"","wpdc_pin_until":"","discourse_post_id":"","discourse_permalink":"","wpdc_publishing_response":"","wpdc_publishing_error":"","footnotes":""},"class_list":["post-8066","page","type-page","status-publish","hentry"],"yoast_head":"<!-- This site is optimized with the Yoast SEO plugin v25.3.1 - https:\/\/yoast.com\/wordpress\/plugins\/seo\/ -->\n<title>Musique de fond \u2013 Ajoutez un plugin de musique au site Web GoDaddy\u00a0!<\/title>\n<meta name=\"description\" content=\"Ajoutez un plugin adaptatif de musique de fond \u00e0 votre site GoDaddy. Ex\u00e9cutez la d\u00e9mo pratique d&#039;Elfsight et cr\u00e9ez votre plugin unique\u00a0!\" \/>\n<meta name=\"robots\" content=\"index, follow, max-snippet:-1, max-image-preview:large, max-video-preview:-1\" \/>\n<link rel=\"canonical\" href=\"https:\/\/elfsight.com\/fr\/background-music-widget\/godaddy\/\" \/>\n<meta property=\"og:locale\" content=\"fr_FR\" \/>\n<meta property=\"og:type\" content=\"article\" \/>\n<meta property=\"og:title\" content=\"Musique de fond \u2013 Ajoutez un plugin de musique au site Web GoDaddy\u00a0!\" \/>\n<meta property=\"og:description\" content=\"Ajoutez un plugin adaptatif de musique de fond \u00e0 votre site GoDaddy. Ex\u00e9cutez la d\u00e9mo pratique d&#039;Elfsight et cr\u00e9ez votre plugin unique\u00a0!\" \/>\n<meta property=\"og:url\" content=\"https:\/\/elfsight.com\/fr\/background-music-widget\/godaddy\/\" \/>\n<meta property=\"og:site_name\" content=\"Elfsight FR\" \/>\n<meta property=\"article:modified_time\" content=\"2025-07-09T10:07:19+00:00\" \/>\n<meta name=\"twitter:card\" content=\"summary_large_image\" \/>\n<meta name=\"twitter:label1\" content=\"Dur\u00e9e de lecture estim\u00e9e\" \/>\n\t<meta name=\"twitter:data1\" content=\"3 minutes\" \/>\n<!-- \/ Yoast SEO plugin. -->","yoast_head_json":{"title":"Musique de fond \u2013 Ajoutez un plugin de musique au site Web GoDaddy\u00a0!","description":"Ajoutez un plugin adaptatif de musique de fond \u00e0 votre site GoDaddy. Ex\u00e9cutez la d\u00e9mo pratique d'Elfsight et cr\u00e9ez votre plugin unique\u00a0!","robots":{"index":"index","follow":"follow","max-snippet":"max-snippet:-1","max-image-preview":"max-image-preview:large","max-video-preview":"max-video-preview:-1"},"canonical":"https:\/\/elfsight.com\/fr\/background-music-widget\/godaddy\/","og_locale":"fr_FR","og_type":"article","og_title":"Musique de fond \u2013 Ajoutez un plugin de musique au site Web GoDaddy\u00a0!","og_description":"Ajoutez un plugin adaptatif de musique de fond \u00e0 votre site GoDaddy. Ex\u00e9cutez la d\u00e9mo pratique d'Elfsight et cr\u00e9ez votre plugin unique\u00a0!","og_url":"https:\/\/elfsight.com\/fr\/background-music-widget\/godaddy\/","og_site_name":"Elfsight FR","article_modified_time":"2025-07-09T10:07:19+00:00","twitter_card":"summary_large_image","twitter_misc":{"Dur\u00e9e de lecture estim\u00e9e":"3 minutes"},"schema":{"@context":"https:\/\/schema.org","@graph":[{"@type":"WebPage","@id":"https:\/\/elfsight.com\/fr\/background-music-widget\/godaddy\/","url":"https:\/\/elfsight.com\/fr\/background-music-widget\/godaddy\/","name":"Musique de fond \u2013 Ajoutez un plugin de musique au site Web GoDaddy\u00a0!","isPartOf":{"@id":"https:\/\/elfsight.com\/fr\/#website"},"datePublished":"2024-05-03T06:29:15+00:00","dateModified":"2025-07-09T10:07:19+00:00","description":"Ajoutez un plugin adaptatif de musique de fond \u00e0 votre site GoDaddy. Ex\u00e9cutez la d\u00e9mo pratique d'Elfsight et cr\u00e9ez votre plugin unique\u00a0!","breadcrumb":{"@id":"https:\/\/elfsight.com\/fr\/background-music-widget\/godaddy\/#breadcrumb"},"inLanguage":"fr-FR","potentialAction":[{"@type":"ReadAction","target":["https:\/\/elfsight.com\/fr\/background-music-widget\/godaddy\/"]}]},{"@type":"BreadcrumbList","@id":"https:\/\/elfsight.com\/fr\/background-music-widget\/godaddy\/#breadcrumb","itemListElement":[{"@type":"ListItem","position":1,"name":"Home","item":"https:\/\/elfsight.com\/fr\/"},{"@type":"ListItem","position":2,"name":"Background Music","item":"https:\/\/elfsight.com\/fr\/background-music-widget\/"},{"@type":"ListItem","position":3,"name":"Background Music &#8211; GoDaddy"}]},{"@type":"WebSite","@id":"https:\/\/elfsight.com\/fr\/#website","url":"https:\/\/elfsight.com\/fr\/","name":"Elfsight FR","description":"","potentialAction":[{"@type":"SearchAction","target":{"@type":"EntryPoint","urlTemplate":"https:\/\/elfsight.com\/fr\/?s={search_term_string}"},"query-input":{"@type":"PropertyValueSpecification","valueRequired":true,"valueName":"search_term_string"}}],"inLanguage":"fr-FR"}]}},"meta_box":{"industry":"","seo_heading":"","heading":"","description":"","cta_heading":"","cta_description":"","application":"2660","h1":"Plugin de musique de fond GoDaddy","h1_caption":"Ajoutez une musique de fond \u00e0 votre site Web, cr\u00e9ant ainsi une exp\u00e9rience immersive pour vos visiteurs sur votre site Web GoDaddy sans effort.","application_category":[],"applications_title":"","applications_request_title":"","applications_request_button_text":"","hero_text":"","hero_video":"","hero_video_schema_markup":"","selling_points_title":"","selling_points_caption":"","selling_points":[],"selling_points_cta_text":"","features_title":"","features":"","ed_cta_examples_text":"","ed_cta_examples_hidden":"","ed_cta_demo_text":"","ed_cta_demo_hidden":"","why_caption":"","why_editor_title":"","why_editor_text":"","why_team_title":"","why_team_text":"","why_service_title":"","why_service_text":"","template_catalog_visible":"","template_catalog_title":"","template_catalog_text":"","template_catalog_categories_visible":"","demo_title":"Cr\u00e9ez votre plugin Musique de fond","demo_caption":"Configurez votre musique de fond et ajoutez-la gratuitement \u00e0 votre site Web GoDaddy\u00a0!","default_faq_hidden":"","app_template_category":[],"platform":"370","template_public_id":"","codecanyon_url":"","codecanyon_item_id":"","codecanyon_price":"","pricing_caption":"","pricing_elfsight_apps_hide_column":"","pricing_elfsight_apps_url":"","pricing_codecanyon_price_caption":"","integration_category":[],"integration_request_title":"","integration_request_cta":"","integration_platform":"","integrations":[],"platform_category":[],"video_schema_markup":"","price":"\u00e0 partir de 0$ \/ mois","trial":"","benefits":[{"text":"Aide \u00e0 l'installation gratuite"},{"text":"Assistance premium"},{"text":"Garantie de remboursement de 14 jours"},{"text":"Am\u00e9liorations continues"}],"button_url":"#demo","button_target_blank":"","button_nofollow":"","attributes":[{"name":"Installations","content":"10,000 - 100,000"},{"name":"Sensible","content":"Oui"},{"name":"Navigateurs compatibles","content":"IE11, Firefox, Safari, Opera, Chrome, Edge"}],"tags":[],"tags_disable_links":"","hide_more_platforms":"","video_object":"","demo_hide_cta":"","demo_hide_cloud_options":"","pricing_title":"","pricing":[{"pricing_icon":"platform","pricing_title":"Elfsight Apps","pricing_title_caption":"Version multiplateforme qui fonctionne sur n'importe quel site Web","pricing_price":"from $0 \/ month","pricing_price_caption":"commencez avec un forfait gratuit","pricing_benefits":[{"text":"Sites Web illimit\u00e9s"},{"text":"Accompagnement professionnel"},{"text":"Aide \u00e0 l'installation gratuite"},{"text":"Conception flexible"}],"pricing_button_text":"Ajouter au site Web","pricing_button_url":"#demo"}],"related_apps_title":"","related_apps_hidden":"","author":"","image":[],"title":"","job":"","social_networks":[]},"_links":{"self":[{"href":"https:\/\/elfsight.com\/fr\/wp-json\/wp\/v2\/pages\/8066","targetHints":{"allow":["GET"]}}],"collection":[{"href":"https:\/\/elfsight.com\/fr\/wp-json\/wp\/v2\/pages"}],"about":[{"href":"https:\/\/elfsight.com\/fr\/wp-json\/wp\/v2\/types\/page"}],"author":[{"embeddable":true,"href":"https:\/\/elfsight.com\/fr\/wp-json\/wp\/v2\/users\/9"}],"replies":[{"embeddable":true,"href":"https:\/\/elfsight.com\/fr\/wp-json\/wp\/v2\/comments?post=8066"}],"version-history":[{"count":1,"href":"https:\/\/elfsight.com\/fr\/wp-json\/wp\/v2\/pages\/8066\/revisions"}],"predecessor-version":[{"id":8070,"href":"https:\/\/elfsight.com\/fr\/wp-json\/wp\/v2\/pages\/8066\/revisions\/8070"}],"up":[{"embeddable":true,"href":"https:\/\/elfsight.com\/fr\/wp-json\/wp\/v2\/pages\/2661"}],"wp:attachment":[{"href":"https:\/\/elfsight.com\/fr\/wp-json\/wp\/v2\/media?parent=8066"}],"curies":[{"name":"wp","href":"https:\/\/api.w.org\/{rel}","templated":true}]}}