{"id":8060,"date":"2024-05-03T06:29:13","date_gmt":"2024-05-03T06:29:13","guid":{"rendered":"https:\/\/elfsight.com\/fr\/?page_id=8060"},"modified":"2025-07-09T10:07:40","modified_gmt":"2025-07-09T10:07:40","slug":"jimdo","status":"publish","type":"page","link":"https:\/\/elfsight.com\/fr\/background-music-widget\/jimdo\/","title":{"rendered":"Background Music &#8211; Jimdo"},"content":{"rendered":"<div class=\"application-platform-content-item-description application-platform-content-item\" id=\"description\" data-nav-section=\"description\"> <h2>Description<\/h2> <p>Le widget Elfsight Background Music est un plugin simple vous permettant de lire des pistes audio directement sur votre site Web. Le plugin est extr\u00eamement r\u00e9glable\u00a0: vous pouvez modifier sa position, l&rsquo;installer n&rsquo;importe o\u00f9 sur la page, redimensionner sa taille, recolorer l&rsquo;arri\u00e8re-plan et d&rsquo;autres \u00e9l\u00e9ments pour le m\u00e9langer avec la conception de votre site, utiliser une palette de couleurs sombres, r\u00e9v\u00e9ler des couvertures et afficher ou masquer. 3 d\u00e9tails suppl\u00e9mentaires sur le joueur, par exemple la barre de progression et bien d&rsquo;autres. Vous pouvez t\u00e9l\u00e9charger autant de titres que vous le souhaitez pour engager vos utilisateurs, activer l&rsquo;option de lecture automatique et \u00eatre s\u00fbr que vos visiteurs ne quitteront pas votre site Web pr\u00e9cipitamment ! <\/p><p><b>Int\u00e9grez la musique de fond pour simplifier vos d\u00e9fis professionnels\u00a0! <\/b><\/p> <\/div> <div class=\"application-platform-content-item-features application-platform-content-item\" id=\"features\" data-nav-section=\"features\"> <h2>Voici les principales fonctionnalit\u00e9s du widget\u00a0: <\/h2> <ul><li>De nombreuses variations de couleurs<\/li><li>Sch\u00e9ma de couleurs fonc\u00e9\/clair<\/li><li>Conception r\u00e9active<\/li><li>2 mises en page applicables<\/li><li>Possibilit\u00e9 d&rsquo;utiliser une image d&rsquo;arri\u00e8re-plan<\/li><li>Un nombre illimit\u00e9 de pistes<\/li><li>Une possibilit\u00e9 de cr\u00e9er votre palette de couleurs personnalis\u00e9e<\/li><li>Formats pris en charge\u00a0: mp3, ogv, HLS (mThreeu8), DASH (mpd), mp4, webm<\/li><li>Option de lecture automatique <\/li><li>Ajoutez des pistes par URL ou directement depuis votre appareil<\/li><\/ul><p><a href=\"#demo\">Vous pouvez explorer toutes les capacit\u00e9s du widget dans la d\u00e9mo ci-dessous<\/a><\/p> <\/div> <div class=\"application-platform-content-item-installation application-platform-content-item\" id=\"installation\" data-nav-section=\"installation\"> <h2>Comment puis-je ajouter une musique de fond \u00e0 ma page Web Jimdo\u00a0? <\/h2> <p>Remplissez simplement les instructions ci-dessous pour int\u00e9grer le widget. <\/p> <ol><li><b>Ouvrez notre configurateur gratuit et commencez \u00e0 former votre instrument personnalis\u00e9. <\/b><br> D\u00e9terminez la disposition et les param\u00e8tres pr\u00e9f\u00e9rables du widget et enregistrez les modifications. <\/li> <li><b>Obtenez le code unique affich\u00e9 dans la fen\u00eatre des applications Elfsight. <\/b><br> D\u00e8s que la configuration de votre outil est termin\u00e9e, copiez le code exclusif dans la popup qui appara\u00eet et conservez-le pour des occasions ult\u00e9rieures. <\/li> <li><b>Commencez \u00e0 utiliser le widget sur le site Jimdo. <\/b><br> Int\u00e9grez le code que vous avez enregistr\u00e9 r\u00e9cemment dans votre site Web et enregistrez les modifications. <\/li> <li><b>Vous avez termin\u00e9\u00a0! L&rsquo;int\u00e9gration est effectu\u00e9e avec succ\u00e8s. <\/b><br> Acc\u00e9dez \u00e0 votre page pour d\u00e9couvrir le fonctionnement de l&rsquo;outil. <\/li><\/ol> <p>Si vous \u00eates confront\u00e9 \u00e0 des questions ou rencontrez des complications, n&rsquo;h\u00e9sitez pas \u00e0 vous adresser \u00e0 notre service client. Nos consultants sont impatients de vous aider avec toutes les questions que vous pourriez avoir avec le produit. <\/p> <\/div>","protected":false},"excerpt":{"rendered":"","protected":false},"author":9,"featured_media":0,"parent":2661,"menu_order":0,"comment_status":"closed","ping_status":"closed","template":"templates\/template-application-platform.php","meta":{"publish_to_discourse":"","publish_post_category":"","wpdc_auto_publish_overridden":"","wpdc_topic_tags":"","wpdc_pin_topic":"","wpdc_pin_until":"","discourse_post_id":"","discourse_permalink":"","wpdc_publishing_response":"","wpdc_publishing_error":"","footnotes":""},"class_list":["post-8060","page","type-page","status-publish","hentry"],"yoast_head":"<!-- This site is optimized with the Yoast SEO plugin v25.3.1 - https:\/\/yoast.com\/wordpress\/plugins\/seo\/ -->\n<title>Audio de fond \u2014 Ajouter une musique de fond au site Jimdo<\/title>\n<meta name=\"description\" content=\"Ajoutez une musique de fond au site Jimdo. Ex\u00e9cutez la d\u00e9mo utile d&#039;Elfsight et cr\u00e9ez votre widget audio personnalis\u00e9 en quelques minutes seulement.\" \/>\n<meta name=\"robots\" content=\"index, follow, max-snippet:-1, max-image-preview:large, max-video-preview:-1\" \/>\n<link rel=\"canonical\" href=\"https:\/\/elfsight.com\/fr\/background-music-widget\/jimdo\/\" \/>\n<meta property=\"og:locale\" content=\"fr_FR\" \/>\n<meta property=\"og:type\" content=\"article\" \/>\n<meta property=\"og:title\" content=\"Audio de fond \u2014 Ajouter une musique de fond au site Jimdo\" \/>\n<meta property=\"og:description\" content=\"Ajoutez une musique de fond au site Jimdo. Ex\u00e9cutez la d\u00e9mo utile d&#039;Elfsight et cr\u00e9ez votre widget audio personnalis\u00e9 en quelques minutes seulement.\" \/>\n<meta property=\"og:url\" content=\"https:\/\/elfsight.com\/fr\/background-music-widget\/jimdo\/\" \/>\n<meta property=\"og:site_name\" content=\"Elfsight FR\" \/>\n<meta property=\"article:modified_time\" content=\"2025-07-09T10:07:40+00:00\" \/>\n<meta name=\"twitter:card\" content=\"summary_large_image\" \/>\n<meta name=\"twitter:label1\" content=\"Dur\u00e9e de lecture estim\u00e9e\" \/>\n\t<meta name=\"twitter:data1\" content=\"2 minutes\" \/>\n<!-- \/ Yoast SEO plugin. -->","yoast_head_json":{"title":"Audio de fond \u2014 Ajouter une musique de fond au site Jimdo","description":"Ajoutez une musique de fond au site Jimdo. Ex\u00e9cutez la d\u00e9mo utile d'Elfsight et cr\u00e9ez votre widget audio personnalis\u00e9 en quelques minutes seulement.","robots":{"index":"index","follow":"follow","max-snippet":"max-snippet:-1","max-image-preview":"max-image-preview:large","max-video-preview":"max-video-preview:-1"},"canonical":"https:\/\/elfsight.com\/fr\/background-music-widget\/jimdo\/","og_locale":"fr_FR","og_type":"article","og_title":"Audio de fond \u2014 Ajouter une musique de fond au site Jimdo","og_description":"Ajoutez une musique de fond au site Jimdo. Ex\u00e9cutez la d\u00e9mo utile d'Elfsight et cr\u00e9ez votre widget audio personnalis\u00e9 en quelques minutes seulement.","og_url":"https:\/\/elfsight.com\/fr\/background-music-widget\/jimdo\/","og_site_name":"Elfsight FR","article_modified_time":"2025-07-09T10:07:40+00:00","twitter_card":"summary_large_image","twitter_misc":{"Dur\u00e9e de lecture estim\u00e9e":"2 minutes"},"schema":{"@context":"https:\/\/schema.org","@graph":[{"@type":"WebPage","@id":"https:\/\/elfsight.com\/fr\/background-music-widget\/jimdo\/","url":"https:\/\/elfsight.com\/fr\/background-music-widget\/jimdo\/","name":"Audio de fond \u2014 Ajouter une musique de fond au site Jimdo","isPartOf":{"@id":"https:\/\/elfsight.com\/fr\/#website"},"datePublished":"2024-05-03T06:29:13+00:00","dateModified":"2025-07-09T10:07:40+00:00","description":"Ajoutez une musique de fond au site Jimdo. Ex\u00e9cutez la d\u00e9mo utile d'Elfsight et cr\u00e9ez votre widget audio personnalis\u00e9 en quelques minutes seulement.","breadcrumb":{"@id":"https:\/\/elfsight.com\/fr\/background-music-widget\/jimdo\/#breadcrumb"},"inLanguage":"fr-FR","potentialAction":[{"@type":"ReadAction","target":["https:\/\/elfsight.com\/fr\/background-music-widget\/jimdo\/"]}]},{"@type":"BreadcrumbList","@id":"https:\/\/elfsight.com\/fr\/background-music-widget\/jimdo\/#breadcrumb","itemListElement":[{"@type":"ListItem","position":1,"name":"Home","item":"https:\/\/elfsight.com\/fr\/"},{"@type":"ListItem","position":2,"name":"Background Music","item":"https:\/\/elfsight.com\/fr\/background-music-widget\/"},{"@type":"ListItem","position":3,"name":"Background Music &#8211; Jimdo"}]},{"@type":"WebSite","@id":"https:\/\/elfsight.com\/fr\/#website","url":"https:\/\/elfsight.com\/fr\/","name":"Elfsight FR","description":"","potentialAction":[{"@type":"SearchAction","target":{"@type":"EntryPoint","urlTemplate":"https:\/\/elfsight.com\/fr\/?s={search_term_string}"},"query-input":{"@type":"PropertyValueSpecification","valueRequired":true,"valueName":"search_term_string"}}],"inLanguage":"fr-FR"}]}},"meta_box":{"industry":"","seo_heading":"","heading":"","description":"","cta_heading":"","cta_description":"","application":"2660","h1":"Widget Musique de fond Jimdo","h1_caption":"Ajoutez une musique de fond \u00e0 votre site Web, cr\u00e9ant ainsi une exp\u00e9rience immersive pour vos visiteurs sur votre site Web Jimdo sans effort.","application_category":[],"applications_title":"","applications_request_title":"","applications_request_button_text":"","hero_text":"","hero_video":"","hero_video_schema_markup":"","selling_points_title":"","selling_points_caption":"","selling_points":[],"selling_points_cta_text":"","features_title":"","features":"","ed_cta_examples_text":"","ed_cta_examples_hidden":"","ed_cta_demo_text":"","ed_cta_demo_hidden":"","why_caption":"","why_editor_title":"","why_editor_text":"","why_team_title":"","why_team_text":"","why_service_title":"","why_service_text":"","template_catalog_visible":"","template_catalog_title":"","template_catalog_text":"","template_catalog_categories_visible":"","demo_title":"Cr\u00e9ez votre widget Musique de fond","demo_caption":"Configurez votre musique de fond et ajoutez-la gratuitement \u00e0 votre site Jimdo !","default_faq_hidden":"","app_template_category":[],"platform":"372","template_public_id":"","codecanyon_url":"","codecanyon_item_id":"","codecanyon_price":"","pricing_caption":"","pricing_elfsight_apps_hide_column":"","pricing_elfsight_apps_url":"","pricing_codecanyon_price_caption":"","integration_category":[],"integration_request_title":"","integration_request_cta":"","integration_platform":"","integrations":[],"platform_category":[],"video_schema_markup":"","price":"\u00e0 partir de 0$ \/ mois","trial":"","benefits":[{"text":"Service d'installation gratuit"},{"text":"Service client comp\u00e9tent"},{"text":"Garantie de remboursement de 14 jours"},{"text":"Futures mises \u00e0 jour gratuites"}],"button_url":"#demo","button_target_blank":"","button_nofollow":"","attributes":[{"name":"Installations","content":"10,000 - 100,000"},{"name":"Sensible","content":"Oui"},{"name":"Navigateurs compatibles","content":"Firefox, Safari, Opera, Chrome, Edge"}],"tags":[],"tags_disable_links":"","hide_more_platforms":"","video_object":"","demo_hide_cta":"","demo_hide_cloud_options":"","pricing_title":"","pricing":[{"pricing_icon":"platform","pricing_title":"Elfsight Apps","pricing_title_caption":"Solution ind\u00e9pendante de la plateforme qui fonctionne sur n'importe quel site","pricing_price":"from $0 \/ month","pricing_price_caption":"commencez avec un forfait gratuit","pricing_benefits":[{"text":"Sites Web illimit\u00e9s"},{"text":"Assistance client 24h\/24 et 7j\/7"},{"text":"Assistance \u00e0 l'installation gratuite"},{"text":"100% personnalisable"}],"pricing_button_text":"Ajouter au site Web","pricing_button_url":"#demo"}],"related_apps_title":"","related_apps_hidden":"","author":"","image":[],"title":"","job":"","social_networks":[]},"_links":{"self":[{"href":"https:\/\/elfsight.com\/fr\/wp-json\/wp\/v2\/pages\/8060","targetHints":{"allow":["GET"]}}],"collection":[{"href":"https:\/\/elfsight.com\/fr\/wp-json\/wp\/v2\/pages"}],"about":[{"href":"https:\/\/elfsight.com\/fr\/wp-json\/wp\/v2\/types\/page"}],"author":[{"embeddable":true,"href":"https:\/\/elfsight.com\/fr\/wp-json\/wp\/v2\/users\/9"}],"replies":[{"embeddable":true,"href":"https:\/\/elfsight.com\/fr\/wp-json\/wp\/v2\/comments?post=8060"}],"version-history":[{"count":1,"href":"https:\/\/elfsight.com\/fr\/wp-json\/wp\/v2\/pages\/8060\/revisions"}],"predecessor-version":[{"id":8064,"href":"https:\/\/elfsight.com\/fr\/wp-json\/wp\/v2\/pages\/8060\/revisions\/8064"}],"up":[{"embeddable":true,"href":"https:\/\/elfsight.com\/fr\/wp-json\/wp\/v2\/pages\/2661"}],"wp:attachment":[{"href":"https:\/\/elfsight.com\/fr\/wp-json\/wp\/v2\/media?parent=8060"}],"curies":[{"name":"wp","href":"https:\/\/api.w.org\/{rel}","templated":true}]}}