{"id":8058,"date":"2024-05-03T06:29:11","date_gmt":"2024-05-03T06:29:11","guid":{"rendered":"https:\/\/elfsight.com\/fr\/?page_id=8058"},"modified":"2025-07-09T10:01:40","modified_gmt":"2025-07-09T10:01:40","slug":"bigcommerce","status":"publish","type":"page","link":"https:\/\/elfsight.com\/fr\/back-to-top-widget\/bigcommerce\/","title":{"rendered":"Back to Top &#8211; BigCommerce"},"content":{"rendered":"<div class=\"application-platform-content-item-description application-platform-content-item\" id=\"description\" data-nav-section=\"description\"> <h2>Description<\/h2> <p>Elfsight Back to Top est une application simple pour BigCommerce qui permet aux utilisateurs de revenir rapidement et facilement au sommet. de votre site Web apr\u00e8s avoir fait d\u00e9filer de longues pages. Les utilisateurs de votre page Web n&rsquo;auront plus besoin de rechercher le bouton Accueil et de faire glisser la barre de d\u00e9filement sur la page. L&rsquo;outil Retour en haut peut \u00eatre personnalis\u00e9 comme il vous convient : rendez-le carr\u00e9 ou rond, changez sa couleur, sa taille et placez-le n&rsquo;importe o\u00f9 sur la page pour am\u00e9liorer l&rsquo;exp\u00e9rience utilisateur. Le bouton peut \u00eatre affich\u00e9 sur n&rsquo;importe quel type d&rsquo;appareil, du smartphone \u00e0 l&rsquo;ordinateur de bureau. <\/p> <p><b>Appliquez un autre widget de haut de page utile pour offrir une UX incroyable<\/b><\/p> <\/div> <div class=\"application-platform-content-item-features application-platform-content-item\" id=\"features\" data-nav-section=\"features\"> <h2>Nous proposons des fonctionnalit\u00e9s utiles et simples fonctionnalit\u00e9s, cochez-en quelques-unes\u00a0: <\/h2> <ul><li>Changer la couleur du bouton<\/li><li>Ajouter le widget sur\u00a0: toutes les pages, sp\u00e9cifiques ou exclues<\/li><li>D\u00e9finir l&rsquo;agilit\u00e9 de d\u00e9filement<\/li><li>Huit positions de boutons \u00e0 choisir<\/li><li>Deux classes de boutons &#8211; Flottant ou int\u00e9gr\u00e9<\/li><\/ul><p><a href=\"#demo\">Vous pouvez sentir si l&rsquo;application est faite pour vous \u00e0 l&rsquo;aide de la d\u00e9mo<\/a><\/p> <\/div> <div class=\"application-platform-content-item-installation application-platform-content-item\" id=\"installation\" data-nav-section=\"installation\"> <h2>Comment int\u00e9grer le retour en haut sur mon site Web BigCommerce ? <\/h2> <p>Suivez simplement les instructions ci-dessous pour int\u00e9grer le widget. <\/p> <ol><li><b>Ouvrez notre configurateur gratuit et commencez \u00e0 cr\u00e9er votre widget unique. <\/b><br> Sp\u00e9cifiez l&rsquo;interface pr\u00e9f\u00e9r\u00e9e et les caract\u00e9ristiques fonctionnelles du widget et enregistrez toutes les modifications. <\/li> <li><b>Obtenez votre code unique qui est affich\u00e9 dans le formulaire sp\u00e9cial sur les applications Elfsight. <\/b><br> Juste apr\u00e8s la configuration de votre widget personnel, copiez votre code dans la fen\u00eatre qui appara\u00eet et conservez-le pour une occasion ult\u00e9rieure. <\/li> <li><b>Commencez \u00e0 utiliser le widget sur votre site Web BigCommerce. <\/b><br> Impl\u00e9mentez le code copi\u00e9 auparavant dans votre site et appliquez les modifications. <\/li> <li><b>Vous avez termin\u00e9\u00a0! La configuration est enti\u00e8rement effectu\u00e9e. <\/b><br> Ouvrez votre page Web pour voir en action comment fonctionne le widget. <\/li><\/ol><p>Si vous rencontrez des difficult\u00e9s, n&rsquo;h\u00e9sitez pas \u00e0 vous adresser \u00e0 notre \u00e9quipe d&rsquo;assistance. Nos sp\u00e9cialistes seront ravis de r\u00e9soudre toutes les difficult\u00e9s que vous pourriez rencontrer avec le plugin. <\/p> <div class=\"faq\" data-component=\"FAQ\"><div class=\"faq-item\">\r\n\t\t\t\t\t<div class=\"faq-item-question\">\r\n\t\t\t\t\t\t<h3 class=\"faq-item-question-text\">Comment ajouter un retour en haut \u00e0 mon site Web BigCommerce sans comp\u00e9tences en codage ?<\/h3>\r\n\r\n\t\t\t\t\t\t<div class=\"faq-item-question-icon\"><\/div>\r\n\t\t\t\t\t<\/div>\r\n\r\n\t\t\t\t\t<div class=\"faq-item-answer\">\r\n\t\t\t\t\t\t<div class=\"faq-item-answer-text\"> <p>Elfsight fournit une solution SaaS qui vous permet de cr\u00e9er vous-m\u00eame un widget Retour en haut, voyez \u00e0 quel point il est facile le processus est le suivant\u00a0: Travaillez directement dans l&rsquo;\u00e9diteur en ligne pour cr\u00e9er un widget Retour en haut que vous aimeriez voir sur votre site Web BigCommerce. Choisissez l&rsquo;un des mod\u00e8les pr\u00e9d\u00e9finis et ajustez les param\u00e8tres de retour en haut, ajoutez votre contenu, modifiez la mise en page et les couleurs sans aucune comp\u00e9tence en codage. Enregistrez le retour en haut et copiez son code d&rsquo;installation, que vous pouvez simplement int\u00e9grer \u00e0 votre site Web BigCommerce sans avoir besoin d&rsquo;acheter un forfait payant. Gr\u00e2ce \u00e0 notre \u00e9diteur intuitif, tout internaute peut cr\u00e9er un widget Retour en haut de page en ligne et l&rsquo;int\u00e9grer facilement \u00e0 son site Web BigCommerce. Il n&rsquo;est pas n\u00e9cessaire de payer ou de saisir les informations d&rsquo;identification de votre carte pour acc\u00e9der au service. Si vous rencontrez des probl\u00e8mes \u00e0 n&rsquo;importe quelle \u00e9tape, n&rsquo;h\u00e9sitez pas \u00e0 contacter notre \u00e9quipe d&rsquo;assistance technique.<\/p> <\/div>\r\n\t\t\t\t\t<\/div>\r\n\t\t\t\t<\/div> <\/div><\/div>","protected":false},"excerpt":{"rendered":"","protected":false},"author":9,"featured_media":0,"parent":2755,"menu_order":0,"comment_status":"closed","ping_status":"closed","template":"templates\/template-application-platform.php","meta":{"publish_to_discourse":"","publish_post_category":"","wpdc_auto_publish_overridden":"","wpdc_topic_tags":"","wpdc_pin_topic":"","wpdc_pin_until":"","discourse_post_id":"","discourse_permalink":"","wpdc_publishing_response":"","wpdc_publishing_error":"","footnotes":""},"class_list":["post-8058","page","type-page","status-publish","hentry"],"yoast_head":"<!-- This site is optimized with the Yoast SEO plugin v25.3.1 - https:\/\/yoast.com\/wordpress\/plugins\/seo\/ -->\n<title>Retour en haut \u2013 Ajouter le plugin Scroll to Top \u00e0 BigCommerce (gratuit et rapide)<\/title>\n<meta name=\"description\" content=\"Ajoutez sans effort un outil de retour en haut accessible sur votre site Web BigCommerce. Appliquez notre d\u00e9mo en direct pour cr\u00e9er votre application unique en 1-2-3.\" \/>\n<meta name=\"robots\" content=\"index, follow, max-snippet:-1, max-image-preview:large, max-video-preview:-1\" \/>\n<link rel=\"canonical\" href=\"https:\/\/elfsight.com\/fr\/back-to-top-widget\/bigcommerce\/\" \/>\n<meta property=\"og:locale\" content=\"fr_FR\" \/>\n<meta property=\"og:type\" content=\"article\" \/>\n<meta property=\"og:title\" content=\"Retour en haut \u2013 Ajouter le plugin Scroll to Top \u00e0 BigCommerce (gratuit et rapide)\" \/>\n<meta property=\"og:description\" content=\"Ajoutez sans effort un outil de retour en haut accessible sur votre site Web BigCommerce. Appliquez notre d\u00e9mo en direct pour cr\u00e9er votre application unique en 1-2-3.\" \/>\n<meta property=\"og:url\" content=\"https:\/\/elfsight.com\/fr\/back-to-top-widget\/bigcommerce\/\" \/>\n<meta property=\"og:site_name\" content=\"Elfsight FR\" \/>\n<meta property=\"article:modified_time\" content=\"2025-07-09T10:01:40+00:00\" \/>\n<meta name=\"twitter:card\" content=\"summary_large_image\" \/>\n<meta name=\"twitter:label1\" content=\"Dur\u00e9e de lecture estim\u00e9e\" \/>\n\t<meta name=\"twitter:data1\" content=\"3 minutes\" \/>\n<!-- \/ Yoast SEO plugin. -->","yoast_head_json":{"title":"Retour en haut \u2013 Ajouter le plugin Scroll to Top \u00e0 BigCommerce (gratuit et rapide)","description":"Ajoutez sans effort un outil de retour en haut accessible sur votre site Web BigCommerce. Appliquez notre d\u00e9mo en direct pour cr\u00e9er votre application unique en 1-2-3.","robots":{"index":"index","follow":"follow","max-snippet":"max-snippet:-1","max-image-preview":"max-image-preview:large","max-video-preview":"max-video-preview:-1"},"canonical":"https:\/\/elfsight.com\/fr\/back-to-top-widget\/bigcommerce\/","og_locale":"fr_FR","og_type":"article","og_title":"Retour en haut \u2013 Ajouter le plugin Scroll to Top \u00e0 BigCommerce (gratuit et rapide)","og_description":"Ajoutez sans effort un outil de retour en haut accessible sur votre site Web BigCommerce. Appliquez notre d\u00e9mo en direct pour cr\u00e9er votre application unique en 1-2-3.","og_url":"https:\/\/elfsight.com\/fr\/back-to-top-widget\/bigcommerce\/","og_site_name":"Elfsight FR","article_modified_time":"2025-07-09T10:01:40+00:00","twitter_card":"summary_large_image","twitter_misc":{"Dur\u00e9e de lecture estim\u00e9e":"3 minutes"},"schema":{"@context":"https:\/\/schema.org","@graph":[{"@type":"WebPage","@id":"https:\/\/elfsight.com\/fr\/back-to-top-widget\/bigcommerce\/","url":"https:\/\/elfsight.com\/fr\/back-to-top-widget\/bigcommerce\/","name":"Retour en haut \u2013 Ajouter le plugin Scroll to Top \u00e0 BigCommerce (gratuit et rapide)","isPartOf":{"@id":"https:\/\/elfsight.com\/fr\/#website"},"datePublished":"2024-05-03T06:29:11+00:00","dateModified":"2025-07-09T10:01:40+00:00","description":"Ajoutez sans effort un outil de retour en haut accessible sur votre site Web BigCommerce. Appliquez notre d\u00e9mo en direct pour cr\u00e9er votre application unique en 1-2-3.","breadcrumb":{"@id":"https:\/\/elfsight.com\/fr\/back-to-top-widget\/bigcommerce\/#breadcrumb"},"inLanguage":"fr-FR","potentialAction":[{"@type":"ReadAction","target":["https:\/\/elfsight.com\/fr\/back-to-top-widget\/bigcommerce\/"]}]},{"@type":"BreadcrumbList","@id":"https:\/\/elfsight.com\/fr\/back-to-top-widget\/bigcommerce\/#breadcrumb","itemListElement":[{"@type":"ListItem","position":1,"name":"Home","item":"https:\/\/elfsight.com\/fr\/"},{"@type":"ListItem","position":2,"name":"Back to Top","item":"https:\/\/elfsight.com\/fr\/back-to-top-widget\/"},{"@type":"ListItem","position":3,"name":"Back to Top &#8211; BigCommerce"}]},{"@type":"WebSite","@id":"https:\/\/elfsight.com\/fr\/#website","url":"https:\/\/elfsight.com\/fr\/","name":"Elfsight FR","description":"","potentialAction":[{"@type":"SearchAction","target":{"@type":"EntryPoint","urlTemplate":"https:\/\/elfsight.com\/fr\/?s={search_term_string}"},"query-input":{"@type":"PropertyValueSpecification","valueRequired":true,"valueName":"search_term_string"}}],"inLanguage":"fr-FR"}]}},"meta_box":{"industry":"","seo_heading":"","heading":"","description":"","cta_heading":"","cta_description":"","application":"2754","h1":"Application BigCommerce Retour en haut","h1_caption":"Ajoutez un simple bouton de retour en haut, am\u00e9liorant l'exp\u00e9rience utilisateur en permettant une navigation facile vers le haut de la page sur votre site Web BigCommerce sans effort.","application_category":[],"applications_title":"","applications_request_title":"","applications_request_button_text":"","hero_text":"","hero_video":"","hero_video_schema_markup":"","selling_points_title":"","selling_points_caption":"","selling_points":[],"selling_points_cta_text":"","features_title":"","features":"","ed_cta_examples_text":"","ed_cta_examples_hidden":"","ed_cta_demo_text":"","ed_cta_demo_hidden":"","why_caption":"","why_editor_title":"","why_editor_text":"","why_team_title":"","why_team_text":"","why_service_title":"","why_service_text":"","template_catalog_visible":"","template_catalog_title":"","template_catalog_text":"","template_catalog_categories_visible":"","demo_title":"Cr\u00e9ez votre application Retour en haut","demo_caption":"Configurez votre Back to Top et ajoutez-le gratuitement \u00e0 votre site Web BigCommerce\u00a0!","default_faq_hidden":"","app_template_category":[],"platform":"347","template_public_id":"","codecanyon_url":"","codecanyon_item_id":"","codecanyon_price":"","pricing_caption":"","pricing_elfsight_apps_hide_column":"","pricing_elfsight_apps_url":"","pricing_codecanyon_price_caption":"","integration_category":[],"integration_request_title":"","integration_request_cta":"","integration_platform":"","integrations":[],"platform_category":[],"video_schema_markup":"","price":"\u00e0 partir de 0$ \/ mois","trial":"","benefits":[{"text":"Aide \u00e0 l'installation gratuite"},{"text":"Service client comp\u00e9tent"},{"text":"Garantie de remboursement de 14 jours"},{"text":"Am\u00e9liorations continues"}],"button_url":"#demo","button_target_blank":"","button_nofollow":"","attributes":[{"name":"Installations","content":"10,000 - 100,000"},{"name":"Sensible","content":"Oui"},{"name":"Navigateurs compatibles","content":"Firefox, Safari, Opera, Chrome, Edge"}],"tags":[],"tags_disable_links":"","hide_more_platforms":"","video_object":"","demo_hide_cta":"","demo_hide_cloud_options":"","pricing_title":"","pricing":[{"pricing_icon":"platform","pricing_title":"Elfsight Apps","pricing_title_caption":"Version multiplateforme qui fonctionne sur n'importe quel site Web","pricing_price":"from $0 \/ month","pricing_price_caption":"commencez avec un forfait gratuit","pricing_benefits":[{"text":"Domaines illimit\u00e9s"},{"text":"Accompagnement professionnel"},{"text":"Aide \u00e0 l'installation gratuite"},{"text":"Enti\u00e8rement personnalisable"}],"pricing_button_text":"Ajouter au site Web","pricing_button_url":"#demo"}],"related_apps_title":"","related_apps_hidden":"","author":"","image":[],"title":"","job":"","social_networks":[]},"_links":{"self":[{"href":"https:\/\/elfsight.com\/fr\/wp-json\/wp\/v2\/pages\/8058","targetHints":{"allow":["GET"]}}],"collection":[{"href":"https:\/\/elfsight.com\/fr\/wp-json\/wp\/v2\/pages"}],"about":[{"href":"https:\/\/elfsight.com\/fr\/wp-json\/wp\/v2\/types\/page"}],"author":[{"embeddable":true,"href":"https:\/\/elfsight.com\/fr\/wp-json\/wp\/v2\/users\/9"}],"replies":[{"embeddable":true,"href":"https:\/\/elfsight.com\/fr\/wp-json\/wp\/v2\/comments?post=8058"}],"version-history":[{"count":1,"href":"https:\/\/elfsight.com\/fr\/wp-json\/wp\/v2\/pages\/8058\/revisions"}],"predecessor-version":[{"id":8062,"href":"https:\/\/elfsight.com\/fr\/wp-json\/wp\/v2\/pages\/8058\/revisions\/8062"}],"up":[{"embeddable":true,"href":"https:\/\/elfsight.com\/fr\/wp-json\/wp\/v2\/pages\/2755"}],"wp:attachment":[{"href":"https:\/\/elfsight.com\/fr\/wp-json\/wp\/v2\/media?parent=8058"}],"curies":[{"name":"wp","href":"https:\/\/api.w.org\/{rel}","templated":true}]}}