{"id":8053,"date":"2024-05-03T06:29:10","date_gmt":"2024-05-03T06:29:10","guid":{"rendered":"https:\/\/elfsight.com\/fr\/?page_id=8053"},"modified":"2025-07-09T10:01:46","modified_gmt":"2025-07-09T10:01:46","slug":"blogger","status":"publish","type":"page","link":"https:\/\/elfsight.com\/fr\/back-to-top-widget\/blogger\/","title":{"rendered":"Back to Top &#8211; Blogger"},"content":{"rendered":"<div class=\"application-platform-content-item-description application-platform-content-item\" id=\"description\" data-nav-section=\"description\"> <h2>Description<\/h2> <p>Elfsight Back to Top est un outil simple pour Blogger qui permet aux utilisateurs de revenir imm\u00e9diatement et en douceur au sommet. de votre site Web apr\u00e8s avoir fait d\u00e9filer de longues pages. L\u2019audience de votre site n\u2019aura plus besoin de rechercher la touche Accueil et de d\u00e9placer la barre de d\u00e9filement sur toute la page. L&rsquo;outil Retour en haut peut facilement \u00eatre personnalis\u00e9 selon vos besoins : rendez-le carr\u00e9 ou arrondi, modifiez sa couleur, sa taille et placez-le n&rsquo;importe o\u00f9 sur la page pour am\u00e9liorer l&rsquo;UX. Le bouton peut \u00eatre affich\u00e9 sur n&rsquo;importe quel type d&rsquo;appareil, du smartphone \u00e0 l&rsquo;ordinateur de bureau. <\/p> <p><b>Utilisez un autre plugin pratique pour fournir une exp\u00e9rience utilisateur transparente<\/b><\/p> <\/div> <div class=\"application-platform-content-item-features application-platform-content-item\" id=\"features\" data-nav-section=\"features\"> <h2>Ce ne sont que quelques-uns des les multiples fonctionnalit\u00e9s du widget\u00a0: <\/h2> <ul><li>Repeindre le bouton<\/li><li>Impl\u00e9menter le widget sur\u00a0: chaque page, sp\u00e9cifique ou exclue<\/li><li>Sp\u00e9cifier la vitesse de d\u00e9filement<\/li><li>8 positions de boutons \u00e0 choisir<\/li><li>Deux groupes de boutons\u00a0: flottant ou int\u00e9gr\u00e9<\/li><\/ul><p><a href=\"#demo\">Vous pouvez sentir ce le widget vaut la peine \u00e0 l&rsquo;aide de la d\u00e9mo<\/a><\/p> <\/div> <div class=\"application-platform-content-item-installation application-platform-content-item\" id=\"installation\" data-nav-section=\"installation\"> <h2>Comment puis-je int\u00e9grer Back to Top \u00e0 mon site Web Blogger\u00a0? <\/h2> <p>Suivez simplement quelques \u00e9tapes d\u00e9crites ci-dessous pour activer l&rsquo;outil. <\/p> <ol><li><b>\u00c0 l&rsquo;aide de notre d\u00e9mo gratuite, commencez \u00e0 cr\u00e9er votre widget personnalis\u00e9. <\/b><br> D\u00e9terminez l&rsquo;apparence et les aspects s\u00e9lectionn\u00e9s du widget et appliquez les modifications. <\/li> <li><b>Faites appara\u00eetre votre code unique dans la veuve des applications Elfsight. <\/b><br> Juste une fois la personnalisation de votre plugin personnel termin\u00e9e, copiez le code exclusif dans la fen\u00eatre qui appara\u00eet et conservez-le pour une utilisation ult\u00e9rieure. <\/li> <li><b>Commencez l&rsquo;application du plugin sur la page d&rsquo;accueil de Blogger. <\/b><br> Impl\u00e9mentez le code que vous avez copi\u00e9 r\u00e9cemment dans votre site Web et appliquez les modifications. <\/li> <li><b>Vous avez termin\u00e9\u00a0! La configuration est effectu\u00e9e avec succ\u00e8s. <\/b><br> Acc\u00e9dez \u00e0 votre site Web pour v\u00e9rifier le fonctionnement de l&rsquo;outil. <\/li><\/ol> <p>Si vous rencontrez des difficult\u00e9s, n&rsquo;h\u00e9sitez pas \u00e0 \u00e9crire \u00e0 notre \u00e9quipe d&rsquo;assistance. Nos consultants se feront un plaisir de vous aider avec toutes les difficult\u00e9s que vous pourriez rencontrer avec le produit. <\/p> <div class=\"faq\" data-component=\"FAQ\"><div class=\"faq-item\">\r\n\t\t\t\t\t<div class=\"faq-item-question\">\r\n\t\t\t\t\t\t<h3 class=\"faq-item-question-text\">Comment ajouter un haut de page \u00e0 mon site Blogger sans comp\u00e9tences en codage ?<\/h3>\r\n\r\n\t\t\t\t\t\t<div class=\"faq-item-question-icon\"><\/div>\r\n\t\t\t\t\t<\/div>\r\n\r\n\t\t\t\t\t<div class=\"faq-item-answer\">\r\n\t\t\t\t\t\t<div class=\"faq-item-answer-text\"> <p>Elfsight fournit une solution SaaS qui vous permet de cr\u00e9er vous-m\u00eame un widget de haut de page, voyez \u00e0 quel point il est facile le processus est le suivant\u00a0: Travaillez directement dans l&rsquo;\u00e9diteur en ligne pour cr\u00e9er un widget Retour en haut que vous aimeriez voir sur votre site Web Blogger. Choisissez l&rsquo;un des mod\u00e8les pr\u00e9d\u00e9finis et ajustez les param\u00e8tres de retour en haut, ajoutez votre contenu, modifiez la mise en page et les couleurs sans aucune comp\u00e9tence en codage. Enregistrez le retour en haut et copiez son code d&rsquo;installation, que vous pouvez simplement ajouter sur votre site Web Blogger sans avoir besoin d&rsquo;acheter un abonnement payant. Gr\u00e2ce \u00e0 notre \u00e9diteur intuitif, tout internaute peut cr\u00e9er un widget Retour en haut de page en ligne et l&rsquo;int\u00e9grer facilement \u00e0 son site Web Blogger. Il n&rsquo;est pas n\u00e9cessaire de payer ou de saisir les informations d&rsquo;identification de votre carte pour acc\u00e9der au service. Si vous rencontrez des probl\u00e8mes \u00e0 n&rsquo;importe quelle \u00e9tape, n&rsquo;h\u00e9sitez pas \u00e0 contacter notre \u00e9quipe d&rsquo;assistance technique.<\/p> <\/div>\r\n\t\t\t\t\t<\/div>\r\n\t\t\t\t<\/div> <\/div><\/div>","protected":false},"excerpt":{"rendered":"","protected":false},"author":9,"featured_media":0,"parent":2755,"menu_order":0,"comment_status":"closed","ping_status":"closed","template":"templates\/template-application-platform.php","meta":{"publish_to_discourse":"","publish_post_category":"","wpdc_auto_publish_overridden":"","wpdc_topic_tags":"","wpdc_pin_topic":"","wpdc_pin_until":"","discourse_post_id":"","discourse_permalink":"","wpdc_publishing_response":"","wpdc_publishing_error":"","footnotes":""},"class_list":["post-8053","page","type-page","status-publish","hentry"],"yoast_head":"<!-- This site is optimized with the Yoast SEO plugin v25.3.1 - https:\/\/yoast.com\/wordpress\/plugins\/seo\/ -->\n<title>Retour en haut \u2013 Ajoutez le plugin Scroll to Top \u00e0 Blogger (gratuit et rapide)<\/title>\n<meta name=\"description\" content=\"Impl\u00e9mentez un widget Retour en haut accessible sur votre site Web Blogger sans trop d&#039;effort. Appliquez notre d\u00e9mo utile pour construire votre outil unique.\" \/>\n<meta name=\"robots\" content=\"index, follow, max-snippet:-1, max-image-preview:large, max-video-preview:-1\" \/>\n<link rel=\"canonical\" href=\"https:\/\/elfsight.com\/fr\/back-to-top-widget\/blogger\/\" \/>\n<meta property=\"og:locale\" content=\"fr_FR\" \/>\n<meta property=\"og:type\" content=\"article\" \/>\n<meta property=\"og:title\" content=\"Retour en haut \u2013 Ajoutez le plugin Scroll to Top \u00e0 Blogger (gratuit et rapide)\" \/>\n<meta property=\"og:description\" content=\"Impl\u00e9mentez un widget Retour en haut accessible sur votre site Web Blogger sans trop d&#039;effort. Appliquez notre d\u00e9mo utile pour construire votre outil unique.\" \/>\n<meta property=\"og:url\" content=\"https:\/\/elfsight.com\/fr\/back-to-top-widget\/blogger\/\" \/>\n<meta property=\"og:site_name\" content=\"Elfsight FR\" \/>\n<meta property=\"article:modified_time\" content=\"2025-07-09T10:01:46+00:00\" \/>\n<meta name=\"twitter:card\" content=\"summary_large_image\" \/>\n<meta name=\"twitter:label1\" content=\"Dur\u00e9e de lecture estim\u00e9e\" \/>\n\t<meta name=\"twitter:data1\" content=\"3 minutes\" \/>\n<!-- \/ Yoast SEO plugin. -->","yoast_head_json":{"title":"Retour en haut \u2013 Ajoutez le plugin Scroll to Top \u00e0 Blogger (gratuit et rapide)","description":"Impl\u00e9mentez un widget Retour en haut accessible sur votre site Web Blogger sans trop d'effort. Appliquez notre d\u00e9mo utile pour construire votre outil unique.","robots":{"index":"index","follow":"follow","max-snippet":"max-snippet:-1","max-image-preview":"max-image-preview:large","max-video-preview":"max-video-preview:-1"},"canonical":"https:\/\/elfsight.com\/fr\/back-to-top-widget\/blogger\/","og_locale":"fr_FR","og_type":"article","og_title":"Retour en haut \u2013 Ajoutez le plugin Scroll to Top \u00e0 Blogger (gratuit et rapide)","og_description":"Impl\u00e9mentez un widget Retour en haut accessible sur votre site Web Blogger sans trop d'effort. Appliquez notre d\u00e9mo utile pour construire votre outil unique.","og_url":"https:\/\/elfsight.com\/fr\/back-to-top-widget\/blogger\/","og_site_name":"Elfsight FR","article_modified_time":"2025-07-09T10:01:46+00:00","twitter_card":"summary_large_image","twitter_misc":{"Dur\u00e9e de lecture estim\u00e9e":"3 minutes"},"schema":{"@context":"https:\/\/schema.org","@graph":[{"@type":"WebPage","@id":"https:\/\/elfsight.com\/fr\/back-to-top-widget\/blogger\/","url":"https:\/\/elfsight.com\/fr\/back-to-top-widget\/blogger\/","name":"Retour en haut \u2013 Ajoutez le plugin Scroll to Top \u00e0 Blogger (gratuit et rapide)","isPartOf":{"@id":"https:\/\/elfsight.com\/fr\/#website"},"datePublished":"2024-05-03T06:29:10+00:00","dateModified":"2025-07-09T10:01:46+00:00","description":"Impl\u00e9mentez un widget Retour en haut accessible sur votre site Web Blogger sans trop d'effort. Appliquez notre d\u00e9mo utile pour construire votre outil unique.","breadcrumb":{"@id":"https:\/\/elfsight.com\/fr\/back-to-top-widget\/blogger\/#breadcrumb"},"inLanguage":"fr-FR","potentialAction":[{"@type":"ReadAction","target":["https:\/\/elfsight.com\/fr\/back-to-top-widget\/blogger\/"]}]},{"@type":"BreadcrumbList","@id":"https:\/\/elfsight.com\/fr\/back-to-top-widget\/blogger\/#breadcrumb","itemListElement":[{"@type":"ListItem","position":1,"name":"Home","item":"https:\/\/elfsight.com\/fr\/"},{"@type":"ListItem","position":2,"name":"Back to Top","item":"https:\/\/elfsight.com\/fr\/back-to-top-widget\/"},{"@type":"ListItem","position":3,"name":"Back to Top &#8211; Blogger"}]},{"@type":"WebSite","@id":"https:\/\/elfsight.com\/fr\/#website","url":"https:\/\/elfsight.com\/fr\/","name":"Elfsight FR","description":"","potentialAction":[{"@type":"SearchAction","target":{"@type":"EntryPoint","urlTemplate":"https:\/\/elfsight.com\/fr\/?s={search_term_string}"},"query-input":{"@type":"PropertyValueSpecification","valueRequired":true,"valueName":"search_term_string"}}],"inLanguage":"fr-FR"}]}},"meta_box":{"industry":"","seo_heading":"","heading":"","description":"","cta_heading":"","cta_description":"","application":"2754","h1":"Widget Retour en haut de Blogger","h1_caption":"Ajoutez un simple bouton de retour en haut, am\u00e9liorant ainsi l'exp\u00e9rience utilisateur en permettant une navigation facile vers le haut de la page sur votre site Web Blogger sans effort.","application_category":[],"applications_title":"","applications_request_title":"","applications_request_button_text":"","hero_text":"","hero_video":"","hero_video_schema_markup":"","selling_points_title":"","selling_points_caption":"","selling_points":[],"selling_points_cta_text":"","features_title":"","features":"","ed_cta_examples_text":"","ed_cta_examples_hidden":"","ed_cta_demo_text":"","ed_cta_demo_hidden":"","why_caption":"","why_editor_title":"","why_editor_text":"","why_team_title":"","why_team_text":"","why_service_title":"","why_service_text":"","template_catalog_visible":"","template_catalog_title":"","template_catalog_text":"","template_catalog_categories_visible":"","demo_title":"Cr\u00e9ez votre widget Retour en haut","demo_caption":"Configurez votre Back to Top et ajoutez-le gratuitement \u00e0 votre site Web Blogger\u00a0!","default_faq_hidden":"","app_template_category":[],"platform":"348","template_public_id":"","codecanyon_url":"","codecanyon_item_id":"","codecanyon_price":"","pricing_caption":"","pricing_elfsight_apps_hide_column":"","pricing_elfsight_apps_url":"","pricing_codecanyon_price_caption":"","integration_category":[],"integration_request_title":"","integration_request_cta":"","integration_platform":"","integrations":[],"platform_category":[],"video_schema_markup":"","price":"\u00e0 partir de 0$ \/ mois","trial":"","benefits":[{"text":"Aide \u00e0 l'installation gratuite"},{"text":"Service client comp\u00e9tent"},{"text":"Garantie de remboursement de 14 jours"},{"text":"Mise \u00e0 jour constante"}],"button_url":"#demo","button_target_blank":"","button_nofollow":"","attributes":[{"name":"Installations","content":"10,000 - 100,000"},{"name":"Sensible","content":"Oui"},{"name":"Navigateurs compatibles","content":"Firefox, Safari, Opera, Chrome, Edge"}],"tags":[],"tags_disable_links":"","hide_more_platforms":"","video_object":"","demo_hide_cta":"","demo_hide_cloud_options":"","pricing_title":"","pricing":[{"pricing_icon":"platform","pricing_title":"Elfsight Apps","pricing_title_caption":"Logiciel multiplateforme adapt\u00e9 \u00e0 n'importe quel site","pricing_price":"from $0 \/ month","pricing_price_caption":"commencez avec un forfait gratuit","pricing_benefits":[{"text":"Domaines illimit\u00e9s"},{"text":"Assistance premium et ponctuelle"},{"text":"Assistance \u00e0 l'installation gratuite"},{"text":"Enti\u00e8rement personnalisable"}],"pricing_button_text":"Ajouter au site Web","pricing_button_url":"#demo"}],"related_apps_title":"","related_apps_hidden":"","author":"","image":[],"title":"","job":"","social_networks":[]},"_links":{"self":[{"href":"https:\/\/elfsight.com\/fr\/wp-json\/wp\/v2\/pages\/8053","targetHints":{"allow":["GET"]}}],"collection":[{"href":"https:\/\/elfsight.com\/fr\/wp-json\/wp\/v2\/pages"}],"about":[{"href":"https:\/\/elfsight.com\/fr\/wp-json\/wp\/v2\/types\/page"}],"author":[{"embeddable":true,"href":"https:\/\/elfsight.com\/fr\/wp-json\/wp\/v2\/users\/9"}],"replies":[{"embeddable":true,"href":"https:\/\/elfsight.com\/fr\/wp-json\/wp\/v2\/comments?post=8053"}],"version-history":[{"count":1,"href":"https:\/\/elfsight.com\/fr\/wp-json\/wp\/v2\/pages\/8053\/revisions"}],"predecessor-version":[{"id":8057,"href":"https:\/\/elfsight.com\/fr\/wp-json\/wp\/v2\/pages\/8053\/revisions\/8057"}],"up":[{"embeddable":true,"href":"https:\/\/elfsight.com\/fr\/wp-json\/wp\/v2\/pages\/2755"}],"wp:attachment":[{"href":"https:\/\/elfsight.com\/fr\/wp-json\/wp\/v2\/media?parent=8053"}],"curies":[{"name":"wp","href":"https:\/\/api.w.org\/{rel}","templated":true}]}}