{"id":8052,"date":"2024-05-03T06:29:09","date_gmt":"2024-05-03T06:29:09","guid":{"rendered":"https:\/\/elfsight.com\/fr\/?page_id=8052"},"modified":"2025-07-09T10:01:50","modified_gmt":"2025-07-09T10:01:50","slug":"drupal","status":"publish","type":"page","link":"https:\/\/elfsight.com\/fr\/back-to-top-widget\/drupal\/","title":{"rendered":"Back to Top &#8211; Drupal"},"content":{"rendered":"<div class=\"application-platform-content-item-description application-platform-content-item\" id=\"description\" data-nav-section=\"description\"> <h2>Description<\/h2> <p> Back to Top est un outil simple pour Drupal permettant aux visiteurs du site de revenir rapidement et facilement au sommet de votre site Web apr\u00e8s avoir fait d\u00e9filer de longues pages. Les visiteurs de votre site n&rsquo;auront plus besoin de rechercher le bouton Accueil et de d\u00e9placer la barre de d\u00e9filement sur toute la page. L&rsquo;outil Retour en haut peut \u00eatre personnalis\u00e9 de la mani\u00e8re qui vous convient le mieux : rendez-le carr\u00e9 ou rond, modifiez sa couleur, sa taille et placez-le n&rsquo;importe o\u00f9 sur la page pour am\u00e9liorer l&rsquo;UX. Le bouton peut \u00eatre affich\u00e9 sur n&rsquo;importe quel appareil, du smartphone au bureau. <\/p> <p><b>Utilisez un autre module de haut de page accessible pour fournir une UX exceptionnelle<\/b><\/p> <\/div> <div class=\"application-platform-content-item-features application-platform-content-item\" id=\"features\" data-nav-section=\"features\"> <h2>Le widget essentiel les fonctionnalit\u00e9s incluent<\/h2> <ul><li>Repeindre le bouton<\/li><li>Placer le widget sur\u00a0: chaque page, celles particuli\u00e8res ou exclues<\/li><li>D\u00e9finir la vitesse de d\u00e9filement<\/li><li>8 positions de boutons disponibles<\/li><li>2 types de boutons &#8211; Flottants ou int\u00e9gr\u00e9s<\/li><\/ul><p><a href=\"#demo\">Vous pouvez v\u00e9rifier ce que propose le widget \u00e0 l&rsquo;aide de la d\u00e9mo <\/a><\/p> <\/div> <div class=\"application-platform-content-item-installation application-platform-content-item\" id=\"installation\" data-nav-section=\"installation\"> <h2>Comment int\u00e9grer le Retour en Haut sur mon site Drupal ? <\/h2> <p>Appliquez simplement les instructions ci-dessous pour activer le module. <\/p> <ol><li><b>Ouvrez notre \u00e9diteur gratuit et commencez \u00e0 cr\u00e9er votre module personnalis\u00e9. <\/b><br> Choisissez la disposition pr\u00e9f\u00e9r\u00e9e et les caract\u00e9ristiques fonctionnelles du module et enregistrez toutes les corrections. <\/li> <li><b>Obtenez le code individuel qui s&rsquo;affiche dans la fen\u00eatre des applications Elfsight. <\/b><br> Une fois la g\u00e9n\u00e9ration de votre module personnel termin\u00e9e, copiez le code exclusif de la fen\u00eatre apparue et enregistrez-le pour une utilisation ult\u00e9rieure. <\/li> <li><b>Initiez l&rsquo;utilisation du module sur votre page Web Drupal. <\/b><br> Ins\u00e9rez le code copi\u00e9 auparavant dans votre site Web et appliquez les ajustements. <\/li> <li><b>La configuration est effectu\u00e9e avec succ\u00e8s. <\/b><br> Ouvrez votre site Web pour voir comment fonctionne le module. <\/li><\/ol><p>En cas d&rsquo;obstacles, veuillez contacter notre service client. Nos sp\u00e9cialistes ont h\u00e2te de vous aider avec tous les probl\u00e8mes que vous pourriez rencontrer avec le module. <\/p> <div class=\"faq\" data-component=\"FAQ\"><div class=\"faq-item\">\r\n\t\t\t\t\t<div class=\"faq-item-question\">\r\n\t\t\t\t\t\t<h3 class=\"faq-item-question-text\">Comment ajouter un retour en haut \u00e0 mon site Drupal sans comp\u00e9tences en codage ?<\/h3>\r\n\r\n\t\t\t\t\t\t<div class=\"faq-item-question-icon\"><\/div>\r\n\t\t\t\t\t<\/div>\r\n\r\n\t\t\t\t\t<div class=\"faq-item-answer\">\r\n\t\t\t\t\t\t<div class=\"faq-item-answer-text\"> <p>Elfsight fournit une solution SaaS qui vous permet de cr\u00e9er vous-m\u00eame un widget Retour en haut, voyez \u00e0 quel point il est facile le processus est le suivant\u00a0: Travaillez directement dans l&rsquo;\u00e9diteur en ligne pour cr\u00e9er un widget Retour en haut que vous aimeriez voir sur votre site Web Drupal. Choisissez l&rsquo;un des mod\u00e8les pr\u00e9d\u00e9finis et ajustez les param\u00e8tres de retour en haut, ajoutez votre contenu, modifiez la mise en page et les couleurs sans aucune comp\u00e9tence en codage. Enregistrez le retour en haut et copiez son code d&rsquo;installation, que vous pourrez int\u00e9grer dans votre site Web Drupal sans avoir besoin d&rsquo;acheter une version payante. Gr\u00e2ce \u00e0 notre \u00e9diteur intuitif, tout internaute peut cr\u00e9er un widget Retour en haut de page en ligne et l&rsquo;int\u00e9grer facilement \u00e0 son site Web Drupal. Il n&rsquo;est pas n\u00e9cessaire de payer ou de saisir les informations d&rsquo;identification de votre carte pour acc\u00e9der au service. Si vous rencontrez des probl\u00e8mes \u00e0 n&rsquo;importe quelle \u00e9tape, n&rsquo;h\u00e9sitez pas \u00e0 contacter notre \u00e9quipe d&rsquo;assistance technique.<\/p> <\/div>\r\n\t\t\t\t\t<\/div>\r\n\t\t\t\t<\/div> <\/div><\/div>","protected":false},"excerpt":{"rendered":"","protected":false},"author":9,"featured_media":0,"parent":2755,"menu_order":0,"comment_status":"closed","ping_status":"closed","template":"templates\/template-application-platform.php","meta":{"publish_to_discourse":"","publish_post_category":"","wpdc_auto_publish_overridden":"","wpdc_topic_tags":"","wpdc_pin_topic":"","wpdc_pin_until":"","discourse_post_id":"","discourse_permalink":"","wpdc_publishing_response":"","wpdc_publishing_error":"","footnotes":""},"class_list":["post-8052","page","type-page","status-publish","hentry"],"yoast_head":"<!-- This site is optimized with the Yoast SEO plugin v25.3.1 - https:\/\/yoast.com\/wordpress\/plugins\/seo\/ -->\n<title>Retour en haut \u2013 Ajouter le plugin Scroll to Top \u00e0 Drupal (gratuit et rapide)<\/title>\n<meta name=\"description\" content=\"Ajoutez facilement un module Retour en haut de page accessible sur votre page Web Drupal. Profitez de notre d\u00e9mo pratique pour cr\u00e9er votre fonctionnalit\u00e9 unique en 1-2-3.\" \/>\n<meta name=\"robots\" content=\"index, follow, max-snippet:-1, max-image-preview:large, max-video-preview:-1\" \/>\n<link rel=\"canonical\" href=\"https:\/\/elfsight.com\/fr\/back-to-top-widget\/drupal\/\" \/>\n<meta property=\"og:locale\" content=\"fr_FR\" \/>\n<meta property=\"og:type\" content=\"article\" \/>\n<meta property=\"og:title\" content=\"Retour en haut \u2013 Ajouter le plugin Scroll to Top \u00e0 Drupal (gratuit et rapide)\" \/>\n<meta property=\"og:description\" content=\"Ajoutez facilement un module Retour en haut de page accessible sur votre page Web Drupal. Profitez de notre d\u00e9mo pratique pour cr\u00e9er votre fonctionnalit\u00e9 unique en 1-2-3.\" \/>\n<meta property=\"og:url\" content=\"https:\/\/elfsight.com\/fr\/back-to-top-widget\/drupal\/\" \/>\n<meta property=\"og:site_name\" content=\"Elfsight FR\" \/>\n<meta property=\"article:modified_time\" content=\"2025-07-09T10:01:50+00:00\" \/>\n<meta name=\"twitter:card\" content=\"summary_large_image\" \/>\n<meta name=\"twitter:label1\" content=\"Dur\u00e9e de lecture estim\u00e9e\" \/>\n\t<meta name=\"twitter:data1\" content=\"3 minutes\" \/>\n<!-- \/ Yoast SEO plugin. -->","yoast_head_json":{"title":"Retour en haut \u2013 Ajouter le plugin Scroll to Top \u00e0 Drupal (gratuit et rapide)","description":"Ajoutez facilement un module Retour en haut de page accessible sur votre page Web Drupal. Profitez de notre d\u00e9mo pratique pour cr\u00e9er votre fonctionnalit\u00e9 unique en 1-2-3.","robots":{"index":"index","follow":"follow","max-snippet":"max-snippet:-1","max-image-preview":"max-image-preview:large","max-video-preview":"max-video-preview:-1"},"canonical":"https:\/\/elfsight.com\/fr\/back-to-top-widget\/drupal\/","og_locale":"fr_FR","og_type":"article","og_title":"Retour en haut \u2013 Ajouter le plugin Scroll to Top \u00e0 Drupal (gratuit et rapide)","og_description":"Ajoutez facilement un module Retour en haut de page accessible sur votre page Web Drupal. Profitez de notre d\u00e9mo pratique pour cr\u00e9er votre fonctionnalit\u00e9 unique en 1-2-3.","og_url":"https:\/\/elfsight.com\/fr\/back-to-top-widget\/drupal\/","og_site_name":"Elfsight FR","article_modified_time":"2025-07-09T10:01:50+00:00","twitter_card":"summary_large_image","twitter_misc":{"Dur\u00e9e de lecture estim\u00e9e":"3 minutes"},"schema":{"@context":"https:\/\/schema.org","@graph":[{"@type":"WebPage","@id":"https:\/\/elfsight.com\/fr\/back-to-top-widget\/drupal\/","url":"https:\/\/elfsight.com\/fr\/back-to-top-widget\/drupal\/","name":"Retour en haut \u2013 Ajouter le plugin Scroll to Top \u00e0 Drupal (gratuit et rapide)","isPartOf":{"@id":"https:\/\/elfsight.com\/fr\/#website"},"datePublished":"2024-05-03T06:29:09+00:00","dateModified":"2025-07-09T10:01:50+00:00","description":"Ajoutez facilement un module Retour en haut de page accessible sur votre page Web Drupal. Profitez de notre d\u00e9mo pratique pour cr\u00e9er votre fonctionnalit\u00e9 unique en 1-2-3.","breadcrumb":{"@id":"https:\/\/elfsight.com\/fr\/back-to-top-widget\/drupal\/#breadcrumb"},"inLanguage":"fr-FR","potentialAction":[{"@type":"ReadAction","target":["https:\/\/elfsight.com\/fr\/back-to-top-widget\/drupal\/"]}]},{"@type":"BreadcrumbList","@id":"https:\/\/elfsight.com\/fr\/back-to-top-widget\/drupal\/#breadcrumb","itemListElement":[{"@type":"ListItem","position":1,"name":"Home","item":"https:\/\/elfsight.com\/fr\/"},{"@type":"ListItem","position":2,"name":"Back to Top","item":"https:\/\/elfsight.com\/fr\/back-to-top-widget\/"},{"@type":"ListItem","position":3,"name":"Back to Top &#8211; Drupal"}]},{"@type":"WebSite","@id":"https:\/\/elfsight.com\/fr\/#website","url":"https:\/\/elfsight.com\/fr\/","name":"Elfsight FR","description":"","potentialAction":[{"@type":"SearchAction","target":{"@type":"EntryPoint","urlTemplate":"https:\/\/elfsight.com\/fr\/?s={search_term_string}"},"query-input":{"@type":"PropertyValueSpecification","valueRequired":true,"valueName":"search_term_string"}}],"inLanguage":"fr-FR"}]}},"meta_box":{"industry":"","seo_heading":"","heading":"","description":"","cta_heading":"","cta_description":"","application":"2754","h1":"Widget Drupal Retour en haut","h1_caption":"Ajoutez un simple bouton de retour en haut, am\u00e9liorant ainsi l'exp\u00e9rience utilisateur en permettant une navigation facile vers le haut de la page dans votre site Web Drupal sans effort.","application_category":[],"applications_title":"","applications_request_title":"","applications_request_button_text":"","hero_text":"","hero_video":"","hero_video_schema_markup":"","selling_points_title":"","selling_points_caption":"","selling_points":[],"selling_points_cta_text":"","features_title":"","features":"","ed_cta_examples_text":"","ed_cta_examples_hidden":"","ed_cta_demo_text":"","ed_cta_demo_hidden":"","why_caption":"","why_editor_title":"","why_editor_text":"","why_team_title":"","why_team_text":"","why_service_title":"","why_service_text":"","template_catalog_visible":"","template_catalog_title":"","template_catalog_text":"","template_catalog_categories_visible":"","demo_title":"Cr\u00e9ez votre module Retour en haut","demo_caption":"Configurez votre Back to Top et ajoutez-le \u00e0 votre site Drupal gratuitement !","default_faq_hidden":"","app_template_category":[],"platform":"351","template_public_id":"","codecanyon_url":"","codecanyon_item_id":"","codecanyon_price":"","pricing_caption":"","pricing_elfsight_apps_hide_column":"","pricing_elfsight_apps_url":"","pricing_codecanyon_price_caption":"","integration_category":[],"integration_request_title":"","integration_request_cta":"","integration_platform":"","integrations":[],"platform_category":[],"video_schema_markup":"","price":"\u00e0 partir de 0$ \/ mois","trial":"","benefits":[{"text":"Assistance \u00e0 l'installation gratuite"},{"text":"Support client exp\u00e9riment\u00e9"},{"text":"Garantie de remboursement de 14 jours"},{"text":"Am\u00e9liorations gratuites et continues"}],"button_url":"#demo","button_target_blank":"","button_nofollow":"","attributes":[{"name":"Installations","content":"10,000 - 100,000"},{"name":"Sensible","content":"Oui"},{"name":"Navigateurs compatibles","content":"IE11, Firefox, Safari, Opera, Chrome, Edge"}],"tags":[],"tags_disable_links":"","hide_more_platforms":"","video_object":"","demo_hide_cta":"","demo_hide_cloud_options":"","pricing_title":"","pricing":[{"pricing_icon":"platform","pricing_title":"Elfsight Apps","pricing_title_caption":"Solution ind\u00e9pendante de la plateforme","pricing_price":"from $0 \/ month","pricing_price_caption":"commencez avec un forfait gratuit","pricing_benefits":[{"text":"Sites Web illimit\u00e9s"},{"text":"Support rapide et bien document\u00e9"},{"text":"Service d'installation gratuit"},{"text":"Offre sp\u00e9ciale pour plusieurs applications"}],"pricing_button_text":"Ajouter au site Web","pricing_button_url":"#demo"}],"related_apps_title":"","related_apps_hidden":"","author":"","image":[],"title":"","job":"","social_networks":[]},"_links":{"self":[{"href":"https:\/\/elfsight.com\/fr\/wp-json\/wp\/v2\/pages\/8052","targetHints":{"allow":["GET"]}}],"collection":[{"href":"https:\/\/elfsight.com\/fr\/wp-json\/wp\/v2\/pages"}],"about":[{"href":"https:\/\/elfsight.com\/fr\/wp-json\/wp\/v2\/types\/page"}],"author":[{"embeddable":true,"href":"https:\/\/elfsight.com\/fr\/wp-json\/wp\/v2\/users\/9"}],"replies":[{"embeddable":true,"href":"https:\/\/elfsight.com\/fr\/wp-json\/wp\/v2\/comments?post=8052"}],"version-history":[{"count":1,"href":"https:\/\/elfsight.com\/fr\/wp-json\/wp\/v2\/pages\/8052\/revisions"}],"predecessor-version":[{"id":8056,"href":"https:\/\/elfsight.com\/fr\/wp-json\/wp\/v2\/pages\/8052\/revisions\/8056"}],"up":[{"embeddable":true,"href":"https:\/\/elfsight.com\/fr\/wp-json\/wp\/v2\/pages\/2755"}],"wp:attachment":[{"href":"https:\/\/elfsight.com\/fr\/wp-json\/wp\/v2\/media?parent=8052"}],"curies":[{"name":"wp","href":"https:\/\/api.w.org\/{rel}","templated":true}]}}