{"id":8036,"date":"2024-05-03T06:29:01","date_gmt":"2024-05-03T06:29:01","guid":{"rendered":"https:\/\/elfsight.com\/fr\/?page_id=8036"},"modified":"2025-07-09T10:02:21","modified_gmt":"2025-07-09T10:02:21","slug":"html","status":"publish","type":"page","link":"https:\/\/elfsight.com\/fr\/back-to-top-widget\/html\/","title":{"rendered":"Back to Top &#8211; HTML"},"content":{"rendered":"<div class=\"application-platform-content-item-description application-platform-content-item\" id=\"description\" data-nav-section=\"description\"> <h2>Description<\/h2> <p> Back to Top est un simple widget pour HTML qui permet aux utilisateurs de revenir rapidement et facilement en haut de votre site Web apr\u00e8s avoir fait d\u00e9filer de longues pages. Les visiteurs de votre site Web n&rsquo;auront plus besoin de rechercher le bouton Accueil et de faire glisser la barre de d\u00e9filement sur toute la page. Notre plugin Back to Top peut \u00eatre personnalis\u00e9 comme il vous convient : rendez-le carr\u00e9 ou rond, modifiez sa couleur, sa taille et placez-le n&rsquo;importe o\u00f9 sur la page pour am\u00e9liorer l&rsquo;exp\u00e9rience utilisateur. Le bouton peut \u00eatre affich\u00e9 sur n&rsquo;importe quel appareil, du smartphone \u00e0 l&rsquo;ordinateur de bureau. <\/p> <p><b>Utilisez un autre outil pratique du bouton Aller au haut pour conserver une exp\u00e9rience utilisateur transparente<\/b><\/p> <\/div> <div class=\"application-platform-content-item-features application-platform-content-item\" id=\"features\" data-nav-section=\"features\"> <h2>Les fonctionnalit\u00e9s essentielles du widget include<\/h2> <ul><li>Changer la couleur du bouton<\/li><li>Ajouter le plugin sur : chaque page, particuli\u00e8re ou exclue<\/li><li>Indiquer la vitesse de d\u00e9filement<\/li><li>Huit positions de boutons disponibles<\/li><li>Deux types de boutons\u00a0: flottants ou int\u00e9gr\u00e9s<\/li><\/ul><p><a href=\"#demo\">Vous pouvez tester toutes les capacit\u00e9s du widget dans la d\u00e9mo <\/a><\/p> <\/div> <div class=\"application-platform-content-item-installation application-platform-content-item\" id=\"installation\" data-nav-section=\"installation\"> <h2>Comment puis-je int\u00e9grer le d\u00e9filement vers le haut dans ma page Web HTML\u00a0? <\/h2> <p>Suivez simplement les \u00e9tapes d\u00e9crites ci-dessous pour commencer \u00e0 travailler avec l&rsquo;outil. <\/p> <ol><li><b>En utilisant notre d\u00e9mo gratuite, commencez \u00e0 cr\u00e9er votre widget sur mesure. <\/b><br> Trouvez l&rsquo;apparence et les caract\u00e9ristiques souhait\u00e9es du widget et appliquez les corrections. <\/li> <li><b>Recevez votre code unique apparaissant dans la case sur Elfsight Apps. <\/b><br> Une fois la configuration de votre plugin personnel termin\u00e9e, copiez le code exclusif dans la case qui appara\u00eet et conservez-le pour un besoin ult\u00e9rieur. <\/li> <li><b>Commencez l&#8217;emploi du widget sur le site HTML. <\/b><br> Ins\u00e9rez le code copi\u00e9 r\u00e9cemment dans votre page d&rsquo;accueil et enregistrez les corrections. <\/li> <li><b>Vous avez termin\u00e9\u00a0! L&rsquo;int\u00e9gration est r\u00e9alis\u00e9e avec succ\u00e8s. <\/b><br> Acc\u00e9dez \u00e0 votre site Web pour observer les performances du plugin. <\/li><\/ol> <p>En cas de difficult\u00e9s, veuillez postuler pour faire appel \u00e0 notre \u00e9quipe d&rsquo;assistance. Nos consultants seront ravis de r\u00e9soudre toutes les questions que vous pourriez avoir avec le widget. <\/p> <\/div><div class=\"faq\" data-component=\"FAQ\"><div class=\"faq-item\">\r\n\t\t\t\t\t<div class=\"faq-item-question\">\r\n\t\t\t\t\t\t<h3 class=\"faq-item-question-text\">Comment puis-je ajouter un retour en haut au site HTML ?<\/h3>\r\n\r\n\t\t\t\t\t\t<div class=\"faq-item-question-icon\"><\/div>\r\n\t\t\t\t\t<\/div>\r\n\r\n\t\t\t\t\t<div class=\"faq-item-answer\">\r\n\t\t\t\t\t\t<div class=\"faq-item-answer-text\"><p>La cr\u00e9ation du widget a lieu sur les pages Elfsight et vous n&rsquo;avez pas besoin d&rsquo;apprendre le codage. Ouvrez la d\u00e9mo active pour cr\u00e9er votre propre outil, r\u00e9cup\u00e9rez le code et ins\u00e9rez-le sur votre site Web. <\/p><\/div>\r\n\t\t\t\t\t<\/div>\r\n\t\t\t\t<\/div><div class=\"faq-item\">\r\n\t\t\t\t\t<div class=\"faq-item-question\">\r\n\t\t\t\t\t\t<h3 class=\"faq-item-question-text\">Les meilleures fa\u00e7ons d'utiliser l'int\u00e9gration du d\u00e9filement vers le haut<\/h3>\r\n\r\n\t\t\t\t\t\t<div class=\"faq-item-question-icon\"><\/div>\r\n\t\t\t\t\t<\/div>\r\n\r\n\t\t\t\t\t<div class=\"faq-item-answer\">\r\n\t\t\t\t\t\t<div class=\"faq-item-answer-text\"><p>Nous proposons de nombreuses options de r\u00e9glage\u00a0: des widgets complets \u00e0 impl\u00e9menter dans la zone de contenu , des plugins flottants avec des options de d\u00e9filement, des vignettes pour le pied de page de votre site Web, un en-t\u00eate et toutes sortes d&rsquo;options verticales pour les barres lat\u00e9rales et les menus. <\/p><\/div>\r\n\t\t\t\t\t<\/div>\r\n\t\t\t\t<\/div><div class=\"faq-item\">\r\n\t\t\t\t\t<div class=\"faq-item-question\">\r\n\t\t\t\t\t\t<h3 class=\"faq-item-question-text\">Puis-je cr\u00e9er un bouton de retour en haut discret avec l'aide de l'\u00e9diteur ?<\/h3>\r\n\r\n\t\t\t\t\t\t<div class=\"faq-item-question-icon\"><\/div>\r\n\t\t\t\t\t<\/div>\r\n\r\n\t\t\t\t\t<div class=\"faq-item-answer\">\r\n\t\t\t\t\t\t<div class=\"faq-item-answer-text\"><p>Vous \u00eates libre de cr\u00e9er les modifications de n&rsquo;importe quel widget. Il existe un large \u00e9ventail de mises en page disponibles dans l&rsquo;\u00e9diteur, et elles peuvent toutes \u00eatre rapidement personnalis\u00e9es selon vos besoins. <\/p><\/div>\r\n\t\t\t\t\t<\/div>\r\n\t\t\t\t<\/div><\/div><p><\/p><!-- \/wp:paragraph - &gt; \/wp:paragraph -->","protected":false},"excerpt":{"rendered":"","protected":false},"author":9,"featured_media":0,"parent":2755,"menu_order":0,"comment_status":"closed","ping_status":"closed","template":"templates\/template-application-platform.php","meta":{"publish_to_discourse":"","publish_post_category":"","wpdc_auto_publish_overridden":"","wpdc_topic_tags":"","wpdc_pin_topic":"","wpdc_pin_until":"","discourse_post_id":"","discourse_permalink":"","wpdc_publishing_response":"","wpdc_publishing_error":"","footnotes":""},"class_list":["post-8036","page","type-page","status-publish","hentry"],"yoast_head":"<!-- This site is optimized with the Yoast SEO plugin v25.3.1 - https:\/\/yoast.com\/wordpress\/plugins\/seo\/ -->\n<title>Retour en haut \u2013 Ajouter un bouton Faire d\u00e9filer vers le haut au HTML (gratuit et rapide)<\/title>\n<meta name=\"description\" content=\"Int\u00e9grez sans effort un widget Go to Top accessible sur votre site Web HTML. Utilisez notre d\u00e9mo utile pour cr\u00e9er votre plugin unique en 1-2-3.\" \/>\n<meta name=\"robots\" content=\"index, follow, max-snippet:-1, max-image-preview:large, max-video-preview:-1\" \/>\n<link rel=\"canonical\" href=\"https:\/\/elfsight.com\/fr\/back-to-top-widget\/html\/\" \/>\n<meta property=\"og:locale\" content=\"fr_FR\" \/>\n<meta property=\"og:type\" content=\"article\" \/>\n<meta property=\"og:title\" content=\"Retour en haut \u2013 Ajouter un bouton Faire d\u00e9filer vers le haut au HTML (gratuit et rapide)\" \/>\n<meta property=\"og:description\" content=\"Int\u00e9grez sans effort un widget Go to Top accessible sur votre site Web HTML. Utilisez notre d\u00e9mo utile pour cr\u00e9er votre plugin unique en 1-2-3.\" \/>\n<meta property=\"og:url\" content=\"https:\/\/elfsight.com\/fr\/back-to-top-widget\/html\/\" \/>\n<meta property=\"og:site_name\" content=\"Elfsight FR\" \/>\n<meta property=\"article:modified_time\" content=\"2025-07-09T10:02:21+00:00\" \/>\n<meta name=\"twitter:card\" content=\"summary_large_image\" \/>\n<meta name=\"twitter:label1\" content=\"Dur\u00e9e de lecture estim\u00e9e\" \/>\n\t<meta name=\"twitter:data1\" content=\"3 minutes\" \/>\n<!-- \/ Yoast SEO plugin. -->","yoast_head_json":{"title":"Retour en haut \u2013 Ajouter un bouton Faire d\u00e9filer vers le haut au HTML (gratuit et rapide)","description":"Int\u00e9grez sans effort un widget Go to Top accessible sur votre site Web HTML. Utilisez notre d\u00e9mo utile pour cr\u00e9er votre plugin unique en 1-2-3.","robots":{"index":"index","follow":"follow","max-snippet":"max-snippet:-1","max-image-preview":"max-image-preview:large","max-video-preview":"max-video-preview:-1"},"canonical":"https:\/\/elfsight.com\/fr\/back-to-top-widget\/html\/","og_locale":"fr_FR","og_type":"article","og_title":"Retour en haut \u2013 Ajouter un bouton Faire d\u00e9filer vers le haut au HTML (gratuit et rapide)","og_description":"Int\u00e9grez sans effort un widget Go to Top accessible sur votre site Web HTML. Utilisez notre d\u00e9mo utile pour cr\u00e9er votre plugin unique en 1-2-3.","og_url":"https:\/\/elfsight.com\/fr\/back-to-top-widget\/html\/","og_site_name":"Elfsight FR","article_modified_time":"2025-07-09T10:02:21+00:00","twitter_card":"summary_large_image","twitter_misc":{"Dur\u00e9e de lecture estim\u00e9e":"3 minutes"},"schema":{"@context":"https:\/\/schema.org","@graph":[{"@type":"WebPage","@id":"https:\/\/elfsight.com\/fr\/back-to-top-widget\/html\/","url":"https:\/\/elfsight.com\/fr\/back-to-top-widget\/html\/","name":"Retour en haut \u2013 Ajouter un bouton Faire d\u00e9filer vers le haut au HTML (gratuit et rapide)","isPartOf":{"@id":"https:\/\/elfsight.com\/fr\/#website"},"datePublished":"2024-05-03T06:29:01+00:00","dateModified":"2025-07-09T10:02:21+00:00","description":"Int\u00e9grez sans effort un widget Go to Top accessible sur votre site Web HTML. Utilisez notre d\u00e9mo utile pour cr\u00e9er votre plugin unique en 1-2-3.","breadcrumb":{"@id":"https:\/\/elfsight.com\/fr\/back-to-top-widget\/html\/#breadcrumb"},"inLanguage":"fr-FR","potentialAction":[{"@type":"ReadAction","target":["https:\/\/elfsight.com\/fr\/back-to-top-widget\/html\/"]}]},{"@type":"BreadcrumbList","@id":"https:\/\/elfsight.com\/fr\/back-to-top-widget\/html\/#breadcrumb","itemListElement":[{"@type":"ListItem","position":1,"name":"Home","item":"https:\/\/elfsight.com\/fr\/"},{"@type":"ListItem","position":2,"name":"Back to Top","item":"https:\/\/elfsight.com\/fr\/back-to-top-widget\/"},{"@type":"ListItem","position":3,"name":"Back to Top &#8211; HTML"}]},{"@type":"WebSite","@id":"https:\/\/elfsight.com\/fr\/#website","url":"https:\/\/elfsight.com\/fr\/","name":"Elfsight FR","description":"","potentialAction":[{"@type":"SearchAction","target":{"@type":"EntryPoint","urlTemplate":"https:\/\/elfsight.com\/fr\/?s={search_term_string}"},"query-input":{"@type":"PropertyValueSpecification","valueRequired":true,"valueName":"search_term_string"}}],"inLanguage":"fr-FR"}]}},"meta_box":{"industry":"","seo_heading":"","heading":"","description":"","cta_heading":"","cta_description":"","application":"2754","h1":"Widget HTML Retour en haut","h1_caption":"Ajoutez un simple bouton de retour en haut, am\u00e9liorant ainsi l'exp\u00e9rience utilisateur en permettant une navigation facile vers le haut de la page dans votre site Web HTML sans effort.","application_category":[],"applications_title":"","applications_request_title":"","applications_request_button_text":"","hero_text":"","hero_video":"","hero_video_schema_markup":"","selling_points_title":"","selling_points_caption":"","selling_points":[],"selling_points_cta_text":"","features_title":"","features":"","ed_cta_examples_text":"","ed_cta_examples_hidden":"","ed_cta_demo_text":"","ed_cta_demo_hidden":"","why_caption":"","why_editor_title":"","why_editor_text":"","why_team_title":"","why_team_text":"","why_service_title":"","why_service_text":"","template_catalog_visible":"","template_catalog_title":"","template_catalog_text":"","template_catalog_categories_visible":"","demo_title":"Cr\u00e9ez votre widget Retour en haut","demo_caption":"Configurez votre Back to Top et ajoutez-le \u00e0 votre site Web HTML gratuitement\u00a0!","default_faq_hidden":"","app_template_category":[],"platform":"352","template_public_id":"","codecanyon_url":"","codecanyon_item_id":"","codecanyon_price":"","pricing_caption":"","pricing_elfsight_apps_hide_column":"","pricing_elfsight_apps_url":"","pricing_codecanyon_price_caption":"","integration_category":[],"integration_request_title":"","integration_request_cta":"","integration_platform":"","integrations":[],"platform_category":[],"video_schema_markup":"","price":"\u00e0 partir de 0$ \/ mois","trial":"","benefits":[{"text":"Service d'installation gratuit"},{"text":"Assistance premium"},{"text":"Garantie de remboursement de 14 jours"},{"text":"Mises \u00e0 jour gratuites r\u00e9guli\u00e8res"}],"button_url":"#demo","button_target_blank":"","button_nofollow":"","attributes":[{"name":"Installations","content":"10,000 - 100,000"},{"name":"Sensible","content":"Oui"},{"name":"Navigateurs compatibles","content":"Firefox, Safari, Opera, Chrome, Edge"}],"tags":[],"tags_disable_links":"","hide_more_platforms":"","video_object":"","demo_hide_cta":"","demo_hide_cloud_options":"","pricing_title":"","pricing":[{"pricing_icon":"platform","pricing_title":"Elfsight Apps","pricing_title_caption":"Solution multiplateforme","pricing_price":"from $0 \/ month","pricing_price_caption":"commencez avec un forfait gratuit","pricing_benefits":[{"text":"Sites Web illimit\u00e9s"},{"text":"Support client rapide"},{"text":"Aide \u00e0 l'installation gratuite"},{"text":"Offre sp\u00e9ciale pour plusieurs applications"}],"pricing_button_text":"Ajouter au site Web","pricing_button_url":"#demo"}],"related_apps_title":"","related_apps_hidden":"","author":"","image":[],"title":"","job":"","social_networks":[]},"_links":{"self":[{"href":"https:\/\/elfsight.com\/fr\/wp-json\/wp\/v2\/pages\/8036","targetHints":{"allow":["GET"]}}],"collection":[{"href":"https:\/\/elfsight.com\/fr\/wp-json\/wp\/v2\/pages"}],"about":[{"href":"https:\/\/elfsight.com\/fr\/wp-json\/wp\/v2\/types\/page"}],"author":[{"embeddable":true,"href":"https:\/\/elfsight.com\/fr\/wp-json\/wp\/v2\/users\/9"}],"replies":[{"embeddable":true,"href":"https:\/\/elfsight.com\/fr\/wp-json\/wp\/v2\/comments?post=8036"}],"version-history":[{"count":1,"href":"https:\/\/elfsight.com\/fr\/wp-json\/wp\/v2\/pages\/8036\/revisions"}],"predecessor-version":[{"id":8040,"href":"https:\/\/elfsight.com\/fr\/wp-json\/wp\/v2\/pages\/8036\/revisions\/8040"}],"up":[{"embeddable":true,"href":"https:\/\/elfsight.com\/fr\/wp-json\/wp\/v2\/pages\/2755"}],"wp:attachment":[{"href":"https:\/\/elfsight.com\/fr\/wp-json\/wp\/v2\/media?parent=8036"}],"curies":[{"name":"wp","href":"https:\/\/api.w.org\/{rel}","templated":true}]}}