{"id":8027,"date":"2024-05-03T06:28:56","date_gmt":"2024-05-03T06:28:56","guid":{"rendered":"https:\/\/elfsight.com\/fr\/?page_id=8027"},"modified":"2025-07-09T10:04:21","modified_gmt":"2025-07-09T10:04:21","slug":"webflow","status":"publish","type":"page","link":"https:\/\/elfsight.com\/fr\/back-to-top-widget\/webflow\/","title":{"rendered":"Back to Top &#8211; Webflow"},"content":{"rendered":"<div class=\"application-platform-content-item-description application-platform-content-item\" id=\"description\" data-nav-section=\"description\"> <h2>Int\u00e9grer le retour en haut sur Webflow avec le widget Elfsight<\/h2> <p>Elfsight Back to Top est un outil simple pour Webflow qui permet les utilisateurs reviennent rapidement et facilement en haut de votre page Web apr\u00e8s avoir parcouru de longues pages. Les utilisateurs de votre site Web n&rsquo;auront plus besoin de rechercher la touche Accueil et de d\u00e9placer la barre de d\u00e9filement dans la page. Le widget Retour en haut peut \u00eatre personnalis\u00e9 selon vos besoins\u00a0: rendez-le carr\u00e9 ou arrondi, modifiez sa couleur, sa taille et placez-le n&rsquo;importe o\u00f9 sur la page pour am\u00e9liorer l&rsquo;UX. Le bouton peut \u00eatre affich\u00e9 sur n&rsquo;importe quel appareil, du mobile au bureau. <\/p> <p><b>Utilisez un autre outil de d\u00e9filement accessible vers le haut pour offrir une exp\u00e9rience utilisateur incroyable<\/b><\/p> <\/div> <div class=\"application-platform-content-item-features application-platform-content-item\" id=\"features\" data-nav-section=\"features\"> <h2>Les principes fondamentaux Les fonctionnalit\u00e9s du widget incluent<\/h2> <ul><li>Recolorer le bouton<\/li><li>Ajouter le bouton sur\u00a0: chaque page, sp\u00e9cifique ou exclue<\/li><li>D\u00e9finir l&rsquo;agilit\u00e9 de d\u00e9filement<\/li> <li>8 positions de boutons au choix<\/li><li>2 types de boutons\u00a0: flottants ou int\u00e9gr\u00e9s<\/li><\/ul><p><a href=\"#demo\">Essayez simplement cette d\u00e9mo pour obtenez une id\u00e9e compl\u00e8te<\/a><\/p> <\/div> <div class=\"application-platform-content-item-installation application-platform-content-item\" id=\"installation\" data-nav-section=\"installation\"> <h2>Comment ajouter un retour en haut sur mon site Webflow\u00a0? <\/h2> <p>Suivez simplement les \u00e9tapes d\u00e9crites ci-dessous pour commencer \u00e0 utiliser le widget. <\/p> <ol><li><b>Utilisez notre d\u00e9mo gratuite et commencez \u00e0 cr\u00e9er votre widget personnalis\u00e9. <\/b><br> Recherchez la forme et les fonctionnalit\u00e9s s\u00e9lectionn\u00e9es du widget et appliquez les modifications. <\/li> <li><b>R\u00e9cup\u00e9rez le code personnel apparaissant dans le formulaire sp\u00e9cial sur Elfsight Apps. <\/b><br> D\u00e8s que la g\u00e9n\u00e9ration de votre widget est termin\u00e9e, copiez le code personnel dans la popup apparue et enregistrez-le pour une occasion ult\u00e9rieure. <\/li> <li><b>Entrez sur l&rsquo;utilisation du plugin sur votre page d&rsquo;accueil Webflow. <\/b><br> Ins\u00e9rez le code enregistr\u00e9 auparavant dans votre page et appliquez les am\u00e9liorations. <\/li> <li><b>L&rsquo;installation est termin\u00e9e avec succ\u00e8s. <\/b><br> Visitez votre site Web pour examiner les performances de l&rsquo;outil. <\/li><\/ol> <p>\u00c0 condition de vous poser des questions ou de faire face \u00e0 des difficult\u00e9s, n&rsquo;h\u00e9sitez pas \u00e0 contacter notre service client. Nos consultants seront ravis de r\u00e9soudre tous les probl\u00e8mes que vous pourriez rencontrer avec le plugin. <\/p> <div class=\"faq\" data-component=\"FAQ\"><div class=\"faq-item\">\r\n\t\t\t\t\t<div class=\"faq-item-question\">\r\n\t\t\t\t\t\t<h3 class=\"faq-item-question-text\">Comment puis-je ajouter un retour en haut \u00e0 mon site Web Webflow sans comp\u00e9tences en codage ?<\/h3>\r\n\r\n\t\t\t\t\t\t<div class=\"faq-item-question-icon\"><\/div>\r\n\t\t\t\t\t<\/div>\r\n\r\n\t\t\t\t\t<div class=\"faq-item-answer\">\r\n\t\t\t\t\t\t<div class=\"faq-item-answer-text\"> <p>Elfsight fournit une solution SaaS qui vous permet de cr\u00e9er vous-m\u00eame un widget Retour en haut, voyez comment Le processus est simple\u00a0: travaillez directement dans l&rsquo;\u00e9diteur en ligne pour cr\u00e9er un widget Retour en haut que vous aimeriez voir sur votre site Web Webflow. Choisissez l&rsquo;un des mod\u00e8les pr\u00e9d\u00e9finis et ajustez les param\u00e8tres de retour en haut, ajoutez votre contenu, modifiez la mise en page et les couleurs sans aucune comp\u00e9tence en codage. Enregistrez le retour en haut et copiez son code d&rsquo;installation, que vous pouvez ajouter \u00e0 votre site Web Webflow sans avoir besoin d&rsquo;acheter un abonnement payant. Gr\u00e2ce \u00e0 notre \u00e9diteur intuitif, tout internaute peut cr\u00e9er un widget Retour en haut de page en ligne et l&rsquo;int\u00e9grer facilement \u00e0 son site Web Webflow. Il n&rsquo;est pas n\u00e9cessaire de payer ou de saisir les informations d&rsquo;identification de votre carte pour acc\u00e9der au service. Si vous rencontrez des probl\u00e8mes \u00e0 n&rsquo;importe quelle \u00e9tape, n&rsquo;h\u00e9sitez pas \u00e0 contacter notre \u00e9quipe d&rsquo;assistance technique.<\/p> <\/div>\r\n\t\t\t\t\t<\/div>\r\n\t\t\t\t<\/div> <\/div><\/div>","protected":false},"excerpt":{"rendered":"","protected":false},"author":9,"featured_media":0,"parent":2755,"menu_order":0,"comment_status":"closed","ping_status":"closed","template":"templates\/template-application-platform.php","meta":{"publish_to_discourse":"","publish_post_category":"","wpdc_auto_publish_overridden":"","wpdc_topic_tags":"","wpdc_pin_topic":"","wpdc_pin_until":"","discourse_post_id":"","discourse_permalink":"","wpdc_publishing_response":"","wpdc_publishing_error":"","footnotes":""},"class_list":["post-8027","page","type-page","status-publish","hentry"],"yoast_head":"<!-- This site is optimized with the Yoast SEO plugin v25.3.1 - https:\/\/yoast.com\/wordpress\/plugins\/seo\/ -->\n<title>Retour en haut \u2013 Ajouter un bouton D\u00e9filement vers le haut \u00e0 Webflow (gratuit et rapide)<\/title>\n<meta name=\"description\" content=\"Ajoutez rapidement un widget Retour en haut r\u00e9actif sur votre site Web Webflow. Utilisez notre d\u00e9mo pratique pour fa\u00e7onner votre outil unique en quelques clics.\" \/>\n<meta name=\"robots\" content=\"index, follow, max-snippet:-1, max-image-preview:large, max-video-preview:-1\" \/>\n<link rel=\"canonical\" href=\"https:\/\/elfsight.com\/fr\/back-to-top-widget\/webflow\/\" \/>\n<meta property=\"og:locale\" content=\"fr_FR\" \/>\n<meta property=\"og:type\" content=\"article\" \/>\n<meta property=\"og:title\" content=\"Retour en haut \u2013 Ajouter un bouton D\u00e9filement vers le haut \u00e0 Webflow (gratuit et rapide)\" \/>\n<meta property=\"og:description\" content=\"Ajoutez rapidement un widget Retour en haut r\u00e9actif sur votre site Web Webflow. Utilisez notre d\u00e9mo pratique pour fa\u00e7onner votre outil unique en quelques clics.\" \/>\n<meta property=\"og:url\" content=\"https:\/\/elfsight.com\/fr\/back-to-top-widget\/webflow\/\" \/>\n<meta property=\"og:site_name\" content=\"Elfsight FR\" \/>\n<meta property=\"article:modified_time\" content=\"2025-07-09T10:04:21+00:00\" \/>\n<meta name=\"twitter:card\" content=\"summary_large_image\" \/>\n<meta name=\"twitter:label1\" content=\"Dur\u00e9e de lecture estim\u00e9e\" \/>\n\t<meta name=\"twitter:data1\" content=\"3 minutes\" \/>\n<!-- \/ Yoast SEO plugin. -->","yoast_head_json":{"title":"Retour en haut \u2013 Ajouter un bouton D\u00e9filement vers le haut \u00e0 Webflow (gratuit et rapide)","description":"Ajoutez rapidement un widget Retour en haut r\u00e9actif sur votre site Web Webflow. Utilisez notre d\u00e9mo pratique pour fa\u00e7onner votre outil unique en quelques clics.","robots":{"index":"index","follow":"follow","max-snippet":"max-snippet:-1","max-image-preview":"max-image-preview:large","max-video-preview":"max-video-preview:-1"},"canonical":"https:\/\/elfsight.com\/fr\/back-to-top-widget\/webflow\/","og_locale":"fr_FR","og_type":"article","og_title":"Retour en haut \u2013 Ajouter un bouton D\u00e9filement vers le haut \u00e0 Webflow (gratuit et rapide)","og_description":"Ajoutez rapidement un widget Retour en haut r\u00e9actif sur votre site Web Webflow. Utilisez notre d\u00e9mo pratique pour fa\u00e7onner votre outil unique en quelques clics.","og_url":"https:\/\/elfsight.com\/fr\/back-to-top-widget\/webflow\/","og_site_name":"Elfsight FR","article_modified_time":"2025-07-09T10:04:21+00:00","twitter_card":"summary_large_image","twitter_misc":{"Dur\u00e9e de lecture estim\u00e9e":"3 minutes"},"schema":{"@context":"https:\/\/schema.org","@graph":[{"@type":"WebPage","@id":"https:\/\/elfsight.com\/fr\/back-to-top-widget\/webflow\/","url":"https:\/\/elfsight.com\/fr\/back-to-top-widget\/webflow\/","name":"Retour en haut \u2013 Ajouter un bouton D\u00e9filement vers le haut \u00e0 Webflow (gratuit et rapide)","isPartOf":{"@id":"https:\/\/elfsight.com\/fr\/#website"},"datePublished":"2024-05-03T06:28:56+00:00","dateModified":"2025-07-09T10:04:21+00:00","description":"Ajoutez rapidement un widget Retour en haut r\u00e9actif sur votre site Web Webflow. Utilisez notre d\u00e9mo pratique pour fa\u00e7onner votre outil unique en quelques clics.","breadcrumb":{"@id":"https:\/\/elfsight.com\/fr\/back-to-top-widget\/webflow\/#breadcrumb"},"inLanguage":"fr-FR","potentialAction":[{"@type":"ReadAction","target":["https:\/\/elfsight.com\/fr\/back-to-top-widget\/webflow\/"]}]},{"@type":"BreadcrumbList","@id":"https:\/\/elfsight.com\/fr\/back-to-top-widget\/webflow\/#breadcrumb","itemListElement":[{"@type":"ListItem","position":1,"name":"Home","item":"https:\/\/elfsight.com\/fr\/"},{"@type":"ListItem","position":2,"name":"Back to Top","item":"https:\/\/elfsight.com\/fr\/back-to-top-widget\/"},{"@type":"ListItem","position":3,"name":"Back to Top &#8211; Webflow"}]},{"@type":"WebSite","@id":"https:\/\/elfsight.com\/fr\/#website","url":"https:\/\/elfsight.com\/fr\/","name":"Elfsight FR","description":"","potentialAction":[{"@type":"SearchAction","target":{"@type":"EntryPoint","urlTemplate":"https:\/\/elfsight.com\/fr\/?s={search_term_string}"},"query-input":{"@type":"PropertyValueSpecification","valueRequired":true,"valueName":"search_term_string"}}],"inLanguage":"fr-FR"}]}},"meta_box":{"industry":"","seo_heading":"","heading":"","description":"","cta_heading":"","cta_description":"","application":"2754","h1":"Widget Webflow Retour en haut","h1_caption":"Ajoutez un simple bouton de retour en haut, am\u00e9liorant l'exp\u00e9rience utilisateur en permettant une navigation facile vers le haut de la page dans votre site Web Webflow sans effort.","application_category":[],"applications_title":"","applications_request_title":"","applications_request_button_text":"","hero_text":"","hero_video":"","hero_video_schema_markup":"","selling_points_title":"","selling_points_caption":"","selling_points":[],"selling_points_cta_text":"","features_title":"","features":"","ed_cta_examples_text":"","ed_cta_examples_hidden":"","ed_cta_demo_text":"","ed_cta_demo_hidden":"","why_caption":"","why_editor_title":"","why_editor_text":"","why_team_title":"","why_team_text":"","why_service_title":"","why_service_text":"","template_catalog_visible":"","template_catalog_title":"","template_catalog_text":"","template_catalog_categories_visible":"","demo_title":"Cr\u00e9ez votre widget Retour en haut","demo_caption":"Configurez votre Back to Top et ajoutez-le \u00e0 votre site Web Webflow gratuitement\u00a0!","default_faq_hidden":"","app_template_category":[],"platform":"362","template_public_id":"","codecanyon_url":"","codecanyon_item_id":"","codecanyon_price":"","pricing_caption":"","pricing_elfsight_apps_hide_column":"","pricing_elfsight_apps_url":"","pricing_codecanyon_price_caption":"","integration_category":[],"integration_request_title":"","integration_request_cta":"","integration_platform":"","integrations":[],"platform_category":[],"video_schema_markup":"","price":"\u00e0 partir de 0$ \/ mois","trial":"","benefits":[{"text":"Aide \u00e0 l'installation gratuite"},{"text":"Support client professionnel"},{"text":"Garantie de remboursement de 14 jours"},{"text":"Mise \u00e0 jour constante"}],"button_url":"#demo","button_target_blank":"","button_nofollow":"","attributes":[{"name":"Installations","content":"10,000 - 100,000"},{"name":"Sensible","content":"Oui"},{"name":"Navigateurs compatibles","content":"Opera, Chrome, Edge, Safari, Firefox"}],"tags":[],"tags_disable_links":"","hide_more_platforms":"","video_object":"","demo_hide_cta":"","demo_hide_cloud_options":"","pricing_title":"","pricing":[{"pricing_icon":"platform","pricing_title":"Elfsight Apps","pricing_title_caption":"Logiciel multiplateforme","pricing_price":"from $0 \/ month","pricing_price_caption":"commencez avec un forfait gratuit","pricing_benefits":[{"text":"Nombre illimit\u00e9 de domaines"},{"text":"Support client d\u00e9di\u00e9"},{"text":"Service d'installation gratuit"},{"text":"Offre sp\u00e9ciale pour plusieurs applications"}],"pricing_button_text":"Ajouter au site Web","pricing_button_url":"#demo"}],"related_apps_title":"","related_apps_hidden":"","author":"","image":[],"title":"","job":"","social_networks":[]},"_links":{"self":[{"href":"https:\/\/elfsight.com\/fr\/wp-json\/wp\/v2\/pages\/8027","targetHints":{"allow":["GET"]}}],"collection":[{"href":"https:\/\/elfsight.com\/fr\/wp-json\/wp\/v2\/pages"}],"about":[{"href":"https:\/\/elfsight.com\/fr\/wp-json\/wp\/v2\/types\/page"}],"author":[{"embeddable":true,"href":"https:\/\/elfsight.com\/fr\/wp-json\/wp\/v2\/users\/9"}],"replies":[{"embeddable":true,"href":"https:\/\/elfsight.com\/fr\/wp-json\/wp\/v2\/comments?post=8027"}],"version-history":[{"count":1,"href":"https:\/\/elfsight.com\/fr\/wp-json\/wp\/v2\/pages\/8027\/revisions"}],"predecessor-version":[{"id":8031,"href":"https:\/\/elfsight.com\/fr\/wp-json\/wp\/v2\/pages\/8027\/revisions\/8031"}],"up":[{"embeddable":true,"href":"https:\/\/elfsight.com\/fr\/wp-json\/wp\/v2\/pages\/2755"}],"wp:attachment":[{"href":"https:\/\/elfsight.com\/fr\/wp-json\/wp\/v2\/media?parent=8027"}],"curies":[{"name":"wp","href":"https:\/\/api.w.org\/{rel}","templated":true}]}}