{"id":8026,"date":"2024-05-03T06:28:55","date_gmt":"2024-05-03T06:28:55","guid":{"rendered":"https:\/\/elfsight.com\/fr\/?page_id=8026"},"modified":"2025-07-09T10:04:29","modified_gmt":"2025-07-09T10:04:29","slug":"webnode","status":"publish","type":"page","link":"https:\/\/elfsight.com\/fr\/back-to-top-widget\/webnode\/","title":{"rendered":"Back to Top &#8211; Webnode"},"content":{"rendered":"<div class=\"application-platform-content-item-description application-platform-content-item\" id=\"description\" data-nav-section=\"description\"> <h2>Description<\/h2> <p>Elfsight Back to Top est un outil simple pour Webnode permettant aux utilisateurs de revenir rapidement et de mani\u00e8re transparente en haut de votre site Web apr\u00e8s avoir fait d\u00e9filer de longues pages. Les visiteurs de votre site Web n&rsquo;auront plus besoin de rechercher la touche Accueil et de d\u00e9placer la barre de d\u00e9filement sur la page. Notre widget Retour en haut peut \u00eatre personnalis\u00e9 selon vos besoins : rendez-le carr\u00e9 ou rond, modifiez sa couleur, sa taille et placez-le n&rsquo;importe o\u00f9 sur la page pour am\u00e9liorer l&rsquo;exp\u00e9rience utilisateur. Le bouton peut \u00eatre affich\u00e9 sur n\u2019importe quel type d\u2019appareil \u2013 du mobile au bureau. <\/p> <p><b>Utilisez un widget de retour en haut de page plus accessible pour offrir une exp\u00e9rience utilisateur transparente<\/b><\/p> <\/div> <div class=\"application-platform-content-item-features application-platform-content-item\" id=\"features\" data-nav-section=\"features\"> <h2>Nous proposons des fonctionnalit\u00e9s simples, voyez-en quelques-unes\u00a0: <\/h2> <ul><li>Changer la couleur du bouton<\/li><li>Placez le plugin sur\u00a0: chaque page, particuli\u00e8re ou exclue<\/li><li> Indiquez la vitesse de d\u00e9filement<\/li><li>8 positions de boutons \u00e0 choisir<\/li><li>2 groupes de boutons &#8211; Flottant ou int\u00e9gr\u00e9<\/li><\/ul><p><a href=\"#demo \">Essayez simplement cette d\u00e9mo pour avoir une id\u00e9e compl\u00e8te<\/a><\/p> <\/div> <div class=\"application-platform-content-item-installation application-platform-content-item\" id=\"installation\" data-nav-section=\"installation\"> <h2>Comment ajouter un retour en haut sur mon site Webnode\u00a0? <\/h2> <p>Suivez simplement les \u00e9tapes suivantes d\u00e9crites ci-dessous pour int\u00e9grer le widget. <\/p> <ol><li><b>\u00c0 l&rsquo;aide de notre configurateur gratuit, commencez \u00e0 fa\u00e7onner votre instrument sur mesure. <\/b><br> Choisissez la disposition et les options personnalis\u00e9es du widget et appliquez les modifications. <\/li> <li><b>Obtenez le code individuel r\u00e9v\u00e9l\u00e9 dans la veuve sur Elfsight Apps. <\/b><br> Une fois la g\u00e9n\u00e9ration de votre plugin termin\u00e9e, copiez le code personnel dans la fen\u00eatre qui appara\u00eet et enregistrez-le pour une occasion ult\u00e9rieure. <\/li> <li><b>Commencez \u00e0 utiliser le plugin sur la page Web Webnode. <\/b><br> Ins\u00e9rez le code que vous avez enregistr\u00e9 auparavant dans votre page Web et appliquez les am\u00e9liorations. <\/li> <li><b>Fait\u00a0! L&rsquo;int\u00e9gration est effectu\u00e9e avec succ\u00e8s. <\/b><br> Visitez votre site Web pour voir comment fonctionne le plugin. <\/li><\/ol> <p>Si vous rencontrez des complications, veuillez contacter notre \u00e9quipe d&rsquo;assistance. Nos consultants ont h\u00e2te de r\u00e9soudre tous les probl\u00e8mes que vous pourriez rencontrer avec l&rsquo;outil. <\/p> <div class=\"faq\" data-component=\"FAQ\"><div class=\"faq-item\">\r\n\t\t\t\t\t<div class=\"faq-item-question\">\r\n\t\t\t\t\t\t<h3 class=\"faq-item-question-text\">Comment puis-je ajouter un retour en haut \u00e0 mon site Webnode sans comp\u00e9tences en codage ?<\/h3>\r\n\r\n\t\t\t\t\t\t<div class=\"faq-item-question-icon\"><\/div>\r\n\t\t\t\t\t<\/div>\r\n\r\n\t\t\t\t\t<div class=\"faq-item-answer\">\r\n\t\t\t\t\t\t<div class=\"faq-item-answer-text\"> <p>Elfsight fournit une solution SaaS qui vous permet de cr\u00e9er vous-m\u00eame un widget Retour en haut, d\u00e9couvrez comment Le processus est simple : travaillez directement dans l&rsquo;\u00e9diteur en ligne pour cr\u00e9er un widget Retour en haut que vous aimeriez voir sur votre site Webnode. Choisissez l&rsquo;un des mod\u00e8les pr\u00e9d\u00e9finis et ajustez les param\u00e8tres de retour en haut, ajoutez votre contenu, modifiez la mise en page et les couleurs sans aucune comp\u00e9tence en codage. Enregistrez le Retour en haut et copiez son code d&rsquo;installation, que vous pouvez simplement int\u00e9grer dans votre site Webnode sans avoir besoin d&rsquo;acheter une version payante. Avec notre \u00e9diteur intuitif, tout internaute peut cr\u00e9er un widget Retour en haut en ligne et l&rsquo;int\u00e9grer facilement \u00e0 son site Webnode. Il n&rsquo;est pas n\u00e9cessaire de payer ou de saisir les informations d&rsquo;identification de votre carte pour acc\u00e9der au service. Si vous rencontrez des probl\u00e8mes \u00e0 n&rsquo;importe quelle \u00e9tape, n&rsquo;h\u00e9sitez pas \u00e0 contacter notre \u00e9quipe d&rsquo;assistance technique.<\/p> <\/div>\r\n\t\t\t\t\t<\/div>\r\n\t\t\t\t<\/div> <\/div><\/div>","protected":false},"excerpt":{"rendered":"","protected":false},"author":9,"featured_media":0,"parent":2755,"menu_order":0,"comment_status":"closed","ping_status":"closed","template":"templates\/template-application-platform.php","meta":{"publish_to_discourse":"","publish_post_category":"","wpdc_auto_publish_overridden":"","wpdc_topic_tags":"","wpdc_pin_topic":"","wpdc_pin_until":"","discourse_post_id":"","discourse_permalink":"","wpdc_publishing_response":"","wpdc_publishing_error":"","footnotes":""},"class_list":["post-8026","page","type-page","status-publish","hentry"],"yoast_head":"<!-- This site is optimized with the Yoast SEO plugin v25.3.1 - https:\/\/yoast.com\/wordpress\/plugins\/seo\/ -->\n<title>Retour en haut \u2014 Ajoutez le plugin Scroll to Top \u00e0 Webnode (gratuit et rapide)<\/title>\n<meta name=\"description\" content=\"Impl\u00e9mentez un widget Retour en haut accessible sur votre page Web Webnode sans trop d&#039;effort. Profitez de notre d\u00e9mo active pour cr\u00e9er votre outil unique en 1-2-3.\" \/>\n<meta name=\"robots\" content=\"index, follow, max-snippet:-1, max-image-preview:large, max-video-preview:-1\" \/>\n<link rel=\"canonical\" href=\"https:\/\/elfsight.com\/fr\/back-to-top-widget\/webnode\/\" \/>\n<meta property=\"og:locale\" content=\"fr_FR\" \/>\n<meta property=\"og:type\" content=\"article\" \/>\n<meta property=\"og:title\" content=\"Retour en haut \u2014 Ajoutez le plugin Scroll to Top \u00e0 Webnode (gratuit et rapide)\" \/>\n<meta property=\"og:description\" content=\"Impl\u00e9mentez un widget Retour en haut accessible sur votre page Web Webnode sans trop d&#039;effort. Profitez de notre d\u00e9mo active pour cr\u00e9er votre outil unique en 1-2-3.\" \/>\n<meta property=\"og:url\" content=\"https:\/\/elfsight.com\/fr\/back-to-top-widget\/webnode\/\" \/>\n<meta property=\"og:site_name\" content=\"Elfsight FR\" \/>\n<meta property=\"article:modified_time\" content=\"2025-07-09T10:04:29+00:00\" \/>\n<meta name=\"twitter:card\" content=\"summary_large_image\" \/>\n<meta name=\"twitter:label1\" content=\"Dur\u00e9e de lecture estim\u00e9e\" \/>\n\t<meta name=\"twitter:data1\" content=\"3 minutes\" \/>\n<!-- \/ Yoast SEO plugin. -->","yoast_head_json":{"title":"Retour en haut \u2014 Ajoutez le plugin Scroll to Top \u00e0 Webnode (gratuit et rapide)","description":"Impl\u00e9mentez un widget Retour en haut accessible sur votre page Web Webnode sans trop d'effort. Profitez de notre d\u00e9mo active pour cr\u00e9er votre outil unique en 1-2-3.","robots":{"index":"index","follow":"follow","max-snippet":"max-snippet:-1","max-image-preview":"max-image-preview:large","max-video-preview":"max-video-preview:-1"},"canonical":"https:\/\/elfsight.com\/fr\/back-to-top-widget\/webnode\/","og_locale":"fr_FR","og_type":"article","og_title":"Retour en haut \u2014 Ajoutez le plugin Scroll to Top \u00e0 Webnode (gratuit et rapide)","og_description":"Impl\u00e9mentez un widget Retour en haut accessible sur votre page Web Webnode sans trop d'effort. Profitez de notre d\u00e9mo active pour cr\u00e9er votre outil unique en 1-2-3.","og_url":"https:\/\/elfsight.com\/fr\/back-to-top-widget\/webnode\/","og_site_name":"Elfsight FR","article_modified_time":"2025-07-09T10:04:29+00:00","twitter_card":"summary_large_image","twitter_misc":{"Dur\u00e9e de lecture estim\u00e9e":"3 minutes"},"schema":{"@context":"https:\/\/schema.org","@graph":[{"@type":"WebPage","@id":"https:\/\/elfsight.com\/fr\/back-to-top-widget\/webnode\/","url":"https:\/\/elfsight.com\/fr\/back-to-top-widget\/webnode\/","name":"Retour en haut \u2014 Ajoutez le plugin Scroll to Top \u00e0 Webnode (gratuit et rapide)","isPartOf":{"@id":"https:\/\/elfsight.com\/fr\/#website"},"datePublished":"2024-05-03T06:28:55+00:00","dateModified":"2025-07-09T10:04:29+00:00","description":"Impl\u00e9mentez un widget Retour en haut accessible sur votre page Web Webnode sans trop d'effort. Profitez de notre d\u00e9mo active pour cr\u00e9er votre outil unique en 1-2-3.","breadcrumb":{"@id":"https:\/\/elfsight.com\/fr\/back-to-top-widget\/webnode\/#breadcrumb"},"inLanguage":"fr-FR","potentialAction":[{"@type":"ReadAction","target":["https:\/\/elfsight.com\/fr\/back-to-top-widget\/webnode\/"]}]},{"@type":"BreadcrumbList","@id":"https:\/\/elfsight.com\/fr\/back-to-top-widget\/webnode\/#breadcrumb","itemListElement":[{"@type":"ListItem","position":1,"name":"Home","item":"https:\/\/elfsight.com\/fr\/"},{"@type":"ListItem","position":2,"name":"Back to Top","item":"https:\/\/elfsight.com\/fr\/back-to-top-widget\/"},{"@type":"ListItem","position":3,"name":"Back to Top &#8211; Webnode"}]},{"@type":"WebSite","@id":"https:\/\/elfsight.com\/fr\/#website","url":"https:\/\/elfsight.com\/fr\/","name":"Elfsight FR","description":"","potentialAction":[{"@type":"SearchAction","target":{"@type":"EntryPoint","urlTemplate":"https:\/\/elfsight.com\/fr\/?s={search_term_string}"},"query-input":{"@type":"PropertyValueSpecification","valueRequired":true,"valueName":"search_term_string"}}],"inLanguage":"fr-FR"}]}},"meta_box":{"industry":"","seo_heading":"","heading":"","description":"","cta_heading":"","cta_description":"","application":"2754","h1":"Widget Webnode Retour en haut","h1_caption":"Ajoutez un simple bouton de retour en haut, am\u00e9liorant l'exp\u00e9rience utilisateur en permettant une navigation facile vers le haut de la page dans votre site Web Webnode sans effort.","application_category":[],"applications_title":"","applications_request_title":"","applications_request_button_text":"","hero_text":"","hero_video":"","hero_video_schema_markup":"","selling_points_title":"","selling_points_caption":"","selling_points":[],"selling_points_cta_text":"","features_title":"","features":"","ed_cta_examples_text":"","ed_cta_examples_hidden":"","ed_cta_demo_text":"","ed_cta_demo_hidden":"","why_caption":"","why_editor_title":"","why_editor_text":"","why_team_title":"","why_team_text":"","why_service_title":"","why_service_text":"","template_catalog_visible":"","template_catalog_title":"","template_catalog_text":"","template_catalog_categories_visible":"","demo_title":"Cr\u00e9ez votre widget Retour en haut","demo_caption":"Configurez votre Back to Top et ajoutez-le \u00e0 votre site Webnode gratuitement !","default_faq_hidden":"","app_template_category":[],"platform":"364","template_public_id":"","codecanyon_url":"","codecanyon_item_id":"","codecanyon_price":"","pricing_caption":"","pricing_elfsight_apps_hide_column":"","pricing_elfsight_apps_url":"","pricing_codecanyon_price_caption":"","integration_category":[],"integration_request_title":"","integration_request_cta":"","integration_platform":"","integrations":[],"platform_category":[],"video_schema_markup":"","price":"\u00e0 partir de 0$ \/ mois","trial":"","benefits":[{"text":"Assistance \u00e0 l'installation gratuite"},{"text":"Soutien exceptionnel"},{"text":"Garantie de remboursement de 14 jours"},{"text":"Am\u00e9liorations futures"}],"button_url":"#demo","button_target_blank":"","button_nofollow":"","attributes":[{"name":"Installations","content":"10,000 - 100,000"},{"name":"Sensible","content":"Oui"},{"name":"Navigateurs compatibles","content":"Firefox, Safari, Opera, Chrome, Edge"}],"tags":[],"tags_disable_links":"","hide_more_platforms":"","video_object":"","demo_hide_cta":"","demo_hide_cloud_options":"","pricing_title":"","pricing":[{"pricing_icon":"platform","pricing_title":"Elfsight Apps","pricing_title_caption":"Version multiplateforme adapt\u00e9e \u00e0 n'importe quel site","pricing_price":"from $0 \/ month","pricing_price_caption":"commencez avec un forfait gratuit","pricing_benefits":[{"text":"Domaines illimit\u00e9s"},{"text":"Support client 24h\/24 et 7j\/7 et bien document\u00e9"},{"text":"Service d'installation gratuit"},{"text":"Offre \u00e0 dur\u00e9e limit\u00e9e pour plusieurs applications"}],"pricing_button_text":"Ajouter au site Web","pricing_button_url":"#demo"}],"related_apps_title":"","related_apps_hidden":"","author":"","image":[],"title":"","job":"","social_networks":[]},"_links":{"self":[{"href":"https:\/\/elfsight.com\/fr\/wp-json\/wp\/v2\/pages\/8026","targetHints":{"allow":["GET"]}}],"collection":[{"href":"https:\/\/elfsight.com\/fr\/wp-json\/wp\/v2\/pages"}],"about":[{"href":"https:\/\/elfsight.com\/fr\/wp-json\/wp\/v2\/types\/page"}],"author":[{"embeddable":true,"href":"https:\/\/elfsight.com\/fr\/wp-json\/wp\/v2\/users\/9"}],"replies":[{"embeddable":true,"href":"https:\/\/elfsight.com\/fr\/wp-json\/wp\/v2\/comments?post=8026"}],"version-history":[{"count":1,"href":"https:\/\/elfsight.com\/fr\/wp-json\/wp\/v2\/pages\/8026\/revisions"}],"predecessor-version":[{"id":8030,"href":"https:\/\/elfsight.com\/fr\/wp-json\/wp\/v2\/pages\/8026\/revisions\/8030"}],"up":[{"embeddable":true,"href":"https:\/\/elfsight.com\/fr\/wp-json\/wp\/v2\/pages\/2755"}],"wp:attachment":[{"href":"https:\/\/elfsight.com\/fr\/wp-json\/wp\/v2\/media?parent=8026"}],"curies":[{"name":"wp","href":"https:\/\/api.w.org\/{rel}","templated":true}]}}