{"id":8018,"date":"2024-05-03T06:28:51","date_gmt":"2024-05-03T06:28:51","guid":{"rendered":"https:\/\/elfsight.com\/fr\/?page_id=8018"},"modified":"2025-07-09T10:04:56","modified_gmt":"2025-07-09T10:04:56","slug":"woocommerce","status":"publish","type":"page","link":"https:\/\/elfsight.com\/fr\/back-to-top-widget\/woocommerce\/","title":{"rendered":"Back to Top &#8211; WooCommerce"},"content":{"rendered":"<div class=\"application-platform-content-item-description application-platform-content-item\" id=\"description\" data-nav-section=\"description\"> <h2>Description<\/h2> <p> Back to Top est un plugin simple pour WooCommerce qui permet aux visiteurs du site de revenir rapidement et facilement au sommet. de votre site Web apr\u00e8s avoir fait d\u00e9filer de longues pages. Les utilisateurs de votre page Web n&rsquo;auront plus besoin de rechercher le bouton Accueil et de faire glisser la barre de d\u00e9filement dans la page. L&rsquo;outil Retour en haut de la page peut \u00eatre personnalis\u00e9 selon vos besoins\u00a0: rendez-le carr\u00e9 ou rond, modifiez sa couleur, sa taille et placez-le n&rsquo;importe o\u00f9 sur votre site Web pour am\u00e9liorer l&rsquo;exp\u00e9rience utilisateur. Le bouton peut \u00eatre affich\u00e9 sur n&rsquo;importe quel type d&rsquo;appareil, du mobile au bureau. <\/p> <p><b>Utilisez un widget de retour en haut plus pratique pour maintenir une exp\u00e9rience utilisateur merveilleuse<\/b><\/p> <\/div> <div class=\"application-platform-content-item-features application-platform-content-item\" id=\"features\" data-nav-section=\"features\"> <h2>Ce sont seulement quelques-unes des nombreuses fonctionnalit\u00e9s du plugin\u00a0: <\/h2> <ul><li>Changer la couleur du bouton<\/li><li>Int\u00e9grer le widget sur\u00a0: toutes les pages, particuli\u00e8res ou exclues<\/li><li>D\u00e9finissez la vitesse de d\u00e9filement<\/li><li>Huit positions de boutons \u00e0 choisir<\/li><li>2 groupes de boutons &#8211; Flottant ou int\u00e9gr\u00e9<\/li><\/ul><p><a href=\"# demo\">Vous pouvez d\u00e9couvrir toutes les capacit\u00e9s du plugin dans la d\u00e9mo sur cette page<\/a><\/p> <\/div> <div class=\"application-platform-content-item-installation application-platform-content-item\" id=\"installation\" data-nav-section=\"installation\"> <h2>Comment int\u00e9grer le retour en haut dans mon Un site WooCommerce ? <\/h2> <p>Remplissez simplement les instructions ci-dessous pour activer le widget. <\/p> <ol><li><b>En appliquant notre d\u00e9mo gratuite, commencez \u00e0 cr\u00e9er votre plugin personnalis\u00e9. <\/b><br> Choisissez le formulaire personnalis\u00e9 et les aspects du plugin et appliquez les modifications. <\/li> <li><b>Recevez votre code personnel affich\u00e9 dans la fen\u00eatre sur Elfsight Apps. <\/b><br> Juste apr\u00e8s la configuration de votre plugin personnel, copiez le code personnel dans la case qui appara\u00eet et conservez-le pour vos besoins futurs. <\/li> <li><b>Commencez \u00e0 utiliser l&rsquo;outil sur le site WooCommerce. <\/b><br> Collez le code enregistr\u00e9 pr\u00e9c\u00e9demment dans votre page et enregistrez les corrections. <\/li> <li><b>L&rsquo;installation est enti\u00e8rement termin\u00e9e. <\/b><br> Acc\u00e9dez \u00e0 votre page Web pour v\u00e9rifier les performances du plugin. <\/li><\/ol> <p>\u00c0 condition de r\u00e9pondre \u00e0 des questions ou de surmonter des obstacles, n&rsquo;h\u00e9sitez pas \u00e0 contacter notre \u00e9quipe d&rsquo;assistance. Nos collaborateurs sont impatients de r\u00e9soudre toutes les questions que vous pourriez vous poser avec le widget. <\/p> <\/div><div class=\"faq\" data-component=\"FAQ\"><div class=\"faq-item\">\r\n\t\t\t\t\t<div class=\"faq-item-question\">\r\n\t\t\t\t\t\t<h3 class=\"faq-item-question-text\">De quelle mani\u00e8re ajouter un retour en haut au site WooCommerce ?<\/h3>\r\n\r\n\t\t\t\t\t\t<div class=\"faq-item-question-icon\"><\/div>\r\n\t\t\t\t\t<\/div>\r\n\r\n\t\t\t\t\t<div class=\"faq-item-answer\">\r\n\t\t\t\t\t\t<div class=\"faq-item-answer-text\"><p>La construction du widget se d\u00e9roule sur les pages Elfsight et vous n&rsquo;avez pas besoin d&rsquo;apprendre le codage. Utilisez la d\u00e9mo en ligne pour cr\u00e9er votre application personnelle, obtenez le code et int\u00e9grez-le dans votre site Web. <\/p><\/div>\r\n\t\t\t\t\t<\/div>\r\n\t\t\t\t<\/div><div class=\"faq-item\">\r\n\t\t\t\t\t<div class=\"faq-item-question\">\r\n\t\t\t\t\t\t<h3 class=\"faq-item-question-text\">Les meilleurs exemples d'utilisation de l'int\u00e9gration Scroll to top<\/h3>\r\n\r\n\t\t\t\t\t\t<div class=\"faq-item-question-icon\"><\/div>\r\n\t\t\t\t\t<\/div>\r\n\r\n\t\t\t\t\t<div class=\"faq-item-answer\">\r\n\t\t\t\t\t\t<div class=\"faq-item-answer-text\"><p>Nous vous offrons une pl\u00e9thore d&rsquo;opportunit\u00e9s de personnalisation\u00a0: des widgets complets \u00e0 impl\u00e9menter dans la zone de contenu , des widgets flottants avec fonction de d\u00e9filement, des vignettes pour le pied de page de votre site Web, un en-t\u00eate et toutes sortes d&rsquo;options verticales pour les barres lat\u00e9rales et les menus du site Web. <\/p><\/div>\r\n\t\t\t\t\t<\/div>\r\n\t\t\t\t<\/div><div class=\"faq-item\">\r\n\t\t\t\t\t<div class=\"faq-item-question\">\r\n\t\t\t\t\t\t<h3 class=\"faq-item-question-text\">Comment puis-je cr\u00e9er un bouton de d\u00e9filement vers le haut ou un lien vers le haut via l'agence de votre \u00e9diteur ?<\/h3>\r\n\r\n\t\t\t\t\t\t<div class=\"faq-item-question-icon\"><\/div>\r\n\t\t\t\t\t<\/div>\r\n\r\n\t\t\t\t\t<div class=\"faq-item-answer\">\r\n\t\t\t\t\t\t<div class=\"faq-item-answer-text\"><p>Vous \u00eates invit\u00e9s \u00e0 cr\u00e9er n&rsquo;importe quel widget modifications. De nombreuses mises en page sont disponibles dans l&rsquo;\u00e9diteur, et toutes peuvent \u00eatre facilement personnalis\u00e9es selon vos besoins. <\/p><\/div>\r\n\t\t\t\t\t<\/div>\r\n\t\t\t\t<\/div><\/div>","protected":false},"excerpt":{"rendered":"","protected":false},"author":9,"featured_media":0,"parent":2755,"menu_order":0,"comment_status":"closed","ping_status":"closed","template":"templates\/template-application-platform.php","meta":{"publish_to_discourse":"","publish_post_category":"","wpdc_auto_publish_overridden":"","wpdc_topic_tags":"","wpdc_pin_topic":"","wpdc_pin_until":"","discourse_post_id":"","discourse_permalink":"","wpdc_publishing_response":"","wpdc_publishing_error":"","footnotes":""},"class_list":["post-8018","page","type-page","status-publish","hentry"],"yoast_head":"<!-- This site is optimized with the Yoast SEO plugin v25.3.1 - https:\/\/yoast.com\/wordpress\/plugins\/seo\/ -->\n<title>Retour en haut \u2013 Ajouter un bouton D\u00e9filement vers le haut \u00e0 WooCommerce (gratuit et rapide)<\/title>\n<meta name=\"description\" content=\"Ajoutez un widget Retour en haut r\u00e9actif sur votre site Web WooCommerce sans trop d&#039;effort. Utilisez notre d\u00e9mo utile pour cr\u00e9er votre outil unique.\" \/>\n<meta name=\"robots\" content=\"index, follow, max-snippet:-1, max-image-preview:large, max-video-preview:-1\" \/>\n<link rel=\"canonical\" href=\"https:\/\/elfsight.com\/fr\/back-to-top-widget\/woocommerce\/\" \/>\n<meta property=\"og:locale\" content=\"fr_FR\" \/>\n<meta property=\"og:type\" content=\"article\" \/>\n<meta property=\"og:title\" content=\"Retour en haut \u2013 Ajouter un bouton D\u00e9filement vers le haut \u00e0 WooCommerce (gratuit et rapide)\" \/>\n<meta property=\"og:description\" content=\"Ajoutez un widget Retour en haut r\u00e9actif sur votre site Web WooCommerce sans trop d&#039;effort. Utilisez notre d\u00e9mo utile pour cr\u00e9er votre outil unique.\" \/>\n<meta property=\"og:url\" content=\"https:\/\/elfsight.com\/fr\/back-to-top-widget\/woocommerce\/\" \/>\n<meta property=\"og:site_name\" content=\"Elfsight FR\" \/>\n<meta property=\"article:modified_time\" content=\"2025-07-09T10:04:56+00:00\" \/>\n<meta name=\"twitter:card\" content=\"summary_large_image\" \/>\n<meta name=\"twitter:label1\" content=\"Dur\u00e9e de lecture estim\u00e9e\" \/>\n\t<meta name=\"twitter:data1\" content=\"3 minutes\" \/>\n<!-- \/ Yoast SEO plugin. -->","yoast_head_json":{"title":"Retour en haut \u2013 Ajouter un bouton D\u00e9filement vers le haut \u00e0 WooCommerce (gratuit et rapide)","description":"Ajoutez un widget Retour en haut r\u00e9actif sur votre site Web WooCommerce sans trop d'effort. Utilisez notre d\u00e9mo utile pour cr\u00e9er votre outil unique.","robots":{"index":"index","follow":"follow","max-snippet":"max-snippet:-1","max-image-preview":"max-image-preview:large","max-video-preview":"max-video-preview:-1"},"canonical":"https:\/\/elfsight.com\/fr\/back-to-top-widget\/woocommerce\/","og_locale":"fr_FR","og_type":"article","og_title":"Retour en haut \u2013 Ajouter un bouton D\u00e9filement vers le haut \u00e0 WooCommerce (gratuit et rapide)","og_description":"Ajoutez un widget Retour en haut r\u00e9actif sur votre site Web WooCommerce sans trop d'effort. Utilisez notre d\u00e9mo utile pour cr\u00e9er votre outil unique.","og_url":"https:\/\/elfsight.com\/fr\/back-to-top-widget\/woocommerce\/","og_site_name":"Elfsight FR","article_modified_time":"2025-07-09T10:04:56+00:00","twitter_card":"summary_large_image","twitter_misc":{"Dur\u00e9e de lecture estim\u00e9e":"3 minutes"},"schema":{"@context":"https:\/\/schema.org","@graph":[{"@type":"WebPage","@id":"https:\/\/elfsight.com\/fr\/back-to-top-widget\/woocommerce\/","url":"https:\/\/elfsight.com\/fr\/back-to-top-widget\/woocommerce\/","name":"Retour en haut \u2013 Ajouter un bouton D\u00e9filement vers le haut \u00e0 WooCommerce (gratuit et rapide)","isPartOf":{"@id":"https:\/\/elfsight.com\/fr\/#website"},"datePublished":"2024-05-03T06:28:51+00:00","dateModified":"2025-07-09T10:04:56+00:00","description":"Ajoutez un widget Retour en haut r\u00e9actif sur votre site Web WooCommerce sans trop d'effort. Utilisez notre d\u00e9mo utile pour cr\u00e9er votre outil unique.","breadcrumb":{"@id":"https:\/\/elfsight.com\/fr\/back-to-top-widget\/woocommerce\/#breadcrumb"},"inLanguage":"fr-FR","potentialAction":[{"@type":"ReadAction","target":["https:\/\/elfsight.com\/fr\/back-to-top-widget\/woocommerce\/"]}]},{"@type":"BreadcrumbList","@id":"https:\/\/elfsight.com\/fr\/back-to-top-widget\/woocommerce\/#breadcrumb","itemListElement":[{"@type":"ListItem","position":1,"name":"Home","item":"https:\/\/elfsight.com\/fr\/"},{"@type":"ListItem","position":2,"name":"Back to Top","item":"https:\/\/elfsight.com\/fr\/back-to-top-widget\/"},{"@type":"ListItem","position":3,"name":"Back to Top &#8211; WooCommerce"}]},{"@type":"WebSite","@id":"https:\/\/elfsight.com\/fr\/#website","url":"https:\/\/elfsight.com\/fr\/","name":"Elfsight FR","description":"","potentialAction":[{"@type":"SearchAction","target":{"@type":"EntryPoint","urlTemplate":"https:\/\/elfsight.com\/fr\/?s={search_term_string}"},"query-input":{"@type":"PropertyValueSpecification","valueRequired":true,"valueName":"search_term_string"}}],"inLanguage":"fr-FR"}]}},"meta_box":{"industry":"","seo_heading":"","heading":"","description":"","cta_heading":"","cta_description":"","application":"2754","h1":"Plugin WooCommerce Retour en haut","h1_caption":"Ajoutez un simple bouton de retour en haut, am\u00e9liorant l\u2019exp\u00e9rience utilisateur en permettant une navigation facile vers le haut de la page dans votre site Web WooCommerce sans effort.","application_category":[],"applications_title":"","applications_request_title":"","applications_request_button_text":"","hero_text":"","hero_video":"","hero_video_schema_markup":"","selling_points_title":"","selling_points_caption":"","selling_points":[],"selling_points_cta_text":"","features_title":"","features":"","ed_cta_examples_text":"","ed_cta_examples_hidden":"","ed_cta_demo_text":"","ed_cta_demo_hidden":"","why_caption":"","why_editor_title":"","why_editor_text":"","why_team_title":"","why_team_text":"","why_service_title":"","why_service_text":"","template_catalog_visible":"","template_catalog_title":"","template_catalog_text":"","template_catalog_categories_visible":"","demo_title":"Cr\u00e9ez votre application Retour en haut","demo_caption":"Configurez votre Back to Top et ajoutez-le \u00e0 votre site Web WooCommerce gratuitement !","default_faq_hidden":"","app_template_category":[],"platform":"397","template_public_id":"","codecanyon_url":"","codecanyon_item_id":"","codecanyon_price":"","pricing_caption":"","pricing_elfsight_apps_hide_column":"","pricing_elfsight_apps_url":"","pricing_codecanyon_price_caption":"","integration_category":[],"integration_request_title":"","integration_request_cta":"","integration_platform":"","integrations":[],"platform_category":[],"video_schema_markup":"","price":"\u00e0 partir de 0$ \/ mois","trial":"","benefits":[{"text":"Service d'installation gratuit"},{"text":"Soutien exceptionnel"},{"text":"Garantie de remboursement de 14 jours"},{"text":"Mise \u00e0 jour constante"}],"button_url":"#demo","button_target_blank":"","button_nofollow":"","attributes":[{"name":"Installations","content":"10,000 - 100,000"},{"name":"Sensible","content":"Oui"},{"name":"Navigateurs compatibles","content":"Firefox, Safari, Opera, Chrome, Edge"}],"tags":[],"tags_disable_links":"","hide_more_platforms":"","video_object":"","demo_hide_cta":"","demo_hide_cloud_options":"","pricing_title":"","pricing":[{"pricing_icon":"platform","pricing_title":"Elfsight Apps","pricing_title_caption":"Version multiplateforme qui fonctionne sur n'importe quel site Web","pricing_price":"from $0 \/ month","pricing_price_caption":"commencez avec un forfait gratuit","pricing_benefits":[{"text":"Sites Web illimit\u00e9s"},{"text":"Assistance client haut de gamme"},{"text":"Assistance \u00e0 l'installation gratuite"},{"text":"100% personnalisable"}],"pricing_button_text":"Ajouter au site Web","pricing_button_url":"#demo"}],"related_apps_title":"","related_apps_hidden":"","author":"","image":[],"title":"","job":"","social_networks":[]},"_links":{"self":[{"href":"https:\/\/elfsight.com\/fr\/wp-json\/wp\/v2\/pages\/8018","targetHints":{"allow":["GET"]}}],"collection":[{"href":"https:\/\/elfsight.com\/fr\/wp-json\/wp\/v2\/pages"}],"about":[{"href":"https:\/\/elfsight.com\/fr\/wp-json\/wp\/v2\/types\/page"}],"author":[{"embeddable":true,"href":"https:\/\/elfsight.com\/fr\/wp-json\/wp\/v2\/users\/9"}],"replies":[{"embeddable":true,"href":"https:\/\/elfsight.com\/fr\/wp-json\/wp\/v2\/comments?post=8018"}],"version-history":[{"count":1,"href":"https:\/\/elfsight.com\/fr\/wp-json\/wp\/v2\/pages\/8018\/revisions"}],"predecessor-version":[{"id":8022,"href":"https:\/\/elfsight.com\/fr\/wp-json\/wp\/v2\/pages\/8018\/revisions\/8022"}],"up":[{"embeddable":true,"href":"https:\/\/elfsight.com\/fr\/wp-json\/wp\/v2\/pages\/2755"}],"wp:attachment":[{"href":"https:\/\/elfsight.com\/fr\/wp-json\/wp\/v2\/media?parent=8018"}],"curies":[{"name":"wp","href":"https:\/\/api.w.org\/{rel}","templated":true}]}}