{"id":8010,"date":"2024-05-03T06:28:47","date_gmt":"2024-05-03T06:28:47","guid":{"rendered":"https:\/\/elfsight.com\/fr\/?page_id=8010"},"modified":"2025-07-09T10:02:34","modified_gmt":"2025-07-09T10:02:34","slug":"jimdo","status":"publish","type":"page","link":"https:\/\/elfsight.com\/fr\/back-to-top-widget\/jimdo\/","title":{"rendered":"Back to Top &#8211; Jimdo"},"content":{"rendered":"<div class=\"application-platform-content-item-description application-platform-content-item\" id=\"description\" data-nav-section=\"description\"> <h2>Description<\/h2> <p> Back to Top est un plugin simple permettant aux utilisateurs de revenir rapidement et facilement en haut de votre site Web. page apr\u00e8s avoir fait d\u00e9filer de longues pages. Les visiteurs de votre site Web n&rsquo;auront plus besoin de rechercher la touche Accueil et de d\u00e9placer la barre de d\u00e9filement sur toute la page. Notre widget Retour en haut peut facilement \u00eatre personnalis\u00e9 comme il vous convient : rendez-le carr\u00e9 ou arrondi, modifiez sa couleur, sa taille et placez-le n&rsquo;importe o\u00f9 sur la page pour am\u00e9liorer l&rsquo;exp\u00e9rience utilisateur. Le bouton peut \u00eatre affich\u00e9 sur n&rsquo;importe quel appareil, du smartphone \u00e0 l&rsquo;ordinateur de bureau. <\/p><p><b>Rendez votre site Web plus efficace pour les t\u00e2ches de commerce \u00e9lectronique \u00e0 l&rsquo;aide de Retour en haut.<\/b><\/p> <\/div> <div class=\"application-platform-content-item-features application-platform-content-item\" id=\"features\" data-nav-section=\"features\"> <h2>Explorez la liste des fonctionnalit\u00e9s les plus int\u00e9ressantes\u00a0: <\/h2> <ul><li>Ajoutez le bouton sur\u00a0: toutes les pages, sp\u00e9cifiques ou exclues<\/li><li>D\u00e9finissez la vitesse de d\u00e9filement<\/li><li> 8 positions de boutons disponibles<\/li><li>2 types de boutons\u00a0&#8211; Flottant ou int\u00e9gr\u00e9<\/li><li>D\u00e9finir le d\u00e9calage en pixels<\/li><li>Trois tailles disponibles\u00a0: moyenne, petite ou grande<\/li><li>Recolorez le texte et le bouton<\/li><li>Choisissez l&rsquo;une des trois formes de bouton<\/li><li>2 dispositions\u00a0: horizontale et verticale<\/li><\/ul><p><a href=\" #demo\">Vous pouvez d\u00e9couvrir toutes les fonctionnalit\u00e9s du widget dans la d\u00e9mo ci-dessous<\/a><\/p> <\/div> <div class=\"application-platform-content-item-installation application-platform-content-item\" id=\"installation\" data-nav-section=\"installation\"> <h2>Comment ajouter Retour en haut \u00e0 mon Un site Jimdo ? <\/h2> <p>Suivez simplement les instructions ci-dessous pour ins\u00e9rer l&rsquo;outil. <\/p> <ol><li><b>Utilisez notre d\u00e9mo gratuite et commencez \u00e0 cr\u00e9er votre propre widget. <\/b><br> D\u00e9terminez l&rsquo;apparence et les caract\u00e9ristiques pr\u00e9f\u00e9r\u00e9es de l&rsquo;outil et enregistrez les modifications. <\/li> <li><b>Recevez le code individuel qui appara\u00eet dans la fen\u00eatre des applications Elfsight. <\/b><br> Juste apr\u00e8s la configuration de votre outil, copiez le code exclusif dans la case qui appara\u00eet et enregistrez-le pour une utilisation future. <\/li> <li><b>Commencez \u00e0 utiliser le widget sur la page d&rsquo;accueil de Jimdo. <\/b><br> Impl\u00e9mentez le code copi\u00e9 r\u00e9cemment dans votre page Web et enregistrez les ajustements. <\/li> <li><b>L&rsquo;installation est enti\u00e8rement termin\u00e9e. <\/b><br> Rendez-vous sur votre site pour d\u00e9couvrir le fonctionnement de l&rsquo;outil. <\/li><\/ol> <p>Si vous \u00eates confront\u00e9 \u00e0 des questions ou rencontrez des difficult\u00e9s, n&rsquo;h\u00e9sitez pas \u00e0 contacter notre \u00e9quipe d&rsquo;assistance. Nos collaborateurs seront ravis de vous aider avec toutes les difficult\u00e9s que vous pourriez rencontrer avec l&rsquo;outil. <\/p> <div class=\"faq\" data-component=\"FAQ\"><div class=\"faq-item\">\r\n\t\t\t\t\t<div class=\"faq-item-question\">\r\n\t\t\t\t\t\t<h3 class=\"faq-item-question-text\">Comment puis-je ajouter un retour en haut \u00e0 mon site Jimdo sans comp\u00e9tences en codage ?<\/h3>\r\n\r\n\t\t\t\t\t\t<div class=\"faq-item-question-icon\"><\/div>\r\n\t\t\t\t\t<\/div>\r\n\r\n\t\t\t\t\t<div class=\"faq-item-answer\">\r\n\t\t\t\t\t\t<div class=\"faq-item-answer-text\"> <p>Elfsight fournit une solution SaaS qui vous permet de cr\u00e9er vous-m\u00eame un widget Retour en haut, d\u00e9couvrez comment Le processus est simple : travaillez directement dans l&rsquo;\u00e9diteur en ligne pour cr\u00e9er un widget Retour en haut que vous aimeriez voir sur votre site Jimdo. Choisissez l&rsquo;un des mod\u00e8les pr\u00e9d\u00e9finis et ajustez les param\u00e8tres de retour en haut, ajoutez votre contenu, modifiez la mise en page et les couleurs sans aucune comp\u00e9tence en codage. Enregistrez le Retour en haut et copiez son code d&rsquo;installation, que vous pouvez facilement inclure dans votre site Web Jimdo sans acheter de forfait payant. Gr\u00e2ce \u00e0 notre \u00e9diteur intuitif, tout internaute peut cr\u00e9er un widget Retour en haut de page en ligne et l&rsquo;int\u00e9grer facilement \u00e0 son site Jimdo. Il n&rsquo;est pas n\u00e9cessaire de payer ou de saisir les informations d&rsquo;identification de votre carte pour acc\u00e9der au service. Si vous rencontrez des probl\u00e8mes \u00e0 n&rsquo;importe quelle \u00e9tape, n&rsquo;h\u00e9sitez pas \u00e0 contacter notre \u00e9quipe d&rsquo;assistance technique.<\/p> <\/div>\r\n\t\t\t\t\t<\/div>\r\n\t\t\t\t<\/div> <\/div><\/div>","protected":false},"excerpt":{"rendered":"","protected":false},"author":9,"featured_media":0,"parent":2755,"menu_order":0,"comment_status":"closed","ping_status":"closed","template":"templates\/template-application-platform.php","meta":{"publish_to_discourse":"","publish_post_category":"","wpdc_auto_publish_overridden":"","wpdc_topic_tags":"","wpdc_pin_topic":"","wpdc_pin_until":"","discourse_post_id":"","discourse_permalink":"","wpdc_publishing_response":"","wpdc_publishing_error":"","footnotes":""},"class_list":["post-8010","page","type-page","status-publish","hentry"],"yoast_head":"<!-- This site is optimized with the Yoast SEO plugin v25.3.1 - https:\/\/yoast.com\/wordpress\/plugins\/seo\/ -->\n<title>Retour en haut \u2014 Ajouter un bouton D\u00e9filer vers le haut \u00e0 Jimdo (gratuit et rapide)<\/title>\n<meta name=\"description\" content=\"Impl\u00e9mentez facilement un widget Back to Top r\u00e9actif sur votre site Jimdo. Utilisez notre d\u00e9mo active pour fa\u00e7onner votre outil unique en quelques clics.\" \/>\n<meta name=\"robots\" content=\"index, follow, max-snippet:-1, max-image-preview:large, max-video-preview:-1\" \/>\n<link rel=\"canonical\" href=\"https:\/\/elfsight.com\/fr\/back-to-top-widget\/jimdo\/\" \/>\n<meta property=\"og:locale\" content=\"fr_FR\" \/>\n<meta property=\"og:type\" content=\"article\" \/>\n<meta property=\"og:title\" content=\"Retour en haut \u2014 Ajouter un bouton D\u00e9filer vers le haut \u00e0 Jimdo (gratuit et rapide)\" \/>\n<meta property=\"og:description\" content=\"Impl\u00e9mentez facilement un widget Back to Top r\u00e9actif sur votre site Jimdo. Utilisez notre d\u00e9mo active pour fa\u00e7onner votre outil unique en quelques clics.\" \/>\n<meta property=\"og:url\" content=\"https:\/\/elfsight.com\/fr\/back-to-top-widget\/jimdo\/\" \/>\n<meta property=\"og:site_name\" content=\"Elfsight FR\" \/>\n<meta property=\"article:modified_time\" content=\"2025-07-09T10:02:34+00:00\" \/>\n<meta name=\"twitter:card\" content=\"summary_large_image\" \/>\n<meta name=\"twitter:label1\" content=\"Dur\u00e9e de lecture estim\u00e9e\" \/>\n\t<meta name=\"twitter:data1\" content=\"3 minutes\" \/>\n<!-- \/ Yoast SEO plugin. -->","yoast_head_json":{"title":"Retour en haut \u2014 Ajouter un bouton D\u00e9filer vers le haut \u00e0 Jimdo (gratuit et rapide)","description":"Impl\u00e9mentez facilement un widget Back to Top r\u00e9actif sur votre site Jimdo. Utilisez notre d\u00e9mo active pour fa\u00e7onner votre outil unique en quelques clics.","robots":{"index":"index","follow":"follow","max-snippet":"max-snippet:-1","max-image-preview":"max-image-preview:large","max-video-preview":"max-video-preview:-1"},"canonical":"https:\/\/elfsight.com\/fr\/back-to-top-widget\/jimdo\/","og_locale":"fr_FR","og_type":"article","og_title":"Retour en haut \u2014 Ajouter un bouton D\u00e9filer vers le haut \u00e0 Jimdo (gratuit et rapide)","og_description":"Impl\u00e9mentez facilement un widget Back to Top r\u00e9actif sur votre site Jimdo. Utilisez notre d\u00e9mo active pour fa\u00e7onner votre outil unique en quelques clics.","og_url":"https:\/\/elfsight.com\/fr\/back-to-top-widget\/jimdo\/","og_site_name":"Elfsight FR","article_modified_time":"2025-07-09T10:02:34+00:00","twitter_card":"summary_large_image","twitter_misc":{"Dur\u00e9e de lecture estim\u00e9e":"3 minutes"},"schema":{"@context":"https:\/\/schema.org","@graph":[{"@type":"WebPage","@id":"https:\/\/elfsight.com\/fr\/back-to-top-widget\/jimdo\/","url":"https:\/\/elfsight.com\/fr\/back-to-top-widget\/jimdo\/","name":"Retour en haut \u2014 Ajouter un bouton D\u00e9filer vers le haut \u00e0 Jimdo (gratuit et rapide)","isPartOf":{"@id":"https:\/\/elfsight.com\/fr\/#website"},"datePublished":"2024-05-03T06:28:47+00:00","dateModified":"2025-07-09T10:02:34+00:00","description":"Impl\u00e9mentez facilement un widget Back to Top r\u00e9actif sur votre site Jimdo. Utilisez notre d\u00e9mo active pour fa\u00e7onner votre outil unique en quelques clics.","breadcrumb":{"@id":"https:\/\/elfsight.com\/fr\/back-to-top-widget\/jimdo\/#breadcrumb"},"inLanguage":"fr-FR","potentialAction":[{"@type":"ReadAction","target":["https:\/\/elfsight.com\/fr\/back-to-top-widget\/jimdo\/"]}]},{"@type":"BreadcrumbList","@id":"https:\/\/elfsight.com\/fr\/back-to-top-widget\/jimdo\/#breadcrumb","itemListElement":[{"@type":"ListItem","position":1,"name":"Home","item":"https:\/\/elfsight.com\/fr\/"},{"@type":"ListItem","position":2,"name":"Back to Top","item":"https:\/\/elfsight.com\/fr\/back-to-top-widget\/"},{"@type":"ListItem","position":3,"name":"Back to Top &#8211; Jimdo"}]},{"@type":"WebSite","@id":"https:\/\/elfsight.com\/fr\/#website","url":"https:\/\/elfsight.com\/fr\/","name":"Elfsight FR","description":"","potentialAction":[{"@type":"SearchAction","target":{"@type":"EntryPoint","urlTemplate":"https:\/\/elfsight.com\/fr\/?s={search_term_string}"},"query-input":{"@type":"PropertyValueSpecification","valueRequired":true,"valueName":"search_term_string"}}],"inLanguage":"fr-FR"}]}},"meta_box":{"industry":"","seo_heading":"","heading":"","description":"","cta_heading":"","cta_description":"","application":"2754","h1":"Widget Jimdo Retour en haut","h1_caption":"Ajoutez un simple bouton de retour en haut, am\u00e9liorant ainsi l'exp\u00e9rience utilisateur en permettant une navigation facile vers le haut de la page dans votre site Web Jimdo, sans effort.","application_category":[],"applications_title":"","applications_request_title":"","applications_request_button_text":"","hero_text":"","hero_video":"","hero_video_schema_markup":"","selling_points_title":"","selling_points_caption":"","selling_points":[],"selling_points_cta_text":"","features_title":"","features":"","ed_cta_examples_text":"","ed_cta_examples_hidden":"","ed_cta_demo_text":"","ed_cta_demo_hidden":"","why_caption":"","why_editor_title":"","why_editor_text":"","why_team_title":"","why_team_text":"","why_service_title":"","why_service_text":"","template_catalog_visible":"","template_catalog_title":"","template_catalog_text":"","template_catalog_categories_visible":"","demo_title":"Cr\u00e9ez votre widget Retour en haut","demo_caption":"Configurez votre Back to Top et ajoutez-le gratuitement \u00e0 votre site Jimdo !","default_faq_hidden":"","app_template_category":[],"platform":"372","template_public_id":"","codecanyon_url":"","codecanyon_item_id":"","codecanyon_price":"","pricing_caption":"","pricing_elfsight_apps_hide_column":"","pricing_elfsight_apps_url":"","pricing_codecanyon_price_caption":"","integration_category":[],"integration_request_title":"","integration_request_cta":"","integration_platform":"","integrations":[],"platform_category":[],"video_schema_markup":"","price":"\u00e0 partir de 0$ \/ mois","trial":"","benefits":[{"text":"Service d'installation gratuit"},{"text":"Support client exp\u00e9riment\u00e9"},{"text":"Garantie de remboursement de 14 jours"},{"text":"D\u00e9veloppement continu"}],"button_url":"#demo","button_target_blank":"","button_nofollow":"","attributes":[{"name":"Installations","content":"10,000 - 100,000"},{"name":"Sensible","content":"Oui"},{"name":"Navigateurs compatibles","content":"Firefox, Safari, Opera, Chrome, Edge"}],"tags":[],"tags_disable_links":"","hide_more_platforms":"","video_object":"","demo_hide_cta":"","demo_hide_cloud_options":"","pricing_title":"","pricing":[{"pricing_icon":"platform","pricing_title":"Elfsight Apps","pricing_title_caption":"Version multiplateforme","pricing_price":"from $0 \/ month","pricing_price_caption":"commencez avec un forfait gratuit","pricing_benefits":[{"text":"Sites Web illimit\u00e9s"},{"text":"Assistance client 24h\/24 et 7j\/7"},{"text":"Aide \u00e0 l'installation gratuite"},{"text":"100% personnalisable"}],"pricing_button_text":"Ajouter au site Web","pricing_button_url":"#demo"}],"related_apps_title":"","related_apps_hidden":"","author":"","image":[],"title":"","job":"","social_networks":[]},"_links":{"self":[{"href":"https:\/\/elfsight.com\/fr\/wp-json\/wp\/v2\/pages\/8010","targetHints":{"allow":["GET"]}}],"collection":[{"href":"https:\/\/elfsight.com\/fr\/wp-json\/wp\/v2\/pages"}],"about":[{"href":"https:\/\/elfsight.com\/fr\/wp-json\/wp\/v2\/types\/page"}],"author":[{"embeddable":true,"href":"https:\/\/elfsight.com\/fr\/wp-json\/wp\/v2\/users\/9"}],"replies":[{"embeddable":true,"href":"https:\/\/elfsight.com\/fr\/wp-json\/wp\/v2\/comments?post=8010"}],"version-history":[{"count":1,"href":"https:\/\/elfsight.com\/fr\/wp-json\/wp\/v2\/pages\/8010\/revisions"}],"predecessor-version":[{"id":8014,"href":"https:\/\/elfsight.com\/fr\/wp-json\/wp\/v2\/pages\/8010\/revisions\/8014"}],"up":[{"embeddable":true,"href":"https:\/\/elfsight.com\/fr\/wp-json\/wp\/v2\/pages\/2755"}],"wp:attachment":[{"href":"https:\/\/elfsight.com\/fr\/wp-json\/wp\/v2\/media?parent=8010"}],"curies":[{"name":"wp","href":"https:\/\/api.w.org\/{rel}","templated":true}]}}