{"id":7955,"date":"2024-05-03T06:28:20","date_gmt":"2024-05-03T06:28:20","guid":{"rendered":"https:\/\/elfsight.com\/fr\/?page_id=7955"},"modified":"2025-07-09T09:51:51","modified_gmt":"2025-07-09T09:51:51","slug":"blogger","status":"publish","type":"page","link":"https:\/\/elfsight.com\/fr\/apple-app-store-reviews-widget\/blogger\/","title":{"rendered":"Apple App Store Reviews &#8211; Blogger"},"content":{"rendered":"<div class=\"application-platform-content-item-description application-platform-content-item\" id=\"description\" data-nav-section=\"description\"><h2>Description<\/h2> <p>Elfsight Apple Store Reviews est un widget utile vous permettant de d\u00e9montrer les avis sur votre entreprise directement sur votre site Web. . Gr\u00e2ce \u00e0 cet outil, vous pourrez appliquer des filtres pour masquer les commentaires ind\u00e9sirables, afficher votre note par \u00e9toiles et votre num\u00e9ro, d\u00e9montrer les donn\u00e9es sur les cr\u00e9ateurs des commentaires et ajouter un bouton CTA qui peut motiver les utilisateurs \u00e0 publier leur commentaire. Elfsight Apple Reviews vous aidera \u00e0 vanter votre preuve sociale \u00e9lev\u00e9e sur votre site et \u00e0 commencer \u00e0 faire plus de nouveaux achats. <\/p><p><b>Ventes haut de gamme b\u00e9n\u00e9ficiant d&rsquo;une note remarquable et de la reconnaissance des clients<\/b><\/p><\/div> <div class=\"application-platform-content-item-features application-platform-content-item\" id=\"features\" data-nav-section=\"features\"><h2>Fonctionnalit\u00e9s<\/h2> <p> Ici vous pouvez voir toutes les fonctionnalit\u00e9s du produit. Vous pouvez les g\u00e9rer directement dans l&rsquo;\u00e9diteur et ils vous aideront \u00e0 configurer le widget le plus adapt\u00e9 \u00e0 vos besoins. <\/p> <ul> <li>Une option pour d\u00e9finir la vitesse de glissement et la vitesse de lecture automatique\u00a0; <\/li> <li>Choisir le type de pagination dans la disposition Slider\u00a0; <\/li> <li>Largeur et hauteur r\u00e9glables\u00a0; <\/li> <li>En-t\u00eate commutable de l&rsquo;outil\u00a0; <\/li> <\/ul> <p><a href=\"#demo\">Essayez toutes les autres fonctions de la d\u00e9mo<\/a><\/p> <\/div> <div class=\"application-platform-content-item-installation application-platform-content-item\" id=\"installation\" data-nav-section=\"installation\"><h2> Comment int\u00e9grer les avis Apple Store avec Blogger ? <\/h2> <p>Pour ins\u00e9rer un widget, appliquez simplement les instructions ci-dessous. <\/p> <ul> <li><b>Cr\u00e9ez votre propre plugin Apple<\/b><br> Gr\u00e2ce \u00e0 notre configurateur gratuit, cr\u00e9ez un plugin avec une interface et des caract\u00e9ristiques fonctionnelles pr\u00e9f\u00e9r\u00e9es. <\/li> <li><b>Recevez le code personnel pour ajouter le plugin<\/b><br> Apr\u00e8s avoir cr\u00e9\u00e9 votre widget, vous obtiendrez votre code personnel \u00e0 partir de la notification apparaissant sur Elfsight Apps. Copiez ce code. <\/li> <li><b>Publiez le plugin sur votre site Web Blogger<\/b><br> Choisissez la zone dans laquelle vous souhaitez int\u00e9grer le plugin et ins\u00e9rez-y le code copi\u00e9. Publier les r\u00e9sultats. <\/li> <li><b>Vous avez termin\u00e9\u00a0! <\/b><br> Allez sur votre site, pour voir votre plugin. <\/li> <\/ul> <p>N&rsquo;h\u00e9sitez pas \u00e0 contacter notre support client si vous avez besoin d&rsquo;aide ou si vous avez des questions. Nous vous donnerons un coup de main pour chaque demande. <\/p> <\/div>","protected":false},"excerpt":{"rendered":"","protected":false},"author":9,"featured_media":0,"parent":2153,"menu_order":0,"comment_status":"closed","ping_status":"closed","template":"templates\/template-application-platform.php","meta":{"publish_to_discourse":"","publish_post_category":"","wpdc_auto_publish_overridden":"","wpdc_topic_tags":"","wpdc_pin_topic":"","wpdc_pin_until":"","discourse_post_id":"","discourse_permalink":"","wpdc_publishing_response":"","wpdc_publishing_error":"","footnotes":""},"class_list":["post-7955","page","type-page","status-publish","hentry"],"yoast_head":"<!-- This site is optimized with the Yoast SEO plugin v25.3.1 - https:\/\/yoast.com\/wordpress\/plugins\/seo\/ -->\n<title>Int\u00e9grez les avis Apple sur votre site Web Blogger (facile et rapide)<\/title>\n<meta name=\"description\" content=\"C&#039;est un processus simple pour cr\u00e9er votre propre widget Apple Reviews et le publier sur votre site Web Blogger. Le service client Elfsight est gratuit.\" \/>\n<meta name=\"robots\" content=\"index, follow, max-snippet:-1, max-image-preview:large, max-video-preview:-1\" \/>\n<link rel=\"canonical\" href=\"https:\/\/elfsight.com\/fr\/apple-app-store-reviews-widget\/blogger\/\" \/>\n<meta property=\"og:locale\" content=\"fr_FR\" \/>\n<meta property=\"og:type\" content=\"article\" \/>\n<meta property=\"og:title\" content=\"Int\u00e9grez les avis Apple sur votre site Web Blogger (facile et rapide)\" \/>\n<meta property=\"og:description\" content=\"C&#039;est un processus simple pour cr\u00e9er votre propre widget Apple Reviews et le publier sur votre site Web Blogger. Le service client Elfsight est gratuit.\" \/>\n<meta property=\"og:url\" content=\"https:\/\/elfsight.com\/fr\/apple-app-store-reviews-widget\/blogger\/\" \/>\n<meta property=\"og:site_name\" content=\"Elfsight FR\" \/>\n<meta property=\"article:modified_time\" content=\"2025-07-09T09:51:51+00:00\" \/>\n<meta name=\"twitter:card\" content=\"summary_large_image\" \/>\n<meta name=\"twitter:label1\" content=\"Dur\u00e9e de lecture estim\u00e9e\" \/>\n\t<meta name=\"twitter:data1\" content=\"2 minutes\" \/>\n<!-- \/ Yoast SEO plugin. -->","yoast_head_json":{"title":"Int\u00e9grez les avis Apple sur votre site Web Blogger (facile et rapide)","description":"C'est un processus simple pour cr\u00e9er votre propre widget Apple Reviews et le publier sur votre site Web Blogger. Le service client Elfsight est gratuit.","robots":{"index":"index","follow":"follow","max-snippet":"max-snippet:-1","max-image-preview":"max-image-preview:large","max-video-preview":"max-video-preview:-1"},"canonical":"https:\/\/elfsight.com\/fr\/apple-app-store-reviews-widget\/blogger\/","og_locale":"fr_FR","og_type":"article","og_title":"Int\u00e9grez les avis Apple sur votre site Web Blogger (facile et rapide)","og_description":"C'est un processus simple pour cr\u00e9er votre propre widget Apple Reviews et le publier sur votre site Web Blogger. Le service client Elfsight est gratuit.","og_url":"https:\/\/elfsight.com\/fr\/apple-app-store-reviews-widget\/blogger\/","og_site_name":"Elfsight FR","article_modified_time":"2025-07-09T09:51:51+00:00","twitter_card":"summary_large_image","twitter_misc":{"Dur\u00e9e de lecture estim\u00e9e":"2 minutes"},"schema":{"@context":"https:\/\/schema.org","@graph":[{"@type":"WebPage","@id":"https:\/\/elfsight.com\/fr\/apple-app-store-reviews-widget\/blogger\/","url":"https:\/\/elfsight.com\/fr\/apple-app-store-reviews-widget\/blogger\/","name":"Int\u00e9grez les avis Apple sur votre site Web Blogger (facile et rapide)","isPartOf":{"@id":"https:\/\/elfsight.com\/fr\/#website"},"datePublished":"2024-05-03T06:28:20+00:00","dateModified":"2025-07-09T09:51:51+00:00","description":"C'est un processus simple pour cr\u00e9er votre propre widget Apple Reviews et le publier sur votre site Web Blogger. Le service client Elfsight est gratuit.","breadcrumb":{"@id":"https:\/\/elfsight.com\/fr\/apple-app-store-reviews-widget\/blogger\/#breadcrumb"},"inLanguage":"fr-FR","potentialAction":[{"@type":"ReadAction","target":["https:\/\/elfsight.com\/fr\/apple-app-store-reviews-widget\/blogger\/"]}]},{"@type":"BreadcrumbList","@id":"https:\/\/elfsight.com\/fr\/apple-app-store-reviews-widget\/blogger\/#breadcrumb","itemListElement":[{"@type":"ListItem","position":1,"name":"Home","item":"https:\/\/elfsight.com\/fr\/"},{"@type":"ListItem","position":2,"name":"Apple App Store Reviews","item":"https:\/\/elfsight.com\/fr\/apple-app-store-reviews-widget\/"},{"@type":"ListItem","position":3,"name":"Apple App Store Reviews &#8211; Blogger"}]},{"@type":"WebSite","@id":"https:\/\/elfsight.com\/fr\/#website","url":"https:\/\/elfsight.com\/fr\/","name":"Elfsight FR","description":"","potentialAction":[{"@type":"SearchAction","target":{"@type":"EntryPoint","urlTemplate":"https:\/\/elfsight.com\/fr\/?s={search_term_string}"},"query-input":{"@type":"PropertyValueSpecification","valueRequired":true,"valueName":"search_term_string"}}],"inLanguage":"fr-FR"}]}},"meta_box":{"industry":"","seo_heading":"","heading":"","description":"","cta_heading":"","cta_description":"","application":"2152","h1":"Widget d'avis Blogger sur l'App Store d'Apple","h1_caption":"Int\u00e9grez les avis de votre widget Apple Widget Store pour renforcer votre cr\u00e9dibilit\u00e9 et encourager davantage de t\u00e9l\u00e9chargements sur votre site Web Blogger sans effort.","application_category":[],"applications_title":"","applications_request_title":"","applications_request_button_text":"","hero_text":"","hero_video":"","hero_video_schema_markup":"","selling_points_title":"","selling_points_caption":"","selling_points":[],"selling_points_cta_text":"","features_title":"","features":"","ed_cta_examples_text":"","ed_cta_examples_hidden":"","ed_cta_demo_text":"","ed_cta_demo_hidden":"","why_caption":"","why_editor_title":"","why_editor_text":"","why_team_title":"","why_team_text":"","why_service_title":"","why_service_text":"","template_catalog_visible":"","template_catalog_title":"","template_catalog_text":"","template_catalog_categories_visible":"","demo_title":"Cr\u00e9ez votre widget Avis sur l'App Store d'Apple","demo_caption":"Configurez vos avis Apple App Store et ajoutez-les gratuitement \u00e0 votre site Web Blogger\u00a0!","default_faq_hidden":"","app_template_category":[],"platform":"348","template_public_id":"","codecanyon_url":"","codecanyon_item_id":"","codecanyon_price":"","pricing_caption":"","pricing_elfsight_apps_hide_column":"","pricing_elfsight_apps_url":"","pricing_codecanyon_price_caption":"","integration_category":[],"integration_request_title":"","integration_request_cta":"","integration_platform":"","integrations":[],"platform_category":[],"video_schema_markup":"","price":"\u00e0 partir de 0$ \/ mois","trial":"","benefits":[{"text":"Aide \u00e0 l'installation gratuite"},{"text":"Soutien exceptionnel"},{"text":"Garantie de remboursement de 14 jours"},{"text":"Mises \u00e0 jour futures"}],"button_url":"#demo","button_target_blank":"","button_nofollow":"","attributes":[{"name":"Installations","content":"10,000 - 100,000"},{"name":"Sensible","content":"Oui"},{"name":"Navigateurs compatibles","content":"Firefox, Safari, Opera, Chrome, Edge"}],"tags":[],"tags_disable_links":"","hide_more_platforms":"","video_object":"","demo_hide_cta":"","demo_hide_cloud_options":"","pricing_title":"","pricing":[{"pricing_icon":"platform","pricing_title":"Elfsight Apps","pricing_title_caption":"Solution multiplateforme adapt\u00e9e \u00e0 tous les sites","pricing_price":"from $0 \/ month","pricing_price_caption":"commencez avec un forfait gratuit","pricing_benefits":[{"text":"Sites Web illimit\u00e9s"},{"text":"Support client d\u00e9di\u00e9"},{"text":"Aide \u00e0 l'installation gratuite"},{"text":"Conception flexible"}],"pricing_button_text":"Ajouter au site Web","pricing_button_url":"#demo"}],"related_apps_title":"","related_apps_hidden":"","author":"","image":[],"title":"","job":"","social_networks":[]},"_links":{"self":[{"href":"https:\/\/elfsight.com\/fr\/wp-json\/wp\/v2\/pages\/7955","targetHints":{"allow":["GET"]}}],"collection":[{"href":"https:\/\/elfsight.com\/fr\/wp-json\/wp\/v2\/pages"}],"about":[{"href":"https:\/\/elfsight.com\/fr\/wp-json\/wp\/v2\/types\/page"}],"author":[{"embeddable":true,"href":"https:\/\/elfsight.com\/fr\/wp-json\/wp\/v2\/users\/9"}],"replies":[{"embeddable":true,"href":"https:\/\/elfsight.com\/fr\/wp-json\/wp\/v2\/comments?post=7955"}],"version-history":[{"count":1,"href":"https:\/\/elfsight.com\/fr\/wp-json\/wp\/v2\/pages\/7955\/revisions"}],"predecessor-version":[{"id":7959,"href":"https:\/\/elfsight.com\/fr\/wp-json\/wp\/v2\/pages\/7955\/revisions\/7959"}],"up":[{"embeddable":true,"href":"https:\/\/elfsight.com\/fr\/wp-json\/wp\/v2\/pages\/2153"}],"wp:attachment":[{"href":"https:\/\/elfsight.com\/fr\/wp-json\/wp\/v2\/media?parent=7955"}],"curies":[{"name":"wp","href":"https:\/\/api.w.org\/{rel}","templated":true}]}}