{"id":7949,"date":"2024-05-03T06:28:18","date_gmt":"2024-05-03T06:28:18","guid":{"rendered":"https:\/\/elfsight.com\/fr\/?page_id=7949"},"modified":"2025-07-09T09:51:43","modified_gmt":"2025-07-09T09:51:43","slug":"bigcommerce","status":"publish","type":"page","link":"https:\/\/elfsight.com\/fr\/apple-app-store-reviews-widget\/bigcommerce\/","title":{"rendered":"Apple App Store Reviews &#8211; BigCommerce"},"content":{"rendered":"<div class=\"application-platform-content-item-description application-platform-content-item\" id=\"description\" data-nav-section=\"description\"><h2>Description<\/h2> <p>Elfsight Apple Store Reviews est un widget utile vous donnant la possibilit\u00e9 d&rsquo;afficher directement les avis sur vos produits. votre site. Gr\u00e2ce au widget Elfsight, vous pourrez appliquer des filtres pour masquer les avis n\u00e9gatifs, d\u00e9montrer votre note par \u00e9toiles et votre note num\u00e9rique, afficher des informations d\u00e9taill\u00e9es sur les auteurs des avis et ajouter un bouton d&rsquo;appel \u00e0 l&rsquo;action qui est l\u00e0 pour conduire. les utilisateurs de laisser leur commentaire. Le widget Elfsight Apple Reviews vous aidera \u00e0 d\u00e9montrer votre preuve sociale \u00e9lev\u00e9e sur le site Web et \u00e0 g\u00e9n\u00e9rer de nouvelles ventes. <\/p><p><b>D\u00e9veloppez vos ventes en d\u00e9montrant votre excellente note et la gratitude de vos clients<\/b><\/p><\/div> <div class=\"application-platform-content-item-features application-platform-content-item\" id=\"features\" data-nav-section=\"features\"><h2>Fonctionnalit\u00e9s<\/h2> <p> Voir toutes les fonctions du produit. Vous pouvez les ajuster directement dans l&rsquo;\u00e9diteur et ils vous aideront \u00e0 construire le widget sp\u00e9cialement pour votre cas d&rsquo;utilisation. <\/p> <ul> <li>R\u00e9glage de la vitesse de diapositive et de la vitesse de lecture automatique\u00a0; <\/li> <li>S\u00e9lection du type de pagination dans la disposition Slider\u00a0; <\/li> <li>Largeur et hauteur flexibles du widget\u00a0; <\/li> <li>Une option pour activer\/d\u00e9sactiver l&rsquo;en-t\u00eate du widget\u00a0; <\/li> <\/ul> <p><a href=\"#demo\">D\u00e9couvrez comment fonctionnent toutes les fonctionnalit\u00e9s, dans notre d\u00e9mo<\/a><\/p> <\/div> <div class=\"application-platform-content-item-installation application-platform-content-item\" id=\"installation\" data-nav-section=\"installation\"> <h2>Comment ajouter des avis Apple Store \u00e0 BigCommerce\u00a0? <\/h2> <p>Suivez simplement plusieurs \u00e9tapes pr\u00e9sent\u00e9es ci-dessous pour commencer \u00e0 travailler avec le widget sur BigCommerce.<\/p> <ol><li><b>Ex\u00e9cutez notre \u00e9diteur gratuit et commencez \u00e0 cr\u00e9er votre application personnalis\u00e9e. <\/b><br> D\u00e9terminez la disposition et les fonctionnalit\u00e9s appropri\u00e9es de l&rsquo;outil et enregistrez les modifications. <\/li> <li><b>Recevez votre code unique qui appara\u00eet dans la fen\u00eatre des applications Elfsight. <\/b><br> Une fois la personnalisation de votre widget personnel Apple App Store Reviews termin\u00e9e, copiez le code personnel dans la case qui appara\u00eet et conservez-le pour une occasion ult\u00e9rieure. <\/li> <li><b>Entrez pour utiliser le widget sur le site Web BigCommerce. <\/b><br> Placez le code que vous avez enregistr\u00e9 auparavant dans votre site Web et appliquez les modifications. <\/li> <li><b>L&rsquo;installation est enti\u00e8rement termin\u00e9e. <\/b><br> Acc\u00e9dez \u00e0 votre site pour voir comment fonctionne le widget. <\/li><\/ol><p>N&rsquo;h\u00e9sitez pas \u00e0 vous adresser au service client d&rsquo;Elfsight si vous avez besoin de conseils ou si vous avez quelque chose \u00e0 demander. Nos sp\u00e9cialistes vous donneront un coup de main pour chaque demande. <\/p> <\/div>","protected":false},"excerpt":{"rendered":"","protected":false},"author":9,"featured_media":0,"parent":2153,"menu_order":0,"comment_status":"closed","ping_status":"closed","template":"templates\/template-application-platform.php","meta":{"publish_to_discourse":"","publish_post_category":"","wpdc_auto_publish_overridden":"","wpdc_topic_tags":"","wpdc_pin_topic":"","wpdc_pin_until":"","discourse_post_id":"","discourse_permalink":"","wpdc_publishing_response":"","wpdc_publishing_error":"","footnotes":""},"class_list":["post-7949","page","type-page","status-publish","hentry"],"yoast_head":"<!-- This site is optimized with the Yoast SEO plugin v25.3.1 - https:\/\/yoast.com\/wordpress\/plugins\/seo\/ -->\n<title>Int\u00e9grez les avis Apple sur votre site Web BigCommerce (facile et rapide)<\/title>\n<meta name=\"description\" content=\"C&#039;est un processus simple pour cr\u00e9er votre propre widget Apple Reviews et le publier sur votre site Web BigCommerce. Le service client Elfsight est gratuit.\" \/>\n<meta name=\"robots\" content=\"index, follow, max-snippet:-1, max-image-preview:large, max-video-preview:-1\" \/>\n<link rel=\"canonical\" href=\"https:\/\/elfsight.com\/fr\/apple-app-store-reviews-widget\/bigcommerce\/\" \/>\n<meta property=\"og:locale\" content=\"fr_FR\" \/>\n<meta property=\"og:type\" content=\"article\" \/>\n<meta property=\"og:title\" content=\"Int\u00e9grez les avis Apple sur votre site Web BigCommerce (facile et rapide)\" \/>\n<meta property=\"og:description\" content=\"C&#039;est un processus simple pour cr\u00e9er votre propre widget Apple Reviews et le publier sur votre site Web BigCommerce. Le service client Elfsight est gratuit.\" \/>\n<meta property=\"og:url\" content=\"https:\/\/elfsight.com\/fr\/apple-app-store-reviews-widget\/bigcommerce\/\" \/>\n<meta property=\"og:site_name\" content=\"Elfsight FR\" \/>\n<meta property=\"article:modified_time\" content=\"2025-07-09T09:51:43+00:00\" \/>\n<meta name=\"twitter:card\" content=\"summary_large_image\" \/>\n<meta name=\"twitter:label1\" content=\"Dur\u00e9e de lecture estim\u00e9e\" \/>\n\t<meta name=\"twitter:data1\" content=\"2 minutes\" \/>\n<!-- \/ Yoast SEO plugin. -->","yoast_head_json":{"title":"Int\u00e9grez les avis Apple sur votre site Web BigCommerce (facile et rapide)","description":"C'est un processus simple pour cr\u00e9er votre propre widget Apple Reviews et le publier sur votre site Web BigCommerce. Le service client Elfsight est gratuit.","robots":{"index":"index","follow":"follow","max-snippet":"max-snippet:-1","max-image-preview":"max-image-preview:large","max-video-preview":"max-video-preview:-1"},"canonical":"https:\/\/elfsight.com\/fr\/apple-app-store-reviews-widget\/bigcommerce\/","og_locale":"fr_FR","og_type":"article","og_title":"Int\u00e9grez les avis Apple sur votre site Web BigCommerce (facile et rapide)","og_description":"C'est un processus simple pour cr\u00e9er votre propre widget Apple Reviews et le publier sur votre site Web BigCommerce. Le service client Elfsight est gratuit.","og_url":"https:\/\/elfsight.com\/fr\/apple-app-store-reviews-widget\/bigcommerce\/","og_site_name":"Elfsight FR","article_modified_time":"2025-07-09T09:51:43+00:00","twitter_card":"summary_large_image","twitter_misc":{"Dur\u00e9e de lecture estim\u00e9e":"2 minutes"},"schema":{"@context":"https:\/\/schema.org","@graph":[{"@type":"WebPage","@id":"https:\/\/elfsight.com\/fr\/apple-app-store-reviews-widget\/bigcommerce\/","url":"https:\/\/elfsight.com\/fr\/apple-app-store-reviews-widget\/bigcommerce\/","name":"Int\u00e9grez les avis Apple sur votre site Web BigCommerce (facile et rapide)","isPartOf":{"@id":"https:\/\/elfsight.com\/fr\/#website"},"datePublished":"2024-05-03T06:28:18+00:00","dateModified":"2025-07-09T09:51:43+00:00","description":"C'est un processus simple pour cr\u00e9er votre propre widget Apple Reviews et le publier sur votre site Web BigCommerce. Le service client Elfsight est gratuit.","breadcrumb":{"@id":"https:\/\/elfsight.com\/fr\/apple-app-store-reviews-widget\/bigcommerce\/#breadcrumb"},"inLanguage":"fr-FR","potentialAction":[{"@type":"ReadAction","target":["https:\/\/elfsight.com\/fr\/apple-app-store-reviews-widget\/bigcommerce\/"]}]},{"@type":"BreadcrumbList","@id":"https:\/\/elfsight.com\/fr\/apple-app-store-reviews-widget\/bigcommerce\/#breadcrumb","itemListElement":[{"@type":"ListItem","position":1,"name":"Home","item":"https:\/\/elfsight.com\/fr\/"},{"@type":"ListItem","position":2,"name":"Apple App Store Reviews","item":"https:\/\/elfsight.com\/fr\/apple-app-store-reviews-widget\/"},{"@type":"ListItem","position":3,"name":"Apple App Store Reviews &#8211; BigCommerce"}]},{"@type":"WebSite","@id":"https:\/\/elfsight.com\/fr\/#website","url":"https:\/\/elfsight.com\/fr\/","name":"Elfsight FR","description":"","potentialAction":[{"@type":"SearchAction","target":{"@type":"EntryPoint","urlTemplate":"https:\/\/elfsight.com\/fr\/?s={search_term_string}"},"query-input":{"@type":"PropertyValueSpecification","valueRequired":true,"valueName":"search_term_string"}}],"inLanguage":"fr-FR"}]}},"meta_box":{"industry":"","seo_heading":"","heading":"","description":"","cta_heading":"","cta_description":"","application":"2152","h1":"Avis sur l'App Store d'Apple de BigCommerce","h1_caption":"Int\u00e9grez les avis de votre application Apple App Store pour renforcer votre cr\u00e9dibilit\u00e9 et encourager davantage de t\u00e9l\u00e9chargements sur votre site Web BigCommerce sans effort.","application_category":[],"applications_title":"","applications_request_title":"","applications_request_button_text":"","hero_text":"","hero_video":"","hero_video_schema_markup":"","selling_points_title":"","selling_points_caption":"","selling_points":[],"selling_points_cta_text":"","features_title":"","features":"","ed_cta_examples_text":"","ed_cta_examples_hidden":"","ed_cta_demo_text":"","ed_cta_demo_hidden":"","why_caption":"","why_editor_title":"","why_editor_text":"","why_team_title":"","why_team_text":"","why_service_title":"","why_service_text":"","template_catalog_visible":"","template_catalog_title":"","template_catalog_text":"","template_catalog_categories_visible":"","demo_title":"Cr\u00e9ez votre application Apple App Store Reviews","demo_caption":"Configurez vos avis Apple App Store et ajoutez-le gratuitement \u00e0 votre site Web BigCommerce !","default_faq_hidden":"","app_template_category":[],"platform":"347","template_public_id":"","codecanyon_url":"","codecanyon_item_id":"","codecanyon_price":"","pricing_caption":"","pricing_elfsight_apps_hide_column":"","pricing_elfsight_apps_url":"","pricing_codecanyon_price_caption":"","integration_category":[],"integration_request_title":"","integration_request_cta":"","integration_platform":"","integrations":[],"platform_category":[],"video_schema_markup":"","price":"\u00e0 partir de 0$ \/ mois","trial":"","benefits":[{"text":"Assistance \u00e0 l'installation gratuite"},{"text":"Service client efficace"},{"text":"Garantie de remboursement de 14 jours"},{"text":"Am\u00e9liorations gratuites r\u00e9guli\u00e8res"}],"button_url":"#demo","button_target_blank":"","button_nofollow":"","attributes":[{"name":"Installations","content":"10,000 - 100,000"},{"name":"Sensible","content":"Oui"},{"name":"Navigateurs compatibles","content":"Firefox, Safari, Opera, Chrome, Edge"}],"tags":[],"tags_disable_links":"","hide_more_platforms":"","video_object":"","demo_hide_cta":"","demo_hide_cloud_options":"","pricing_title":"","pricing":[{"pricing_icon":"platform","pricing_title":"Elfsight Apps","pricing_title_caption":"Logiciel multiplateforme adapt\u00e9 \u00e0 n'importe quel site","pricing_price":"from $0 \/ month","pricing_price_caption":"commencez avec un forfait gratuit","pricing_benefits":[{"text":"Sites Web illimit\u00e9s"},{"text":"Assistance 24h\/24 et 7j\/7, ponctuelle et bien document\u00e9e"},{"text":"Service d'installation gratuit"},{"text":"Enti\u00e8rement personnalisable"}],"pricing_button_text":"Ajouter au site Web","pricing_button_url":"#demo"}],"related_apps_title":"","related_apps_hidden":"","author":"","image":[],"title":"","job":"","social_networks":[]},"_links":{"self":[{"href":"https:\/\/elfsight.com\/fr\/wp-json\/wp\/v2\/pages\/7949","targetHints":{"allow":["GET"]}}],"collection":[{"href":"https:\/\/elfsight.com\/fr\/wp-json\/wp\/v2\/pages"}],"about":[{"href":"https:\/\/elfsight.com\/fr\/wp-json\/wp\/v2\/types\/page"}],"author":[{"embeddable":true,"href":"https:\/\/elfsight.com\/fr\/wp-json\/wp\/v2\/users\/9"}],"replies":[{"embeddable":true,"href":"https:\/\/elfsight.com\/fr\/wp-json\/wp\/v2\/comments?post=7949"}],"version-history":[{"count":1,"href":"https:\/\/elfsight.com\/fr\/wp-json\/wp\/v2\/pages\/7949\/revisions"}],"predecessor-version":[{"id":7953,"href":"https:\/\/elfsight.com\/fr\/wp-json\/wp\/v2\/pages\/7949\/revisions\/7953"}],"up":[{"embeddable":true,"href":"https:\/\/elfsight.com\/fr\/wp-json\/wp\/v2\/pages\/2153"}],"wp:attachment":[{"href":"https:\/\/elfsight.com\/fr\/wp-json\/wp\/v2\/media?parent=7949"}],"curies":[{"name":"wp","href":"https:\/\/api.w.org\/{rel}","templated":true}]}}