{"id":7947,"date":"2024-05-03T06:28:16","date_gmt":"2024-05-03T06:28:16","guid":{"rendered":"https:\/\/elfsight.com\/fr\/?page_id=7947"},"modified":"2025-07-09T09:52:14","modified_gmt":"2025-07-09T09:52:14","slug":"facebook","status":"publish","type":"page","link":"https:\/\/elfsight.com\/fr\/apple-app-store-reviews-widget\/facebook\/","title":{"rendered":"Apple App Store Reviews &#8211; Facebook"},"content":{"rendered":"<div class=\"application-platform-content-item-description application-platform-content-item\" id=\"description\" data-nav-section=\"description\"><h2>Description<\/h2> <p>Elfsight Apple Store Reviews est un widget pratique vous donnant la possibilit\u00e9 d&rsquo;afficher directement les avis sur vos offres. votre site. Notre widget, vous pourrez utiliser des filtres pour masquer les avis n\u00e9gatifs, r\u00e9v\u00e9ler votre note par \u00e9toiles et votre num\u00e9ro, r\u00e9v\u00e9ler des informations d\u00e9taill\u00e9es sur les cr\u00e9ateurs des avis et ajouter un bouton d&rsquo;appel \u00e0 l&rsquo;action qui incitera les utilisateurs \u00e0 publier leur commentaire. Le widget Elfsight Apple Reviews vous aidera \u00e0 vanter votre preuve sociale \u00e9lev\u00e9e sur votre site et \u00e0 commencer \u00e0 faire plus de nouveaux achats. <\/p><p><b>Ventes anticip\u00e9es b\u00e9n\u00e9ficiant d&rsquo;excellentes notes et de la reconnaissance des clients<\/b><\/p><\/div> <div class=\"application-platform-content-item-features application-platform-content-item\" id=\"features\" data-nav-section=\"features\"><h2>Fonctionnalit\u00e9s<\/h2> <p>V\u00e9rifier une liste de toutes les caract\u00e9ristiques fonctionnelles du produit. Ils sont disponibles directement dans l&rsquo;\u00e9diteur et vous aideront \u00e0 cr\u00e9er le widget exactement adapt\u00e9 \u00e0 vos besoins. <\/p> <ul> <li>Une option pour d\u00e9finir la vitesse de glissement et la vitesse de lecture automatique\u00a0; <\/li> <li>Choisir le type de pagination dans la disposition Slider\u00a0; <\/li> <li>Largeur et hauteur r\u00e9glables du widget\u00a0; <\/li> <li>En-t\u00eate commutable de l&rsquo;outil\u00a0; <\/li> <\/ul> <p><a href=\"#demo\">D\u00e9couvrez comment fonctionnent toutes les fonctionnalit\u00e9s, dans notre d\u00e9mo<\/a><\/p> <\/div> <div class=\"application-platform-content-item-installation application-platform-content-item\" id=\"installation\" data-nav-section=\"installation\"> <h2>Comment puis-je ajouter des avis Apple Store sur Facebook\u00a0? <\/h2> <p>Pour int\u00e9grer le widget, suivez les instructions ci-dessous. <\/p> <ul> <li><b>Cr\u00e9ez votre plugin Apple unique<\/b><br> \u00c0 l&rsquo;aide de notre \u00e9diteur gratuit, obtenez un plugin avec une mise en page et des caract\u00e9ristiques fonctionnelles s\u00e9lectionn\u00e9es. <\/li> <li><b>Copiez le code individuel pour installer le plugin<\/b><br> Juste apr\u00e8s avoir configur\u00e9 votre widget, vous obtiendrez le code d&rsquo;installation dans la fen\u00eatre contextuelle des applications Elfsight. Copiez le code. <\/li> <li><b>Int\u00e9grez le plugin dans votre site Web Facebook<\/b><br> Choisissez l&rsquo;endroit o\u00f9 vous souhaitez afficher le plugin et collez-y le code enregistr\u00e9. Enregistrez les r\u00e9sultats. <\/li> <li><b>Vous avez effectu\u00e9 l&rsquo;installation avec succ\u00e8s<\/b><br> Allez sur le site pour voir votre plugin. <\/li> <\/ul> <p>N&rsquo;h\u00e9sitez pas \u00e0 contacter notre service support si vous avez besoin de conseils ou si vous avez des questions. Nos sp\u00e9cialistes se feront un plaisir de r\u00e9pondre \u00e0 chaque demande. <\/p> <\/div>","protected":false},"excerpt":{"rendered":"","protected":false},"author":9,"featured_media":0,"parent":2153,"menu_order":0,"comment_status":"closed","ping_status":"closed","template":"templates\/template-application-platform.php","meta":{"publish_to_discourse":"","publish_post_category":"","wpdc_auto_publish_overridden":"","wpdc_topic_tags":"","wpdc_pin_topic":"","wpdc_pin_until":"","discourse_post_id":"","discourse_permalink":"","wpdc_publishing_response":"","wpdc_publishing_error":"","footnotes":""},"class_list":["post-7947","page","type-page","status-publish","hentry"],"yoast_head":"<!-- This site is optimized with the Yoast SEO plugin v25.3.1 - https:\/\/yoast.com\/wordpress\/plugins\/seo\/ -->\n<title>Int\u00e9grez les avis Apple sur votre page Facebook (facile et rapide)<\/title>\n<meta name=\"description\" content=\"C&#039;est un processus simple pour cr\u00e9er votre propre widget Apple Revies et le publier sur votre page Facebook. Le service client Elfsight est gratuit.\" \/>\n<meta name=\"robots\" content=\"index, follow, max-snippet:-1, max-image-preview:large, max-video-preview:-1\" \/>\n<link rel=\"canonical\" href=\"https:\/\/elfsight.com\/fr\/apple-app-store-reviews-widget\/facebook\/\" \/>\n<meta property=\"og:locale\" content=\"fr_FR\" \/>\n<meta property=\"og:type\" content=\"article\" \/>\n<meta property=\"og:title\" content=\"Int\u00e9grez les avis Apple sur votre page Facebook (facile et rapide)\" \/>\n<meta property=\"og:description\" content=\"C&#039;est un processus simple pour cr\u00e9er votre propre widget Apple Revies et le publier sur votre page Facebook. Le service client Elfsight est gratuit.\" \/>\n<meta property=\"og:url\" content=\"https:\/\/elfsight.com\/fr\/apple-app-store-reviews-widget\/facebook\/\" \/>\n<meta property=\"og:site_name\" content=\"Elfsight FR\" \/>\n<meta property=\"article:modified_time\" content=\"2025-07-09T09:52:14+00:00\" \/>\n<meta name=\"twitter:card\" content=\"summary_large_image\" \/>\n<meta name=\"twitter:label1\" content=\"Dur\u00e9e de lecture estim\u00e9e\" \/>\n\t<meta name=\"twitter:data1\" content=\"2 minutes\" \/>\n<!-- \/ Yoast SEO plugin. -->","yoast_head_json":{"title":"Int\u00e9grez les avis Apple sur votre page Facebook (facile et rapide)","description":"C'est un processus simple pour cr\u00e9er votre propre widget Apple Revies et le publier sur votre page Facebook. Le service client Elfsight est gratuit.","robots":{"index":"index","follow":"follow","max-snippet":"max-snippet:-1","max-image-preview":"max-image-preview:large","max-video-preview":"max-video-preview:-1"},"canonical":"https:\/\/elfsight.com\/fr\/apple-app-store-reviews-widget\/facebook\/","og_locale":"fr_FR","og_type":"article","og_title":"Int\u00e9grez les avis Apple sur votre page Facebook (facile et rapide)","og_description":"C'est un processus simple pour cr\u00e9er votre propre widget Apple Revies et le publier sur votre page Facebook. Le service client Elfsight est gratuit.","og_url":"https:\/\/elfsight.com\/fr\/apple-app-store-reviews-widget\/facebook\/","og_site_name":"Elfsight FR","article_modified_time":"2025-07-09T09:52:14+00:00","twitter_card":"summary_large_image","twitter_misc":{"Dur\u00e9e de lecture estim\u00e9e":"2 minutes"},"schema":{"@context":"https:\/\/schema.org","@graph":[{"@type":"WebPage","@id":"https:\/\/elfsight.com\/fr\/apple-app-store-reviews-widget\/facebook\/","url":"https:\/\/elfsight.com\/fr\/apple-app-store-reviews-widget\/facebook\/","name":"Int\u00e9grez les avis Apple sur votre page Facebook (facile et rapide)","isPartOf":{"@id":"https:\/\/elfsight.com\/fr\/#website"},"datePublished":"2024-05-03T06:28:16+00:00","dateModified":"2025-07-09T09:52:14+00:00","description":"C'est un processus simple pour cr\u00e9er votre propre widget Apple Revies et le publier sur votre page Facebook. Le service client Elfsight est gratuit.","breadcrumb":{"@id":"https:\/\/elfsight.com\/fr\/apple-app-store-reviews-widget\/facebook\/#breadcrumb"},"inLanguage":"fr-FR","potentialAction":[{"@type":"ReadAction","target":["https:\/\/elfsight.com\/fr\/apple-app-store-reviews-widget\/facebook\/"]}]},{"@type":"BreadcrumbList","@id":"https:\/\/elfsight.com\/fr\/apple-app-store-reviews-widget\/facebook\/#breadcrumb","itemListElement":[{"@type":"ListItem","position":1,"name":"Home","item":"https:\/\/elfsight.com\/fr\/"},{"@type":"ListItem","position":2,"name":"Apple App Store Reviews","item":"https:\/\/elfsight.com\/fr\/apple-app-store-reviews-widget\/"},{"@type":"ListItem","position":3,"name":"Apple App Store Reviews &#8211; Facebook"}]},{"@type":"WebSite","@id":"https:\/\/elfsight.com\/fr\/#website","url":"https:\/\/elfsight.com\/fr\/","name":"Elfsight FR","description":"","potentialAction":[{"@type":"SearchAction","target":{"@type":"EntryPoint","urlTemplate":"https:\/\/elfsight.com\/fr\/?s={search_term_string}"},"query-input":{"@type":"PropertyValueSpecification","valueRequired":true,"valueName":"search_term_string"}}],"inLanguage":"fr-FR"}]}},"meta_box":{"industry":"","seo_heading":"","heading":"","description":"","cta_heading":"","cta_description":"","application":"2152","h1":"Widget d'avis sur l'App Store d'Apple de Facebook","h1_caption":"Renforcez la confiance en affichant les vrais avis des utilisateurs avec les informations sur l'auteur","application_category":[],"applications_title":"","applications_request_title":"","applications_request_button_text":"","hero_text":"","hero_video":"","hero_video_schema_markup":"","selling_points_title":"","selling_points_caption":"","selling_points":[],"selling_points_cta_text":"","features_title":"","features":"","ed_cta_examples_text":"","ed_cta_examples_hidden":"","ed_cta_demo_text":"","ed_cta_demo_hidden":"","why_caption":"","why_editor_title":"","why_editor_text":"","why_team_title":"","why_team_text":"","why_service_title":"","why_service_text":"","template_catalog_visible":"","template_catalog_title":"","template_catalog_text":"","template_catalog_categories_visible":"","demo_title":"Obtenez un produit personnalis\u00e9 en quelques minutes seulement !","demo_caption":"Profitez de l'occasion pour personnaliser le widget en quelques clics et introduisez-le dans votre site d\u00e8s la sortie de la d\u00e9mo.","default_faq_hidden":"","app_template_category":[],"platform":"394","template_public_id":"","codecanyon_url":"","codecanyon_item_id":"","codecanyon_price":"","pricing_caption":"","pricing_elfsight_apps_hide_column":"","pricing_elfsight_apps_url":"","pricing_codecanyon_price_caption":"","integration_category":[],"integration_request_title":"","integration_request_cta":"","integration_platform":"","integrations":[],"platform_category":[],"video_schema_markup":"","price":"\u00e0 partir de 0$ \/ mois","trial":"","benefits":[{"text":"Aide \u00e0 l'installation gratuite"},{"text":"Service client efficace"},{"text":"Garantie de remboursement de 14 jours"},{"text":"Mises \u00e0 jour gratuites en continu"}],"button_url":"#demo","button_target_blank":"","button_nofollow":"","attributes":[{"name":"Installations","content":"10,000 - 100,000"},{"name":"Sensible","content":"Oui"},{"name":"Navigateurs compatibles","content":"Firefox, Opera, Chrome, Safari, Edge"}],"tags":[],"tags_disable_links":"","hide_more_platforms":"","video_object":"","demo_hide_cta":"","demo_hide_cloud_options":"","pricing_title":"","pricing":[{"pricing_icon":"platform","pricing_title":"Elfsight Apps","pricing_title_caption":"Solution multiplateforme adapt\u00e9e \u00e0 n'importe quel site Web","pricing_price":"from $0 \/ month","pricing_price_caption":"commencez avec un forfait gratuit","pricing_benefits":[{"text":"Domaines illimit\u00e9s"},{"text":"Accompagnement professionnel de l'entreprise"},{"text":"Service d'installation gratuit"},{"text":"100% personnalisable"}],"pricing_button_text":"Ajouter au site Web","pricing_button_url":"#demo"}],"related_apps_title":"","related_apps_hidden":"","author":"","image":[],"title":"","job":"","social_networks":[]},"_links":{"self":[{"href":"https:\/\/elfsight.com\/fr\/wp-json\/wp\/v2\/pages\/7947","targetHints":{"allow":["GET"]}}],"collection":[{"href":"https:\/\/elfsight.com\/fr\/wp-json\/wp\/v2\/pages"}],"about":[{"href":"https:\/\/elfsight.com\/fr\/wp-json\/wp\/v2\/types\/page"}],"author":[{"embeddable":true,"href":"https:\/\/elfsight.com\/fr\/wp-json\/wp\/v2\/users\/9"}],"replies":[{"embeddable":true,"href":"https:\/\/elfsight.com\/fr\/wp-json\/wp\/v2\/comments?post=7947"}],"version-history":[{"count":1,"href":"https:\/\/elfsight.com\/fr\/wp-json\/wp\/v2\/pages\/7947\/revisions"}],"predecessor-version":[{"id":7951,"href":"https:\/\/elfsight.com\/fr\/wp-json\/wp\/v2\/pages\/7947\/revisions\/7951"}],"up":[{"embeddable":true,"href":"https:\/\/elfsight.com\/fr\/wp-json\/wp\/v2\/pages\/2153"}],"wp:attachment":[{"href":"https:\/\/elfsight.com\/fr\/wp-json\/wp\/v2\/media?parent=7947"}],"curies":[{"name":"wp","href":"https:\/\/api.w.org\/{rel}","templated":true}]}}