{"id":7946,"date":"2024-05-03T06:28:15","date_gmt":"2024-05-03T06:28:15","guid":{"rendered":"https:\/\/elfsight.com\/fr\/?page_id=7946"},"modified":"2025-07-09T09:52:06","modified_gmt":"2025-07-09T09:52:06","slug":"elementor","status":"publish","type":"page","link":"https:\/\/elfsight.com\/fr\/apple-app-store-reviews-widget\/elementor\/","title":{"rendered":"Apple App Store Reviews &#8211; Elementor"},"content":{"rendered":"<div class=\"application-platform-content-item-description application-platform-content-item\" id=\"description\" data-nav-section=\"description\"><h2>Int\u00e9grer les avis de l&rsquo;Apple App Store sur Elementor avec le widget Elfsight<\/h2> <p>Elfsight Apple App Store Reviews est un outil utile utilis\u00e9 pour affichez les avis sur vos produits directement sur votre page Web. En utilisant l&rsquo;outil Elfsight, vous pourrez appliquer des filtres pour masquer les commentaires ind\u00e9sirables, vanter votre note en \u00e9toiles et votre note num\u00e9rique, ajouter des donn\u00e9es sur les auteurs des commentaires et ajouter un CTA qui peut motiver les utilisateurs \u00e0 laisser leur avis. Elfsight Apple Reviews vous aidera \u00e0 d\u00e9montrer votre excellente preuve sociale sur le site Web et \u00e0 g\u00e9n\u00e9rer de nouvelles ventes. <\/p><p><b>Augmentez vos ventes en affichant votre excellente note et la gratitude des visiteurs<\/b><\/p><\/div> <div class=\"application-platform-content-item-features application-platform-content-item\" id=\"features\" data-nav-section=\"features\"><h2>Principales fonctionnalit\u00e9s de l&rsquo;application Apple Widget Avis sur la boutique<\/h2> <p>Voici une liste de toutes les caract\u00e9ristiques fonctionnelles du produit. Ils sont disponibles directement dans l&rsquo;\u00e9diteur et vous aideront \u00e0 fa\u00e7onner le widget sp\u00e9cialement pour vos besoins. <\/p> <ul> <li>R\u00e9glage de la vitesse de diapositive et de la vitesse de lecture automatique\u00a0; <\/li> <li>Choisir le type de pagination dans la disposition Slider\u00a0; <\/li> <li>Largeur et hauteur r\u00e9actives\u00a0; <\/li> <li>Une option pour activer\/d\u00e9sactiver l&rsquo;en-t\u00eate du widget\u00a0; <\/li> <\/ul> <p><a href=\"#demo\">Vous pouvez essayer toutes les fonctionnalit\u00e9s du widget directement dans la d\u00e9mo<\/a><\/p> <\/div> <div class=\"application-platform-content-item-installation application-platform-content-item\" id=\"installation\" data-nav-section=\"installation\"> <h2>Comment ajouter des avis Apple Store \u00e0 mon site Web Elementor\u00a0? <\/h2> <p>Pour ins\u00e9rer un widget, suivez simplement les instructions ci-dessous. <\/p> <ul> <li><b>Cr\u00e9ez votre plugin Apple personnalis\u00e9<\/b><br> Dans notre d\u00e9mo gratuite, cr\u00e9ez un plugin avec un design et des fonctions pr\u00e9f\u00e9rables. <\/li> <li><b>Recevez le code personnel pour afficher le plugin<\/b><br> Apr\u00e8s avoir configur\u00e9 votre widget, vous obtiendrez le code d&rsquo;installation \u00e0 partir de la notification contextuelle sur Elfsight Apps. Copiez-le. <\/li> <li><b>Publiez le plugin sur votre site Elementor<\/b><br> Choisissez l&rsquo;endroit sur lequel vous souhaitez afficher le plugin et ins\u00e9rez-y le code enregistr\u00e9. Publier les r\u00e9sultats. <\/li> <li><b>L&rsquo;installation est termin\u00e9e<\/b><br> Entrez dans la page Web pour voir votre plugin. <\/li> <\/ul> <p>N&rsquo;h\u00e9sitez pas \u00e0 contacter le support client si vous avez besoin de conseils ou si vous rencontrez des probl\u00e8mes. Nos sp\u00e9cialistes se feront un plaisir de r\u00e9pondre \u00e0 chaque demande. <\/p> <\/div>","protected":false},"excerpt":{"rendered":"","protected":false},"author":9,"featured_media":0,"parent":2153,"menu_order":0,"comment_status":"closed","ping_status":"closed","template":"templates\/template-application-platform.php","meta":{"publish_to_discourse":"","publish_post_category":"","wpdc_auto_publish_overridden":"","wpdc_topic_tags":"","wpdc_pin_topic":"","wpdc_pin_until":"","discourse_post_id":"","discourse_permalink":"","wpdc_publishing_response":"","wpdc_publishing_error":"","footnotes":""},"class_list":["post-7946","page","type-page","status-publish","hentry"],"yoast_head":"<!-- This site is optimized with the Yoast SEO plugin v25.3.1 - https:\/\/yoast.com\/wordpress\/plugins\/seo\/ -->\n<title>Int\u00e9grez les avis Apple sur votre site Web Elementor (facile et rapide)<\/title>\n<meta name=\"description\" content=\"C&#039;est un processus simple pour cr\u00e9er votre propre widget Apple Reviews et le publier sur votre site Web Elementor. Le service client Elfsight est gratuit.\" \/>\n<meta name=\"robots\" content=\"index, follow, max-snippet:-1, max-image-preview:large, max-video-preview:-1\" \/>\n<link rel=\"canonical\" href=\"https:\/\/elfsight.com\/fr\/apple-app-store-reviews-widget\/elementor\/\" \/>\n<meta property=\"og:locale\" content=\"fr_FR\" \/>\n<meta property=\"og:type\" content=\"article\" \/>\n<meta property=\"og:title\" content=\"Int\u00e9grez les avis Apple sur votre site Web Elementor (facile et rapide)\" \/>\n<meta property=\"og:description\" content=\"C&#039;est un processus simple pour cr\u00e9er votre propre widget Apple Reviews et le publier sur votre site Web Elementor. Le service client Elfsight est gratuit.\" \/>\n<meta property=\"og:url\" content=\"https:\/\/elfsight.com\/fr\/apple-app-store-reviews-widget\/elementor\/\" \/>\n<meta property=\"og:site_name\" content=\"Elfsight FR\" \/>\n<meta property=\"article:modified_time\" content=\"2025-07-09T09:52:06+00:00\" \/>\n<meta name=\"twitter:card\" content=\"summary_large_image\" \/>\n<meta name=\"twitter:label1\" content=\"Dur\u00e9e de lecture estim\u00e9e\" \/>\n\t<meta name=\"twitter:data1\" content=\"2 minutes\" \/>\n<!-- \/ Yoast SEO plugin. -->","yoast_head_json":{"title":"Int\u00e9grez les avis Apple sur votre site Web Elementor (facile et rapide)","description":"C'est un processus simple pour cr\u00e9er votre propre widget Apple Reviews et le publier sur votre site Web Elementor. Le service client Elfsight est gratuit.","robots":{"index":"index","follow":"follow","max-snippet":"max-snippet:-1","max-image-preview":"max-image-preview:large","max-video-preview":"max-video-preview:-1"},"canonical":"https:\/\/elfsight.com\/fr\/apple-app-store-reviews-widget\/elementor\/","og_locale":"fr_FR","og_type":"article","og_title":"Int\u00e9grez les avis Apple sur votre site Web Elementor (facile et rapide)","og_description":"C'est un processus simple pour cr\u00e9er votre propre widget Apple Reviews et le publier sur votre site Web Elementor. Le service client Elfsight est gratuit.","og_url":"https:\/\/elfsight.com\/fr\/apple-app-store-reviews-widget\/elementor\/","og_site_name":"Elfsight FR","article_modified_time":"2025-07-09T09:52:06+00:00","twitter_card":"summary_large_image","twitter_misc":{"Dur\u00e9e de lecture estim\u00e9e":"2 minutes"},"schema":{"@context":"https:\/\/schema.org","@graph":[{"@type":"WebPage","@id":"https:\/\/elfsight.com\/fr\/apple-app-store-reviews-widget\/elementor\/","url":"https:\/\/elfsight.com\/fr\/apple-app-store-reviews-widget\/elementor\/","name":"Int\u00e9grez les avis Apple sur votre site Web Elementor (facile et rapide)","isPartOf":{"@id":"https:\/\/elfsight.com\/fr\/#website"},"datePublished":"2024-05-03T06:28:15+00:00","dateModified":"2025-07-09T09:52:06+00:00","description":"C'est un processus simple pour cr\u00e9er votre propre widget Apple Reviews et le publier sur votre site Web Elementor. Le service client Elfsight est gratuit.","breadcrumb":{"@id":"https:\/\/elfsight.com\/fr\/apple-app-store-reviews-widget\/elementor\/#breadcrumb"},"inLanguage":"fr-FR","potentialAction":[{"@type":"ReadAction","target":["https:\/\/elfsight.com\/fr\/apple-app-store-reviews-widget\/elementor\/"]}]},{"@type":"BreadcrumbList","@id":"https:\/\/elfsight.com\/fr\/apple-app-store-reviews-widget\/elementor\/#breadcrumb","itemListElement":[{"@type":"ListItem","position":1,"name":"Home","item":"https:\/\/elfsight.com\/fr\/"},{"@type":"ListItem","position":2,"name":"Apple App Store Reviews","item":"https:\/\/elfsight.com\/fr\/apple-app-store-reviews-widget\/"},{"@type":"ListItem","position":3,"name":"Apple App Store Reviews &#8211; Elementor"}]},{"@type":"WebSite","@id":"https:\/\/elfsight.com\/fr\/#website","url":"https:\/\/elfsight.com\/fr\/","name":"Elfsight FR","description":"","potentialAction":[{"@type":"SearchAction","target":{"@type":"EntryPoint","urlTemplate":"https:\/\/elfsight.com\/fr\/?s={search_term_string}"},"query-input":{"@type":"PropertyValueSpecification","valueRequired":true,"valueName":"search_term_string"}}],"inLanguage":"fr-FR"}]}},"meta_box":{"industry":"","seo_heading":"","heading":"","description":"","cta_heading":"","cta_description":"","application":"2152","h1":"Widget d\u2019avis sur l\u2019App Store d\u2019Elementor","h1_caption":"Int\u00e9grez les avis de votre widget Apple Widget Store pour renforcer votre cr\u00e9dibilit\u00e9 et encourager davantage de t\u00e9l\u00e9chargements sur votre site Web Elementor sans effort.","application_category":[],"applications_title":"","applications_request_title":"","applications_request_button_text":"","hero_text":"","hero_video":"","hero_video_schema_markup":"","selling_points_title":"","selling_points_caption":"","selling_points":[],"selling_points_cta_text":"","features_title":"","features":"","ed_cta_examples_text":"","ed_cta_examples_hidden":"","ed_cta_demo_text":"","ed_cta_demo_hidden":"","why_caption":"","why_editor_title":"","why_editor_text":"","why_team_title":"","why_team_text":"","why_service_title":"","why_service_text":"","template_catalog_visible":"","template_catalog_title":"","template_catalog_text":"","template_catalog_categories_visible":"","demo_title":"Cr\u00e9ez votre widget Avis sur l'App Store d'Apple","demo_caption":"Configurez vos avis Apple App Store et ajoutez-le gratuitement \u00e0 votre site Web Elementor !","default_faq_hidden":"","app_template_category":[],"platform":"385","template_public_id":"","codecanyon_url":"","codecanyon_item_id":"","codecanyon_price":"","pricing_caption":"","pricing_elfsight_apps_hide_column":"","pricing_elfsight_apps_url":"","pricing_codecanyon_price_caption":"","integration_category":[],"integration_request_title":"","integration_request_cta":"","integration_platform":"","integrations":[],"platform_category":[],"video_schema_markup":"","price":"\u00e0 partir de 0$ \/ mois","trial":"","benefits":[{"text":"Aide \u00e0 l'installation gratuite"},{"text":"Support client exp\u00e9riment\u00e9"},{"text":"Garantie de remboursement de 14 jours"},{"text":"Mises \u00e0 jour \u00e0 vie"}],"button_url":"#demo","button_target_blank":"","button_nofollow":"","attributes":[{"name":"Installations","content":"10,000 - 100,000"},{"name":"Sensible","content":"Oui"},{"name":"Navigateurs compatibles","content":"IE11, Firefox, Safari, Opera, Chrome, Edge"}],"tags":[],"tags_disable_links":"","hide_more_platforms":"","video_object":"","demo_hide_cta":"","demo_hide_cloud_options":"","pricing_title":"","pricing":[{"pricing_icon":"platform","pricing_title":"Elfsight Apps","pricing_title_caption":"Version ind\u00e9pendante de la plateforme","pricing_price":"from $0 \/ month","pricing_price_caption":"commencez avec un forfait gratuit","pricing_benefits":[{"text":"Domaines illimit\u00e9s"},{"text":"Accompagnement d\u00e9di\u00e9 de l'entreprise"},{"text":"Service d'installation gratuit"},{"text":"Prix \u200b\u200bsp\u00e9cial pour plusieurs applications"}],"pricing_button_text":"Ajouter au site Web","pricing_button_url":"#demo"}],"related_apps_title":"","related_apps_hidden":"","author":"","image":[],"title":"","job":"","social_networks":[]},"_links":{"self":[{"href":"https:\/\/elfsight.com\/fr\/wp-json\/wp\/v2\/pages\/7946","targetHints":{"allow":["GET"]}}],"collection":[{"href":"https:\/\/elfsight.com\/fr\/wp-json\/wp\/v2\/pages"}],"about":[{"href":"https:\/\/elfsight.com\/fr\/wp-json\/wp\/v2\/types\/page"}],"author":[{"embeddable":true,"href":"https:\/\/elfsight.com\/fr\/wp-json\/wp\/v2\/users\/9"}],"replies":[{"embeddable":true,"href":"https:\/\/elfsight.com\/fr\/wp-json\/wp\/v2\/comments?post=7946"}],"version-history":[{"count":1,"href":"https:\/\/elfsight.com\/fr\/wp-json\/wp\/v2\/pages\/7946\/revisions"}],"predecessor-version":[{"id":7950,"href":"https:\/\/elfsight.com\/fr\/wp-json\/wp\/v2\/pages\/7946\/revisions\/7950"}],"up":[{"embeddable":true,"href":"https:\/\/elfsight.com\/fr\/wp-json\/wp\/v2\/pages\/2153"}],"wp:attachment":[{"href":"https:\/\/elfsight.com\/fr\/wp-json\/wp\/v2\/media?parent=7946"}],"curies":[{"name":"wp","href":"https:\/\/api.w.org\/{rel}","templated":true}]}}