{"id":7930,"date":"2024-05-03T06:28:07","date_gmt":"2024-05-03T06:28:07","guid":{"rendered":"https:\/\/elfsight.com\/fr\/?page_id=7930"},"modified":"2025-07-09T09:54:16","modified_gmt":"2025-07-09T09:54:16","slug":"squarespace","status":"publish","type":"page","link":"https:\/\/elfsight.com\/fr\/apple-app-store-reviews-widget\/squarespace\/","title":{"rendered":"Apple App Store Reviews &#8211; Squarespace"},"content":{"rendered":"<div class=\"application-platform-content-item-description application-platform-content-item\" id=\"description\" data-nav-section=\"description\"><h2>Int\u00e9grez les avis de l&rsquo;Apple App Store sur Squarespace avec le widget Elfsight<\/h2> <p>Elfsight Apple App Store Reviews est un outil pratique qui vous permet une opportunit\u00e9 de d\u00e9montrer les avis sur votre entreprise directement sur votre page Web. En utilisant le widget Elfsight, vous parviendrez \u00e0 appliquer des filtres pour masquer les avis n\u00e9gatifs, \u00e0 vanter votre note en \u00e9toiles et votre note num\u00e9rique, \u00e0 r\u00e9v\u00e9ler des informations sur les cr\u00e9ateurs des commentaires et \u00e0 ajouter un CTA qui est l\u00e0 pour inciter les utilisateurs \u00e0 publier leur avis. Le widget Elfsight Apple Reviews vous aidera \u00e0 vanter votre preuve sociale \u00e9lev\u00e9e sur le site et \u00e0 commencer \u00e0 r\u00e9aliser davantage de nouvelles ventes. <\/p><p><b>Avancez vos ventes en b\u00e9n\u00e9ficiant de notes impressionnantes et de la reconnaissance des utilisateurs<\/b><\/p><\/div> <div class=\"application-platform-content-item-features application-platform-content-item\" id=\"features\" data-nav-section=\"features\"><h2>Principales fonctionnalit\u00e9s de l&rsquo;App Store d&rsquo;Apple Widget d&rsquo;avis<\/h2> <p>Voir toutes les fonctionnalit\u00e9s du produit. Vous pouvez les g\u00e9rer directement dans l&rsquo;\u00e9diteur et ils vous aideront \u00e0 cr\u00e9er le widget le plus adapt\u00e9 \u00e0 votre cas. <\/p> <ul> <li>R\u00e9glage de la vitesse de diapositive et de la vitesse de lecture automatique\u00a0; <\/li> <li>S\u00e9lection du type de pagination dans la disposition Slider\u00a0; <\/li> <li>Largeur et hauteur flexibles\u00a0; <\/li> <li>En-t\u00eate commutable de l&rsquo;outil\u00a0; <\/li> <\/ul> <p><a href=\"#demo\">D\u00e9couvrez comment fonctionnent toutes les fonctionnalit\u00e9s, dans notre d\u00e9mo<\/a><\/p> <\/div> <div class=\"application-platform-content-item-installation application-platform-content-item\" id=\"installation\" data-nav-section=\"installation\"> <h2>Comment ajouter des avis sur l&rsquo;App Store d&rsquo;Apple \u00e0 mon site Squarespace\u00a0? <\/h2> <p>Pour ajouter un widget, suivez les \u00e9tapes rapides suivantes. <\/p> <ul> <li><b>Concevez votre plugin Apple unique<\/b><br> En g\u00e9rant notre configurateur gratuit, obtenez un plugin avec une interface et des fonctions pr\u00e9f\u00e9rables. <\/li> <li><b>Acqu\u00e9rir le code personnel pour installer le plugin<\/b><br> Apr\u00e8s avoir cr\u00e9\u00e9 votre widget, vous obtiendrez le code individuel \u00e0 partir de la fen\u00eatre contextuelle sur Elfsight Apps. Copiez ce code. <\/li> <li><b>Int\u00e9grez le plugin sur votre site Squarespace<\/b><br> Trouvez l&rsquo;endroit o\u00f9 vous devez ajouter le plugin et ajoutez-y le code copi\u00e9. Appliquez les r\u00e9sultats. <\/li> <li><b>Vous avez termin\u00e9\u00a0! <\/b><br> Allez sur votre site, pour jeter un oeil \u00e0 votre travail. <\/li> <\/ul> <p>Vous \u00eates invit\u00e9s \u00e0 communiquer avec le service client d&rsquo;Elfsight si vous avez besoin de conseils ou si vous avez des probl\u00e8mes. Nos sp\u00e9cialistes vous donneront un coup de main pour chaque demande. <\/p> <div class=\"faq\" data-component=\"FAQ\"><div class=\"faq-item\">\r\n\t\t\t\t\t<div class=\"faq-item-question\">\r\n\t\t\t\t\t\t<h3 class=\"faq-item-question-text\">Comment int\u00e9grer une FAQ dans mon site Squarespace sans expertise en codage ?<\/h3>\r\n\r\n\t\t\t\t\t\t<div class=\"faq-item-question-icon\"><\/div>\r\n\t\t\t\t\t<\/div>\r\n\r\n\t\t\t\t\t<div class=\"faq-item-answer\">\r\n\t\t\t\t\t\t<div class=\"faq-item-answer-text\"><p>Elfsight propose une solution SaaS qui vous permet de cr\u00e9er vous-m\u00eame un widget FAQ, voyez \u00e0 quel point le processus est simple. : agissez directement dans l&rsquo;\u00e9diteur en ligne pour g\u00e9n\u00e9rer le widget FAQ que vous d\u00e9sirez pour votre site Web Squarespace. S\u00e9lectionnez parmi nos mod\u00e8les pr\u00eats \u00e0 l&#8217;emploi et ajustez les configurations de la FAQ, int\u00e9grez votre contenu, modifiez le design et les couleurs sans n\u00e9cessiter de comp\u00e9tences en codage. Conservez la FAQ et copiez son code d&rsquo;installation afin de pouvoir l&rsquo;ins\u00e9rer sans effort dans votre site Web Squarespace sans avoir \u00e0 acheter un forfait premium. Gr\u00e2ce \u00e0 notre \u00e9diteur convivial, tout internaute peut cr\u00e9er un widget FAQ en ligne et l&rsquo;int\u00e9grer facilement \u00e0 son site Web Squarespace. Il n&rsquo;est pas n\u00e9cessaire d&rsquo;effectuer un paiement ou de fournir les d\u00e9tails de votre carte pour acc\u00e9der \u00e0 ce service. Si vous rencontrez des difficult\u00e9s \u00e0 un moment donn\u00e9, n&rsquo;h\u00e9sitez pas \u00e0 contacter notre \u00e9quipe d&rsquo;assistance technique.<\/p><\/div>\r\n\t\t\t\t\t<\/div>\r\n\t\t\t\t<\/div><\/div><\/div>","protected":false},"excerpt":{"rendered":"","protected":false},"author":9,"featured_media":0,"parent":2153,"menu_order":0,"comment_status":"closed","ping_status":"closed","template":"templates\/template-application-platform.php","meta":{"publish_to_discourse":"","publish_post_category":"","wpdc_auto_publish_overridden":"","wpdc_topic_tags":"","wpdc_pin_topic":"","wpdc_pin_until":"","discourse_post_id":"","discourse_permalink":"","wpdc_publishing_response":"","wpdc_publishing_error":"","footnotes":""},"class_list":["post-7930","page","type-page","status-publish","hentry"],"yoast_head":"<!-- This site is optimized with the Yoast SEO plugin v25.3.1 - https:\/\/yoast.com\/wordpress\/plugins\/seo\/ -->\n<title>Int\u00e9grez les avis Apple sur votre site Web Squarespace (facile et rapide)<\/title>\n<meta name=\"description\" content=\"C&#039;est un processus simple pour cr\u00e9er votre propre widget Apple Reviews et le publier sur votre site Web Squarespace. Le service client Elfsight est gratuit.\" \/>\n<meta name=\"robots\" content=\"index, follow, max-snippet:-1, max-image-preview:large, max-video-preview:-1\" \/>\n<link rel=\"canonical\" href=\"https:\/\/elfsight.com\/fr\/apple-app-store-reviews-widget\/squarespace\/\" \/>\n<meta property=\"og:locale\" content=\"fr_FR\" \/>\n<meta property=\"og:type\" content=\"article\" \/>\n<meta property=\"og:title\" content=\"Int\u00e9grez les avis Apple sur votre site Web Squarespace (facile et rapide)\" \/>\n<meta property=\"og:description\" content=\"C&#039;est un processus simple pour cr\u00e9er votre propre widget Apple Reviews et le publier sur votre site Web Squarespace. Le service client Elfsight est gratuit.\" \/>\n<meta property=\"og:url\" content=\"https:\/\/elfsight.com\/fr\/apple-app-store-reviews-widget\/squarespace\/\" \/>\n<meta property=\"og:site_name\" content=\"Elfsight FR\" \/>\n<meta property=\"article:modified_time\" content=\"2025-07-09T09:54:16+00:00\" \/>\n<meta name=\"twitter:card\" content=\"summary_large_image\" \/>\n<meta name=\"twitter:label1\" content=\"Dur\u00e9e de lecture estim\u00e9e\" \/>\n\t<meta name=\"twitter:data1\" content=\"3 minutes\" \/>\n<!-- \/ Yoast SEO plugin. -->","yoast_head_json":{"title":"Int\u00e9grez les avis Apple sur votre site Web Squarespace (facile et rapide)","description":"C'est un processus simple pour cr\u00e9er votre propre widget Apple Reviews et le publier sur votre site Web Squarespace. Le service client Elfsight est gratuit.","robots":{"index":"index","follow":"follow","max-snippet":"max-snippet:-1","max-image-preview":"max-image-preview:large","max-video-preview":"max-video-preview:-1"},"canonical":"https:\/\/elfsight.com\/fr\/apple-app-store-reviews-widget\/squarespace\/","og_locale":"fr_FR","og_type":"article","og_title":"Int\u00e9grez les avis Apple sur votre site Web Squarespace (facile et rapide)","og_description":"C'est un processus simple pour cr\u00e9er votre propre widget Apple Reviews et le publier sur votre site Web Squarespace. Le service client Elfsight est gratuit.","og_url":"https:\/\/elfsight.com\/fr\/apple-app-store-reviews-widget\/squarespace\/","og_site_name":"Elfsight FR","article_modified_time":"2025-07-09T09:54:16+00:00","twitter_card":"summary_large_image","twitter_misc":{"Dur\u00e9e de lecture estim\u00e9e":"3 minutes"},"schema":{"@context":"https:\/\/schema.org","@graph":[{"@type":"WebPage","@id":"https:\/\/elfsight.com\/fr\/apple-app-store-reviews-widget\/squarespace\/","url":"https:\/\/elfsight.com\/fr\/apple-app-store-reviews-widget\/squarespace\/","name":"Int\u00e9grez les avis Apple sur votre site Web Squarespace (facile et rapide)","isPartOf":{"@id":"https:\/\/elfsight.com\/fr\/#website"},"datePublished":"2024-05-03T06:28:07+00:00","dateModified":"2025-07-09T09:54:16+00:00","description":"C'est un processus simple pour cr\u00e9er votre propre widget Apple Reviews et le publier sur votre site Web Squarespace. Le service client Elfsight est gratuit.","breadcrumb":{"@id":"https:\/\/elfsight.com\/fr\/apple-app-store-reviews-widget\/squarespace\/#breadcrumb"},"inLanguage":"fr-FR","potentialAction":[{"@type":"ReadAction","target":["https:\/\/elfsight.com\/fr\/apple-app-store-reviews-widget\/squarespace\/"]}]},{"@type":"BreadcrumbList","@id":"https:\/\/elfsight.com\/fr\/apple-app-store-reviews-widget\/squarespace\/#breadcrumb","itemListElement":[{"@type":"ListItem","position":1,"name":"Home","item":"https:\/\/elfsight.com\/fr\/"},{"@type":"ListItem","position":2,"name":"Apple App Store Reviews","item":"https:\/\/elfsight.com\/fr\/apple-app-store-reviews-widget\/"},{"@type":"ListItem","position":3,"name":"Apple App Store Reviews &#8211; Squarespace"}]},{"@type":"WebSite","@id":"https:\/\/elfsight.com\/fr\/#website","url":"https:\/\/elfsight.com\/fr\/","name":"Elfsight FR","description":"","potentialAction":[{"@type":"SearchAction","target":{"@type":"EntryPoint","urlTemplate":"https:\/\/elfsight.com\/fr\/?s={search_term_string}"},"query-input":{"@type":"PropertyValueSpecification","valueRequired":true,"valueName":"search_term_string"}}],"inLanguage":"fr-FR"}]}},"meta_box":{"industry":"","seo_heading":"","heading":"","description":"","cta_heading":"","cta_description":"","application":"2152","h1":"Plugin d'avis sur l'App Store d'Apple Squarespace","h1_caption":"Int\u00e9grez les avis de votre plug-in Apple Plugin Store pour renforcer votre cr\u00e9dibilit\u00e9 et encourager davantage de t\u00e9l\u00e9chargements sur votre site Web Squarespace sans effort.","application_category":[],"applications_title":"","applications_request_title":"","applications_request_button_text":"","hero_text":"","hero_video":"","hero_video_schema_markup":"","selling_points_title":"","selling_points_caption":"","selling_points":[],"selling_points_cta_text":"","features_title":"","features":"","ed_cta_examples_text":"","ed_cta_examples_hidden":"","ed_cta_demo_text":"","ed_cta_demo_hidden":"","why_caption":"","why_editor_title":"","why_editor_text":"","why_team_title":"","why_team_text":"","why_service_title":"","why_service_text":"","template_catalog_visible":"","template_catalog_title":"","template_catalog_text":"","template_catalog_categories_visible":"","demo_title":"Cr\u00e9ez votre plugin Apple App Store Reviews","demo_caption":"Configurez vos avis Apple App Store et ajoutez-le gratuitement \u00e0 votre site Web Squarespace\u00a0!","default_faq_hidden":"","app_template_category":[],"platform":"361","template_public_id":"","codecanyon_url":"","codecanyon_item_id":"","codecanyon_price":"","pricing_caption":"","pricing_elfsight_apps_hide_column":"","pricing_elfsight_apps_url":"","pricing_codecanyon_price_caption":"","integration_category":[],"integration_request_title":"","integration_request_cta":"","integration_platform":"","integrations":[],"platform_category":[],"video_schema_markup":"","price":"\u00e0 partir de 0$ \/ mois","trial":"","benefits":[{"text":"Aide \u00e0 l'installation gratuite"},{"text":"Service client efficace"},{"text":"Garantie de remboursement de 14 jours"},{"text":"Am\u00e9liorations r\u00e9guli\u00e8res"}],"button_url":"#demo","button_target_blank":"","button_nofollow":"","attributes":[{"name":"Installations","content":"10,000 - 100,000"},{"name":"Sensible","content":"Oui"},{"name":"Navigateurs compatibles","content":"Firefox, Safari, Opera, Chrome, Edge"}],"tags":[],"tags_disable_links":"","hide_more_platforms":"","video_object":"","demo_hide_cta":"","demo_hide_cloud_options":"","pricing_title":"","pricing":[{"pricing_icon":"platform","pricing_title":"Elfsight Apps","pricing_title_caption":"Solution multiplateforme qui fonctionne sur n'importe quel site Web","pricing_price":"from $0 \/ month","pricing_price_caption":"commencez avec un forfait gratuit","pricing_benefits":[{"text":"Sites Web illimit\u00e9s"},{"text":"Support client gratuit et bien document\u00e9"},{"text":"Assistance \u00e0 l'installation gratuite"},{"text":"Conception flexible"}],"pricing_button_text":"Ajouter au site Web","pricing_button_url":"#demo"}],"related_apps_title":"","related_apps_hidden":"","author":"","image":[],"title":"","job":"","social_networks":[]},"_links":{"self":[{"href":"https:\/\/elfsight.com\/fr\/wp-json\/wp\/v2\/pages\/7930","targetHints":{"allow":["GET"]}}],"collection":[{"href":"https:\/\/elfsight.com\/fr\/wp-json\/wp\/v2\/pages"}],"about":[{"href":"https:\/\/elfsight.com\/fr\/wp-json\/wp\/v2\/types\/page"}],"author":[{"embeddable":true,"href":"https:\/\/elfsight.com\/fr\/wp-json\/wp\/v2\/users\/9"}],"replies":[{"embeddable":true,"href":"https:\/\/elfsight.com\/fr\/wp-json\/wp\/v2\/comments?post=7930"}],"version-history":[{"count":1,"href":"https:\/\/elfsight.com\/fr\/wp-json\/wp\/v2\/pages\/7930\/revisions"}],"predecessor-version":[{"id":7934,"href":"https:\/\/elfsight.com\/fr\/wp-json\/wp\/v2\/pages\/7930\/revisions\/7934"}],"up":[{"embeddable":true,"href":"https:\/\/elfsight.com\/fr\/wp-json\/wp\/v2\/pages\/2153"}],"wp:attachment":[{"href":"https:\/\/elfsight.com\/fr\/wp-json\/wp\/v2\/media?parent=7930"}],"curies":[{"name":"wp","href":"https:\/\/api.w.org\/{rel}","templated":true}]}}