{"id":7925,"date":"2024-05-03T06:28:06","date_gmt":"2024-05-03T06:28:06","guid":{"rendered":"https:\/\/elfsight.com\/fr\/?page_id=7925"},"modified":"2025-07-09T09:54:23","modified_gmt":"2025-07-09T09:54:23","slug":"webflow","status":"publish","type":"page","link":"https:\/\/elfsight.com\/fr\/apple-app-store-reviews-widget\/webflow\/","title":{"rendered":"Apple App Store Reviews &#8211; Webflow"},"content":{"rendered":"<div class=\"application-platform-content-item-description application-platform-content-item\" id=\"description\" data-nav-section=\"description\"><h2>Int\u00e9grez les avis de l&rsquo;Apple App Store sur Webflow avec le widget Elfsight<\/h2> <p>Elfsight Apple Store Reviews est un widget pratique vous offrant possibilit\u00e9 d&rsquo;afficher les avis sur votre entreprise directement sur votre site Web. Ce widget, vous pourrez appliquer des filtres pour masquer les commentaires n\u00e9gatifs, r\u00e9v\u00e9ler votre note en \u00e9toiles et votre note num\u00e9rique, r\u00e9v\u00e9ler des donn\u00e9es sur les auteurs des commentaires et ajouter un appel \u00e0 l&rsquo;action qui incitera les utilisateurs \u00e0 publier leur avis. Elfsight Apple Reviews vous aidera \u00e0 d\u00e9montrer votre preuve sociale \u00e9lev\u00e9e sur votre site et \u00e0 attirer de nouveaux achats. <\/p><p><b>Augmentez vos ventes en d\u00e9montrant des notes impressionnantes et la gratitude des clients<\/b><\/p><\/div> <div class=\"application-platform-content-item-features application-platform-content-item\" id=\"features\" data-nav-section=\"features\"><h2>Principales fonctionnalit\u00e9s des avis sur l&rsquo;App Store d&rsquo;Apple widget<\/h2> <p>Voir toutes les fonctionnalit\u00e9s du produit. Vous pouvez les g\u00e9rer directement dans l&rsquo;\u00e9diteur et ils vous aideront \u00e0 configurer le widget sp\u00e9cialement pour vos besoins. <\/p> <ul> <li>Une option pour d\u00e9finir la vitesse de glissement et la vitesse de lecture automatique\u00a0; <\/li> <li>Une option pour s\u00e9lectionner le type de pagination dans la disposition Slider\u00a0; <\/li> <li>Largeur et hauteur r\u00e9actives\u00a0; <\/li> <li>Une option pour activer\/d\u00e9sactiver l&rsquo;en-t\u00eate de l&rsquo;outil\u00a0; <\/li> <\/ul> <p><a href=\"#demo\">Essayez toutes les autres fonctions de la d\u00e9mo<\/a><\/p> <\/div> <div class=\"application-platform-content-item-installation application-platform-content-item\" id=\"installation\" data-nav-section=\"installation\"><h2> Comment int\u00e9grer les avis Apple App Store sur mon site Webflow ? <\/h2> <p>Pour introduire le widget, appliquez simplement les instructions ci-dessous. <\/p> <ul> <li><b>Construisez votre plugin Apple personnalis\u00e9<\/b><br> Gr\u00e2ce \u00e0 notre configurateur gratuit, obtenez un plugin avec une mise en page et des fonctions personnalis\u00e9es. <\/li> <li><b>Acqu\u00e9rir le code individuel pour int\u00e9grer le plugin<\/b><br> Apr\u00e8s avoir configur\u00e9 votre widget, vous obtiendrez le code d&rsquo;installation dans la fen\u00eatre qui appara\u00eet sur Elfsight Apps. Copiez-le pour une utilisation ult\u00e9rieure. <\/li> <li><b>Affichez le plugin sur votre site Webflow<\/b><br> D\u00e9finissez la zone dans laquelle vous souhaitez afficher le plugin et collez-y le code enregistr\u00e9. Enregistrez les r\u00e9sultats. <\/li> <li><b>L&rsquo;installation est termin\u00e9e<\/b><br> Visitez le site pour v\u00e9rifier votre travail. <\/li> <\/ul> <p>Vous \u00eates invit\u00e9s \u00e0 contacter le service d&rsquo;assistance d&rsquo;Elfsight si vous avez besoin d&rsquo;aide ou si vous avez des questions. Nous vous donnerons un coup de main pour chaque demande. <\/p> <div class=\"faq\" data-component=\"FAQ\"><div class=\"faq-item\">\r\n\t\t\t\t\t<div class=\"faq-item-question\">\r\n\t\t\t\t\t\t<h3 class=\"faq-item-question-text\">Comment puis-je int\u00e9grer le widget d'avis Webflow sur l'App Store d'Apple dans mon site Webflow sans comp\u00e9tences en codage ?<\/h3>\r\n\r\n\t\t\t\t\t\t<div class=\"faq-item-question-icon\"><\/div>\r\n\t\t\t\t\t<\/div>\r\n\r\n\t\t\t\t\t<div class=\"faq-item-answer\">\r\n\t\t\t\t\t\t<div class=\"faq-item-answer-text\"><p>Elfsight fournit une solution bas\u00e9e sur le cloud qui permet aux utilisateurs de cr\u00e9er un flux Web. Apple App Store Reviews Widget eux-m\u00eames, voyez \u00e0 quel point le processus est simple\u00a0:<\/p><ul><li>Acc\u00e9dez \u00e0 l&rsquo;\u00e9diteur en ligne pour cr\u00e9er une section Webflow Apple App Store Reviews Widget que vous souhaitez int\u00e9grer \u00e0 votre site Webflow.<\/li><li>S\u00e9lectionnez l&rsquo;un de nos mod\u00e8les pr\u00e9d\u00e9finis et ajustez les param\u00e8tres du widget Webflow Apple App Store Reviews, personnalisez la mise en page et la palette de couleurs, int\u00e9grez votre contenu sans avoir besoin de codage.<\/li><li>Enregistrez le param\u00e8tres que vous avez personnalis\u00e9s pour le widget d&rsquo;avis Webflow sur l&rsquo;App Store d&rsquo;Apple et obtenez le code pour int\u00e9grer le widget, qui peut \u00eatre inclus sans effort et gratuitement dans votre site Webflow.<\/li><\/ul><p>En op\u00e9rant dans le \u00c9diteur convivial, tout internaute peut cr\u00e9er une section Webflow Apple App Store Reviews Widget et l&rsquo;int\u00e9grer dans son site Web Webflow. Aucun paiement ni divulgation des informations de votre carte n&rsquo;est n\u00e9cessaire pour acc\u00e9der \u00e0 l&rsquo;\u00e9diteur Elfsight. Si vous rencontrez des difficult\u00e9s \u00e0 un moment donn\u00e9, n&rsquo;h\u00e9sitez pas \u00e0 contacter notre service client.<\/p><\/div>\r\n\t\t\t\t\t<\/div>\r\n\t\t\t\t<\/div><\/div><\/div>","protected":false},"excerpt":{"rendered":"","protected":false},"author":9,"featured_media":0,"parent":2153,"menu_order":0,"comment_status":"closed","ping_status":"closed","template":"templates\/template-application-platform.php","meta":{"publish_to_discourse":"","publish_post_category":"","wpdc_auto_publish_overridden":"","wpdc_topic_tags":"","wpdc_pin_topic":"","wpdc_pin_until":"","discourse_post_id":"","discourse_permalink":"","wpdc_publishing_response":"","wpdc_publishing_error":"","footnotes":""},"class_list":["post-7925","page","type-page","status-publish","hentry"],"yoast_head":"<!-- This site is optimized with the Yoast SEO plugin v25.3.1 - https:\/\/yoast.com\/wordpress\/plugins\/seo\/ -->\n<title>Int\u00e9grez les avis Apple sur votre site Web Webflow (facile et rapide)<\/title>\n<meta name=\"description\" content=\"C&#039;est un processus simple pour cr\u00e9er votre propre widget Apple Reviews et le publier sur votre site Web Webflow. Le service client Elfsight est gratuit.\" \/>\n<meta name=\"robots\" content=\"index, follow, max-snippet:-1, max-image-preview:large, max-video-preview:-1\" \/>\n<link rel=\"canonical\" href=\"https:\/\/elfsight.com\/fr\/apple-app-store-reviews-widget\/webflow\/\" \/>\n<meta property=\"og:locale\" content=\"fr_FR\" \/>\n<meta property=\"og:type\" content=\"article\" \/>\n<meta property=\"og:title\" content=\"Int\u00e9grez les avis Apple sur votre site Web Webflow (facile et rapide)\" \/>\n<meta property=\"og:description\" content=\"C&#039;est un processus simple pour cr\u00e9er votre propre widget Apple Reviews et le publier sur votre site Web Webflow. Le service client Elfsight est gratuit.\" \/>\n<meta property=\"og:url\" content=\"https:\/\/elfsight.com\/fr\/apple-app-store-reviews-widget\/webflow\/\" \/>\n<meta property=\"og:site_name\" content=\"Elfsight FR\" \/>\n<meta property=\"article:modified_time\" content=\"2025-07-09T09:54:23+00:00\" \/>\n<meta name=\"twitter:card\" content=\"summary_large_image\" \/>\n<meta name=\"twitter:label1\" content=\"Dur\u00e9e de lecture estim\u00e9e\" \/>\n\t<meta name=\"twitter:data1\" content=\"3 minutes\" \/>\n<!-- \/ Yoast SEO plugin. -->","yoast_head_json":{"title":"Int\u00e9grez les avis Apple sur votre site Web Webflow (facile et rapide)","description":"C'est un processus simple pour cr\u00e9er votre propre widget Apple Reviews et le publier sur votre site Web Webflow. Le service client Elfsight est gratuit.","robots":{"index":"index","follow":"follow","max-snippet":"max-snippet:-1","max-image-preview":"max-image-preview:large","max-video-preview":"max-video-preview:-1"},"canonical":"https:\/\/elfsight.com\/fr\/apple-app-store-reviews-widget\/webflow\/","og_locale":"fr_FR","og_type":"article","og_title":"Int\u00e9grez les avis Apple sur votre site Web Webflow (facile et rapide)","og_description":"C'est un processus simple pour cr\u00e9er votre propre widget Apple Reviews et le publier sur votre site Web Webflow. Le service client Elfsight est gratuit.","og_url":"https:\/\/elfsight.com\/fr\/apple-app-store-reviews-widget\/webflow\/","og_site_name":"Elfsight FR","article_modified_time":"2025-07-09T09:54:23+00:00","twitter_card":"summary_large_image","twitter_misc":{"Dur\u00e9e de lecture estim\u00e9e":"3 minutes"},"schema":{"@context":"https:\/\/schema.org","@graph":[{"@type":"WebPage","@id":"https:\/\/elfsight.com\/fr\/apple-app-store-reviews-widget\/webflow\/","url":"https:\/\/elfsight.com\/fr\/apple-app-store-reviews-widget\/webflow\/","name":"Int\u00e9grez les avis Apple sur votre site Web Webflow (facile et rapide)","isPartOf":{"@id":"https:\/\/elfsight.com\/fr\/#website"},"datePublished":"2024-05-03T06:28:06+00:00","dateModified":"2025-07-09T09:54:23+00:00","description":"C'est un processus simple pour cr\u00e9er votre propre widget Apple Reviews et le publier sur votre site Web Webflow. Le service client Elfsight est gratuit.","breadcrumb":{"@id":"https:\/\/elfsight.com\/fr\/apple-app-store-reviews-widget\/webflow\/#breadcrumb"},"inLanguage":"fr-FR","potentialAction":[{"@type":"ReadAction","target":["https:\/\/elfsight.com\/fr\/apple-app-store-reviews-widget\/webflow\/"]}]},{"@type":"BreadcrumbList","@id":"https:\/\/elfsight.com\/fr\/apple-app-store-reviews-widget\/webflow\/#breadcrumb","itemListElement":[{"@type":"ListItem","position":1,"name":"Home","item":"https:\/\/elfsight.com\/fr\/"},{"@type":"ListItem","position":2,"name":"Apple App Store Reviews","item":"https:\/\/elfsight.com\/fr\/apple-app-store-reviews-widget\/"},{"@type":"ListItem","position":3,"name":"Apple App Store Reviews &#8211; Webflow"}]},{"@type":"WebSite","@id":"https:\/\/elfsight.com\/fr\/#website","url":"https:\/\/elfsight.com\/fr\/","name":"Elfsight FR","description":"","potentialAction":[{"@type":"SearchAction","target":{"@type":"EntryPoint","urlTemplate":"https:\/\/elfsight.com\/fr\/?s={search_term_string}"},"query-input":{"@type":"PropertyValueSpecification","valueRequired":true,"valueName":"search_term_string"}}],"inLanguage":"fr-FR"}]}},"meta_box":{"industry":"","seo_heading":"","heading":"","description":"","cta_heading":"","cta_description":"","application":"2152","h1":"Webflow Widget d'avis sur l'App Store d'Apple","h1_caption":"Int\u00e9grez les avis de votre widget Apple Widget Store pour renforcer votre cr\u00e9dibilit\u00e9 et encourager davantage de t\u00e9l\u00e9chargements sur votre site Web Webflow sans effort.","application_category":[],"applications_title":"","applications_request_title":"","applications_request_button_text":"","hero_text":"","hero_video":"","hero_video_schema_markup":"","selling_points_title":"","selling_points_caption":"","selling_points":[],"selling_points_cta_text":"","features_title":"","features":"","ed_cta_examples_text":"","ed_cta_examples_hidden":"","ed_cta_demo_text":"","ed_cta_demo_hidden":"","why_caption":"","why_editor_title":"","why_editor_text":"","why_team_title":"","why_team_text":"","why_service_title":"","why_service_text":"","template_catalog_visible":"","template_catalog_title":"","template_catalog_text":"","template_catalog_categories_visible":"","demo_title":"Cr\u00e9ez votre widget Avis sur l'App Store d'Apple","demo_caption":"Configurez vos avis Apple App Store et ajoutez-le gratuitement \u00e0 votre site Web Webflow\u00a0!","default_faq_hidden":"","app_template_category":[],"platform":"362","template_public_id":"","codecanyon_url":"","codecanyon_item_id":"","codecanyon_price":"","pricing_caption":"","pricing_elfsight_apps_hide_column":"","pricing_elfsight_apps_url":"","pricing_codecanyon_price_caption":"","integration_category":[],"integration_request_title":"","integration_request_cta":"","integration_platform":"","integrations":[],"platform_category":[],"video_schema_markup":"","price":"\u00e0 partir de 0$ \/ mois","trial":"","benefits":[{"text":"Aide \u00e0 l'installation gratuite"},{"text":"Service client professionnel"},{"text":"Garantie de remboursement de 14 jours"},{"text":"Mises \u00e0 jour gratuites \u00e0 vie"}],"button_url":"#demo","button_target_blank":"","button_nofollow":"","attributes":[{"name":"Installations","content":"10,000 - 100,000"},{"name":"Sensible","content":"Oui"},{"name":"Navigateurs compatibles","content":"Opera, Edge, Firefox, Safari, Chrome"}],"tags":[],"tags_disable_links":"","hide_more_platforms":"","video_object":"","demo_hide_cta":"","demo_hide_cloud_options":"","pricing_title":"","pricing":[{"pricing_icon":"platform","pricing_title":"Elfsight Apps","pricing_title_caption":"Version ind\u00e9pendante de la plate-forme qui convient \u00e0 n'importe quel site Web","pricing_price":"from $0 \/ month","pricing_price_caption":"commencez avec un forfait gratuit","pricing_benefits":[{"text":"Nombre illimit\u00e9 de sites Web"},{"text":"Assistance client haut de gamme"},{"text":"Assistance \u00e0 l'installation gratuite"},{"text":"Enti\u00e8rement personnalisable"}],"pricing_button_text":"Ajouter au site Web","pricing_button_url":"#demo"}],"related_apps_title":"","related_apps_hidden":"","author":"","image":[],"title":"","job":"","social_networks":[]},"_links":{"self":[{"href":"https:\/\/elfsight.com\/fr\/wp-json\/wp\/v2\/pages\/7925","targetHints":{"allow":["GET"]}}],"collection":[{"href":"https:\/\/elfsight.com\/fr\/wp-json\/wp\/v2\/pages"}],"about":[{"href":"https:\/\/elfsight.com\/fr\/wp-json\/wp\/v2\/types\/page"}],"author":[{"embeddable":true,"href":"https:\/\/elfsight.com\/fr\/wp-json\/wp\/v2\/users\/9"}],"replies":[{"embeddable":true,"href":"https:\/\/elfsight.com\/fr\/wp-json\/wp\/v2\/comments?post=7925"}],"version-history":[{"count":1,"href":"https:\/\/elfsight.com\/fr\/wp-json\/wp\/v2\/pages\/7925\/revisions"}],"predecessor-version":[{"id":7929,"href":"https:\/\/elfsight.com\/fr\/wp-json\/wp\/v2\/pages\/7925\/revisions\/7929"}],"up":[{"embeddable":true,"href":"https:\/\/elfsight.com\/fr\/wp-json\/wp\/v2\/pages\/2153"}],"wp:attachment":[{"href":"https:\/\/elfsight.com\/fr\/wp-json\/wp\/v2\/media?parent=7925"}],"curies":[{"name":"wp","href":"https:\/\/api.w.org\/{rel}","templated":true}]}}