{"id":7923,"date":"2024-05-03T06:28:04","date_gmt":"2024-05-03T06:28:04","guid":{"rendered":"https:\/\/elfsight.com\/fr\/?page_id=7923"},"modified":"2025-07-09T09:54:39","modified_gmt":"2025-07-09T09:54:39","slug":"weebly","status":"publish","type":"page","link":"https:\/\/elfsight.com\/fr\/apple-app-store-reviews-widget\/weebly\/","title":{"rendered":"Apple App Store Reviews &#8211; Weebly"},"content":{"rendered":"<div class=\"application-platform-content-item-description application-platform-content-item\" id=\"description\" data-nav-section=\"description\"><h2>Description<\/h2> <p>Elfsight Apple Store Reviews est un widget utile utilis\u00e9 pour afficher les avis sur vos offres directement sur votre site. En utilisant le widget Elfsight, vous parviendrez \u00e0 appliquer des filtres pour masquer les commentaires ind\u00e9sirables, \u00e0 r\u00e9v\u00e9ler votre note par \u00e9toiles et votre num\u00e9ro, \u00e0 ajouter des informations sur les cr\u00e9ateurs des avis et \u00e0 ajouter un bouton CTA qui peut inciter les utilisateurs \u00e0 publier leur avis. Le widget Elfsight Apple Reviews vous aidera \u00e0 afficher votre excellente preuve sociale sur votre site Web et \u00e0 attirer de nouveaux achats. <\/p><p><b>Augmentez vos ventes en montrant votre excellente note et la gratitude de vos visiteurs<\/b><\/p><\/div> <div class=\"application-platform-content-item-features application-platform-content-item\" id=\"features\" data-nav-section=\"features\"><h2>Fonctionnalit\u00e9s<\/h2> <p> V\u00e9rifiez toutes les caract\u00e9ristiques fonctionnelles du produit. Ils sont disponibles directement dans l&rsquo;\u00e9diteur et vous aideront \u00e0 configurer le widget sp\u00e9cialement pour votre cas. <\/p> <ul> <li>Choisir la vitesse de glissement et la vitesse de lecture automatique\u00a0; <\/li> <li>Une option pour s\u00e9lectionner le type de pagination dans la disposition Slider\u00a0; <\/li> <li>Largeur et hauteur r\u00e9actives\u00a0; <\/li> <li>En-t\u00eate commutable du widget\u00a0; <\/li> <\/ul> <p><a href=\"#demo\">Essayez toutes les autres fonctions de la d\u00e9mo<\/a><\/p> <\/div> <div class=\"application-platform-content-item-installation application-platform-content-item\" id=\"installation\" data-nav-section=\"installation\"><h2> Comment int\u00e9grer les avis Apple Store sur Weebly ? <\/h2> <p>Pour activer le widget, suivez simplement plusieurs \u00e9tapes rapides. <\/p> <ol><li><b>Ouvrez notre configurateur gratuit et commencez \u00e0 fa\u00e7onner votre application personnalis\u00e9e. <\/b><br> Sp\u00e9cifiez l&rsquo;interface et les fonctionnalit\u00e9s appropri\u00e9es de l&rsquo;application et appliquez toutes les modifications. <\/li> <li><b>Copiez le code unique r\u00e9v\u00e9l\u00e9 dans la fen\u00eatre sur Elfsight Apps. <\/b><br> D\u00e8s que la configuration de votre application est termin\u00e9e, copiez le code individuel dans la fen\u00eatre qui appara\u00eet et enregistrez-le pour une utilisation ult\u00e9rieure. <\/li> <li><b>Commencez l&rsquo;utilisation de l&rsquo;application sur le site Web Weebly. <\/b><br> Int\u00e9grez le code enregistr\u00e9 pr\u00e9c\u00e9demment dans votre page Web et enregistrez les modifications. <\/li> <li><b>Fait\u00a0! L&rsquo;int\u00e9gration est enti\u00e8rement termin\u00e9e. <\/b><br> Ouvrez votre site pour voir en action le travail de l&rsquo;application. <\/li><\/ol><p>N&rsquo;h\u00e9sitez pas \u00e0 contacter notre service client si vous avez besoin de conseils ou si vous rencontrez des probl\u00e8mes. Nos sp\u00e9cialistes se feront un plaisir de r\u00e9pondre \u00e0 chaque demande. <\/p> <\/div>","protected":false},"excerpt":{"rendered":"","protected":false},"author":9,"featured_media":0,"parent":2153,"menu_order":0,"comment_status":"closed","ping_status":"closed","template":"templates\/template-application-platform.php","meta":{"publish_to_discourse":"","publish_post_category":"","wpdc_auto_publish_overridden":"","wpdc_topic_tags":"","wpdc_pin_topic":"","wpdc_pin_until":"","discourse_post_id":"","discourse_permalink":"","wpdc_publishing_response":"","wpdc_publishing_error":"","footnotes":""},"class_list":["post-7923","page","type-page","status-publish","hentry"],"yoast_head":"<!-- This site is optimized with the Yoast SEO plugin v25.3.1 - https:\/\/yoast.com\/wordpress\/plugins\/seo\/ -->\n<title>Int\u00e9grez les avis Apple sur votre site Web Weebly (facile et rapide)<\/title>\n<meta name=\"description\" content=\"C&#039;est un processus simple pour cr\u00e9er votre propre widget Apple Reviews et le publier sur votre site Web Weebly. Le service client Elfsight est gratuit.\" \/>\n<meta name=\"robots\" content=\"index, follow, max-snippet:-1, max-image-preview:large, max-video-preview:-1\" \/>\n<link rel=\"canonical\" href=\"https:\/\/elfsight.com\/fr\/apple-app-store-reviews-widget\/weebly\/\" \/>\n<meta property=\"og:locale\" content=\"fr_FR\" \/>\n<meta property=\"og:type\" content=\"article\" \/>\n<meta property=\"og:title\" content=\"Int\u00e9grez les avis Apple sur votre site Web Weebly (facile et rapide)\" \/>\n<meta property=\"og:description\" content=\"C&#039;est un processus simple pour cr\u00e9er votre propre widget Apple Reviews et le publier sur votre site Web Weebly. Le service client Elfsight est gratuit.\" \/>\n<meta property=\"og:url\" content=\"https:\/\/elfsight.com\/fr\/apple-app-store-reviews-widget\/weebly\/\" \/>\n<meta property=\"og:site_name\" content=\"Elfsight FR\" \/>\n<meta property=\"article:modified_time\" content=\"2025-07-09T09:54:39+00:00\" \/>\n<meta name=\"twitter:card\" content=\"summary_large_image\" \/>\n<meta name=\"twitter:label1\" content=\"Dur\u00e9e de lecture estim\u00e9e\" \/>\n\t<meta name=\"twitter:data1\" content=\"2 minutes\" \/>\n<!-- \/ Yoast SEO plugin. -->","yoast_head_json":{"title":"Int\u00e9grez les avis Apple sur votre site Web Weebly (facile et rapide)","description":"C'est un processus simple pour cr\u00e9er votre propre widget Apple Reviews et le publier sur votre site Web Weebly. Le service client Elfsight est gratuit.","robots":{"index":"index","follow":"follow","max-snippet":"max-snippet:-1","max-image-preview":"max-image-preview:large","max-video-preview":"max-video-preview:-1"},"canonical":"https:\/\/elfsight.com\/fr\/apple-app-store-reviews-widget\/weebly\/","og_locale":"fr_FR","og_type":"article","og_title":"Int\u00e9grez les avis Apple sur votre site Web Weebly (facile et rapide)","og_description":"C'est un processus simple pour cr\u00e9er votre propre widget Apple Reviews et le publier sur votre site Web Weebly. Le service client Elfsight est gratuit.","og_url":"https:\/\/elfsight.com\/fr\/apple-app-store-reviews-widget\/weebly\/","og_site_name":"Elfsight FR","article_modified_time":"2025-07-09T09:54:39+00:00","twitter_card":"summary_large_image","twitter_misc":{"Dur\u00e9e de lecture estim\u00e9e":"2 minutes"},"schema":{"@context":"https:\/\/schema.org","@graph":[{"@type":"WebPage","@id":"https:\/\/elfsight.com\/fr\/apple-app-store-reviews-widget\/weebly\/","url":"https:\/\/elfsight.com\/fr\/apple-app-store-reviews-widget\/weebly\/","name":"Int\u00e9grez les avis Apple sur votre site Web Weebly (facile et rapide)","isPartOf":{"@id":"https:\/\/elfsight.com\/fr\/#website"},"datePublished":"2024-05-03T06:28:04+00:00","dateModified":"2025-07-09T09:54:39+00:00","description":"C'est un processus simple pour cr\u00e9er votre propre widget Apple Reviews et le publier sur votre site Web Weebly. Le service client Elfsight est gratuit.","breadcrumb":{"@id":"https:\/\/elfsight.com\/fr\/apple-app-store-reviews-widget\/weebly\/#breadcrumb"},"inLanguage":"fr-FR","potentialAction":[{"@type":"ReadAction","target":["https:\/\/elfsight.com\/fr\/apple-app-store-reviews-widget\/weebly\/"]}]},{"@type":"BreadcrumbList","@id":"https:\/\/elfsight.com\/fr\/apple-app-store-reviews-widget\/weebly\/#breadcrumb","itemListElement":[{"@type":"ListItem","position":1,"name":"Home","item":"https:\/\/elfsight.com\/fr\/"},{"@type":"ListItem","position":2,"name":"Apple App Store Reviews","item":"https:\/\/elfsight.com\/fr\/apple-app-store-reviews-widget\/"},{"@type":"ListItem","position":3,"name":"Apple App Store Reviews &#8211; Weebly"}]},{"@type":"WebSite","@id":"https:\/\/elfsight.com\/fr\/#website","url":"https:\/\/elfsight.com\/fr\/","name":"Elfsight FR","description":"","potentialAction":[{"@type":"SearchAction","target":{"@type":"EntryPoint","urlTemplate":"https:\/\/elfsight.com\/fr\/?s={search_term_string}"},"query-input":{"@type":"PropertyValueSpecification","valueRequired":true,"valueName":"search_term_string"}}],"inLanguage":"fr-FR"}]}},"meta_box":{"industry":"","seo_heading":"","heading":"","description":"","cta_heading":"","cta_description":"","application":"2152","h1":"Weebly App Store d'Apple Avis sur l'application","h1_caption":"Int\u00e9grez les avis de votre application Apple App Store pour renforcer votre cr\u00e9dibilit\u00e9 et encourager davantage de t\u00e9l\u00e9chargements sur votre site Web Weebly sans effort.","application_category":[],"applications_title":"","applications_request_title":"","applications_request_button_text":"","hero_text":"","hero_video":"","hero_video_schema_markup":"","selling_points_title":"","selling_points_caption":"","selling_points":[],"selling_points_cta_text":"","features_title":"","features":"","ed_cta_examples_text":"","ed_cta_examples_hidden":"","ed_cta_demo_text":"","ed_cta_demo_hidden":"","why_caption":"","why_editor_title":"","why_editor_text":"","why_team_title":"","why_team_text":"","why_service_title":"","why_service_text":"","template_catalog_visible":"","template_catalog_title":"","template_catalog_text":"","template_catalog_categories_visible":"","demo_title":"Cr\u00e9ez votre application Apple App Store Reviews","demo_caption":"Configurez vos avis Apple App Store et ajoutez-les gratuitement \u00e0 votre site Web Weebly\u00a0!","default_faq_hidden":"","app_template_category":[],"platform":"363","template_public_id":"","codecanyon_url":"","codecanyon_item_id":"","codecanyon_price":"","pricing_caption":"","pricing_elfsight_apps_hide_column":"","pricing_elfsight_apps_url":"","pricing_codecanyon_price_caption":"","integration_category":[],"integration_request_title":"","integration_request_cta":"","integration_platform":"","integrations":[],"platform_category":[],"video_schema_markup":"","price":"\u00e0 partir de 0$ \/ mois","trial":"","benefits":[{"text":"Service d'installation gratuit"},{"text":"Assistance premium"},{"text":"Garantie de remboursement de 14 jours"},{"text":"Am\u00e9liorations r\u00e9guli\u00e8res"}],"button_url":"#demo","button_target_blank":"","button_nofollow":"","attributes":[{"name":"Installations","content":"10,000 - 100,000"},{"name":"Sensible","content":"Oui"},{"name":"Navigateurs compatibles","content":"Firefox, Safari, Opera, Chrome, Edge"}],"tags":[],"tags_disable_links":"","hide_more_platforms":"","video_object":"","demo_hide_cta":"","demo_hide_cloud_options":"","pricing_title":"","pricing":[{"pricing_icon":"platform","pricing_title":"Elfsight Apps","pricing_title_caption":"Solution multiplateforme","pricing_price":"from $0 \/ month","pricing_price_caption":"commencez avec un forfait gratuit","pricing_benefits":[{"text":"Sites Web illimit\u00e9s"},{"text":"Assistance premium et ponctuelle"},{"text":"Assistance \u00e0 l'installation gratuite"},{"text":"Enti\u00e8rement personnalisable"}],"pricing_button_text":"Ajouter au site Web","pricing_button_url":"#demo"}],"related_apps_title":"","related_apps_hidden":"","author":"","image":[],"title":"","job":"","social_networks":[]},"_links":{"self":[{"href":"https:\/\/elfsight.com\/fr\/wp-json\/wp\/v2\/pages\/7923","targetHints":{"allow":["GET"]}}],"collection":[{"href":"https:\/\/elfsight.com\/fr\/wp-json\/wp\/v2\/pages"}],"about":[{"href":"https:\/\/elfsight.com\/fr\/wp-json\/wp\/v2\/types\/page"}],"author":[{"embeddable":true,"href":"https:\/\/elfsight.com\/fr\/wp-json\/wp\/v2\/users\/9"}],"replies":[{"embeddable":true,"href":"https:\/\/elfsight.com\/fr\/wp-json\/wp\/v2\/comments?post=7923"}],"version-history":[{"count":1,"href":"https:\/\/elfsight.com\/fr\/wp-json\/wp\/v2\/pages\/7923\/revisions"}],"predecessor-version":[{"id":7927,"href":"https:\/\/elfsight.com\/fr\/wp-json\/wp\/v2\/pages\/7923\/revisions\/7927"}],"up":[{"embeddable":true,"href":"https:\/\/elfsight.com\/fr\/wp-json\/wp\/v2\/pages\/2153"}],"wp:attachment":[{"href":"https:\/\/elfsight.com\/fr\/wp-json\/wp\/v2\/media?parent=7923"}],"curies":[{"name":"wp","href":"https:\/\/api.w.org\/{rel}","templated":true}]}}