{"id":7909,"date":"2024-05-03T06:27:58","date_gmt":"2024-05-03T06:27:58","guid":{"rendered":"https:\/\/elfsight.com\/fr\/?page_id=7909"},"modified":"2025-07-09T09:52:23","modified_gmt":"2025-07-09T09:52:23","slug":"google-sites","status":"publish","type":"page","link":"https:\/\/elfsight.com\/fr\/apple-app-store-reviews-widget\/google-sites\/","title":{"rendered":"Apple App Store Reviews &#8211; Google Sites"},"content":{"rendered":"<div class=\"application-platform-content-item-description application-platform-content-item\" id=\"description\" data-nav-section=\"description\"> <h2>Int\u00e9grez les avis de l&rsquo;Apple App Store sur Google Sites avec le widget Elfsight<\/h2> <p>Elfsight Apple App Store Reviews est un outil utile pour Sites Google vous permettant de pr\u00e9senter les avis sur vos produits directement sur votre site Web. Notre widget vous permettra d&rsquo;utiliser des filtres pour masquer les commentaires ind\u00e9sirables, d&rsquo;afficher votre note par \u00e9toiles et votre num\u00e9ro sur l&rsquo;App Store, d&rsquo;afficher des informations sur les auteurs des critiques et d&rsquo;ajouter un CTA qui incitera les utilisateurs \u00e0 publier leur commentaire. Les avis sur l&rsquo;App Store vous aideront \u00e0 vanter votre preuve sociale \u00e9lev\u00e9e sur le site et \u00e0 attirer de nouvelles ventes. <\/p> <p><b>\u00c9largissez la port\u00e9e de vos commentaires sur l&rsquo;App Store Apple et publiez-les sur votre site Web.<\/b><\/p> <\/div> <div class=\"application-platform-content-item-features application-platform-content-item\" id=\"features\" data-nav-section=\"features\"> <h2>Principal fonctionnalit\u00e9s du widget Avis sur l&rsquo;App Store d&rsquo;Apple<\/h2> <p>V\u00e9rifiez toutes les fonctionnalit\u00e9s du produit. Ils sont disponibles directement dans l&rsquo;\u00e9diteur et vous aideront \u00e0 cr\u00e9er le widget adapt\u00e9 \u00e0 votre cas d&rsquo;utilisation. <\/p> <ul> <li>Choisir la vitesse de glissement et la vitesse de lecture automatique\u00a0; <\/li> <li>S\u00e9lection du type de pagination dans la disposition Slider\u00a0; <\/li> <li>Largeur et hauteur r\u00e9actives\u00a0; <\/li> <li>En-t\u00eate commutable du widget\u00a0; <\/li> <\/ul> <p><a href=\"#demo\">V\u00e9rifiez le fonctionnement de toutes les fonctionnalit\u00e9s, dans notre d\u00e9mo<\/a><\/p> <\/div> <div class=\"application-platform-content-item-installation application-platform-content-item\" id=\"installation\" data-nav-section=\"installation\"> <h2>Comment puis-je int\u00e9grer l&rsquo;App Store d&rsquo;Apple \u00e0 Google Sites\u00a0? <\/h2> <p>Pour ins\u00e9rer un widget, suivez simplement les instructions ci-dessous. <\/p> <ul> <li><b>Cr\u00e9ez votre plugin Apple App Store Reviews personnalis\u00e9<\/b><br> En g\u00e9rant notre d\u00e9mo gratuite, g\u00e9n\u00e9rez un plugin avec une composition et des fonctions s\u00e9lectionn\u00e9es. <\/li> <li><b>Acqu\u00e9rir le code individuel pour afficher le plugin<\/b><br> Apr\u00e8s avoir g\u00e9n\u00e9r\u00e9 votre widget, vous recevrez le code d&rsquo;installation de la notification contextuelle sur Elfsight Apps. Copiez ce code pour une utilisation ult\u00e9rieure. <\/li> <li><b>Ajoutez le plugin sur votre site Google<\/b><br> Recherchez la zone dans laquelle vous souhaitez int\u00e9grer le plugin et ajoutez-y le code enregistr\u00e9. Enregistrez les r\u00e9sultats. <\/li> <li><b>Vous avez enti\u00e8rement termin\u00e9 l&rsquo;installation<\/b><br> Allez sur le site Web pour voir votre plugin. <\/li> <\/ul> <div class=\"tip-yellow tip\"><b>En raison des particularit\u00e9s du fonctionnement de Google Sites, le widget peut \u00eatre diff\u00e9rent de la d\u00e9mo en ligne. Nous nous excusons pour tout inconv\u00e9nient caus\u00e9.<\/b><\/div><p>N&rsquo;h\u00e9sitez pas \u00e0 communiquer avec le service client lorsque vous avez besoin d&rsquo;aide ou avez des questions. Nous serons heureux de r\u00e9pondre \u00e0 chaque demande. <\/p> <div class=\"faq\" data-component=\"FAQ\"><div class=\"faq-item\">\r\n\t\t\t\t\t<div class=\"faq-item-question\">\r\n\t\t\t\t\t\t<h3 class=\"faq-item-question-text\">Comment puis-je int\u00e9grer une galerie vid\u00e9o YouTube dans mon site Web Squarespace sans comp\u00e9tences en codage ?<\/h3>\r\n\r\n\t\t\t\t\t\t<div class=\"faq-item-question-icon\"><\/div>\r\n\t\t\t\t\t<\/div>\r\n\r\n\t\t\t\t\t<div class=\"faq-item-answer\">\r\n\t\t\t\t\t\t<div class=\"faq-item-answer-text\"><p>Elfsight fournit une solution bas\u00e9e sur le cloud qui permet aux utilisateurs de cr\u00e9er une galerie vid\u00e9o YouTube sur les leurs. Observez \u00e0 quel point le processus est simple\u00a0:<\/p><ul><li>Entrez dans l&rsquo;\u00e9diteur en ligne pour cr\u00e9er une section de galerie de vid\u00e9os YouTube que vous souhaitez inclure dans votre site Squarespace.<\/li><li>S\u00e9lectionnez l&rsquo;un de nos pr\u00e9- Cr\u00e9ez des mod\u00e8les et personnalisez les param\u00e8tres de la galerie vid\u00e9o YouTube, ajustez le design et la palette de couleurs, incluez votre contenu sans avoir besoin de codage.<\/li><li>Conservez les pr\u00e9f\u00e9rences que vous avez d\u00e9finies pour la galerie vid\u00e9o YouTube et obtenez le code pour en int\u00e9grant le widget, qui peut \u00eatre facilement ins\u00e9r\u00e9 gratuitement dans votre site Squarespace.<\/li><\/ul><p>En utilisant l&rsquo;\u00e9diteur intuitif, tout utilisateur en ligne peut concevoir une section Galerie de vid\u00e9os YouTube et l&rsquo;ajouter \u00e0 son Squarespace. site web. Il n&rsquo;est pas n\u00e9cessaire de payer ou de r\u00e9v\u00e9ler les d\u00e9tails de votre carte pour acc\u00e9der \u00e0 l&rsquo;\u00e9diteur Elfsight. Si vous rencontrez des difficult\u00e9s \u00e0 n&rsquo;importe quelle phase, n&rsquo;h\u00e9sitez pas \u00e0 contacter notre service client.<\/p><\/div>\r\n\t\t\t\t\t<\/div>\r\n\t\t\t\t<\/div><\/div><\/div>","protected":false},"excerpt":{"rendered":"","protected":false},"author":9,"featured_media":0,"parent":2153,"menu_order":0,"comment_status":"closed","ping_status":"closed","template":"templates\/template-application-platform.php","meta":{"publish_to_discourse":"","publish_post_category":"","wpdc_auto_publish_overridden":"","wpdc_topic_tags":"","wpdc_pin_topic":"","wpdc_pin_until":"","discourse_post_id":"","discourse_permalink":"","wpdc_publishing_response":"","wpdc_publishing_error":"","footnotes":""},"class_list":["post-7909","page","type-page","status-publish","hentry"],"yoast_head":"<!-- This site is optimized with the Yoast SEO plugin v25.3.1 - https:\/\/yoast.com\/wordpress\/plugins\/seo\/ -->\n<title>Avis sur l&#039;App Store d&#039;Apple - Ajouter le widget Avis Apple \u00e0 Google Sites (2025)<\/title>\n<meta name=\"description\" content=\"Impl\u00e9mentez un plugin Apple App Store Reviews r\u00e9actif sur votre site Google Sites et obtenez une confiance totale. Utilisez la d\u00e9mo Elfsight facile \u00e0 utiliser pour cr\u00e9er votre outil.\" \/>\n<meta name=\"robots\" content=\"index, follow, max-snippet:-1, max-image-preview:large, max-video-preview:-1\" \/>\n<link rel=\"canonical\" href=\"https:\/\/elfsight.com\/fr\/apple-app-store-reviews-widget\/google-sites\/\" \/>\n<meta property=\"og:locale\" content=\"fr_FR\" \/>\n<meta property=\"og:type\" content=\"article\" \/>\n<meta property=\"og:title\" content=\"Avis sur l&#039;App Store d&#039;Apple - Ajouter le widget Avis Apple \u00e0 Google Sites (2025)\" \/>\n<meta property=\"og:description\" content=\"Impl\u00e9mentez un plugin Apple App Store Reviews r\u00e9actif sur votre site Google Sites et obtenez une confiance totale. Utilisez la d\u00e9mo Elfsight facile \u00e0 utiliser pour cr\u00e9er votre outil.\" \/>\n<meta property=\"og:url\" content=\"https:\/\/elfsight.com\/fr\/apple-app-store-reviews-widget\/google-sites\/\" \/>\n<meta property=\"og:site_name\" content=\"Elfsight FR\" \/>\n<meta property=\"article:modified_time\" content=\"2025-07-09T09:52:23+00:00\" \/>\n<meta name=\"twitter:card\" content=\"summary_large_image\" \/>\n<meta name=\"twitter:label1\" content=\"Dur\u00e9e de lecture estim\u00e9e\" \/>\n\t<meta name=\"twitter:data1\" content=\"3 minutes\" \/>\n<!-- \/ Yoast SEO plugin. -->","yoast_head_json":{"title":"Avis sur l'App Store d'Apple - Ajouter le widget Avis Apple \u00e0 Google Sites (2025)","description":"Impl\u00e9mentez un plugin Apple App Store Reviews r\u00e9actif sur votre site Google Sites et obtenez une confiance totale. Utilisez la d\u00e9mo Elfsight facile \u00e0 utiliser pour cr\u00e9er votre outil.","robots":{"index":"index","follow":"follow","max-snippet":"max-snippet:-1","max-image-preview":"max-image-preview:large","max-video-preview":"max-video-preview:-1"},"canonical":"https:\/\/elfsight.com\/fr\/apple-app-store-reviews-widget\/google-sites\/","og_locale":"fr_FR","og_type":"article","og_title":"Avis sur l'App Store d'Apple - Ajouter le widget Avis Apple \u00e0 Google Sites (2025)","og_description":"Impl\u00e9mentez un plugin Apple App Store Reviews r\u00e9actif sur votre site Google Sites et obtenez une confiance totale. Utilisez la d\u00e9mo Elfsight facile \u00e0 utiliser pour cr\u00e9er votre outil.","og_url":"https:\/\/elfsight.com\/fr\/apple-app-store-reviews-widget\/google-sites\/","og_site_name":"Elfsight FR","article_modified_time":"2025-07-09T09:52:23+00:00","twitter_card":"summary_large_image","twitter_misc":{"Dur\u00e9e de lecture estim\u00e9e":"3 minutes"},"schema":{"@context":"https:\/\/schema.org","@graph":[{"@type":"WebPage","@id":"https:\/\/elfsight.com\/fr\/apple-app-store-reviews-widget\/google-sites\/","url":"https:\/\/elfsight.com\/fr\/apple-app-store-reviews-widget\/google-sites\/","name":"Avis sur l'App Store d'Apple - Ajouter le widget Avis Apple \u00e0 Google Sites (2025)","isPartOf":{"@id":"https:\/\/elfsight.com\/fr\/#website"},"datePublished":"2024-05-03T06:27:58+00:00","dateModified":"2025-07-09T09:52:23+00:00","description":"Impl\u00e9mentez un plugin Apple App Store Reviews r\u00e9actif sur votre site Google Sites et obtenez une confiance totale. Utilisez la d\u00e9mo Elfsight facile \u00e0 utiliser pour cr\u00e9er votre outil.","breadcrumb":{"@id":"https:\/\/elfsight.com\/fr\/apple-app-store-reviews-widget\/google-sites\/#breadcrumb"},"inLanguage":"fr-FR","potentialAction":[{"@type":"ReadAction","target":["https:\/\/elfsight.com\/fr\/apple-app-store-reviews-widget\/google-sites\/"]}]},{"@type":"BreadcrumbList","@id":"https:\/\/elfsight.com\/fr\/apple-app-store-reviews-widget\/google-sites\/#breadcrumb","itemListElement":[{"@type":"ListItem","position":1,"name":"Home","item":"https:\/\/elfsight.com\/fr\/"},{"@type":"ListItem","position":2,"name":"Apple App Store Reviews","item":"https:\/\/elfsight.com\/fr\/apple-app-store-reviews-widget\/"},{"@type":"ListItem","position":3,"name":"Apple App Store Reviews &#8211; Google Sites"}]},{"@type":"WebSite","@id":"https:\/\/elfsight.com\/fr\/#website","url":"https:\/\/elfsight.com\/fr\/","name":"Elfsight FR","description":"","potentialAction":[{"@type":"SearchAction","target":{"@type":"EntryPoint","urlTemplate":"https:\/\/elfsight.com\/fr\/?s={search_term_string}"},"query-input":{"@type":"PropertyValueSpecification","valueRequired":true,"valueName":"search_term_string"}}],"inLanguage":"fr-FR"}]}},"meta_box":{"industry":"","seo_heading":"","heading":"","description":"","cta_heading":"","cta_description":"","application":"2152","h1":"Widget Avis sur l'App Store de Google Sites","h1_caption":"Int\u00e9grez les avis de votre widget Apple Widget Store pour renforcer votre cr\u00e9dibilit\u00e9 et encourager davantage de t\u00e9l\u00e9chargements sur vos sites Google sans effort.","application_category":[],"applications_title":"","applications_request_title":"","applications_request_button_text":"","hero_text":"","hero_video":"","hero_video_schema_markup":"","selling_points_title":"","selling_points_caption":"","selling_points":[],"selling_points_cta_text":"","features_title":"","features":"","ed_cta_examples_text":"","ed_cta_examples_hidden":"","ed_cta_demo_text":"","ed_cta_demo_hidden":"","why_caption":"","why_editor_title":"","why_editor_text":"","why_team_title":"","why_team_text":"","why_service_title":"","why_service_text":"","template_catalog_visible":"","template_catalog_title":"","template_catalog_text":"","template_catalog_categories_visible":"","demo_title":"Cr\u00e9ez votre widget Avis sur l'App Store d'Apple","demo_caption":"Configurez vos avis Apple App Store et ajoutez-le gratuitement \u00e0 votre site Web Google Sites\u00a0!","default_faq_hidden":"","app_template_category":[],"platform":"423","template_public_id":"","codecanyon_url":"","codecanyon_item_id":"","codecanyon_price":"","pricing_caption":"","pricing_elfsight_apps_hide_column":"","pricing_elfsight_apps_url":"","pricing_codecanyon_price_caption":"","integration_category":[],"integration_request_title":"","integration_request_cta":"","integration_platform":"","integrations":[],"platform_category":[],"video_schema_markup":"","price":"\u00e0 partir de 0$ \/ mois","trial":"","benefits":[{"text":"Assistance \u00e0 l'installation gratuite"},{"text":"Service client efficace"},{"text":"Garantie de remboursement de 14 jours"},{"text":"Am\u00e9liorations gratuites \u00e0 vie"}],"button_url":"#demo","button_target_blank":"","button_nofollow":"","attributes":[{"name":"Installations","content":"10,000 - 100,000"},{"name":"R\u00e9activit\u00e9","content":"Adapt\u00e9 aux appareils mobiles"},{"name":"Navigateurs compatibles","content":"Firefox, Safari, Opera, Chrome, Edge"}],"tags":[],"tags_disable_links":"","hide_more_platforms":"","video_object":"","demo_hide_cta":"","demo_hide_cloud_options":"","pricing_title":"","pricing":[{"pricing_icon":"platform","pricing_title":"Elfsight Apps","pricing_title_caption":"Solution num\u00e9rique ind\u00e9pendante de la plateforme","pricing_price":"from $0 \/ month","pricing_price_caption":"commencez avec un forfait gratuit","pricing_benefits":[{"text":"Domaines illimit\u00e9s"},{"text":"Support client professionnel"},{"text":"Assistance \u00e0 l'installation gratuite"},{"text":"Prix \u200b\u200bsp\u00e9cial pour plusieurs applications"}],"pricing_button_text":"Ajouter au site Web","pricing_button_url":"#demo"}],"related_apps_title":"","related_apps_hidden":"","author":"","image":[],"title":"","job":"","social_networks":[]},"_links":{"self":[{"href":"https:\/\/elfsight.com\/fr\/wp-json\/wp\/v2\/pages\/7909","targetHints":{"allow":["GET"]}}],"collection":[{"href":"https:\/\/elfsight.com\/fr\/wp-json\/wp\/v2\/pages"}],"about":[{"href":"https:\/\/elfsight.com\/fr\/wp-json\/wp\/v2\/types\/page"}],"author":[{"embeddable":true,"href":"https:\/\/elfsight.com\/fr\/wp-json\/wp\/v2\/users\/9"}],"replies":[{"embeddable":true,"href":"https:\/\/elfsight.com\/fr\/wp-json\/wp\/v2\/comments?post=7909"}],"version-history":[{"count":1,"href":"https:\/\/elfsight.com\/fr\/wp-json\/wp\/v2\/pages\/7909\/revisions"}],"predecessor-version":[{"id":7913,"href":"https:\/\/elfsight.com\/fr\/wp-json\/wp\/v2\/pages\/7909\/revisions\/7913"}],"up":[{"embeddable":true,"href":"https:\/\/elfsight.com\/fr\/wp-json\/wp\/v2\/pages\/2153"}],"wp:attachment":[{"href":"https:\/\/elfsight.com\/fr\/wp-json\/wp\/v2\/media?parent=7909"}],"curies":[{"name":"wp","href":"https:\/\/api.w.org\/{rel}","templated":true}]}}