{"id":7908,"date":"2024-05-03T06:27:57","date_gmt":"2024-05-03T06:27:57","guid":{"rendered":"https:\/\/elfsight.com\/fr\/?page_id=7908"},"modified":"2025-07-09T09:51:19","modified_gmt":"2025-07-09T09:51:19","slug":"godaddy","status":"publish","type":"page","link":"https:\/\/elfsight.com\/fr\/apple-app-store-reviews-widget\/godaddy\/","title":{"rendered":"Apple App Store Reviews  &#8211; GoDaddy"},"content":{"rendered":"<div class=\"application-platform-content-item-description application-platform-content-item\" id=\"description\" data-nav-section=\"description\"> <h2>Int\u00e9grez les avis de l&rsquo;Apple App Store sur GoDaddy avec le widget Elfsight<\/h2> <p>Elfsight Apple App Store Reviews est un outil utile vous permettant pour afficher les avis sur vos produits directement sur votre site Web. Notre plugin, vous r\u00e9ussirez \u00e0 utiliser des filtres pour masquer les commentaires ind\u00e9sirables, \u00e0 afficher votre note par \u00e9toiles et votre num\u00e9ro de GoDaddy, \u00e0 afficher des informations sur les auteurs des critiques et \u00e0 ajouter un CTA qui incitera les utilisateurs \u00e0 publier leur commentaire sur GoDaddy. Elfsight Apple App Store Reviews Les avis vous aideront \u00e0 vanter votre preuve sociale \u00e9lev\u00e9e sur le site et \u00e0 attirer de nouvelles ventes. <\/p> <p><b>\u00c9largissez la port\u00e9e de vos commentaires sur l&rsquo;App Store d&rsquo;Apple et publiez-les sur votre site Web. <\/b><\/p> <\/div> <div class=\"application-platform-content-item-features application-platform-content-item\" id=\"features\" data-nav-section=\"features\"> <h2>Principales fonctionnalit\u00e9s du widget Avis sur l&rsquo;App Store d&rsquo;Apple<\/h2> <p>V\u00e9rifiez toutes les fonctionnalit\u00e9s du produit. Ils sont disponibles directement dans l&rsquo;\u00e9diteur et vous aideront \u00e0 construire le plugin adapt\u00e9 \u00e0 votre cas d&rsquo;utilisation. <\/p> <ul> <li>Choisir la vitesse de glissement et la vitesse de lecture automatique\u00a0; <\/li> <li>S\u00e9lection du type de pagination dans la disposition Slider\u00a0; <\/li> <li>Largeur et hauteur r\u00e9actives\u00a0; <\/li> <li>En-t\u00eate commutable du plugin\u00a0; <\/li> <\/ul> <p><a href=\"#demo\">V\u00e9rifiez le fonctionnement de toutes les fonctionnalit\u00e9s, dans notre d\u00e9mo<\/a><\/p> <\/div> <div class=\"application-platform-content-item-installation application-platform-content-item\" id=\"installation\" data-nav-section=\"installation\"> <h2>Comment puis-je int\u00e9grer les avis sur l&rsquo;App Store d&rsquo;Apple avec GoDaddy\u00a0? <\/h2> <p>Pour ins\u00e9rer le plugin, suivez simplement les instructions ci-dessous. <\/p> <ul> <li><b>Cr\u00e9ez votre plugin personnalis\u00e9<\/b><br> En g\u00e9rant notre d\u00e9mo gratuite, g\u00e9n\u00e9rez un plugin avec une composition et des fonctions s\u00e9lectionn\u00e9es. <\/li> <li><b>Acqu\u00e9rir le code individuel pour afficher le plugin<\/b><br> Apr\u00e8s avoir g\u00e9n\u00e9r\u00e9 votre plugin, vous recevrez le code d&rsquo;installation de la notification contextuelle sur Elfsight Apps. Copiez ce code pour une utilisation ult\u00e9rieure. <\/li> <li><b>Ajoutez le plugin sur votre site GoDaddy<\/b><br> Recherchez la zone dans laquelle vous souhaitez int\u00e9grer le plugin et ajoutez-y le code enregistr\u00e9. Enregistrez les r\u00e9sultats. <\/li> <li><b>Vous avez enti\u00e8rement termin\u00e9 l&rsquo;installation<\/b><br> Allez sur le site Web pour voir votre plugin. <\/li> <\/ul> <p>N&rsquo;h\u00e9sitez pas \u00e0 communiquer avec le service client lorsque vous avez besoin d&rsquo;aide ou avez des questions. Nous serons heureux de r\u00e9pondre \u00e0 chaque demande. <\/p> <div class=\"faq\" data-component=\"FAQ\"><div class=\"faq-item\">\r\n\t\t\t\t\t<div class=\"faq-item-question\">\r\n\t\t\t\t\t\t<h3 class=\"faq-item-question-text\">Comment puis-je int\u00e9grer le plug-in GoDaddy App Store Reviews dans mon site Web sans comp\u00e9tences en codage ?<\/h3>\r\n\r\n\t\t\t\t\t\t<div class=\"faq-item-question-icon\"><\/div>\r\n\t\t\t\t\t<\/div>\r\n\r\n\t\t\t\t\t<div class=\"faq-item-answer\">\r\n\t\t\t\t\t\t<div class=\"faq-item-answer-text\"><p>Elfsight propose une solution bas\u00e9e sur le cloud qui permet aux utilisateurs de cr\u00e9er un GoDaddy App Store Reviews. plugin \u00e0 lui seul. Observez \u00e0 quel point le processus est simple\u00a0:<\/p><ul><li>Acc\u00e9dez \u00e0 l&rsquo;\u00e9diteur en ligne pour g\u00e9n\u00e9rer une section du plug-in GoDaddy App Store Reviews que vous souhaitez int\u00e9grer \u00e0 votre site Web.<\/li><li>S\u00e9lectionnez l&rsquo;une des options suivantes\u00a0: nos mod\u00e8les pr\u00e9d\u00e9finis et configurez les param\u00e8tres du plug-in GoDaddy App Store Reviews, modifiez la mise en page et la palette de couleurs, incluez votre contenu sans aucune n\u00e9cessit\u00e9 de codage.<\/li><li>Conservez les param\u00e8tres que vous avez personnalis\u00e9s pour le GoDaddy App Store Plugin Reviews et obtenez le code \u00e0 int\u00e9grer, qui peut \u00eatre ins\u00e9r\u00e9 sans effort et gratuitement dans votre site Web.<\/li><\/ul><p>En travaillant dans l&rsquo;\u00e9diteur convivial, tout internaute peut cr\u00e9er une boutique d&rsquo;applications GoDaddy. Examine la section du plugin et int\u00e9grez-la \u00e0 leur site Web. Il n&rsquo;y a aucune exigence de paiement ou de divulgation des informations de votre carte pour acc\u00e9der \u00e0 l&rsquo;\u00e9diteur Elfsight. Si vous rencontrez des difficult\u00e9s \u00e0 un moment donn\u00e9, n&rsquo;h\u00e9sitez pas \u00e0 contacter notre service client.<\/p><\/div>\r\n\t\t\t\t\t<\/div>\r\n\t\t\t\t<\/div><\/div><\/div>","protected":false},"excerpt":{"rendered":"","protected":false},"author":9,"featured_media":0,"parent":2153,"menu_order":0,"comment_status":"closed","ping_status":"closed","template":"templates\/template-application-platform.php","meta":{"publish_to_discourse":"","publish_post_category":"","wpdc_auto_publish_overridden":"","wpdc_topic_tags":"","wpdc_pin_topic":"","wpdc_pin_until":"","discourse_post_id":"","discourse_permalink":"","wpdc_publishing_response":"","wpdc_publishing_error":"","footnotes":""},"class_list":["post-7908","page","type-page","status-publish","hentry"],"yoast_head":"<!-- This site is optimized with the Yoast SEO plugin v25.3.1 - https:\/\/yoast.com\/wordpress\/plugins\/seo\/ -->\n<title>Avis sur l&#039;App Store - Ajoutez le plugin Avis au site Web GoDaddy\u00a0!<\/title>\n<meta name=\"description\" content=\"Cr\u00e9ez un plugin d&#039;avis App Store attrayant pour votre site Web GoDaddy\u00a0! Utilisez la d\u00e9mo pratique d&#039;Elfsight et cr\u00e9ez votre outil en quelques clics !\" \/>\n<meta name=\"robots\" content=\"index, follow, max-snippet:-1, max-image-preview:large, max-video-preview:-1\" \/>\n<link rel=\"canonical\" href=\"https:\/\/elfsight.com\/fr\/apple-app-store-reviews-widget\/godaddy\/\" \/>\n<meta property=\"og:locale\" content=\"fr_FR\" \/>\n<meta property=\"og:type\" content=\"article\" \/>\n<meta property=\"og:title\" content=\"Avis sur l&#039;App Store - Ajoutez le plugin Avis au site Web GoDaddy\u00a0!\" \/>\n<meta property=\"og:description\" content=\"Cr\u00e9ez un plugin d&#039;avis App Store attrayant pour votre site Web GoDaddy\u00a0! Utilisez la d\u00e9mo pratique d&#039;Elfsight et cr\u00e9ez votre outil en quelques clics !\" \/>\n<meta property=\"og:url\" content=\"https:\/\/elfsight.com\/fr\/apple-app-store-reviews-widget\/godaddy\/\" \/>\n<meta property=\"og:site_name\" content=\"Elfsight FR\" \/>\n<meta property=\"article:modified_time\" content=\"2025-07-09T09:51:19+00:00\" \/>\n<meta name=\"twitter:card\" content=\"summary_large_image\" \/>\n<meta name=\"twitter:label1\" content=\"Dur\u00e9e de lecture estim\u00e9e\" \/>\n\t<meta name=\"twitter:data1\" content=\"3 minutes\" \/>\n<!-- \/ Yoast SEO plugin. -->","yoast_head_json":{"title":"Avis sur l'App Store - Ajoutez le plugin Avis au site Web GoDaddy\u00a0!","description":"Cr\u00e9ez un plugin d'avis App Store attrayant pour votre site Web GoDaddy\u00a0! Utilisez la d\u00e9mo pratique d'Elfsight et cr\u00e9ez votre outil en quelques clics !","robots":{"index":"index","follow":"follow","max-snippet":"max-snippet:-1","max-image-preview":"max-image-preview:large","max-video-preview":"max-video-preview:-1"},"canonical":"https:\/\/elfsight.com\/fr\/apple-app-store-reviews-widget\/godaddy\/","og_locale":"fr_FR","og_type":"article","og_title":"Avis sur l'App Store - Ajoutez le plugin Avis au site Web GoDaddy\u00a0!","og_description":"Cr\u00e9ez un plugin d'avis App Store attrayant pour votre site Web GoDaddy\u00a0! Utilisez la d\u00e9mo pratique d'Elfsight et cr\u00e9ez votre outil en quelques clics !","og_url":"https:\/\/elfsight.com\/fr\/apple-app-store-reviews-widget\/godaddy\/","og_site_name":"Elfsight FR","article_modified_time":"2025-07-09T09:51:19+00:00","twitter_card":"summary_large_image","twitter_misc":{"Dur\u00e9e de lecture estim\u00e9e":"3 minutes"},"schema":{"@context":"https:\/\/schema.org","@graph":[{"@type":"WebPage","@id":"https:\/\/elfsight.com\/fr\/apple-app-store-reviews-widget\/godaddy\/","url":"https:\/\/elfsight.com\/fr\/apple-app-store-reviews-widget\/godaddy\/","name":"Avis sur l'App Store - Ajoutez le plugin Avis au site Web GoDaddy\u00a0!","isPartOf":{"@id":"https:\/\/elfsight.com\/fr\/#website"},"datePublished":"2024-05-03T06:27:57+00:00","dateModified":"2025-07-09T09:51:19+00:00","description":"Cr\u00e9ez un plugin d'avis App Store attrayant pour votre site Web GoDaddy\u00a0! Utilisez la d\u00e9mo pratique d'Elfsight et cr\u00e9ez votre outil en quelques clics !","breadcrumb":{"@id":"https:\/\/elfsight.com\/fr\/apple-app-store-reviews-widget\/godaddy\/#breadcrumb"},"inLanguage":"fr-FR","potentialAction":[{"@type":"ReadAction","target":["https:\/\/elfsight.com\/fr\/apple-app-store-reviews-widget\/godaddy\/"]}]},{"@type":"BreadcrumbList","@id":"https:\/\/elfsight.com\/fr\/apple-app-store-reviews-widget\/godaddy\/#breadcrumb","itemListElement":[{"@type":"ListItem","position":1,"name":"Home","item":"https:\/\/elfsight.com\/fr\/"},{"@type":"ListItem","position":2,"name":"Apple App Store Reviews","item":"https:\/\/elfsight.com\/fr\/apple-app-store-reviews-widget\/"},{"@type":"ListItem","position":3,"name":"Apple App Store Reviews &#8211; GoDaddy"}]},{"@type":"WebSite","@id":"https:\/\/elfsight.com\/fr\/#website","url":"https:\/\/elfsight.com\/fr\/","name":"Elfsight FR","description":"","potentialAction":[{"@type":"SearchAction","target":{"@type":"EntryPoint","urlTemplate":"https:\/\/elfsight.com\/fr\/?s={search_term_string}"},"query-input":{"@type":"PropertyValueSpecification","valueRequired":true,"valueName":"search_term_string"}}],"inLanguage":"fr-FR"}]}},"meta_box":{"industry":"","seo_heading":"","heading":"","description":"","cta_heading":"","cta_description":"","application":"2152","h1":"Plugin Avis sur l'App Store GoDaddy","h1_caption":"Am\u00e9liorez la confiance en r\u00e9v\u00e9lant les commentaires des vrais visiteurs avec les informations sur l'auteur","application_category":[],"applications_title":"","applications_request_title":"","applications_request_button_text":"","hero_text":"","hero_video":"","hero_video_schema_markup":"","selling_points_title":"","selling_points_caption":"","selling_points":[],"selling_points_cta_text":"","features_title":"","features":"","ed_cta_examples_text":"","ed_cta_examples_hidden":"","ed_cta_demo_text":"","ed_cta_demo_hidden":"","why_caption":"","why_editor_title":"","why_editor_text":"","why_team_title":"","why_team_text":"","why_service_title":"","why_service_text":"","template_catalog_visible":"","template_catalog_title":"","template_catalog_text":"","template_catalog_categories_visible":"","demo_title":"Prenez une minute pour cr\u00e9er un produit pour votre site Web\u00a0!","demo_caption":"Vous pouvez personnaliser le plugin dans l'\u00e9diteur et l'ajouter \u00e0 votre site web directement via la d\u00e9mo.","default_faq_hidden":"","app_template_category":[],"platform":"370","template_public_id":"","codecanyon_url":"","codecanyon_item_id":"","codecanyon_price":"","pricing_caption":"","pricing_elfsight_apps_hide_column":"","pricing_elfsight_apps_url":"","pricing_codecanyon_price_caption":"","integration_category":[],"integration_request_title":"","integration_request_cta":"","integration_platform":"","integrations":[],"platform_category":[],"video_schema_markup":"","price":"\u00e0 partir de 0$ \/ mois","trial":"","benefits":[{"text":"Assistance \u00e0 l'installation gratuite"},{"text":"Service client efficace"},{"text":"Garantie de remboursement de 14 jours"},{"text":"Mises \u00e0 jour gratuites \u00e0 vie"}],"button_url":"#demo","button_target_blank":"","button_nofollow":"","attributes":[{"name":"Installations","content":"10,000 - 100,000"},{"name":"Sensible","content":"Oui"},{"name":"Navigateurs compatibles","content":"IE11, Firefox, Safari, Opera, Chrome, Edge"}],"tags":[],"tags_disable_links":"","hide_more_platforms":"","video_object":"","demo_hide_cta":"","demo_hide_cloud_options":"","pricing_title":"","pricing":[{"pricing_icon":"platform","pricing_title":"Elfsight Apps","pricing_title_caption":"Solution multiplateforme adapt\u00e9e \u00e0 n'importe quel site Web","pricing_price":"from $0 \/ month","pricing_price_caption":"commencez avec un forfait gratuit","pricing_benefits":[{"text":"Domaines illimit\u00e9s"},{"text":"Support client 24h\/24 et 7j\/7 et bien document\u00e9"},{"text":"Aide \u00e0 l'installation gratuite"},{"text":"100% personnalisable"}],"pricing_button_text":"Ajouter au site Web","pricing_button_url":"#demo"}],"related_apps_title":"","related_apps_hidden":"","author":"","image":[],"title":"","job":"","social_networks":[]},"_links":{"self":[{"href":"https:\/\/elfsight.com\/fr\/wp-json\/wp\/v2\/pages\/7908","targetHints":{"allow":["GET"]}}],"collection":[{"href":"https:\/\/elfsight.com\/fr\/wp-json\/wp\/v2\/pages"}],"about":[{"href":"https:\/\/elfsight.com\/fr\/wp-json\/wp\/v2\/types\/page"}],"author":[{"embeddable":true,"href":"https:\/\/elfsight.com\/fr\/wp-json\/wp\/v2\/users\/9"}],"replies":[{"embeddable":true,"href":"https:\/\/elfsight.com\/fr\/wp-json\/wp\/v2\/comments?post=7908"}],"version-history":[{"count":1,"href":"https:\/\/elfsight.com\/fr\/wp-json\/wp\/v2\/pages\/7908\/revisions"}],"predecessor-version":[{"id":7912,"href":"https:\/\/elfsight.com\/fr\/wp-json\/wp\/v2\/pages\/7908\/revisions\/7912"}],"up":[{"embeddable":true,"href":"https:\/\/elfsight.com\/fr\/wp-json\/wp\/v2\/pages\/2153"}],"wp:attachment":[{"href":"https:\/\/elfsight.com\/fr\/wp-json\/wp\/v2\/media?parent=7908"}],"curies":[{"name":"wp","href":"https:\/\/api.w.org\/{rel}","templated":true}]}}