{"id":7746,"date":"2024-05-03T06:26:35","date_gmt":"2024-05-03T06:26:35","guid":{"rendered":"https:\/\/elfsight.com\/fr\/?page_id=7746"},"modified":"2025-07-09T09:34:38","modified_gmt":"2025-07-09T09:34:38","slug":"woocommerce","status":"publish","type":"page","link":"https:\/\/elfsight.com\/fr\/aliexpress-reviews-widget\/woocommerce\/","title":{"rendered":"AliExpress Reviews &#8211; Woocommerce"},"content":{"rendered":"<div class=\"application-platform-content-item-description application-platform-content-item\" id=\"description\" data-nav-section=\"description\"><h2>Int\u00e9grer les avis AliExpress sur Woocommerce avec le widget Elfsight<\/h2> <p>Le plugin Elfsight AliExpress Reviews, exclusivement con\u00e7u pour Woocommerce, est un Widget polyvalent et robuste con\u00e7u pour captiver l&rsquo;attention des visiteurs de votre site Web ou de vos pages. Avec ce plugin dynamique \u00e0 votre disposition, vous pouvez afficher sans effort une grande vari\u00e9t\u00e9 de visuels, de vid\u00e9os, ou encore mettre en valeur les derni\u00e8res promotions et offres de votre boutique en ligne. Les possibilit\u00e9s sont illimit\u00e9es et vous avez la libert\u00e9 d&rsquo;ajouter autant de diapositives que vous le souhaitez au code HTML de votre page Web Woocommerce, vous permettant ainsi de pr\u00e9senter fi\u00e8rement vos produits et de mettre en valeur ces promotions all\u00e9chantes.<\/p><p>L&rsquo;une des qualit\u00e9s les plus remarquables. L\u2019un des principaux atouts du plugin Elfsight AliExpress Reviews pour Woocommerce est sa remarquable adaptabilit\u00e9. Vous pouvez affiner vos diapositives avec des effets visuels captivants, rendant vos pr\u00e9sentations de produits encore plus captivantes. Que vous souhaitiez pr\u00e9senter des visuels accrocheurs ou des vid\u00e9os attrayantes, vous avez la libert\u00e9 cr\u00e9ative de personnaliser leurs dimensions, en vous assurant qu&rsquo;elles s&rsquo;int\u00e8grent parfaitement au design et au style de votre page Web.<\/p><p>Ce qui rend ce widget Woocommerce AliExpress Reviews exceptionnel est sa capacit\u00e9 \u00e0 vous aider \u00e0 cr\u00e9er un curseur accrocheur qui non seulement attire les utilisateurs, mais les maintient \u00e9galement engag\u00e9s sur votre page Web pendant de plus longues p\u00e9riodes. Lorsque les visiteurs explorent votre site Woocommerce, la nature dynamique et interactive de ce plugin garantit qu&rsquo;ils restent engag\u00e9s, r\u00e9duisant ainsi le risque de d\u00e9part pr\u00e9matur\u00e9.<\/p><p>Le plugin Elfsight AliExpress Reviews pour le site Web Woocommerce ouvre un monde de possibilit\u00e9s pour Entreprises de commerce \u00e9lectronique. Am\u00e9liorez la visibilit\u00e9 de vos produits, engagez votre public et am\u00e9liorez l&rsquo;attrait g\u00e9n\u00e9ral de votre site Web Woocommerce avec ce widget exceptionnel. C&rsquo;est le widget parfait pour les propri\u00e9taires de sites Web Woocommerce qui cherchent \u00e0 faire une impression durable et \u00e0 g\u00e9n\u00e9rer plus de conversions. \u00c9levez votre site Web Woocommerce vers de nouveaux sommets avec le plugin Elfsight AliExpress Reviews d\u00e8s aujourd&rsquo;hui. <\/p> <p><b>Utilisez le plugin AliExpress Reviews pour acc\u00e9l\u00e9rer le succ\u00e8s de votre e-commerce\u00a0!<\/b><\/p> <div class=\"faq\" data-component=\"FAQ\"><div class=\"faq-item\">\r\n\t\t\t\t\t<div class=\"faq-item-question\">\r\n\t\t\t\t\t\t<h3 class=\"faq-item-question-text\">Pourquoi Choisissez Elfsight AliExpress Reviews pour WooCommerce ?<\/h3>\r\n\r\n\t\t\t\t\t\t<div class=\"faq-item-question-icon\"><\/div>\r\n\t\t\t\t\t<\/div>\r\n\r\n\t\t\t\t\t<div class=\"faq-item-answer\">\r\n\t\t\t\t\t\t<div class=\"faq-item-answer-text\"><p>Elfsight AliExpress Reviews pour WooCommerce est le premier choix pour les propri\u00e9taires de boutiques en ligne utilisant WooCommerce qui souhaitent am\u00e9liorer leurs listes de produits avec des avis clients authentiques. Voici quelques raisons imp\u00e9rieuses de s\u00e9lectionner ce plugin\u00a0:<\/p><ul> <li>Int\u00e9gration sans effort\u00a0: ajouter des avis AliExpress \u00e0 votre boutique WooCommerce est un jeu d&rsquo;enfant. Vous n&rsquo;avez besoin d&rsquo;aucune comp\u00e9tence en codage\u00a0; c&rsquo;est aussi simple que de copier et coller.<\/li> <li>Options de personnalisation\u00a0: personnalisez votre widget Avis AliExpress en fonction du style et de l&rsquo;image de marque de votre magasin. Choisissez parmi diff\u00e9rents th\u00e8mes, mises en page et param\u00e8tres d&rsquo;affichage des avis.<\/li> <li>Commentaires de vrais clients\u00a0: pr\u00e9sentez de vrais avis d&rsquo;AliExpress, fournissant aux acheteurs potentiels des informations pr\u00e9cieuses et une preuve sociale.<\/li> <li>Confiance am\u00e9lior\u00e9e\u00a0: cr\u00e9ez faites confiance \u00e0 vos clients en affichant des avis authentiques, les encourageant \u00e0 prendre des d\u00e9cisions d&rsquo;achat \u00e9clair\u00e9es.<\/li> <li>Augmentation des ventes\u00a0: en pr\u00e9sentant des avis authentiques, vous augmenterez la confiance des clients et g\u00e9n\u00e9rerez plus de ventes, rendant votre boutique WooCommerce plus rentable. <\/li><\/ul><p>Avec Elfsight AliExpress Reviews pour WooCommerce, vous pouvez am\u00e9liorer consid\u00e9rablement vos listes de produits et cr\u00e9er une exp\u00e9rience d&rsquo;achat plus fiable.<\/p><\/div>\r\n\t\t\t\t\t<\/div>\r\n\t\t\t\t<\/div><div class=\"faq-item\">\r\n\t\t\t\t\t<div class=\"faq-item-question\">\r\n\t\t\t\t\t\t<h3 class=\"faq-item-question-text\">Comment ajouter les avis Elfsight AliExpress \u00e0 votre boutique WooCommerce ?<\/h3>\r\n\r\n\t\t\t\t\t\t<div class=\"faq-item-question-icon\"><\/div>\r\n\t\t\t\t\t<\/div>\r\n\r\n\t\t\t\t\t<div class=\"faq-item-answer\">\r\n\t\t\t\t\t\t<div class=\"faq-item-answer-text\"><p>L&rsquo;int\u00e9gration des avis Elfsight AliExpress \u00e0 votre boutique WooCommerce est un processus simple et rapide. Suivez ces \u00e9tapes pour commencer\u00a0:<\/p><ol> <li><strong>Personnalisation du widget\u00a0:<\/strong> Commencez par personnaliser votre widget Avis AliExpress \u00e0 l&rsquo;aide de notre configurateur gratuit. Vous pouvez choisir votre disposition, conception et autres param\u00e8tres pr\u00e9f\u00e9r\u00e9s.<\/li> <li><strong>Code d&rsquo;installation\u00a0:<\/strong> Apr\u00e8s avoir personnalis\u00e9 votre widget, vous recevrez un code d&rsquo;installation unique. Copiez ce code, car vous en aurez besoin pour l&rsquo;\u00e9tape suivante.<\/li> <li><strong>Int\u00e9gration de la boutique<\/strong>\u00a0: acc\u00e9dez au backend de votre boutique WooCommerce et collez le code d&rsquo;installation \u00e0 l&#8217;emplacement requis. Enregistrez les modifications.<\/li> <li><strong>Profitez des avis AliExpress\u00a0:<\/strong> Votre widget Avis AliExpress est d\u00e9sormais int\u00e9gr\u00e9 avec succ\u00e8s dans votre boutique. Consultez vos fiches produits pour voir comment cela fonctionne.<\/li><\/ol><p>C&rsquo;est tout\u00a0! Vous avez ajout\u00e9 avec succ\u00e8s les avis Elfsight AliExpress \u00e0 votre boutique WooCommerce, am\u00e9liorant ainsi vos listes de produits avec des commentaires clients authentiques.<\/p><\/div>\r\n\t\t\t\t\t<\/div>\r\n\t\t\t\t<\/div><div class=\"faq-item\">\r\n\t\t\t\t\t<div class=\"faq-item-question\">\r\n\t\t\t\t\t\t<h3 class=\"faq-item-question-text\">Pr\u00e9visualisez l'apparence du widget avec notre d\u00e9mo en direct<\/h3>\r\n\r\n\t\t\t\t\t\t<div class=\"faq-item-question-icon\"><\/div>\r\n\t\t\t\t\t<\/div>\r\n\r\n\t\t\t\t\t<div class=\"faq-item-answer\">\r\n\t\t\t\t\t\t<div class=\"faq-item-answer-text\"> <p>Curieuse de savoir \u00e0 quoi ressemblera le widget Avis AliExpress sur votre boutique WooCommerce\u00a0? Vous pouvez le pr\u00e9visualiser avant de l&rsquo;ajouter \u00e0 votre site. Lors de la personnalisation du widget dans le g\u00e9n\u00e9rateur en ligne, vous pouvez voir les modifications en temps r\u00e9el sur le c\u00f4t\u00e9 droit. Cela signifie que vous pouvez vous assurer que l&rsquo;affichage des avis correspond parfaitement au style de votre boutique WooCommerce.<\/p><p><a href=\"https:\/\/elfsight.com\/aliexpress-reviews-widget\/#demo\">Essayez l&rsquo;outil D\u00e9mo en direct maintenant<\/a><\/p><\/div>\r\n\t\t\t\t\t<\/div>\r\n\t\t\t\t<\/div><\/div><\/div><div class=\"application-platform-content-item-features application-platform-content-item\" id=\"features\" data-nav-section=\"features\"><h2>Principales fonctionnalit\u00e9s du widget\u00a0: un aper\u00e7u rapide<\/h2> <p> Lib\u00e9rez le potentiel du plugin Elfsight AliExpress Reviews avec ces fonctionnalit\u00e9s remarquables qui vous permettent de prendre le contr\u00f4le des performances de votre site Web ou de votre page en ligne et de l&rsquo;engagement des utilisateurs\u00a0:<\/p><ul> <li> <strong>Boutons d&rsquo;appel \u00e0 l&rsquo;action (CTA) pour une conversion am\u00e9lior\u00e9e\u00a0:<\/strong> Avec le plugin Elfsight AliExpress Reviews, vous pouvez facilement int\u00e9grer des boutons d&rsquo;appel \u00e0 l&rsquo;action (CTA) dans le contenu et le code HTML de votre site Web ou de votre page. Ces boutons servent de widget puissant pour guider les utilisateurs vers la conversion, qu&rsquo;il s&rsquo;agisse d&rsquo;effectuer un achat, de s&rsquo;abonner \u00e0 une newsletter ou de toute autre action souhait\u00e9e. Personnalisez les boutons AliExpress Reviews pour les aligner sur les objectifs de votre page Web et stimuler l&rsquo;interaction des utilisateurs. <\/li> <li> <strong>Dur\u00e9e de transition des diapositives personnalisable\u00a0:<\/strong> Ajustez la dur\u00e9e de basculement entre les diapositives en fonction du rythme de votre site Web ou de votre page Woocommerce. Vous avez la possibilit\u00e9 de d\u00e9finir la vitesse \u00e0 laquelle le contenu du plugin tourne, garantissant ainsi qu&rsquo;il compl\u00e8te l&rsquo;exp\u00e9rience utilisateur globale de votre site. <\/li> <li> <strong>Options de fonctionnalit\u00e9s multiples\u00a0:<\/strong> Le plugin Elfsight AliExpress Reviews offre une gamme de fonctionnalit\u00e9s parmi lesquelles choisir pour votre site Web ou votre page. Vous pouvez s\u00e9lectionner et int\u00e9grer ceux qui correspondent le mieux \u00e0 vos besoins et objectifs sp\u00e9cifiques dans le code HTML de votre page Web, am\u00e9liorant ainsi la fonctionnalit\u00e9 globale et l&rsquo;attrait de votre boutique en ligne. <\/li> <li> <strong>Positionnement avanc\u00e9 du contenu\u00a0:<\/strong> Profitez des options de positionnement avanc\u00e9es fournies par le plugin, vous permettant de placer le contenu de vos avis AliExpress n&rsquo;importe o\u00f9 sur votre site Web ou votre page Woocommerce. Ce niveau de contr\u00f4le vous permet de cr\u00e9er une exp\u00e9rience utilisateur transparente et engageante qui trouve un \u00e9cho aupr\u00e8s de votre public. <\/li> <li> <strong>Cinq vari\u00e9t\u00e9s de contenu\u00a0:<\/strong> Le plugin Elfsight AliExpress Reviews propose cinq options de contenu que vous pouvez adapter \u00e0 vos pr\u00e9f\u00e9rences. Qu&rsquo;il s&rsquo;agisse de visuels, de vid\u00e9os, de descriptions de produits, de t\u00e9moignages de clients ou d&rsquo;offres all\u00e9chantes, vous pouvez int\u00e9grer ces \u00e9l\u00e9ments de mani\u00e8re transparente dans le code de votre plugin AliExpress Reviews, enrichissant ainsi le contenu et l&rsquo;attrait visuel de votre site Web ou de votre page. <\/li><\/ul><p>L&rsquo;int\u00e9gration des avis Elfsight AliExpress dans le code HTML de votre page Web Woocommerce garantit que vous avez acc\u00e8s \u00e0 un ensemble complet de widgets qui non seulement am\u00e9liorent l&rsquo;engagement des utilisateurs, mais am\u00e9liorent \u00e9galement la fonctionnalit\u00e9 et l&rsquo;esth\u00e9tique de votre page Web. Qu&rsquo;il s&rsquo;agisse d&rsquo;augmenter les conversions via les boutons CTA, d&rsquo;ajuster la dur\u00e9e des diapositives pour une exp\u00e9rience plus fluide ou d&rsquo;utiliser un positionnement avanc\u00e9, ce plugin AliExpress Reviews est la cl\u00e9 pour optimiser les performances de votre site Web et cr\u00e9er un parcours utilisateur plus immersif.<\/p><p> <a href=\"#demo\">Explorez les fonctionnalit\u00e9s du plugin \u00e0 l&rsquo;aide de la d\u00e9monstration.<\/a><\/p> <\/div><div class=\"application-platform-content-item-installation application-platform-content-item\" id=\"installation\" data-nav-section=\"installation\"><h2>Comment ajouter des avis AliExpress \u00e0 votre Page Woocommerce<\/h2> <p>Suivez ces \u00e9tapes simples pour activer le plugin sur votre site Woocommerce.<\/p> <ol><li><b>Commencez par utiliser notre d\u00e9mo gratuite pour cr\u00e9er votre plugin AliExpress Reviews personnalis\u00e9 pour Woocommerce. site Web.<\/b><br> S\u00e9lectionnez votre apparence et vos fonctionnalit\u00e9s pr\u00e9f\u00e9r\u00e9es pour le widget et appliquez les modifications souhait\u00e9es. <\/li> <li><b>Copiez le code HTML unique g\u00e9n\u00e9r\u00e9 sur les applications Elfsight.<\/b><br> Apr\u00e8s avoir cr\u00e9\u00e9 votre plugin personnalis\u00e9, copiez le code HTML fourni dans la fen\u00eatre contextuelle et enregistrez-le pour une utilisation future. <\/li> <li><b>Impl\u00e9mentez le plugin AliExpress Reviews sur votre site Web Woocommerce.<\/b><br> Ajoutez le code enregistr\u00e9 pr\u00e9c\u00e9demment \u00e0 la section HTML de votre site Web ou de votre page Woocommerce et effectuez les ajustements n\u00e9cessaires. <\/li> <li><b>C&rsquo;est tout\u00a0! L&rsquo;ajout des avis AliExpress est termin\u00e9.<\/b><br> Visitez votre site pour voir comment fonctionne le plugin Woocommerce AliExpress Reviews. <\/li><\/ol> <p>Si vous avez des questions ou rencontrez des difficult\u00e9s, n&rsquo;h\u00e9sitez pas \u00e0 contacter notre \u00e9quipe de support client. Nos experts sont pr\u00eats \u00e0 r\u00e9pondre \u00e0 toutes vos questions li\u00e9es aux produits.<\/p> <\/div>","protected":false},"excerpt":{"rendered":"","protected":false},"author":9,"featured_media":0,"parent":1701,"menu_order":0,"comment_status":"closed","ping_status":"closed","template":"templates\/template-application-platform.php","meta":{"publish_to_discourse":"","publish_post_category":"","wpdc_auto_publish_overridden":"","wpdc_topic_tags":"","wpdc_pin_topic":"","wpdc_pin_until":"","discourse_post_id":"","discourse_permalink":"","wpdc_publishing_response":"","wpdc_publishing_error":"","footnotes":""},"class_list":["post-7746","page","type-page","status-publish","hentry"],"yoast_head":"<!-- This site is optimized with the Yoast SEO plugin v25.3.1 - https:\/\/yoast.com\/wordpress\/plugins\/seo\/ -->\n<title>\u00c9levez votre boutique Woocommerce avec Elfsight AliExpress<\/title>\n<meta name=\"description\" content=\"Am\u00e9liorez la confiance et l\u2019engagement de votre boutique Woocommerce avec l\u2019int\u00e9gration transparente d\u2019Elfsight AliExpress Reviews. D\u00e9couvrez le processus simple permettant d&#039;int\u00e9grer les avis des clients et les pr\u00e9sentations de produits, ce qui conduit \u00e0 de meilleures conversions et \u00e0 la confiance des clients.\" \/>\n<meta name=\"robots\" content=\"index, follow, max-snippet:-1, max-image-preview:large, max-video-preview:-1\" \/>\n<link rel=\"canonical\" href=\"https:\/\/elfsight.com\/fr\/aliexpress-reviews-widget\/woocommerce\/\" \/>\n<meta property=\"og:locale\" content=\"fr_FR\" \/>\n<meta property=\"og:type\" content=\"article\" \/>\n<meta property=\"og:title\" content=\"\u00c9levez votre boutique Woocommerce avec Elfsight AliExpress\" \/>\n<meta property=\"og:description\" content=\"Am\u00e9liorez la confiance et l\u2019engagement de votre boutique Woocommerce avec l\u2019int\u00e9gration transparente d\u2019Elfsight AliExpress Reviews. D\u00e9couvrez le processus simple permettant d&#039;int\u00e9grer les avis des clients et les pr\u00e9sentations de produits, ce qui conduit \u00e0 de meilleures conversions et \u00e0 la confiance des clients.\" \/>\n<meta property=\"og:url\" content=\"https:\/\/elfsight.com\/fr\/aliexpress-reviews-widget\/woocommerce\/\" \/>\n<meta property=\"og:site_name\" content=\"Elfsight FR\" \/>\n<meta property=\"article:modified_time\" content=\"2025-07-09T09:34:38+00:00\" \/>\n<meta name=\"twitter:card\" content=\"summary_large_image\" \/>\n<meta name=\"twitter:label1\" content=\"Dur\u00e9e de lecture estim\u00e9e\" \/>\n\t<meta name=\"twitter:data1\" content=\"8 minutes\" \/>\n<!-- \/ Yoast SEO plugin. -->","yoast_head_json":{"title":"\u00c9levez votre boutique Woocommerce avec Elfsight AliExpress","description":"Am\u00e9liorez la confiance et l\u2019engagement de votre boutique Woocommerce avec l\u2019int\u00e9gration transparente d\u2019Elfsight AliExpress Reviews. D\u00e9couvrez le processus simple permettant d'int\u00e9grer les avis des clients et les pr\u00e9sentations de produits, ce qui conduit \u00e0 de meilleures conversions et \u00e0 la confiance des clients.","robots":{"index":"index","follow":"follow","max-snippet":"max-snippet:-1","max-image-preview":"max-image-preview:large","max-video-preview":"max-video-preview:-1"},"canonical":"https:\/\/elfsight.com\/fr\/aliexpress-reviews-widget\/woocommerce\/","og_locale":"fr_FR","og_type":"article","og_title":"\u00c9levez votre boutique Woocommerce avec Elfsight AliExpress","og_description":"Am\u00e9liorez la confiance et l\u2019engagement de votre boutique Woocommerce avec l\u2019int\u00e9gration transparente d\u2019Elfsight AliExpress Reviews. D\u00e9couvrez le processus simple permettant d'int\u00e9grer les avis des clients et les pr\u00e9sentations de produits, ce qui conduit \u00e0 de meilleures conversions et \u00e0 la confiance des clients.","og_url":"https:\/\/elfsight.com\/fr\/aliexpress-reviews-widget\/woocommerce\/","og_site_name":"Elfsight FR","article_modified_time":"2025-07-09T09:34:38+00:00","twitter_card":"summary_large_image","twitter_misc":{"Dur\u00e9e de lecture estim\u00e9e":"8 minutes"},"schema":{"@context":"https:\/\/schema.org","@graph":[{"@type":"WebPage","@id":"https:\/\/elfsight.com\/fr\/aliexpress-reviews-widget\/woocommerce\/","url":"https:\/\/elfsight.com\/fr\/aliexpress-reviews-widget\/woocommerce\/","name":"\u00c9levez votre boutique Woocommerce avec Elfsight AliExpress","isPartOf":{"@id":"https:\/\/elfsight.com\/fr\/#website"},"datePublished":"2024-05-03T06:26:35+00:00","dateModified":"2025-07-09T09:34:38+00:00","description":"Am\u00e9liorez la confiance et l\u2019engagement de votre boutique Woocommerce avec l\u2019int\u00e9gration transparente d\u2019Elfsight AliExpress Reviews. D\u00e9couvrez le processus simple permettant d'int\u00e9grer les avis des clients et les pr\u00e9sentations de produits, ce qui conduit \u00e0 de meilleures conversions et \u00e0 la confiance des clients.","breadcrumb":{"@id":"https:\/\/elfsight.com\/fr\/aliexpress-reviews-widget\/woocommerce\/#breadcrumb"},"inLanguage":"fr-FR","potentialAction":[{"@type":"ReadAction","target":["https:\/\/elfsight.com\/fr\/aliexpress-reviews-widget\/woocommerce\/"]}]},{"@type":"BreadcrumbList","@id":"https:\/\/elfsight.com\/fr\/aliexpress-reviews-widget\/woocommerce\/#breadcrumb","itemListElement":[{"@type":"ListItem","position":1,"name":"Home","item":"https:\/\/elfsight.com\/fr\/"},{"@type":"ListItem","position":2,"name":"AliExpress Reviews","item":"https:\/\/elfsight.com\/fr\/aliexpress-reviews-widget\/"},{"@type":"ListItem","position":3,"name":"AliExpress Reviews &#8211; Woocommerce"}]},{"@type":"WebSite","@id":"https:\/\/elfsight.com\/fr\/#website","url":"https:\/\/elfsight.com\/fr\/","name":"Elfsight FR","description":"","potentialAction":[{"@type":"SearchAction","target":{"@type":"EntryPoint","urlTemplate":"https:\/\/elfsight.com\/fr\/?s={search_term_string}"},"query-input":{"@type":"PropertyValueSpecification","valueRequired":true,"valueName":"search_term_string"}}],"inLanguage":"fr-FR"}]}},"meta_box":{"industry":"","seo_heading":"","heading":"","description":"","cta_heading":"","cta_description":"","application":"1687","h1":"Comment int\u00e9grer les avis AliExpress sur un site Web Woocommerce","h1_caption":"Affichez les avis de votre boutique Aliexpress pour renforcer la confiance et am\u00e9liorer la cr\u00e9dibilit\u00e9 de vos listes de produits sur votre site Web WooCommerce sans effort.","application_category":[],"applications_title":"","applications_request_title":"","applications_request_button_text":"","hero_text":"","hero_video":"","hero_video_schema_markup":"","selling_points_title":"","selling_points_caption":"","selling_points":[],"selling_points_cta_text":"","features_title":"","features":"","ed_cta_examples_text":"","ed_cta_examples_hidden":"","ed_cta_demo_text":"","ed_cta_demo_hidden":"","why_caption":"","why_editor_title":"","why_editor_text":"","why_team_title":"","why_team_text":"","why_service_title":"","why_service_text":"","template_catalog_visible":"","template_catalog_title":"","template_catalog_text":"","template_catalog_categories_visible":"","demo_title":"Cr\u00e9ez votre application AliExpress Reviews","demo_caption":"Configurez vos avis AliExpress et ajoutez-les \u00e0 votre site Web WooCommerce gratuitement !","default_faq_hidden":"","app_template_category":[],"platform":"397","template_public_id":"","codecanyon_url":"","codecanyon_item_id":"","codecanyon_price":"","pricing_caption":"","pricing_elfsight_apps_hide_column":"","pricing_elfsight_apps_url":"","pricing_codecanyon_price_caption":"","integration_category":[],"integration_request_title":"","integration_request_cta":"","integration_platform":"","integrations":[],"platform_category":[],"video_schema_markup":"","price":"\u00e0 partir de 0$ \/ mois","trial":"","benefits":[{"text":"Aide \u00e0 l'installation gratuite"},{"text":"Soutien exceptionnel"},{"text":"Garantie de remboursement de 14 jours"},{"text":"D\u00e9veloppement continu"}],"button_url":"#demo","button_target_blank":"","button_nofollow":"","attributes":[{"name":"Installations","content":"10,000 - 100,000"},{"name":"Sensible","content":"Oui"},{"name":"Navigateurs compatibles","content":"Firefox, Safari, Opera, Chrome, Edge"}],"tags":[],"tags_disable_links":"","hide_more_platforms":"","video_object":"","demo_hide_cta":"","demo_hide_cloud_options":"","pricing_title":"","pricing":[{"pricing_icon":"platform","pricing_title":"Elfsight Apps","pricing_title_caption":"Solution num\u00e9rique multiplateforme adapt\u00e9e \u00e0 tous les sites","pricing_price":"from $0 \/ month","pricing_price_caption":"commencez avec un forfait gratuit","pricing_benefits":[{"text":"Sites Web illimit\u00e9s"},{"text":"Accompagnement professionnel et bien document\u00e9"},{"text":"Assistance \u00e0 l'installation gratuite"},{"text":"100% personnalisable"}],"pricing_button_text":"Ajouter au site Web","pricing_button_url":"#demo"}],"related_apps_title":"","related_apps_hidden":"","author":"","image":[],"title":"","job":"","social_networks":[]},"_links":{"self":[{"href":"https:\/\/elfsight.com\/fr\/wp-json\/wp\/v2\/pages\/7746","targetHints":{"allow":["GET"]}}],"collection":[{"href":"https:\/\/elfsight.com\/fr\/wp-json\/wp\/v2\/pages"}],"about":[{"href":"https:\/\/elfsight.com\/fr\/wp-json\/wp\/v2\/types\/page"}],"author":[{"embeddable":true,"href":"https:\/\/elfsight.com\/fr\/wp-json\/wp\/v2\/users\/9"}],"replies":[{"embeddable":true,"href":"https:\/\/elfsight.com\/fr\/wp-json\/wp\/v2\/comments?post=7746"}],"version-history":[{"count":1,"href":"https:\/\/elfsight.com\/fr\/wp-json\/wp\/v2\/pages\/7746\/revisions"}],"predecessor-version":[{"id":7750,"href":"https:\/\/elfsight.com\/fr\/wp-json\/wp\/v2\/pages\/7746\/revisions\/7750"}],"up":[{"embeddable":true,"href":"https:\/\/elfsight.com\/fr\/wp-json\/wp\/v2\/pages\/1701"}],"wp:attachment":[{"href":"https:\/\/elfsight.com\/fr\/wp-json\/wp\/v2\/media?parent=7746"}],"curies":[{"name":"wp","href":"https:\/\/api.w.org\/{rel}","templated":true}]}}