{"id":7733,"date":"2024-05-03T06:26:30","date_gmt":"2024-05-03T06:26:30","guid":{"rendered":"https:\/\/elfsight.com\/fr\/?page_id=7733"},"modified":"2025-07-09T09:33:43","modified_gmt":"2025-07-09T09:33:43","slug":"webflow","status":"publish","type":"page","link":"https:\/\/elfsight.com\/fr\/airbnb-reviews-widget\/webflow\/","title":{"rendered":"Airbnb Reviews &#8211; Webflow"},"content":{"rendered":"<div class=\"application-platform-content-item-description application-platform-content-item\" id=\"description\" data-nav-section=\"description\"> <h2>Int\u00e9grez les avis Airbnb sur Webflow avec le widget Elfsight<\/h2> <p>Si vous souhaitez d\u00e9montrer votre appr\u00e9ciation aupr\u00e8s des utilisateurs et convaincre les visiteurs du site Web que vos produits ou services valent la peine d&rsquo;\u00eatre achet\u00e9s, Elfsight Airbnb Reviews vous convient parfaitement. Avec notre outil, vous \u00eates libre d&rsquo;ins\u00e9rer les avis des utilisateurs d&rsquo;Airbnb sur votre site Web avec des informations sur leurs auteurs, d&rsquo;utiliser des filtres pour afficher uniquement les bons, d&rsquo;ajouter des notes et un bouton actif qui redirigera les utilisateurs vers votre page Airbnb, afin qu&rsquo;ils puissent laisser leur avis. <\/p> <div class=\"faq\" data-component=\"FAQ\"><div class=\"faq-item\">\r\n\t\t\t\t\t<div class=\"faq-item-question\">\r\n\t\t\t\t\t\t<h3 class=\"faq-item-question-text\">O\u00f9 sur mon site puis-je int\u00e9grer les avis Airbnb<\/h3>\r\n\r\n\t\t\t\t\t\t<div class=\"faq-item-question-icon\"><\/div>\r\n\t\t\t\t\t<\/div>\r\n\r\n\t\t\t\t\t<div class=\"faq-item-answer\">\r\n\t\t\t\t\t\t<div class=\"faq-item-answer-text\"> <p>Notre widget peut \u00eatre configur\u00e9 sur n&rsquo;importe quelle page, o\u00f9 vous souhaitez impressionner les utilisateurs avec votre appr\u00e9ciation \u00e9lev\u00e9e et votre popularit\u00e9 parmi les clients. . Si vous souhaitez afficher le widget sur toutes les pages du site, vous pouvez facilement le coller dans le mod\u00e8le du site Web. <\/p> <\/div>\r\n\t\t\t\t\t<\/div>\r\n\t\t\t\t<\/div><div class=\"faq-item\">\r\n\t\t\t\t\t<div class=\"faq-item-question\">\r\n\t\t\t\t\t\t<h3 class=\"faq-item-question-text\">Comment vais-je en b\u00e9n\u00e9ficier ?<\/h3>\r\n\r\n\t\t\t\t\t\t<div class=\"faq-item-question-icon\"><\/div>\r\n\t\t\t\t\t<\/div>\r\n\r\n\t\t\t\t\t<div class=\"faq-item-answer\">\r\n\t\t\t\t\t\t<div class=\"faq-item-answer-text\"> <p>Les avis publi\u00e9s par de vraies personnes semblent extr\u00eamement fiables aux utilisateurs de votre site et leur prouvent que votre entreprise est un partenaire fiable. Une note \u00e9lev\u00e9e et d\u2019excellentes critiques peuvent contribuer \u00e0 augmenter les ventes de votre site. De plus, le bouton de redirection contribuera \u00e0 augmenter le nombre d&rsquo;avis clients sur votre logement sur Airbnb. <\/p> <\/div>\r\n\t\t\t\t\t<\/div>\r\n\t\t\t\t<\/div> <div class=\"faq-item\">\r\n\t\t\t\t\t<div class=\"faq-item-question\">\r\n\t\t\t\t\t\t<h3 class=\"faq-item-question-text\">Comment ajouter des avis Airbnb \u00e0 mon site Webflow ? <\/h3>\r\n\r\n\t\t\t\t\t\t<div class=\"faq-item-question-icon\"><\/div>\r\n\t\t\t\t\t<\/div>\r\n\r\n\t\t\t\t\t<div class=\"faq-item-answer\">\r\n\t\t\t\t\t\t<div class=\"faq-item-answer-text\"> <p>Vous n&rsquo;avez besoin que d&rsquo;une minute pour int\u00e9grer le widget. Le processus est extr\u00eamement rapide, gratuit et sans codage. <\/p> <ol><li>Vous pouvez int\u00e9grer les avis Airbnb \u00e0 la page Web directement via notre service. Pour cela vous devez appliquer les instructions ci-apr\u00e8s sur cette page. <\/li> <li>Le widget peut \u00eatre int\u00e9gr\u00e9 via notre service ou sur la marketplace. Vous pouvez comparer les deux options et choisir la v\u00f4tre. <\/li> <\/ol> <\/div>\r\n\t\t\t\t\t<\/div>\r\n\t\t\t\t<\/div> <\/div> <\/div> <div class=\"application-platform-content-item-features application-platform-content-item\" id=\"features\" data-nav-section=\"features\"> <h2>Principales fonctionnalit\u00e9s du widget Airbnb Reviews<\/h2> <p>Afin de fa\u00e7onner un Comprenant parfaitement les Avis Airbnb, d\u00e9couvrez la liste des fonctions les plus marquantes. Ils rendent ce widget plus efficace pour votre entreprise\u00a0: <\/p> <ul> <li>Quatre mises en page disponibles\u00a0: Liste, Grille, Ma\u00e7onnerie et Slider\u00a0; <\/li> <li>Le bouton actif permettant de laisser un avis suppl\u00e9mentaire redirige les visiteurs vers la page Airbnb\u00a0; <\/li> <li>Six \u00e9l\u00e9ments flexibles des avis\u00a0: le nom de l&rsquo;auteur et la photo, la recommandation, la date de publication, l&rsquo;ic\u00f4ne Airbnb et le nombre d&rsquo;\u00e9toiles\u00a0; <\/li> <\/ul><p><a href=\"#demo\">Pour explorer plus de fonctionnalit\u00e9s, voir la d\u00e9mo<\/a><\/p> <\/div> <div class=\"application-platform-content-item-installation application-platform-content-item\" id=\"installation\" data-nav-section=\"installation\"> <h2> V\u00e9rifiez comment configurer les avis Airbnb sur votre page Webflow<\/h2><div class=\"video-container\"><iframe width=\"720\" height=\"405\" src=\"https:\/\/www.youtube.com\/embed\/Ig7XIYFy9VE\" frameborder=\"0\" allowfullscreen=\"\"><\/iframe><\/div><p>Les \u00e9tapes suivantes sont la seule chose que vous devez faire. Le processus est sans codage. <\/p> <ol><li><b>Cr\u00e9ez votre plugin Airbnb personnalis\u00e9<\/b><br> Gr\u00e2ce \u00e0 notre \u00e9diteur gratuit, cr\u00e9ez un plugin avec une mise en page et des fonctionnalit\u00e9s pr\u00e9f\u00e9r\u00e9es. <\/li><li><b>Obtenez le code individuel pour publier le plugin<\/b><br> Apr\u00e8s avoir cr\u00e9\u00e9 votre widget, vous obtiendrez le code unique dans la fen\u00eatre qui appara\u00eet sur Elfsight Apps. Copiez-le. <\/li> <li><b>Affichez le plugin sur votre site Webflow<\/b><br> Choisissez la page ou la zone o\u00f9 vous souhaitez afficher le plugin et ajoutez-y le code enregistr\u00e9. Enregistrez les modifications. <\/li> <li><b>Vous avez effectu\u00e9 l&rsquo;installation avec succ\u00e8s<\/b><br> Visitez la page pour consulter vos avis. <\/li> <\/ol><p>Vous n&rsquo;arrivez toujours pas \u00e0 vous d\u00e9cider\u00a0? Ou vous \u00eates tomb\u00e9 sur quelque chose ? Envoyez simplement une demande \u00e0 notre service client, nous vous aiderons en cas de probl\u00e8me. <\/p> <\/div>","protected":false},"excerpt":{"rendered":"","protected":false},"author":9,"featured_media":0,"parent":2137,"menu_order":0,"comment_status":"closed","ping_status":"closed","template":"templates\/template-application-platform.php","meta":{"publish_to_discourse":"","publish_post_category":"","wpdc_auto_publish_overridden":"","wpdc_topic_tags":"","wpdc_pin_topic":"","wpdc_pin_until":"","discourse_post_id":"","discourse_permalink":"","wpdc_publishing_response":"","wpdc_publishing_error":"","footnotes":""},"class_list":["post-7733","page","type-page","status-publish","hentry"],"yoast_head":"<!-- This site is optimized with the Yoast SEO plugin v25.3.1 - https:\/\/yoast.com\/wordpress\/plugins\/seo\/ -->\n<title>Int\u00e9grez les avis Airbnb sur votre site Webflow (2025)<\/title>\n<meta name=\"description\" content=\"Il est parfaitement simple de cr\u00e9er votre widget Airbnb Reviews et de l\u2019afficher sur votre site Web Webflow. Le support client Elfsight est gratuit.\" \/>\n<meta name=\"robots\" content=\"index, follow, max-snippet:-1, max-image-preview:large, max-video-preview:-1\" \/>\n<link rel=\"canonical\" href=\"https:\/\/elfsight.com\/fr\/airbnb-reviews-widget\/webflow\/\" \/>\n<meta property=\"og:locale\" content=\"fr_FR\" \/>\n<meta property=\"og:type\" content=\"article\" \/>\n<meta property=\"og:title\" content=\"Int\u00e9grez les avis Airbnb sur votre site Webflow (2025)\" \/>\n<meta property=\"og:description\" content=\"Il est parfaitement simple de cr\u00e9er votre widget Airbnb Reviews et de l\u2019afficher sur votre site Web Webflow. Le support client Elfsight est gratuit.\" \/>\n<meta property=\"og:url\" content=\"https:\/\/elfsight.com\/fr\/airbnb-reviews-widget\/webflow\/\" \/>\n<meta property=\"og:site_name\" content=\"Elfsight FR\" \/>\n<meta property=\"article:modified_time\" content=\"2025-07-09T09:33:43+00:00\" \/>\n<meta name=\"twitter:card\" content=\"summary_large_image\" \/>\n<meta name=\"twitter:label1\" content=\"Dur\u00e9e de lecture estim\u00e9e\" \/>\n\t<meta name=\"twitter:data1\" content=\"3 minutes\" \/>\n<!-- \/ Yoast SEO plugin. -->","yoast_head_json":{"title":"Int\u00e9grez les avis Airbnb sur votre site Webflow (2025)","description":"Il est parfaitement simple de cr\u00e9er votre widget Airbnb Reviews et de l\u2019afficher sur votre site Web Webflow. Le support client Elfsight est gratuit.","robots":{"index":"index","follow":"follow","max-snippet":"max-snippet:-1","max-image-preview":"max-image-preview:large","max-video-preview":"max-video-preview:-1"},"canonical":"https:\/\/elfsight.com\/fr\/airbnb-reviews-widget\/webflow\/","og_locale":"fr_FR","og_type":"article","og_title":"Int\u00e9grez les avis Airbnb sur votre site Webflow (2025)","og_description":"Il est parfaitement simple de cr\u00e9er votre widget Airbnb Reviews et de l\u2019afficher sur votre site Web Webflow. Le support client Elfsight est gratuit.","og_url":"https:\/\/elfsight.com\/fr\/airbnb-reviews-widget\/webflow\/","og_site_name":"Elfsight FR","article_modified_time":"2025-07-09T09:33:43+00:00","twitter_card":"summary_large_image","twitter_misc":{"Dur\u00e9e de lecture estim\u00e9e":"3 minutes"},"schema":{"@context":"https:\/\/schema.org","@graph":[{"@type":"WebPage","@id":"https:\/\/elfsight.com\/fr\/airbnb-reviews-widget\/webflow\/","url":"https:\/\/elfsight.com\/fr\/airbnb-reviews-widget\/webflow\/","name":"Int\u00e9grez les avis Airbnb sur votre site Webflow (2025)","isPartOf":{"@id":"https:\/\/elfsight.com\/fr\/#website"},"datePublished":"2024-05-03T06:26:30+00:00","dateModified":"2025-07-09T09:33:43+00:00","description":"Il est parfaitement simple de cr\u00e9er votre widget Airbnb Reviews et de l\u2019afficher sur votre site Web Webflow. Le support client Elfsight est gratuit.","breadcrumb":{"@id":"https:\/\/elfsight.com\/fr\/airbnb-reviews-widget\/webflow\/#breadcrumb"},"inLanguage":"fr-FR","potentialAction":[{"@type":"ReadAction","target":["https:\/\/elfsight.com\/fr\/airbnb-reviews-widget\/webflow\/"]}]},{"@type":"BreadcrumbList","@id":"https:\/\/elfsight.com\/fr\/airbnb-reviews-widget\/webflow\/#breadcrumb","itemListElement":[{"@type":"ListItem","position":1,"name":"Home","item":"https:\/\/elfsight.com\/fr\/"},{"@type":"ListItem","position":2,"name":"Airbnb Reviews","item":"https:\/\/elfsight.com\/fr\/airbnb-reviews-widget\/"},{"@type":"ListItem","position":3,"name":"Airbnb Reviews &#8211; Webflow"}]},{"@type":"WebSite","@id":"https:\/\/elfsight.com\/fr\/#website","url":"https:\/\/elfsight.com\/fr\/","name":"Elfsight FR","description":"","potentialAction":[{"@type":"SearchAction","target":{"@type":"EntryPoint","urlTemplate":"https:\/\/elfsight.com\/fr\/?s={search_term_string}"},"query-input":{"@type":"PropertyValueSpecification","valueRequired":true,"valueName":"search_term_string"}}],"inLanguage":"fr-FR"}]}},"meta_box":{"industry":"","seo_heading":"","heading":"","description":"","cta_heading":"","cta_description":"","application":"2129","h1":"Avis sur Airbnb","h1_caption":"Affichez les avis de votre annonce Airbnb pour attirer sans effort plus de clients avec de v\u00e9ritables commentaires sur votre site Web Webflow.","application_category":[],"applications_title":"","applications_request_title":"","applications_request_button_text":"","hero_text":"","hero_video":"","hero_video_schema_markup":"","selling_points_title":"","selling_points_caption":"","selling_points":[],"selling_points_cta_text":"","features_title":"","features":"","ed_cta_examples_text":"","ed_cta_examples_hidden":"","ed_cta_demo_text":"","ed_cta_demo_hidden":"","why_caption":"","why_editor_title":"","why_editor_text":"","why_team_title":"","why_team_text":"","why_service_title":"","why_service_text":"","template_catalog_visible":"","template_catalog_title":"","template_catalog_text":"","template_catalog_categories_visible":"","demo_title":"Cr\u00e9ez votre widget Avis Airbnb","demo_caption":"Configurez vos avis Airbnb et ajoutez-les gratuitement \u00e0 votre site Webflow !","default_faq_hidden":"","app_template_category":[],"platform":"362","template_public_id":"","codecanyon_url":"","codecanyon_item_id":"","codecanyon_price":"","pricing_caption":"","pricing_elfsight_apps_hide_column":"","pricing_elfsight_apps_url":"","pricing_codecanyon_price_caption":"","integration_category":[],"integration_request_title":"","integration_request_cta":"","integration_platform":"","integrations":[],"platform_category":[],"video_schema_markup":"","price":"\u00e0 partir de 0$ \/ mois","trial":"","benefits":[{"text":"Assistance \u00e0 l'installation gratuite"},{"text":"Support client exp\u00e9riment\u00e9"},{"text":"Garantie de remboursement de 14 jours"},{"text":"Mises \u00e0 jour gratuites r\u00e9guli\u00e8res"}],"button_url":"#demo","button_target_blank":"","button_nofollow":"","attributes":[{"name":"Installations","content":"10,000 - 100,000"},{"name":"Sensible","content":"Oui"},{"name":"Navigateurs compatibles","content":"Edge, Safari, Opera, Firefox, Chrome"}],"tags":[],"tags_disable_links":"","hide_more_platforms":"","video_object":"","demo_hide_cta":"","demo_hide_cloud_options":"","pricing_title":"","pricing":[{"pricing_icon":"platform","pricing_title":"Elfsight Apps","pricing_title_caption":"Solution multiplateforme qui fonctionne sur n'importe quel site Web","pricing_price":"from $0 \/ month","pricing_price_caption":"commencez avec un forfait gratuit","pricing_benefits":[{"text":"Domaines illimit\u00e9s"},{"text":"Support client d\u00e9di\u00e9"},{"text":"Assistance \u00e0 l'installation gratuite"},{"text":"Offre sp\u00e9ciale pour plusieurs applications"}],"pricing_button_text":"Ajouter au site Web","pricing_button_url":"#demo"}],"related_apps_title":"","related_apps_hidden":"","author":"","image":[],"title":"","job":"","social_networks":[]},"_links":{"self":[{"href":"https:\/\/elfsight.com\/fr\/wp-json\/wp\/v2\/pages\/7733","targetHints":{"allow":["GET"]}}],"collection":[{"href":"https:\/\/elfsight.com\/fr\/wp-json\/wp\/v2\/pages"}],"about":[{"href":"https:\/\/elfsight.com\/fr\/wp-json\/wp\/v2\/types\/page"}],"author":[{"embeddable":true,"href":"https:\/\/elfsight.com\/fr\/wp-json\/wp\/v2\/users\/9"}],"replies":[{"embeddable":true,"href":"https:\/\/elfsight.com\/fr\/wp-json\/wp\/v2\/comments?post=7733"}],"version-history":[{"count":2,"href":"https:\/\/elfsight.com\/fr\/wp-json\/wp\/v2\/pages\/7733\/revisions"}],"predecessor-version":[{"id":14962,"href":"https:\/\/elfsight.com\/fr\/wp-json\/wp\/v2\/pages\/7733\/revisions\/14962"}],"up":[{"embeddable":true,"href":"https:\/\/elfsight.com\/fr\/wp-json\/wp\/v2\/pages\/2137"}],"wp:attachment":[{"href":"https:\/\/elfsight.com\/fr\/wp-json\/wp\/v2\/media?parent=7733"}],"curies":[{"name":"wp","href":"https:\/\/api.w.org\/{rel}","templated":true}]}}