{"id":7732,"date":"2024-05-03T06:26:29","date_gmt":"2024-05-03T06:26:29","guid":{"rendered":"https:\/\/elfsight.com\/fr\/?page_id=7732"},"modified":"2025-07-09T09:33:38","modified_gmt":"2025-07-09T09:33:38","slug":"squarespace","status":"publish","type":"page","link":"https:\/\/elfsight.com\/fr\/airbnb-reviews-widget\/squarespace\/","title":{"rendered":"Airbnb Reviews &#8211; Squarespace"},"content":{"rendered":"<div class=\"application-platform-content-item-description application-platform-content-item\" id=\"description\" data-nav-section=\"description\"> <h2>Int\u00e9grez les avis Airbnb sur Squarespace avec le widget Elfsight<\/h2> <p>Si vous souhaitez vanter votre note \u00e9lev\u00e9e et convaincre les visiteurs du site Web que vos invit\u00e9s restent toujours heureux, le widget Elfsight Airbnb Reviews sera le bon choix. Avec ce widget, vous pouvez afficher les avis des clients Airbnb sur votre site Web avec des d\u00e9tails sur leurs auteurs, les filtrer pour r\u00e9v\u00e9ler uniquement les avis positifs, afficher les notes et un bouton actif qui dirigera les utilisateurs vers votre page Airbnb, afin qu&rsquo;ils puissent r\u00e9diger leur avis. <\/p> <div class=\"faq\" data-component=\"FAQ\"><div class=\"faq-item\">\r\n\t\t\t\t\t<div class=\"faq-item-question\">\r\n\t\t\t\t\t\t<h3 class=\"faq-item-question-text\">O\u00f9 puis-je ajouter des avis Airbnb<\/h3>\r\n\r\n\t\t\t\t\t\t<div class=\"faq-item-question-icon\"><\/div>\r\n\t\t\t\t\t<\/div>\r\n\r\n\t\t\t\t\t<div class=\"faq-item-answer\">\r\n\t\t\t\t\t\t<div class=\"faq-item-answer-text\"> <p>Notre widget peut \u00eatre ins\u00e9r\u00e9 sur n&rsquo;importe quelle page Web, o\u00f9 vous souhaitez d\u00e9montrer votre grande appr\u00e9ciation et votre popularit\u00e9 aupr\u00e8s des clients. Si vous en avez besoin sur toutes les pages de votre site, vous pouvez facilement l&rsquo;ins\u00e9rer dans le mod\u00e8le de site Web. <\/p> <\/div>\r\n\t\t\t\t\t<\/div>\r\n\t\t\t\t<\/div><div class=\"faq-item\">\r\n\t\t\t\t\t<div class=\"faq-item-question\">\r\n\t\t\t\t\t\t<h3 class=\"faq-item-question-text\">Quels avantages cela peut-il m'apporter ?<\/h3>\r\n\r\n\t\t\t\t\t\t<div class=\"faq-item-question-icon\"><\/div>\r\n\t\t\t\t\t<\/div>\r\n\r\n\t\t\t\t\t<div class=\"faq-item-answer\">\r\n\t\t\t\t\t\t<div class=\"faq-item-answer-text\"> <p>Les avis de vraies personnes sont parfaitement cr\u00e9dibles pour les visiteurs de votre site Web et leur d\u00e9montrent que vous pouvez faire confiance \u00e0 votre entreprise. Une note \u00e9lev\u00e9e et d&rsquo;excellentes impressions peuvent contribuer \u00e0 augmenter les achats sur votre site. De plus, le bouton de redirection peut contribuer \u00e0 obtenir davantage d&rsquo;avis de clients sur vos offres ou services sur Airbnb. <\/p> <\/div>\r\n\t\t\t\t\t<\/div>\r\n\t\t\t\t<\/div> <div class=\"faq-item\">\r\n\t\t\t\t\t<div class=\"faq-item-question\">\r\n\t\t\t\t\t\t<h3 class=\"faq-item-question-text\">Comment puis-je ajouter des avis Airbnb sur mon site Squarespace ?<\/h3>\r\n\r\n\t\t\t\t\t\t<div class=\"faq-item-question-icon\"><\/div>\r\n\t\t\t\t\t<\/div>\r\n\r\n\t\t\t\t\t<div class=\"faq-item-answer\">\r\n\t\t\t\t\t\t<div class=\"faq-item-answer-text\"> <p>Vous n&rsquo;avez besoin que d&rsquo;une minute pour activer votre widget d&rsquo;avis. La configuration est vraiment rapide, gratuite et sans codage. <\/p> <ol><li>Vous pouvez ajouter des avis Airbnb \u00e0 votre site via notre service. Voir simplement une br\u00e8ve description sur cette page. <\/li> <li>Le widget peut \u00eatre introduit via notre service ou via la place de march\u00e9. Ici, vous pourrez d\u00e9couvrir les avantages de ces variantes et choisir la v\u00f4tre. <\/li> <\/ol> <\/div>\r\n\t\t\t\t\t<\/div>\r\n\t\t\t\t<\/div> <\/div> <\/div> <div class=\"application-platform-content-item-features application-platform-content-item\" id=\"features\" data-nav-section=\"features\"> <h2>Principales fonctionnalit\u00e9s du widget Avis Airbnb<\/h2> <p>Afin d&rsquo;obtenir un connaissance compl\u00e8te du widget, examinez la liste des traits principaux. Ils rendent ce widget incroyablement b\u00e9n\u00e9fique pour votre promotion\u00a0: <\/p> <ul> <li>4 mises en page pr\u00eates \u00e0 l&#8217;emploi\u00a0: Liste, Grille, Ma\u00e7onnerie et Slider\u00a0; <\/li> <li>Le bouton permettant de demander un examen redirige les visiteurs vers votre page Airbnb\u00a0; <\/li> <li>6 \u00e9l\u00e9ments personnalisables de l&rsquo;interface\u00a0: le nom de l&rsquo;auteur et la photo, le texte de la recommandation, la date de publication, l&rsquo;ic\u00f4ne Airbnb et le nombre d&rsquo;\u00e9toiles\u00a0; <\/li> <\/ul><p><a href=\"#demo\">V\u00e9rifiez plus de fonctionnalit\u00e9s dans notre d\u00e9mo<\/a><\/p> <\/div> <div class=\"application-platform-content-item-installation application-platform-content-item\" id=\"installation\" data-nav-section=\"installation\"> <h2>V\u00e9rifiez comment placer les avis Airbnb sur votre site Squarespace<\/h2><div class=\"video-container\"><iframe width=\"720\" height=\"405\" src=\"https:\/\/www.youtube.com\/embed\/0Y3sEbIuoaE\" frameborder=\"0\" allowfullscreen=\"\"><\/iframe><\/div><p>Les \u00e9tapes suivantes sont la seule chose dont vous avez besoin pour que tout soit sans codage.<\/p> <ol><li><b>Cr\u00e9ez votre plugin Airbnb personnel<\/b><br> Gr\u00e2ce \u00e0 notre configurateur gratuit, cr\u00e9ez un plugin avec une interface et des fonctions pr\u00e9f\u00e9r\u00e9es. <\/li><li><b>Obtenez le code individuel pour int\u00e9grer le plugin<\/b><br> Apr\u00e8s avoir cr\u00e9\u00e9 votre widget, vous obtiendrez le code d&rsquo;installation \u00e0 partir de la fen\u00eatre apparue sur Elfsight Apps. Copiez ce code. <\/li> <li><b>Affichez le plugin sur votre site Web Squarespace<\/b><br> Choisissez l&rsquo;endroit o\u00f9 vous souhaitez int\u00e9grer le plugin et collez-y le code enregistr\u00e9. Appliquez les r\u00e9sultats. <\/li> <li><b>F\u00e9licitations\u00a0! Vous venez d&rsquo;int\u00e9grer le widget !<\/b><br> Entrez sur le site, pour v\u00e9rifier votre travail.<\/li> <\/ol><p>Vous avez encore des doutes sur quelque chose\u00a0? Ou vous rencontrez des probl\u00e8mes ? \u00c9crivez simplement une demande \u00e0 notre service client pour r\u00e9soudre tout type de probl\u00e8me.<\/p> <\/div>","protected":false},"excerpt":{"rendered":"","protected":false},"author":9,"featured_media":0,"parent":2137,"menu_order":0,"comment_status":"closed","ping_status":"closed","template":"templates\/template-application-platform.php","meta":{"publish_to_discourse":"","publish_post_category":"","wpdc_auto_publish_overridden":"","wpdc_topic_tags":"","wpdc_pin_topic":"","wpdc_pin_until":"","discourse_post_id":"","discourse_permalink":"","wpdc_publishing_response":"","wpdc_publishing_error":"","footnotes":""},"class_list":["post-7732","page","type-page","status-publish","hentry"],"yoast_head":"<!-- This site is optimized with the Yoast SEO plugin v25.3.1 - https:\/\/yoast.com\/wordpress\/plugins\/seo\/ -->\n<title>Int\u00e9grez les avis Airbnb sur votre site Squarespace (en 2 minutes)<\/title>\n<meta name=\"description\" content=\"Il est facile de cr\u00e9er votre widget Avis Airbnb et de le placer sur votre site Web Squarespace. Le support client Elfsight est gratuit.\" \/>\n<meta name=\"robots\" content=\"index, follow, max-snippet:-1, max-image-preview:large, max-video-preview:-1\" \/>\n<link rel=\"canonical\" href=\"https:\/\/elfsight.com\/fr\/airbnb-reviews-widget\/squarespace\/\" \/>\n<meta property=\"og:locale\" content=\"fr_FR\" \/>\n<meta property=\"og:type\" content=\"article\" \/>\n<meta property=\"og:title\" content=\"Int\u00e9grez les avis Airbnb sur votre site Squarespace (en 2 minutes)\" \/>\n<meta property=\"og:description\" content=\"Il est facile de cr\u00e9er votre widget Avis Airbnb et de le placer sur votre site Web Squarespace. Le support client Elfsight est gratuit.\" \/>\n<meta property=\"og:url\" content=\"https:\/\/elfsight.com\/fr\/airbnb-reviews-widget\/squarespace\/\" \/>\n<meta property=\"og:site_name\" content=\"Elfsight FR\" \/>\n<meta property=\"article:modified_time\" content=\"2025-07-09T09:33:38+00:00\" \/>\n<meta name=\"twitter:card\" content=\"summary_large_image\" \/>\n<meta name=\"twitter:label1\" content=\"Dur\u00e9e de lecture estim\u00e9e\" \/>\n\t<meta name=\"twitter:data1\" content=\"3 minutes\" \/>\n<!-- \/ Yoast SEO plugin. -->","yoast_head_json":{"title":"Int\u00e9grez les avis Airbnb sur votre site Squarespace (en 2 minutes)","description":"Il est facile de cr\u00e9er votre widget Avis Airbnb et de le placer sur votre site Web Squarespace. Le support client Elfsight est gratuit.","robots":{"index":"index","follow":"follow","max-snippet":"max-snippet:-1","max-image-preview":"max-image-preview:large","max-video-preview":"max-video-preview:-1"},"canonical":"https:\/\/elfsight.com\/fr\/airbnb-reviews-widget\/squarespace\/","og_locale":"fr_FR","og_type":"article","og_title":"Int\u00e9grez les avis Airbnb sur votre site Squarespace (en 2 minutes)","og_description":"Il est facile de cr\u00e9er votre widget Avis Airbnb et de le placer sur votre site Web Squarespace. Le support client Elfsight est gratuit.","og_url":"https:\/\/elfsight.com\/fr\/airbnb-reviews-widget\/squarespace\/","og_site_name":"Elfsight FR","article_modified_time":"2025-07-09T09:33:38+00:00","twitter_card":"summary_large_image","twitter_misc":{"Dur\u00e9e de lecture estim\u00e9e":"3 minutes"},"schema":{"@context":"https:\/\/schema.org","@graph":[{"@type":"WebPage","@id":"https:\/\/elfsight.com\/fr\/airbnb-reviews-widget\/squarespace\/","url":"https:\/\/elfsight.com\/fr\/airbnb-reviews-widget\/squarespace\/","name":"Int\u00e9grez les avis Airbnb sur votre site Squarespace (en 2 minutes)","isPartOf":{"@id":"https:\/\/elfsight.com\/fr\/#website"},"datePublished":"2024-05-03T06:26:29+00:00","dateModified":"2025-07-09T09:33:38+00:00","description":"Il est facile de cr\u00e9er votre widget Avis Airbnb et de le placer sur votre site Web Squarespace. Le support client Elfsight est gratuit.","breadcrumb":{"@id":"https:\/\/elfsight.com\/fr\/airbnb-reviews-widget\/squarespace\/#breadcrumb"},"inLanguage":"fr-FR","potentialAction":[{"@type":"ReadAction","target":["https:\/\/elfsight.com\/fr\/airbnb-reviews-widget\/squarespace\/"]}]},{"@type":"BreadcrumbList","@id":"https:\/\/elfsight.com\/fr\/airbnb-reviews-widget\/squarespace\/#breadcrumb","itemListElement":[{"@type":"ListItem","position":1,"name":"Home","item":"https:\/\/elfsight.com\/fr\/"},{"@type":"ListItem","position":2,"name":"Airbnb Reviews","item":"https:\/\/elfsight.com\/fr\/airbnb-reviews-widget\/"},{"@type":"ListItem","position":3,"name":"Airbnb Reviews &#8211; Squarespace"}]},{"@type":"WebSite","@id":"https:\/\/elfsight.com\/fr\/#website","url":"https:\/\/elfsight.com\/fr\/","name":"Elfsight FR","description":"","potentialAction":[{"@type":"SearchAction","target":{"@type":"EntryPoint","urlTemplate":"https:\/\/elfsight.com\/fr\/?s={search_term_string}"},"query-input":{"@type":"PropertyValueSpecification","valueRequired":true,"valueName":"search_term_string"}}],"inLanguage":"fr-FR"}]}},"meta_box":{"industry":"","seo_heading":"","heading":"","description":"","cta_heading":"","cta_description":"","application":"2129","h1":"Avis sur Airbnb chez Squarespace","h1_caption":"Affichez les avis de votre annonce Airbnb pour attirer plus de clients avec des commentaires authentiques sur votre site Web Squarespace sans effort.","application_category":[],"applications_title":"","applications_request_title":"","applications_request_button_text":"","hero_text":"","hero_video":"","hero_video_schema_markup":"","selling_points_title":"","selling_points_caption":"","selling_points":[],"selling_points_cta_text":"","features_title":"","features":"","ed_cta_examples_text":"","ed_cta_examples_hidden":"","ed_cta_demo_text":"","ed_cta_demo_hidden":"","why_caption":"","why_editor_title":"","why_editor_text":"","why_team_title":"","why_team_text":"","why_service_title":"","why_service_text":"","template_catalog_visible":"","template_catalog_title":"","template_catalog_text":"","template_catalog_categories_visible":"","demo_title":"Cr\u00e9ez votre plugin Airbnb Reviews","demo_caption":"Configurez vos avis Airbnb et ajoutez-les gratuitement \u00e0 votre site Squarespace !","default_faq_hidden":"","app_template_category":[],"platform":"361","template_public_id":"","codecanyon_url":"","codecanyon_item_id":"","codecanyon_price":"","pricing_caption":"","pricing_elfsight_apps_hide_column":"","pricing_elfsight_apps_url":"","pricing_codecanyon_price_caption":"","integration_category":[],"integration_request_title":"","integration_request_cta":"","integration_platform":"","integrations":[],"platform_category":[],"video_schema_markup":"","price":"\u00e0 partir de 0$ \/ mois","trial":"","benefits":[{"text":"Service client professionnel"},{"text":"Aide \u00e0 l'installation gratuite"},{"text":"Garantie de remboursement de 14 jours"},{"text":"Mises \u00e0 jour gratuites en continu"}],"button_url":"#demo","button_target_blank":"","button_nofollow":"","attributes":[{"name":"Installations","content":"10,000 - 100,000"},{"name":"Sensible","content":"Oui"},{"name":"Navigateurs compatibles","content":"Firefox, Safari, Opera, Chrome, Edge"}],"tags":[],"tags_disable_links":"","hide_more_platforms":"","video_object":"","demo_hide_cta":"","demo_hide_cloud_options":"","pricing_title":"","pricing":[{"pricing_icon":"platform","pricing_title":"Elfsight Apps","pricing_title_caption":"Logiciel multiplateforme","pricing_price":"from $0 \/ month","pricing_price_caption":"commencez avec un forfait gratuit","pricing_benefits":[{"text":"Domaines illimit\u00e9s"},{"text":"Support premium et bien document\u00e9"},{"text":"Aide \u00e0 l'installation gratuite"},{"text":"Enti\u00e8rement personnalisable"}],"pricing_button_text":"Ajouter au site Web","pricing_button_url":"#demo"}],"related_apps_title":"","related_apps_hidden":"","author":"","image":[],"title":"","job":"","social_networks":[]},"_links":{"self":[{"href":"https:\/\/elfsight.com\/fr\/wp-json\/wp\/v2\/pages\/7732","targetHints":{"allow":["GET"]}}],"collection":[{"href":"https:\/\/elfsight.com\/fr\/wp-json\/wp\/v2\/pages"}],"about":[{"href":"https:\/\/elfsight.com\/fr\/wp-json\/wp\/v2\/types\/page"}],"author":[{"embeddable":true,"href":"https:\/\/elfsight.com\/fr\/wp-json\/wp\/v2\/users\/9"}],"replies":[{"embeddable":true,"href":"https:\/\/elfsight.com\/fr\/wp-json\/wp\/v2\/comments?post=7732"}],"version-history":[{"count":2,"href":"https:\/\/elfsight.com\/fr\/wp-json\/wp\/v2\/pages\/7732\/revisions"}],"predecessor-version":[{"id":14963,"href":"https:\/\/elfsight.com\/fr\/wp-json\/wp\/v2\/pages\/7732\/revisions\/14963"}],"up":[{"embeddable":true,"href":"https:\/\/elfsight.com\/fr\/wp-json\/wp\/v2\/pages\/2137"}],"wp:attachment":[{"href":"https:\/\/elfsight.com\/fr\/wp-json\/wp\/v2\/media?parent=7732"}],"curies":[{"name":"wp","href":"https:\/\/api.w.org\/{rel}","templated":true}]}}