{"id":7724,"date":"2024-05-03T06:26:25","date_gmt":"2024-05-03T06:26:25","guid":{"rendered":"https:\/\/elfsight.com\/fr\/?page_id=7724"},"modified":"2025-07-09T09:31:46","modified_gmt":"2025-07-09T09:31:46","slug":"html","status":"publish","type":"page","link":"https:\/\/elfsight.com\/fr\/airbnb-reviews-widget\/html\/","title":{"rendered":"Airbnb Reviews &#8211; HTML"},"content":{"rendered":"<div class=\"application-platform-content-item-description application-platform-content-item\" id=\"description\" data-nav-section=\"description\"> <h2>Description<\/h2> <p>Si vous souhaitez prouver votre appr\u00e9ciation par les clients et convaincre les visiteurs du site Web que vos offres sont d&rsquo;un bon rapport qualit\u00e9-prix pour de l&rsquo;argent, Elfsight Airbnb Reviews est fait pour vous. En utilisant ce widget, vous int\u00e9grerez rapidement les avis des clients d&rsquo;Airbnb sur votre site Web avec des informations sur leurs auteurs, les filtrerez pour n&rsquo;afficher que des avis positifs, ajouterez des notes et un bouton actif qui redirigera les gens vers votre compte Airbnb, o\u00f9 ils pourront laisser un nouvel avis. . <\/p> <div class=\"faq\" data-component=\"FAQ\"><div class=\"faq-item\">\r\n\t\t\t\t\t<div class=\"faq-item-question\">\r\n\t\t\t\t\t\t<h3 class=\"faq-item-question-text\">O\u00f9 puis-je int\u00e9grer les avis Airbnb<\/h3>\r\n\r\n\t\t\t\t\t\t<div class=\"faq-item-question-icon\"><\/div>\r\n\t\t\t\t\t<\/div>\r\n\r\n\t\t\t\t\t<div class=\"faq-item-answer\">\r\n\t\t\t\t\t\t<div class=\"faq-item-answer-text\"> <p>Vous pouvez int\u00e9grer le widget sur n&rsquo;importe quelle page du site Web, ou l&rsquo;int\u00e9grer dans le mod\u00e8le du site, afin qu&rsquo;il apparaisse sur toutes les pages. . Les avis peuvent \u00eatre efficaces sur les pages de produits ou sur la page \u00c0 propos de nous, o\u00f9 vous souhaitez prouver votre appr\u00e9ciation \u00e9lev\u00e9e. <\/p> <\/div>\r\n\t\t\t\t\t<\/div>\r\n\t\t\t\t<\/div><div class=\"faq-item\">\r\n\t\t\t\t\t<div class=\"faq-item-question\">\r\n\t\t\t\t\t\t<h3 class=\"faq-item-question-text\">Quels avantages cela m'apportera-t-il ?<\/h3>\r\n\r\n\t\t\t\t\t\t<div class=\"faq-item-question-icon\"><\/div>\r\n\t\t\t\t\t<\/div>\r\n\r\n\t\t\t\t\t<div class=\"faq-item-answer\">\r\n\t\t\t\t\t\t<div class=\"faq-item-answer-text\"> <p>Les avis r\u00e9dig\u00e9s par de vraies personnes sont extr\u00eamement cr\u00e9dibles pour les utilisateurs de votre site et leur prouvent qu&rsquo;on peut faire confiance \u00e0 votre entreprise. Une note \u00e9lev\u00e9e et d\u2019excellentes critiques peuvent aider \u00e0 augmenter le niveau d\u2019achats sur votre site. De plus, le bouton actif contribuera \u00e0 augmenter le nombre d&rsquo;avis clients li\u00e9s \u00e0 vos offres ou services sur Airbnb. <\/p> <\/div>\r\n\t\t\t\t\t<\/div>\r\n\t\t\t\t<\/div> <div class=\"faq-item\">\r\n\t\t\t\t\t<div class=\"faq-item-question\">\r\n\t\t\t\t\t\t<h3 class=\"faq-item-question-text\">De quoi ai-je besoin pour ajouter des avis Airbnb \u00e0 mon site Web HTML ?<\/h3>\r\n\r\n\t\t\t\t\t\t<div class=\"faq-item-question-icon\"><\/div>\r\n\t\t\t\t\t<\/div>\r\n\r\n\t\t\t\t\t<div class=\"faq-item-answer\">\r\n\t\t\t\t\t\t<div class=\"faq-item-answer-text\"> <p>Cela ne prendra qu&rsquo;une minute pour que le widget soit op\u00e9rationnel. C&rsquo;est vraiment rapide, gratuit et sans codage. <\/p> <ol><li>Il existe une option pour int\u00e9grer les avis Airbnb au site dans notre service. Suivez simplement les instructions ci-dessous sur cette page. <\/li> <li>Les avis Elfsight Airbnb peuvent \u00eatre int\u00e9gr\u00e9s sur notre service ou via la place de march\u00e9. Vous pouvez en savoir plus sur les deux variantes et choisir celle qui vous convient. <\/li> <\/ol> <\/div>\r\n\t\t\t\t\t<\/div>\r\n\t\t\t\t<\/div> <\/div> <\/div> <div class=\"application-platform-content-item-features application-platform-content-item\" id=\"features\" data-nav-section=\"features\"> <h2>Fonctionnalit\u00e9s<\/h2> <p>Pour bien comprendre le widget, consultez la liste de ses fonctions principales. Ils rendent notre widget le plus avantageux pour vous\u00a0: <\/p> <ul> <li>Trois options de filtres\u00a0: par type, exclusion par et quantit\u00e9 d&rsquo;avis \u00e0 afficher\u00a0; <\/li> <li>Le bouton permettant de demander un avis dirige les utilisateurs vers votre page Airbnb\u00a0; <\/li> <li>Deux variantes de sc\u00e9narios de refus de demande d&rsquo;avis\u00a0: afficher un message texte ou masquer le bouton. <\/li> <\/ul><p><a href=\"#demo\">Pour v\u00e9rifier toutes les fonctionnalit\u00e9s, consultez notre d\u00e9mo en direct<\/a><\/p> <\/div> <div class=\"application-platform-content-item-installation application-platform-content-item\" id=\"installation\" data-nav-section=\"installation\"> <h2>D\u00e9couvrez comment int\u00e9grer les avis Airbnb dans votre site HTML<\/h2><div class=\"video-container\"><iframe width=\"720\" height=\"405\" src=\"https:\/\/www.youtube.com\/embed\/aRnt-iTdrNc\" frameborder=\"0\" allowfullscreen=\"\"><\/iframe><\/div><p>Les \u00e9tapes ci-dessous sont la seule chose que vous devez \u00e9tablir. <\/p> <ol><li><b>Cr\u00e9ez votre propre plugin Airbnb Reviews<\/b><br> En g\u00e9rant notre configurateur gratuit, g\u00e9n\u00e9rez un plugin avec une apparence et des fonctionnalit\u00e9s personnalis\u00e9es. <\/li><li><b>Acqu\u00e9rir le code individuel pour ajouter le plugin<\/b><br> Apr\u00e8s avoir d\u00e9fini votre widget, vous obtiendrez le code individuel dans la fen\u00eatre qui appara\u00eet sur Elfsight Apps. Copiez ce code pour une utilisation future. <\/li> <li><b>Ajoutez le plugin sur votre site HTML<\/b><br> S\u00e9lectionnez l&rsquo;endroit o\u00f9 vous souhaitez r\u00e9v\u00e9ler le plugin et ajoutez-y le code enregistr\u00e9. Publiez les modifications. <\/li> <li><b>Fait\u00a0! <\/b><br> Entrez dans le magasin pour jeter un \u0153il \u00e0 votre travail. <\/li> <\/ol><p>Vous avez encore des doutes sur quelque chose\u00a0? Ou rencontrez des probl\u00e8mes ? Envoyez simplement votre demande \u00e0 notre service client. Ils feront de leur mieux pour r\u00e9gler n\u2019importe quel probl\u00e8me. <\/p> <\/div>","protected":false},"excerpt":{"rendered":"","protected":false},"author":9,"featured_media":0,"parent":2137,"menu_order":0,"comment_status":"closed","ping_status":"closed","template":"templates\/template-application-platform.php","meta":{"publish_to_discourse":"","publish_post_category":"","wpdc_auto_publish_overridden":"","wpdc_topic_tags":"","wpdc_pin_topic":"","wpdc_pin_until":"","discourse_post_id":"","discourse_permalink":"","wpdc_publishing_response":"","wpdc_publishing_error":"","footnotes":""},"class_list":["post-7724","page","type-page","status-publish","hentry"],"yoast_head":"<!-- This site is optimized with the Yoast SEO plugin v25.3.1 - https:\/\/yoast.com\/wordpress\/plugins\/seo\/ -->\n<title>Int\u00e9grez les avis Airbnb sur votre site Web HTML (facile et rapide)<\/title>\n<meta name=\"description\" content=\"Avec Elfsight, cr\u00e9ez vos avis Airbnb et ins\u00e9rez-les dans votre site HTML rapidement et facilement. Nous avons un service client gratuit et plus de bonus.\" \/>\n<meta name=\"robots\" content=\"index, follow, max-snippet:-1, max-image-preview:large, max-video-preview:-1\" \/>\n<link rel=\"canonical\" href=\"https:\/\/elfsight.com\/fr\/airbnb-reviews-widget\/html\/\" \/>\n<meta property=\"og:locale\" content=\"fr_FR\" \/>\n<meta property=\"og:type\" content=\"article\" \/>\n<meta property=\"og:title\" content=\"Int\u00e9grez les avis Airbnb sur votre site Web HTML (facile et rapide)\" \/>\n<meta property=\"og:description\" content=\"Avec Elfsight, cr\u00e9ez vos avis Airbnb et ins\u00e9rez-les dans votre site HTML rapidement et facilement. Nous avons un service client gratuit et plus de bonus.\" \/>\n<meta property=\"og:url\" content=\"https:\/\/elfsight.com\/fr\/airbnb-reviews-widget\/html\/\" \/>\n<meta property=\"og:site_name\" content=\"Elfsight FR\" \/>\n<meta property=\"article:modified_time\" content=\"2025-07-09T09:31:46+00:00\" \/>\n<meta name=\"twitter:card\" content=\"summary_large_image\" \/>\n<meta name=\"twitter:label1\" content=\"Dur\u00e9e de lecture estim\u00e9e\" \/>\n\t<meta name=\"twitter:data1\" content=\"3 minutes\" \/>\n<!-- \/ Yoast SEO plugin. -->","yoast_head_json":{"title":"Int\u00e9grez les avis Airbnb sur votre site Web HTML (facile et rapide)","description":"Avec Elfsight, cr\u00e9ez vos avis Airbnb et ins\u00e9rez-les dans votre site HTML rapidement et facilement. Nous avons un service client gratuit et plus de bonus.","robots":{"index":"index","follow":"follow","max-snippet":"max-snippet:-1","max-image-preview":"max-image-preview:large","max-video-preview":"max-video-preview:-1"},"canonical":"https:\/\/elfsight.com\/fr\/airbnb-reviews-widget\/html\/","og_locale":"fr_FR","og_type":"article","og_title":"Int\u00e9grez les avis Airbnb sur votre site Web HTML (facile et rapide)","og_description":"Avec Elfsight, cr\u00e9ez vos avis Airbnb et ins\u00e9rez-les dans votre site HTML rapidement et facilement. Nous avons un service client gratuit et plus de bonus.","og_url":"https:\/\/elfsight.com\/fr\/airbnb-reviews-widget\/html\/","og_site_name":"Elfsight FR","article_modified_time":"2025-07-09T09:31:46+00:00","twitter_card":"summary_large_image","twitter_misc":{"Dur\u00e9e de lecture estim\u00e9e":"3 minutes"},"schema":{"@context":"https:\/\/schema.org","@graph":[{"@type":"WebPage","@id":"https:\/\/elfsight.com\/fr\/airbnb-reviews-widget\/html\/","url":"https:\/\/elfsight.com\/fr\/airbnb-reviews-widget\/html\/","name":"Int\u00e9grez les avis Airbnb sur votre site Web HTML (facile et rapide)","isPartOf":{"@id":"https:\/\/elfsight.com\/fr\/#website"},"datePublished":"2024-05-03T06:26:25+00:00","dateModified":"2025-07-09T09:31:46+00:00","description":"Avec Elfsight, cr\u00e9ez vos avis Airbnb et ins\u00e9rez-les dans votre site HTML rapidement et facilement. Nous avons un service client gratuit et plus de bonus.","breadcrumb":{"@id":"https:\/\/elfsight.com\/fr\/airbnb-reviews-widget\/html\/#breadcrumb"},"inLanguage":"fr-FR","potentialAction":[{"@type":"ReadAction","target":["https:\/\/elfsight.com\/fr\/airbnb-reviews-widget\/html\/"]}]},{"@type":"BreadcrumbList","@id":"https:\/\/elfsight.com\/fr\/airbnb-reviews-widget\/html\/#breadcrumb","itemListElement":[{"@type":"ListItem","position":1,"name":"Home","item":"https:\/\/elfsight.com\/fr\/"},{"@type":"ListItem","position":2,"name":"Airbnb Reviews","item":"https:\/\/elfsight.com\/fr\/airbnb-reviews-widget\/"},{"@type":"ListItem","position":3,"name":"Airbnb Reviews &#8211; HTML"}]},{"@type":"WebSite","@id":"https:\/\/elfsight.com\/fr\/#website","url":"https:\/\/elfsight.com\/fr\/","name":"Elfsight FR","description":"","potentialAction":[{"@type":"SearchAction","target":{"@type":"EntryPoint","urlTemplate":"https:\/\/elfsight.com\/fr\/?s={search_term_string}"},"query-input":{"@type":"PropertyValueSpecification","valueRequired":true,"valueName":"search_term_string"}}],"inLanguage":"fr-FR"}]}},"meta_box":{"industry":"","seo_heading":"","heading":"","description":"","cta_heading":"","cta_description":"","application":"2129","h1":"HTML Avis sur Airbnb","h1_caption":"Affichez les avis de votre annonce Airbnb pour attirer plus de clients avec de v\u00e9ritables commentaires sur votre site Web HTML sans effort.","application_category":[],"applications_title":"","applications_request_title":"","applications_request_button_text":"","hero_text":"","hero_video":"","hero_video_schema_markup":"","selling_points_title":"","selling_points_caption":"","selling_points":[],"selling_points_cta_text":"","features_title":"","features":"","ed_cta_examples_text":"","ed_cta_examples_hidden":"","ed_cta_demo_text":"","ed_cta_demo_hidden":"","why_caption":"","why_editor_title":"","why_editor_text":"","why_team_title":"","why_team_text":"","why_service_title":"","why_service_text":"","template_catalog_visible":"","template_catalog_title":"","template_catalog_text":"","template_catalog_categories_visible":"","demo_title":"Cr\u00e9ez votre widget Avis Airbnb","demo_caption":"Configurez vos avis Airbnb et ajoutez-les \u00e0 votre site HTML gratuitement !","default_faq_hidden":"","app_template_category":[],"platform":"352","template_public_id":"","codecanyon_url":"","codecanyon_item_id":"","codecanyon_price":"","pricing_caption":"","pricing_elfsight_apps_hide_column":"","pricing_elfsight_apps_url":"","pricing_codecanyon_price_caption":"","integration_category":[],"integration_request_title":"","integration_request_cta":"","integration_platform":"","integrations":[],"platform_category":[],"video_schema_markup":"","price":"\u00e0 partir de 0$ \/ mois","trial":"","benefits":[{"text":"Assistance \u00e0 l'installation gratuite"},{"text":"Service client comp\u00e9tent"},{"text":"Garantie de remboursement de 14 jours"},{"text":"Mises \u00e0 jour gratuites r\u00e9guli\u00e8res"}],"button_url":"#demo","button_target_blank":"","button_nofollow":"","attributes":[{"name":"Installations","content":"10,000 - 100,000"},{"name":"Sensible","content":"Oui"},{"name":"Navigateurs compatibles","content":"Firefox, Safari, Opera, Chrome, Edge"}],"tags":[],"tags_disable_links":"","hide_more_platforms":"","video_object":"","demo_hide_cta":"","demo_hide_cloud_options":"","pricing_title":"","pricing":[{"pricing_icon":"platform","pricing_title":"Elfsight Apps","pricing_title_caption":"Version multiplateforme","pricing_price":"from $0 \/ month","pricing_price_caption":"commencez avec un forfait gratuit","pricing_benefits":[{"text":"Domaines illimit\u00e9s"},{"text":"Accompagnement d\u00e9di\u00e9 de l'entreprise"},{"text":"Service d'installation gratuit"},{"text":"Offre sp\u00e9ciale pour plusieurs applications"}],"pricing_button_text":"Ajouter au site Web","pricing_button_url":"#demo"}],"related_apps_title":"","related_apps_hidden":"","author":"","image":[],"title":"","job":"","social_networks":[]},"_links":{"self":[{"href":"https:\/\/elfsight.com\/fr\/wp-json\/wp\/v2\/pages\/7724","targetHints":{"allow":["GET"]}}],"collection":[{"href":"https:\/\/elfsight.com\/fr\/wp-json\/wp\/v2\/pages"}],"about":[{"href":"https:\/\/elfsight.com\/fr\/wp-json\/wp\/v2\/types\/page"}],"author":[{"embeddable":true,"href":"https:\/\/elfsight.com\/fr\/wp-json\/wp\/v2\/users\/9"}],"replies":[{"embeddable":true,"href":"https:\/\/elfsight.com\/fr\/wp-json\/wp\/v2\/comments?post=7724"}],"version-history":[{"count":2,"href":"https:\/\/elfsight.com\/fr\/wp-json\/wp\/v2\/pages\/7724\/revisions"}],"predecessor-version":[{"id":14966,"href":"https:\/\/elfsight.com\/fr\/wp-json\/wp\/v2\/pages\/7724\/revisions\/14966"}],"up":[{"embeddable":true,"href":"https:\/\/elfsight.com\/fr\/wp-json\/wp\/v2\/pages\/2137"}],"wp:attachment":[{"href":"https:\/\/elfsight.com\/fr\/wp-json\/wp\/v2\/media?parent=7724"}],"curies":[{"name":"wp","href":"https:\/\/api.w.org\/{rel}","templated":true}]}}