{"id":7723,"date":"2024-05-03T06:26:24","date_gmt":"2024-05-03T06:26:24","guid":{"rendered":"https:\/\/elfsight.com\/fr\/?page_id=7723"},"modified":"2025-07-09T09:32:49","modified_gmt":"2025-07-09T09:32:49","slug":"magento","status":"publish","type":"page","link":"https:\/\/elfsight.com\/fr\/airbnb-reviews-widget\/magento\/","title":{"rendered":"Airbnb Reviews &#8211; Magento"},"content":{"rendered":"<div class=\"application-platform-content-item-description application-platform-content-item\" id=\"description\" data-nav-section=\"description\"> <h2>Description<\/h2> <p>Si vous avez besoin de montrer votre appr\u00e9ciation \u00e9lev\u00e9e par les clients et de convaincre les visiteurs du site Web que votre logement vaut la peine d&rsquo;\u00eatre h\u00e9berg\u00e9, Le widget Elfsight Airbnb Reviews vous convient parfaitement. Gr\u00e2ce \u00e0 notre outil, vous ins\u00e9rerez rapidement les avis des clients d&rsquo;Airbnb sur votre site Web avec des informations sur leurs auteurs, les filtrerez pour n&rsquo;afficher que les avis positifs, afficherez les \u00e9valuations et le bouton de demande d&rsquo;avis, qui redirigera les utilisateurs vers votre compte Airbnb, afin qu&rsquo;ils puissent partager. encore une critique. <\/p> <div class=\"faq\" data-component=\"FAQ\"><div class=\"faq-item\">\r\n\t\t\t\t\t<div class=\"faq-item-question\">\r\n\t\t\t\t\t\t<h3 class=\"faq-item-question-text\">O\u00f9 puis-je ajouter le widget<\/h3>\r\n\r\n\t\t\t\t\t\t<div class=\"faq-item-question-icon\"><\/div>\r\n\t\t\t\t\t<\/div>\r\n\r\n\t\t\t\t\t<div class=\"faq-item-answer\">\r\n\t\t\t\t\t\t<div class=\"faq-item-answer-text\"> <p>Notre widget peut \u00eatre int\u00e9gr\u00e9 sur n&rsquo;importe quelle page, o\u00f9 vous souhaitez montrer votre grande appr\u00e9ciation et votre popularit\u00e9 parmi les clients. Si vous en avez besoin sur toutes les pages du site, vous pouvez facilement le coller dans le mod\u00e8le du site Web. <\/p> <\/div>\r\n\t\t\t\t\t<\/div>\r\n\t\t\t\t<\/div><div class=\"faq-item\">\r\n\t\t\t\t\t<div class=\"faq-item-question\">\r\n\t\t\t\t\t\t<h3 class=\"faq-item-question-text\">Comment b\u00e9n\u00e9ficierais-je des avis Airbnb ?<\/h3>\r\n\r\n\t\t\t\t\t\t<div class=\"faq-item-question-icon\"><\/div>\r\n\t\t\t\t\t<\/div>\r\n\r\n\t\t\t\t\t<div class=\"faq-item-answer\">\r\n\t\t\t\t\t\t<div class=\"faq-item-answer-text\"> <p>Les avis de personnes r\u00e9elles sont parfaitement dignes de confiance pour les visiteurs de votre site et leur indiquent que votre entreprise est fiable. Une note \u00e9lev\u00e9e et de bonnes impressions peuvent contribuer \u00e0 augmenter le niveau de ventes de votre site Web. En outre, le bouton de redirection peut contribuer \u00e0 obtenir davantage d&rsquo;avis de clients sur votre entreprise sur Airbnb. <\/p> <\/div>\r\n\t\t\t\t\t<\/div>\r\n\t\t\t\t<\/div> <div class=\"faq-item\">\r\n\t\t\t\t\t<div class=\"faq-item-question\">\r\n\t\t\t\t\t\t<h3 class=\"faq-item-question-text\">De quoi ai-je besoin pour ajouter des avis Airbnb sur mon site Magento ?<\/h3>\r\n\r\n\t\t\t\t\t\t<div class=\"faq-item-question-icon\"><\/div>\r\n\t\t\t\t\t<\/div>\r\n\r\n\t\t\t\t\t<div class=\"faq-item-answer\">\r\n\t\t\t\t\t\t<div class=\"faq-item-answer-text\"> <p>Vous n&rsquo;aurez besoin que de quelques minutes pour int\u00e9grer le widget. Le processus est ultra rapide, gratuit et sans codage. <\/p> <ol><li>Vous pouvez coller les avis Airbnb sur votre site Web directement via notre service. Consultez simplement les instructions ci-dessous sur cette page. <\/li> <li>Les avis Elfsight Airbnb peuvent \u00eatre ins\u00e9r\u00e9s directement sur notre service ou via la place de march\u00e9. Vous pouvez comparer les deux variantes et choisir la v\u00f4tre. <\/li> <\/ol> <\/div>\r\n\t\t\t\t\t<\/div>\r\n\t\t\t\t<\/div> <\/div> <\/div> <div class=\"application-platform-content-item-features application-platform-content-item\" id=\"features\" data-nav-section=\"features\"> <h2>Fonctionnalit\u00e9s<\/h2> <p>Pour avoir une perception plus claire du widget, consultez le liste de ses fonctions les plus remarquables. Ils rendent notre widget vraiment efficace pour votre boutique\u00a0: <\/p> <ul> <li>4 types de mises en page\u00a0: Liste, Grille, Ma\u00e7onnerie et Slider\u00a0; <\/li> <li>Une option pour afficher ou masquer l&rsquo;en-t\u00eate du widget\u00a0; <\/li> <li>Deux options de sc\u00e9narios de rejet de demande d&rsquo;avis : afficher votre message ou supprimer le bouton. <\/li> <\/ul><p><a href=\"#demo\">Pour d\u00e9couvrir toutes les fonctionnalit\u00e9s, consultez notre d\u00e9mo<\/a><\/p> <\/div> <div class=\"application-platform-content-item-installation application-platform-content-item\" id=\"installation\" data-nav-section=\"installation\"> <h2>D\u00e9couvrez comment int\u00e9grer les avis Airbnb \u00e0 votre site Web Magento<\/h2> <p>Les actions suivantes sont la seule chose que vous devez faire pour commencer \u00e0 utiliser le widget. <\/p> <ol><li><b>Ex\u00e9cutez notre configurateur gratuit et commencez \u00e0 cr\u00e9er votre extension sur mesure. <\/b><br> D\u00e9terminez la forme et les sp\u00e9cifications pr\u00e9f\u00e9rables de l&rsquo;extension et enregistrez toutes les modifications. <\/li> <li><b>Copiez le code unique apparaissant dans la case sur Elfsight Apps. <\/b><br> Une fois la g\u00e9n\u00e9ration de votre extension personnelle termin\u00e9e, copiez le code exclusif dans la fen\u00eatre contextuelle qui appara\u00eet et enregistrez-le pour une utilisation ult\u00e9rieure. <\/li> <li><b>Initiez l&rsquo;utilisation de l&rsquo;extension sur votre site Web Magento. <\/b><br> Int\u00e9grez le code que vous avez enregistr\u00e9 auparavant dans votre site et enregistrez les corrections. <\/li> <li><b>L&rsquo;installation s&rsquo;est termin\u00e9e avec succ\u00e8s. <\/b><br> Ouvrez votre page Web pour v\u00e9rifier les performances de l&rsquo;extension. <\/li><\/ol><p>Toujours instable\u00a0? Ou vous \u00eates tomb\u00e9 sur quelque chose ? Envoyez simplement votre demande \u00e0 notre service client qui vous aidera \u00e0 r\u00e9pondre \u00e0 toutes vos questions. <\/p> <\/div>","protected":false},"excerpt":{"rendered":"","protected":false},"author":9,"featured_media":0,"parent":2137,"menu_order":0,"comment_status":"closed","ping_status":"closed","template":"templates\/template-application-platform.php","meta":{"publish_to_discourse":"","publish_post_category":"","wpdc_auto_publish_overridden":"","wpdc_topic_tags":"","wpdc_pin_topic":"","wpdc_pin_until":"","discourse_post_id":"","discourse_permalink":"","wpdc_publishing_response":"","wpdc_publishing_error":"","footnotes":""},"class_list":["post-7723","page","type-page","status-publish","hentry"],"yoast_head":"<!-- This site is optimized with the Yoast SEO plugin v25.3.1 - https:\/\/yoast.com\/wordpress\/plugins\/seo\/ -->\n<title>Int\u00e9grez les avis Airbnb sur votre site Magento (2025)<\/title>\n<meta name=\"description\" content=\"Voici une possibilit\u00e9 de cr\u00e9er un widget Airbnb Reviews et de l&#039;int\u00e9grer sur votre site Web Magento. B\u00e9n\u00e9ficiez d&#039;une assistance client gratuite et d&#039;autres bonus d&#039;Elfsight.\" \/>\n<meta name=\"robots\" content=\"index, follow, max-snippet:-1, max-image-preview:large, max-video-preview:-1\" \/>\n<link rel=\"canonical\" href=\"https:\/\/elfsight.com\/fr\/airbnb-reviews-widget\/magento\/\" \/>\n<meta property=\"og:locale\" content=\"fr_FR\" \/>\n<meta property=\"og:type\" content=\"article\" \/>\n<meta property=\"og:title\" content=\"Int\u00e9grez les avis Airbnb sur votre site Magento (2025)\" \/>\n<meta property=\"og:description\" content=\"Voici une possibilit\u00e9 de cr\u00e9er un widget Airbnb Reviews et de l&#039;int\u00e9grer sur votre site Web Magento. B\u00e9n\u00e9ficiez d&#039;une assistance client gratuite et d&#039;autres bonus d&#039;Elfsight.\" \/>\n<meta property=\"og:url\" content=\"https:\/\/elfsight.com\/fr\/airbnb-reviews-widget\/magento\/\" \/>\n<meta property=\"og:site_name\" content=\"Elfsight FR\" \/>\n<meta property=\"article:modified_time\" content=\"2025-07-09T09:32:49+00:00\" \/>\n<meta name=\"twitter:card\" content=\"summary_large_image\" \/>\n<meta name=\"twitter:label1\" content=\"Dur\u00e9e de lecture estim\u00e9e\" \/>\n\t<meta name=\"twitter:data1\" content=\"3 minutes\" \/>\n<!-- \/ Yoast SEO plugin. -->","yoast_head_json":{"title":"Int\u00e9grez les avis Airbnb sur votre site Magento (2025)","description":"Voici une possibilit\u00e9 de cr\u00e9er un widget Airbnb Reviews et de l'int\u00e9grer sur votre site Web Magento. B\u00e9n\u00e9ficiez d'une assistance client gratuite et d'autres bonus d'Elfsight.","robots":{"index":"index","follow":"follow","max-snippet":"max-snippet:-1","max-image-preview":"max-image-preview:large","max-video-preview":"max-video-preview:-1"},"canonical":"https:\/\/elfsight.com\/fr\/airbnb-reviews-widget\/magento\/","og_locale":"fr_FR","og_type":"article","og_title":"Int\u00e9grez les avis Airbnb sur votre site Magento (2025)","og_description":"Voici une possibilit\u00e9 de cr\u00e9er un widget Airbnb Reviews et de l'int\u00e9grer sur votre site Web Magento. B\u00e9n\u00e9ficiez d'une assistance client gratuite et d'autres bonus d'Elfsight.","og_url":"https:\/\/elfsight.com\/fr\/airbnb-reviews-widget\/magento\/","og_site_name":"Elfsight FR","article_modified_time":"2025-07-09T09:32:49+00:00","twitter_card":"summary_large_image","twitter_misc":{"Dur\u00e9e de lecture estim\u00e9e":"3 minutes"},"schema":{"@context":"https:\/\/schema.org","@graph":[{"@type":"WebPage","@id":"https:\/\/elfsight.com\/fr\/airbnb-reviews-widget\/magento\/","url":"https:\/\/elfsight.com\/fr\/airbnb-reviews-widget\/magento\/","name":"Int\u00e9grez les avis Airbnb sur votre site Magento (2025)","isPartOf":{"@id":"https:\/\/elfsight.com\/fr\/#website"},"datePublished":"2024-05-03T06:26:24+00:00","dateModified":"2025-07-09T09:32:49+00:00","description":"Voici une possibilit\u00e9 de cr\u00e9er un widget Airbnb Reviews et de l'int\u00e9grer sur votre site Web Magento. B\u00e9n\u00e9ficiez d'une assistance client gratuite et d'autres bonus d'Elfsight.","breadcrumb":{"@id":"https:\/\/elfsight.com\/fr\/airbnb-reviews-widget\/magento\/#breadcrumb"},"inLanguage":"fr-FR","potentialAction":[{"@type":"ReadAction","target":["https:\/\/elfsight.com\/fr\/airbnb-reviews-widget\/magento\/"]}]},{"@type":"BreadcrumbList","@id":"https:\/\/elfsight.com\/fr\/airbnb-reviews-widget\/magento\/#breadcrumb","itemListElement":[{"@type":"ListItem","position":1,"name":"Home","item":"https:\/\/elfsight.com\/fr\/"},{"@type":"ListItem","position":2,"name":"Airbnb Reviews","item":"https:\/\/elfsight.com\/fr\/airbnb-reviews-widget\/"},{"@type":"ListItem","position":3,"name":"Airbnb Reviews &#8211; Magento"}]},{"@type":"WebSite","@id":"https:\/\/elfsight.com\/fr\/#website","url":"https:\/\/elfsight.com\/fr\/","name":"Elfsight FR","description":"","potentialAction":[{"@type":"SearchAction","target":{"@type":"EntryPoint","urlTemplate":"https:\/\/elfsight.com\/fr\/?s={search_term_string}"},"query-input":{"@type":"PropertyValueSpecification","valueRequired":true,"valueName":"search_term_string"}}],"inLanguage":"fr-FR"}]}},"meta_box":{"industry":"","seo_heading":"","heading":"","description":"","cta_heading":"","cta_description":"","application":"2129","h1":"Avis sur Magento Airbnb","h1_caption":"Affichez les avis de votre annonce Airbnb pour attirer sans effort plus de clients avec de v\u00e9ritables commentaires sur votre site Web Magento.","application_category":[],"applications_title":"","applications_request_title":"","applications_request_button_text":"","hero_text":"","hero_video":"","hero_video_schema_markup":"","selling_points_title":"","selling_points_caption":"","selling_points":[],"selling_points_cta_text":"","features_title":"","features":"","ed_cta_examples_text":"","ed_cta_examples_hidden":"","ed_cta_demo_text":"","ed_cta_demo_hidden":"","why_caption":"","why_editor_title":"","why_editor_text":"","why_team_title":"","why_team_text":"","why_service_title":"","why_service_text":"","template_catalog_visible":"","template_catalog_title":"","template_catalog_text":"","template_catalog_categories_visible":"","demo_title":"Cr\u00e9ez votre extension Avis Airbnb","demo_caption":"Configurez vos avis Airbnb et ajoutez-les gratuitement \u00e0 votre site Magento !","default_faq_hidden":"","app_template_category":[],"platform":"357","template_public_id":"","codecanyon_url":"","codecanyon_item_id":"","codecanyon_price":"","pricing_caption":"","pricing_elfsight_apps_hide_column":"","pricing_elfsight_apps_url":"","pricing_codecanyon_price_caption":"","integration_category":[],"integration_request_title":"","integration_request_cta":"","integration_platform":"","integrations":[],"platform_category":[],"video_schema_markup":"","price":"\u00e0 partir de 0$ \/ mois","trial":"","benefits":[{"text":"Service d'installation gratuit"},{"text":"Assistance premium"},{"text":"Garantie de remboursement de 14 jours"},{"text":"Am\u00e9liorations \u00e0 vie"}],"button_url":"#demo","button_target_blank":"","button_nofollow":"","attributes":[{"name":"Installations","content":"10,000 - 100,000"},{"name":"Sensible","content":"Oui"},{"name":"Navigateurs compatibles","content":"Firefox, Safari, Opera, Chrome, Edge"}],"tags":[],"tags_disable_links":"","hide_more_platforms":"","video_object":"","demo_hide_cta":"","demo_hide_cloud_options":"","pricing_title":"","pricing":[{"pricing_icon":"platform","pricing_title":"Elfsight Apps","pricing_title_caption":"Version multiplateforme adapt\u00e9e \u00e0 n'importe quel site Web","pricing_price":"from $0 \/ month","pricing_price_caption":"commencez avec un forfait gratuit","pricing_benefits":[{"text":"Domaines illimit\u00e9s"},{"text":"Support d\u2019entreprise d\u00e9di\u00e9 et bien document\u00e9"},{"text":"Aide \u00e0 l'installation gratuite"},{"text":"100% personnalisable"}],"pricing_button_text":"Ajouter au site Web","pricing_button_url":"#demo"}],"related_apps_title":"","related_apps_hidden":"","author":"","image":[],"title":"","job":"","social_networks":[]},"_links":{"self":[{"href":"https:\/\/elfsight.com\/fr\/wp-json\/wp\/v2\/pages\/7723","targetHints":{"allow":["GET"]}}],"collection":[{"href":"https:\/\/elfsight.com\/fr\/wp-json\/wp\/v2\/pages"}],"about":[{"href":"https:\/\/elfsight.com\/fr\/wp-json\/wp\/v2\/types\/page"}],"author":[{"embeddable":true,"href":"https:\/\/elfsight.com\/fr\/wp-json\/wp\/v2\/users\/9"}],"replies":[{"embeddable":true,"href":"https:\/\/elfsight.com\/fr\/wp-json\/wp\/v2\/comments?post=7723"}],"version-history":[{"count":1,"href":"https:\/\/elfsight.com\/fr\/wp-json\/wp\/v2\/pages\/7723\/revisions"}],"predecessor-version":[{"id":7727,"href":"https:\/\/elfsight.com\/fr\/wp-json\/wp\/v2\/pages\/7723\/revisions\/7727"}],"up":[{"embeddable":true,"href":"https:\/\/elfsight.com\/fr\/wp-json\/wp\/v2\/pages\/2137"}],"wp:attachment":[{"href":"https:\/\/elfsight.com\/fr\/wp-json\/wp\/v2\/media?parent=7723"}],"curies":[{"name":"wp","href":"https:\/\/api.w.org\/{rel}","templated":true}]}}