{"id":7722,"date":"2024-05-03T06:26:23","date_gmt":"2024-05-03T06:26:23","guid":{"rendered":"https:\/\/elfsight.com\/fr\/?page_id=7722"},"modified":"2025-07-09T09:32:26","modified_gmt":"2025-07-09T09:32:26","slug":"jquery","status":"publish","type":"page","link":"https:\/\/elfsight.com\/fr\/airbnb-reviews-widget\/jquery\/","title":{"rendered":"Airbnb Reviews &#8211; jQuery"},"content":{"rendered":"<div class=\"application-platform-content-item-description application-platform-content-item\" id=\"description\" data-nav-section=\"description\"> <h2>Description<\/h2> <p>Si vous souhaitez afficher votre appr\u00e9ciation aupr\u00e8s des clients et convaincre les visiteurs du site que vos produits ou services valent la peine d&rsquo;\u00eatre achet\u00e9s , le widget Elfsight Airbnb Reviews vous convient parfaitement. Gr\u00e2ce \u00e0 cet outil, vous pouvez int\u00e9grer les avis des utilisateurs d&rsquo;Airbnb sur votre site Web avec des informations sur leurs auteurs, les trier pour ne r\u00e9v\u00e9ler que les bons, ajouter des notes et un bouton actif qui am\u00e8nera les utilisateurs sur votre page Airbnb, afin qu&rsquo;ils puissent ajouter encore une critique. <\/p> <div class=\"faq\" data-component=\"FAQ\"><div class=\"faq-item\">\r\n\t\t\t\t\t<div class=\"faq-item-question\">\r\n\t\t\t\t\t\t<h3 class=\"faq-item-question-text\">O\u00f9 puis-je afficher le widget<\/h3>\r\n\r\n\t\t\t\t\t\t<div class=\"faq-item-question-icon\"><\/div>\r\n\t\t\t\t\t<\/div>\r\n\r\n\t\t\t\t\t<div class=\"faq-item-answer\">\r\n\t\t\t\t\t\t<div class=\"faq-item-answer-text\"> <p>Vous pouvez coller le widget sur n&rsquo;importe quelle page du site Web, ou le coller dans le mod\u00e8le du site, et il s&rsquo;affichera sur toutes les pages. . Les avis sont efficaces sur les pages produits ou sur la page \u00c0 propos de nous, o\u00f9 vous devez vanter votre appr\u00e9ciation \u00e9lev\u00e9e. <\/p> <\/div>\r\n\t\t\t\t\t<\/div>\r\n\t\t\t\t<\/div><div class=\"faq-item\">\r\n\t\t\t\t\t<div class=\"faq-item-question\">\r\n\t\t\t\t\t\t<h3 class=\"faq-item-question-text\">Comment puis-je b\u00e9n\u00e9ficier de ce plugin ?<\/h3>\r\n\r\n\t\t\t\t\t\t<div class=\"faq-item-question-icon\"><\/div>\r\n\t\t\t\t\t<\/div>\r\n\r\n\t\t\t\t\t<div class=\"faq-item-answer\">\r\n\t\t\t\t\t\t<div class=\"faq-item-answer-text\"> <p>Les avis publi\u00e9s par de vraies personnes sont parfaitement dignes de confiance pour les clients de votre site Web et signifient pour eux que votre entreprise est fiable. Une note \u00e9lev\u00e9e et d\u2019excellentes critiques peuvent contribuer \u00e0 augmenter les ventes de votre site Web. De plus, le bouton de redirection contribuera \u00e0 obtenir davantage d&rsquo;avis clients sur vos services d&rsquo;h\u00e9bergement sur Airbnb. <\/p> <\/div>\r\n\t\t\t\t\t<\/div>\r\n\t\t\t\t<\/div> <div class=\"faq-item\">\r\n\t\t\t\t\t<div class=\"faq-item-question\">\r\n\t\t\t\t\t\t<h3 class=\"faq-item-question-text\">Comment puis-je ajouter des avis Airbnb \u00e0 mon site jQuery ? <\/h3>\r\n\r\n\t\t\t\t\t\t<div class=\"faq-item-question-icon\"><\/div>\r\n\t\t\t\t\t<\/div>\r\n\r\n\t\t\t\t\t<div class=\"faq-item-answer\">\r\n\t\t\t\t\t\t<div class=\"faq-item-answer-text\"> <p>Il faut trois minutes de votre temps pour que le widget soit op\u00e9rationnel. C\u2019est ultra rapide, gratuit et ne n\u00e9cessite aucun codage. <\/p> <ol><li>Vous pouvez int\u00e9grer les avis Airbnb \u00e0 votre page Web via notre service. Suivez simplement les \u00e9tapes de la br\u00e8ve description ci-dessous sur cette page. <\/li> <li>Les avis Elfsight Airbnb peuvent \u00eatre ajout\u00e9s via notre service ou via le march\u00e9. Vous pouvez d\u00e9couvrir les avantages de ces variantes et en s\u00e9lectionner une plus adapt\u00e9e. <\/li> <\/ol> <\/div>\r\n\t\t\t\t\t<\/div>\r\n\t\t\t\t<\/div> <\/div> <\/div> <div class=\"application-platform-content-item-features application-platform-content-item\" id=\"features\" data-nav-section=\"features\"> <h2>Fonctionnalit\u00e9s<\/h2> <p>Pour avoir une connaissance claire des avis Airbnb, consultez la liste de ses principales fonctionnalit\u00e9s. Ils rendent le widget vraiment efficace pour vous\u00a0:<\/p> <ul> <li>Trois filtres pr\u00e9d\u00e9finis\u00a0: par type, exclusion par et nombre d&rsquo;avis \u00e0 afficher\u00a0; <\/li> <li>Le bouton de demande de r\u00e9vision redirige les visiteurs vers la page Airbnb\u00a0; <\/li> <li>Deux sc\u00e9narios possibles de refus de demande d&rsquo;avis\u00a0: afficher un message personnalis\u00e9 ou masquer le bouton. <\/li> <\/ul><p><a href=\"#demo\">Notre d\u00e9mo en direct vous r\u00e9v\u00e9lera plus de fonctionnalit\u00e9s<\/a><\/p> <\/div> <div class=\"application-platform-content-item-installation application-platform-content-item\" id=\"installation\" data-nav-section=\"installation\"> <h2>V\u00e9rifiez comment introduire les avis Airbnb sur votre site Web jQuery<\/h2> <p> Quelques \u00e9tapes rapides sont la seule chose que vous devez d\u00e9montrer.<\/p> <ol><li><b>Cr\u00e9ez votre compte personnel Plugin Airbnb Reviews<\/b><br> En g\u00e9rant notre configurateur gratuit, cr\u00e9ez un plugin avec une mise en page et des fonctionnalit\u00e9s pr\u00e9f\u00e9r\u00e9es.<\/li><li><b>Recevez le code individuel pour int\u00e9grer le plugin<\/b><br> Apr\u00e8s avoir cr\u00e9\u00e9 votre widget, vous obtiendrez le code individuel dans la fen\u00eatre qui appara\u00eet sur Elfsight Apps. Copiez le code pour une utilisation ult\u00e9rieure.<\/li> <li><b>Affichez le plugin sur votre site Web jQuery<\/b><br> Choisissez l&rsquo;endroit o\u00f9 vous pr\u00e9voyez d&rsquo;int\u00e9grer le plugin et collez-y le code copi\u00e9. Publiez les modifications. <\/li> <li><b>La configuration est termin\u00e9e<\/b><br> Allez sur le site Web pour jeter un \u0153il \u00e0 votre travail.<\/li> <\/ol><p>Vous avez encore quelque chose qui vous fait incertain? Ou avez-vous des questions \u00e0 poser ? \u00c9crivez simplement une demande \u00e0 notre \u00e9quipe de support client. <\/p> <\/div>","protected":false},"excerpt":{"rendered":"","protected":false},"author":9,"featured_media":0,"parent":2137,"menu_order":0,"comment_status":"closed","ping_status":"closed","template":"templates\/template-application-platform.php","meta":{"publish_to_discourse":"","publish_post_category":"","wpdc_auto_publish_overridden":"","wpdc_topic_tags":"","wpdc_pin_topic":"","wpdc_pin_until":"","discourse_post_id":"","discourse_permalink":"","wpdc_publishing_response":"","wpdc_publishing_error":"","footnotes":""},"class_list":["post-7722","page","type-page","status-publish","hentry"],"yoast_head":"<!-- This site is optimized with the Yoast SEO plugin v25.3.1 - https:\/\/yoast.com\/wordpress\/plugins\/seo\/ -->\n<title>Int\u00e9grez les avis Airbnb sur votre site Web jQuery (en 2 minutes)<\/title>\n<meta name=\"description\" content=\"Voici une possibilit\u00e9 de cr\u00e9er un widget Airbnb Reviews et de l&#039;int\u00e9grer \u00e0 votre site Web jQuery. B\u00e9n\u00e9ficiez d\u2019une assistance client gratuite et d\u2019autres avantages d\u2019Elfsight.\" \/>\n<meta name=\"robots\" content=\"index, follow, max-snippet:-1, max-image-preview:large, max-video-preview:-1\" \/>\n<link rel=\"canonical\" href=\"https:\/\/elfsight.com\/fr\/airbnb-reviews-widget\/jquery\/\" \/>\n<meta property=\"og:locale\" content=\"fr_FR\" \/>\n<meta property=\"og:type\" content=\"article\" \/>\n<meta property=\"og:title\" content=\"Int\u00e9grez les avis Airbnb sur votre site Web jQuery (en 2 minutes)\" \/>\n<meta property=\"og:description\" content=\"Voici une possibilit\u00e9 de cr\u00e9er un widget Airbnb Reviews et de l&#039;int\u00e9grer \u00e0 votre site Web jQuery. B\u00e9n\u00e9ficiez d\u2019une assistance client gratuite et d\u2019autres avantages d\u2019Elfsight.\" \/>\n<meta property=\"og:url\" content=\"https:\/\/elfsight.com\/fr\/airbnb-reviews-widget\/jquery\/\" \/>\n<meta property=\"og:site_name\" content=\"Elfsight FR\" \/>\n<meta property=\"article:modified_time\" content=\"2025-07-09T09:32:26+00:00\" \/>\n<meta name=\"twitter:card\" content=\"summary_large_image\" \/>\n<meta name=\"twitter:label1\" content=\"Dur\u00e9e de lecture estim\u00e9e\" \/>\n\t<meta name=\"twitter:data1\" content=\"3 minutes\" \/>\n<!-- \/ Yoast SEO plugin. -->","yoast_head_json":{"title":"Int\u00e9grez les avis Airbnb sur votre site Web jQuery (en 2 minutes)","description":"Voici une possibilit\u00e9 de cr\u00e9er un widget Airbnb Reviews et de l'int\u00e9grer \u00e0 votre site Web jQuery. B\u00e9n\u00e9ficiez d\u2019une assistance client gratuite et d\u2019autres avantages d\u2019Elfsight.","robots":{"index":"index","follow":"follow","max-snippet":"max-snippet:-1","max-image-preview":"max-image-preview:large","max-video-preview":"max-video-preview:-1"},"canonical":"https:\/\/elfsight.com\/fr\/airbnb-reviews-widget\/jquery\/","og_locale":"fr_FR","og_type":"article","og_title":"Int\u00e9grez les avis Airbnb sur votre site Web jQuery (en 2 minutes)","og_description":"Voici une possibilit\u00e9 de cr\u00e9er un widget Airbnb Reviews et de l'int\u00e9grer \u00e0 votre site Web jQuery. B\u00e9n\u00e9ficiez d\u2019une assistance client gratuite et d\u2019autres avantages d\u2019Elfsight.","og_url":"https:\/\/elfsight.com\/fr\/airbnb-reviews-widget\/jquery\/","og_site_name":"Elfsight FR","article_modified_time":"2025-07-09T09:32:26+00:00","twitter_card":"summary_large_image","twitter_misc":{"Dur\u00e9e de lecture estim\u00e9e":"3 minutes"},"schema":{"@context":"https:\/\/schema.org","@graph":[{"@type":"WebPage","@id":"https:\/\/elfsight.com\/fr\/airbnb-reviews-widget\/jquery\/","url":"https:\/\/elfsight.com\/fr\/airbnb-reviews-widget\/jquery\/","name":"Int\u00e9grez les avis Airbnb sur votre site Web jQuery (en 2 minutes)","isPartOf":{"@id":"https:\/\/elfsight.com\/fr\/#website"},"datePublished":"2024-05-03T06:26:23+00:00","dateModified":"2025-07-09T09:32:26+00:00","description":"Voici une possibilit\u00e9 de cr\u00e9er un widget Airbnb Reviews et de l'int\u00e9grer \u00e0 votre site Web jQuery. B\u00e9n\u00e9ficiez d\u2019une assistance client gratuite et d\u2019autres avantages d\u2019Elfsight.","breadcrumb":{"@id":"https:\/\/elfsight.com\/fr\/airbnb-reviews-widget\/jquery\/#breadcrumb"},"inLanguage":"fr-FR","potentialAction":[{"@type":"ReadAction","target":["https:\/\/elfsight.com\/fr\/airbnb-reviews-widget\/jquery\/"]}]},{"@type":"BreadcrumbList","@id":"https:\/\/elfsight.com\/fr\/airbnb-reviews-widget\/jquery\/#breadcrumb","itemListElement":[{"@type":"ListItem","position":1,"name":"Home","item":"https:\/\/elfsight.com\/fr\/"},{"@type":"ListItem","position":2,"name":"Airbnb Reviews","item":"https:\/\/elfsight.com\/fr\/airbnb-reviews-widget\/"},{"@type":"ListItem","position":3,"name":"Airbnb Reviews &#8211; jQuery"}]},{"@type":"WebSite","@id":"https:\/\/elfsight.com\/fr\/#website","url":"https:\/\/elfsight.com\/fr\/","name":"Elfsight FR","description":"","potentialAction":[{"@type":"SearchAction","target":{"@type":"EntryPoint","urlTemplate":"https:\/\/elfsight.com\/fr\/?s={search_term_string}"},"query-input":{"@type":"PropertyValueSpecification","valueRequired":true,"valueName":"search_term_string"}}],"inLanguage":"fr-FR"}]}},"meta_box":{"industry":"","seo_heading":"","heading":"","description":"","cta_heading":"","cta_description":"","application":"2129","h1":"jQuery Avis sur Airbnb","h1_caption":"Affichez les avis de votre annonce Airbnb pour attirer plus de clients avec de v\u00e9ritables commentaires sur votre site Web jQuery sans effort.","application_category":[],"applications_title":"","applications_request_title":"","applications_request_button_text":"","hero_text":"","hero_video":"","hero_video_schema_markup":"","selling_points_title":"","selling_points_caption":"","selling_points":[],"selling_points_cta_text":"","features_title":"","features":"","ed_cta_examples_text":"","ed_cta_examples_hidden":"","ed_cta_demo_text":"","ed_cta_demo_hidden":"","why_caption":"","why_editor_title":"","why_editor_text":"","why_team_title":"","why_team_text":"","why_service_title":"","why_service_text":"","template_catalog_visible":"","template_catalog_title":"","template_catalog_text":"","template_catalog_categories_visible":"","demo_title":"Cr\u00e9ez votre plugin Airbnb Reviews","demo_caption":"Configurez vos avis Airbnb et ajoutez-les gratuitement \u00e0 votre site Web jQuery\u00a0!","default_faq_hidden":"","app_template_category":[],"platform":"355","template_public_id":"","codecanyon_url":"","codecanyon_item_id":"","codecanyon_price":"","pricing_caption":"","pricing_elfsight_apps_hide_column":"","pricing_elfsight_apps_url":"","pricing_codecanyon_price_caption":"","integration_category":[],"integration_request_title":"","integration_request_cta":"","integration_platform":"","integrations":[],"platform_category":[],"video_schema_markup":"","price":"\u00e0 partir de 0$ \/ mois","trial":"","benefits":[{"text":"Service d'installation gratuit"},{"text":"Assistance premium"},{"text":"Garantie de remboursement de 14 jours"},{"text":"D\u00e9veloppement continu"}],"button_url":"#demo","button_target_blank":"","button_nofollow":"","attributes":[{"name":"Installations","content":"10,000 - 100,000"},{"name":"Sensible","content":"Oui"},{"name":"Navigateurs compatibles","content":"Firefox, Safari, Opera, Chrome, Edge"}],"tags":[],"tags_disable_links":"","hide_more_platforms":"","video_object":"","demo_hide_cta":"","demo_hide_cloud_options":"","pricing_title":"","pricing":[{"pricing_icon":"platform","pricing_title":"Elfsight Apps","pricing_title_caption":"Solution num\u00e9rique multiplateforme adapt\u00e9e \u00e0 tous les sites","pricing_price":"from $0 \/ month","pricing_price_caption":"commencez avec un forfait gratuit","pricing_benefits":[{"text":"Sites Web illimit\u00e9s"},{"text":"Assistance client haut de gamme"},{"text":"Aide \u00e0 l'installation gratuite"},{"text":"Conception flexible"}],"pricing_button_text":"Ajouter au site Web","pricing_button_url":"#demo"}],"related_apps_title":"","related_apps_hidden":"","author":"","image":[],"title":"","job":"","social_networks":[]},"_links":{"self":[{"href":"https:\/\/elfsight.com\/fr\/wp-json\/wp\/v2\/pages\/7722","targetHints":{"allow":["GET"]}}],"collection":[{"href":"https:\/\/elfsight.com\/fr\/wp-json\/wp\/v2\/pages"}],"about":[{"href":"https:\/\/elfsight.com\/fr\/wp-json\/wp\/v2\/types\/page"}],"author":[{"embeddable":true,"href":"https:\/\/elfsight.com\/fr\/wp-json\/wp\/v2\/users\/9"}],"replies":[{"embeddable":true,"href":"https:\/\/elfsight.com\/fr\/wp-json\/wp\/v2\/comments?post=7722"}],"version-history":[{"count":1,"href":"https:\/\/elfsight.com\/fr\/wp-json\/wp\/v2\/pages\/7722\/revisions"}],"predecessor-version":[{"id":7726,"href":"https:\/\/elfsight.com\/fr\/wp-json\/wp\/v2\/pages\/7722\/revisions\/7726"}],"up":[{"embeddable":true,"href":"https:\/\/elfsight.com\/fr\/wp-json\/wp\/v2\/pages\/2137"}],"wp:attachment":[{"href":"https:\/\/elfsight.com\/fr\/wp-json\/wp\/v2\/media?parent=7722"}],"curies":[{"name":"wp","href":"https:\/\/api.w.org\/{rel}","templated":true}]}}