{"id":7717,"date":"2024-05-03T06:26:22","date_gmt":"2024-05-03T06:26:22","guid":{"rendered":"https:\/\/elfsight.com\/fr\/?page_id=7717"},"modified":"2025-07-09T09:32:21","modified_gmt":"2025-07-09T09:32:21","slug":"joomla","status":"publish","type":"page","link":"https:\/\/elfsight.com\/fr\/airbnb-reviews-widget\/joomla\/","title":{"rendered":"Airbnb Reviews &#8211; Joomla"},"content":{"rendered":"<div class=\"application-platform-content-item-description application-platform-content-item\" id=\"description\" data-nav-section=\"description\"> <h2>Description<\/h2> <p>Si vous souhaitez r\u00e9v\u00e9ler votre appr\u00e9ciation aupr\u00e8s des clients et convaincre les visiteurs de votre site Web que vos offres sont d&rsquo;un bon rapport qualit\u00e9-prix pour de l&rsquo;argent, Elfsight Airbnb Reviews est exactement ce dont vous avez besoin. Avec notre widget, vous pourrez placer les avis des clients d&rsquo;Airbnb sur votre site avec des d\u00e9tails sur leurs auteurs, les filtrer pour r\u00e9v\u00e9ler uniquement les meilleurs, afficher les notes et le bouton de demande d&rsquo;avis, qui redirigera les gens vers votre compte Airbnb, o\u00f9 ils pourront laisser leur avis. <\/p> <div class=\"faq\" data-component=\"FAQ\"><div class=\"faq-item\">\r\n\t\t\t\t\t<div class=\"faq-item-question\">\r\n\t\t\t\t\t\t<h3 class=\"faq-item-question-text\">O\u00f9 puis-je l'ins\u00e9rer<\/h3>\r\n\r\n\t\t\t\t\t\t<div class=\"faq-item-question-icon\"><\/div>\r\n\t\t\t\t\t<\/div>\r\n\r\n\t\t\t\t\t<div class=\"faq-item-answer\">\r\n\t\t\t\t\t\t<div class=\"faq-item-answer-text\"> <p>Le widget peut \u00eatre ajout\u00e9 \u00e0 n&rsquo;importe quelle page sur laquelle vous souhaitez d\u00e9montrer votre grande appr\u00e9ciation et votre popularit\u00e9 aupr\u00e8s des clients. Si vous souhaitez afficher le widget sur toutes les pages du site, vous pouvez simplement l&rsquo;ins\u00e9rer dans le mod\u00e8le du site Web. <\/p> <\/div>\r\n\t\t\t\t\t<\/div>\r\n\t\t\t\t<\/div><div class=\"faq-item\">\r\n\t\t\t\t\t<div class=\"faq-item-question\">\r\n\t\t\t\t\t\t<h3 class=\"faq-item-question-text\">Comment pourrais-je b\u00e9n\u00e9ficier des avis Airbnb ?<\/h3>\r\n\r\n\t\t\t\t\t\t<div class=\"faq-item-question-icon\"><\/div>\r\n\t\t\t\t\t<\/div>\r\n\r\n\t\t\t\t\t<div class=\"faq-item-answer\">\r\n\t\t\t\t\t\t<div class=\"faq-item-answer-text\"> <p>Les avis de vraies personnes semblent parfaitement cr\u00e9dibles aux clients de votre site Web et leur montrent que vous pouvez faire confiance \u00e0 votre entreprise. Une note \u00e9lev\u00e9e et des impressions positives peuvent contribuer \u00e0 augmenter les achats sur votre site Web. De plus, le bouton de redirection contribuera \u00e0 augmenter le nombre d&rsquo;avis clients sur votre logement sur Airbnb. <\/p> <\/div>\r\n\t\t\t\t\t<\/div>\r\n\t\t\t\t<\/div> <div class=\"faq-item\">\r\n\t\t\t\t\t<div class=\"faq-item-question\">\r\n\t\t\t\t\t\t<h3 class=\"faq-item-question-text\">De quoi ai-je besoin pour int\u00e9grer les avis Airbnb \u00e0 mon site Web Joomla ?<\/h3>\r\n\r\n\t\t\t\t\t\t<div class=\"faq-item-question-icon\"><\/div>\r\n\t\t\t\t\t<\/div>\r\n\r\n\t\t\t\t\t<div class=\"faq-item-answer\">\r\n\t\t\t\t\t\t<div class=\"faq-item-answer-text\"> <p>L&rsquo;activation de votre widget d&rsquo;avis ne prendra que deux minutes. L&rsquo;installation est vraiment rapide, gratuite et sans codage. <\/p> <ol><li>Vous pouvez introduire le widget dans votre site directement dans notre service. Suivez simplement les \u00e9tapes des instructions ci-dessous sur cette page. <\/li> <li>Le widget peut \u00eatre ajout\u00e9 via notre service ou sur la place de march\u00e9. Vous pouvez consulter les avantages et les inconv\u00e9nients de ces variantes et d\u00e9cider laquelle est la plus adapt\u00e9e. <\/li> <\/ol> <\/div>\r\n\t\t\t\t\t<\/div>\r\n\t\t\t\t<\/div> <\/div> <\/div> <div class=\"application-platform-content-item-features application-platform-content-item\" id=\"features\" data-nav-section=\"features\"> <h2>Fonctionnalit\u00e9s<\/h2> <p>Afin de mieux comprendre les avis Airbnb, voir la liste de ses principales fonctions. Ils rendent ce widget vraiment efficace pour vous\u00a0: <\/p> <ul> <li>Quatre mises en page pr\u00e9d\u00e9finies\u00a0: Liste, Grille, Ma\u00e7onnerie et Slider\u00a0; <\/li> <li> En-t\u00eate commutable du widget\u00a0; <\/li> <li>Six \u00e9l\u00e9ments r\u00e9glables de l&rsquo;interface\u00a0: nom et photo de l&rsquo;auteur, recommandation, date, ic\u00f4ne Airbnb et note par \u00e9toiles\u00a0; <\/li> <\/ul><p><a href=\"#demo\">D\u00e9couvrez plus de fonctionnalit\u00e9s dans notre d\u00e9mo en direct<\/a><\/p> <\/div> <div class=\"application-platform-content-item-installation application-platform-content-item\" id=\"installation\" data-nav-section=\"installation\"> <h2> Voici comment ajouter les avis Airbnb sur votre site Web Joomla<\/h2> <div class=\"video-container\"><iframe width=\"720\" height=\"405\" src=\"https:\/\/www.youtube.com\/embed\/8CCO0TUmH_g\" frameborder=\"0\" allowfullscreen=\"\"><\/iframe><\/div><p> Quelques actions \u2013 et le widget est actif sur votre site. <\/p> <ol><li><b>Ex\u00e9cutez notre configurateur gratuit et commencez \u00e0 travailler avec votre propre extension. <\/b><br> Recherchez l&rsquo;apparence et les fonctionnalit\u00e9s pr\u00e9f\u00e9rables de l&rsquo;extension et enregistrez toutes les modifications. <\/li> <li><b>Acqu\u00e9rir le code individuel pr\u00e9sent\u00e9 dans la fen\u00eatre des applications Elfsight. <\/b><br> Lorsque la personnalisation de votre extension est termin\u00e9e, copiez votre code dans la fen\u00eatre contextuelle qui appara\u00eet et enregistrez-le pour une occasion ult\u00e9rieure. <\/li> <li><b>Initier l&rsquo;utilisation de l&rsquo;extension sur le site Web Joomla. <\/b><br> Impl\u00e9mentez le code que vous avez copi\u00e9 auparavant dans votre page et enregistrez les modifications. <\/li> <li><b>Vous avez termin\u00e9\u00a0! L&rsquo;installation est termin\u00e9e avec succ\u00e8s. <\/b><br> Acc\u00e9dez \u00e0 votre site Web pour v\u00e9rifier le fonctionnement de l&rsquo;extension. <\/li><\/ol><p>Vous avez encore des doutes\u00a0? Ou vous rencontrez des probl\u00e8mes ? Envoyez simplement votre demande \u00e0 notre service client. Notre \u00e9quipe d\u00e9di\u00e9e r\u00e9soudra chaque probl\u00e8me. <\/p> <\/div>","protected":false},"excerpt":{"rendered":"","protected":false},"author":9,"featured_media":0,"parent":2137,"menu_order":0,"comment_status":"closed","ping_status":"closed","template":"templates\/template-application-platform.php","meta":{"publish_to_discourse":"","publish_post_category":"","wpdc_auto_publish_overridden":"","wpdc_topic_tags":"","wpdc_pin_topic":"","wpdc_pin_until":"","discourse_post_id":"","discourse_permalink":"","wpdc_publishing_response":"","wpdc_publishing_error":"","footnotes":""},"class_list":["post-7717","page","type-page","status-publish","hentry"],"yoast_head":"<!-- This site is optimized with the Yoast SEO plugin v25.3.1 - https:\/\/yoast.com\/wordpress\/plugins\/seo\/ -->\n<title>Int\u00e9grez les avis Airbnb sur votre site Joomla (facile et rapide)<\/title>\n<meta name=\"description\" content=\"Avec Elfsight, concevez votre widget Airbnb Reviews et placez-le sur votre site Joomla. Nous offrons un service client gratuit et d&#039;autres bonus.\" \/>\n<meta name=\"robots\" content=\"index, follow, max-snippet:-1, max-image-preview:large, max-video-preview:-1\" \/>\n<link rel=\"canonical\" href=\"https:\/\/elfsight.com\/fr\/airbnb-reviews-widget\/joomla\/\" \/>\n<meta property=\"og:locale\" content=\"fr_FR\" \/>\n<meta property=\"og:type\" content=\"article\" \/>\n<meta property=\"og:title\" content=\"Int\u00e9grez les avis Airbnb sur votre site Joomla (facile et rapide)\" \/>\n<meta property=\"og:description\" content=\"Avec Elfsight, concevez votre widget Airbnb Reviews et placez-le sur votre site Joomla. Nous offrons un service client gratuit et d&#039;autres bonus.\" \/>\n<meta property=\"og:url\" content=\"https:\/\/elfsight.com\/fr\/airbnb-reviews-widget\/joomla\/\" \/>\n<meta property=\"og:site_name\" content=\"Elfsight FR\" \/>\n<meta property=\"article:modified_time\" content=\"2025-07-09T09:32:21+00:00\" \/>\n<meta name=\"twitter:card\" content=\"summary_large_image\" \/>\n<meta name=\"twitter:label1\" content=\"Dur\u00e9e de lecture estim\u00e9e\" \/>\n\t<meta name=\"twitter:data1\" content=\"3 minutes\" \/>\n<!-- \/ Yoast SEO plugin. -->","yoast_head_json":{"title":"Int\u00e9grez les avis Airbnb sur votre site Joomla (facile et rapide)","description":"Avec Elfsight, concevez votre widget Airbnb Reviews et placez-le sur votre site Joomla. Nous offrons un service client gratuit et d'autres bonus.","robots":{"index":"index","follow":"follow","max-snippet":"max-snippet:-1","max-image-preview":"max-image-preview:large","max-video-preview":"max-video-preview:-1"},"canonical":"https:\/\/elfsight.com\/fr\/airbnb-reviews-widget\/joomla\/","og_locale":"fr_FR","og_type":"article","og_title":"Int\u00e9grez les avis Airbnb sur votre site Joomla (facile et rapide)","og_description":"Avec Elfsight, concevez votre widget Airbnb Reviews et placez-le sur votre site Joomla. Nous offrons un service client gratuit et d'autres bonus.","og_url":"https:\/\/elfsight.com\/fr\/airbnb-reviews-widget\/joomla\/","og_site_name":"Elfsight FR","article_modified_time":"2025-07-09T09:32:21+00:00","twitter_card":"summary_large_image","twitter_misc":{"Dur\u00e9e de lecture estim\u00e9e":"3 minutes"},"schema":{"@context":"https:\/\/schema.org","@graph":[{"@type":"WebPage","@id":"https:\/\/elfsight.com\/fr\/airbnb-reviews-widget\/joomla\/","url":"https:\/\/elfsight.com\/fr\/airbnb-reviews-widget\/joomla\/","name":"Int\u00e9grez les avis Airbnb sur votre site Joomla (facile et rapide)","isPartOf":{"@id":"https:\/\/elfsight.com\/fr\/#website"},"datePublished":"2024-05-03T06:26:22+00:00","dateModified":"2025-07-09T09:32:21+00:00","description":"Avec Elfsight, concevez votre widget Airbnb Reviews et placez-le sur votre site Joomla. Nous offrons un service client gratuit et d'autres bonus.","breadcrumb":{"@id":"https:\/\/elfsight.com\/fr\/airbnb-reviews-widget\/joomla\/#breadcrumb"},"inLanguage":"fr-FR","potentialAction":[{"@type":"ReadAction","target":["https:\/\/elfsight.com\/fr\/airbnb-reviews-widget\/joomla\/"]}]},{"@type":"BreadcrumbList","@id":"https:\/\/elfsight.com\/fr\/airbnb-reviews-widget\/joomla\/#breadcrumb","itemListElement":[{"@type":"ListItem","position":1,"name":"Home","item":"https:\/\/elfsight.com\/fr\/"},{"@type":"ListItem","position":2,"name":"Airbnb Reviews","item":"https:\/\/elfsight.com\/fr\/airbnb-reviews-widget\/"},{"@type":"ListItem","position":3,"name":"Airbnb Reviews &#8211; Joomla"}]},{"@type":"WebSite","@id":"https:\/\/elfsight.com\/fr\/#website","url":"https:\/\/elfsight.com\/fr\/","name":"Elfsight FR","description":"","potentialAction":[{"@type":"SearchAction","target":{"@type":"EntryPoint","urlTemplate":"https:\/\/elfsight.com\/fr\/?s={search_term_string}"},"query-input":{"@type":"PropertyValueSpecification","valueRequired":true,"valueName":"search_term_string"}}],"inLanguage":"fr-FR"}]}},"meta_box":{"industry":"","seo_heading":"","heading":"","description":"","cta_heading":"","cta_description":"","application":"2129","h1":"Avis sur Joomla Airbnb","h1_caption":"Affichez les avis de votre annonce Airbnb pour attirer plus de clients avec de v\u00e9ritables commentaires sur votre site Web Joomla sans effort.","application_category":[],"applications_title":"","applications_request_title":"","applications_request_button_text":"","hero_text":"","hero_video":"","hero_video_schema_markup":"","selling_points_title":"","selling_points_caption":"","selling_points":[],"selling_points_cta_text":"","features_title":"","features":"","ed_cta_examples_text":"","ed_cta_examples_hidden":"","ed_cta_demo_text":"","ed_cta_demo_hidden":"","why_caption":"","why_editor_title":"","why_editor_text":"","why_team_title":"","why_team_text":"","why_service_title":"","why_service_text":"","template_catalog_visible":"","template_catalog_title":"","template_catalog_text":"","template_catalog_categories_visible":"","demo_title":"Cr\u00e9ez votre plugin Airbnb Reviews","demo_caption":"Configurez vos avis Airbnb et ajoutez-les gratuitement \u00e0 votre site Joomla !","default_faq_hidden":"","app_template_category":[],"platform":"354","template_public_id":"","codecanyon_url":"","codecanyon_item_id":"","codecanyon_price":"","pricing_caption":"","pricing_elfsight_apps_hide_column":"","pricing_elfsight_apps_url":"","pricing_codecanyon_price_caption":"","integration_category":[],"integration_request_title":"","integration_request_cta":"","integration_platform":"","integrations":[],"platform_category":[],"video_schema_markup":"","price":"\u00e0 partir de 0$ \/ mois","trial":"","benefits":[{"text":"Aide \u00e0 l'installation gratuite"},{"text":"Service client comp\u00e9tent"},{"text":"Garantie de remboursement de 14 jours"},{"text":"Mise \u00e0 jour constante"}],"button_url":"#demo","button_target_blank":"","button_nofollow":"","attributes":[{"name":"Installations","content":"10,000 - 100,000"},{"name":"Sensible","content":"Oui"},{"name":"Navigateurs compatibles","content":"Firefox, Safari, Opera, Chrome, Edge"}],"tags":[],"tags_disable_links":"","hide_more_platforms":"","video_object":"","demo_hide_cta":"","demo_hide_cloud_options":"","pricing_title":"","pricing":[{"pricing_icon":"platform","pricing_title":"Elfsight Apps","pricing_title_caption":"Version multiplateforme qui fonctionne sur n'importe quel site Web","pricing_price":"from $0 \/ month","pricing_price_caption":"commencez avec un forfait gratuit","pricing_benefits":[{"text":"Domaines illimit\u00e9s"},{"text":"Support rapide et bien document\u00e9"},{"text":"Service d'installation gratuit"},{"text":"Offre sp\u00e9ciale pour plusieurs applications"}],"pricing_button_text":"Ajouter au site Web","pricing_button_url":"#demo"}],"related_apps_title":"","related_apps_hidden":"","author":"","image":[],"title":"","job":"","social_networks":[]},"_links":{"self":[{"href":"https:\/\/elfsight.com\/fr\/wp-json\/wp\/v2\/pages\/7717","targetHints":{"allow":["GET"]}}],"collection":[{"href":"https:\/\/elfsight.com\/fr\/wp-json\/wp\/v2\/pages"}],"about":[{"href":"https:\/\/elfsight.com\/fr\/wp-json\/wp\/v2\/types\/page"}],"author":[{"embeddable":true,"href":"https:\/\/elfsight.com\/fr\/wp-json\/wp\/v2\/users\/9"}],"replies":[{"embeddable":true,"href":"https:\/\/elfsight.com\/fr\/wp-json\/wp\/v2\/comments?post=7717"}],"version-history":[{"count":2,"href":"https:\/\/elfsight.com\/fr\/wp-json\/wp\/v2\/pages\/7717\/revisions"}],"predecessor-version":[{"id":14965,"href":"https:\/\/elfsight.com\/fr\/wp-json\/wp\/v2\/pages\/7717\/revisions\/14965"}],"up":[{"embeddable":true,"href":"https:\/\/elfsight.com\/fr\/wp-json\/wp\/v2\/pages\/2137"}],"wp:attachment":[{"href":"https:\/\/elfsight.com\/fr\/wp-json\/wp\/v2\/media?parent=7717"}],"curies":[{"name":"wp","href":"https:\/\/api.w.org\/{rel}","templated":true}]}}