{"id":7715,"date":"2024-05-03T06:26:20","date_gmt":"2024-05-03T06:26:20","guid":{"rendered":"https:\/\/elfsight.com\/fr\/?page_id=7715"},"modified":"2025-07-09T09:30:46","modified_gmt":"2025-07-09T09:30:46","slug":"drupal","status":"publish","type":"page","link":"https:\/\/elfsight.com\/fr\/airbnb-reviews-widget\/drupal\/","title":{"rendered":"Airbnb Reviews &#8211; Drupal"},"content":{"rendered":"<div class=\"application-platform-content-item-description application-platform-content-item\" id=\"description\" data-nav-section=\"description\"> <h2>Description<\/h2> <p>Si vous cherchez un moyen de d\u00e9montrer votre appr\u00e9ciation aupr\u00e8s des utilisateurs et de convaincre les visiteurs du site Web que vos offres sont \u00e7a vaut la peine de d\u00e9penser de l&rsquo;argent, Elfsight Airbnb Reviews fera le travail. Avec l&rsquo;aide de notre widget, vous \u00eates libre d&rsquo;afficher les avis des utilisateurs d&rsquo;Airbnb sur votre site. Incluez des informations sur leurs auteurs, utilisez des filtres pour afficher uniquement les bons, ajoutez des notes et un bouton de redirection, qui attirera les gens sur votre compte Airbnb, afin qu&rsquo;ils puissent publier un nouvel avis. <\/p> <div class=\"faq\" data-component=\"FAQ\"><div class=\"faq-item\">\r\n\t\t\t\t\t<div class=\"faq-item-question\">\r\n\t\t\t\t\t\t<h3 class=\"faq-item-question-text\">O\u00f9 puis-je l'ins\u00e9rer sur mon site Web<\/h3>\r\n\r\n\t\t\t\t\t\t<div class=\"faq-item-question-icon\"><\/div>\r\n\t\t\t\t\t<\/div>\r\n\r\n\t\t\t\t\t<div class=\"faq-item-answer\">\r\n\t\t\t\t\t\t<div class=\"faq-item-answer-text\"> <p>Vous pouvez ajouter le widget dans n&rsquo;importe quelle page du site Web, ou l&rsquo;ajouter au mod\u00e8le, afin qu&rsquo;il apparaisse sur toutes les pages du site Web. pages. Les avis peuvent bien fonctionner sur les pages de produits ou sur la page \u00c0 propos de nous, o\u00f9 vous souhaitez afficher votre appr\u00e9ciation \u00e9lev\u00e9e. <\/p> <\/div>\r\n\t\t\t\t\t<\/div>\r\n\t\t\t\t<\/div><div class=\"faq-item\">\r\n\t\t\t\t\t<div class=\"faq-item-question\">\r\n\t\t\t\t\t\t<h3 class=\"faq-item-question-text\">Comment pourrais-je b\u00e9n\u00e9ficier de ce plugin ?<\/h3>\r\n\r\n\t\t\t\t\t\t<div class=\"faq-item-question-icon\"><\/div>\r\n\t\t\t\t\t<\/div>\r\n\r\n\t\t\t\t\t<div class=\"faq-item-answer\">\r\n\t\t\t\t\t\t<div class=\"faq-item-answer-text\"> <p>Les avis de vraies personnes semblent parfaitement dignes de confiance aux utilisateurs de votre site Web et leur montrent que votre entreprise est fiable. Une note \u00e9lev\u00e9e et de bonnes critiques peuvent aider \u00e0 attirer plus de clients. De plus, le bouton de redirection peut contribuer \u00e0 obtenir davantage d&rsquo;avis li\u00e9s \u00e0 votre logement ou \u00e0 vos services sur Airbnb. <\/p> <\/div>\r\n\t\t\t\t\t<\/div>\r\n\t\t\t\t<\/div> <div class=\"faq-item\">\r\n\t\t\t\t\t<div class=\"faq-item-question\">\r\n\t\t\t\t\t\t<h3 class=\"faq-item-question-text\">Comment ajouter des avis Airbnb sur mon site Web ?<\/h3>\r\n\r\n\t\t\t\t\t\t<div class=\"faq-item-question-icon\"><\/div>\r\n\t\t\t\t\t<\/div>\r\n\r\n\t\t\t\t\t<div class=\"faq-item-answer\">\r\n\t\t\t\t\t\t<div class=\"faq-item-answer-text\"> <p>Vous n&rsquo;aurez besoin que de trois minutes pour le configurer. C&rsquo;est super rapide, gratuit et sans codage. <\/p> <ol><li>Vous pouvez int\u00e9grer les avis Airbnb dans votre site via notre service. Pour le faire, consultez le guide en bas de cette page. <\/li> <li>Le widget peut \u00eatre mis en place via notre service ou sur la marketplace. Vous pouvez comparer plus en d\u00e9tail les deux options et en choisir une plus adapt\u00e9e. <\/li> <\/ol> <\/div>\r\n\t\t\t\t\t<\/div>\r\n\t\t\t\t<\/div> <\/div> <\/div> <div class=\"application-platform-content-item-features application-platform-content-item\" id=\"features\" data-nav-section=\"features\"> <h2>Fonctionnalit\u00e9s<\/h2> <p>Afin de donner une meilleure id\u00e9e du widget, examinez la liste des traits essentiels. Ils rendent le widget plus efficace pour vous\u00a0: <\/p> <ul> <li>Quatre mises en page disponibles\u00a0: Liste, Grille, Ma\u00e7onnerie et Slider\u00a0; <\/li> <li>Le bouton de demande d&rsquo;examen redirige les clients vers la page Airbnb\u00a0; <\/li> <li>Deux variantes de sc\u00e9narios apr\u00e8s rejet d&rsquo;une demande d&rsquo;avis : afficher votre message ou masquer le bouton. <\/li> <\/ul><p><a href=\"#demo\">D\u00e9couvrez une liste compl\u00e8te des fonctionnalit\u00e9s dans la d\u00e9mo en direct<\/a><\/p> <\/div> <div class=\"application-platform-content-item-installation application-platform-content-item\" id=\"installation\" data-nav-section=\"installation\"> <h2>D\u00e9couvrez comment int\u00e9grer les avis Airbnb \u00e0 votre page Drupal<\/h2><div class=\"video-container\"><iframe width=\"720\" height=\"405\" src=\"https:\/\/www.youtube.com\/embed\/mbhB44s3LZs\" frameborder=\"0\" allowfullscreen=\"\"><\/iframe><\/div><p>Suivez simplement les instructions ci-dessous pour int\u00e9grer le module sur Drupal.<\/p> <ol><li> <b>Ex\u00e9cutez notre configurateur gratuit et commencez \u00e0 cr\u00e9er votre propre widget. <\/b><br> Choisissez la mise en page et les aspects pr\u00e9f\u00e9r\u00e9s du Drupal et enregistrez les modifications. <\/li> <li><b>Obtenez le code unique expos\u00e9 dans la fen\u00eatre des applications Elfsight. <\/b><br> Juste apr\u00e8s la configuration de votre Drupal Airbnb Reviews personnelle, copiez le code personnel dans la fen\u00eatre contextuelle qui appara\u00eet et enregistrez-le pour une occasion ult\u00e9rieure. <\/li> <li><b>Commencez l&rsquo;utilisation du module sur le site Drupal. <\/b><br> Saisissez le code enregistr\u00e9 r\u00e9cemment dans votre site Web et enregistrez les modifications. <\/li> <li><b>L&rsquo;installation est enti\u00e8rement termin\u00e9e. <\/b><br> Visitez votre page pour d\u00e9couvrir les performances de l&rsquo;outil. <\/li><\/ol><p>Vous avez encore des doutes sur quelque chose\u00a0? Ou vous avez des probl\u00e8mes ? Adressez simplement une demande \u00e0 notre service client. Ils r\u00e9soudront tous les probl\u00e8mes. <\/p> <\/div>","protected":false},"excerpt":{"rendered":"","protected":false},"author":9,"featured_media":0,"parent":2137,"menu_order":0,"comment_status":"closed","ping_status":"closed","template":"templates\/template-application-platform.php","meta":{"publish_to_discourse":"","publish_post_category":"","wpdc_auto_publish_overridden":"","wpdc_topic_tags":"","wpdc_pin_topic":"","wpdc_pin_until":"","discourse_post_id":"","discourse_permalink":"","wpdc_publishing_response":"","wpdc_publishing_error":"","footnotes":""},"class_list":["post-7715","page","type-page","status-publish","hentry"],"yoast_head":"<!-- This site is optimized with the Yoast SEO plugin v25.3.1 - https:\/\/yoast.com\/wordpress\/plugins\/seo\/ -->\n<title>Int\u00e9grez les avis Airbnb sur votre site Drupal (en 2 minutes)<\/title>\n<meta name=\"description\" content=\"Voici une opportunit\u00e9 de concevoir un widget Airbnb Reviews et de l&#039;int\u00e9grer dans votre site Drupal. Profitez du service client gratuit et d\u2019autres avantages d\u2019Elfsight.\" \/>\n<meta name=\"robots\" content=\"index, follow, max-snippet:-1, max-image-preview:large, max-video-preview:-1\" \/>\n<link rel=\"canonical\" href=\"https:\/\/elfsight.com\/fr\/airbnb-reviews-widget\/drupal\/\" \/>\n<meta property=\"og:locale\" content=\"fr_FR\" \/>\n<meta property=\"og:type\" content=\"article\" \/>\n<meta property=\"og:title\" content=\"Int\u00e9grez les avis Airbnb sur votre site Drupal (en 2 minutes)\" \/>\n<meta property=\"og:description\" content=\"Voici une opportunit\u00e9 de concevoir un widget Airbnb Reviews et de l&#039;int\u00e9grer dans votre site Drupal. Profitez du service client gratuit et d\u2019autres avantages d\u2019Elfsight.\" \/>\n<meta property=\"og:url\" content=\"https:\/\/elfsight.com\/fr\/airbnb-reviews-widget\/drupal\/\" \/>\n<meta property=\"og:site_name\" content=\"Elfsight FR\" \/>\n<meta property=\"article:modified_time\" content=\"2025-07-09T09:30:46+00:00\" \/>\n<meta name=\"twitter:card\" content=\"summary_large_image\" \/>\n<meta name=\"twitter:label1\" content=\"Dur\u00e9e de lecture estim\u00e9e\" \/>\n\t<meta name=\"twitter:data1\" content=\"3 minutes\" \/>\n<!-- \/ Yoast SEO plugin. -->","yoast_head_json":{"title":"Int\u00e9grez les avis Airbnb sur votre site Drupal (en 2 minutes)","description":"Voici une opportunit\u00e9 de concevoir un widget Airbnb Reviews et de l'int\u00e9grer dans votre site Drupal. Profitez du service client gratuit et d\u2019autres avantages d\u2019Elfsight.","robots":{"index":"index","follow":"follow","max-snippet":"max-snippet:-1","max-image-preview":"max-image-preview:large","max-video-preview":"max-video-preview:-1"},"canonical":"https:\/\/elfsight.com\/fr\/airbnb-reviews-widget\/drupal\/","og_locale":"fr_FR","og_type":"article","og_title":"Int\u00e9grez les avis Airbnb sur votre site Drupal (en 2 minutes)","og_description":"Voici une opportunit\u00e9 de concevoir un widget Airbnb Reviews et de l'int\u00e9grer dans votre site Drupal. Profitez du service client gratuit et d\u2019autres avantages d\u2019Elfsight.","og_url":"https:\/\/elfsight.com\/fr\/airbnb-reviews-widget\/drupal\/","og_site_name":"Elfsight FR","article_modified_time":"2025-07-09T09:30:46+00:00","twitter_card":"summary_large_image","twitter_misc":{"Dur\u00e9e de lecture estim\u00e9e":"3 minutes"},"schema":{"@context":"https:\/\/schema.org","@graph":[{"@type":"WebPage","@id":"https:\/\/elfsight.com\/fr\/airbnb-reviews-widget\/drupal\/","url":"https:\/\/elfsight.com\/fr\/airbnb-reviews-widget\/drupal\/","name":"Int\u00e9grez les avis Airbnb sur votre site Drupal (en 2 minutes)","isPartOf":{"@id":"https:\/\/elfsight.com\/fr\/#website"},"datePublished":"2024-05-03T06:26:20+00:00","dateModified":"2025-07-09T09:30:46+00:00","description":"Voici une opportunit\u00e9 de concevoir un widget Airbnb Reviews et de l'int\u00e9grer dans votre site Drupal. Profitez du service client gratuit et d\u2019autres avantages d\u2019Elfsight.","breadcrumb":{"@id":"https:\/\/elfsight.com\/fr\/airbnb-reviews-widget\/drupal\/#breadcrumb"},"inLanguage":"fr-FR","potentialAction":[{"@type":"ReadAction","target":["https:\/\/elfsight.com\/fr\/airbnb-reviews-widget\/drupal\/"]}]},{"@type":"BreadcrumbList","@id":"https:\/\/elfsight.com\/fr\/airbnb-reviews-widget\/drupal\/#breadcrumb","itemListElement":[{"@type":"ListItem","position":1,"name":"Home","item":"https:\/\/elfsight.com\/fr\/"},{"@type":"ListItem","position":2,"name":"Airbnb Reviews","item":"https:\/\/elfsight.com\/fr\/airbnb-reviews-widget\/"},{"@type":"ListItem","position":3,"name":"Airbnb Reviews &#8211; Drupal"}]},{"@type":"WebSite","@id":"https:\/\/elfsight.com\/fr\/#website","url":"https:\/\/elfsight.com\/fr\/","name":"Elfsight FR","description":"","potentialAction":[{"@type":"SearchAction","target":{"@type":"EntryPoint","urlTemplate":"https:\/\/elfsight.com\/fr\/?s={search_term_string}"},"query-input":{"@type":"PropertyValueSpecification","valueRequired":true,"valueName":"search_term_string"}}],"inLanguage":"fr-FR"}]}},"meta_box":{"industry":"","seo_heading":"","heading":"","description":"","cta_heading":"","cta_description":"","application":"2129","h1":"Avis sur Drupal Airbnb","h1_caption":"Affichez les avis de votre annonce Airbnb pour attirer sans effort plus de clients avec de v\u00e9ritables commentaires sur votre site Web Drupal.","application_category":[],"applications_title":"","applications_request_title":"","applications_request_button_text":"","hero_text":"","hero_video":"","hero_video_schema_markup":"","selling_points_title":"","selling_points_caption":"","selling_points":[],"selling_points_cta_text":"","features_title":"","features":"","ed_cta_examples_text":"","ed_cta_examples_hidden":"","ed_cta_demo_text":"","ed_cta_demo_hidden":"","why_caption":"","why_editor_title":"","why_editor_text":"","why_team_title":"","why_team_text":"","why_service_title":"","why_service_text":"","template_catalog_visible":"","template_catalog_title":"","template_catalog_text":"","template_catalog_categories_visible":"","demo_title":"Cr\u00e9ez votre module Avis Airbnb","demo_caption":"Configurez vos avis Airbnb et ajoutez-les gratuitement \u00e0 votre site Drupal !","default_faq_hidden":"","app_template_category":[],"platform":"351","template_public_id":"","codecanyon_url":"","codecanyon_item_id":"","codecanyon_price":"","pricing_caption":"","pricing_elfsight_apps_hide_column":"","pricing_elfsight_apps_url":"","pricing_codecanyon_price_caption":"","integration_category":[],"integration_request_title":"","integration_request_cta":"","integration_platform":"","integrations":[],"platform_category":[],"video_schema_markup":"","price":"\u00e0 partir de 0$ \/ mois","trial":"","benefits":[{"text":"Service d'installation gratuit"},{"text":"Support client exp\u00e9riment\u00e9"},{"text":"Garantie de remboursement de 14 jours"},{"text":"Mises \u00e0 jour continues"}],"button_url":"#demo","button_target_blank":"","button_nofollow":"","attributes":[{"name":"Installations","content":"10,000 - 100,000"},{"name":"Sensible","content":"Oui"},{"name":"Navigateurs compatibles","content":"Firefox, Safari, Opera, Chrome, Edge"}],"tags":[],"tags_disable_links":"","hide_more_platforms":"","video_object":"","demo_hide_cta":"","demo_hide_cloud_options":"","pricing_title":"","pricing":[{"pricing_icon":"platform","pricing_title":"Elfsight Apps","pricing_title_caption":"Version multiplateforme qui fonctionne sur n'importe quel site Web","pricing_price":"from $0 \/ month","pricing_price_caption":"commencez avec un forfait gratuit","pricing_benefits":[{"text":"Sites Web illimit\u00e9s"},{"text":"Assistance gratuite"},{"text":"Aide \u00e0 l'installation gratuite"},{"text":"Offre sp\u00e9ciale pour plusieurs applications"}],"pricing_button_text":"Ajouter au site Web","pricing_button_url":"#demo"}],"related_apps_title":"","related_apps_hidden":"","author":"","image":[],"title":"","job":"","social_networks":[]},"_links":{"self":[{"href":"https:\/\/elfsight.com\/fr\/wp-json\/wp\/v2\/pages\/7715","targetHints":{"allow":["GET"]}}],"collection":[{"href":"https:\/\/elfsight.com\/fr\/wp-json\/wp\/v2\/pages"}],"about":[{"href":"https:\/\/elfsight.com\/fr\/wp-json\/wp\/v2\/types\/page"}],"author":[{"embeddable":true,"href":"https:\/\/elfsight.com\/fr\/wp-json\/wp\/v2\/users\/9"}],"replies":[{"embeddable":true,"href":"https:\/\/elfsight.com\/fr\/wp-json\/wp\/v2\/comments?post=7715"}],"version-history":[{"count":2,"href":"https:\/\/elfsight.com\/fr\/wp-json\/wp\/v2\/pages\/7715\/revisions"}],"predecessor-version":[{"id":14969,"href":"https:\/\/elfsight.com\/fr\/wp-json\/wp\/v2\/pages\/7715\/revisions\/14969"}],"up":[{"embeddable":true,"href":"https:\/\/elfsight.com\/fr\/wp-json\/wp\/v2\/pages\/2137"}],"wp:attachment":[{"href":"https:\/\/elfsight.com\/fr\/wp-json\/wp\/v2\/media?parent=7715"}],"curies":[{"name":"wp","href":"https:\/\/api.w.org\/{rel}","templated":true}]}}